{"id":24131,"date":"2026-02-08T09:23:23","date_gmt":"2026-02-08T09:23:23","guid":{"rendered":"https:\/\/www.ghostysky.com\/?post_type=product&#038;p=24131"},"modified":"2026-02-08T09:29:20","modified_gmt":"2026-02-08T09:29:20","slug":"gdu-s200-loudspeaker","status":"publish","type":"product","link":"https:\/\/www.ghostysky.com\/es\/product\/gdu-s200-loudspeaker\/","title":{"rendered":"Altavoz GDU S200"},"content":{"rendered":"<h3 data-path-to-node=\"2\">Caracter\u00edsticas y capacidades clave<\/h3>\n<ul data-path-to-node=\"3\">\n<li>\n<p data-path-to-node=\"3,0,0\"><b data-path-to-node=\"3,0,0\" data-index-in-node=\"0\">Modos de audio vers\u00e1tiles:<\/b><span class=\"citation-214\"> Soportes <\/span><b data-path-to-node=\"3,0,0\" data-index-in-node=\"32\"><span class=\"citation-214\">voz en tiempo real<\/span><\/b><span class=\"citation-214\"> transmisi\u00f3n, reproducci\u00f3n de audio pregrabado y <\/span><b data-path-to-node=\"3,0,0\" data-index-in-node=\"95\"><span class=\"citation-214\">Texto a voz (TTS)<\/span><\/b><span class=\"citation-214 citation-end-214\"> funcionalidad.<\/span><\/p>\n<\/li>\n<li>\n<p data-path-to-node=\"3,1,0\"><b data-path-to-node=\"3,1,0\" data-index-in-node=\"0\">Se\u00f1alizaci\u00f3n de alta intensidad:<\/b><span class=\"citation-213\"> Incluye un sistema integrado <\/span><b data-path-to-node=\"3,1,0\" data-index-in-node=\"49\"><span class=\"citation-213\">luz intermitente de polic\u00eda<\/span><\/b><span class=\"citation-213 citation-end-213\"> Sistema con modos de color rojo, azul o dual para proporcionar alertas visuales junto con instrucciones de audio.<\/span><\/p>\n<\/li>\n<li>\n<p data-path-to-node=\"3,2,0\"><b data-path-to-node=\"3,2,0\" data-index-in-node=\"0\"><span class=\"citation-212\">Integraci\u00f3n perfecta:<\/span><\/b><span class=\"citation-212\"> Utiliza el <\/span><b data-path-to-node=\"3,2,0\" data-index-in-node=\"35\"><span class=\"citation-212\">PSDK (Kit de desarrollo de software de carga \u00fatil)<\/span><\/b><span class=\"citation-212 citation-end-212\"> enlace de comunicaci\u00f3n, que permite a los operadores controlar todas las funciones directamente a trav\u00e9s de la interfaz de la aplicaci\u00f3n nativa del dron.<\/span><\/p>\n<\/li>\n<li>\n<p data-path-to-node=\"3,3,0\"><b data-path-to-node=\"3,3,0\" data-index-in-node=\"0\"><span class=\"citation-211\">Dise\u00f1o compacto y sin herramientas:<\/span><\/b><span class=\"citation-211 citation-end-211\"> Cuenta con un sistema de montaje con tornillo manual para una r\u00e1pida instalaci\u00f3n en el campo y una construcci\u00f3n liviana que minimiza el impacto en el tiempo de vuelo del dron.<\/span><\/p>\n<p>&nbsp;<\/li>\n<\/ul>\n<h3 data-path-to-node=\"5\">Especificaciones t\u00e9cnicas<\/h3>\n<table data-path-to-node=\"6\">\n<thead>\n<tr>\n<td><strong>Caracter\u00edstica<\/strong><\/td>\n<td><strong>Detalles<\/strong><\/td>\n<\/tr>\n<\/thead>\n<tbody>\n<tr>\n<td><span data-path-to-node=\"6,1,0,0\"><b data-path-to-node=\"6,1,0,0\" data-index-in-node=\"0\">Presi\u00f3n sonora m\u00e1xima<\/b><\/span><\/td>\n<td><span data-path-to-node=\"6,1,1,0\"><span class=\"math-inline\" data-math=\"\\ge 110 \\text{ dB at } 1 \\text{ m}\" data-index-in-node=\"0\">&gt;=110 dB a 1 m<\/span><\/span><\/td>\n<\/tr>\n<tr>\n<td><span data-path-to-node=\"6,2,0,0\"><b data-path-to-node=\"6,2,0,0\" data-index-in-node=\"0\">Alcance efectivo<\/b><\/span><\/td>\n<td><span data-path-to-node=\"6,2,1,0\">Arriba a <b data-path-to-node=\"6,2,1,0\" data-index-in-node=\"6\">350 metros<\/b> (aprox. 1.148 pies)<\/span><\/td>\n<\/tr>\n<tr>\n<td><span data-path-to-node=\"6,3,0,0\"><b data-path-to-node=\"6,3,0,0\" data-index-in-node=\"0\">Peso<\/b><\/span><\/td>\n<td><span data-path-to-node=\"6,3,1,0\">~<b data-path-to-node=\"6,3,1,0\" data-index-in-node=\"1\">105 gramos<\/b> (3,7 onzas)<\/span><\/td>\n<\/tr>\n<tr>\n<td><span data-path-to-node=\"6,4,0,0\"><b data-path-to-node=\"6,4,0,0\" data-index-in-node=\"0\">Formatos de audio<\/b><\/span><\/td>\n<td><span data-path-to-node=\"6,4,1,0\">MP3, WAV, FLAC, AAC<\/span><\/td>\n<\/tr>\n<tr>\n<td><span data-path-to-node=\"6,5,0,0\"><b data-path-to-node=\"6,5,0,0\" data-index-in-node=\"0\">Temperatura de funcionamiento<\/b><\/span><\/td>\n<td><span data-path-to-node=\"6,5,1,0\"><span class=\"math-inline\" data-math=\"-10^\\circ\\text{C}\" data-index-in-node=\"0\">-10\u00baC<\/span> a +<span class=\"math-inline\" data-math=\"+40^\\circ\\text{C}\" data-index-in-node=\"21\">40\u00baC<\/span>\u00a0(<span class=\"math-inline\" data-math=\"14^\\circ\\text{F}\" data-index-in-node=\"40\">14\u00baF<\/span> a <span class=\"math-inline\" data-math=\"104^\\circ\\text{F}\" data-index-in-node=\"60\">104\u00baF<\/span>)<\/span><\/td>\n<\/tr>\n<tr>\n<td><span data-path-to-node=\"6,6,0,0\"><b data-path-to-node=\"6,6,0,0\" data-index-in-node=\"0\">Tipo de montaje<\/b><\/span><\/td>\n<td><span data-path-to-node=\"6,6,1,0\">Tornillo manual de liberaci\u00f3n r\u00e1pida<\/span><\/td>\n<\/tr>\n<\/tbody>\n<\/table>\n<p>&nbsp;<\/p>\n<h3 data-path-to-node=\"8\">Casos de uso ideales<\/h3>\n<ul data-path-to-node=\"9\">\n<li>\n<p data-path-to-node=\"9,0,0\"><b data-path-to-node=\"9,0,0\" data-index-in-node=\"0\"><span class=\"citation-210\">Seguridad p\u00fablica:<\/span><\/b><span class=\"citation-210 citation-end-210\"> Control de multitudes, emisi\u00f3n de \u00f3rdenes de evacuaci\u00f3n o direcci\u00f3n del tr\u00e1fico durante grandes eventos.<\/span><\/p>\n<\/li>\n<li>\n<p data-path-to-node=\"9,1,0\"><b data-path-to-node=\"9,1,0\" data-index-in-node=\"0\">B\u00fasqueda y rescate:<\/b> Comunicarse con personas perdidas en \u00e1reas remotas donde el acceso terrestre es limitado.<\/p>\n<\/li>\n<li>\n<p data-path-to-node=\"9,2,0\"><b data-path-to-node=\"9,2,0\" data-index-in-node=\"0\">Inspecci\u00f3n Industrial:<\/b> Emitir advertencias de seguridad al personal en zonas de alto riesgo (por ejemplo, l\u00edneas el\u00e9ctricas o sitios de construcci\u00f3n).<\/p>\n<\/li>\n<li>\n<p data-path-to-node=\"9,3,0\"><b data-path-to-node=\"9,3,0\" data-index-in-node=\"0\"><span class=\"citation-209\">Respuesta de emergencia:<\/span><\/b><span class=\"citation-209 citation-end-209\"> Proporcionar instrucciones en tiempo real a los sobrevivientes durante desastres naturales.<\/span><\/p>\n<\/li>\n<\/ul>","protected":false},"excerpt":{"rendered":"<p><span class=\"citation-216\">El <\/span><b data-path-to-node=\"0\" data-index-in-node=\"4\"><span class=\"citation-216\">Altavoz GDU S200<\/span><\/b><span class=\"citation-216\"> (a menudo denominado por el n\u00famero de modelo) <\/span><b data-path-to-node=\"0\" data-index-in-node=\"64\"><span class=\"citation-216\">MP120V<\/span><\/b><span class=\"citation-216 citation-end-216\">) es una carga \u00fatil de transmisi\u00f3n de audio especializada y liviana, dise\u00f1ada espec\u00edficamente para los drones industriales de las series GDU S200 y S220.<\/span> <span class=\"citation-215 citation-end-215\">Est\u00e1 dise\u00f1ado para seguridad p\u00fablica, b\u00fasqueda y rescate (SAR) y misiones de respuesta a emergencias donde la comunicaci\u00f3n a\u00e9rea clara es fundamental.<\/span><\/p>","protected":false},"featured_media":24132,"comment_status":"open","ping_status":"closed","template":"","meta":[],"product_brand":[1369],"product_cat":[29,1379,1360,1359],"product_tag":[1370,1380,1371],"class_list":{"0":"post-24131","1":"product","2":"type-product","3":"status-publish","4":"has-post-thumbnail","6":"product_brand-gdu-tech","7":"product_cat-drones","8":"product_cat-gdu-s200-payloads","9":"product_cat-gdu-s200-series","10":"product_cat-gdu-tech","11":"product_tag-gdu-s200-series","12":"product_tag-gdu-s400-payloads","13":"product_tag-gdu-tech","15":"first","16":"outofstock","17":"taxable","18":"shipping-taxable","19":"purchasable","20":"product-type-simple"},"yoast_head":"<!-- This site is optimized with the Yoast SEO plugin v27.4 - https:\/\/yoast.com\/product\/yoast-seo-wordpress\/ -->\n<title>GDU S200 Loudspeaker - Ghostysky<\/title>\n<meta name=\"description\" content=\"The GDU S200 Loudspeaker (often referred to by the model number MP120V) is a specialized, lightweight audio broadcasting payload designed specifically for the GDU S200 and S220 series industrial drones. It is engineered for public safety, search and rescue (SAR), and emergency response missions where clear aerial communication is critical.\" \/>\n<meta name=\"robots\" content=\"index, follow, max-snippet:-1, max-image-preview:large, max-video-preview:-1\" \/>\n<link rel=\"canonical\" href=\"https:\/\/www.ghostysky.com\/es\/producto-2\/gdu-s200-loudspeaker\/\" \/>\n<meta property=\"og:locale\" content=\"es_ES\" \/>\n<meta property=\"og:type\" content=\"article\" \/>\n<meta property=\"og:title\" content=\"GDU S200 Loudspeaker - Ghostysky\" \/>\n<meta property=\"og:description\" content=\"The GDU S200 Loudspeaker (often referred to by the model number MP120V) is a specialized, lightweight audio broadcasting payload designed specifically for the GDU S200 and S220 series industrial drones. It is engineered for public safety, search and rescue (SAR), and emergency response missions where clear aerial communication is critical.\" \/>\n<meta property=\"og:url\" content=\"https:\/\/www.ghostysky.com\/es\/producto-2\/gdu-s200-loudspeaker\/\" \/>\n<meta property=\"og:site_name\" content=\"Ghostysky\" \/>\n<meta property=\"article:publisher\" content=\"https:\/\/www.facebook.com\/people\/Ghostysky\/100057676170234\/\" \/>\n<meta property=\"article:modified_time\" content=\"2026-02-08T09:29:20+00:00\" \/>\n<meta property=\"og:image\" content=\"https:\/\/www.ghostysky.com\/wp-content\/uploads\/2026\/02\/GH_GDU-S200-Loudspeaker_1.webp\" \/>\n\t<meta property=\"og:image:width\" content=\"600\" \/>\n\t<meta property=\"og:image:height\" content=\"600\" \/>\n\t<meta property=\"og:image:type\" content=\"image\/webp\" \/>\n<meta name=\"twitter:card\" content=\"summary_large_image\" \/>\n<meta name=\"twitter:site\" content=\"@Gh0stysky\" \/>\n<meta name=\"twitter:label1\" content=\"Tiempo de lectura\" \/>\n\t<meta name=\"twitter:data1\" content=\"2 minutos\" \/>\n<script type=\"application\/ld+json\" class=\"yoast-schema-graph\">{\"@context\":\"https:\\\/\\\/schema.org\",\"@graph\":[{\"@type\":\"WebPage\",\"@id\":\"https:\\\/\\\/www.ghostysky.com\\\/product\\\/gdu-s200-loudspeaker\\\/\",\"url\":\"https:\\\/\\\/www.ghostysky.com\\\/product\\\/gdu-s200-loudspeaker\\\/\",\"name\":\"GDU S200 Loudspeaker - Ghostysky\",\"isPartOf\":{\"@id\":\"https:\\\/\\\/www.ghostysky.com\\\/#website\"},\"primaryImageOfPage\":{\"@id\":\"https:\\\/\\\/www.ghostysky.com\\\/product\\\/gdu-s200-loudspeaker\\\/#primaryimage\"},\"image\":{\"@id\":\"https:\\\/\\\/www.ghostysky.com\\\/product\\\/gdu-s200-loudspeaker\\\/#primaryimage\"},\"thumbnailUrl\":\"https:\\\/\\\/www.ghostysky.com\\\/wp-content\\\/uploads\\\/2026\\\/02\\\/GH_GDU-S200-Loudspeaker_1.webp\",\"datePublished\":\"2026-02-08T09:23:23+00:00\",\"dateModified\":\"2026-02-08T09:29:20+00:00\",\"description\":\"The GDU S200 Loudspeaker (often referred to by the model number MP120V) is a specialized, lightweight audio broadcasting payload designed specifically for the GDU S200 and S220 series industrial drones. It is engineered for public safety, search and rescue (SAR), and emergency response missions where clear aerial communication is critical.\",\"breadcrumb\":{\"@id\":\"https:\\\/\\\/www.ghostysky.com\\\/product\\\/gdu-s200-loudspeaker\\\/#breadcrumb\"},\"inLanguage\":\"es\",\"potentialAction\":[{\"@type\":\"ReadAction\",\"target\":[\"https:\\\/\\\/www.ghostysky.com\\\/product\\\/gdu-s200-loudspeaker\\\/\"]}]},{\"@type\":\"ImageObject\",\"inLanguage\":\"es\",\"@id\":\"https:\\\/\\\/www.ghostysky.com\\\/product\\\/gdu-s200-loudspeaker\\\/#primaryimage\",\"url\":\"https:\\\/\\\/www.ghostysky.com\\\/wp-content\\\/uploads\\\/2026\\\/02\\\/GH_GDU-S200-Loudspeaker_1.webp\",\"contentUrl\":\"https:\\\/\\\/www.ghostysky.com\\\/wp-content\\\/uploads\\\/2026\\\/02\\\/GH_GDU-S200-Loudspeaker_1.webp\",\"width\":600,\"height\":600},{\"@type\":\"BreadcrumbList\",\"@id\":\"https:\\\/\\\/www.ghostysky.com\\\/product\\\/gdu-s200-loudspeaker\\\/#breadcrumb\",\"itemListElement\":[{\"@type\":\"ListItem\",\"position\":1,\"name\":\"Home\",\"item\":\"https:\\\/\\\/www.ghostysky.com\\\/\"},{\"@type\":\"ListItem\",\"position\":2,\"name\":\"Shop\",\"item\":\"https:\\\/\\\/www.ghostysky.com\\\/shop\\\/\"},{\"@type\":\"ListItem\",\"position\":3,\"name\":\"GDU S200 Loudspeaker\"}]},{\"@type\":\"WebSite\",\"@id\":\"https:\\\/\\\/www.ghostysky.com\\\/#website\",\"url\":\"https:\\\/\\\/www.ghostysky.com\\\/\",\"name\":\"Ghostysky\",\"description\":\"Delivering professional drones and services\",\"publisher\":{\"@id\":\"https:\\\/\\\/www.ghostysky.com\\\/#organization\"},\"potentialAction\":[{\"@type\":\"SearchAction\",\"target\":{\"@type\":\"EntryPoint\",\"urlTemplate\":\"https:\\\/\\\/www.ghostysky.com\\\/?s={search_term_string}\"},\"query-input\":{\"@type\":\"PropertyValueSpecification\",\"valueRequired\":true,\"valueName\":\"search_term_string\"}}],\"inLanguage\":\"es\"},{\"@type\":\"Organization\",\"@id\":\"https:\\\/\\\/www.ghostysky.com\\\/#organization\",\"name\":\"Ghostysky\",\"url\":\"https:\\\/\\\/www.ghostysky.com\\\/\",\"logo\":{\"@type\":\"ImageObject\",\"inLanguage\":\"es\",\"@id\":\"https:\\\/\\\/www.ghostysky.com\\\/#\\\/schema\\\/logo\\\/image\\\/\",\"url\":\"https:\\\/\\\/www.ghostysky.com\\\/wp-content\\\/uploads\\\/2020\\\/06\\\/cropped-ghostyskylogo_text_white2.png\",\"contentUrl\":\"https:\\\/\\\/www.ghostysky.com\\\/wp-content\\\/uploads\\\/2020\\\/06\\\/cropped-ghostyskylogo_text_white2.png\",\"width\":169,\"height\":56,\"caption\":\"Ghostysky\"},\"image\":{\"@id\":\"https:\\\/\\\/www.ghostysky.com\\\/#\\\/schema\\\/logo\\\/image\\\/\"},\"sameAs\":[\"https:\\\/\\\/www.facebook.com\\\/people\\\/Ghostysky\\\/100057676170234\\\/\",\"https:\\\/\\\/x.com\\\/Gh0stysky\",\"https:\\\/\\\/www.linkedin.com\\\/company\\\/34739653\",\"https:\\\/\\\/www.instagram.com\\\/gh0stysky\"]}]}<\/script>\n<!-- \/ Yoast SEO plugin. -->","yoast_head_json":{"title":"Altavoz GDU S200 - Ghostysky","description":"El altavoz GDU S200 (com\u00fanmente conocido por su n\u00famero de modelo MP120V) es una carga \u00fatil de transmisi\u00f3n de audio especializada y ligera, dise\u00f1ada espec\u00edficamente para los drones industriales de las series GDU S200 y S220. Est\u00e1 dise\u00f1ado para misiones de seguridad p\u00fablica, b\u00fasqueda y rescate (SAR) y respuesta a emergencias donde la comunicaci\u00f3n a\u00e9rea clara es crucial.","robots":{"index":"index","follow":"follow","max-snippet":"max-snippet:-1","max-image-preview":"max-image-preview:large","max-video-preview":"max-video-preview:-1"},"canonical":"https:\/\/www.ghostysky.com\/es\/producto-2\/gdu-s200-loudspeaker\/","og_locale":"es_ES","og_type":"article","og_title":"GDU S200 Loudspeaker - Ghostysky","og_description":"The GDU S200 Loudspeaker (often referred to by the model number MP120V) is a specialized, lightweight audio broadcasting payload designed specifically for the GDU S200 and S220 series industrial drones. It is engineered for public safety, search and rescue (SAR), and emergency response missions where clear aerial communication is critical.","og_url":"https:\/\/www.ghostysky.com\/es\/producto-2\/gdu-s200-loudspeaker\/","og_site_name":"Ghostysky","article_publisher":"https:\/\/www.facebook.com\/people\/Ghostysky\/100057676170234\/","article_modified_time":"2026-02-08T09:29:20+00:00","og_image":[{"width":600,"height":600,"url":"https:\/\/www.ghostysky.com\/wp-content\/uploads\/2026\/02\/GH_GDU-S200-Loudspeaker_1.webp","type":"image\/webp"}],"twitter_card":"summary_large_image","twitter_site":"@Gh0stysky","twitter_misc":{"Tiempo de lectura":"2 minutos"},"schema":{"@context":"https:\/\/schema.org","@graph":[{"@type":"WebPage","@id":"https:\/\/www.ghostysky.com\/product\/gdu-s200-loudspeaker\/","url":"https:\/\/www.ghostysky.com\/product\/gdu-s200-loudspeaker\/","name":"Altavoz GDU S200 - Ghostysky","isPartOf":{"@id":"https:\/\/www.ghostysky.com\/#website"},"primaryImageOfPage":{"@id":"https:\/\/www.ghostysky.com\/product\/gdu-s200-loudspeaker\/#primaryimage"},"image":{"@id":"https:\/\/www.ghostysky.com\/product\/gdu-s200-loudspeaker\/#primaryimage"},"thumbnailUrl":"https:\/\/www.ghostysky.com\/wp-content\/uploads\/2026\/02\/GH_GDU-S200-Loudspeaker_1.webp","datePublished":"2026-02-08T09:23:23+00:00","dateModified":"2026-02-08T09:29:20+00:00","description":"El altavoz GDU S200 (com\u00fanmente conocido por su n\u00famero de modelo MP120V) es una carga \u00fatil de transmisi\u00f3n de audio especializada y ligera, dise\u00f1ada espec\u00edficamente para los drones industriales de las series GDU S200 y S220. Est\u00e1 dise\u00f1ado para misiones de seguridad p\u00fablica, b\u00fasqueda y rescate (SAR) y respuesta a emergencias donde la comunicaci\u00f3n a\u00e9rea clara es crucial.","breadcrumb":{"@id":"https:\/\/www.ghostysky.com\/product\/gdu-s200-loudspeaker\/#breadcrumb"},"inLanguage":"es","potentialAction":[{"@type":"ReadAction","target":["https:\/\/www.ghostysky.com\/product\/gdu-s200-loudspeaker\/"]}]},{"@type":"ImageObject","inLanguage":"es","@id":"https:\/\/www.ghostysky.com\/product\/gdu-s200-loudspeaker\/#primaryimage","url":"https:\/\/www.ghostysky.com\/wp-content\/uploads\/2026\/02\/GH_GDU-S200-Loudspeaker_1.webp","contentUrl":"https:\/\/www.ghostysky.com\/wp-content\/uploads\/2026\/02\/GH_GDU-S200-Loudspeaker_1.webp","width":600,"height":600},{"@type":"BreadcrumbList","@id":"https:\/\/www.ghostysky.com\/product\/gdu-s200-loudspeaker\/#breadcrumb","itemListElement":[{"@type":"ListItem","position":1,"name":"Home","item":"https:\/\/www.ghostysky.com\/"},{"@type":"ListItem","position":2,"name":"Shop","item":"https:\/\/www.ghostysky.com\/shop\/"},{"@type":"ListItem","position":3,"name":"GDU S200 Loudspeaker"}]},{"@type":"WebSite","@id":"https:\/\/www.ghostysky.com\/#website","url":"https:\/\/www.ghostysky.com\/","name":"Ghostysky","description":"Entrega de drones y servicios profesionales","publisher":{"@id":"https:\/\/www.ghostysky.com\/#organization"},"potentialAction":[{"@type":"SearchAction","target":{"@type":"EntryPoint","urlTemplate":"https:\/\/www.ghostysky.com\/?s={search_term_string}"},"query-input":{"@type":"PropertyValueSpecification","valueRequired":true,"valueName":"search_term_string"}}],"inLanguage":"es"},{"@type":"Organization","@id":"https:\/\/www.ghostysky.com\/#organization","name":"Ghostysky","url":"https:\/\/www.ghostysky.com\/","logo":{"@type":"ImageObject","inLanguage":"es","@id":"https:\/\/www.ghostysky.com\/#\/schema\/logo\/image\/","url":"https:\/\/www.ghostysky.com\/wp-content\/uploads\/2020\/06\/cropped-ghostyskylogo_text_white2.png","contentUrl":"https:\/\/www.ghostysky.com\/wp-content\/uploads\/2020\/06\/cropped-ghostyskylogo_text_white2.png","width":169,"height":56,"caption":"Ghostysky"},"image":{"@id":"https:\/\/www.ghostysky.com\/#\/schema\/logo\/image\/"},"sameAs":["https:\/\/www.facebook.com\/people\/Ghostysky\/100057676170234\/","https:\/\/x.com\/Gh0stysky","https:\/\/www.linkedin.com\/company\/34739653","https:\/\/www.instagram.com\/gh0stysky"]}]}},"_links":{"self":[{"href":"https:\/\/www.ghostysky.com\/es\/wp-json\/wp\/v2\/product\/24131","targetHints":{"allow":["GET"]}}],"collection":[{"href":"https:\/\/www.ghostysky.com\/es\/wp-json\/wp\/v2\/product"}],"about":[{"href":"https:\/\/www.ghostysky.com\/es\/wp-json\/wp\/v2\/types\/product"}],"replies":[{"embeddable":true,"href":"https:\/\/www.ghostysky.com\/es\/wp-json\/wp\/v2\/comments?post=24131"}],"wp:featuredmedia":[{"embeddable":true,"href":"https:\/\/www.ghostysky.com\/es\/wp-json\/wp\/v2\/media\/24132"}],"wp:attachment":[{"href":"https:\/\/www.ghostysky.com\/es\/wp-json\/wp\/v2\/media?parent=24131"}],"wp:term":[{"taxonomy":"product_brand","embeddable":true,"href":"https:\/\/www.ghostysky.com\/es\/wp-json\/wp\/v2\/product_brand?post=24131"},{"taxonomy":"product_cat","embeddable":true,"href":"https:\/\/www.ghostysky.com\/es\/wp-json\/wp\/v2\/product_cat?post=24131"},{"taxonomy":"product_tag","embeddable":true,"href":"https:\/\/www.ghostysky.com\/es\/wp-json\/wp\/v2\/product_tag?post=24131"}],"curies":[{"name":"wp","href":"https:\/\/api.w.org\/{rel}","templated":true}]}}