{"id":24145,"date":"2026-02-08T10:11:02","date_gmt":"2026-02-08T10:11:02","guid":{"rendered":"https:\/\/www.ghostysky.com\/?post_type=product&#038;p=24145"},"modified":"2026-02-08T10:20:59","modified_gmt":"2026-02-08T10:20:59","slug":"gdu-pdl-1k-dual-sensor-camera","status":"publish","type":"product","link":"https:\/\/www.ghostysky.com\/es\/product\/gdu-pdl-1k-dual-sensor-camera\/","title":{"rendered":"C\u00e1mara de doble sensor GDU PDL-1K"},"content":{"rendered":"<h3 data-path-to-node=\"2\">Caracter\u00edsticas y capacidades clave<\/h3>\n<ul data-path-to-node=\"3\">\n<li>\n<p data-path-to-node=\"3,0,0\"><b data-path-to-node=\"3,0,0\" data-index-in-node=\"0\">Im\u00e1genes t\u00e9rmicas de ultraalta resoluci\u00f3n 1K:<\/b><span class=\"citation-317\"> Equipado con un <\/span><b data-path-to-node=\"3,0,0\" data-index-in-node=\"58\"><span class=\"citation-317\">1280 \u00d7 1024<\/span><\/b><span class=\"citation-317 citation-end-317\"> sensor infrarrojo.<\/span> <span class=\"citation-316 citation-end-316\">Esta resoluci\u00f3n \u201cl\u00edder en la industria\u201d permite a los operadores detectar peque\u00f1as anomal\u00edas t\u00e9rmicas desde mayores distancias con mucha m\u00e1s claridad que los sensores tradicionales de 640 \u00d7 512.<\/span><\/p>\n<\/li>\n<li>\n<p data-path-to-node=\"3,1,0\"><b data-path-to-node=\"3,1,0\" data-index-in-node=\"0\"><span class=\"citation-315\">C\u00e1mara visible de alta definici\u00f3n de 48 MP:<\/span><\/b><span class=\"citation-315\"> Cuenta con una <\/span><b data-path-to-node=\"3,1,0\" data-index-in-node=\"48\"><span class=\"citation-315\">Sensor CMOS de 1 pulgada<\/span><\/b><span class=\"citation-315\"> Capaz de capturar fotograf\u00edas de 8K\/6K y <\/span><b data-path-to-node=\"3,1,0\" data-index-in-node=\"102\"><span class=\"citation-315\">V\u00eddeo 4K a 30 fps<\/span><\/b><span class=\"citation-315 citation-end-315\">.<\/span> Admite hasta <b data-path-to-node=\"3,1,0\" data-index-in-node=\"139\">zoom digital de 16x<\/b> para inspecciones de cerca sin acercarse a estructuras peligrosas.<\/p>\n<\/li>\n<li>\n<p data-path-to-node=\"3,2,0\"><b data-path-to-node=\"3,2,0\" data-index-in-node=\"0\">Tecnolog\u00eda de fusi\u00f3n de doble luz:<\/b><span class=\"citation-314 citation-end-314\"> La c\u00e1mara puede superponer datos t\u00e9rmicos sobre im\u00e1genes de luz visible (modo Imagen en Imagen o Fusi\u00f3n).<\/span> Esto crea una vista de \u201cdoble canal\u201d, que proporciona los datos de calor del sensor infrarrojo con los contornos n\u00edtidos y el contexto de la c\u00e1mara visible.<\/p>\n<\/li>\n<li>\n<p data-path-to-node=\"3,3,0\"><b data-path-to-node=\"3,3,0\" data-index-in-node=\"0\">Medici\u00f3n avanzada de temperatura:<\/b><span class=\"citation-313\"> Cuenta con un detector de metales encapsulado con una sensibilidad de <\/span><b data-path-to-node=\"3,3,0\" data-index-in-node=\"95\"><span class=\"citation-313\">NETD \u2264 30 mK<\/span><\/b><span class=\"citation-313 citation-end-313\">.<\/span> <span class=\"citation-312\">Admite medici\u00f3n de temperatura regional y de fotograma completo, con una precisi\u00f3n de <\/span><b data-path-to-node=\"3,3,0\" data-index-in-node=\"193\"><span class=\"citation-312\">\u00b12 \u00b0C<\/span><\/b><span class=\"citation-312\"> o <\/span><b data-path-to-node=\"3,3,0\" data-index-in-node=\"201\"><span class=\"citation-312\">\u00b12%<\/span><\/b><span class=\"citation-312 citation-end-312\">.<\/span><\/p>\n<\/li>\n<li>\n<p data-path-to-node=\"3,4,0\"><b data-path-to-node=\"3,4,0\" data-index-in-node=\"0\"><span class=\"citation-311\">Estabilizaci\u00f3n de 3 ejes:<\/span><\/b><span class=\"citation-311\"> Un sistema de card\u00e1n de alta precisi\u00f3n garantiza im\u00e1genes estables incluso durante maniobras de alta velocidad o en condiciones de viento, con una precisi\u00f3n de estabilizaci\u00f3n de <\/span><b data-path-to-node=\"3,4,0\" data-index-in-node=\"166\"><span class=\"citation-311\">\u2264 0,01\u00b0<\/span><\/b><span class=\"citation-311 citation-end-311\">.<\/span><\/p>\n<p>&nbsp;<\/li>\n<\/ul>\n<h3 data-path-to-node=\"5\">Especificaciones t\u00e9cnicas<\/h3>\n<table data-path-to-node=\"6\">\n<thead>\n<tr>\n<td><strong>Caracter\u00edstica<\/strong><\/td>\n<td><strong>Especificaci\u00f3n<\/strong><\/td>\n<\/tr>\n<\/thead>\n<tbody>\n<tr>\n<td><span data-path-to-node=\"6,1,0,0\"><b data-path-to-node=\"6,1,0,0\" data-index-in-node=\"0\">Resoluci\u00f3n t\u00e9rmica<\/b><\/span><\/td>\n<td><span data-path-to-node=\"6,1,1,0\">1280 \u00d7 1024 (1,3 megap\u00edxeles)<\/span><\/td>\n<\/tr>\n<tr>\n<td><span data-path-to-node=\"6,2,0,0\"><b data-path-to-node=\"6,2,0,0\" data-index-in-node=\"0\">Resoluci\u00f3n visible<\/b><\/span><\/td>\n<td><span data-path-to-node=\"6,2,1,0\">48 megap\u00edxeles (CMOS de 1 pulgada)<\/span><\/td>\n<\/tr>\n<tr>\n<td><span data-path-to-node=\"6,3,0,0\"><b data-path-to-node=\"6,3,0,0\" data-index-in-node=\"0\">Campo de visi\u00f3n t\u00e9rmico<\/b><\/span><\/td>\n<td><span data-path-to-node=\"6,3,1,0\">57,5\u00b0 \u00d7 47,4\u00b0<\/span><\/td>\n<\/tr>\n<tr>\n<td><span data-path-to-node=\"6,4,0,0\"><b data-path-to-node=\"6,4,0,0\" data-index-in-node=\"0\">Zoom digital<\/b><\/span><\/td>\n<td><span data-path-to-node=\"6,4,1,0\">16x (visible) \/ 8x (infrarrojo)<\/span><\/td>\n<\/tr>\n<tr>\n<td><span data-path-to-node=\"6,5,0,0\"><b data-path-to-node=\"6,5,0,0\" data-index-in-node=\"0\">Grabaci\u00f3n de v\u00eddeo<\/b><\/span><\/td>\n<td><span data-path-to-node=\"6,5,1,0\">4K a 30 fps (visible) \/ 1280 \u00d7 1024 a 30 fps (t\u00e9rmico)<\/span><\/td>\n<\/tr>\n<tr>\n<td><span data-path-to-node=\"6,6,0,0\"><b data-path-to-node=\"6,6,0,0\" data-index-in-node=\"0\">Rango de temperatura<\/b><\/span><\/td>\n<td><span data-path-to-node=\"6,6,1,0\">-20 \u00b0C a 150 \u00b0C \/ 0 \u00b0C a 550 \u00b0C (ganancia dual)<\/span><\/td>\n<\/tr>\n<tr>\n<td><span data-path-to-node=\"6,7,0,0\"><b data-path-to-node=\"6,7,0,0\" data-index-in-node=\"0\">Peso<\/b><\/span><\/td>\n<td><span data-path-to-node=\"6,7,1,0\">~1200 gramos<\/span><\/td>\n<\/tr>\n<tr>\n<td><span data-path-to-node=\"6,8,0,0\"><b data-path-to-node=\"6,8,0,0\" data-index-in-node=\"0\">Compatibilidad<\/b><\/span><\/td>\n<td><span data-path-to-node=\"6,8,1,0\">Drones industriales GDU S400 y S400E<\/span><\/td>\n<\/tr>\n<\/tbody>\n<\/table>\n<p>&nbsp;<\/p>\n<h3 data-path-to-node=\"8\">Casos de uso principales<\/h3>\n<ul data-path-to-node=\"9\">\n<li>\n<p data-path-to-node=\"9,0,0\"><b data-path-to-node=\"9,0,0\" data-index-in-node=\"0\"><span class=\"citation-310\">Inspecci\u00f3n de red el\u00e9ctrica y energ\u00eda solar:<\/span><\/b><span class=\"citation-310 citation-end-310\"> Identificaci\u00f3n de \u201cpuntos calientes\u201d en l\u00edneas y paneles de alto voltaje con reconocimiento de defectos mediante IA de alta precisi\u00f3n.<\/span><\/p>\n<\/li>\n<li>\n<p data-path-to-node=\"9,1,0\"><b data-path-to-node=\"9,1,0\" data-index-in-node=\"0\">B\u00fasqueda y rescate (SAR):<\/b> La resoluci\u00f3n de 1K ampl\u00eda significativamente el rango en el que se puede identificar una firma de calor humana durante la noche.<\/p>\n<\/li>\n<li>\n<p data-path-to-node=\"9,2,0\"><b data-path-to-node=\"9,2,0\" data-index-in-node=\"0\">Lucha contra incendios:<\/b> Humo penetrante para localizar el foco de un incendio o monitorear el progreso del enfriamiento en sitios industriales.<\/p>\n<\/li>\n<li>\n<p data-path-to-node=\"9,3,0\"><b data-path-to-node=\"9,3,0\" data-index-in-node=\"0\">Petr\u00f3leo y gas:<\/b> Monitoreo de tuber\u00edas para detectar fugas o integridad estructural mediante firmas t\u00e9rmicas.<\/p>\n<\/li>\n<\/ul>","protected":false},"excerpt":{"rendered":"<p><span class=\"citation-319\">El <\/span><b data-path-to-node=\"0\" data-index-in-node=\"4\"><span class=\"citation-319\">GDU PDL-1K<\/span><\/b><span class=\"citation-319 citation-end-319\"> es una c\u00e1mara con card\u00e1n de doble sensor de calidad profesional dise\u00f1ada para operaciones con drones industriales, como inspecciones de l\u00edneas el\u00e9ctricas, extinci\u00f3n de incendios y b\u00fasqueda y rescate.<\/span> <span class=\"citation-318 citation-end-318\">Su caracter\u00edstica destacada es su sensor t\u00e9rmico de alta resoluci\u00f3n, que proporciona cuatro veces el detalle de las c\u00e1maras t\u00e9rmicas industriales est\u00e1ndar.<\/span><\/p>","protected":false},"featured_media":24146,"comment_status":"open","ping_status":"closed","template":"","meta":[],"product_brand":[1369],"product_cat":[29,1378,1363,1359],"product_tag":[1380,1375,1371],"class_list":{"0":"post-24145","1":"product","2":"type-product","3":"status-publish","4":"has-post-thumbnail","6":"product_brand-gdu-tech","7":"product_cat-drones","8":"product_cat-gdu-s400-payloads","9":"product_cat-gdu-s400-series","10":"product_cat-gdu-tech","11":"product_tag-gdu-s400-payloads","12":"product_tag-gdu-s400-series","13":"product_tag-gdu-tech","15":"first","16":"outofstock","17":"taxable","18":"shipping-taxable","19":"purchasable","20":"product-type-simple"},"yoast_head":"<!-- This site is optimized with the Yoast SEO plugin v27.1.1 - https:\/\/yoast.com\/product\/yoast-seo-wordpress\/ -->\n<title>GDU PDL-1K Dual sensor camera - Ghostysky<\/title>\n<meta name=\"description\" content=\"The GDU PDL-1K is a professional-grade, dual-sensor gimbal camera designed for industrial drone operations, such as power line inspections, firefighting, and search and rescue. Its standout feature is its high-resolution thermal sensor, which provides four times the detail of standard industrial thermal cameras.\" \/>\n<meta name=\"robots\" content=\"index, follow, max-snippet:-1, max-image-preview:large, max-video-preview:-1\" \/>\n<link rel=\"canonical\" href=\"https:\/\/www.ghostysky.com\/es\/producto-2\/gdu-pdl-1k-dual-sensor-camera\/\" \/>\n<meta property=\"og:locale\" content=\"es_ES\" \/>\n<meta property=\"og:type\" content=\"article\" \/>\n<meta property=\"og:title\" content=\"GDU PDL-1K Dual sensor camera - Ghostysky\" \/>\n<meta property=\"og:description\" content=\"The GDU PDL-1K is a professional-grade, dual-sensor gimbal camera designed for industrial drone operations, such as power line inspections, firefighting, and search and rescue. Its standout feature is its high-resolution thermal sensor, which provides four times the detail of standard industrial thermal cameras.\" \/>\n<meta property=\"og:url\" content=\"https:\/\/www.ghostysky.com\/es\/producto-2\/gdu-pdl-1k-dual-sensor-camera\/\" \/>\n<meta property=\"og:site_name\" content=\"Ghostysky\" \/>\n<meta property=\"article:publisher\" content=\"https:\/\/www.facebook.com\/people\/Ghostysky\/100057676170234\/\" \/>\n<meta property=\"article:modified_time\" content=\"2026-02-08T10:20:59+00:00\" \/>\n<meta property=\"og:image\" content=\"https:\/\/www.ghostysky.com\/wp-content\/uploads\/2026\/02\/GH_GDU-PDL-1K-Dual-sensor-camera_1.webp\" \/>\n\t<meta property=\"og:image:width\" content=\"698\" \/>\n\t<meta property=\"og:image:height\" content=\"698\" \/>\n\t<meta property=\"og:image:type\" content=\"image\/webp\" \/>\n<meta name=\"twitter:card\" content=\"summary_large_image\" \/>\n<meta name=\"twitter:site\" content=\"@Gh0stysky\" \/>\n<meta name=\"twitter:label1\" content=\"Tiempo de lectura\" \/>\n\t<meta name=\"twitter:data1\" content=\"2 minutos\" \/>\n<script type=\"application\/ld+json\" class=\"yoast-schema-graph\">{\"@context\":\"https:\/\/schema.org\",\"@graph\":[{\"@type\":\"WebPage\",\"@id\":\"https:\/\/www.ghostysky.com\/product\/gdu-pdl-1k-dual-sensor-camera\/\",\"url\":\"https:\/\/www.ghostysky.com\/product\/gdu-pdl-1k-dual-sensor-camera\/\",\"name\":\"GDU PDL-1K Dual sensor camera - Ghostysky\",\"isPartOf\":{\"@id\":\"https:\/\/www.ghostysky.com\/#website\"},\"primaryImageOfPage\":{\"@id\":\"https:\/\/www.ghostysky.com\/product\/gdu-pdl-1k-dual-sensor-camera\/#primaryimage\"},\"image\":{\"@id\":\"https:\/\/www.ghostysky.com\/product\/gdu-pdl-1k-dual-sensor-camera\/#primaryimage\"},\"thumbnailUrl\":\"https:\/\/www.ghostysky.com\/wp-content\/uploads\/2026\/02\/GH_GDU-PDL-1K-Dual-sensor-camera_1.webp\",\"datePublished\":\"2026-02-08T10:11:02+00:00\",\"dateModified\":\"2026-02-08T10:20:59+00:00\",\"description\":\"The GDU PDL-1K is a professional-grade, dual-sensor gimbal camera designed for industrial drone operations, such as power line inspections, firefighting, and search and rescue. Its standout feature is its high-resolution thermal sensor, which provides four times the detail of standard industrial thermal cameras.\",\"breadcrumb\":{\"@id\":\"https:\/\/www.ghostysky.com\/product\/gdu-pdl-1k-dual-sensor-camera\/#breadcrumb\"},\"inLanguage\":\"es\",\"potentialAction\":[{\"@type\":\"ReadAction\",\"target\":[\"https:\/\/www.ghostysky.com\/product\/gdu-pdl-1k-dual-sensor-camera\/\"]}]},{\"@type\":\"ImageObject\",\"inLanguage\":\"es\",\"@id\":\"https:\/\/www.ghostysky.com\/product\/gdu-pdl-1k-dual-sensor-camera\/#primaryimage\",\"url\":\"https:\/\/www.ghostysky.com\/wp-content\/uploads\/2026\/02\/GH_GDU-PDL-1K-Dual-sensor-camera_1.webp\",\"contentUrl\":\"https:\/\/www.ghostysky.com\/wp-content\/uploads\/2026\/02\/GH_GDU-PDL-1K-Dual-sensor-camera_1.webp\",\"width\":698,\"height\":698},{\"@type\":\"BreadcrumbList\",\"@id\":\"https:\/\/www.ghostysky.com\/product\/gdu-pdl-1k-dual-sensor-camera\/#breadcrumb\",\"itemListElement\":[{\"@type\":\"ListItem\",\"position\":1,\"name\":\"Home\",\"item\":\"https:\/\/www.ghostysky.com\/\"},{\"@type\":\"ListItem\",\"position\":2,\"name\":\"Shop\",\"item\":\"https:\/\/www.ghostysky.com\/shop\/\"},{\"@type\":\"ListItem\",\"position\":3,\"name\":\"GDU PDL-1K Dual sensor camera\"}]},{\"@type\":\"WebSite\",\"@id\":\"https:\/\/www.ghostysky.com\/#website\",\"url\":\"https:\/\/www.ghostysky.com\/\",\"name\":\"Ghostysky\",\"description\":\"Delivering professional drones and services\",\"publisher\":{\"@id\":\"https:\/\/www.ghostysky.com\/#organization\"},\"potentialAction\":[{\"@type\":\"SearchAction\",\"target\":{\"@type\":\"EntryPoint\",\"urlTemplate\":\"https:\/\/www.ghostysky.com\/?s={search_term_string}\"},\"query-input\":{\"@type\":\"PropertyValueSpecification\",\"valueRequired\":true,\"valueName\":\"search_term_string\"}}],\"inLanguage\":\"es\"},{\"@type\":\"Organization\",\"@id\":\"https:\/\/www.ghostysky.com\/#organization\",\"name\":\"Ghostysky\",\"url\":\"https:\/\/www.ghostysky.com\/\",\"logo\":{\"@type\":\"ImageObject\",\"inLanguage\":\"es\",\"@id\":\"https:\/\/www.ghostysky.com\/#\/schema\/logo\/image\/\",\"url\":\"https:\/\/www.ghostysky.com\/wp-content\/uploads\/2020\/06\/cropped-ghostyskylogo_text_white2.png\",\"contentUrl\":\"https:\/\/www.ghostysky.com\/wp-content\/uploads\/2020\/06\/cropped-ghostyskylogo_text_white2.png\",\"width\":169,\"height\":56,\"caption\":\"Ghostysky\"},\"image\":{\"@id\":\"https:\/\/www.ghostysky.com\/#\/schema\/logo\/image\/\"},\"sameAs\":[\"https:\/\/www.facebook.com\/people\/Ghostysky\/100057676170234\/\",\"https:\/\/x.com\/Gh0stysky\",\"https:\/\/www.linkedin.com\/company\/34739653\",\"https:\/\/www.instagram.com\/gh0stysky\"]}]}<\/script>\n<!-- \/ Yoast SEO plugin. -->","yoast_head_json":{"title":"C\u00e1mara de doble sensor GDU PDL-1K - Ghostysky","description":"La GDU PDL-1K es una c\u00e1mara gimbal de doble sensor de calidad profesional, dise\u00f1ada para operaciones con drones industriales, como inspecciones de l\u00edneas el\u00e9ctricas, extinci\u00f3n de incendios y b\u00fasqueda y rescate. Su caracter\u00edstica m\u00e1s destacada es su sensor t\u00e9rmico de alta resoluci\u00f3n, que proporciona cuatro veces m\u00e1s detalle que las c\u00e1maras t\u00e9rmicas industriales est\u00e1ndar.","robots":{"index":"index","follow":"follow","max-snippet":"max-snippet:-1","max-image-preview":"max-image-preview:large","max-video-preview":"max-video-preview:-1"},"canonical":"https:\/\/www.ghostysky.com\/es\/producto-2\/gdu-pdl-1k-dual-sensor-camera\/","og_locale":"es_ES","og_type":"article","og_title":"GDU PDL-1K Dual sensor camera - Ghostysky","og_description":"The GDU PDL-1K is a professional-grade, dual-sensor gimbal camera designed for industrial drone operations, such as power line inspections, firefighting, and search and rescue. Its standout feature is its high-resolution thermal sensor, which provides four times the detail of standard industrial thermal cameras.","og_url":"https:\/\/www.ghostysky.com\/es\/producto-2\/gdu-pdl-1k-dual-sensor-camera\/","og_site_name":"Ghostysky","article_publisher":"https:\/\/www.facebook.com\/people\/Ghostysky\/100057676170234\/","article_modified_time":"2026-02-08T10:20:59+00:00","og_image":[{"width":698,"height":698,"url":"https:\/\/www.ghostysky.com\/wp-content\/uploads\/2026\/02\/GH_GDU-PDL-1K-Dual-sensor-camera_1.webp","type":"image\/webp"}],"twitter_card":"summary_large_image","twitter_site":"@Gh0stysky","twitter_misc":{"Tiempo de lectura":"2 minutos"},"schema":{"@context":"https:\/\/schema.org","@graph":[{"@type":"WebPage","@id":"https:\/\/www.ghostysky.com\/product\/gdu-pdl-1k-dual-sensor-camera\/","url":"https:\/\/www.ghostysky.com\/product\/gdu-pdl-1k-dual-sensor-camera\/","name":"C\u00e1mara de doble sensor GDU PDL-1K - Ghostysky","isPartOf":{"@id":"https:\/\/www.ghostysky.com\/#website"},"primaryImageOfPage":{"@id":"https:\/\/www.ghostysky.com\/product\/gdu-pdl-1k-dual-sensor-camera\/#primaryimage"},"image":{"@id":"https:\/\/www.ghostysky.com\/product\/gdu-pdl-1k-dual-sensor-camera\/#primaryimage"},"thumbnailUrl":"https:\/\/www.ghostysky.com\/wp-content\/uploads\/2026\/02\/GH_GDU-PDL-1K-Dual-sensor-camera_1.webp","datePublished":"2026-02-08T10:11:02+00:00","dateModified":"2026-02-08T10:20:59+00:00","description":"La GDU PDL-1K es una c\u00e1mara gimbal de doble sensor de calidad profesional, dise\u00f1ada para operaciones con drones industriales, como inspecciones de l\u00edneas el\u00e9ctricas, extinci\u00f3n de incendios y b\u00fasqueda y rescate. Su caracter\u00edstica m\u00e1s destacada es su sensor t\u00e9rmico de alta resoluci\u00f3n, que proporciona cuatro veces m\u00e1s detalle que las c\u00e1maras t\u00e9rmicas industriales est\u00e1ndar.","breadcrumb":{"@id":"https:\/\/www.ghostysky.com\/product\/gdu-pdl-1k-dual-sensor-camera\/#breadcrumb"},"inLanguage":"es","potentialAction":[{"@type":"ReadAction","target":["https:\/\/www.ghostysky.com\/product\/gdu-pdl-1k-dual-sensor-camera\/"]}]},{"@type":"ImageObject","inLanguage":"es","@id":"https:\/\/www.ghostysky.com\/product\/gdu-pdl-1k-dual-sensor-camera\/#primaryimage","url":"https:\/\/www.ghostysky.com\/wp-content\/uploads\/2026\/02\/GH_GDU-PDL-1K-Dual-sensor-camera_1.webp","contentUrl":"https:\/\/www.ghostysky.com\/wp-content\/uploads\/2026\/02\/GH_GDU-PDL-1K-Dual-sensor-camera_1.webp","width":698,"height":698},{"@type":"BreadcrumbList","@id":"https:\/\/www.ghostysky.com\/product\/gdu-pdl-1k-dual-sensor-camera\/#breadcrumb","itemListElement":[{"@type":"ListItem","position":1,"name":"Home","item":"https:\/\/www.ghostysky.com\/"},{"@type":"ListItem","position":2,"name":"Shop","item":"https:\/\/www.ghostysky.com\/shop\/"},{"@type":"ListItem","position":3,"name":"GDU PDL-1K Dual sensor camera"}]},{"@type":"WebSite","@id":"https:\/\/www.ghostysky.com\/#website","url":"https:\/\/www.ghostysky.com\/","name":"Ghostysky","description":"Entrega de drones y servicios profesionales","publisher":{"@id":"https:\/\/www.ghostysky.com\/#organization"},"potentialAction":[{"@type":"SearchAction","target":{"@type":"EntryPoint","urlTemplate":"https:\/\/www.ghostysky.com\/?s={search_term_string}"},"query-input":{"@type":"PropertyValueSpecification","valueRequired":true,"valueName":"search_term_string"}}],"inLanguage":"es"},{"@type":"Organization","@id":"https:\/\/www.ghostysky.com\/#organization","name":"Ghostysky","url":"https:\/\/www.ghostysky.com\/","logo":{"@type":"ImageObject","inLanguage":"es","@id":"https:\/\/www.ghostysky.com\/#\/schema\/logo\/image\/","url":"https:\/\/www.ghostysky.com\/wp-content\/uploads\/2020\/06\/cropped-ghostyskylogo_text_white2.png","contentUrl":"https:\/\/www.ghostysky.com\/wp-content\/uploads\/2020\/06\/cropped-ghostyskylogo_text_white2.png","width":169,"height":56,"caption":"Ghostysky"},"image":{"@id":"https:\/\/www.ghostysky.com\/#\/schema\/logo\/image\/"},"sameAs":["https:\/\/www.facebook.com\/people\/Ghostysky\/100057676170234\/","https:\/\/x.com\/Gh0stysky","https:\/\/www.linkedin.com\/company\/34739653","https:\/\/www.instagram.com\/gh0stysky"]}]}},"_links":{"self":[{"href":"https:\/\/www.ghostysky.com\/es\/wp-json\/wp\/v2\/product\/24145","targetHints":{"allow":["GET"]}}],"collection":[{"href":"https:\/\/www.ghostysky.com\/es\/wp-json\/wp\/v2\/product"}],"about":[{"href":"https:\/\/www.ghostysky.com\/es\/wp-json\/wp\/v2\/types\/product"}],"replies":[{"embeddable":true,"href":"https:\/\/www.ghostysky.com\/es\/wp-json\/wp\/v2\/comments?post=24145"}],"wp:featuredmedia":[{"embeddable":true,"href":"https:\/\/www.ghostysky.com\/es\/wp-json\/wp\/v2\/media\/24146"}],"wp:attachment":[{"href":"https:\/\/www.ghostysky.com\/es\/wp-json\/wp\/v2\/media?parent=24145"}],"wp:term":[{"taxonomy":"product_brand","embeddable":true,"href":"https:\/\/www.ghostysky.com\/es\/wp-json\/wp\/v2\/product_brand?post=24145"},{"taxonomy":"product_cat","embeddable":true,"href":"https:\/\/www.ghostysky.com\/es\/wp-json\/wp\/v2\/product_cat?post=24145"},{"taxonomy":"product_tag","embeddable":true,"href":"https:\/\/www.ghostysky.com\/es\/wp-json\/wp\/v2\/product_tag?post=24145"}],"curies":[{"name":"wp","href":"https:\/\/api.w.org\/{rel}","templated":true}]}}