{"id":24148,"date":"2026-02-08T10:22:06","date_gmt":"2026-02-08T10:22:06","guid":{"rendered":"https:\/\/www.ghostysky.com\/?post_type=product&#038;p=24148"},"modified":"2026-02-08T10:49:57","modified_gmt":"2026-02-08T10:49:57","slug":"gdu-pql01-quad-sensor-gimbal-camera","status":"publish","type":"product","link":"https:\/\/www.ghostysky.com\/es\/product\/gdu-pql01-quad-sensor-gimbal-camera\/","title":{"rendered":"C\u00e1mara card\u00e1n con sensor cu\u00e1druple GDU PQL01"},"content":{"rendered":"<h3 data-path-to-node=\"3\">M\u00f3dulos de sensores clave<\/h3>\n<p data-path-to-node=\"4\"><span class=\"citation-357 citation-end-357\">La designaci\u00f3n &quot;Quad-Sensor&quot; se refiere a las cuatro herramientas principales integradas en el card\u00e1n:<\/span><\/p>\n<ol start=\"1\" data-path-to-node=\"5\">\n<li>\n<p data-path-to-node=\"5,0,0\"><b data-path-to-node=\"5,0,0\" data-index-in-node=\"0\"><span class=\"citation-356\">Zoom de c\u00e1mara:<\/span><\/b><span class=\"citation-356\"> Un sensor de luz visible de 48MP con <\/span><b data-path-to-node=\"5,0,0\" data-index-in-node=\"46\"><span class=\"citation-356\">Zoom \u00f3ptico de 18x<\/span><\/b><span class=\"citation-356\"> y hasta <\/span><b data-path-to-node=\"5,0,0\" data-index-in-node=\"73\"><span class=\"citation-356\">Zoom h\u00edbrido de 144x<\/span><\/b><span class=\"citation-356 citation-end-356\">.<\/span> Esto es ideal para inspecciones detalladas de l\u00edneas el\u00e9ctricas o infraestructura desde una distancia segura.<\/p>\n<\/li>\n<li>\n<p data-path-to-node=\"5,1,0\"><b data-path-to-node=\"5,1,0\" data-index-in-node=\"0\"><span class=\"citation-355\">C\u00e1mara gran angular:<\/span><\/b><span class=\"citation-355 citation-end-355\"> Un sensor de 48 MP de alta resoluci\u00f3n con un amplio campo de visi\u00f3n, dise\u00f1ado para un amplio conocimiento de la situaci\u00f3n y mapeo de \u00e1reas.<\/span><\/p>\n<\/li>\n<li>\n<p data-path-to-node=\"5,2,0\"><b data-path-to-node=\"5,2,0\" data-index-in-node=\"0\"><span class=\"citation-354\">C\u00e1mara t\u00e9rmica infrarroja:<\/span><\/b><span class=\"citation-354 citation-end-354\"> Un sensor t\u00e9rmico basado en cer\u00e1mica de desarrollo propio (resoluci\u00f3n de 640\u00d7512) que proporciona mediciones de temperatura precisas y detecci\u00f3n de firmas de calor.<\/span><\/p>\n<\/li>\n<li>\n<p data-path-to-node=\"5,3,0\"><b data-path-to-node=\"5,3,0\" data-index-in-node=\"0\"><span class=\"citation-353\">Localizador Laser:<\/span><\/b><span class=\"citation-353\"> Un m\u00f3dulo capaz de medir distancias de hasta <\/span><b data-path-to-node=\"5,3,0\" data-index-in-node=\"65\"><span class=\"citation-353\">1500m<\/span><\/b><span class=\"citation-353 citation-end-353\"> Con alta precisi\u00f3n, admite posicionamiento inteligente de objetivos y localizaci\u00f3n de coordenadas.<\/span><\/p>\n<p>&nbsp;<\/li>\n<\/ol>\n<h3 data-path-to-node=\"7\">Especificaciones t\u00e9cnicas<\/h3>\n<table data-path-to-node=\"8\">\n<thead>\n<tr>\n<td><strong>Caracter\u00edstica<\/strong><\/td>\n<td><strong>Especificaci\u00f3n<\/strong><\/td>\n<\/tr>\n<\/thead>\n<tbody>\n<tr>\n<td><span data-path-to-node=\"8,1,0,0\"><b data-path-to-node=\"8,1,0,0\" data-index-in-node=\"0\">Tipo de card\u00e1n<\/b><\/span><\/td>\n<td><span data-path-to-node=\"8,1,1,0\">Estabilizaci\u00f3n mec\u00e1nica de 3 ejes (paneo, inclinaci\u00f3n, balanceo)<\/span><\/td>\n<\/tr>\n<tr>\n<td><span data-path-to-node=\"8,2,0,0\"><b data-path-to-node=\"8,2,0,0\" data-index-in-node=\"0\">Precisi\u00f3n de estabilizaci\u00f3n<\/b><\/span><\/td>\n<td><span data-path-to-node=\"8,2,1,0\"><span class=\"math-inline\" data-math=\"\\le 0.005^\\circ\" data-index-in-node=\"0\">&lt;= 0,005\u00ba<\/span><\/span><\/td>\n<\/tr>\n<tr>\n<td><span data-path-to-node=\"8,3,0,0\"><b data-path-to-node=\"8,3,0,0\" data-index-in-node=\"0\">Peso<\/b><\/span><\/td>\n<td><span data-path-to-node=\"8,3,1,0\"><span class=\"math-inline\" data-math=\"\\le 930\\text{g}\" data-index-in-node=\"0\">&lt;= 930 gramos<\/span><\/span><\/td>\n<\/tr>\n<tr>\n<td><span data-path-to-node=\"8,4,0,0\"><b data-path-to-node=\"8,4,0,0\" data-index-in-node=\"0\">Temperatura de funcionamiento<\/b><\/span><\/td>\n<td><span data-path-to-node=\"8,4,1,0\"><span class=\"math-inline\" data-math=\"-20^\\circ\\text{C}\" data-index-in-node=\"0\">-20\u00baC<\/span> a <span class=\"math-inline\" data-math=\"+55^\\circ\\text{C}\" data-index-in-node=\"21\">+55\u00baC<\/span><\/span><\/td>\n<\/tr>\n<tr>\n<td><span data-path-to-node=\"8,5,0,0\"><b data-path-to-node=\"8,5,0,0\" data-index-in-node=\"0\">Protecci\u00f3n de entrada<\/b><\/span><\/td>\n<td><span data-path-to-node=\"8,5,1,0\"><b data-path-to-node=\"8,5,1,0\" data-index-in-node=\"0\">IP44<\/b> (resistente al polvo y salpicaduras)<\/span><\/td>\n<\/tr>\n<tr>\n<td><span data-path-to-node=\"8,6,0,0\"><b data-path-to-node=\"8,6,0,0\" data-index-in-node=\"0\">Precisi\u00f3n t\u00e9rmica<\/b><\/span><\/td>\n<td><span data-path-to-node=\"8,6,1,0\"><span class=\"math-inline\" data-math=\"\\pm 2^\\circ\\text{C}\" data-index-in-node=\"0\">+-2\u00baC<\/span>\u00a0o <span class=\"math-inline\" data-math=\"\\pm 2\\%\" data-index-in-node=\"23\">+- 2%<\/span><\/span><\/td>\n<\/tr>\n<tr>\n<td><span data-path-to-node=\"8,7,0,0\"><b data-path-to-node=\"8,7,0,0\" data-index-in-node=\"0\">Potencia computacional de la IA<\/b><\/span><\/td>\n<td><span data-path-to-node=\"8,7,1,0\"><b data-path-to-node=\"8,7,1,0\" data-index-in-node=\"0\">21 TOPS<\/b> para reconocimiento de objetivos en tiempo real<\/span><\/td>\n<\/tr>\n<tr>\n<td><span data-path-to-node=\"8,8,0,0\"><b data-path-to-node=\"8,8,0,0\" data-index-in-node=\"0\">Rango l\u00e1ser<\/b><\/span><\/td>\n<td><span data-path-to-node=\"8,8,1,0\"><span class=\"math-inline\" data-math=\"5\\text{m}\" data-index-in-node=\"0\">5 metros<\/span> a <span class=\"math-inline\" data-math=\"1500\\text{m}\" data-index-in-node=\"13\">1500m<\/span><\/span><\/td>\n<\/tr>\n<\/tbody>\n<\/table>\n<p>&nbsp;<\/p>\n<h3 data-path-to-node=\"10\">Beneficios b\u00e1sicos de rendimiento<\/h3>\n<ul data-path-to-node=\"11\">\n<li>\n<p data-path-to-node=\"11,0,0\"><b data-path-to-node=\"11,0,0\" data-index-in-node=\"0\"><span class=\"citation-352\">Inteligencia impulsada por IA:<\/span><\/b><span class=\"citation-352\"> Con 21 TOPS de potencia inform\u00e1tica de borde, el PQL01 admite funciones avanzadas como <\/span><b data-path-to-node=\"11,0,0\" data-index-in-node=\"105\"><span class=\"citation-352\">Reconocimiento inteligente de objetos con IA<\/span><\/b><span class=\"citation-352 citation-end-352\">, an\u00e1lisis de movimiento y seguimiento autom\u00e1tico, que son fundamentales para las misiones de seguridad y b\u00fasqueda y rescate (SAR).<\/span><\/p>\n<\/li>\n<li>\n<p data-path-to-node=\"11,1,0\"><b data-path-to-node=\"11,1,0\" data-index-in-node=\"0\"><span class=\"citation-351\">Fusi\u00f3n multisensor:<\/span><\/b><span class=\"citation-351 citation-end-351\"> El card\u00e1n puede superponer datos t\u00e9rmicos sobre im\u00e1genes de luz visible (modo de fusi\u00f3n), lo que permite a los pilotos ver las firmas de calor mientras mantienen el contexto de alto detalle del espectro visible.<\/span><\/p>\n<\/li>\n<li>\n<p data-path-to-node=\"11,2,0\"><b data-path-to-node=\"11,2,0\" data-index-in-node=\"0\">Objetivo de precisi\u00f3n:<\/b><span class=\"citation-350 citation-end-350\"> Utilizando el tel\u00e9metro l\u00e1ser, el sistema puede calcular instant\u00e1neamente las coordenadas GPS (latitud\/longitud) y la distancia de un objeto espec\u00edfico en el centro del marco.<\/span><\/p>\n<\/li>\n<li>\n<p data-path-to-node=\"11,3,0\"><b data-path-to-node=\"11,3,0\" data-index-in-node=\"0\"><span class=\"citation-349\">Construcci\u00f3n robusta:<\/span><\/b><span class=\"citation-349 citation-end-349\"> Dise\u00f1ado para entornos industriales, cuenta con un movimiento cer\u00e1mico de desarrollo propio para el sensor t\u00e9rmico, lo que garantiza confiabilidad en diferentes temperaturas y condiciones de vuelo.<\/span><\/p>\n<p>&nbsp;<\/li>\n<\/ul>\n<h3 data-path-to-node=\"13\">Aplicaciones comunes<\/h3>\n<ul data-path-to-node=\"14\">\n<li>\n<p data-path-to-node=\"14,0,0\"><b data-path-to-node=\"14,0,0\" data-index-in-node=\"0\"><span class=\"citation-348\">Inspecci\u00f3n de l\u00ednea el\u00e9ctrica:<\/span><\/b><span class=\"citation-348 citation-end-348\"> Identificaci\u00f3n de puntos calientes y desgaste estructural mediante sensores t\u00e9rmicos y de zoom.<\/span><\/p>\n<\/li>\n<li>\n<p data-path-to-node=\"14,1,0\"><b data-path-to-node=\"14,1,0\" data-index-in-node=\"0\"><span class=\"citation-347\">Lucha contra incendios y b\u00fasqueda y rescate:<\/span><\/b><span class=\"citation-347 citation-end-347\"> Localizaci\u00f3n de v\u00edctimas o fuentes de calor a trav\u00e9s del humo y la oscuridad.<\/span><\/p>\n<\/li>\n<li>\n<p data-path-to-node=\"14,2,0\"><b data-path-to-node=\"14,2,0\" data-index-in-node=\"0\"><span class=\"citation-346\">Petr\u00f3leo y gas:<\/span><\/b><span class=\"citation-346 citation-end-346\"> Monitoreo de tuber\u00edas para detectar fugas o anomal\u00edas.<\/span><\/p>\n<\/li>\n<li>\n<p data-path-to-node=\"14,3,0\"><b data-path-to-node=\"14,3,0\" data-index-in-node=\"0\">Seguridad y vigilancia:<\/b><span class=\"citation-345 citation-end-345\"> Seguimiento de sujetos a larga distancia con el zoom h\u00edbrido de 144x.<\/span><\/p>\n<\/li>\n<\/ul>","protected":false},"excerpt":{"rendered":"<p><span class=\"citation-359\">El <\/span><b data-path-to-node=\"0\" data-index-in-node=\"4\"><span class=\"citation-359\">C\u00e1mara card\u00e1n con sensor cu\u00e1druple GDU PQL01<\/span><\/b><span class=\"citation-359\"> es una carga \u00fatil multiprop\u00f3sito de alto rendimiento dise\u00f1ada espec\u00edficamente para <\/span><b data-path-to-node=\"0\" data-index-in-node=\"115\"><span class=\"citation-359\">Serie GDU S400<\/span><\/b><span class=\"citation-359 citation-end-359\"> drones industriales.<\/span> <span class=\"citation-358 citation-end-358\">Es una soluci\u00f3n de im\u00e1genes todo en uno que integra cuatro sensores distintos en una \u00fanica unidad estabilizada, lo que permite a los operadores alternar entre zoom de alta resoluci\u00f3n, vistas de gran angular, im\u00e1genes t\u00e9rmicas y medici\u00f3n de distancias por l\u00e1ser sin cambiar el hardware.<\/span><\/p>","protected":false},"featured_media":24152,"comment_status":"open","ping_status":"closed","template":"","meta":[],"product_brand":[1369],"product_cat":[29,1378,1363,1359],"product_tag":[1380,1375,1371],"class_list":{"0":"post-24148","1":"product","2":"type-product","3":"status-publish","4":"has-post-thumbnail","6":"product_brand-gdu-tech","7":"product_cat-drones","8":"product_cat-gdu-s400-payloads","9":"product_cat-gdu-s400-series","10":"product_cat-gdu-tech","11":"product_tag-gdu-s400-payloads","12":"product_tag-gdu-s400-series","13":"product_tag-gdu-tech","15":"first","16":"outofstock","17":"taxable","18":"shipping-taxable","19":"purchasable","20":"product-type-simple"},"yoast_head":"<!-- This site is optimized with the Yoast SEO plugin v27.4 - https:\/\/yoast.com\/product\/yoast-seo-wordpress\/ -->\n<title>GDU PQL01 Quad-Sensor Gimbal Camera - Ghostysky<\/title>\n<meta name=\"description\" content=\"The GDU PQL01 Quad-Sensor Gimbal Camera is a high-performance, multi-purpose payload specifically designed for the GDU S400 series industrial drones. It is an all-in-one imaging solution that integrates four distinct sensors into a single stabilized unit, allowing operators to switch between high-resolution zoom, wide-angle views, thermal imaging, and laser ranging without changing hardware.\" \/>\n<meta name=\"robots\" content=\"index, follow, max-snippet:-1, max-image-preview:large, max-video-preview:-1\" \/>\n<link rel=\"canonical\" href=\"https:\/\/www.ghostysky.com\/es\/producto-2\/gdu-pql01-quad-sensor-gimbal-camera\/\" \/>\n<meta property=\"og:locale\" content=\"es_ES\" \/>\n<meta property=\"og:type\" content=\"article\" \/>\n<meta property=\"og:title\" content=\"GDU PQL01 Quad-Sensor Gimbal Camera - Ghostysky\" \/>\n<meta property=\"og:description\" content=\"The GDU PQL01 Quad-Sensor Gimbal Camera is a high-performance, multi-purpose payload specifically designed for the GDU S400 series industrial drones. It is an all-in-one imaging solution that integrates four distinct sensors into a single stabilized unit, allowing operators to switch between high-resolution zoom, wide-angle views, thermal imaging, and laser ranging without changing hardware.\" \/>\n<meta property=\"og:url\" content=\"https:\/\/www.ghostysky.com\/es\/producto-2\/gdu-pql01-quad-sensor-gimbal-camera\/\" \/>\n<meta property=\"og:site_name\" content=\"Ghostysky\" \/>\n<meta property=\"article:publisher\" content=\"https:\/\/www.facebook.com\/people\/Ghostysky\/100057676170234\/\" \/>\n<meta property=\"article:modified_time\" content=\"2026-02-08T10:49:57+00:00\" \/>\n<meta property=\"og:image\" content=\"https:\/\/www.ghostysky.com\/wp-content\/uploads\/2026\/02\/GH_GDU-Tech-PQL01_1.webp\" \/>\n\t<meta property=\"og:image:width\" content=\"1200\" \/>\n\t<meta property=\"og:image:height\" content=\"1200\" \/>\n\t<meta property=\"og:image:type\" content=\"image\/webp\" \/>\n<meta name=\"twitter:card\" content=\"summary_large_image\" \/>\n<meta name=\"twitter:site\" content=\"@Gh0stysky\" \/>\n<meta name=\"twitter:label1\" content=\"Tiempo de lectura\" \/>\n\t<meta name=\"twitter:data1\" content=\"2 minutos\" \/>\n<script type=\"application\/ld+json\" class=\"yoast-schema-graph\">{\"@context\":\"https:\\\/\\\/schema.org\",\"@graph\":[{\"@type\":\"WebPage\",\"@id\":\"https:\\\/\\\/www.ghostysky.com\\\/product\\\/gdu-pql01-quad-sensor-gimbal-camera\\\/\",\"url\":\"https:\\\/\\\/www.ghostysky.com\\\/product\\\/gdu-pql01-quad-sensor-gimbal-camera\\\/\",\"name\":\"GDU PQL01 Quad-Sensor Gimbal Camera - Ghostysky\",\"isPartOf\":{\"@id\":\"https:\\\/\\\/www.ghostysky.com\\\/#website\"},\"primaryImageOfPage\":{\"@id\":\"https:\\\/\\\/www.ghostysky.com\\\/product\\\/gdu-pql01-quad-sensor-gimbal-camera\\\/#primaryimage\"},\"image\":{\"@id\":\"https:\\\/\\\/www.ghostysky.com\\\/product\\\/gdu-pql01-quad-sensor-gimbal-camera\\\/#primaryimage\"},\"thumbnailUrl\":\"https:\\\/\\\/www.ghostysky.com\\\/wp-content\\\/uploads\\\/2026\\\/02\\\/GH_GDU-Tech-PQL01_1.webp\",\"datePublished\":\"2026-02-08T10:22:06+00:00\",\"dateModified\":\"2026-02-08T10:49:57+00:00\",\"description\":\"The GDU PQL01 Quad-Sensor Gimbal Camera is a high-performance, multi-purpose payload specifically designed for the GDU S400 series industrial drones. It is an all-in-one imaging solution that integrates four distinct sensors into a single stabilized unit, allowing operators to switch between high-resolution zoom, wide-angle views, thermal imaging, and laser ranging without changing hardware.\",\"breadcrumb\":{\"@id\":\"https:\\\/\\\/www.ghostysky.com\\\/product\\\/gdu-pql01-quad-sensor-gimbal-camera\\\/#breadcrumb\"},\"inLanguage\":\"es\",\"potentialAction\":[{\"@type\":\"ReadAction\",\"target\":[\"https:\\\/\\\/www.ghostysky.com\\\/product\\\/gdu-pql01-quad-sensor-gimbal-camera\\\/\"]}]},{\"@type\":\"ImageObject\",\"inLanguage\":\"es\",\"@id\":\"https:\\\/\\\/www.ghostysky.com\\\/product\\\/gdu-pql01-quad-sensor-gimbal-camera\\\/#primaryimage\",\"url\":\"https:\\\/\\\/www.ghostysky.com\\\/wp-content\\\/uploads\\\/2026\\\/02\\\/GH_GDU-Tech-PQL01_1.webp\",\"contentUrl\":\"https:\\\/\\\/www.ghostysky.com\\\/wp-content\\\/uploads\\\/2026\\\/02\\\/GH_GDU-Tech-PQL01_1.webp\",\"width\":1200,\"height\":1200},{\"@type\":\"BreadcrumbList\",\"@id\":\"https:\\\/\\\/www.ghostysky.com\\\/product\\\/gdu-pql01-quad-sensor-gimbal-camera\\\/#breadcrumb\",\"itemListElement\":[{\"@type\":\"ListItem\",\"position\":1,\"name\":\"Home\",\"item\":\"https:\\\/\\\/www.ghostysky.com\\\/\"},{\"@type\":\"ListItem\",\"position\":2,\"name\":\"Shop\",\"item\":\"https:\\\/\\\/www.ghostysky.com\\\/shop\\\/\"},{\"@type\":\"ListItem\",\"position\":3,\"name\":\"GDU PQL01 Quad-Sensor Gimbal Camera\"}]},{\"@type\":\"WebSite\",\"@id\":\"https:\\\/\\\/www.ghostysky.com\\\/#website\",\"url\":\"https:\\\/\\\/www.ghostysky.com\\\/\",\"name\":\"Ghostysky\",\"description\":\"Delivering professional drones and services\",\"publisher\":{\"@id\":\"https:\\\/\\\/www.ghostysky.com\\\/#organization\"},\"potentialAction\":[{\"@type\":\"SearchAction\",\"target\":{\"@type\":\"EntryPoint\",\"urlTemplate\":\"https:\\\/\\\/www.ghostysky.com\\\/?s={search_term_string}\"},\"query-input\":{\"@type\":\"PropertyValueSpecification\",\"valueRequired\":true,\"valueName\":\"search_term_string\"}}],\"inLanguage\":\"es\"},{\"@type\":\"Organization\",\"@id\":\"https:\\\/\\\/www.ghostysky.com\\\/#organization\",\"name\":\"Ghostysky\",\"url\":\"https:\\\/\\\/www.ghostysky.com\\\/\",\"logo\":{\"@type\":\"ImageObject\",\"inLanguage\":\"es\",\"@id\":\"https:\\\/\\\/www.ghostysky.com\\\/#\\\/schema\\\/logo\\\/image\\\/\",\"url\":\"https:\\\/\\\/www.ghostysky.com\\\/wp-content\\\/uploads\\\/2020\\\/06\\\/cropped-ghostyskylogo_text_white2.png\",\"contentUrl\":\"https:\\\/\\\/www.ghostysky.com\\\/wp-content\\\/uploads\\\/2020\\\/06\\\/cropped-ghostyskylogo_text_white2.png\",\"width\":169,\"height\":56,\"caption\":\"Ghostysky\"},\"image\":{\"@id\":\"https:\\\/\\\/www.ghostysky.com\\\/#\\\/schema\\\/logo\\\/image\\\/\"},\"sameAs\":[\"https:\\\/\\\/www.facebook.com\\\/people\\\/Ghostysky\\\/100057676170234\\\/\",\"https:\\\/\\\/x.com\\\/Gh0stysky\",\"https:\\\/\\\/www.linkedin.com\\\/company\\\/34739653\",\"https:\\\/\\\/www.instagram.com\\\/gh0stysky\"]}]}<\/script>\n<!-- \/ Yoast SEO plugin. -->","yoast_head_json":{"title":"C\u00e1mara card\u00e1n con sensor cu\u00e1druple GDU PQL01 - Ghostysky","description":"La c\u00e1mara con estabilizador de cuatro sensores GDU PQL01 es una carga \u00fatil multiprop\u00f3sito de alto rendimiento, dise\u00f1ada espec\u00edficamente para los drones industriales de la serie GDU S400. Es una soluci\u00f3n integral de im\u00e1genes que integra cuatro sensores distintos en una sola unidad estabilizada, lo que permite a los operadores alternar entre zoom de alta resoluci\u00f3n, vistas gran angular, im\u00e1genes t\u00e9rmicas y medici\u00f3n de distancias l\u00e1ser sin necesidad de cambiar el hardware.","robots":{"index":"index","follow":"follow","max-snippet":"max-snippet:-1","max-image-preview":"max-image-preview:large","max-video-preview":"max-video-preview:-1"},"canonical":"https:\/\/www.ghostysky.com\/es\/producto-2\/gdu-pql01-quad-sensor-gimbal-camera\/","og_locale":"es_ES","og_type":"article","og_title":"GDU PQL01 Quad-Sensor Gimbal Camera - Ghostysky","og_description":"The GDU PQL01 Quad-Sensor Gimbal Camera is a high-performance, multi-purpose payload specifically designed for the GDU S400 series industrial drones. It is an all-in-one imaging solution that integrates four distinct sensors into a single stabilized unit, allowing operators to switch between high-resolution zoom, wide-angle views, thermal imaging, and laser ranging without changing hardware.","og_url":"https:\/\/www.ghostysky.com\/es\/producto-2\/gdu-pql01-quad-sensor-gimbal-camera\/","og_site_name":"Ghostysky","article_publisher":"https:\/\/www.facebook.com\/people\/Ghostysky\/100057676170234\/","article_modified_time":"2026-02-08T10:49:57+00:00","og_image":[{"width":1200,"height":1200,"url":"https:\/\/www.ghostysky.com\/wp-content\/uploads\/2026\/02\/GH_GDU-Tech-PQL01_1.webp","type":"image\/webp"}],"twitter_card":"summary_large_image","twitter_site":"@Gh0stysky","twitter_misc":{"Tiempo de lectura":"2 minutos"},"schema":{"@context":"https:\/\/schema.org","@graph":[{"@type":"WebPage","@id":"https:\/\/www.ghostysky.com\/product\/gdu-pql01-quad-sensor-gimbal-camera\/","url":"https:\/\/www.ghostysky.com\/product\/gdu-pql01-quad-sensor-gimbal-camera\/","name":"C\u00e1mara card\u00e1n con sensor cu\u00e1druple GDU PQL01 - Ghostysky","isPartOf":{"@id":"https:\/\/www.ghostysky.com\/#website"},"primaryImageOfPage":{"@id":"https:\/\/www.ghostysky.com\/product\/gdu-pql01-quad-sensor-gimbal-camera\/#primaryimage"},"image":{"@id":"https:\/\/www.ghostysky.com\/product\/gdu-pql01-quad-sensor-gimbal-camera\/#primaryimage"},"thumbnailUrl":"https:\/\/www.ghostysky.com\/wp-content\/uploads\/2026\/02\/GH_GDU-Tech-PQL01_1.webp","datePublished":"2026-02-08T10:22:06+00:00","dateModified":"2026-02-08T10:49:57+00:00","description":"La c\u00e1mara con estabilizador de cuatro sensores GDU PQL01 es una carga \u00fatil multiprop\u00f3sito de alto rendimiento, dise\u00f1ada espec\u00edficamente para los drones industriales de la serie GDU S400. Es una soluci\u00f3n integral de im\u00e1genes que integra cuatro sensores distintos en una sola unidad estabilizada, lo que permite a los operadores alternar entre zoom de alta resoluci\u00f3n, vistas gran angular, im\u00e1genes t\u00e9rmicas y medici\u00f3n de distancias l\u00e1ser sin necesidad de cambiar el hardware.","breadcrumb":{"@id":"https:\/\/www.ghostysky.com\/product\/gdu-pql01-quad-sensor-gimbal-camera\/#breadcrumb"},"inLanguage":"es","potentialAction":[{"@type":"ReadAction","target":["https:\/\/www.ghostysky.com\/product\/gdu-pql01-quad-sensor-gimbal-camera\/"]}]},{"@type":"ImageObject","inLanguage":"es","@id":"https:\/\/www.ghostysky.com\/product\/gdu-pql01-quad-sensor-gimbal-camera\/#primaryimage","url":"https:\/\/www.ghostysky.com\/wp-content\/uploads\/2026\/02\/GH_GDU-Tech-PQL01_1.webp","contentUrl":"https:\/\/www.ghostysky.com\/wp-content\/uploads\/2026\/02\/GH_GDU-Tech-PQL01_1.webp","width":1200,"height":1200},{"@type":"BreadcrumbList","@id":"https:\/\/www.ghostysky.com\/product\/gdu-pql01-quad-sensor-gimbal-camera\/#breadcrumb","itemListElement":[{"@type":"ListItem","position":1,"name":"Home","item":"https:\/\/www.ghostysky.com\/"},{"@type":"ListItem","position":2,"name":"Shop","item":"https:\/\/www.ghostysky.com\/shop\/"},{"@type":"ListItem","position":3,"name":"GDU PQL01 Quad-Sensor Gimbal Camera"}]},{"@type":"WebSite","@id":"https:\/\/www.ghostysky.com\/#website","url":"https:\/\/www.ghostysky.com\/","name":"Ghostysky","description":"Entrega de drones y servicios profesionales","publisher":{"@id":"https:\/\/www.ghostysky.com\/#organization"},"potentialAction":[{"@type":"SearchAction","target":{"@type":"EntryPoint","urlTemplate":"https:\/\/www.ghostysky.com\/?s={search_term_string}"},"query-input":{"@type":"PropertyValueSpecification","valueRequired":true,"valueName":"search_term_string"}}],"inLanguage":"es"},{"@type":"Organization","@id":"https:\/\/www.ghostysky.com\/#organization","name":"Ghostysky","url":"https:\/\/www.ghostysky.com\/","logo":{"@type":"ImageObject","inLanguage":"es","@id":"https:\/\/www.ghostysky.com\/#\/schema\/logo\/image\/","url":"https:\/\/www.ghostysky.com\/wp-content\/uploads\/2020\/06\/cropped-ghostyskylogo_text_white2.png","contentUrl":"https:\/\/www.ghostysky.com\/wp-content\/uploads\/2020\/06\/cropped-ghostyskylogo_text_white2.png","width":169,"height":56,"caption":"Ghostysky"},"image":{"@id":"https:\/\/www.ghostysky.com\/#\/schema\/logo\/image\/"},"sameAs":["https:\/\/www.facebook.com\/people\/Ghostysky\/100057676170234\/","https:\/\/x.com\/Gh0stysky","https:\/\/www.linkedin.com\/company\/34739653","https:\/\/www.instagram.com\/gh0stysky"]}]}},"_links":{"self":[{"href":"https:\/\/www.ghostysky.com\/es\/wp-json\/wp\/v2\/product\/24148","targetHints":{"allow":["GET"]}}],"collection":[{"href":"https:\/\/www.ghostysky.com\/es\/wp-json\/wp\/v2\/product"}],"about":[{"href":"https:\/\/www.ghostysky.com\/es\/wp-json\/wp\/v2\/types\/product"}],"replies":[{"embeddable":true,"href":"https:\/\/www.ghostysky.com\/es\/wp-json\/wp\/v2\/comments?post=24148"}],"version-history":[{"count":0,"href":"https:\/\/www.ghostysky.com\/es\/wp-json\/wp\/v2\/product\/24148\/revisions"}],"wp:featuredmedia":[{"embeddable":true,"href":"https:\/\/www.ghostysky.com\/es\/wp-json\/wp\/v2\/media\/24152"}],"wp:attachment":[{"href":"https:\/\/www.ghostysky.com\/es\/wp-json\/wp\/v2\/media?parent=24148"}],"wp:term":[{"taxonomy":"product_brand","embeddable":true,"href":"https:\/\/www.ghostysky.com\/es\/wp-json\/wp\/v2\/product_brand?post=24148"},{"taxonomy":"product_cat","embeddable":true,"href":"https:\/\/www.ghostysky.com\/es\/wp-json\/wp\/v2\/product_cat?post=24148"},{"taxonomy":"product_tag","embeddable":true,"href":"https:\/\/www.ghostysky.com\/es\/wp-json\/wp\/v2\/product_tag?post=24148"}],"curies":[{"name":"wp","href":"https:\/\/api.w.org\/{rel}","templated":true}]}}