{"id":24149,"date":"2026-02-08T10:22:06","date_gmt":"2026-02-08T10:22:06","guid":{"rendered":"https:\/\/www.ghostysky.com\/?post_type=product&#038;p=24149"},"modified":"2026-02-09T08:09:54","modified_gmt":"2026-02-09T08:09:54","slug":"gdu-pql02-compact-quad-sensor-gimbal","status":"publish","type":"product","link":"https:\/\/www.ghostysky.com\/es\/product\/gdu-pql02-compact-quad-sensor-gimbal\/","title":{"rendered":"Gimbal compacto de cuatro sensores GDU PQL02"},"content":{"rendered":"<h3 data-path-to-node=\"3\">Caracter\u00edsticas principales y sensores<\/h3>\n<p data-path-to-node=\"4\"><span class=\"citation-447 citation-end-447\">El PQL02 integra cuatro sensores esenciales para proporcionar una vista t\u00e1ctica completa:<\/span><\/p>\n<ul data-path-to-node=\"5\">\n<li>\n<p data-path-to-node=\"5,0,0\"><b data-path-to-node=\"5,0,0\" data-index-in-node=\"0\"><span class=\"citation-446\">C\u00e1mara gran angular:<\/span><\/b><span class=\"citation-446 citation-end-446\"> Cuenta con un sensor CMOS de 1\/1,49\u2033 capaz de capturar im\u00e1genes fijas de 8K (8000 x 6000) y videos de alta resoluci\u00f3n, ideal para un amplio conocimiento de la situaci\u00f3n.<\/span><\/p>\n<\/li>\n<li>\n<p data-path-to-node=\"5,1,0\"><b data-path-to-node=\"5,1,0\" data-index-in-node=\"0\"><span class=\"citation-445\">C\u00e1mara con teleobjetivo (zoom):<\/span><\/b><span class=\"citation-445\"> Equipado con un sensor CMOS de 1\/2\u2033 y <\/span><b data-path-to-node=\"5,1,0\" data-index-in-node=\"62\"><span class=\"citation-445\">Zoom \u00f3ptico h\u00edbrido de 10x<\/span><\/b><span class=\"citation-445 citation-end-445\"> (hasta 160x zoom digital total).<\/span> Admite video de 8K\/15 fps o 4K\/60 fps, lo que permite realizar inspecciones detalladas desde una distancia segura.<\/p>\n<\/li>\n<li>\n<p data-path-to-node=\"5,2,0\"><b data-path-to-node=\"5,2,0\" data-index-in-node=\"0\"><span class=\"citation-444\">C\u00e1mara infrarroja (t\u00e9rmica):<\/span><\/b><span class=\"citation-444 citation-end-444\"> Un sensor con resoluci\u00f3n de 640 x 512 (disponible en distancias focales de 13 mm o 25 mm) para medici\u00f3n precisa de temperatura y detecci\u00f3n de firma de calor en entornos de baja visibilidad.<\/span><\/p>\n<\/li>\n<li>\n<p data-path-to-node=\"5,3,0\"><b data-path-to-node=\"5,3,0\" data-index-in-node=\"0\"><span class=\"citation-443\">Localizador Laser:<\/span><\/b><span class=\"citation-443\"> Proporciona mediciones de distancia de alta precisi\u00f3n desde <\/span><b data-path-to-node=\"5,3,0\" data-index-in-node=\"70\"><span class=\"citation-443\">10m a 1500m<\/span><\/b><span class=\"citation-443 citation-end-443\">, ayudando con la localizaci\u00f3n de objetivos y el c\u00e1lculo de coordenadas.<\/span><\/p>\n<div class=\"source-inline-chip-container ng-star-inserted\"><\/div>\n<p>&nbsp;<\/li>\n<\/ul>\n<h3 data-path-to-node=\"7\">Especificaciones t\u00e9cnicas<\/h3>\n<table data-path-to-node=\"8\">\n<thead>\n<tr>\n<td><strong>Caracter\u00edstica<\/strong><\/td>\n<td><strong>Especificaci\u00f3n<\/strong><\/td>\n<\/tr>\n<\/thead>\n<tbody>\n<tr>\n<td><span data-path-to-node=\"8,1,0,0\"><b data-path-to-node=\"8,1,0,0\" data-index-in-node=\"0\">Peso<\/b><\/span><\/td>\n<td><span data-path-to-node=\"8,1,1,0\">~380 g (13,4 oz)<\/span><\/td>\n<\/tr>\n<tr>\n<td><span data-path-to-node=\"8,2,0,0\"><b data-path-to-node=\"8,2,0,0\" data-index-in-node=\"0\">Estabilizaci\u00f3n<\/b><\/span><\/td>\n<td><span data-path-to-node=\"8,2,1,0\">Card\u00e1n mec\u00e1nico de 3 ejes (gui\u00f1ada, balanceo, inclinaci\u00f3n)<\/span><\/td>\n<\/tr>\n<tr>\n<td><span data-path-to-node=\"8,3,0,0\"><b data-path-to-node=\"8,3,0,0\" data-index-in-node=\"0\">Resoluci\u00f3n de video<\/b><\/span><\/td>\n<td><span data-path-to-node=\"8,3,1,0\">8K a 15 fps<\/span><\/td>\n<\/tr>\n<tr>\n<td><span data-path-to-node=\"8,4,0,0\"><b data-path-to-node=\"8,4,0,0\" data-index-in-node=\"0\">Resoluci\u00f3n t\u00e9rmica<\/b><\/span><\/td>\n<td><span data-path-to-node=\"8,4,1,0\">640 x 512<\/span><\/td>\n<\/tr>\n<tr>\n<td><span data-path-to-node=\"8,5,0,0\"><b data-path-to-node=\"8,5,0,0\" data-index-in-node=\"0\">Potencia de c\u00f3mputo<\/b><\/span><\/td>\n<td><span data-path-to-node=\"8,5,1,0\">Chip de procesamiento de IA de 10,4 T<\/span><\/td>\n<\/tr>\n<tr>\n<td><span data-path-to-node=\"8,6,0,0\"><b data-path-to-node=\"8,6,0,0\" data-index-in-node=\"0\">Clasificaci\u00f3n de protecci\u00f3n<\/b><\/span><\/td>\n<td><span data-path-to-node=\"8,6,1,0\">IP44 (resistente al polvo y a las salpicaduras de agua)<\/span><\/td>\n<\/tr>\n<tr>\n<td><span data-path-to-node=\"8,7,0,0\"><b data-path-to-node=\"8,7,0,0\" data-index-in-node=\"0\">Almacenamiento<\/b><\/span><\/td>\n<td><span data-path-to-node=\"8,7,1,0\">microSD hasta 512 GB (se recomienda UHS-I U3)<\/span><\/td>\n<\/tr>\n<\/tbody>\n<\/table>\n<p>&nbsp;<\/p>\n<h3 data-path-to-node=\"10\">Capacidades inteligentes<\/h3>\n<ul data-path-to-node=\"11\">\n<li>\n<p data-path-to-node=\"11,0,0\"><b data-path-to-node=\"11,0,0\" data-index-in-node=\"0\">Seguimiento de objetivos mediante IA:<\/b><span class=\"citation-442 citation-end-442\"> La potencia de c\u00e1lculo integrada de 10,4 T permite la identificaci\u00f3n aut\u00f3noma y el seguimiento continuo de objetos en movimiento.<\/span><\/p>\n<\/li>\n<li>\n<p data-path-to-node=\"11,1,0\"><b data-path-to-node=\"11,1,0\" data-index-in-node=\"0\"><span class=\"citation-441\">Fusi\u00f3n multisensor:<\/span><\/b><span class=\"citation-441 citation-end-441\"> Los pilotos pueden ver diferentes se\u00f1ales de sensores simult\u00e1neamente o usar \u201cLink Zooming\u201d, donde las c\u00e1maras t\u00e9rmicas y visibles hacen zoom en sincron\u00eda para mantener el contexto.<\/span><\/p>\n<\/li>\n<li>\n<p data-path-to-node=\"11,2,0\"><b data-path-to-node=\"11,2,0\" data-index-in-node=\"0\"><span class=\"citation-440\">Dise\u00f1o robusto:<\/span><\/b><span class=\"citation-440\"> Con un <\/span><b data-path-to-node=\"11,2,0\" data-index-in-node=\"23\"><span class=\"citation-440\">Clasificaci\u00f3n IP44<\/span><\/b><span class=\"citation-440 citation-end-440\">, El PQL02 est\u00e1 dise\u00f1ado para funcionar en condiciones clim\u00e1ticas dif\u00edciles, lo que garantiza su confiabilidad durante misiones de respuesta a emergencias.<\/span><\/p>\n<\/li>\n<\/ul>","protected":false},"excerpt":{"rendered":"<p><span class=\"citation-450\">El <\/span><b data-path-to-node=\"0\" data-index-in-node=\"4\"><span class=\"citation-450\">Gimbal compacto de cuatro sensores GDU PQL02<\/span><\/b><span class=\"citation-450 citation-end-450\"> es una carga \u00fatil a\u00e9rea de nivel profesional dise\u00f1ada para los drones de la serie GDU S400.<\/span> <span class=\"citation-449 citation-end-449\">Est\u00e1 dise\u00f1ado para aplicaciones industriales de alta precisi\u00f3n, incluida la seguridad p\u00fablica, la inspecci\u00f3n de l\u00edneas el\u00e9ctricas y la b\u00fasqueda y rescate (SAR).<\/span><\/p>","protected":false},"featured_media":24178,"comment_status":"open","ping_status":"closed","template":"","meta":[],"product_brand":[1369],"product_cat":[29,1378,1363,1359],"product_tag":[1380,1375,1371],"class_list":{"0":"post-24149","1":"product","2":"type-product","3":"status-publish","4":"has-post-thumbnail","6":"product_brand-gdu-tech","7":"product_cat-drones","8":"product_cat-gdu-s400-payloads","9":"product_cat-gdu-s400-series","10":"product_cat-gdu-tech","11":"product_tag-gdu-s400-payloads","12":"product_tag-gdu-s400-series","13":"product_tag-gdu-tech","15":"first","16":"outofstock","17":"taxable","18":"shipping-taxable","19":"product-type-simple"},"yoast_head":"<!-- This site is optimized with the Yoast SEO plugin v27.4 - https:\/\/yoast.com\/product\/yoast-seo-wordpress\/ -->\n<title>GDU PQL02 Compact Quad-Sensor Gimbal - Ghostysky<\/title>\n<meta name=\"description\" content=\"The GDU PQL02 Compact Quad-Sensor Gimbal is a professional-grade aerial payload designed for the GDU S400 series drones. It is engineered for high-precision industrial applications, including public safety, power line inspection, and search and rescue (SAR).\" \/>\n<meta name=\"robots\" content=\"index, follow, max-snippet:-1, max-image-preview:large, max-video-preview:-1\" \/>\n<link rel=\"canonical\" href=\"https:\/\/www.ghostysky.com\/es\/producto-2\/gdu-pql02-compact-quad-sensor-gimbal\/\" \/>\n<meta property=\"og:locale\" content=\"es_ES\" \/>\n<meta property=\"og:type\" content=\"article\" \/>\n<meta property=\"og:title\" content=\"GDU PQL02 Compact Quad-Sensor Gimbal - Ghostysky\" \/>\n<meta property=\"og:description\" content=\"The GDU PQL02 Compact Quad-Sensor Gimbal is a professional-grade aerial payload designed for the GDU S400 series drones. It is engineered for high-precision industrial applications, including public safety, power line inspection, and search and rescue (SAR).\" \/>\n<meta property=\"og:url\" content=\"https:\/\/www.ghostysky.com\/es\/producto-2\/gdu-pql02-compact-quad-sensor-gimbal\/\" \/>\n<meta property=\"og:site_name\" content=\"Ghostysky\" \/>\n<meta property=\"article:publisher\" content=\"https:\/\/www.facebook.com\/people\/Ghostysky\/100057676170234\/\" \/>\n<meta property=\"article:modified_time\" content=\"2026-02-09T08:09:54+00:00\" \/>\n<meta property=\"og:image\" content=\"https:\/\/www.ghostysky.com\/wp-content\/uploads\/2026\/02\/GH_GDU_PQL02_1.webp\" \/>\n\t<meta property=\"og:image:width\" content=\"1200\" \/>\n\t<meta property=\"og:image:height\" content=\"1200\" \/>\n\t<meta property=\"og:image:type\" content=\"image\/webp\" \/>\n<meta name=\"twitter:card\" content=\"summary_large_image\" \/>\n<meta name=\"twitter:site\" content=\"@Gh0stysky\" \/>\n<meta name=\"twitter:label1\" content=\"Tiempo de lectura\" \/>\n\t<meta name=\"twitter:data1\" content=\"2 minutos\" \/>\n<script type=\"application\/ld+json\" class=\"yoast-schema-graph\">{\"@context\":\"https:\\\/\\\/schema.org\",\"@graph\":[{\"@type\":\"WebPage\",\"@id\":\"https:\\\/\\\/www.ghostysky.com\\\/product\\\/gdu-pql02-compact-quad-sensor-gimbal\\\/\",\"url\":\"https:\\\/\\\/www.ghostysky.com\\\/product\\\/gdu-pql02-compact-quad-sensor-gimbal\\\/\",\"name\":\"GDU PQL02 Compact Quad-Sensor Gimbal - Ghostysky\",\"isPartOf\":{\"@id\":\"https:\\\/\\\/www.ghostysky.com\\\/#website\"},\"primaryImageOfPage\":{\"@id\":\"https:\\\/\\\/www.ghostysky.com\\\/product\\\/gdu-pql02-compact-quad-sensor-gimbal\\\/#primaryimage\"},\"image\":{\"@id\":\"https:\\\/\\\/www.ghostysky.com\\\/product\\\/gdu-pql02-compact-quad-sensor-gimbal\\\/#primaryimage\"},\"thumbnailUrl\":\"https:\\\/\\\/www.ghostysky.com\\\/wp-content\\\/uploads\\\/2026\\\/02\\\/GH_GDU_PQL02_1.webp\",\"datePublished\":\"2026-02-08T10:22:06+00:00\",\"dateModified\":\"2026-02-09T08:09:54+00:00\",\"description\":\"The GDU PQL02 Compact Quad-Sensor Gimbal is a professional-grade aerial payload designed for the GDU S400 series drones. It is engineered for high-precision industrial applications, including public safety, power line inspection, and search and rescue (SAR).\",\"breadcrumb\":{\"@id\":\"https:\\\/\\\/www.ghostysky.com\\\/product\\\/gdu-pql02-compact-quad-sensor-gimbal\\\/#breadcrumb\"},\"inLanguage\":\"es\",\"potentialAction\":[{\"@type\":\"ReadAction\",\"target\":[\"https:\\\/\\\/www.ghostysky.com\\\/product\\\/gdu-pql02-compact-quad-sensor-gimbal\\\/\"]}]},{\"@type\":\"ImageObject\",\"inLanguage\":\"es\",\"@id\":\"https:\\\/\\\/www.ghostysky.com\\\/product\\\/gdu-pql02-compact-quad-sensor-gimbal\\\/#primaryimage\",\"url\":\"https:\\\/\\\/www.ghostysky.com\\\/wp-content\\\/uploads\\\/2026\\\/02\\\/GH_GDU_PQL02_1.webp\",\"contentUrl\":\"https:\\\/\\\/www.ghostysky.com\\\/wp-content\\\/uploads\\\/2026\\\/02\\\/GH_GDU_PQL02_1.webp\",\"width\":1200,\"height\":1200},{\"@type\":\"BreadcrumbList\",\"@id\":\"https:\\\/\\\/www.ghostysky.com\\\/product\\\/gdu-pql02-compact-quad-sensor-gimbal\\\/#breadcrumb\",\"itemListElement\":[{\"@type\":\"ListItem\",\"position\":1,\"name\":\"Home\",\"item\":\"https:\\\/\\\/www.ghostysky.com\\\/\"},{\"@type\":\"ListItem\",\"position\":2,\"name\":\"Shop\",\"item\":\"https:\\\/\\\/www.ghostysky.com\\\/shop\\\/\"},{\"@type\":\"ListItem\",\"position\":3,\"name\":\"GDU PQL02 Compact Quad-Sensor Gimbal\"}]},{\"@type\":\"WebSite\",\"@id\":\"https:\\\/\\\/www.ghostysky.com\\\/#website\",\"url\":\"https:\\\/\\\/www.ghostysky.com\\\/\",\"name\":\"Ghostysky\",\"description\":\"Delivering professional drones and robotics solutions\",\"publisher\":{\"@id\":\"https:\\\/\\\/www.ghostysky.com\\\/#organization\"},\"potentialAction\":[{\"@type\":\"SearchAction\",\"target\":{\"@type\":\"EntryPoint\",\"urlTemplate\":\"https:\\\/\\\/www.ghostysky.com\\\/?s={search_term_string}\"},\"query-input\":{\"@type\":\"PropertyValueSpecification\",\"valueRequired\":true,\"valueName\":\"search_term_string\"}}],\"inLanguage\":\"es\"},{\"@type\":\"Organization\",\"@id\":\"https:\\\/\\\/www.ghostysky.com\\\/#organization\",\"name\":\"Ghostysky\",\"url\":\"https:\\\/\\\/www.ghostysky.com\\\/\",\"logo\":{\"@type\":\"ImageObject\",\"inLanguage\":\"es\",\"@id\":\"https:\\\/\\\/www.ghostysky.com\\\/#\\\/schema\\\/logo\\\/image\\\/\",\"url\":\"https:\\\/\\\/www.ghostysky.com\\\/wp-content\\\/uploads\\\/2020\\\/06\\\/cropped-ghostyskylogo_text_white2.png\",\"contentUrl\":\"https:\\\/\\\/www.ghostysky.com\\\/wp-content\\\/uploads\\\/2020\\\/06\\\/cropped-ghostyskylogo_text_white2.png\",\"width\":169,\"height\":56,\"caption\":\"Ghostysky\"},\"image\":{\"@id\":\"https:\\\/\\\/www.ghostysky.com\\\/#\\\/schema\\\/logo\\\/image\\\/\"},\"sameAs\":[\"https:\\\/\\\/www.facebook.com\\\/people\\\/Ghostysky\\\/100057676170234\\\/\",\"https:\\\/\\\/x.com\\\/Gh0stysky\",\"https:\\\/\\\/www.linkedin.com\\\/company\\\/34739653\",\"https:\\\/\\\/www.instagram.com\\\/gh0stysky\"]}]}<\/script>\n<!-- \/ Yoast SEO plugin. -->","yoast_head_json":{"title":"Gimbal compacto de cuatro sensores GDU PQL02 - Ghostysky","description":"El estabilizador compacto de cuatro sensores GDU PQL02 es una carga \u00fatil a\u00e9rea de calidad profesional dise\u00f1ada para los drones de la serie GDU S400. Est\u00e1 dise\u00f1ado para aplicaciones industriales de alta precisi\u00f3n, como seguridad p\u00fablica, inspecci\u00f3n de l\u00edneas el\u00e9ctricas y b\u00fasqueda y rescate (SAR).","robots":{"index":"index","follow":"follow","max-snippet":"max-snippet:-1","max-image-preview":"max-image-preview:large","max-video-preview":"max-video-preview:-1"},"canonical":"https:\/\/www.ghostysky.com\/es\/producto-2\/gdu-pql02-compact-quad-sensor-gimbal\/","og_locale":"es_ES","og_type":"article","og_title":"GDU PQL02 Compact Quad-Sensor Gimbal - Ghostysky","og_description":"The GDU PQL02 Compact Quad-Sensor Gimbal is a professional-grade aerial payload designed for the GDU S400 series drones. It is engineered for high-precision industrial applications, including public safety, power line inspection, and search and rescue (SAR).","og_url":"https:\/\/www.ghostysky.com\/es\/producto-2\/gdu-pql02-compact-quad-sensor-gimbal\/","og_site_name":"Ghostysky","article_publisher":"https:\/\/www.facebook.com\/people\/Ghostysky\/100057676170234\/","article_modified_time":"2026-02-09T08:09:54+00:00","og_image":[{"width":1200,"height":1200,"url":"https:\/\/www.ghostysky.com\/wp-content\/uploads\/2026\/02\/GH_GDU_PQL02_1.webp","type":"image\/webp"}],"twitter_card":"summary_large_image","twitter_site":"@Gh0stysky","twitter_misc":{"Tiempo de lectura":"2 minutos"},"schema":{"@context":"https:\/\/schema.org","@graph":[{"@type":"WebPage","@id":"https:\/\/www.ghostysky.com\/product\/gdu-pql02-compact-quad-sensor-gimbal\/","url":"https:\/\/www.ghostysky.com\/product\/gdu-pql02-compact-quad-sensor-gimbal\/","name":"Gimbal compacto de cuatro sensores GDU PQL02 - Ghostysky","isPartOf":{"@id":"https:\/\/www.ghostysky.com\/#website"},"primaryImageOfPage":{"@id":"https:\/\/www.ghostysky.com\/product\/gdu-pql02-compact-quad-sensor-gimbal\/#primaryimage"},"image":{"@id":"https:\/\/www.ghostysky.com\/product\/gdu-pql02-compact-quad-sensor-gimbal\/#primaryimage"},"thumbnailUrl":"https:\/\/www.ghostysky.com\/wp-content\/uploads\/2026\/02\/GH_GDU_PQL02_1.webp","datePublished":"2026-02-08T10:22:06+00:00","dateModified":"2026-02-09T08:09:54+00:00","description":"El estabilizador compacto de cuatro sensores GDU PQL02 es una carga \u00fatil a\u00e9rea de calidad profesional dise\u00f1ada para los drones de la serie GDU S400. Est\u00e1 dise\u00f1ado para aplicaciones industriales de alta precisi\u00f3n, como seguridad p\u00fablica, inspecci\u00f3n de l\u00edneas el\u00e9ctricas y b\u00fasqueda y rescate (SAR).","breadcrumb":{"@id":"https:\/\/www.ghostysky.com\/product\/gdu-pql02-compact-quad-sensor-gimbal\/#breadcrumb"},"inLanguage":"es","potentialAction":[{"@type":"ReadAction","target":["https:\/\/www.ghostysky.com\/product\/gdu-pql02-compact-quad-sensor-gimbal\/"]}]},{"@type":"ImageObject","inLanguage":"es","@id":"https:\/\/www.ghostysky.com\/product\/gdu-pql02-compact-quad-sensor-gimbal\/#primaryimage","url":"https:\/\/www.ghostysky.com\/wp-content\/uploads\/2026\/02\/GH_GDU_PQL02_1.webp","contentUrl":"https:\/\/www.ghostysky.com\/wp-content\/uploads\/2026\/02\/GH_GDU_PQL02_1.webp","width":1200,"height":1200},{"@type":"BreadcrumbList","@id":"https:\/\/www.ghostysky.com\/product\/gdu-pql02-compact-quad-sensor-gimbal\/#breadcrumb","itemListElement":[{"@type":"ListItem","position":1,"name":"Home","item":"https:\/\/www.ghostysky.com\/"},{"@type":"ListItem","position":2,"name":"Shop","item":"https:\/\/www.ghostysky.com\/shop\/"},{"@type":"ListItem","position":3,"name":"GDU PQL02 Compact Quad-Sensor Gimbal"}]},{"@type":"WebSite","@id":"https:\/\/www.ghostysky.com\/#website","url":"https:\/\/www.ghostysky.com\/","name":"Ghostysky","description":"Ofrecemos soluciones profesionales de drones y rob\u00f3tica.","publisher":{"@id":"https:\/\/www.ghostysky.com\/#organization"},"potentialAction":[{"@type":"SearchAction","target":{"@type":"EntryPoint","urlTemplate":"https:\/\/www.ghostysky.com\/?s={search_term_string}"},"query-input":{"@type":"PropertyValueSpecification","valueRequired":true,"valueName":"search_term_string"}}],"inLanguage":"es"},{"@type":"Organization","@id":"https:\/\/www.ghostysky.com\/#organization","name":"Ghostysky","url":"https:\/\/www.ghostysky.com\/","logo":{"@type":"ImageObject","inLanguage":"es","@id":"https:\/\/www.ghostysky.com\/#\/schema\/logo\/image\/","url":"https:\/\/www.ghostysky.com\/wp-content\/uploads\/2020\/06\/cropped-ghostyskylogo_text_white2.png","contentUrl":"https:\/\/www.ghostysky.com\/wp-content\/uploads\/2020\/06\/cropped-ghostyskylogo_text_white2.png","width":169,"height":56,"caption":"Ghostysky"},"image":{"@id":"https:\/\/www.ghostysky.com\/#\/schema\/logo\/image\/"},"sameAs":["https:\/\/www.facebook.com\/people\/Ghostysky\/100057676170234\/","https:\/\/x.com\/Gh0stysky","https:\/\/www.linkedin.com\/company\/34739653","https:\/\/www.instagram.com\/gh0stysky"]}]}},"_links":{"self":[{"href":"https:\/\/www.ghostysky.com\/es\/wp-json\/wp\/v2\/product\/24149","targetHints":{"allow":["GET"]}}],"collection":[{"href":"https:\/\/www.ghostysky.com\/es\/wp-json\/wp\/v2\/product"}],"about":[{"href":"https:\/\/www.ghostysky.com\/es\/wp-json\/wp\/v2\/types\/product"}],"replies":[{"embeddable":true,"href":"https:\/\/www.ghostysky.com\/es\/wp-json\/wp\/v2\/comments?post=24149"}],"version-history":[{"count":0,"href":"https:\/\/www.ghostysky.com\/es\/wp-json\/wp\/v2\/product\/24149\/revisions"}],"wp:featuredmedia":[{"embeddable":true,"href":"https:\/\/www.ghostysky.com\/es\/wp-json\/wp\/v2\/media\/24178"}],"wp:attachment":[{"href":"https:\/\/www.ghostysky.com\/es\/wp-json\/wp\/v2\/media?parent=24149"}],"wp:term":[{"taxonomy":"product_brand","embeddable":true,"href":"https:\/\/www.ghostysky.com\/es\/wp-json\/wp\/v2\/product_brand?post=24149"},{"taxonomy":"product_cat","embeddable":true,"href":"https:\/\/www.ghostysky.com\/es\/wp-json\/wp\/v2\/product_cat?post=24149"},{"taxonomy":"product_tag","embeddable":true,"href":"https:\/\/www.ghostysky.com\/es\/wp-json\/wp\/v2\/product_tag?post=24149"}],"curies":[{"name":"wp","href":"https:\/\/api.w.org\/{rel}","templated":true}]}}