{"id":24156,"date":"2026-02-08T10:48:02","date_gmt":"2026-02-08T10:48:02","guid":{"rendered":"https:\/\/www.ghostysky.com\/?post_type=product&#038;p=24156"},"modified":"2026-02-08T11:32:38","modified_gmt":"2026-02-08T11:32:38","slug":"gdu-amm01-multi-payload-mount","status":"publish","type":"product","link":"https:\/\/www.ghostysky.com\/es\/product\/gdu-amm01-multi-payload-mount\/","title":{"rendered":"Montaje de carga m\u00faltiple GDU AMM01"},"content":{"rendered":"<h3 data-path-to-node=\"2\">Caracter\u00edsticas y funcionalidades clave<\/h3>\n<h3 data-path-to-node=\"3\">1. Capacidad de carga \u00fatil dual<\/h3>\n<p data-path-to-node=\"4\">El AMM01 act\u00faa como un puente que permite al S400E transportar y controlar <b data-path-to-node=\"4\" data-index-in-node=\"71\">dos cargas \u00fatiles independientes<\/b> Al mismo tiempo. Esto elimina la necesidad de m\u00faltiples vuelos para recopilar diferentes tipos de datos (por ejemplo, t\u00e9rmicos y LiDAR).<\/p>\n<h3 data-path-to-node=\"5\">2. Soporte de alta carga \u00fatil<\/h3>\n<p data-path-to-node=\"6\">Dise\u00f1ado espec\u00edficamente para soportar la robusta potencia de elevaci\u00f3n del S400E, el soporte facilita la carga externa m\u00e1xima del dron de hasta <b data-path-to-node=\"6\" data-index-in-node=\"133\">3 kilos<\/b>. Esto lo hace compatible con sensores pesados, incluidos:<\/p>\n<ul data-path-to-node=\"7\">\n<li>\n<p data-path-to-node=\"7,0,0\"><b data-path-to-node=\"7,0,0\" data-index-in-node=\"0\">C\u00e1maras de cuatro sensores PQL01\/PQL02<\/b> (Gran angular + Zoom + T\u00e9rmico + Tel\u00e9metro l\u00e1ser)<\/p>\n<\/li>\n<li>\n<p data-path-to-node=\"7,1,0\"><b data-path-to-node=\"7,1,0\" data-index-in-node=\"0\"><span class=\"citation-381 citation-end-381\">Esc\u00e1neres LiDAR PLI01<\/span><\/b><\/p>\n<\/li>\n<li>\n<p data-path-to-node=\"7,2,0\"><b data-path-to-node=\"7,2,0\" data-index-in-node=\"0\"><span class=\"citation-380 citation-end-380\">C\u00e1maras de doble sensor PDL-1K\/300<\/span><\/b><\/p>\n<\/li>\n<li>\n<p data-path-to-node=\"7,3,0\"><b data-path-to-node=\"7,3,0\" data-index-in-node=\"0\">Herramientas especializadas<\/b> como meg\u00e1fonos o reflectores.<\/p>\n<\/li>\n<\/ul>\n<h3 data-path-to-node=\"8\">3. Energ\u00eda y datos integrados<\/h3>\n<p data-path-to-node=\"9\">El soporte no es solo un soporte f\u00edsico; cuenta con un <b data-path-to-node=\"9\" data-index-in-node=\"57\">cable de conexi\u00f3n de alimentaci\u00f3n integrado<\/b> Se conecta al puerto de alimentaci\u00f3n externo del S400E. Esto proporciona:<\/p>\n<ul data-path-to-node=\"10\">\n<li>\n<p data-path-to-node=\"10,0,0\">Alimentaci\u00f3n directa a ambas cargas \u00fatiles desde la bater\u00eda principal del dron.<\/p>\n<\/li>\n<li>\n<p data-path-to-node=\"10,1,0\">Transmisi\u00f3n de datos sin interrupciones a la aplicaci\u00f3n GDU Flight II para monitoreo en tiempo real de ambas transmisiones.<\/p>\n<\/li>\n<\/ul>\n<h3 data-path-to-node=\"11\">4. Construcci\u00f3n industrial robusta<\/h3>\n<p data-path-to-node=\"12\">En consonancia con la clasificaci\u00f3n IP45 del S400E, el AMM01 est\u00e1 construido con materiales de grado aeron\u00e1utico (probablemente una aleaci\u00f3n de magnesio o aluminio) para garantizar la estabilidad y durabilidad en condiciones clim\u00e1ticas adversas.<\/p>\n<h3 data-path-to-node=\"14\">Especificaciones t\u00e9cnicas (de un vistazo)<\/h3>\n<table data-path-to-node=\"15\">\n<thead>\n<tr>\n<td><strong>Caracter\u00edstica<\/strong><\/td>\n<td><strong>Detalles<\/strong><\/td>\n<\/tr>\n<\/thead>\n<tbody>\n<tr>\n<td><span data-path-to-node=\"15,1,0,0\"><b data-path-to-node=\"15,1,0,0\" data-index-in-node=\"0\">Compatibilidad<\/b><\/span><\/td>\n<td><span data-path-to-node=\"15,1,1,0\">Serie GDU S400E<\/span><\/td>\n<\/tr>\n<tr>\n<td><span data-path-to-node=\"15,2,0,0\"><b data-path-to-node=\"15,2,0,0\" data-index-in-node=\"0\">Tipo de montaje<\/b><\/span><\/td>\n<td><span data-path-to-node=\"15,2,1,0\">Interfaz de doble card\u00e1n descendente<\/span><\/td>\n<\/tr>\n<tr>\n<td><span data-path-to-node=\"15,3,0,0\"><b data-path-to-node=\"15,3,0,0\" data-index-in-node=\"0\">Carga m\u00e1xima combinada<\/b><\/span><\/td>\n<td><span data-path-to-node=\"15,3,1,0\">3 kg (limitado a la aeronave)<\/span><\/td>\n<\/tr>\n<tr>\n<td><span data-path-to-node=\"15,4,0,0\"><b data-path-to-node=\"15,4,0,0\" data-index-in-node=\"0\">Conectividad<\/b><\/span><\/td>\n<td><span data-path-to-node=\"15,4,1,0\">Anillo giratorio de liberaci\u00f3n r\u00e1pida con cable de alimentaci\u00f3n externo<\/span><\/td>\n<\/tr>\n<tr>\n<td><span data-path-to-node=\"15,5,0,0\"><b data-path-to-node=\"15,5,0,0\" data-index-in-node=\"0\">Material<\/b><\/span><\/td>\n<td><span data-path-to-node=\"15,5,1,0\">Aleaci\u00f3n industrial ligera y de alta resistencia.<\/span><\/td>\n<\/tr>\n<\/tbody>\n<\/table>\n<p>&nbsp;<\/p>\n<h3 data-path-to-node=\"17\">Instalaci\u00f3n y uso<\/h3>\n<p data-path-to-node=\"18\">El soporte utiliza un <b data-path-to-node=\"18\" data-index-in-node=\"17\">mecanismo de liberaci\u00f3n r\u00e1pida<\/b> para la eficiencia en el campo:<\/p>\n<ol start=\"1\" data-path-to-node=\"19\">\n<li>\n<p data-path-to-node=\"19,0,0\"><b data-path-to-node=\"19,0,0\" data-index-in-node=\"0\">Alineaci\u00f3n:<\/b> Alinee el punto rojo del AMM01 con la interfaz de carga \u00fatil del UAV.<\/p>\n<\/li>\n<li>\n<p data-path-to-node=\"19,1,0\"><b data-path-to-node=\"19,1,0\" data-index-in-node=\"0\">Cierre:<\/b> Presione y gire el anillo de bloqueo 90\u00b0 en el sentido de las agujas del reloj hasta que encaje en su lugar.<\/p>\n<\/li>\n<li>\n<p data-path-to-node=\"19,2,0\"><b data-path-to-node=\"19,2,0\" data-index-in-node=\"0\">Alimentaci\u00f3n:<\/b> Conecte el cable integrado al puerto de alimentaci\u00f3n de la aeronave para activar los sensores de montaje dual.<\/p>\n<\/li>\n<\/ol>\n<blockquote data-path-to-node=\"20\">\n<p data-path-to-node=\"20,0\"><b data-path-to-node=\"20,0\" data-index-in-node=\"0\"><span class=\"citation-379\">Nota:<\/span><\/b><span class=\"citation-379\"> Al volar con cargas \u00fatiles m\u00e1ximas a trav\u00e9s del AMM01, se recomienda mantener las velocidades de vuelo por debajo de <\/span><b data-path-to-node=\"20,0\" data-index-in-node=\"101\"><span class=\"citation-379\">15 m\/s<\/span><\/b><span class=\"citation-379 citation-end-379\"> para garantizar una estabilidad \u00f3ptima del card\u00e1n y la seguridad de la aeronave.<\/span><\/p>\n<\/blockquote>","protected":false},"excerpt":{"rendered":"<p><span class=\"citation-382\">El <\/span><b data-path-to-node=\"0\" data-index-in-node=\"4\"><span class=\"citation-382\">Montaje de carga m\u00faltiple GDU AMM01<\/span><\/b><span class=\"citation-382\"> es un accesorio de expansi\u00f3n especializado dise\u00f1ado para <\/span><b data-path-to-node=\"0\" data-index-in-node=\"88\"><span class=\"citation-382\">Unidad de distribuci\u00f3n global S400E<\/span><\/b><span class=\"citation-382 citation-end-382\"> dron industrial.<\/span> Transforma la capacidad de card\u00e1n \u00fanico del dron en un sistema de puerto dual, lo que permite a los operadores implementar m\u00faltiples sensores simult\u00e1neamente para misiones complejas como b\u00fasqueda y rescate, inspecci\u00f3n de l\u00edneas el\u00e9ctricas y monitoreo ambiental.<\/p>","protected":false},"featured_media":24166,"comment_status":"open","ping_status":"closed","template":"","meta":[],"product_brand":[1369],"product_cat":[29,1363,1365,1359],"product_tag":[1375,1377,1371],"class_list":{"0":"post-24156","1":"product","2":"type-product","3":"status-publish","4":"has-post-thumbnail","6":"product_brand-gdu-tech","7":"product_cat-drones","8":"product_cat-gdu-s400-series","9":"product_cat-gdu-s400-series-accessories","10":"product_cat-gdu-tech","11":"product_tag-gdu-s400-series","12":"product_tag-gdu-s400-series-accessories","13":"product_tag-gdu-tech","15":"first","16":"outofstock","17":"taxable","18":"shipping-taxable","19":"purchasable","20":"product-type-simple"},"yoast_head":"<!-- This site is optimized with the Yoast SEO plugin v27.4 - https:\/\/yoast.com\/product\/yoast-seo-wordpress\/ -->\n<title>GDU AMM01 Multi-Payload Mount - Ghostysky<\/title>\n<meta name=\"description\" content=\"The GDU AMM01 Multi-Payload Mount is a specialized expansion accessory designed for the GDU S400E industrial drone. It transforms the drone\u2019s single gimbal capability into a dual-port system, allowing operators to deploy multiple sensors simultaneously for complex missions like search and rescue, power line inspection, and environmental monitoring.\" \/>\n<meta name=\"robots\" content=\"index, follow, max-snippet:-1, max-image-preview:large, max-video-preview:-1\" \/>\n<link rel=\"canonical\" href=\"https:\/\/www.ghostysky.com\/es\/producto-2\/gdu-amm01-multi-payload-mount\/\" \/>\n<meta property=\"og:locale\" content=\"es_ES\" \/>\n<meta property=\"og:type\" content=\"article\" \/>\n<meta property=\"og:title\" content=\"GDU AMM01 Multi-Payload Mount - Ghostysky\" \/>\n<meta property=\"og:description\" content=\"The GDU AMM01 Multi-Payload Mount is a specialized expansion accessory designed for the GDU S400E industrial drone. It transforms the drone\u2019s single gimbal capability into a dual-port system, allowing operators to deploy multiple sensors simultaneously for complex missions like search and rescue, power line inspection, and environmental monitoring.\" \/>\n<meta property=\"og:url\" content=\"https:\/\/www.ghostysky.com\/es\/producto-2\/gdu-amm01-multi-payload-mount\/\" \/>\n<meta property=\"og:site_name\" content=\"Ghostysky\" \/>\n<meta property=\"article:publisher\" content=\"https:\/\/www.facebook.com\/people\/Ghostysky\/100057676170234\/\" \/>\n<meta property=\"article:modified_time\" content=\"2026-02-08T11:32:38+00:00\" \/>\n<meta property=\"og:image\" content=\"https:\/\/www.ghostysky.com\/wp-content\/uploads\/2026\/02\/GH_AMM01_1.webp\" \/>\n\t<meta property=\"og:image:width\" content=\"1200\" \/>\n\t<meta property=\"og:image:height\" content=\"1200\" \/>\n\t<meta property=\"og:image:type\" content=\"image\/webp\" \/>\n<meta name=\"twitter:card\" content=\"summary_large_image\" \/>\n<meta name=\"twitter:site\" content=\"@Gh0stysky\" \/>\n<meta name=\"twitter:label1\" content=\"Tiempo de lectura\" \/>\n\t<meta name=\"twitter:data1\" content=\"2 minutos\" \/>\n<script type=\"application\/ld+json\" class=\"yoast-schema-graph\">{\"@context\":\"https:\\\/\\\/schema.org\",\"@graph\":[{\"@type\":\"WebPage\",\"@id\":\"https:\\\/\\\/www.ghostysky.com\\\/product\\\/gdu-amm01-multi-payload-mount\\\/\",\"url\":\"https:\\\/\\\/www.ghostysky.com\\\/product\\\/gdu-amm01-multi-payload-mount\\\/\",\"name\":\"GDU AMM01 Multi-Payload Mount - Ghostysky\",\"isPartOf\":{\"@id\":\"https:\\\/\\\/www.ghostysky.com\\\/#website\"},\"primaryImageOfPage\":{\"@id\":\"https:\\\/\\\/www.ghostysky.com\\\/product\\\/gdu-amm01-multi-payload-mount\\\/#primaryimage\"},\"image\":{\"@id\":\"https:\\\/\\\/www.ghostysky.com\\\/product\\\/gdu-amm01-multi-payload-mount\\\/#primaryimage\"},\"thumbnailUrl\":\"https:\\\/\\\/www.ghostysky.com\\\/wp-content\\\/uploads\\\/2026\\\/02\\\/GH_AMM01_1.webp\",\"datePublished\":\"2026-02-08T10:48:02+00:00\",\"dateModified\":\"2026-02-08T11:32:38+00:00\",\"description\":\"The GDU AMM01 Multi-Payload Mount is a specialized expansion accessory designed for the GDU S400E industrial drone. It transforms the drone\u2019s single gimbal capability into a dual-port system, allowing operators to deploy multiple sensors simultaneously for complex missions like search and rescue, power line inspection, and environmental monitoring.\",\"breadcrumb\":{\"@id\":\"https:\\\/\\\/www.ghostysky.com\\\/product\\\/gdu-amm01-multi-payload-mount\\\/#breadcrumb\"},\"inLanguage\":\"es\",\"potentialAction\":[{\"@type\":\"ReadAction\",\"target\":[\"https:\\\/\\\/www.ghostysky.com\\\/product\\\/gdu-amm01-multi-payload-mount\\\/\"]}]},{\"@type\":\"ImageObject\",\"inLanguage\":\"es\",\"@id\":\"https:\\\/\\\/www.ghostysky.com\\\/product\\\/gdu-amm01-multi-payload-mount\\\/#primaryimage\",\"url\":\"https:\\\/\\\/www.ghostysky.com\\\/wp-content\\\/uploads\\\/2026\\\/02\\\/GH_AMM01_1.webp\",\"contentUrl\":\"https:\\\/\\\/www.ghostysky.com\\\/wp-content\\\/uploads\\\/2026\\\/02\\\/GH_AMM01_1.webp\",\"width\":1200,\"height\":1200},{\"@type\":\"BreadcrumbList\",\"@id\":\"https:\\\/\\\/www.ghostysky.com\\\/product\\\/gdu-amm01-multi-payload-mount\\\/#breadcrumb\",\"itemListElement\":[{\"@type\":\"ListItem\",\"position\":1,\"name\":\"Home\",\"item\":\"https:\\\/\\\/www.ghostysky.com\\\/\"},{\"@type\":\"ListItem\",\"position\":2,\"name\":\"Shop\",\"item\":\"https:\\\/\\\/www.ghostysky.com\\\/shop\\\/\"},{\"@type\":\"ListItem\",\"position\":3,\"name\":\"GDU AMM01 Multi-Payload Mount\"}]},{\"@type\":\"WebSite\",\"@id\":\"https:\\\/\\\/www.ghostysky.com\\\/#website\",\"url\":\"https:\\\/\\\/www.ghostysky.com\\\/\",\"name\":\"Ghostysky\",\"description\":\"Delivering professional drones and services\",\"publisher\":{\"@id\":\"https:\\\/\\\/www.ghostysky.com\\\/#organization\"},\"potentialAction\":[{\"@type\":\"SearchAction\",\"target\":{\"@type\":\"EntryPoint\",\"urlTemplate\":\"https:\\\/\\\/www.ghostysky.com\\\/?s={search_term_string}\"},\"query-input\":{\"@type\":\"PropertyValueSpecification\",\"valueRequired\":true,\"valueName\":\"search_term_string\"}}],\"inLanguage\":\"es\"},{\"@type\":\"Organization\",\"@id\":\"https:\\\/\\\/www.ghostysky.com\\\/#organization\",\"name\":\"Ghostysky\",\"url\":\"https:\\\/\\\/www.ghostysky.com\\\/\",\"logo\":{\"@type\":\"ImageObject\",\"inLanguage\":\"es\",\"@id\":\"https:\\\/\\\/www.ghostysky.com\\\/#\\\/schema\\\/logo\\\/image\\\/\",\"url\":\"https:\\\/\\\/www.ghostysky.com\\\/wp-content\\\/uploads\\\/2020\\\/06\\\/cropped-ghostyskylogo_text_white2.png\",\"contentUrl\":\"https:\\\/\\\/www.ghostysky.com\\\/wp-content\\\/uploads\\\/2020\\\/06\\\/cropped-ghostyskylogo_text_white2.png\",\"width\":169,\"height\":56,\"caption\":\"Ghostysky\"},\"image\":{\"@id\":\"https:\\\/\\\/www.ghostysky.com\\\/#\\\/schema\\\/logo\\\/image\\\/\"},\"sameAs\":[\"https:\\\/\\\/www.facebook.com\\\/people\\\/Ghostysky\\\/100057676170234\\\/\",\"https:\\\/\\\/x.com\\\/Gh0stysky\",\"https:\\\/\\\/www.linkedin.com\\\/company\\\/34739653\",\"https:\\\/\\\/www.instagram.com\\\/gh0stysky\"]}]}<\/script>\n<!-- \/ Yoast SEO plugin. -->","yoast_head_json":{"title":"Montura de carga m\u00faltiple GDU AMM01 - Ghostysky","description":"El soporte multicarga GDU AMM01 es un accesorio de expansi\u00f3n especializado, dise\u00f1ado para el dron industrial GDU S400E. Transforma la capacidad de un solo card\u00e1n del dron en un sistema de doble puerto, lo que permite a los operadores desplegar m\u00faltiples sensores simult\u00e1neamente para misiones complejas como b\u00fasqueda y rescate, inspecci\u00f3n de l\u00edneas el\u00e9ctricas y monitoreo ambiental.","robots":{"index":"index","follow":"follow","max-snippet":"max-snippet:-1","max-image-preview":"max-image-preview:large","max-video-preview":"max-video-preview:-1"},"canonical":"https:\/\/www.ghostysky.com\/es\/producto-2\/gdu-amm01-multi-payload-mount\/","og_locale":"es_ES","og_type":"article","og_title":"GDU AMM01 Multi-Payload Mount - Ghostysky","og_description":"The GDU AMM01 Multi-Payload Mount is a specialized expansion accessory designed for the GDU S400E industrial drone. It transforms the drone\u2019s single gimbal capability into a dual-port system, allowing operators to deploy multiple sensors simultaneously for complex missions like search and rescue, power line inspection, and environmental monitoring.","og_url":"https:\/\/www.ghostysky.com\/es\/producto-2\/gdu-amm01-multi-payload-mount\/","og_site_name":"Ghostysky","article_publisher":"https:\/\/www.facebook.com\/people\/Ghostysky\/100057676170234\/","article_modified_time":"2026-02-08T11:32:38+00:00","og_image":[{"width":1200,"height":1200,"url":"https:\/\/www.ghostysky.com\/wp-content\/uploads\/2026\/02\/GH_AMM01_1.webp","type":"image\/webp"}],"twitter_card":"summary_large_image","twitter_site":"@Gh0stysky","twitter_misc":{"Tiempo de lectura":"2 minutos"},"schema":{"@context":"https:\/\/schema.org","@graph":[{"@type":"WebPage","@id":"https:\/\/www.ghostysky.com\/product\/gdu-amm01-multi-payload-mount\/","url":"https:\/\/www.ghostysky.com\/product\/gdu-amm01-multi-payload-mount\/","name":"Montura de carga m\u00faltiple GDU AMM01 - Ghostysky","isPartOf":{"@id":"https:\/\/www.ghostysky.com\/#website"},"primaryImageOfPage":{"@id":"https:\/\/www.ghostysky.com\/product\/gdu-amm01-multi-payload-mount\/#primaryimage"},"image":{"@id":"https:\/\/www.ghostysky.com\/product\/gdu-amm01-multi-payload-mount\/#primaryimage"},"thumbnailUrl":"https:\/\/www.ghostysky.com\/wp-content\/uploads\/2026\/02\/GH_AMM01_1.webp","datePublished":"2026-02-08T10:48:02+00:00","dateModified":"2026-02-08T11:32:38+00:00","description":"El soporte multicarga GDU AMM01 es un accesorio de expansi\u00f3n especializado, dise\u00f1ado para el dron industrial GDU S400E. Transforma la capacidad de un solo card\u00e1n del dron en un sistema de doble puerto, lo que permite a los operadores desplegar m\u00faltiples sensores simult\u00e1neamente para misiones complejas como b\u00fasqueda y rescate, inspecci\u00f3n de l\u00edneas el\u00e9ctricas y monitoreo ambiental.","breadcrumb":{"@id":"https:\/\/www.ghostysky.com\/product\/gdu-amm01-multi-payload-mount\/#breadcrumb"},"inLanguage":"es","potentialAction":[{"@type":"ReadAction","target":["https:\/\/www.ghostysky.com\/product\/gdu-amm01-multi-payload-mount\/"]}]},{"@type":"ImageObject","inLanguage":"es","@id":"https:\/\/www.ghostysky.com\/product\/gdu-amm01-multi-payload-mount\/#primaryimage","url":"https:\/\/www.ghostysky.com\/wp-content\/uploads\/2026\/02\/GH_AMM01_1.webp","contentUrl":"https:\/\/www.ghostysky.com\/wp-content\/uploads\/2026\/02\/GH_AMM01_1.webp","width":1200,"height":1200},{"@type":"BreadcrumbList","@id":"https:\/\/www.ghostysky.com\/product\/gdu-amm01-multi-payload-mount\/#breadcrumb","itemListElement":[{"@type":"ListItem","position":1,"name":"Home","item":"https:\/\/www.ghostysky.com\/"},{"@type":"ListItem","position":2,"name":"Shop","item":"https:\/\/www.ghostysky.com\/shop\/"},{"@type":"ListItem","position":3,"name":"GDU AMM01 Multi-Payload Mount"}]},{"@type":"WebSite","@id":"https:\/\/www.ghostysky.com\/#website","url":"https:\/\/www.ghostysky.com\/","name":"Ghostysky","description":"Entrega de drones y servicios profesionales","publisher":{"@id":"https:\/\/www.ghostysky.com\/#organization"},"potentialAction":[{"@type":"SearchAction","target":{"@type":"EntryPoint","urlTemplate":"https:\/\/www.ghostysky.com\/?s={search_term_string}"},"query-input":{"@type":"PropertyValueSpecification","valueRequired":true,"valueName":"search_term_string"}}],"inLanguage":"es"},{"@type":"Organization","@id":"https:\/\/www.ghostysky.com\/#organization","name":"Ghostysky","url":"https:\/\/www.ghostysky.com\/","logo":{"@type":"ImageObject","inLanguage":"es","@id":"https:\/\/www.ghostysky.com\/#\/schema\/logo\/image\/","url":"https:\/\/www.ghostysky.com\/wp-content\/uploads\/2020\/06\/cropped-ghostyskylogo_text_white2.png","contentUrl":"https:\/\/www.ghostysky.com\/wp-content\/uploads\/2020\/06\/cropped-ghostyskylogo_text_white2.png","width":169,"height":56,"caption":"Ghostysky"},"image":{"@id":"https:\/\/www.ghostysky.com\/#\/schema\/logo\/image\/"},"sameAs":["https:\/\/www.facebook.com\/people\/Ghostysky\/100057676170234\/","https:\/\/x.com\/Gh0stysky","https:\/\/www.linkedin.com\/company\/34739653","https:\/\/www.instagram.com\/gh0stysky"]}]}},"_links":{"self":[{"href":"https:\/\/www.ghostysky.com\/es\/wp-json\/wp\/v2\/product\/24156","targetHints":{"allow":["GET"]}}],"collection":[{"href":"https:\/\/www.ghostysky.com\/es\/wp-json\/wp\/v2\/product"}],"about":[{"href":"https:\/\/www.ghostysky.com\/es\/wp-json\/wp\/v2\/types\/product"}],"replies":[{"embeddable":true,"href":"https:\/\/www.ghostysky.com\/es\/wp-json\/wp\/v2\/comments?post=24156"}],"version-history":[{"count":0,"href":"https:\/\/www.ghostysky.com\/es\/wp-json\/wp\/v2\/product\/24156\/revisions"}],"wp:featuredmedia":[{"embeddable":true,"href":"https:\/\/www.ghostysky.com\/es\/wp-json\/wp\/v2\/media\/24166"}],"wp:attachment":[{"href":"https:\/\/www.ghostysky.com\/es\/wp-json\/wp\/v2\/media?parent=24156"}],"wp:term":[{"taxonomy":"product_brand","embeddable":true,"href":"https:\/\/www.ghostysky.com\/es\/wp-json\/wp\/v2\/product_brand?post=24156"},{"taxonomy":"product_cat","embeddable":true,"href":"https:\/\/www.ghostysky.com\/es\/wp-json\/wp\/v2\/product_cat?post=24156"},{"taxonomy":"product_tag","embeddable":true,"href":"https:\/\/www.ghostysky.com\/es\/wp-json\/wp\/v2\/product_tag?post=24156"}],"curies":[{"name":"wp","href":"https:\/\/api.w.org\/{rel}","templated":true}]}}