{"id":24157,"date":"2026-02-08T10:55:42","date_gmt":"2026-02-08T10:55:42","guid":{"rendered":"https:\/\/www.ghostysky.com\/?post_type=product&#038;p=24157"},"modified":"2026-02-09T07:56:36","modified_gmt":"2026-02-09T07:56:36","slug":"gdu-apa01-flyport-v1-ecosystem-adapter-ring","status":"publish","type":"product","link":"https:\/\/www.ghostysky.com\/es\/product\/gdu-apa01-flyport-v1-ecosystem-adapter-ring\/","title":{"rendered":"Anillo adaptador del ecosistema FlyPort V1 GDU APA01"},"content":{"rendered":"<h3 data-path-to-node=\"3\">Caracter\u00edsticas y capacidades clave<\/h3>\n<ul data-path-to-node=\"4\">\n<li>\n<p data-path-to-node=\"4,0,0\"><b data-path-to-node=\"4,0,0\" data-index-in-node=\"0\"><span class=\"citation-412\">Conectividad de doble puerto:<\/span><\/b><span class=\"citation-412\"> Presenta ambas caracter\u00edsticas <\/span><b data-path-to-node=\"4,0,0\" data-index-in-node=\"38\"><span class=\"citation-412\">Puertos de 20 y 40 pines<\/span><\/b><span class=\"citation-412 citation-end-412\">, proporcionando una interfaz vers\u00e1til para diversos requisitos de hardware.<\/span><\/p>\n<\/li>\n<li>\n<p data-path-to-node=\"4,1,0\"><b data-path-to-node=\"4,1,0\" data-index-in-node=\"0\">Soporte integral de datos:<\/b> Admite una amplia gama de protocolos de comunicaci\u00f3n, incluidos:<\/p>\n<ul data-path-to-node=\"4,1,1\">\n<li>\n<p data-path-to-node=\"4,1,1,0,0\"><b data-path-to-node=\"4,1,1,0,0\" data-index-in-node=\"0\"><span class=\"citation-411\">UART y bus CAN<\/span><\/b><span class=\"citation-411 citation-end-411\"> para comunicaci\u00f3n en serie.<\/span><\/p>\n<\/li>\n<li>\n<p data-path-to-node=\"4,1,1,1,0\"><b data-path-to-node=\"4,1,1,1,0\" data-index-in-node=\"0\"><span class=\"citation-410\">Ethernet (10 M\/100 M)<\/span><\/b><span class=\"citation-410 citation-end-410\"> para transmisi\u00f3n de datos de alta velocidad<\/span><\/p>\n<\/li>\n<li>\n<p data-path-to-node=\"4,1,1,2,0\"><b data-path-to-node=\"4,1,1,2,0\" data-index-in-node=\"0\">Sincronizaci\u00f3n horaria PPS<\/b> para un registro de datos preciso (esencial para LiDAR y mapeo).<\/p>\n<\/li>\n<\/ul>\n<\/li>\n<li>\n<p data-path-to-node=\"4,2,0\"><b data-path-to-node=\"4,2,0\" data-index-in-node=\"0\">Gesti\u00f3n avanzada de energ\u00eda:<\/b><span class=\"citation-409 citation-end-409\"> Incluye una funci\u00f3n de \u201csolicitud de alta potencia\u201d para satisfacer cargas \u00fatiles que consumen mucha energ\u00eda y mantener la estabilidad del sistema.<\/span><\/p>\n<\/li>\n<li>\n<p data-path-to-node=\"4,3,0\"><b data-path-to-node=\"4,3,0\" data-index-in-node=\"0\"><span class=\"citation-408\">Medidas de seguridad:<\/span><\/b><span class=\"citation-408\"> Protecci\u00f3n incorporada contra <\/span><b data-path-to-node=\"4,3,0\" data-index-in-node=\"47\"><span class=\"citation-408\">anti-reflujo, sobretensi\u00f3n, sobrecorriente y cortocircuitos<\/span><\/b><span class=\"citation-408 citation-end-408\">, asegurando que las cargas \u00fatiles experimentales o de terceros no da\u00f1en la avi\u00f3nica primaria del dron.<\/span><\/p>\n<\/li>\n<li>\n<p data-path-to-node=\"4,4,0\"><b data-path-to-node=\"4,4,0\" data-index-in-node=\"0\"><span class=\"citation-407\">Compatibilidad PSDK:<\/span><\/b><span class=\"citation-407 citation-end-407\"> Totalmente compatible con el kit de desarrollo de software de carga \u00fatil (PSDK) de GDU, lo que permite una integraci\u00f3n perfecta del software y la sincronizaci\u00f3n horaria RTK.<\/span><\/p>\n<p>&nbsp;<\/li>\n<\/ul>\n<h3 data-path-to-node=\"6\">Especificaciones t\u00e9cnicas<\/h3>\n<table data-path-to-node=\"7\">\n<thead>\n<tr>\n<td><strong>Caracter\u00edstica<\/strong><\/td>\n<td><strong>Especificaci\u00f3n<\/strong><\/td>\n<\/tr>\n<\/thead>\n<tbody>\n<tr>\n<td><span data-path-to-node=\"7,1,0,0\"><b data-path-to-node=\"7,1,0,0\" data-index-in-node=\"0\">Modelo<\/b><\/span><\/td>\n<td><span data-path-to-node=\"7,1,1,0\">APA01 FlyPort V1<\/span><\/td>\n<\/tr>\n<tr>\n<td><span data-path-to-node=\"7,2,0,0\"><b data-path-to-node=\"7,2,0,0\" data-index-in-node=\"0\">Compatibilidad<\/b><\/span><\/td>\n<td><span data-path-to-node=\"7,2,1,0\">UAVs de la serie S de GDU (p. ej., S200, S220, S400E)<\/span><\/td>\n<\/tr>\n<tr>\n<td><span data-path-to-node=\"7,3,0,0\"><b data-path-to-node=\"7,3,0,0\" data-index-in-node=\"0\">Puertos de interfaz<\/b><\/span><\/td>\n<td><span data-path-to-node=\"7,3,1,0\">20 pines y 40 pines<\/span><\/td>\n<\/tr>\n<tr>\n<td><span data-path-to-node=\"7,4,0,0\"><b data-path-to-node=\"7,4,0,0\" data-index-in-node=\"0\">Conectividad<\/b><\/span><\/td>\n<td><span data-path-to-node=\"7,4,1,0\">Ethernet, UART, CAN, PPS, Alimentaci\u00f3n<\/span><\/td>\n<\/tr>\n<tr>\n<td><span data-path-to-node=\"7,5,0,0\"><b data-path-to-node=\"7,5,0,0\" data-index-in-node=\"0\">Velocidad de datos<\/b><\/span><\/td>\n<td><span data-path-to-node=\"7,5,1,0\">Ethernet de 10 M\/100 M<\/span><\/td>\n<\/tr>\n<tr>\n<td><span data-path-to-node=\"7,6,0,0\"><b data-path-to-node=\"7,6,0,0\" data-index-in-node=\"0\">Protecciones<\/b><\/span><\/td>\n<td><span data-path-to-node=\"7,6,1,0\">Sobretensi\u00f3n, sobrecorriente, antirreflujo<\/span><\/td>\n<\/tr>\n<\/tbody>\n<\/table>\n<p>&nbsp;<\/p>\n<h3 data-path-to-node=\"9\">\u00bfPor qu\u00e9 utilizar FlyPort V1?<\/h3>\n<p data-path-to-node=\"10\">El FlyPort V1 es la \u201cnavaja suiza\u201d para los desarrolladores de drones. <span class=\"citation-406 citation-end-406\">En lugar de estar restringido a cargas \u00fatiles GDU propietarias, este anillo adaptador le permite montar y alimentar:<\/span><\/p>\n<ul data-path-to-node=\"11\">\n<li>\n<p data-path-to-node=\"11,0,0\"><b data-path-to-node=\"11,0,0\" data-index-in-node=\"0\"><span class=\"citation-405\">Esc\u00e1neres LiDAR<\/span><\/b><span class=\"citation-405 citation-end-405\"> para modelado 3D.<\/span><\/p>\n<\/li>\n<li>\n<p data-path-to-node=\"11,1,0\"><b data-path-to-node=\"11,1,0\" data-index-in-node=\"0\"><span class=\"citation-404\">Sensores multiespectrales<\/span><\/b><span class=\"citation-404 citation-end-404\"> para el an\u00e1lisis agr\u00edcola.<\/span><\/p>\n<\/li>\n<li>\n<p data-path-to-node=\"11,2,0\"><b data-path-to-node=\"11,2,0\" data-index-in-node=\"0\"><span class=\"citation-403\">C\u00e1maras con card\u00e1n<\/span><\/b><span class=\"citation-403 citation-end-403\"> o \u00f3ptica t\u00e9rmica personalizada.<\/span><\/p>\n<\/li>\n<li>\n<p data-path-to-node=\"11,3,0\"><b data-path-to-node=\"11,3,0\" data-index-in-node=\"0\"><span class=\"citation-402\">Cajas de computaci\u00f3n de borde con IA<\/span><\/b><span class=\"citation-402 citation-end-402\"> para reconocimiento de objetos en tiempo real.<\/span><\/p>\n<\/li>\n<\/ul>\n<blockquote data-path-to-node=\"12\">\n<p data-path-to-node=\"12,0\"><b data-path-to-node=\"12,0\" data-index-in-node=\"0\">Nota:<\/b><span class=\"citation-401 citation-end-401 interactive-span-hovered\"> Este adaptador est\u00e1 destinado a desarrolladores e integradores profesionales.<\/span> Aseg\u00farese de que su carga \u00fatil de terceros cumpla con el peso m\u00e1ximo de despegue y los l\u00edmites de potencia del dron para mantener la estabilidad del vuelo.<\/p>\n<\/blockquote>","protected":false},"excerpt":{"rendered":"<p><span class=\"citation-414\">El <\/span><b data-path-to-node=\"1\" data-index-in-node=\"4\"><span class=\"citation-414\">GDU-Tech APA01 FlyPort V1<\/span><\/b><span class=\"citation-414 citation-end-414\"> es una interfaz ecol\u00f3gica especializada dise\u00f1ada para cerrar la brecha entre el hardware de terceros y las plataformas UAV (veh\u00edculos a\u00e9reos no tripulados) industriales de GDU-Tech.<\/span> <span class=\"citation-413 citation-end-413\">Act\u00faa como un centro de comunicaci\u00f3n y montaje universal, lo que permite a los desarrolladores y usuarios empresariales integrar sensores, c\u00e1maras y m\u00f3dulos de comunicaci\u00f3n personalizados en drones GDU como las series S200 y S220.<\/span><\/p>","protected":false},"featured_media":24174,"comment_status":"open","ping_status":"closed","template":"","meta":[],"product_brand":[1369],"product_cat":[29,1363,1365,1359],"product_tag":[1375,1377,1371],"class_list":{"0":"post-24157","1":"product","2":"type-product","3":"status-publish","4":"has-post-thumbnail","6":"product_brand-gdu-tech","7":"product_cat-drones","8":"product_cat-gdu-s400-series","9":"product_cat-gdu-s400-series-accessories","10":"product_cat-gdu-tech","11":"product_tag-gdu-s400-series","12":"product_tag-gdu-s400-series-accessories","13":"product_tag-gdu-tech","15":"first","16":"outofstock","17":"taxable","18":"shipping-taxable","19":"purchasable","20":"product-type-simple"},"yoast_head":"<!-- This site is optimized with the Yoast SEO plugin v27.4 - https:\/\/yoast.com\/product\/yoast-seo-wordpress\/ -->\n<title>GDU APA01 FlyPort V1 Ecosystem Adapter Ring - Ghostysky<\/title>\n<meta name=\"description\" content=\"The GDU-Tech APA01 FlyPort V1 is a specialized ecological interface designed to bridge the gap between third-party hardware and GDU-Tech\u2019s industrial UAV (Unmanned Aerial Vehicle) platforms. It acts as a universal mounting and communication hub, allowing developers and enterprise users to integrate custom sensors, cameras, and communication modules onto GDU drones like the S200 and S220 series.\" \/>\n<meta name=\"robots\" content=\"index, follow, max-snippet:-1, max-image-preview:large, max-video-preview:-1\" \/>\n<link rel=\"canonical\" href=\"https:\/\/www.ghostysky.com\/es\/producto-2\/gdu-apa01-flyport-v1-ecosystem-adapter-ring\/\" \/>\n<meta property=\"og:locale\" content=\"es_ES\" \/>\n<meta property=\"og:type\" content=\"article\" \/>\n<meta property=\"og:title\" content=\"GDU APA01 FlyPort V1 Ecosystem Adapter Ring - Ghostysky\" \/>\n<meta property=\"og:description\" content=\"The GDU-Tech APA01 FlyPort V1 is a specialized ecological interface designed to bridge the gap between third-party hardware and GDU-Tech\u2019s industrial UAV (Unmanned Aerial Vehicle) platforms. It acts as a universal mounting and communication hub, allowing developers and enterprise users to integrate custom sensors, cameras, and communication modules onto GDU drones like the S200 and S220 series.\" \/>\n<meta property=\"og:url\" content=\"https:\/\/www.ghostysky.com\/es\/producto-2\/gdu-apa01-flyport-v1-ecosystem-adapter-ring\/\" \/>\n<meta property=\"og:site_name\" content=\"Ghostysky\" \/>\n<meta property=\"article:publisher\" content=\"https:\/\/www.facebook.com\/people\/Ghostysky\/100057676170234\/\" \/>\n<meta property=\"article:modified_time\" content=\"2026-02-09T07:56:36+00:00\" \/>\n<meta property=\"og:image\" content=\"https:\/\/www.ghostysky.com\/wp-content\/uploads\/2026\/02\/GH_GDU-Tech-APA01-FlyPort-V1-Ecosystem-Adapter-Ring_1.webp\" \/>\n\t<meta property=\"og:image:width\" content=\"1200\" \/>\n\t<meta property=\"og:image:height\" content=\"1200\" \/>\n\t<meta property=\"og:image:type\" content=\"image\/webp\" \/>\n<meta name=\"twitter:card\" content=\"summary_large_image\" \/>\n<meta name=\"twitter:site\" content=\"@Gh0stysky\" \/>\n<meta name=\"twitter:label1\" content=\"Tiempo de lectura\" \/>\n\t<meta name=\"twitter:data1\" content=\"2 minutos\" \/>\n<script type=\"application\/ld+json\" class=\"yoast-schema-graph\">{\"@context\":\"https:\\\/\\\/schema.org\",\"@graph\":[{\"@type\":\"WebPage\",\"@id\":\"https:\\\/\\\/www.ghostysky.com\\\/product\\\/gdu-apa01-flyport-v1-ecosystem-adapter-ring\\\/\",\"url\":\"https:\\\/\\\/www.ghostysky.com\\\/product\\\/gdu-apa01-flyport-v1-ecosystem-adapter-ring\\\/\",\"name\":\"GDU APA01 FlyPort V1 Ecosystem Adapter Ring - Ghostysky\",\"isPartOf\":{\"@id\":\"https:\\\/\\\/www.ghostysky.com\\\/#website\"},\"primaryImageOfPage\":{\"@id\":\"https:\\\/\\\/www.ghostysky.com\\\/product\\\/gdu-apa01-flyport-v1-ecosystem-adapter-ring\\\/#primaryimage\"},\"image\":{\"@id\":\"https:\\\/\\\/www.ghostysky.com\\\/product\\\/gdu-apa01-flyport-v1-ecosystem-adapter-ring\\\/#primaryimage\"},\"thumbnailUrl\":\"https:\\\/\\\/www.ghostysky.com\\\/wp-content\\\/uploads\\\/2026\\\/02\\\/GH_GDU-Tech-APA01-FlyPort-V1-Ecosystem-Adapter-Ring_1.webp\",\"datePublished\":\"2026-02-08T10:55:42+00:00\",\"dateModified\":\"2026-02-09T07:56:36+00:00\",\"description\":\"The GDU-Tech APA01 FlyPort V1 is a specialized ecological interface designed to bridge the gap between third-party hardware and GDU-Tech\u2019s industrial UAV (Unmanned Aerial Vehicle) platforms. It acts as a universal mounting and communication hub, allowing developers and enterprise users to integrate custom sensors, cameras, and communication modules onto GDU drones like the S200 and S220 series.\",\"breadcrumb\":{\"@id\":\"https:\\\/\\\/www.ghostysky.com\\\/product\\\/gdu-apa01-flyport-v1-ecosystem-adapter-ring\\\/#breadcrumb\"},\"inLanguage\":\"es\",\"potentialAction\":[{\"@type\":\"ReadAction\",\"target\":[\"https:\\\/\\\/www.ghostysky.com\\\/product\\\/gdu-apa01-flyport-v1-ecosystem-adapter-ring\\\/\"]}]},{\"@type\":\"ImageObject\",\"inLanguage\":\"es\",\"@id\":\"https:\\\/\\\/www.ghostysky.com\\\/product\\\/gdu-apa01-flyport-v1-ecosystem-adapter-ring\\\/#primaryimage\",\"url\":\"https:\\\/\\\/www.ghostysky.com\\\/wp-content\\\/uploads\\\/2026\\\/02\\\/GH_GDU-Tech-APA01-FlyPort-V1-Ecosystem-Adapter-Ring_1.webp\",\"contentUrl\":\"https:\\\/\\\/www.ghostysky.com\\\/wp-content\\\/uploads\\\/2026\\\/02\\\/GH_GDU-Tech-APA01-FlyPort-V1-Ecosystem-Adapter-Ring_1.webp\",\"width\":1200,\"height\":1200},{\"@type\":\"BreadcrumbList\",\"@id\":\"https:\\\/\\\/www.ghostysky.com\\\/product\\\/gdu-apa01-flyport-v1-ecosystem-adapter-ring\\\/#breadcrumb\",\"itemListElement\":[{\"@type\":\"ListItem\",\"position\":1,\"name\":\"Home\",\"item\":\"https:\\\/\\\/www.ghostysky.com\\\/\"},{\"@type\":\"ListItem\",\"position\":2,\"name\":\"Shop\",\"item\":\"https:\\\/\\\/www.ghostysky.com\\\/shop\\\/\"},{\"@type\":\"ListItem\",\"position\":3,\"name\":\"GDU APA01 FlyPort V1 Ecosystem Adapter Ring\"}]},{\"@type\":\"WebSite\",\"@id\":\"https:\\\/\\\/www.ghostysky.com\\\/#website\",\"url\":\"https:\\\/\\\/www.ghostysky.com\\\/\",\"name\":\"Ghostysky\",\"description\":\"Delivering professional drones and services\",\"publisher\":{\"@id\":\"https:\\\/\\\/www.ghostysky.com\\\/#organization\"},\"potentialAction\":[{\"@type\":\"SearchAction\",\"target\":{\"@type\":\"EntryPoint\",\"urlTemplate\":\"https:\\\/\\\/www.ghostysky.com\\\/?s={search_term_string}\"},\"query-input\":{\"@type\":\"PropertyValueSpecification\",\"valueRequired\":true,\"valueName\":\"search_term_string\"}}],\"inLanguage\":\"es\"},{\"@type\":\"Organization\",\"@id\":\"https:\\\/\\\/www.ghostysky.com\\\/#organization\",\"name\":\"Ghostysky\",\"url\":\"https:\\\/\\\/www.ghostysky.com\\\/\",\"logo\":{\"@type\":\"ImageObject\",\"inLanguage\":\"es\",\"@id\":\"https:\\\/\\\/www.ghostysky.com\\\/#\\\/schema\\\/logo\\\/image\\\/\",\"url\":\"https:\\\/\\\/www.ghostysky.com\\\/wp-content\\\/uploads\\\/2020\\\/06\\\/cropped-ghostyskylogo_text_white2.png\",\"contentUrl\":\"https:\\\/\\\/www.ghostysky.com\\\/wp-content\\\/uploads\\\/2020\\\/06\\\/cropped-ghostyskylogo_text_white2.png\",\"width\":169,\"height\":56,\"caption\":\"Ghostysky\"},\"image\":{\"@id\":\"https:\\\/\\\/www.ghostysky.com\\\/#\\\/schema\\\/logo\\\/image\\\/\"},\"sameAs\":[\"https:\\\/\\\/www.facebook.com\\\/people\\\/Ghostysky\\\/100057676170234\\\/\",\"https:\\\/\\\/x.com\\\/Gh0stysky\",\"https:\\\/\\\/www.linkedin.com\\\/company\\\/34739653\",\"https:\\\/\\\/www.instagram.com\\\/gh0stysky\"]}]}<\/script>\n<!-- \/ Yoast SEO plugin. -->","yoast_head_json":{"title":"Anillo adaptador del ecosistema FlyPort V1 GDU APA01 - Ghostysky","description":"El FlyPort V1 APA01 de GDU-Tech es una interfaz ecol\u00f3gica especializada, dise\u00f1ada para conectar el hardware de terceros con las plataformas de veh\u00edculos a\u00e9reos no tripulados (UAV) industriales de GDU-Tech. Act\u00faa como un centro universal de montaje y comunicaci\u00f3n, permitiendo a desarrolladores y usuarios empresariales integrar sensores, c\u00e1maras y m\u00f3dulos de comunicaci\u00f3n personalizados en drones GDU, como las series S200 y S220.","robots":{"index":"index","follow":"follow","max-snippet":"max-snippet:-1","max-image-preview":"max-image-preview:large","max-video-preview":"max-video-preview:-1"},"canonical":"https:\/\/www.ghostysky.com\/es\/producto-2\/gdu-apa01-flyport-v1-ecosystem-adapter-ring\/","og_locale":"es_ES","og_type":"article","og_title":"GDU APA01 FlyPort V1 Ecosystem Adapter Ring - Ghostysky","og_description":"The GDU-Tech APA01 FlyPort V1 is a specialized ecological interface designed to bridge the gap between third-party hardware and GDU-Tech\u2019s industrial UAV (Unmanned Aerial Vehicle) platforms. It acts as a universal mounting and communication hub, allowing developers and enterprise users to integrate custom sensors, cameras, and communication modules onto GDU drones like the S200 and S220 series.","og_url":"https:\/\/www.ghostysky.com\/es\/producto-2\/gdu-apa01-flyport-v1-ecosystem-adapter-ring\/","og_site_name":"Ghostysky","article_publisher":"https:\/\/www.facebook.com\/people\/Ghostysky\/100057676170234\/","article_modified_time":"2026-02-09T07:56:36+00:00","og_image":[{"width":1200,"height":1200,"url":"https:\/\/www.ghostysky.com\/wp-content\/uploads\/2026\/02\/GH_GDU-Tech-APA01-FlyPort-V1-Ecosystem-Adapter-Ring_1.webp","type":"image\/webp"}],"twitter_card":"summary_large_image","twitter_site":"@Gh0stysky","twitter_misc":{"Tiempo de lectura":"2 minutos"},"schema":{"@context":"https:\/\/schema.org","@graph":[{"@type":"WebPage","@id":"https:\/\/www.ghostysky.com\/product\/gdu-apa01-flyport-v1-ecosystem-adapter-ring\/","url":"https:\/\/www.ghostysky.com\/product\/gdu-apa01-flyport-v1-ecosystem-adapter-ring\/","name":"Anillo adaptador del ecosistema FlyPort V1 GDU APA01 - Ghostysky","isPartOf":{"@id":"https:\/\/www.ghostysky.com\/#website"},"primaryImageOfPage":{"@id":"https:\/\/www.ghostysky.com\/product\/gdu-apa01-flyport-v1-ecosystem-adapter-ring\/#primaryimage"},"image":{"@id":"https:\/\/www.ghostysky.com\/product\/gdu-apa01-flyport-v1-ecosystem-adapter-ring\/#primaryimage"},"thumbnailUrl":"https:\/\/www.ghostysky.com\/wp-content\/uploads\/2026\/02\/GH_GDU-Tech-APA01-FlyPort-V1-Ecosystem-Adapter-Ring_1.webp","datePublished":"2026-02-08T10:55:42+00:00","dateModified":"2026-02-09T07:56:36+00:00","description":"El FlyPort V1 APA01 de GDU-Tech es una interfaz ecol\u00f3gica especializada, dise\u00f1ada para conectar el hardware de terceros con las plataformas de veh\u00edculos a\u00e9reos no tripulados (UAV) industriales de GDU-Tech. Act\u00faa como un centro universal de montaje y comunicaci\u00f3n, permitiendo a desarrolladores y usuarios empresariales integrar sensores, c\u00e1maras y m\u00f3dulos de comunicaci\u00f3n personalizados en drones GDU, como las series S200 y S220.","breadcrumb":{"@id":"https:\/\/www.ghostysky.com\/product\/gdu-apa01-flyport-v1-ecosystem-adapter-ring\/#breadcrumb"},"inLanguage":"es","potentialAction":[{"@type":"ReadAction","target":["https:\/\/www.ghostysky.com\/product\/gdu-apa01-flyport-v1-ecosystem-adapter-ring\/"]}]},{"@type":"ImageObject","inLanguage":"es","@id":"https:\/\/www.ghostysky.com\/product\/gdu-apa01-flyport-v1-ecosystem-adapter-ring\/#primaryimage","url":"https:\/\/www.ghostysky.com\/wp-content\/uploads\/2026\/02\/GH_GDU-Tech-APA01-FlyPort-V1-Ecosystem-Adapter-Ring_1.webp","contentUrl":"https:\/\/www.ghostysky.com\/wp-content\/uploads\/2026\/02\/GH_GDU-Tech-APA01-FlyPort-V1-Ecosystem-Adapter-Ring_1.webp","width":1200,"height":1200},{"@type":"BreadcrumbList","@id":"https:\/\/www.ghostysky.com\/product\/gdu-apa01-flyport-v1-ecosystem-adapter-ring\/#breadcrumb","itemListElement":[{"@type":"ListItem","position":1,"name":"Home","item":"https:\/\/www.ghostysky.com\/"},{"@type":"ListItem","position":2,"name":"Shop","item":"https:\/\/www.ghostysky.com\/shop\/"},{"@type":"ListItem","position":3,"name":"GDU APA01 FlyPort V1 Ecosystem Adapter Ring"}]},{"@type":"WebSite","@id":"https:\/\/www.ghostysky.com\/#website","url":"https:\/\/www.ghostysky.com\/","name":"Ghostysky","description":"Entrega de drones y servicios profesionales","publisher":{"@id":"https:\/\/www.ghostysky.com\/#organization"},"potentialAction":[{"@type":"SearchAction","target":{"@type":"EntryPoint","urlTemplate":"https:\/\/www.ghostysky.com\/?s={search_term_string}"},"query-input":{"@type":"PropertyValueSpecification","valueRequired":true,"valueName":"search_term_string"}}],"inLanguage":"es"},{"@type":"Organization","@id":"https:\/\/www.ghostysky.com\/#organization","name":"Ghostysky","url":"https:\/\/www.ghostysky.com\/","logo":{"@type":"ImageObject","inLanguage":"es","@id":"https:\/\/www.ghostysky.com\/#\/schema\/logo\/image\/","url":"https:\/\/www.ghostysky.com\/wp-content\/uploads\/2020\/06\/cropped-ghostyskylogo_text_white2.png","contentUrl":"https:\/\/www.ghostysky.com\/wp-content\/uploads\/2020\/06\/cropped-ghostyskylogo_text_white2.png","width":169,"height":56,"caption":"Ghostysky"},"image":{"@id":"https:\/\/www.ghostysky.com\/#\/schema\/logo\/image\/"},"sameAs":["https:\/\/www.facebook.com\/people\/Ghostysky\/100057676170234\/","https:\/\/x.com\/Gh0stysky","https:\/\/www.linkedin.com\/company\/34739653","https:\/\/www.instagram.com\/gh0stysky"]}]}},"_links":{"self":[{"href":"https:\/\/www.ghostysky.com\/es\/wp-json\/wp\/v2\/product\/24157","targetHints":{"allow":["GET"]}}],"collection":[{"href":"https:\/\/www.ghostysky.com\/es\/wp-json\/wp\/v2\/product"}],"about":[{"href":"https:\/\/www.ghostysky.com\/es\/wp-json\/wp\/v2\/types\/product"}],"replies":[{"embeddable":true,"href":"https:\/\/www.ghostysky.com\/es\/wp-json\/wp\/v2\/comments?post=24157"}],"version-history":[{"count":0,"href":"https:\/\/www.ghostysky.com\/es\/wp-json\/wp\/v2\/product\/24157\/revisions"}],"wp:featuredmedia":[{"embeddable":true,"href":"https:\/\/www.ghostysky.com\/es\/wp-json\/wp\/v2\/media\/24174"}],"wp:attachment":[{"href":"https:\/\/www.ghostysky.com\/es\/wp-json\/wp\/v2\/media?parent=24157"}],"wp:term":[{"taxonomy":"product_brand","embeddable":true,"href":"https:\/\/www.ghostysky.com\/es\/wp-json\/wp\/v2\/product_brand?post=24157"},{"taxonomy":"product_cat","embeddable":true,"href":"https:\/\/www.ghostysky.com\/es\/wp-json\/wp\/v2\/product_cat?post=24157"},{"taxonomy":"product_tag","embeddable":true,"href":"https:\/\/www.ghostysky.com\/es\/wp-json\/wp\/v2\/product_tag?post=24157"}],"curies":[{"name":"wp","href":"https:\/\/api.w.org\/{rel}","templated":true}]}}