{"id":24179,"date":"2026-02-09T08:06:54","date_gmt":"2026-02-09T08:06:54","guid":{"rendered":"https:\/\/www.ghostysky.com\/?post_type=product&#038;p=24179"},"modified":"2026-02-09T08:13:27","modified_gmt":"2026-02-09T08:13:27","slug":"gdu-s400-li-ion-polymer-battery","status":"publish","type":"product","link":"https:\/\/www.ghostysky.com\/es\/product\/gdu-s400-li-ion-polymer-battery\/","title":{"rendered":"Bater\u00eda de pol\u00edmero de iones de litio GDU S400"},"content":{"rendered":"<h3 data-path-to-node=\"1\">Caracter\u00edsticas principales y rendimiento<\/h3>\n<ul data-path-to-node=\"2\">\n<li>\n<p data-path-to-node=\"2,0,0\"><b data-path-to-node=\"2,0,0\" data-index-in-node=\"0\">Tiempo de vuelo extendido:<\/b><span class=\"citation-13\"> Capaz de alimentar el dron S400 durante hasta <\/span><b data-path-to-node=\"2,0,0\" data-index-in-node=\"67\"><span class=\"citation-13\">63 minutos<\/span><\/b><span class=\"citation-13\"> (est\u00e1ndar) o aproximadamente <\/span><b data-path-to-node=\"2,0,0\" data-index-in-node=\"106\"><span class=\"citation-13\">58 minutos<\/span><\/b><span class=\"citation-13 citation-end-13\"> para la variante S400E, reduciendo significativamente la necesidad de cambios frecuentes de bater\u00eda durante operaciones a gran escala.<\/span><\/p>\n<\/li>\n<li>\n<p data-path-to-node=\"2,1,0\"><b data-path-to-node=\"2,1,0\" data-index-in-node=\"0\">Sistema de gesti\u00f3n inteligente de bater\u00edas (BMS):<\/b> Cuenta con un &quot;cerebro&quot; integrado que monitorea el estado de cada celda en tiempo real. Proporciona informaci\u00f3n autom\u00e1tica al control remoto, incluyendo la capacidad restante, la temperatura y el conteo de ciclos.<\/p>\n<\/li>\n<li>\n<p data-path-to-node=\"2,2,0\"><b data-path-to-node=\"2,2,0\" data-index-in-node=\"0\">Fiabilidad en todo tipo de clima:<\/b> Dise\u00f1ado para funcionar en entornos hostiles, con un rango de descarga de <b data-path-to-node=\"2,2,0\" data-index-in-node=\"93\">-20\u00b0C a 55\u00b0C<\/b>, lo que lo hace adecuado para misiones de gran altitud o invernales.<\/p>\n<\/li>\n<li>\n<p data-path-to-node=\"2,3,0\"><b data-path-to-node=\"2,3,0\" data-index-in-node=\"0\"><span class=\"citation-12\">Dise\u00f1o intercambiable:<\/span><\/b><span class=\"citation-12 citation-end-12\"> Dise\u00f1ado para un reemplazo r\u00e1pido en campo para minimizar el tiempo de inactividad entre etapas de vuelo.<\/span><\/p>\n<p>&nbsp;<\/li>\n<\/ul>\n<h3 data-path-to-node=\"4\">Especificaciones t\u00e9cnicas<\/h3>\n<table data-path-to-node=\"5\">\n<thead>\n<tr>\n<td><strong>Caracter\u00edstica<\/strong><\/td>\n<td><strong>Especificaci\u00f3n<\/strong><\/td>\n<\/tr>\n<\/thead>\n<tbody>\n<tr>\n<td><span data-path-to-node=\"5,1,0,0\"><b data-path-to-node=\"5,1,0,0\" data-index-in-node=\"0\">Capacidad<\/b><\/span><\/td>\n<td><span data-path-to-node=\"5,1,1,0\">16.400 mAh (algunas variantes 14.000 mAh)<\/span><\/td>\n<\/tr>\n<tr>\n<td><span data-path-to-node=\"5,2,0,0\"><b data-path-to-node=\"5,2,0,0\" data-index-in-node=\"0\">Sector energ\u00e9tico<\/b><\/span><\/td>\n<td><span data-path-to-node=\"5,2,1,0\">379 Wh<\/span><\/td>\n<\/tr>\n<tr>\n<td><span data-path-to-node=\"5,3,0,0\"><b data-path-to-node=\"5,3,0,0\" data-index-in-node=\"0\">Voltaje<\/b><\/span><\/td>\n<td><span data-path-to-node=\"5,3,1,0\">23,1 V (nominal)<\/span><\/td>\n<\/tr>\n<tr>\n<td><span data-path-to-node=\"5,4,0,0\"><b data-path-to-node=\"5,4,0,0\" data-index-in-node=\"0\">Tipo de Bater\u00eda<\/b><\/span><\/td>\n<td><span data-path-to-node=\"5,4,1,0\">LiPo 6S (pol\u00edmero de litio)<\/span><\/td>\n<\/tr>\n<tr>\n<td><span data-path-to-node=\"5,5,0,0\"><b data-path-to-node=\"5,5,0,0\" data-index-in-node=\"0\">Peso<\/b><\/span><\/td>\n<td><span data-path-to-node=\"5,5,1,0\">Aprox. 1,7 kg<\/span><\/td>\n<\/tr>\n<tr>\n<td><span data-path-to-node=\"5,6,0,0\"><b data-path-to-node=\"5,6,0,0\" data-index-in-node=\"0\">Tiempo de carga<\/b><\/span><\/td>\n<td><span data-path-to-node=\"5,6,1,0\">~120 minutos (0-100%) \/ ~50 minutos (20-90%)<\/span><\/td>\n<\/tr>\n<tr>\n<td><span data-path-to-node=\"5,7,0,0\"><b data-path-to-node=\"5,7,0,0\" data-index-in-node=\"0\">Temperatura de carga<\/b><\/span><\/td>\n<td><span data-path-to-node=\"5,7,1,0\">5\u00b0C a 45\u00b0C<\/span><\/td>\n<\/tr>\n<\/tbody>\n<\/table>\n<p>&nbsp;<\/p>\n<h3 data-path-to-node=\"7\">Seguridad y protecci\u00f3n<\/h3>\n<p data-path-to-node=\"8\"><span class=\"citation-11 citation-end-11\">El AFB16 est\u00e1 equipado con protecciones de hardware y software de m\u00faltiples capas:<\/span><\/p>\n<ul data-path-to-node=\"9\">\n<li>\n<p data-path-to-node=\"9,0,0\"><b data-path-to-node=\"9,0,0\" data-index-in-node=\"0\"><span class=\"citation-10\">Protecci\u00f3n contra sobrecarga\/descarga excesiva:<\/span><\/b><span class=\"citation-10 citation-end-10\"> Evita que la bater\u00eda alcance niveles de voltaje peligrosos.<\/span><\/p>\n<\/li>\n<li>\n<p data-path-to-node=\"9,1,0\"><b data-path-to-node=\"9,1,0\" data-index-in-node=\"0\"><span class=\"citation-9\">Protecci\u00f3n contra cortocircuitos y sobrecorriente:<\/span><\/b><span class=\"citation-9 citation-end-9\"> Corta autom\u00e1ticamente la energ\u00eda en caso de una falla el\u00e9ctrica.<\/span><\/p>\n<\/li>\n<li>\n<p data-path-to-node=\"9,2,0\"><b data-path-to-node=\"9,2,0\" data-index-in-node=\"0\"><span class=\"citation-8\">Monitoreo de temperatura:<\/span><\/b><span class=\"citation-8 citation-end-8\"> Evita la carga o descarga si la bater\u00eda est\u00e1 demasiado caliente o demasiado fr\u00eda para garantizar su longevidad y seguridad.<\/span><\/p>\n<\/li>\n<li>\n<p data-path-to-node=\"9,3,0\"><b data-path-to-node=\"9,3,0\" data-index-in-node=\"0\">Descarga autom\u00e1tica:<\/b> Incluye una funci\u00f3n de autodescarga hasta un nivel de almacenamiento (aproximadamente 60%) si no se utiliza durante varios d\u00edas, lo que evita la hinchaz\u00f3n de las celdas.<\/p>\n<\/li>\n<\/ul>\n<p data-path-to-node=\"10\"><b data-path-to-node=\"10\" data-index-in-node=\"0\">Consejo profesional:<\/b> Para maximizar la vida \u00fatil de estas celdas de alta capacidad, evite almacenarlas completamente cargadas durante m\u00e1s de 48 horas y c\u00e1rguelas siempre en un entorno entre 5 \u00b0C y 40 \u00b0C.<\/p>","protected":false},"excerpt":{"rendered":"<p><span class=\"citation-15\">El <\/span><b data-path-to-node=\"0\" data-index-in-node=\"4\"><span class=\"citation-15\">Bater\u00eda de pol\u00edmero de iones de litio GDU S400<\/span><\/b><span class=\"citation-15\"> (a menudo denominado por su n\u00famero de modelo) <\/span><b data-path-to-node=\"0\" data-index-in-node=\"72\"><span class=\"citation-15\">Base A\u00e9rea 16<\/span><\/b><span class=\"citation-15 citation-end-15\">) es una bater\u00eda de vuelo inteligente de alto rendimiento dise\u00f1ada espec\u00edficamente para los drones industriales de la serie GDU S400.<\/span> <span class=\"citation-14 citation-end-14\">Est\u00e1 dise\u00f1ado para proporcionar la alta densidad de energ\u00eda requerida para misiones de larga duraci\u00f3n, como inspecciones de l\u00edneas el\u00e9ctricas, vigilancia y mapeo.<\/span><\/p>","protected":false},"featured_media":24181,"comment_status":"open","ping_status":"closed","template":"","meta":[],"product_brand":[1369],"product_cat":[29,1363,1365,1359],"product_tag":[1375,1377,1371],"class_list":{"0":"post-24179","1":"product","2":"type-product","3":"status-publish","4":"has-post-thumbnail","6":"product_brand-gdu-tech","7":"product_cat-drones","8":"product_cat-gdu-s400-series","9":"product_cat-gdu-s400-series-accessories","10":"product_cat-gdu-tech","11":"product_tag-gdu-s400-series","12":"product_tag-gdu-s400-series-accessories","13":"product_tag-gdu-tech","15":"first","16":"outofstock","17":"taxable","18":"shipping-taxable","19":"purchasable","20":"product-type-simple"},"yoast_head":"<!-- This site is optimized with the Yoast SEO plugin v27.1.1 - https:\/\/yoast.com\/product\/yoast-seo-wordpress\/ -->\n<title>GDU S400 Li-ion Polymer Battery - Ghostysky<\/title>\n<meta name=\"description\" content=\"The GDU-Tech APA01 FlyPort V1 is a specialized ecological interface designed to bridge the gap between third-party hardware and GDU-Tech\u2019s industrial UAV (Unmanned Aerial Vehicle) platforms. It acts as a universal mounting and communication hub, allowing developers and enterprise users to integrate custom sensors, cameras, and communication modules onto GDU drones like the S200 and S220 series.\" \/>\n<meta name=\"robots\" content=\"index, follow, max-snippet:-1, max-image-preview:large, max-video-preview:-1\" \/>\n<link rel=\"canonical\" href=\"https:\/\/www.ghostysky.com\/es\/producto-2\/gdu-s400-li-ion-polymer-battery\/\" \/>\n<meta property=\"og:locale\" content=\"es_ES\" \/>\n<meta property=\"og:type\" content=\"article\" \/>\n<meta property=\"og:title\" content=\"GDU S400 Li-ion Polymer Battery - Ghostysky\" \/>\n<meta property=\"og:description\" content=\"The GDU-Tech APA01 FlyPort V1 is a specialized ecological interface designed to bridge the gap between third-party hardware and GDU-Tech\u2019s industrial UAV (Unmanned Aerial Vehicle) platforms. It acts as a universal mounting and communication hub, allowing developers and enterprise users to integrate custom sensors, cameras, and communication modules onto GDU drones like the S200 and S220 series.\" \/>\n<meta property=\"og:url\" content=\"https:\/\/www.ghostysky.com\/es\/producto-2\/gdu-s400-li-ion-polymer-battery\/\" \/>\n<meta property=\"og:site_name\" content=\"Ghostysky\" \/>\n<meta property=\"article:publisher\" content=\"https:\/\/www.facebook.com\/people\/Ghostysky\/100057676170234\/\" \/>\n<meta property=\"article:modified_time\" content=\"2026-02-09T08:13:27+00:00\" \/>\n<meta property=\"og:image\" content=\"https:\/\/www.ghostysky.com\/wp-content\/uploads\/2026\/02\/GH_GDU-S400-Li-ion-Polymer-Battery_.webp\" \/>\n\t<meta property=\"og:image:width\" content=\"1200\" \/>\n\t<meta property=\"og:image:height\" content=\"1200\" \/>\n\t<meta property=\"og:image:type\" content=\"image\/webp\" \/>\n<meta name=\"twitter:card\" content=\"summary_large_image\" \/>\n<meta name=\"twitter:site\" content=\"@Gh0stysky\" \/>\n<meta name=\"twitter:label1\" content=\"Tiempo de lectura\" \/>\n\t<meta name=\"twitter:data1\" content=\"2 minutos\" \/>\n<script type=\"application\/ld+json\" class=\"yoast-schema-graph\">{\"@context\":\"https:\/\/schema.org\",\"@graph\":[{\"@type\":\"WebPage\",\"@id\":\"https:\/\/www.ghostysky.com\/product\/gdu-s400-li-ion-polymer-battery\/\",\"url\":\"https:\/\/www.ghostysky.com\/product\/gdu-s400-li-ion-polymer-battery\/\",\"name\":\"GDU S400 Li-ion Polymer Battery - Ghostysky\",\"isPartOf\":{\"@id\":\"https:\/\/www.ghostysky.com\/#website\"},\"primaryImageOfPage\":{\"@id\":\"https:\/\/www.ghostysky.com\/product\/gdu-s400-li-ion-polymer-battery\/#primaryimage\"},\"image\":{\"@id\":\"https:\/\/www.ghostysky.com\/product\/gdu-s400-li-ion-polymer-battery\/#primaryimage\"},\"thumbnailUrl\":\"https:\/\/www.ghostysky.com\/wp-content\/uploads\/2026\/02\/GH_GDU-S400-Li-ion-Polymer-Battery_.webp\",\"datePublished\":\"2026-02-09T08:06:54+00:00\",\"dateModified\":\"2026-02-09T08:13:27+00:00\",\"description\":\"The GDU-Tech APA01 FlyPort V1 is a specialized ecological interface designed to bridge the gap between third-party hardware and GDU-Tech\u2019s industrial UAV (Unmanned Aerial Vehicle) platforms. It acts as a universal mounting and communication hub, allowing developers and enterprise users to integrate custom sensors, cameras, and communication modules onto GDU drones like the S200 and S220 series.\",\"breadcrumb\":{\"@id\":\"https:\/\/www.ghostysky.com\/product\/gdu-s400-li-ion-polymer-battery\/#breadcrumb\"},\"inLanguage\":\"es\",\"potentialAction\":[{\"@type\":\"ReadAction\",\"target\":[\"https:\/\/www.ghostysky.com\/product\/gdu-s400-li-ion-polymer-battery\/\"]}]},{\"@type\":\"ImageObject\",\"inLanguage\":\"es\",\"@id\":\"https:\/\/www.ghostysky.com\/product\/gdu-s400-li-ion-polymer-battery\/#primaryimage\",\"url\":\"https:\/\/www.ghostysky.com\/wp-content\/uploads\/2026\/02\/GH_GDU-S400-Li-ion-Polymer-Battery_.webp\",\"contentUrl\":\"https:\/\/www.ghostysky.com\/wp-content\/uploads\/2026\/02\/GH_GDU-S400-Li-ion-Polymer-Battery_.webp\",\"width\":1200,\"height\":1200},{\"@type\":\"BreadcrumbList\",\"@id\":\"https:\/\/www.ghostysky.com\/product\/gdu-s400-li-ion-polymer-battery\/#breadcrumb\",\"itemListElement\":[{\"@type\":\"ListItem\",\"position\":1,\"name\":\"Home\",\"item\":\"https:\/\/www.ghostysky.com\/\"},{\"@type\":\"ListItem\",\"position\":2,\"name\":\"Shop\",\"item\":\"https:\/\/www.ghostysky.com\/shop\/\"},{\"@type\":\"ListItem\",\"position\":3,\"name\":\"GDU S400 Li-ion Polymer Battery\"}]},{\"@type\":\"WebSite\",\"@id\":\"https:\/\/www.ghostysky.com\/#website\",\"url\":\"https:\/\/www.ghostysky.com\/\",\"name\":\"Ghostysky\",\"description\":\"Delivering professional drones and services\",\"publisher\":{\"@id\":\"https:\/\/www.ghostysky.com\/#organization\"},\"potentialAction\":[{\"@type\":\"SearchAction\",\"target\":{\"@type\":\"EntryPoint\",\"urlTemplate\":\"https:\/\/www.ghostysky.com\/?s={search_term_string}\"},\"query-input\":{\"@type\":\"PropertyValueSpecification\",\"valueRequired\":true,\"valueName\":\"search_term_string\"}}],\"inLanguage\":\"es\"},{\"@type\":\"Organization\",\"@id\":\"https:\/\/www.ghostysky.com\/#organization\",\"name\":\"Ghostysky\",\"url\":\"https:\/\/www.ghostysky.com\/\",\"logo\":{\"@type\":\"ImageObject\",\"inLanguage\":\"es\",\"@id\":\"https:\/\/www.ghostysky.com\/#\/schema\/logo\/image\/\",\"url\":\"https:\/\/www.ghostysky.com\/wp-content\/uploads\/2020\/06\/cropped-ghostyskylogo_text_white2.png\",\"contentUrl\":\"https:\/\/www.ghostysky.com\/wp-content\/uploads\/2020\/06\/cropped-ghostyskylogo_text_white2.png\",\"width\":169,\"height\":56,\"caption\":\"Ghostysky\"},\"image\":{\"@id\":\"https:\/\/www.ghostysky.com\/#\/schema\/logo\/image\/\"},\"sameAs\":[\"https:\/\/www.facebook.com\/people\/Ghostysky\/100057676170234\/\",\"https:\/\/x.com\/Gh0stysky\",\"https:\/\/www.linkedin.com\/company\/34739653\",\"https:\/\/www.instagram.com\/gh0stysky\"]}]}<\/script>\n<!-- \/ Yoast SEO plugin. -->","yoast_head_json":{"title":"Bater\u00eda de pol\u00edmero de iones de litio GDU S400 - Ghostysky","description":"El FlyPort V1 APA01 de GDU-Tech es una interfaz ecol\u00f3gica especializada, dise\u00f1ada para conectar el hardware de terceros con las plataformas de veh\u00edculos a\u00e9reos no tripulados (UAV) industriales de GDU-Tech. Act\u00faa como un centro universal de montaje y comunicaci\u00f3n, permitiendo a desarrolladores y usuarios empresariales integrar sensores, c\u00e1maras y m\u00f3dulos de comunicaci\u00f3n personalizados en drones GDU, como las series S200 y S220.","robots":{"index":"index","follow":"follow","max-snippet":"max-snippet:-1","max-image-preview":"max-image-preview:large","max-video-preview":"max-video-preview:-1"},"canonical":"https:\/\/www.ghostysky.com\/es\/producto-2\/gdu-s400-li-ion-polymer-battery\/","og_locale":"es_ES","og_type":"article","og_title":"GDU S400 Li-ion Polymer Battery - Ghostysky","og_description":"The GDU-Tech APA01 FlyPort V1 is a specialized ecological interface designed to bridge the gap between third-party hardware and GDU-Tech\u2019s industrial UAV (Unmanned Aerial Vehicle) platforms. It acts as a universal mounting and communication hub, allowing developers and enterprise users to integrate custom sensors, cameras, and communication modules onto GDU drones like the S200 and S220 series.","og_url":"https:\/\/www.ghostysky.com\/es\/producto-2\/gdu-s400-li-ion-polymer-battery\/","og_site_name":"Ghostysky","article_publisher":"https:\/\/www.facebook.com\/people\/Ghostysky\/100057676170234\/","article_modified_time":"2026-02-09T08:13:27+00:00","og_image":[{"width":1200,"height":1200,"url":"https:\/\/www.ghostysky.com\/wp-content\/uploads\/2026\/02\/GH_GDU-S400-Li-ion-Polymer-Battery_.webp","type":"image\/webp"}],"twitter_card":"summary_large_image","twitter_site":"@Gh0stysky","twitter_misc":{"Tiempo de lectura":"2 minutos"},"schema":{"@context":"https:\/\/schema.org","@graph":[{"@type":"WebPage","@id":"https:\/\/www.ghostysky.com\/product\/gdu-s400-li-ion-polymer-battery\/","url":"https:\/\/www.ghostysky.com\/product\/gdu-s400-li-ion-polymer-battery\/","name":"Bater\u00eda de pol\u00edmero de iones de litio GDU S400 - Ghostysky","isPartOf":{"@id":"https:\/\/www.ghostysky.com\/#website"},"primaryImageOfPage":{"@id":"https:\/\/www.ghostysky.com\/product\/gdu-s400-li-ion-polymer-battery\/#primaryimage"},"image":{"@id":"https:\/\/www.ghostysky.com\/product\/gdu-s400-li-ion-polymer-battery\/#primaryimage"},"thumbnailUrl":"https:\/\/www.ghostysky.com\/wp-content\/uploads\/2026\/02\/GH_GDU-S400-Li-ion-Polymer-Battery_.webp","datePublished":"2026-02-09T08:06:54+00:00","dateModified":"2026-02-09T08:13:27+00:00","description":"El FlyPort V1 APA01 de GDU-Tech es una interfaz ecol\u00f3gica especializada, dise\u00f1ada para conectar el hardware de terceros con las plataformas de veh\u00edculos a\u00e9reos no tripulados (UAV) industriales de GDU-Tech. Act\u00faa como un centro universal de montaje y comunicaci\u00f3n, permitiendo a desarrolladores y usuarios empresariales integrar sensores, c\u00e1maras y m\u00f3dulos de comunicaci\u00f3n personalizados en drones GDU, como las series S200 y S220.","breadcrumb":{"@id":"https:\/\/www.ghostysky.com\/product\/gdu-s400-li-ion-polymer-battery\/#breadcrumb"},"inLanguage":"es","potentialAction":[{"@type":"ReadAction","target":["https:\/\/www.ghostysky.com\/product\/gdu-s400-li-ion-polymer-battery\/"]}]},{"@type":"ImageObject","inLanguage":"es","@id":"https:\/\/www.ghostysky.com\/product\/gdu-s400-li-ion-polymer-battery\/#primaryimage","url":"https:\/\/www.ghostysky.com\/wp-content\/uploads\/2026\/02\/GH_GDU-S400-Li-ion-Polymer-Battery_.webp","contentUrl":"https:\/\/www.ghostysky.com\/wp-content\/uploads\/2026\/02\/GH_GDU-S400-Li-ion-Polymer-Battery_.webp","width":1200,"height":1200},{"@type":"BreadcrumbList","@id":"https:\/\/www.ghostysky.com\/product\/gdu-s400-li-ion-polymer-battery\/#breadcrumb","itemListElement":[{"@type":"ListItem","position":1,"name":"Home","item":"https:\/\/www.ghostysky.com\/"},{"@type":"ListItem","position":2,"name":"Shop","item":"https:\/\/www.ghostysky.com\/shop\/"},{"@type":"ListItem","position":3,"name":"GDU S400 Li-ion Polymer Battery"}]},{"@type":"WebSite","@id":"https:\/\/www.ghostysky.com\/#website","url":"https:\/\/www.ghostysky.com\/","name":"Ghostysky","description":"Entrega de drones y servicios profesionales","publisher":{"@id":"https:\/\/www.ghostysky.com\/#organization"},"potentialAction":[{"@type":"SearchAction","target":{"@type":"EntryPoint","urlTemplate":"https:\/\/www.ghostysky.com\/?s={search_term_string}"},"query-input":{"@type":"PropertyValueSpecification","valueRequired":true,"valueName":"search_term_string"}}],"inLanguage":"es"},{"@type":"Organization","@id":"https:\/\/www.ghostysky.com\/#organization","name":"Ghostysky","url":"https:\/\/www.ghostysky.com\/","logo":{"@type":"ImageObject","inLanguage":"es","@id":"https:\/\/www.ghostysky.com\/#\/schema\/logo\/image\/","url":"https:\/\/www.ghostysky.com\/wp-content\/uploads\/2020\/06\/cropped-ghostyskylogo_text_white2.png","contentUrl":"https:\/\/www.ghostysky.com\/wp-content\/uploads\/2020\/06\/cropped-ghostyskylogo_text_white2.png","width":169,"height":56,"caption":"Ghostysky"},"image":{"@id":"https:\/\/www.ghostysky.com\/#\/schema\/logo\/image\/"},"sameAs":["https:\/\/www.facebook.com\/people\/Ghostysky\/100057676170234\/","https:\/\/x.com\/Gh0stysky","https:\/\/www.linkedin.com\/company\/34739653","https:\/\/www.instagram.com\/gh0stysky"]}]}},"_links":{"self":[{"href":"https:\/\/www.ghostysky.com\/es\/wp-json\/wp\/v2\/product\/24179","targetHints":{"allow":["GET"]}}],"collection":[{"href":"https:\/\/www.ghostysky.com\/es\/wp-json\/wp\/v2\/product"}],"about":[{"href":"https:\/\/www.ghostysky.com\/es\/wp-json\/wp\/v2\/types\/product"}],"replies":[{"embeddable":true,"href":"https:\/\/www.ghostysky.com\/es\/wp-json\/wp\/v2\/comments?post=24179"}],"wp:featuredmedia":[{"embeddable":true,"href":"https:\/\/www.ghostysky.com\/es\/wp-json\/wp\/v2\/media\/24181"}],"wp:attachment":[{"href":"https:\/\/www.ghostysky.com\/es\/wp-json\/wp\/v2\/media?parent=24179"}],"wp:term":[{"taxonomy":"product_brand","embeddable":true,"href":"https:\/\/www.ghostysky.com\/es\/wp-json\/wp\/v2\/product_brand?post=24179"},{"taxonomy":"product_cat","embeddable":true,"href":"https:\/\/www.ghostysky.com\/es\/wp-json\/wp\/v2\/product_cat?post=24179"},{"taxonomy":"product_tag","embeddable":true,"href":"https:\/\/www.ghostysky.com\/es\/wp-json\/wp\/v2\/product_tag?post=24179"}],"curies":[{"name":"wp","href":"https:\/\/api.w.org\/{rel}","templated":true}]}}