{"id":24217,"date":"2026-02-23T13:23:32","date_gmt":"2026-02-23T13:23:32","guid":{"rendered":"https:\/\/www.ghostysky.com\/?post_type=product&#038;p=24217"},"modified":"2026-02-23T13:30:48","modified_gmt":"2026-02-23T13:30:48","slug":"agilex-nero","status":"publish","type":"product","link":"https:\/\/www.ghostysky.com\/es\/product\/agilex-nero\/","title":{"rendered":"Agilex Nero"},"content":{"rendered":"<h3 data-path-to-node=\"3\">Caracter\u00edsticas clave<\/h3>\n<ul data-path-to-node=\"4\">\n<li>\n<p id=\"p-rc_2cc2f623859cbf0e-20\" data-path-to-node=\"4,0,0\"><b data-path-to-node=\"4,0,0\" data-index-in-node=\"0\">Destreza similar a la humana:<\/b><span class=\"citation-19 citation-end-19\"> La configuraci\u00f3n de 7 ejes permite el \u201ccontrol de espacio nulo\u201d, lo que permite que el brazo cambie su postura (posici\u00f3n del codo) sin mover el efector final.<\/span> Esto es fundamental para trabajar en espacios reducidos o alrededor de obst\u00e1culos.<\/p>\n<\/li>\n<li>\n<p id=\"p-rc_2cc2f623859cbf0e-21\" data-path-to-node=\"4,1,0\"><b data-path-to-node=\"4,1,0\" data-index-in-node=\"0\"><span class=\"citation-18\">Dise\u00f1o ultraligero:<\/span><\/b><span class=\"citation-18\"> Solo pesaje <\/span><b data-path-to-node=\"4,1,0\" data-index-in-node=\"40\"><span class=\"citation-18\">4,8 kilogramos<\/span><\/b><span class=\"citation-18 citation-end-18\">, El Nero es altamente port\u00e1til y puede integrarse f\u00e1cilmente en plataformas m\u00f3viles o trasladarse entre estaciones de laboratorio.<\/span><\/p>\n<\/li>\n<li>\n<p id=\"p-rc_2cc2f623859cbf0e-22\" data-path-to-node=\"4,2,0\"><b data-path-to-node=\"4,2,0\" data-index-in-node=\"0\"><span class=\"citation-17\">Precisi\u00f3n lista para la investigaci\u00f3n:<\/span><\/b><span class=\"citation-17\"> Con <\/span><b data-path-to-node=\"4,2,0\" data-index-in-node=\"31\"><span class=\"citation-17\">Repetibilidad de \u00b10,1 mm<\/span><\/b><span class=\"citation-17 citation-end-17\">, Es lo suficientemente preciso para tareas delicadas como el ensamblaje electr\u00f3nico o la recopilaci\u00f3n de datos consistente para el entrenamiento de IA.<\/span><\/p>\n<\/li>\n<li>\n<p id=\"p-rc_2cc2f623859cbf0e-23\" data-path-to-node=\"4,3,0\"><b data-path-to-node=\"4,3,0\" data-index-in-node=\"0\">Arquitectura abierta:<\/b><span class=\"citation-16\"> Totalmente compatible con <\/span><b data-path-to-node=\"4,3,0\" data-index-in-node=\"41\"><span class=\"citation-16\">ROS 1 \/ ROS 2<\/span><\/b><span class=\"citation-16\"> y <\/span><b data-path-to-node=\"4,3,0\" data-index-in-node=\"59\"><span class=\"citation-16\">SDK de Python<\/span><\/b><span class=\"citation-16 citation-end-16\">, lo que lo convierte en una soluci\u00f3n \u201cplug-and-play\u201d para desarrolladores que utilizan marcos de IA modernos.<\/span><\/p>\n<\/li>\n<li>\n<p id=\"p-rc_2cc2f623859cbf0e-24\" data-path-to-node=\"4,4,0\"><b data-path-to-node=\"4,4,0\" data-index-in-node=\"0\">Montaje vers\u00e1til:<\/b><span class=\"citation-15\"> Admite m\u00faltiples orientaciones de instalaci\u00f3n, incluidas <\/span><b data-path-to-node=\"4,4,0\" data-index-in-node=\"75\"><span class=\"citation-15\">superficie de la mesa<\/span><\/b><span class=\"citation-15\">, <\/span><b data-path-to-node=\"4,4,0\" data-index-in-node=\"85\"><span class=\"citation-15\">montaje lateral<\/span><\/b><span class=\"citation-15\">, o <\/span><b data-path-to-node=\"4,4,0\" data-index-in-node=\"100\"><span class=\"citation-15\">invertido<\/span><\/b><span class=\"citation-15 citation-end-15\"> Configuraciones (de techo).<\/span><\/p>\n<div class=\"source-inline-chip-container ng-star-inserted\"><\/div>\n<\/li>\n<\/ul>\n<h3 data-path-to-node=\"6\">Especificaciones t\u00e9cnicas<\/h3>\n<table data-path-to-node=\"7\">\n<thead>\n<tr>\n<td><strong>Caracter\u00edstica<\/strong><\/td>\n<td><strong>Especificaci\u00f3n<\/strong><\/td>\n<\/tr>\n<\/thead>\n<tbody>\n<tr>\n<td><span data-path-to-node=\"7,1,0,0\"><b data-path-to-node=\"7,1,0,0\" data-index-in-node=\"0\">Grados de libertad<\/b><\/span><\/td>\n<td><span data-path-to-node=\"7,1,1,0\">7 grados de libertad (redundante)<\/span><\/td>\n<\/tr>\n<tr>\n<td><span data-path-to-node=\"7,2,0,0\"><b data-path-to-node=\"7,2,0,0\" data-index-in-node=\"0\">Carga \u00fatil<\/b><\/span><\/td>\n<td><span data-path-to-node=\"7,2,1,0\">3 kg (nominal) \/ 5 kg (pico din\u00e1mico)<\/span><\/td>\n<\/tr>\n<tr>\n<td><span data-path-to-node=\"7,3,0,0\"><b data-path-to-node=\"7,3,0,0\" data-index-in-node=\"0\">Radio de trabajo<\/b><\/span><\/td>\n<td><span data-path-to-node=\"7,3,1,0\">580 mil\u00edmetros<\/span><\/td>\n<\/tr>\n<tr>\n<td><span data-path-to-node=\"7,4,0,0\"><b data-path-to-node=\"7,4,0,0\" data-index-in-node=\"0\">Repetibilidad<\/b><\/span><\/td>\n<td><span data-path-to-node=\"7,4,1,0\">\u00b10,1 mm<\/span><\/td>\n<\/tr>\n<tr>\n<td><span data-path-to-node=\"7,5,0,0\"><b data-path-to-node=\"7,5,0,0\" data-index-in-node=\"0\">Peso<\/b><\/span><\/td>\n<td><span data-path-to-node=\"7,5,1,0\">4,8 kilogramos<\/span><\/td>\n<\/tr>\n<tr>\n<td><span data-path-to-node=\"7,6,0,0\"><b data-path-to-node=\"7,6,0,0\" data-index-in-node=\"0\">Comunicaci\u00f3n<\/b><\/span><\/td>\n<td><span data-path-to-node=\"7,6,1,0\">CAN\/HTTP\/TCP<\/span><\/td>\n<\/tr>\n<tr>\n<td><span data-path-to-node=\"7,7,0,0\"><b data-path-to-node=\"7,7,0,0\" data-index-in-node=\"0\">El consumo de energ\u00eda<\/b><\/span><\/td>\n<td><span data-path-to-node=\"7,7,1,0\">M\u00e1x. \u2264120 W (promedio ~40 W)<\/span><\/td>\n<\/tr>\n<tr>\n<td><span data-path-to-node=\"7,8,0,0\"><b data-path-to-node=\"7,8,0,0\" data-index-in-node=\"0\">Velocidad de las articulaciones<\/b><\/span><\/td>\n<td><span data-path-to-node=\"7,8,1,0\">J1-J3: 180\u00b0\/s | J4-J7: 225\u00b0\/s<\/span><\/td>\n<\/tr>\n<\/tbody>\n<\/table>\n<p>&nbsp;<\/p>\n<h3 data-path-to-node=\"9\">Aplicaciones<\/h3>\n<ul data-path-to-node=\"10\">\n<li>\n<p id=\"p-rc_2cc2f623859cbf0e-25\" data-path-to-node=\"10,0,0\"><b data-path-to-node=\"10,0,0\" data-index-in-node=\"0\"><span class=\"citation-14\">IA encarnada:<\/span><\/b><span class=\"citation-14 citation-end-14\"> Ideal para entrenar modelos en aprendizaje por imitaci\u00f3n y aprendizaje por refuerzo.<\/span><\/p>\n<\/li>\n<li>\n<p id=\"p-rc_2cc2f623859cbf0e-26\" data-path-to-node=\"10,1,0\"><b data-path-to-node=\"10,1,0\" data-index-in-node=\"0\"><span class=\"citation-13\">Manipulaci\u00f3n m\u00f3vil:<\/span><\/b><span class=\"citation-13 citation-end-13\"> Se puede montar en bases m\u00f3viles AgileX (como Scout o Bunker) para crear manipuladores m\u00f3viles aut\u00f3nomos.<\/span><\/p>\n<\/li>\n<li>\n<p data-path-to-node=\"10,2,0\"><b data-path-to-node=\"10,2,0\" data-index-in-node=\"0\">I+D de humanoides:<\/b> Sirve como una extremidad modular para la creaci\u00f3n de prototipos de robots humanoides.<\/p>\n<\/li>\n<li>\n<p id=\"p-rc_2cc2f623859cbf0e-27\" data-path-to-node=\"10,3,0\"><b data-path-to-node=\"10,3,0\" data-index-in-node=\"0\"><span class=\"citation-12\">Automatizaci\u00f3n de laboratorio:<\/span><\/b><span class=\"citation-12 citation-end-12\"> Manipulaci\u00f3n de l\u00edquidos de alta precisi\u00f3n, pruebas de materiales o tareas de selecci\u00f3n y colocaci\u00f3n.<\/span><\/p>\n<\/li>\n<\/ul>\n<blockquote data-path-to-node=\"11\">\n<p id=\"p-rc_2cc2f623859cbf0e-28\" data-path-to-node=\"11,0\"><b data-path-to-node=\"11,0\" data-index-in-node=\"0\"><span class=\"citation-11\">Consejo profesional:<\/span><\/b><span class=\"citation-11\"> El Nero cuenta con una <\/span><b data-path-to-node=\"11,0\" data-index-in-node=\"29\"><span class=\"citation-11\">Arrastrar y ense\u00f1ar<\/span><\/b><span class=\"citation-11 citation-end-11\"> modo, que permite a los investigadores guiar manualmente el brazo a trav\u00e9s de una trayectoria de movimiento para registrar r\u00e1pidamente la trayectoria sin escribir c\u00f3digo complejo.<\/span><\/p>\n<\/blockquote>","protected":false},"excerpt":{"rendered":"<p><span class=\"\">El <\/span><b class=\"\" data-path-to-node=\"0\" data-index-in-node=\"4\">AgileX Nero<\/b><span class=\"\"> es de alto rendimiento,<\/span><span class=\"\"> Brazo rob\u00f3tico de 7 ejes (7 DoF) dise\u00f1ado espec\u00edficamente para investigaci\u00f3n avanzada en <\/span><b class=\"\" data-path-to-node=\"0\" data-index-in-node=\"115\">IA encarnada<\/b><span class=\"\"> y <\/span><b class=\"\" data-path-to-node=\"0\" data-index-in-node=\"131\">Rob\u00f3tica humanoide<\/b><span class=\"\">.<\/span><span class=\"\"> A diferencia de los brazos tradicionales de 6 ejes,<\/span><span class=\"\"> El s\u00e9ptimo eje redundante del Nero imita la destreza humana,<\/span><span class=\"\"> Permiti\u00e9ndole navegar en entornos complejos y evitar obst\u00e1culos con fluidez.,<\/span><span class=\"\"> movimiento natural.<\/span><\/p>","protected":false},"featured_media":24220,"comment_status":"open","ping_status":"closed","template":"","meta":[],"product_brand":[1046],"product_cat":[1043,1045,1042,1037],"product_tag":[1047,1054,1053],"class_list":{"0":"post-24217","1":"product","2":"type-product","3":"status-publish","4":"has-post-thumbnail","6":"product_brand-agilex","7":"product_cat-agilex","8":"product_cat-agilex-accessories","9":"product_cat-chassis","10":"product_cat-robotics","11":"product_tag-agilex","12":"product_tag-agilex-accessories","13":"product_tag-agilex-piper","15":"first","16":"onbackorder","17":"taxable","18":"shipping-taxable","19":"purchasable","20":"product-type-simple"},"yoast_head":"<!-- This site is optimized with the Yoast SEO plugin v27.4 - https:\/\/yoast.com\/product\/yoast-seo-wordpress\/ -->\n<title>Agilex Nero - Ghostysky<\/title>\n<meta name=\"description\" content=\"The AgileX Nero is a high-performance, 7-axis (7-DoF) robotic arm specifically engineered for advanced research in Embodied AI and Humanoid Robotics. Unlike traditional 6-axis arms, the Nero\u2019s redundant 7th axis mimics human-like dexterity, allowing it to navigate complex environments and avoid obstacles with fluid, natural motion.\" \/>\n<meta name=\"robots\" content=\"index, follow, max-snippet:-1, max-image-preview:large, max-video-preview:-1\" \/>\n<link rel=\"canonical\" href=\"https:\/\/www.ghostysky.com\/es\/producto-2\/agilex-nero\/\" \/>\n<meta property=\"og:locale\" content=\"es_ES\" \/>\n<meta property=\"og:type\" content=\"article\" \/>\n<meta property=\"og:title\" content=\"Agilex Nero - Ghostysky\" \/>\n<meta property=\"og:description\" content=\"The AgileX Nero is a high-performance, 7-axis (7-DoF) robotic arm specifically engineered for advanced research in Embodied AI and Humanoid Robotics. Unlike traditional 6-axis arms, the Nero\u2019s redundant 7th axis mimics human-like dexterity, allowing it to navigate complex environments and avoid obstacles with fluid, natural motion.\" \/>\n<meta property=\"og:url\" content=\"https:\/\/www.ghostysky.com\/es\/producto-2\/agilex-nero\/\" \/>\n<meta property=\"og:site_name\" content=\"Ghostysky\" \/>\n<meta property=\"article:publisher\" content=\"https:\/\/www.facebook.com\/people\/Ghostysky\/100057676170234\/\" \/>\n<meta property=\"article:modified_time\" content=\"2026-02-23T13:30:48+00:00\" \/>\n<meta property=\"og:image\" content=\"https:\/\/www.ghostysky.com\/wp-content\/uploads\/2026\/02\/GH_Agilex_Nero_1.webp\" \/>\n\t<meta property=\"og:image:width\" content=\"990\" \/>\n\t<meta property=\"og:image:height\" content=\"990\" \/>\n\t<meta property=\"og:image:type\" content=\"image\/webp\" \/>\n<meta name=\"twitter:card\" content=\"summary_large_image\" \/>\n<meta name=\"twitter:site\" content=\"@Gh0stysky\" \/>\n<meta name=\"twitter:label1\" content=\"Tiempo de lectura\" \/>\n\t<meta name=\"twitter:data1\" content=\"2 minutos\" \/>\n<script type=\"application\/ld+json\" class=\"yoast-schema-graph\">{\"@context\":\"https:\\\/\\\/schema.org\",\"@graph\":[{\"@type\":\"WebPage\",\"@id\":\"https:\\\/\\\/www.ghostysky.com\\\/product\\\/agilex-nero\\\/\",\"url\":\"https:\\\/\\\/www.ghostysky.com\\\/product\\\/agilex-nero\\\/\",\"name\":\"Agilex Nero - Ghostysky\",\"isPartOf\":{\"@id\":\"https:\\\/\\\/www.ghostysky.com\\\/#website\"},\"primaryImageOfPage\":{\"@id\":\"https:\\\/\\\/www.ghostysky.com\\\/product\\\/agilex-nero\\\/#primaryimage\"},\"image\":{\"@id\":\"https:\\\/\\\/www.ghostysky.com\\\/product\\\/agilex-nero\\\/#primaryimage\"},\"thumbnailUrl\":\"https:\\\/\\\/www.ghostysky.com\\\/wp-content\\\/uploads\\\/2026\\\/02\\\/GH_Agilex_Nero_1.webp\",\"datePublished\":\"2026-02-23T13:23:32+00:00\",\"dateModified\":\"2026-02-23T13:30:48+00:00\",\"description\":\"The AgileX Nero is a high-performance, 7-axis (7-DoF) robotic arm specifically engineered for advanced research in Embodied AI and Humanoid Robotics. Unlike traditional 6-axis arms, the Nero\u2019s redundant 7th axis mimics human-like dexterity, allowing it to navigate complex environments and avoid obstacles with fluid, natural motion.\",\"breadcrumb\":{\"@id\":\"https:\\\/\\\/www.ghostysky.com\\\/product\\\/agilex-nero\\\/#breadcrumb\"},\"inLanguage\":\"es\",\"potentialAction\":[{\"@type\":\"ReadAction\",\"target\":[\"https:\\\/\\\/www.ghostysky.com\\\/product\\\/agilex-nero\\\/\"]}]},{\"@type\":\"ImageObject\",\"inLanguage\":\"es\",\"@id\":\"https:\\\/\\\/www.ghostysky.com\\\/product\\\/agilex-nero\\\/#primaryimage\",\"url\":\"https:\\\/\\\/www.ghostysky.com\\\/wp-content\\\/uploads\\\/2026\\\/02\\\/GH_Agilex_Nero_1.webp\",\"contentUrl\":\"https:\\\/\\\/www.ghostysky.com\\\/wp-content\\\/uploads\\\/2026\\\/02\\\/GH_Agilex_Nero_1.webp\",\"width\":990,\"height\":990},{\"@type\":\"BreadcrumbList\",\"@id\":\"https:\\\/\\\/www.ghostysky.com\\\/product\\\/agilex-nero\\\/#breadcrumb\",\"itemListElement\":[{\"@type\":\"ListItem\",\"position\":1,\"name\":\"Home\",\"item\":\"https:\\\/\\\/www.ghostysky.com\\\/\"},{\"@type\":\"ListItem\",\"position\":2,\"name\":\"Shop\",\"item\":\"https:\\\/\\\/www.ghostysky.com\\\/shop\\\/\"},{\"@type\":\"ListItem\",\"position\":3,\"name\":\"Agilex Nero\"}]},{\"@type\":\"WebSite\",\"@id\":\"https:\\\/\\\/www.ghostysky.com\\\/#website\",\"url\":\"https:\\\/\\\/www.ghostysky.com\\\/\",\"name\":\"Ghostysky\",\"description\":\"Delivering professional drones and services\",\"publisher\":{\"@id\":\"https:\\\/\\\/www.ghostysky.com\\\/#organization\"},\"potentialAction\":[{\"@type\":\"SearchAction\",\"target\":{\"@type\":\"EntryPoint\",\"urlTemplate\":\"https:\\\/\\\/www.ghostysky.com\\\/?s={search_term_string}\"},\"query-input\":{\"@type\":\"PropertyValueSpecification\",\"valueRequired\":true,\"valueName\":\"search_term_string\"}}],\"inLanguage\":\"es\"},{\"@type\":\"Organization\",\"@id\":\"https:\\\/\\\/www.ghostysky.com\\\/#organization\",\"name\":\"Ghostysky\",\"url\":\"https:\\\/\\\/www.ghostysky.com\\\/\",\"logo\":{\"@type\":\"ImageObject\",\"inLanguage\":\"es\",\"@id\":\"https:\\\/\\\/www.ghostysky.com\\\/#\\\/schema\\\/logo\\\/image\\\/\",\"url\":\"https:\\\/\\\/www.ghostysky.com\\\/wp-content\\\/uploads\\\/2020\\\/06\\\/cropped-ghostyskylogo_text_white2.png\",\"contentUrl\":\"https:\\\/\\\/www.ghostysky.com\\\/wp-content\\\/uploads\\\/2020\\\/06\\\/cropped-ghostyskylogo_text_white2.png\",\"width\":169,\"height\":56,\"caption\":\"Ghostysky\"},\"image\":{\"@id\":\"https:\\\/\\\/www.ghostysky.com\\\/#\\\/schema\\\/logo\\\/image\\\/\"},\"sameAs\":[\"https:\\\/\\\/www.facebook.com\\\/people\\\/Ghostysky\\\/100057676170234\\\/\",\"https:\\\/\\\/x.com\\\/Gh0stysky\",\"https:\\\/\\\/www.linkedin.com\\\/company\\\/34739653\",\"https:\\\/\\\/www.instagram.com\\\/gh0stysky\"]}]}<\/script>\n<!-- \/ Yoast SEO plugin. -->","yoast_head_json":{"title":"Agilex Nero - Cielo fantasmal","description":"El AgileX Nero es un brazo rob\u00f3tico de 7 ejes (7 grados de libertad) de alto rendimiento, dise\u00f1ado espec\u00edficamente para la investigaci\u00f3n avanzada en IA encarnada y rob\u00f3tica humanoide. A diferencia de los brazos tradicionales de 6 ejes, el s\u00e9ptimo eje redundante del Nero imita la destreza humana, lo que le permite navegar en entornos complejos y evitar obst\u00e1culos con un movimiento fluido y natural.","robots":{"index":"index","follow":"follow","max-snippet":"max-snippet:-1","max-image-preview":"max-image-preview:large","max-video-preview":"max-video-preview:-1"},"canonical":"https:\/\/www.ghostysky.com\/es\/producto-2\/agilex-nero\/","og_locale":"es_ES","og_type":"article","og_title":"Agilex Nero - Ghostysky","og_description":"The AgileX Nero is a high-performance, 7-axis (7-DoF) robotic arm specifically engineered for advanced research in Embodied AI and Humanoid Robotics. Unlike traditional 6-axis arms, the Nero\u2019s redundant 7th axis mimics human-like dexterity, allowing it to navigate complex environments and avoid obstacles with fluid, natural motion.","og_url":"https:\/\/www.ghostysky.com\/es\/producto-2\/agilex-nero\/","og_site_name":"Ghostysky","article_publisher":"https:\/\/www.facebook.com\/people\/Ghostysky\/100057676170234\/","article_modified_time":"2026-02-23T13:30:48+00:00","og_image":[{"width":990,"height":990,"url":"https:\/\/www.ghostysky.com\/wp-content\/uploads\/2026\/02\/GH_Agilex_Nero_1.webp","type":"image\/webp"}],"twitter_card":"summary_large_image","twitter_site":"@Gh0stysky","twitter_misc":{"Tiempo de lectura":"2 minutos"},"schema":{"@context":"https:\/\/schema.org","@graph":[{"@type":"WebPage","@id":"https:\/\/www.ghostysky.com\/product\/agilex-nero\/","url":"https:\/\/www.ghostysky.com\/product\/agilex-nero\/","name":"Agilex Nero - Cielo fantasmal","isPartOf":{"@id":"https:\/\/www.ghostysky.com\/#website"},"primaryImageOfPage":{"@id":"https:\/\/www.ghostysky.com\/product\/agilex-nero\/#primaryimage"},"image":{"@id":"https:\/\/www.ghostysky.com\/product\/agilex-nero\/#primaryimage"},"thumbnailUrl":"https:\/\/www.ghostysky.com\/wp-content\/uploads\/2026\/02\/GH_Agilex_Nero_1.webp","datePublished":"2026-02-23T13:23:32+00:00","dateModified":"2026-02-23T13:30:48+00:00","description":"El AgileX Nero es un brazo rob\u00f3tico de 7 ejes (7 grados de libertad) de alto rendimiento, dise\u00f1ado espec\u00edficamente para la investigaci\u00f3n avanzada en IA encarnada y rob\u00f3tica humanoide. A diferencia de los brazos tradicionales de 6 ejes, el s\u00e9ptimo eje redundante del Nero imita la destreza humana, lo que le permite navegar en entornos complejos y evitar obst\u00e1culos con un movimiento fluido y natural.","breadcrumb":{"@id":"https:\/\/www.ghostysky.com\/product\/agilex-nero\/#breadcrumb"},"inLanguage":"es","potentialAction":[{"@type":"ReadAction","target":["https:\/\/www.ghostysky.com\/product\/agilex-nero\/"]}]},{"@type":"ImageObject","inLanguage":"es","@id":"https:\/\/www.ghostysky.com\/product\/agilex-nero\/#primaryimage","url":"https:\/\/www.ghostysky.com\/wp-content\/uploads\/2026\/02\/GH_Agilex_Nero_1.webp","contentUrl":"https:\/\/www.ghostysky.com\/wp-content\/uploads\/2026\/02\/GH_Agilex_Nero_1.webp","width":990,"height":990},{"@type":"BreadcrumbList","@id":"https:\/\/www.ghostysky.com\/product\/agilex-nero\/#breadcrumb","itemListElement":[{"@type":"ListItem","position":1,"name":"Home","item":"https:\/\/www.ghostysky.com\/"},{"@type":"ListItem","position":2,"name":"Shop","item":"https:\/\/www.ghostysky.com\/shop\/"},{"@type":"ListItem","position":3,"name":"Agilex Nero"}]},{"@type":"WebSite","@id":"https:\/\/www.ghostysky.com\/#website","url":"https:\/\/www.ghostysky.com\/","name":"Ghostysky","description":"Entrega de drones y servicios profesionales","publisher":{"@id":"https:\/\/www.ghostysky.com\/#organization"},"potentialAction":[{"@type":"SearchAction","target":{"@type":"EntryPoint","urlTemplate":"https:\/\/www.ghostysky.com\/?s={search_term_string}"},"query-input":{"@type":"PropertyValueSpecification","valueRequired":true,"valueName":"search_term_string"}}],"inLanguage":"es"},{"@type":"Organization","@id":"https:\/\/www.ghostysky.com\/#organization","name":"Ghostysky","url":"https:\/\/www.ghostysky.com\/","logo":{"@type":"ImageObject","inLanguage":"es","@id":"https:\/\/www.ghostysky.com\/#\/schema\/logo\/image\/","url":"https:\/\/www.ghostysky.com\/wp-content\/uploads\/2020\/06\/cropped-ghostyskylogo_text_white2.png","contentUrl":"https:\/\/www.ghostysky.com\/wp-content\/uploads\/2020\/06\/cropped-ghostyskylogo_text_white2.png","width":169,"height":56,"caption":"Ghostysky"},"image":{"@id":"https:\/\/www.ghostysky.com\/#\/schema\/logo\/image\/"},"sameAs":["https:\/\/www.facebook.com\/people\/Ghostysky\/100057676170234\/","https:\/\/x.com\/Gh0stysky","https:\/\/www.linkedin.com\/company\/34739653","https:\/\/www.instagram.com\/gh0stysky"]}]}},"_links":{"self":[{"href":"https:\/\/www.ghostysky.com\/es\/wp-json\/wp\/v2\/product\/24217","targetHints":{"allow":["GET"]}}],"collection":[{"href":"https:\/\/www.ghostysky.com\/es\/wp-json\/wp\/v2\/product"}],"about":[{"href":"https:\/\/www.ghostysky.com\/es\/wp-json\/wp\/v2\/types\/product"}],"replies":[{"embeddable":true,"href":"https:\/\/www.ghostysky.com\/es\/wp-json\/wp\/v2\/comments?post=24217"}],"version-history":[{"count":0,"href":"https:\/\/www.ghostysky.com\/es\/wp-json\/wp\/v2\/product\/24217\/revisions"}],"wp:featuredmedia":[{"embeddable":true,"href":"https:\/\/www.ghostysky.com\/es\/wp-json\/wp\/v2\/media\/24220"}],"wp:attachment":[{"href":"https:\/\/www.ghostysky.com\/es\/wp-json\/wp\/v2\/media?parent=24217"}],"wp:term":[{"taxonomy":"product_brand","embeddable":true,"href":"https:\/\/www.ghostysky.com\/es\/wp-json\/wp\/v2\/product_brand?post=24217"},{"taxonomy":"product_cat","embeddable":true,"href":"https:\/\/www.ghostysky.com\/es\/wp-json\/wp\/v2\/product_cat?post=24217"},{"taxonomy":"product_tag","embeddable":true,"href":"https:\/\/www.ghostysky.com\/es\/wp-json\/wp\/v2\/product_tag?post=24217"}],"curies":[{"name":"wp","href":"https:\/\/api.w.org\/{rel}","templated":true}]}}