{"id":24259,"date":"2026-02-24T15:52:00","date_gmt":"2026-02-24T15:52:00","guid":{"rendered":"https:\/\/www.ghostysky.com\/?post_type=product&#038;p=24259"},"modified":"2026-02-24T15:52:42","modified_gmt":"2026-02-24T15:52:42","slug":"brainco-revo2-basic","status":"publish","type":"product","link":"https:\/\/www.ghostysky.com\/es\/product\/brainco-revo2-basic\/","title":{"rendered":"BrainCo Revo2 B\u00e1sico"},"content":{"rendered":"<h2 data-path-to-node=\"3\">Caracter\u00edsticas y especificaciones clave<\/h2>\n<table data-path-to-node=\"4\">\n<thead>\n<tr>\n<td><strong>Caracter\u00edstica<\/strong><\/td>\n<td><strong>Especificaci\u00f3n<\/strong><\/td>\n<\/tr>\n<\/thead>\n<tbody>\n<tr>\n<td><span data-path-to-node=\"4,1,0,0\"><b data-path-to-node=\"4,1,0,0\" data-index-in-node=\"0\">Peso<\/b><\/span><\/td>\n<td><span data-path-to-node=\"4,1,1,0\">383g (aprox. el peso de 6 huevos)<\/span><\/td>\n<\/tr>\n<tr>\n<td><span data-path-to-node=\"4,2,0,0\"><b data-path-to-node=\"4,2,0,0\" data-index-in-node=\"0\">Dimensiones<\/b><\/span><\/td>\n<td><span data-path-to-node=\"4,2,1,0\">160 mm (alto) x 76 mm (ancho)<\/span><\/td>\n<\/tr>\n<tr>\n<td><span data-path-to-node=\"4,3,0,0\"><b data-path-to-node=\"4,3,0,0\" data-index-in-node=\"0\">Grados de libertad (GdL)<\/b><\/span><\/td>\n<td><span data-path-to-node=\"4,3,1,0\">6 (Activo)<\/span><\/td>\n<\/tr>\n<tr>\n<td><span data-path-to-node=\"4,4,0,0\"><b data-path-to-node=\"4,4,0,0\" data-index-in-node=\"0\">Articulaciones totales<\/b><\/span><\/td>\n<td><span data-path-to-node=\"4,4,1,0\">11<\/span><\/td>\n<\/tr>\n<tr>\n<td><span data-path-to-node=\"4,5,0,0\"><b data-path-to-node=\"4,5,0,0\" data-index-in-node=\"0\">Fuerza de agarre<\/b><\/span><\/td>\n<td><span data-path-to-node=\"4,5,1,0\"><span class=\"math-inline\" data-math=\"\\geq 50\\text{N}\" data-index-in-node=\"0\">&gt;= 50 N<\/span>\u00a0(Mano entera)<\/span><\/td>\n<\/tr>\n<tr>\n<td><span data-path-to-node=\"4,6,0,0\"><b data-path-to-node=\"4,6,0,0\" data-index-in-node=\"0\">Fuerza de pellizco<\/b><\/span><\/td>\n<td><span data-path-to-node=\"4,6,1,0\"><span class=\"math-inline\" data-math=\"\\geq 15\\text{N}\" data-index-in-node=\"0\">&gt;= 15N<\/span>\u00a0(Un solo dedo)<\/span><\/td>\n<\/tr>\n<tr>\n<td><span data-path-to-node=\"4,7,0,0\"><b data-path-to-node=\"4,7,0,0\" data-index-in-node=\"0\">Carga est\u00e1tica\/carga \u00fatil<\/b><\/span><\/td>\n<td><span data-path-to-node=\"4,7,1,0\"><span class=\"math-inline\" data-math=\"\\geq 20\\text{kg}\" data-index-in-node=\"0\">&gt;= 20 kg<\/span><\/span><\/td>\n<\/tr>\n<tr>\n<td><span data-path-to-node=\"4,8,0,0\"><b data-path-to-node=\"4,8,0,0\" data-index-in-node=\"0\">Precisi\u00f3n de repetici\u00f3n<\/b><\/span><\/td>\n<td><span data-path-to-node=\"4,8,1,0\"><span class=\"math-inline\" data-math=\"0.1^\\circ\" data-index-in-node=\"0\">0,1\u00ba<\/span><\/span><\/td>\n<\/tr>\n<tr>\n<td><span data-path-to-node=\"4,9,0,0\"><b data-path-to-node=\"4,9,0,0\" data-index-in-node=\"0\">Nivel de ruido<\/b><\/span><\/td>\n<td><span data-path-to-node=\"4,9,1,0\"><span class=\"math-inline\" data-math=\"\\leq 50\\text{dB}\" data-index-in-node=\"0\">&lt;= 50 dB<\/span>\u00a0(M\u00e1s silencioso que una oficina t\u00edpica)<\/span><\/td>\n<\/tr>\n<\/tbody>\n<\/table>\n<p>&nbsp;<\/p>\n<h2 data-path-to-node=\"6\">Por qu\u00e9 destaca el Revo2 Basic<\/h2>\n<ul data-path-to-node=\"7\">\n<li>\n<p id=\"p-rc_bfe0e0fd141a36db-40\" data-path-to-node=\"7,0,0\"><b data-path-to-node=\"7,0,0\" data-index-in-node=\"0\"><span class=\"citation-61\">Dise\u00f1o a escala humana:<\/span><\/b><span class=\"citation-61 citation-end-61\"> Con una longitud de 16 cm, la mano es comparable en tama\u00f1o a la mano de una mujer adulta promedio, lo que la hace ideal para interactuar con herramientas y entornos dise\u00f1ados para humanos.<\/span><\/p>\n<\/li>\n<li>\n<p id=\"p-rc_bfe0e0fd141a36db-41\" data-path-to-node=\"7,1,0\"><b data-path-to-node=\"7,1,0\" data-index-in-node=\"0\">Relaci\u00f3n peso-resistencia l\u00edder en la industria:<\/b><span class=\"citation-60 citation-end-60\"> A pesar de pesar s\u00f3lo 383 g, puede levantar una carga \u00fatil de 20 kg (como una jarra de agua de oficina llena).<\/span> <span class=\"citation-59 citation-end-59\">Esta alta eficiencia se logra mediante aluminio de grado aeroespacial y pl\u00e1sticos de grado alimenticio.<\/span><\/p>\n<\/li>\n<li>\n<p id=\"p-rc_bfe0e0fd141a36db-42\" data-path-to-node=\"7,2,0\"><b data-path-to-node=\"7,2,0\" data-index-in-node=\"0\"><span class=\"citation-58\">Control de precisi\u00f3n:<\/span><\/b><span class=\"citation-58\"> Cuenta con una precisi\u00f3n submilim\u00e9trica de <\/span><b data-path-to-node=\"7,2,0\" data-index-in-node=\"61\"><span class=\"citation-58\">0,1 mil\u00edmetros<\/span><\/b><span class=\"citation-58\"> y un tiempo de respuesta r\u00e1pido, abriendo o cerrando en menos de <\/span><b data-path-to-node=\"7,2,0\" data-index-in-node=\"126\"><span class=\"citation-58\">0,65 segundos<\/span><\/b><span class=\"citation-58 citation-end-58\">.<\/span><\/p>\n<\/li>\n<li>\n<p id=\"p-rc_bfe0e0fd141a36db-43\" data-path-to-node=\"7,3,0\"><b data-path-to-node=\"7,3,0\" data-index-in-node=\"0\">Amplia compatibilidad:<\/b><span class=\"citation-57\"> El Revo2 Basic se utiliza frecuentemente con plataformas humanoides avanzadas como el <\/span><b data-path-to-node=\"7,3,0\" data-index-in-node=\"98\"><span class=\"citation-57\">Unitree G1<\/span><\/b><span class=\"citation-57\"> y <\/span><b data-path-to-node=\"7,3,0\" data-index-in-node=\"113\"><span class=\"citation-57\">H2<\/span><\/b><span class=\"citation-57 citation-end-57\">.<\/span> <span class=\"citation-56\">Admite protocolos de comunicaci\u00f3n est\u00e1ndar como <\/span><b data-path-to-node=\"7,3,0\" data-index-in-node=\"167\"><span class=\"citation-56\">RS485<\/span><\/b><span class=\"citation-56\"> y <\/span><b data-path-to-node=\"7,3,0\" data-index-in-node=\"177\"><span class=\"citation-56\">CANfd<\/span><\/b><span class=\"citation-56 citation-end-56\">.<\/span><\/p>\n<\/li>\n<li>\n<p id=\"p-rc_bfe0e0fd141a36db-44\" data-path-to-node=\"7,4,0\"><b data-path-to-node=\"7,4,0\" data-index-in-node=\"0\">Apto para desarrolladores:<\/b><span class=\"citation-55 citation-end-55\"> BrainCo proporciona un SDK completo (compatible con Python y C++) y es compatible con Linux, Windows y ROS (sistema operativo de robot).<\/span><\/p>\n<\/li>\n<\/ul>\n<h3 data-path-to-node=\"8\">Diferencias con los modelos Pro\/Touch<\/h3>\n<p data-path-to-node=\"9\">El <b data-path-to-node=\"9\" data-index-in-node=\"4\">B\u00e1sico<\/b> La versi\u00f3n se centra en el movimiento y la fuerza. A diferencia de la <i data-path-to-node=\"9\" data-index-in-node=\"63\">Revo2 Touch<\/i>, lo hace <b data-path-to-node=\"9\" data-index-in-node=\"84\">no<\/b> Incluye el sistema de detecci\u00f3n t\u00e1ctil 3D multimodal (que permite al robot percibir la textura y la presi\u00f3n). Est\u00e1 dise\u00f1ado para usuarios que necesitan destreza mec\u00e1nica sin el coste ni la complejidad adicionales de la retroalimentaci\u00f3n t\u00e1ctil integrada.<\/p>","protected":false},"excerpt":{"rendered":"<p data-path-to-node=\"0\"><span class=\"citation-64\">El <\/span><b data-path-to-node=\"0\" data-index-in-node=\"4\"><span class=\"citation-64\">BrainCo Revo2 B\u00e1sico<\/span><\/b><span class=\"citation-64 citation-end-64\"> Es una mano diestra bi\u00f3nica ultraligera y de alta precisi\u00f3n dise\u00f1ada para rob\u00f3tica humanoide, investigaci\u00f3n y automatizaci\u00f3n avanzada.<\/span> <span class=\"citation-63 citation-end-63\">Si bien BrainCo es famoso por sus pr\u00f3tesis m\u00e9dicas, la serie Revo2 representa su expansi\u00f3n estrat\u00e9gica hacia la \u201cinteligencia encarnada\u201d, proporcionando a los robots capacidades de manipulaci\u00f3n similares a las humanas.<\/span><\/p>\n<p id=\"p-rc_bfe0e0fd141a36db-39\" data-path-to-node=\"1\"><span class=\"citation-62\">El <\/span><b data-path-to-node=\"1\" data-index-in-node=\"4\"><span class=\"citation-62\">B\u00e1sico<\/span><\/b><span class=\"citation-62 citation-end-62\"> Esta versi\u00f3n sirve como modelo fundamental en la l\u00ednea Revo2, priorizando la destreza mec\u00e1nica y el rendimiento liviano.<\/span><\/p>","protected":false},"featured_media":24260,"comment_status":"open","ping_status":"closed","template":"","meta":[],"product_brand":[1383],"product_cat":[1041,1382,1381,1037],"product_tag":[],"class_list":{"0":"post-24259","1":"product","2":"type-product","3":"status-publish","4":"has-post-thumbnail","6":"product_brand-brainco","7":"product_cat-arms-grippers","8":"product_cat-bionic-dexterous-hands","9":"product_cat-brainco","10":"product_cat-robotics","12":"first","13":"onbackorder","14":"taxable","15":"shipping-taxable","16":"purchasable","17":"product-type-simple"},"yoast_head":"<!-- This site is optimized with the Yoast SEO plugin v27.1.1 - https:\/\/yoast.com\/product\/yoast-seo-wordpress\/ -->\n<title>BrainCo Revo2 Basic - Ghostysky<\/title>\n<meta name=\"description\" content=\"The BrainCo Revo2 Basic is an ultra-lightweight, high-precision bionic dexterous hand designed for humanoid robotics, research, and advanced automation. While BrainCo is famous for its medical prosthetics, the Revo2 series represents their strategic expansion into &quot;embodied intelligence,&quot; providing robots with human-like manipulation capabilities.The Basic version serves as the foundational model in the Revo2 lineup, prioritizing mechanical dexterity and lightweight performance.\" \/>\n<meta name=\"robots\" content=\"index, follow, max-snippet:-1, max-image-preview:large, max-video-preview:-1\" \/>\n<link rel=\"canonical\" href=\"https:\/\/www.ghostysky.com\/es\/producto-2\/brainco-revo2-basic\/\" \/>\n<meta property=\"og:locale\" content=\"es_ES\" \/>\n<meta property=\"og:type\" content=\"article\" \/>\n<meta property=\"og:title\" content=\"BrainCo Revo2 Basic - Ghostysky\" \/>\n<meta property=\"og:description\" content=\"The BrainCo Revo2 Basic is an ultra-lightweight, high-precision bionic dexterous hand designed for humanoid robotics, research, and advanced automation. While BrainCo is famous for its medical prosthetics, the Revo2 series represents their strategic expansion into &quot;embodied intelligence,&quot; providing robots with human-like manipulation capabilities.The Basic version serves as the foundational model in the Revo2 lineup, prioritizing mechanical dexterity and lightweight performance.\" \/>\n<meta property=\"og:url\" content=\"https:\/\/www.ghostysky.com\/es\/producto-2\/brainco-revo2-basic\/\" \/>\n<meta property=\"og:site_name\" content=\"Ghostysky\" \/>\n<meta property=\"article:publisher\" content=\"https:\/\/www.facebook.com\/people\/Ghostysky\/100057676170234\/\" \/>\n<meta property=\"article:modified_time\" content=\"2026-02-24T15:52:42+00:00\" \/>\n<meta property=\"og:image\" content=\"https:\/\/www.ghostysky.com\/wp-content\/uploads\/2026\/02\/GH_Brainco_Revo2_Basic_1.jpg\" \/>\n\t<meta property=\"og:image:width\" content=\"700\" \/>\n\t<meta property=\"og:image:height\" content=\"700\" \/>\n\t<meta property=\"og:image:type\" content=\"image\/jpeg\" \/>\n<meta name=\"twitter:card\" content=\"summary_large_image\" \/>\n<meta name=\"twitter:site\" content=\"@Gh0stysky\" \/>\n<meta name=\"twitter:label1\" content=\"Tiempo de lectura\" \/>\n\t<meta name=\"twitter:data1\" content=\"2 minutos\" \/>\n<script type=\"application\/ld+json\" class=\"yoast-schema-graph\">{\"@context\":\"https:\/\/schema.org\",\"@graph\":[{\"@type\":\"WebPage\",\"@id\":\"https:\/\/www.ghostysky.com\/product\/brainco-revo2-basic\/\",\"url\":\"https:\/\/www.ghostysky.com\/product\/brainco-revo2-basic\/\",\"name\":\"BrainCo Revo2 Basic - Ghostysky\",\"isPartOf\":{\"@id\":\"https:\/\/www.ghostysky.com\/#website\"},\"primaryImageOfPage\":{\"@id\":\"https:\/\/www.ghostysky.com\/product\/brainco-revo2-basic\/#primaryimage\"},\"image\":{\"@id\":\"https:\/\/www.ghostysky.com\/product\/brainco-revo2-basic\/#primaryimage\"},\"thumbnailUrl\":\"https:\/\/www.ghostysky.com\/wp-content\/uploads\/2026\/02\/GH_Brainco_Revo2_Basic_1.jpg\",\"datePublished\":\"2026-02-24T15:52:00+00:00\",\"dateModified\":\"2026-02-24T15:52:42+00:00\",\"description\":\"The BrainCo Revo2 Basic is an ultra-lightweight, high-precision bionic dexterous hand designed for humanoid robotics, research, and advanced automation. While BrainCo is famous for its medical prosthetics, the Revo2 series represents their strategic expansion into \\\"embodied intelligence,\\\" providing robots with human-like manipulation capabilities.The Basic version serves as the foundational model in the Revo2 lineup, prioritizing mechanical dexterity and lightweight performance.\",\"breadcrumb\":{\"@id\":\"https:\/\/www.ghostysky.com\/product\/brainco-revo2-basic\/#breadcrumb\"},\"inLanguage\":\"es\",\"potentialAction\":[{\"@type\":\"ReadAction\",\"target\":[\"https:\/\/www.ghostysky.com\/product\/brainco-revo2-basic\/\"]}]},{\"@type\":\"ImageObject\",\"inLanguage\":\"es\",\"@id\":\"https:\/\/www.ghostysky.com\/product\/brainco-revo2-basic\/#primaryimage\",\"url\":\"https:\/\/www.ghostysky.com\/wp-content\/uploads\/2026\/02\/GH_Brainco_Revo2_Basic_1.jpg\",\"contentUrl\":\"https:\/\/www.ghostysky.com\/wp-content\/uploads\/2026\/02\/GH_Brainco_Revo2_Basic_1.jpg\",\"width\":700,\"height\":700},{\"@type\":\"BreadcrumbList\",\"@id\":\"https:\/\/www.ghostysky.com\/product\/brainco-revo2-basic\/#breadcrumb\",\"itemListElement\":[{\"@type\":\"ListItem\",\"position\":1,\"name\":\"Home\",\"item\":\"https:\/\/www.ghostysky.com\/\"},{\"@type\":\"ListItem\",\"position\":2,\"name\":\"Shop\",\"item\":\"https:\/\/www.ghostysky.com\/shop\/\"},{\"@type\":\"ListItem\",\"position\":3,\"name\":\"BrainCo Revo2 Basic\"}]},{\"@type\":\"WebSite\",\"@id\":\"https:\/\/www.ghostysky.com\/#website\",\"url\":\"https:\/\/www.ghostysky.com\/\",\"name\":\"Ghostysky\",\"description\":\"Delivering professional drones and services\",\"publisher\":{\"@id\":\"https:\/\/www.ghostysky.com\/#organization\"},\"potentialAction\":[{\"@type\":\"SearchAction\",\"target\":{\"@type\":\"EntryPoint\",\"urlTemplate\":\"https:\/\/www.ghostysky.com\/?s={search_term_string}\"},\"query-input\":{\"@type\":\"PropertyValueSpecification\",\"valueRequired\":true,\"valueName\":\"search_term_string\"}}],\"inLanguage\":\"es\"},{\"@type\":\"Organization\",\"@id\":\"https:\/\/www.ghostysky.com\/#organization\",\"name\":\"Ghostysky\",\"url\":\"https:\/\/www.ghostysky.com\/\",\"logo\":{\"@type\":\"ImageObject\",\"inLanguage\":\"es\",\"@id\":\"https:\/\/www.ghostysky.com\/#\/schema\/logo\/image\/\",\"url\":\"https:\/\/www.ghostysky.com\/wp-content\/uploads\/2020\/06\/cropped-ghostyskylogo_text_white2.png\",\"contentUrl\":\"https:\/\/www.ghostysky.com\/wp-content\/uploads\/2020\/06\/cropped-ghostyskylogo_text_white2.png\",\"width\":169,\"height\":56,\"caption\":\"Ghostysky\"},\"image\":{\"@id\":\"https:\/\/www.ghostysky.com\/#\/schema\/logo\/image\/\"},\"sameAs\":[\"https:\/\/www.facebook.com\/people\/Ghostysky\/100057676170234\/\",\"https:\/\/x.com\/Gh0stysky\",\"https:\/\/www.linkedin.com\/company\/34739653\",\"https:\/\/www.instagram.com\/gh0stysky\"]}]}<\/script>\n<!-- \/ Yoast SEO plugin. -->","yoast_head_json":{"title":"BrainCo Revo2 B\u00e1sico - Ghostysky","description":"BrainCo Revo2 Basic es una mano diestra bi\u00f3nica ultraligera y de alta precisi\u00f3n, dise\u00f1ada para rob\u00f3tica humanoide, investigaci\u00f3n y automatizaci\u00f3n avanzada. Si bien BrainCo es famosa por sus pr\u00f3tesis m\u00e9dicas, la serie Revo2 representa su expansi\u00f3n estrat\u00e9gica hacia la &quot;inteligencia incorporada&quot;, proporcionando robots con capacidades de manipulaci\u00f3n similares a las humanas. La versi\u00f3n Basic es el modelo base de la l\u00ednea Revo2, priorizando la destreza mec\u00e1nica y el rendimiento ligero.","robots":{"index":"index","follow":"follow","max-snippet":"max-snippet:-1","max-image-preview":"max-image-preview:large","max-video-preview":"max-video-preview:-1"},"canonical":"https:\/\/www.ghostysky.com\/es\/producto-2\/brainco-revo2-basic\/","og_locale":"es_ES","og_type":"article","og_title":"BrainCo Revo2 Basic - Ghostysky","og_description":"The BrainCo Revo2 Basic is an ultra-lightweight, high-precision bionic dexterous hand designed for humanoid robotics, research, and advanced automation. While BrainCo is famous for its medical prosthetics, the Revo2 series represents their strategic expansion into \"embodied intelligence,\" providing robots with human-like manipulation capabilities.The Basic version serves as the foundational model in the Revo2 lineup, prioritizing mechanical dexterity and lightweight performance.","og_url":"https:\/\/www.ghostysky.com\/es\/producto-2\/brainco-revo2-basic\/","og_site_name":"Ghostysky","article_publisher":"https:\/\/www.facebook.com\/people\/Ghostysky\/100057676170234\/","article_modified_time":"2026-02-24T15:52:42+00:00","og_image":[{"width":700,"height":700,"url":"https:\/\/www.ghostysky.com\/wp-content\/uploads\/2026\/02\/GH_Brainco_Revo2_Basic_1.jpg","type":"image\/jpeg"}],"twitter_card":"summary_large_image","twitter_site":"@Gh0stysky","twitter_misc":{"Tiempo de lectura":"2 minutos"},"schema":{"@context":"https:\/\/schema.org","@graph":[{"@type":"WebPage","@id":"https:\/\/www.ghostysky.com\/product\/brainco-revo2-basic\/","url":"https:\/\/www.ghostysky.com\/product\/brainco-revo2-basic\/","name":"BrainCo Revo2 B\u00e1sico - Ghostysky","isPartOf":{"@id":"https:\/\/www.ghostysky.com\/#website"},"primaryImageOfPage":{"@id":"https:\/\/www.ghostysky.com\/product\/brainco-revo2-basic\/#primaryimage"},"image":{"@id":"https:\/\/www.ghostysky.com\/product\/brainco-revo2-basic\/#primaryimage"},"thumbnailUrl":"https:\/\/www.ghostysky.com\/wp-content\/uploads\/2026\/02\/GH_Brainco_Revo2_Basic_1.jpg","datePublished":"2026-02-24T15:52:00+00:00","dateModified":"2026-02-24T15:52:42+00:00","description":"BrainCo Revo2 Basic es una mano diestra bi\u00f3nica ultraligera y de alta precisi\u00f3n, dise\u00f1ada para rob\u00f3tica humanoide, investigaci\u00f3n y automatizaci\u00f3n avanzada. Si bien BrainCo es famosa por sus pr\u00f3tesis m\u00e9dicas, la serie Revo2 representa su expansi\u00f3n estrat\u00e9gica hacia la &quot;inteligencia incorporada&quot;, proporcionando robots con capacidades de manipulaci\u00f3n similares a las humanas. La versi\u00f3n Basic es el modelo base de la l\u00ednea Revo2, priorizando la destreza mec\u00e1nica y el rendimiento ligero.","breadcrumb":{"@id":"https:\/\/www.ghostysky.com\/product\/brainco-revo2-basic\/#breadcrumb"},"inLanguage":"es","potentialAction":[{"@type":"ReadAction","target":["https:\/\/www.ghostysky.com\/product\/brainco-revo2-basic\/"]}]},{"@type":"ImageObject","inLanguage":"es","@id":"https:\/\/www.ghostysky.com\/product\/brainco-revo2-basic\/#primaryimage","url":"https:\/\/www.ghostysky.com\/wp-content\/uploads\/2026\/02\/GH_Brainco_Revo2_Basic_1.jpg","contentUrl":"https:\/\/www.ghostysky.com\/wp-content\/uploads\/2026\/02\/GH_Brainco_Revo2_Basic_1.jpg","width":700,"height":700},{"@type":"BreadcrumbList","@id":"https:\/\/www.ghostysky.com\/product\/brainco-revo2-basic\/#breadcrumb","itemListElement":[{"@type":"ListItem","position":1,"name":"Home","item":"https:\/\/www.ghostysky.com\/"},{"@type":"ListItem","position":2,"name":"Shop","item":"https:\/\/www.ghostysky.com\/shop\/"},{"@type":"ListItem","position":3,"name":"BrainCo Revo2 Basic"}]},{"@type":"WebSite","@id":"https:\/\/www.ghostysky.com\/#website","url":"https:\/\/www.ghostysky.com\/","name":"Ghostysky","description":"Entrega de drones y servicios profesionales","publisher":{"@id":"https:\/\/www.ghostysky.com\/#organization"},"potentialAction":[{"@type":"SearchAction","target":{"@type":"EntryPoint","urlTemplate":"https:\/\/www.ghostysky.com\/?s={search_term_string}"},"query-input":{"@type":"PropertyValueSpecification","valueRequired":true,"valueName":"search_term_string"}}],"inLanguage":"es"},{"@type":"Organization","@id":"https:\/\/www.ghostysky.com\/#organization","name":"Ghostysky","url":"https:\/\/www.ghostysky.com\/","logo":{"@type":"ImageObject","inLanguage":"es","@id":"https:\/\/www.ghostysky.com\/#\/schema\/logo\/image\/","url":"https:\/\/www.ghostysky.com\/wp-content\/uploads\/2020\/06\/cropped-ghostyskylogo_text_white2.png","contentUrl":"https:\/\/www.ghostysky.com\/wp-content\/uploads\/2020\/06\/cropped-ghostyskylogo_text_white2.png","width":169,"height":56,"caption":"Ghostysky"},"image":{"@id":"https:\/\/www.ghostysky.com\/#\/schema\/logo\/image\/"},"sameAs":["https:\/\/www.facebook.com\/people\/Ghostysky\/100057676170234\/","https:\/\/x.com\/Gh0stysky","https:\/\/www.linkedin.com\/company\/34739653","https:\/\/www.instagram.com\/gh0stysky"]}]}},"_links":{"self":[{"href":"https:\/\/www.ghostysky.com\/es\/wp-json\/wp\/v2\/product\/24259","targetHints":{"allow":["GET"]}}],"collection":[{"href":"https:\/\/www.ghostysky.com\/es\/wp-json\/wp\/v2\/product"}],"about":[{"href":"https:\/\/www.ghostysky.com\/es\/wp-json\/wp\/v2\/types\/product"}],"replies":[{"embeddable":true,"href":"https:\/\/www.ghostysky.com\/es\/wp-json\/wp\/v2\/comments?post=24259"}],"wp:featuredmedia":[{"embeddable":true,"href":"https:\/\/www.ghostysky.com\/es\/wp-json\/wp\/v2\/media\/24260"}],"wp:attachment":[{"href":"https:\/\/www.ghostysky.com\/es\/wp-json\/wp\/v2\/media?parent=24259"}],"wp:term":[{"taxonomy":"product_brand","embeddable":true,"href":"https:\/\/www.ghostysky.com\/es\/wp-json\/wp\/v2\/product_brand?post=24259"},{"taxonomy":"product_cat","embeddable":true,"href":"https:\/\/www.ghostysky.com\/es\/wp-json\/wp\/v2\/product_cat?post=24259"},{"taxonomy":"product_tag","embeddable":true,"href":"https:\/\/www.ghostysky.com\/es\/wp-json\/wp\/v2\/product_tag?post=24259"}],"curies":[{"name":"wp","href":"https:\/\/api.w.org\/{rel}","templated":true}]}}