{"id":24263,"date":"2026-02-24T16:00:17","date_gmt":"2026-02-24T16:00:17","guid":{"rendered":"https:\/\/www.ghostysky.com\/?post_type=product&#038;p=24263"},"modified":"2026-02-24T16:07:24","modified_gmt":"2026-02-24T16:07:24","slug":"brainco-revo2-pro","status":"publish","type":"product","link":"https:\/\/www.ghostysky.com\/es\/product\/brainco-revo2-pro\/","title":{"rendered":"BrainCo Revo2 Pro"},"content":{"rendered":"<h3 data-path-to-node=\"3\">Especificaciones clave y rendimiento<\/h3>\n<p id=\"p-rc_740d76bce5fe805c-47\" data-path-to-node=\"4\"><span class=\"citation-88 citation-end-88\">El Revo2 Pro se destaca por su excepcional relaci\u00f3n potencia-peso, capaz de soportar cargas de grado industrial con un peso de menos de una libra.<\/span><\/p>\n<table data-path-to-node=\"5\">\n<thead>\n<tr>\n<td><strong>Caracter\u00edstica<\/strong><\/td>\n<td><strong>Especificaci\u00f3n<\/strong><\/td>\n<\/tr>\n<\/thead>\n<tbody>\n<tr>\n<td><span data-path-to-node=\"5,1,0,0\"><b data-path-to-node=\"5,1,0,0\" data-index-in-node=\"0\">Peso<\/b><\/span><\/td>\n<td><span data-path-to-node=\"5,1,1,0\">383g (aprox. el peso de 6 huevos)<\/span><\/td>\n<\/tr>\n<tr>\n<td><span data-path-to-node=\"5,2,0,0\"><b data-path-to-node=\"5,2,0,0\" data-index-in-node=\"0\">Fuerza de agarre<\/b><\/span><\/td>\n<td><span data-path-to-node=\"5,2,1,0\"><span class=\"math-inline\" data-math=\"\\geq 50\" data-index-in-node=\"0\">&lt;= 50<\/span>\u00a0N (Agarre de poder)<\/span><\/td>\n<\/tr>\n<tr>\n<td><span data-path-to-node=\"5,3,0,0\"><b data-path-to-node=\"5,3,0,0\" data-index-in-node=\"0\">Capacidad de carga \u00fatil<\/b><\/span><\/td>\n<td><span data-path-to-node=\"5,3,1,0\">20 kg (carga est\u00e1tica)<\/span><\/td>\n<\/tr>\n<tr>\n<td><span data-path-to-node=\"5,4,0,0\"><b data-path-to-node=\"5,4,0,0\" data-index-in-node=\"0\">Precisi\u00f3n<\/b><\/span><\/td>\n<td><span data-path-to-node=\"5,4,1,0\">0,1 mm (repetibilidad submilim\u00e9trica)<\/span><\/td>\n<\/tr>\n<tr>\n<td><span data-path-to-node=\"5,5,0,0\"><b data-path-to-node=\"5,5,0,0\" data-index-in-node=\"0\">Grados de libertad<\/b><\/span><\/td>\n<td><span data-path-to-node=\"5,5,1,0\">11 articulaciones (6 activas)<\/span><\/td>\n<\/tr>\n<tr>\n<td><span data-path-to-node=\"5,6,0,0\"><b data-path-to-node=\"5,6,0,0\" data-index-in-node=\"0\">Ruido de funcionamiento<\/b><\/span><\/td>\n<td><span data-path-to-node=\"5,6,1,0\"><span class=\"math-inline\" data-math=\"\\leq 50\" data-index-in-node=\"0\">&lt;= 50<\/span>\u00a0dB (M\u00e1s silencioso que una oficina t\u00edpica)<\/span><\/td>\n<\/tr>\n<\/tbody>\n<\/table>\n<p>&nbsp;<\/p>\n<h3 data-path-to-node=\"7\">Caracter\u00edsticas destacadas<\/h3>\n<ul data-path-to-node=\"8\">\n<li>\n<p id=\"p-rc_740d76bce5fe805c-48\" data-path-to-node=\"8,0,0\"><b data-path-to-node=\"8,0,0\" data-index-in-node=\"0\"><span class=\"citation-87\">Ergonom\u00eda a escala humana:<\/span><\/b><span class=\"citation-87 citation-end-87\"> Con 16 cm de longitud, la mano est\u00e1 modelada seg\u00fan las dimensiones de una mano femenina adulta promedio, lo que garantiza que puede utilizar herramientas y guantes est\u00e1ndar (incluidos los de tipo antiperforaci\u00f3n e industriales).<\/span><\/p>\n<\/li>\n<li>\n<p id=\"p-rc_740d76bce5fe805c-49\" data-path-to-node=\"8,1,0\"><b data-path-to-node=\"8,1,0\" data-index-in-node=\"0\"><span class=\"citation-86\">Algoritmos de control avanzados:<\/span><\/b><span class=\"citation-86\"> La versi\u00f3n \u201cPro\u201d admite modos de control sofisticados, incluidos <\/span><b data-path-to-node=\"8,1,0\" data-index-in-node=\"95\"><span class=\"citation-86\">Control de posici\u00f3n, velocidad y corriente<\/span><\/b><span class=\"citation-86\">, junto a <\/span><b data-path-to-node=\"8,1,0\" data-index-in-node=\"143\"><span class=\"citation-86\">Control adaptativo de impedancia y cumplimiento<\/span><\/b><span class=\"citation-86 citation-end-86\">.<\/span> Esto permite que la mano interact\u00fae \u201csuavemente\u201d con objetos fr\u00e1giles o entornos r\u00edgidos.<\/p>\n<\/li>\n<li>\n<p id=\"p-rc_740d76bce5fe805c-50\" data-path-to-node=\"8,2,0\"><b data-path-to-node=\"8,2,0\" data-index-in-node=\"0\"><span class=\"citation-85\">Conectividad robusta:<\/span><\/b><span class=\"citation-85\"> Dise\u00f1ado para una integraci\u00f3n perfecta en plataformas de investigaci\u00f3n (como Unitree G1), admite <\/span><b data-path-to-node=\"8,2,0\" data-index-in-node=\"114\"><span class=\"citation-85\">EtherCAT<\/span><\/b><span class=\"citation-85 citation-end-85\">, Protocolos de comunicaci\u00f3n CANfd y RS485 con un amplio rango de voltaje (9-64 V).<\/span><\/p>\n<\/li>\n<li>\n<p id=\"p-rc_740d76bce5fe805c-51\" data-path-to-node=\"8,3,0\"><b data-path-to-node=\"8,3,0\" data-index-in-node=\"0\">Durabilidad extrema:<\/b> La serie Revo2 est\u00e1 dise\u00f1ada para sobrevivir en condiciones adversas. <span class=\"citation-84 citation-end-84\">En pruebas de esfuerzo, la mano se ha mantenido funcional tras caer desde 5 metros e incluso ser atropellada por un todoterreno de 2 toneladas.<\/span><\/p>\n<\/li>\n<\/ul>\n<h3 data-path-to-node=\"9\">\u201cPro\u201d vs. \u201cB\u00e1sico\u201d vs. \u201cT\u00e1ctil\u201d<\/h3>\n<p id=\"p-rc_740d76bce5fe805c-52\" data-path-to-node=\"10\"><span class=\"citation-83\">Mientras que el <\/span><b data-path-to-node=\"10\" data-index-in-node=\"10\"><span class=\"citation-83\">B\u00e1sico<\/span><\/b><span class=\"citation-83\"> El modelo proporciona la destreza mec\u00e1nica esencial, la <\/span><b data-path-to-node=\"10\" data-index-in-node=\"71\"><span class=\"citation-83\">Pro<\/span><\/b><span class=\"citation-83\"> Agrega compatibilidad con mayor voltaje (hasta 64 V) y <\/span><b data-path-to-node=\"10\" data-index-in-node=\"125\"><span class=\"citation-83\">EtherCAT<\/span><\/b><span class=\"citation-83 citation-end-83\"> Soporte para integraci\u00f3n rob\u00f3tica de alta velocidad.<\/span> Tenga en cuenta que el <b data-path-to-node=\"10\" data-index-in-node=\"192\">Tocar<\/b> El modelo es la versi\u00f3n especializada que incluye sensores t\u00e1ctiles multimodales 3D para percibir la textura y la presi\u00f3n.<\/p>","protected":false},"excerpt":{"rendered":"<p data-path-to-node=\"0\"><span class=\"citation-90\">El <\/span><b data-path-to-node=\"0\" data-index-in-node=\"4\"><span class=\"citation-90\">BrainCo Revo2 Pro<\/span><\/b><span class=\"citation-90 citation-end-90\"> es una mano diestra bi\u00f3nica de pr\u00f3xima generaci\u00f3n dise\u00f1ada para cerrar la brecha entre la rob\u00f3tica de alto rendimiento y la intuici\u00f3n humana.<\/span> Basado en la base de BrainCo en tecnolog\u00eda de interfaz cerebro-computadora (BCI), Revo2 Pro est\u00e1 dise\u00f1ado tanto para la rob\u00f3tica humanoide avanzada como para la investigaci\u00f3n prot\u00e9sica sofisticada.<\/p>\n<p id=\"p-rc_740d76bce5fe805c-46\" data-path-to-node=\"1\"><span class=\"citation-89 citation-end-89\">Se caracteriza por su filosof\u00eda de dise\u00f1o de \u201csustracci\u00f3n a nivel milim\u00e9trico\u201d, logrando una ligereza l\u00edder en la industria sin sacrificar la potencia necesaria para las tareas del mundo real.<\/span><\/p>","protected":false},"featured_media":24260,"comment_status":"open","ping_status":"closed","template":"","meta":[],"product_brand":[1383],"product_cat":[1041,1382,1381,1037],"product_tag":[],"class_list":{"0":"post-24263","1":"product","2":"type-product","3":"status-publish","4":"has-post-thumbnail","6":"product_brand-brainco","7":"product_cat-arms-grippers","8":"product_cat-bionic-dexterous-hands","9":"product_cat-brainco","10":"product_cat-robotics","12":"first","13":"onbackorder","14":"taxable","15":"shipping-taxable","16":"purchasable","17":"product-type-simple"},"yoast_head":"<!-- This site is optimized with the Yoast SEO plugin v27.4 - https:\/\/yoast.com\/product\/yoast-seo-wordpress\/ -->\n<title>BrainCo Revo2 Pro - Ghostysky<\/title>\n<meta name=\"description\" content=\"The BrainCo Revo2 Pro is a next-generation bionic dexterous hand designed to bridge the gap between high-performance robotics and human-like intuition. Building on BrainCo\u2019s foundation in brain-computer interface (BCI) technology, the Revo2 Pro is engineered for both advanced humanoid robotics and sophisticated prosthetic research.It is characterized by its &quot;millimeter-level subtraction&quot; design philosophy\u2014achieving industry-leading lightness without sacrificing the power needed for real-world tasks.\" \/>\n<meta name=\"robots\" content=\"index, follow, max-snippet:-1, max-image-preview:large, max-video-preview:-1\" \/>\n<link rel=\"canonical\" href=\"https:\/\/www.ghostysky.com\/es\/producto-2\/brainco-revo2-pro\/\" \/>\n<meta property=\"og:locale\" content=\"es_ES\" \/>\n<meta property=\"og:type\" content=\"article\" \/>\n<meta property=\"og:title\" content=\"BrainCo Revo2 Pro - Ghostysky\" \/>\n<meta property=\"og:description\" content=\"The BrainCo Revo2 Pro is a next-generation bionic dexterous hand designed to bridge the gap between high-performance robotics and human-like intuition. Building on BrainCo\u2019s foundation in brain-computer interface (BCI) technology, the Revo2 Pro is engineered for both advanced humanoid robotics and sophisticated prosthetic research.It is characterized by its &quot;millimeter-level subtraction&quot; design philosophy\u2014achieving industry-leading lightness without sacrificing the power needed for real-world tasks.\" \/>\n<meta property=\"og:url\" content=\"https:\/\/www.ghostysky.com\/es\/producto-2\/brainco-revo2-pro\/\" \/>\n<meta property=\"og:site_name\" content=\"Ghostysky\" \/>\n<meta property=\"article:publisher\" content=\"https:\/\/www.facebook.com\/people\/Ghostysky\/100057676170234\/\" \/>\n<meta property=\"article:modified_time\" content=\"2026-02-24T16:07:24+00:00\" \/>\n<meta property=\"og:image\" content=\"https:\/\/www.ghostysky.com\/wp-content\/uploads\/2026\/02\/GH_Brainco_Revo2_Basic_1.jpg\" \/>\n\t<meta property=\"og:image:width\" content=\"700\" \/>\n\t<meta property=\"og:image:height\" content=\"700\" \/>\n\t<meta property=\"og:image:type\" content=\"image\/jpeg\" \/>\n<meta name=\"twitter:card\" content=\"summary_large_image\" \/>\n<meta name=\"twitter:site\" content=\"@Gh0stysky\" \/>\n<meta name=\"twitter:label1\" content=\"Tiempo de lectura\" \/>\n\t<meta name=\"twitter:data1\" content=\"2 minutos\" \/>\n<script type=\"application\/ld+json\" class=\"yoast-schema-graph\">{\"@context\":\"https:\\\/\\\/schema.org\",\"@graph\":[{\"@type\":\"WebPage\",\"@id\":\"https:\\\/\\\/www.ghostysky.com\\\/product\\\/brainco-revo2-pro\\\/\",\"url\":\"https:\\\/\\\/www.ghostysky.com\\\/product\\\/brainco-revo2-pro\\\/\",\"name\":\"BrainCo Revo2 Pro - Ghostysky\",\"isPartOf\":{\"@id\":\"https:\\\/\\\/www.ghostysky.com\\\/#website\"},\"primaryImageOfPage\":{\"@id\":\"https:\\\/\\\/www.ghostysky.com\\\/product\\\/brainco-revo2-pro\\\/#primaryimage\"},\"image\":{\"@id\":\"https:\\\/\\\/www.ghostysky.com\\\/product\\\/brainco-revo2-pro\\\/#primaryimage\"},\"thumbnailUrl\":\"https:\\\/\\\/www.ghostysky.com\\\/wp-content\\\/uploads\\\/2026\\\/02\\\/GH_Brainco_Revo2_Basic_1.jpg\",\"datePublished\":\"2026-02-24T16:00:17+00:00\",\"dateModified\":\"2026-02-24T16:07:24+00:00\",\"description\":\"The BrainCo Revo2 Pro is a next-generation bionic dexterous hand designed to bridge the gap between high-performance robotics and human-like intuition. Building on BrainCo\u2019s foundation in brain-computer interface (BCI) technology, the Revo2 Pro is engineered for both advanced humanoid robotics and sophisticated prosthetic research.It is characterized by its \\\"millimeter-level subtraction\\\" design philosophy\u2014achieving industry-leading lightness without sacrificing the power needed for real-world tasks.\",\"breadcrumb\":{\"@id\":\"https:\\\/\\\/www.ghostysky.com\\\/product\\\/brainco-revo2-pro\\\/#breadcrumb\"},\"inLanguage\":\"es\",\"potentialAction\":[{\"@type\":\"ReadAction\",\"target\":[\"https:\\\/\\\/www.ghostysky.com\\\/product\\\/brainco-revo2-pro\\\/\"]}]},{\"@type\":\"ImageObject\",\"inLanguage\":\"es\",\"@id\":\"https:\\\/\\\/www.ghostysky.com\\\/product\\\/brainco-revo2-pro\\\/#primaryimage\",\"url\":\"https:\\\/\\\/www.ghostysky.com\\\/wp-content\\\/uploads\\\/2026\\\/02\\\/GH_Brainco_Revo2_Basic_1.jpg\",\"contentUrl\":\"https:\\\/\\\/www.ghostysky.com\\\/wp-content\\\/uploads\\\/2026\\\/02\\\/GH_Brainco_Revo2_Basic_1.jpg\",\"width\":700,\"height\":700},{\"@type\":\"BreadcrumbList\",\"@id\":\"https:\\\/\\\/www.ghostysky.com\\\/product\\\/brainco-revo2-pro\\\/#breadcrumb\",\"itemListElement\":[{\"@type\":\"ListItem\",\"position\":1,\"name\":\"Home\",\"item\":\"https:\\\/\\\/www.ghostysky.com\\\/\"},{\"@type\":\"ListItem\",\"position\":2,\"name\":\"Shop\",\"item\":\"https:\\\/\\\/www.ghostysky.com\\\/shop\\\/\"},{\"@type\":\"ListItem\",\"position\":3,\"name\":\"BrainCo Revo2 Pro\"}]},{\"@type\":\"WebSite\",\"@id\":\"https:\\\/\\\/www.ghostysky.com\\\/#website\",\"url\":\"https:\\\/\\\/www.ghostysky.com\\\/\",\"name\":\"Ghostysky\",\"description\":\"Delivering professional drones and services\",\"publisher\":{\"@id\":\"https:\\\/\\\/www.ghostysky.com\\\/#organization\"},\"potentialAction\":[{\"@type\":\"SearchAction\",\"target\":{\"@type\":\"EntryPoint\",\"urlTemplate\":\"https:\\\/\\\/www.ghostysky.com\\\/?s={search_term_string}\"},\"query-input\":{\"@type\":\"PropertyValueSpecification\",\"valueRequired\":true,\"valueName\":\"search_term_string\"}}],\"inLanguage\":\"es\"},{\"@type\":\"Organization\",\"@id\":\"https:\\\/\\\/www.ghostysky.com\\\/#organization\",\"name\":\"Ghostysky\",\"url\":\"https:\\\/\\\/www.ghostysky.com\\\/\",\"logo\":{\"@type\":\"ImageObject\",\"inLanguage\":\"es\",\"@id\":\"https:\\\/\\\/www.ghostysky.com\\\/#\\\/schema\\\/logo\\\/image\\\/\",\"url\":\"https:\\\/\\\/www.ghostysky.com\\\/wp-content\\\/uploads\\\/2020\\\/06\\\/cropped-ghostyskylogo_text_white2.png\",\"contentUrl\":\"https:\\\/\\\/www.ghostysky.com\\\/wp-content\\\/uploads\\\/2020\\\/06\\\/cropped-ghostyskylogo_text_white2.png\",\"width\":169,\"height\":56,\"caption\":\"Ghostysky\"},\"image\":{\"@id\":\"https:\\\/\\\/www.ghostysky.com\\\/#\\\/schema\\\/logo\\\/image\\\/\"},\"sameAs\":[\"https:\\\/\\\/www.facebook.com\\\/people\\\/Ghostysky\\\/100057676170234\\\/\",\"https:\\\/\\\/x.com\\\/Gh0stysky\",\"https:\\\/\\\/www.linkedin.com\\\/company\\\/34739653\",\"https:\\\/\\\/www.instagram.com\\\/gh0stysky\"]}]}<\/script>\n<!-- \/ Yoast SEO plugin. -->","yoast_head_json":{"title":"BrainCo Revo2 Pro - Ghostysky","description":"BrainCo Revo2 Pro es una mano diestra bi\u00f3nica de \u00faltima generaci\u00f3n, dise\u00f1ada para conectar la rob\u00f3tica de alto rendimiento con la intuici\u00f3n humana. Basada en la tecnolog\u00eda de interfaz cerebro-computadora (BCI) de BrainCo, Revo2 Pro est\u00e1 dise\u00f1ada tanto para la rob\u00f3tica humanoide avanzada como para la investigaci\u00f3n prot\u00e9sica sofisticada. Se caracteriza por su filosof\u00eda de dise\u00f1o de &quot;sustracci\u00f3n milim\u00e9trica&quot;, que logra una ligereza l\u00edder en la industria sin sacrificar la potencia necesaria para las tareas del mundo real.","robots":{"index":"index","follow":"follow","max-snippet":"max-snippet:-1","max-image-preview":"max-image-preview:large","max-video-preview":"max-video-preview:-1"},"canonical":"https:\/\/www.ghostysky.com\/es\/producto-2\/brainco-revo2-pro\/","og_locale":"es_ES","og_type":"article","og_title":"BrainCo Revo2 Pro - Ghostysky","og_description":"The BrainCo Revo2 Pro is a next-generation bionic dexterous hand designed to bridge the gap between high-performance robotics and human-like intuition. Building on BrainCo\u2019s foundation in brain-computer interface (BCI) technology, the Revo2 Pro is engineered for both advanced humanoid robotics and sophisticated prosthetic research.It is characterized by its \"millimeter-level subtraction\" design philosophy\u2014achieving industry-leading lightness without sacrificing the power needed for real-world tasks.","og_url":"https:\/\/www.ghostysky.com\/es\/producto-2\/brainco-revo2-pro\/","og_site_name":"Ghostysky","article_publisher":"https:\/\/www.facebook.com\/people\/Ghostysky\/100057676170234\/","article_modified_time":"2026-02-24T16:07:24+00:00","og_image":[{"width":700,"height":700,"url":"https:\/\/www.ghostysky.com\/wp-content\/uploads\/2026\/02\/GH_Brainco_Revo2_Basic_1.jpg","type":"image\/jpeg"}],"twitter_card":"summary_large_image","twitter_site":"@Gh0stysky","twitter_misc":{"Tiempo de lectura":"2 minutos"},"schema":{"@context":"https:\/\/schema.org","@graph":[{"@type":"WebPage","@id":"https:\/\/www.ghostysky.com\/product\/brainco-revo2-pro\/","url":"https:\/\/www.ghostysky.com\/product\/brainco-revo2-pro\/","name":"BrainCo Revo2 Pro - Ghostysky","isPartOf":{"@id":"https:\/\/www.ghostysky.com\/#website"},"primaryImageOfPage":{"@id":"https:\/\/www.ghostysky.com\/product\/brainco-revo2-pro\/#primaryimage"},"image":{"@id":"https:\/\/www.ghostysky.com\/product\/brainco-revo2-pro\/#primaryimage"},"thumbnailUrl":"https:\/\/www.ghostysky.com\/wp-content\/uploads\/2026\/02\/GH_Brainco_Revo2_Basic_1.jpg","datePublished":"2026-02-24T16:00:17+00:00","dateModified":"2026-02-24T16:07:24+00:00","description":"BrainCo Revo2 Pro es una mano diestra bi\u00f3nica de \u00faltima generaci\u00f3n, dise\u00f1ada para conectar la rob\u00f3tica de alto rendimiento con la intuici\u00f3n humana. Basada en la tecnolog\u00eda de interfaz cerebro-computadora (BCI) de BrainCo, Revo2 Pro est\u00e1 dise\u00f1ada tanto para la rob\u00f3tica humanoide avanzada como para la investigaci\u00f3n prot\u00e9sica sofisticada. Se caracteriza por su filosof\u00eda de dise\u00f1o de &quot;sustracci\u00f3n milim\u00e9trica&quot;, que logra una ligereza l\u00edder en la industria sin sacrificar la potencia necesaria para las tareas del mundo real.","breadcrumb":{"@id":"https:\/\/www.ghostysky.com\/product\/brainco-revo2-pro\/#breadcrumb"},"inLanguage":"es","potentialAction":[{"@type":"ReadAction","target":["https:\/\/www.ghostysky.com\/product\/brainco-revo2-pro\/"]}]},{"@type":"ImageObject","inLanguage":"es","@id":"https:\/\/www.ghostysky.com\/product\/brainco-revo2-pro\/#primaryimage","url":"https:\/\/www.ghostysky.com\/wp-content\/uploads\/2026\/02\/GH_Brainco_Revo2_Basic_1.jpg","contentUrl":"https:\/\/www.ghostysky.com\/wp-content\/uploads\/2026\/02\/GH_Brainco_Revo2_Basic_1.jpg","width":700,"height":700},{"@type":"BreadcrumbList","@id":"https:\/\/www.ghostysky.com\/product\/brainco-revo2-pro\/#breadcrumb","itemListElement":[{"@type":"ListItem","position":1,"name":"Home","item":"https:\/\/www.ghostysky.com\/"},{"@type":"ListItem","position":2,"name":"Shop","item":"https:\/\/www.ghostysky.com\/shop\/"},{"@type":"ListItem","position":3,"name":"BrainCo Revo2 Pro"}]},{"@type":"WebSite","@id":"https:\/\/www.ghostysky.com\/#website","url":"https:\/\/www.ghostysky.com\/","name":"Ghostysky","description":"Entrega de drones y servicios profesionales","publisher":{"@id":"https:\/\/www.ghostysky.com\/#organization"},"potentialAction":[{"@type":"SearchAction","target":{"@type":"EntryPoint","urlTemplate":"https:\/\/www.ghostysky.com\/?s={search_term_string}"},"query-input":{"@type":"PropertyValueSpecification","valueRequired":true,"valueName":"search_term_string"}}],"inLanguage":"es"},{"@type":"Organization","@id":"https:\/\/www.ghostysky.com\/#organization","name":"Ghostysky","url":"https:\/\/www.ghostysky.com\/","logo":{"@type":"ImageObject","inLanguage":"es","@id":"https:\/\/www.ghostysky.com\/#\/schema\/logo\/image\/","url":"https:\/\/www.ghostysky.com\/wp-content\/uploads\/2020\/06\/cropped-ghostyskylogo_text_white2.png","contentUrl":"https:\/\/www.ghostysky.com\/wp-content\/uploads\/2020\/06\/cropped-ghostyskylogo_text_white2.png","width":169,"height":56,"caption":"Ghostysky"},"image":{"@id":"https:\/\/www.ghostysky.com\/#\/schema\/logo\/image\/"},"sameAs":["https:\/\/www.facebook.com\/people\/Ghostysky\/100057676170234\/","https:\/\/x.com\/Gh0stysky","https:\/\/www.linkedin.com\/company\/34739653","https:\/\/www.instagram.com\/gh0stysky"]}]}},"_links":{"self":[{"href":"https:\/\/www.ghostysky.com\/es\/wp-json\/wp\/v2\/product\/24263","targetHints":{"allow":["GET"]}}],"collection":[{"href":"https:\/\/www.ghostysky.com\/es\/wp-json\/wp\/v2\/product"}],"about":[{"href":"https:\/\/www.ghostysky.com\/es\/wp-json\/wp\/v2\/types\/product"}],"replies":[{"embeddable":true,"href":"https:\/\/www.ghostysky.com\/es\/wp-json\/wp\/v2\/comments?post=24263"}],"wp:featuredmedia":[{"embeddable":true,"href":"https:\/\/www.ghostysky.com\/es\/wp-json\/wp\/v2\/media\/24260"}],"wp:attachment":[{"href":"https:\/\/www.ghostysky.com\/es\/wp-json\/wp\/v2\/media?parent=24263"}],"wp:term":[{"taxonomy":"product_brand","embeddable":true,"href":"https:\/\/www.ghostysky.com\/es\/wp-json\/wp\/v2\/product_brand?post=24263"},{"taxonomy":"product_cat","embeddable":true,"href":"https:\/\/www.ghostysky.com\/es\/wp-json\/wp\/v2\/product_cat?post=24263"},{"taxonomy":"product_tag","embeddable":true,"href":"https:\/\/www.ghostysky.com\/es\/wp-json\/wp\/v2\/product_tag?post=24263"}],"curies":[{"name":"wp","href":"https:\/\/api.w.org\/{rel}","templated":true}]}}