{"id":24265,"date":"2026-02-24T16:11:52","date_gmt":"2026-02-24T16:11:52","guid":{"rendered":"https:\/\/www.ghostysky.com\/?post_type=product&#038;p=24265"},"modified":"2026-02-24T16:41:24","modified_gmt":"2026-02-24T16:41:24","slug":"brainco-revo2-touch","status":"publish","type":"product","link":"https:\/\/www.ghostysky.com\/es\/product\/brainco-revo2-touch\/","title":{"rendered":"BrainCo Revo2 Touch"},"content":{"rendered":"<h3 data-path-to-node=\"3\">Caracter\u00edsticas y tecnolog\u00eda clave<\/h3>\n<ul data-path-to-node=\"4\">\n<li>\n<p id=\"p-rc_a932606601c3ac8d-66\" data-path-to-node=\"4,0,0\"><b data-path-to-node=\"4,0,0\" data-index-in-node=\"0\">Detecci\u00f3n t\u00e1ctil multimodal:<\/b><span class=\"citation-124\"> A diferencia de las pinzas est\u00e1ndar, Revo2 Touch cuenta con sensores 3D integrados que detectan <\/span><b data-path-to-node=\"4,0,0\" data-index-in-node=\"113\"><span class=\"citation-124\">Presi\u00f3n, fricci\u00f3n, direcci\u00f3n de la fuerza y proximidad<\/span><\/b><span class=\"citation-124 citation-end-124\">.<\/span> <span class=\"citation-123 citation-end-123\">Puede distinguir entre texturas y durezas de objetos, lo que le permite realizar tareas delicadas como encender una cerilla o manipular cristaler\u00eda fr\u00e1gil.<\/span><\/p>\n<\/li>\n<li>\n<p id=\"p-rc_a932606601c3ac8d-67\" data-path-to-node=\"4,1,0\"><b data-path-to-node=\"4,1,0\" data-index-in-node=\"0\"><span class=\"citation-122\">Dise\u00f1o ultraligero:<\/span><\/b><span class=\"citation-122\"> Solo pesaje <\/span><b data-path-to-node=\"4,1,0\" data-index-in-node=\"40\"><span class=\"citation-122\">383 gramos<\/span><\/b><span class=\"citation-122 citation-end-122\"> (comparable a seis huevos), mantiene una longitud compacta de 16 cm (el tama\u00f1o de una mano femenina promedio).<\/span> Esto la convierte en una de las manos m\u00e1s eficientes de la industria en cuanto a su relaci\u00f3n agarre-peso.<\/p>\n<\/li>\n<li>\n<p id=\"p-rc_a932606601c3ac8d-68\" data-path-to-node=\"4,2,0\"><b data-path-to-node=\"4,2,0\" data-index-in-node=\"0\"><span class=\"citation-121\">Resistencia de grado industrial:<\/span><\/b><span class=\"citation-121\"> A pesar de su peso ligero, proporciona una fuerza de agarre con toda la mano. <\/span><b data-path-to-node=\"4,2,0\" data-index-in-node=\"92\"><span class=\"citation-121\">\u2265 50 N<\/span><\/b><span class=\"citation-121\"> y una fuerza de pellizco con un solo dedo <\/span><b data-path-to-node=\"4,2,0\" data-index-in-node=\"133\"><span class=\"citation-121\">\u2265 15 N<\/span><\/b><span class=\"citation-121 citation-end-121\">.<\/span> <span class=\"citation-120\">Es capaz de soportar una carga est\u00e1tica de hasta <\/span><b data-path-to-node=\"4,2,0\" data-index-in-node=\"191\"><span class=\"citation-120\">20 kilos<\/span><\/b><span class=\"citation-120 citation-end-120\">.<\/span><\/p>\n<\/li>\n<li>\n<p id=\"p-rc_a932606601c3ac8d-69\" data-path-to-node=\"4,3,0\"><b data-path-to-node=\"4,3,0\" data-index-in-node=\"0\">Alta precisi\u00f3n y velocidad:<\/b><span class=\"citation-119\"> Cuenta con 11 articulaciones y 6 grados de libertad (DoF) con una precisi\u00f3n de repetici\u00f3n de <\/span><b data-path-to-node=\"4,3,0\" data-index-in-node=\"100\"><span class=\"citation-119\">0,1\u00b0<\/span><\/b><span class=\"citation-119 citation-end-119\">.<\/span> <span class=\"citation-118\">Puede abrirse o cerrarse completamente en menos de <\/span><b data-path-to-node=\"4,3,0\" data-index-in-node=\"146\"><span class=\"citation-118\">0,65 segundos<\/span><\/b><span class=\"citation-118 citation-end-118\">, permitiendo tiempos de respuesta r\u00e1pidos y fluidos.<\/span><\/p>\n<\/li>\n<li>\n<p id=\"p-rc_a932606601c3ac8d-70\" data-path-to-node=\"4,4,0\"><b data-path-to-node=\"4,4,0\" data-index-in-node=\"0\"><span class=\"citation-117\">Algoritmos de control avanzados:<\/span><\/b><span class=\"citation-117\"> El modelo \u201cTouch\u201d incluye control de posici\u00f3n y velocidad est\u00e1ndar, pero agrega <\/span><b data-path-to-node=\"4,4,0\" data-index-in-node=\"102\"><span class=\"citation-117\">Control t\u00e1ctil adaptativo<\/span><\/b><span class=\"citation-117\"> y <\/span><b data-path-to-node=\"4,4,0\" data-index-in-node=\"131\"><span class=\"citation-117\">Control adaptativo de impedancia\/compatibilidad<\/span><\/b><span class=\"citation-117 citation-end-117\">, permitiendo que la mano \u201cceda\u201d ligeramente al golpear un objeto, de forma muy similar a una mano humana.<\/span><\/p>\n<p>&nbsp;<\/li>\n<\/ul>\n<h3 data-path-to-node=\"6\">Especificaciones t\u00e9cnicas<\/h3>\n<table data-path-to-node=\"7\">\n<thead>\n<tr>\n<td><strong>Par\u00e1metro<\/strong><\/td>\n<td><strong>Especificaci\u00f3n<\/strong><\/td>\n<\/tr>\n<\/thead>\n<tbody>\n<tr>\n<td><span data-path-to-node=\"7,1,0,0\"><b data-path-to-node=\"7,1,0,0\" data-index-in-node=\"0\">Peso<\/b><\/span><\/td>\n<td><span data-path-to-node=\"7,1,1,0\">383 g (sin mu\u00f1eca)<\/span><\/td>\n<\/tr>\n<tr>\n<td><span data-path-to-node=\"7,2,0,0\"><b data-path-to-node=\"7,2,0,0\" data-index-in-node=\"0\">Dimensiones<\/b><\/span><\/td>\n<td><span data-path-to-node=\"7,2,1,0\">160 mm (alto) x 76 mm (ancho)<\/span><\/td>\n<\/tr>\n<tr>\n<td><span data-path-to-node=\"7,3,0,0\"><b data-path-to-node=\"7,3,0,0\" data-index-in-node=\"0\">Fuerza de agarre<\/b><\/span><\/td>\n<td><span data-path-to-node=\"7,3,1,0\">\u2265 50 N (Potencia) \/ \u2265 15 N (Pellizco)<\/span><\/td>\n<\/tr>\n<tr>\n<td><span data-path-to-node=\"7,4,0,0\"><b data-path-to-node=\"7,4,0,0\" data-index-in-node=\"0\">Carga \u00fatil<\/b><\/span><\/td>\n<td><span data-path-to-node=\"7,4,1,0\">20 kg (carga est\u00e1tica)<\/span><\/td>\n<\/tr>\n<tr>\n<td><span data-path-to-node=\"7,5,0,0\"><b data-path-to-node=\"7,5,0,0\" data-index-in-node=\"0\">Grados de libertad<\/b><\/span><\/td>\n<td><span data-path-to-node=\"7,5,1,0\">6 DoF (11 articulaciones)<\/span><\/td>\n<\/tr>\n<tr>\n<td><span data-path-to-node=\"7,6,0,0\"><b data-path-to-node=\"7,6,0,0\" data-index-in-node=\"0\">Tiempo de respuesta<\/b><\/span><\/td>\n<td><span data-path-to-node=\"7,6,1,0\">\u2264 0,65 s (Apertura\/Cierre)<\/span><\/td>\n<\/tr>\n<tr>\n<td><span data-path-to-node=\"7,7,0,0\"><b data-path-to-node=\"7,7,0,0\" data-index-in-node=\"0\">Comunicaci\u00f3n<\/b><\/span><\/td>\n<td><span data-path-to-node=\"7,7,1,0\">EtherCAT, CANfd, RS485<\/span><\/td>\n<\/tr>\n<tr>\n<td><span data-path-to-node=\"7,8,0,0\"><b data-path-to-node=\"7,8,0,0\" data-index-in-node=\"0\">Rango de voltaje<\/b><\/span><\/td>\n<td><span data-path-to-node=\"7,8,1,0\">Amplio voltaje (9\u201364 V)<\/span><\/td>\n<\/tr>\n<tr>\n<td><span data-path-to-node=\"7,9,0,0\"><b data-path-to-node=\"7,9,0,0\" data-index-in-node=\"0\">Ruido de funcionamiento<\/b><\/span><\/td>\n<td><span data-path-to-node=\"7,9,1,0\">\u2264 50 dB (m\u00e1s silencioso que una oficina)<\/span><\/td>\n<\/tr>\n<\/tbody>\n<\/table>\n<p>&nbsp;<\/p>\n<h3 data-path-to-node=\"9\">\u00bfPor qu\u00e9 la versi\u00f3n \u201cTouch\u201d?<\/h3>\n<p id=\"p-rc_a932606601c3ac8d-71\" data-path-to-node=\"10\"><span class=\"citation-116\">El Revo2 Touch est\u00e1 dise\u00f1ado para <\/span><b data-path-to-node=\"10\" data-index-in-node=\"32\"><span class=\"citation-116\">IA encarnada<\/span><\/b><span class=\"citation-116 citation-end-116\"> desarrollo.<\/span> Si bien la versi\u00f3n b\u00e1sica es excelente para un agarre simple, la versi\u00f3n t\u00e1ctil proporciona los flujos de datos necesarios para que los modelos de aprendizaje autom\u00e1tico aprendan la manipulaci\u00f3n de &quot;circuito cerrado&quot;, donde el robot ajusta su agarre en funci\u00f3n de la sensaci\u00f3n en tiempo real de un objeto que se resbala o se aplasta.<\/p>\n<h3 data-path-to-node=\"11\">Materiales de construcci\u00f3n<\/h3>\n<ul data-path-to-node=\"12\">\n<li>\n<p id=\"p-rc_a932606601c3ac8d-72\" data-path-to-node=\"12,0,0\"><b data-path-to-node=\"12,0,0\" data-index-in-node=\"0\"><span class=\"citation-115\">Marco:<\/span><\/b><span class=\"citation-115 citation-end-115\"> Aleaci\u00f3n de aluminio de grado aeroespacial.<\/span><\/p>\n<\/li>\n<li>\n<p id=\"p-rc_a932606601c3ac8d-73\" data-path-to-node=\"12,1,0\"><b data-path-to-node=\"12,1,0\" data-index-in-node=\"0\">Caparaz\u00f3n:<\/b><span class=\"citation-114 citation-end-114\"> Pl\u00e1stico de calidad alimentaria (seguro para diversos entornos).<\/span><\/p>\n<\/li>\n<li>\n<p id=\"p-rc_a932606601c3ac8d-74\" data-path-to-node=\"12,2,0\"><b data-path-to-node=\"12,2,0\" data-index-in-node=\"0\"><span class=\"citation-113\">Proteccion:<\/span><\/b><span class=\"citation-113 citation-end-113\"> Protecci\u00f3n incorporada contra sobrecorriente, sobretensi\u00f3n, alta temperatura e impacto.<\/span><\/p>\n<\/li>\n<\/ul>","protected":false},"excerpt":{"rendered":"<p data-path-to-node=\"0\">El <b data-path-to-node=\"0\" data-index-in-node=\"4\">BrainCo Revo2 Touch<\/b> (tambi\u00e9n conocido como el <i data-path-to-node=\"0\" data-index-in-node=\"49\">H\u00e1ptico<\/i> o <i data-path-to-node=\"0\" data-index-in-node=\"59\">T\u00e1ctil<\/i> versi\u00f3n) es el modelo insignia de la serie Revo2. <span class=\"citation-126 citation-end-126\">Es una mano diestra bi\u00f3nica de alto rendimiento dise\u00f1ada espec\u00edficamente para la rob\u00f3tica humanoide y la investigaci\u00f3n avanzada.<\/span><\/p>\n<p id=\"p-rc_a932606601c3ac8d-65\" data-path-to-node=\"1\"><span class=\"citation-125\">Mientras que los modelos \u201cB\u00e1sico\u201d y \u201cPro\u201d se centran en el movimiento, el <\/span><b data-path-to-node=\"1\" data-index-in-node=\"58\"><span class=\"citation-125\">Tocar<\/span><\/b><span class=\"citation-125 citation-end-125\"> La versi\u00f3n se define por su capacidad de \u201csentir\u201d, integrando un complejo sistema de detecci\u00f3n t\u00e1ctil 3D que permite a los robots percibir el mundo f\u00edsico con una sensibilidad similar a la humana.<\/span><\/p>","protected":false},"featured_media":24260,"comment_status":"open","ping_status":"closed","template":"","meta":[],"product_brand":[1383],"product_cat":[1041,1382,1381,1037],"product_tag":[],"class_list":{"0":"post-24265","1":"product","2":"type-product","3":"status-publish","4":"has-post-thumbnail","6":"product_brand-brainco","7":"product_cat-arms-grippers","8":"product_cat-bionic-dexterous-hands","9":"product_cat-brainco","10":"product_cat-robotics","12":"first","13":"onbackorder","14":"taxable","15":"shipping-taxable","16":"purchasable","17":"product-type-simple"},"yoast_head":"<!-- This site is optimized with the Yoast SEO plugin v27.1.1 - https:\/\/yoast.com\/product\/yoast-seo-wordpress\/ -->\n<title>BrainCo Revo2 Touch - Ghostysky<\/title>\n<meta name=\"description\" content=\"The BrainCo Revo2 Touch (also referred to as the Haptic or Tactile version) is the flagship model of the Revo2 series. It is a high-performance, bionic dexterous hand specifically engineered for humanoid robotics and advanced research.While the &quot;Basic&quot; and &quot;Pro&quot; models focus on movement, the Touch version is defined by its ability to &quot;feel&quot;\u2014integrating a complex 3D tactile sensing system that allows robots to perceive the physical world with human-like sensitivity.\" \/>\n<meta name=\"robots\" content=\"index, follow, max-snippet:-1, max-image-preview:large, max-video-preview:-1\" \/>\n<link rel=\"canonical\" href=\"https:\/\/www.ghostysky.com\/es\/producto-2\/brainco-revo2-touch\/\" \/>\n<meta property=\"og:locale\" content=\"es_ES\" \/>\n<meta property=\"og:type\" content=\"article\" \/>\n<meta property=\"og:title\" content=\"BrainCo Revo2 Touch - Ghostysky\" \/>\n<meta property=\"og:description\" content=\"The BrainCo Revo2 Touch (also referred to as the Haptic or Tactile version) is the flagship model of the Revo2 series. It is a high-performance, bionic dexterous hand specifically engineered for humanoid robotics and advanced research.While the &quot;Basic&quot; and &quot;Pro&quot; models focus on movement, the Touch version is defined by its ability to &quot;feel&quot;\u2014integrating a complex 3D tactile sensing system that allows robots to perceive the physical world with human-like sensitivity.\" \/>\n<meta property=\"og:url\" content=\"https:\/\/www.ghostysky.com\/es\/producto-2\/brainco-revo2-touch\/\" \/>\n<meta property=\"og:site_name\" content=\"Ghostysky\" \/>\n<meta property=\"article:publisher\" content=\"https:\/\/www.facebook.com\/people\/Ghostysky\/100057676170234\/\" \/>\n<meta property=\"article:modified_time\" content=\"2026-02-24T16:41:24+00:00\" \/>\n<meta property=\"og:image\" content=\"https:\/\/www.ghostysky.com\/wp-content\/uploads\/2026\/02\/GH_Brainco_Revo2_Basic_1.jpg\" \/>\n\t<meta property=\"og:image:width\" content=\"700\" \/>\n\t<meta property=\"og:image:height\" content=\"700\" \/>\n\t<meta property=\"og:image:type\" content=\"image\/jpeg\" \/>\n<meta name=\"twitter:card\" content=\"summary_large_image\" \/>\n<meta name=\"twitter:site\" content=\"@Gh0stysky\" \/>\n<meta name=\"twitter:label1\" content=\"Tiempo de lectura\" \/>\n\t<meta name=\"twitter:data1\" content=\"2 minutos\" \/>\n<script type=\"application\/ld+json\" class=\"yoast-schema-graph\">{\"@context\":\"https:\/\/schema.org\",\"@graph\":[{\"@type\":\"WebPage\",\"@id\":\"https:\/\/www.ghostysky.com\/product\/brainco-revo2-touch\/\",\"url\":\"https:\/\/www.ghostysky.com\/product\/brainco-revo2-touch\/\",\"name\":\"BrainCo Revo2 Touch - Ghostysky\",\"isPartOf\":{\"@id\":\"https:\/\/www.ghostysky.com\/#website\"},\"primaryImageOfPage\":{\"@id\":\"https:\/\/www.ghostysky.com\/product\/brainco-revo2-touch\/#primaryimage\"},\"image\":{\"@id\":\"https:\/\/www.ghostysky.com\/product\/brainco-revo2-touch\/#primaryimage\"},\"thumbnailUrl\":\"https:\/\/www.ghostysky.com\/wp-content\/uploads\/2026\/02\/GH_Brainco_Revo2_Basic_1.jpg\",\"datePublished\":\"2026-02-24T16:11:52+00:00\",\"dateModified\":\"2026-02-24T16:41:24+00:00\",\"description\":\"The BrainCo Revo2 Touch (also referred to as the Haptic or Tactile version) is the flagship model of the Revo2 series. It is a high-performance, bionic dexterous hand specifically engineered for humanoid robotics and advanced research.While the \\\"Basic\\\" and \\\"Pro\\\" models focus on movement, the Touch version is defined by its ability to \\\"feel\\\"\u2014integrating a complex 3D tactile sensing system that allows robots to perceive the physical world with human-like sensitivity.\",\"breadcrumb\":{\"@id\":\"https:\/\/www.ghostysky.com\/product\/brainco-revo2-touch\/#breadcrumb\"},\"inLanguage\":\"es\",\"potentialAction\":[{\"@type\":\"ReadAction\",\"target\":[\"https:\/\/www.ghostysky.com\/product\/brainco-revo2-touch\/\"]}]},{\"@type\":\"ImageObject\",\"inLanguage\":\"es\",\"@id\":\"https:\/\/www.ghostysky.com\/product\/brainco-revo2-touch\/#primaryimage\",\"url\":\"https:\/\/www.ghostysky.com\/wp-content\/uploads\/2026\/02\/GH_Brainco_Revo2_Basic_1.jpg\",\"contentUrl\":\"https:\/\/www.ghostysky.com\/wp-content\/uploads\/2026\/02\/GH_Brainco_Revo2_Basic_1.jpg\",\"width\":700,\"height\":700},{\"@type\":\"BreadcrumbList\",\"@id\":\"https:\/\/www.ghostysky.com\/product\/brainco-revo2-touch\/#breadcrumb\",\"itemListElement\":[{\"@type\":\"ListItem\",\"position\":1,\"name\":\"Home\",\"item\":\"https:\/\/www.ghostysky.com\/\"},{\"@type\":\"ListItem\",\"position\":2,\"name\":\"Shop\",\"item\":\"https:\/\/www.ghostysky.com\/shop\/\"},{\"@type\":\"ListItem\",\"position\":3,\"name\":\"BrainCo Revo2 Touch\"}]},{\"@type\":\"WebSite\",\"@id\":\"https:\/\/www.ghostysky.com\/#website\",\"url\":\"https:\/\/www.ghostysky.com\/\",\"name\":\"Ghostysky\",\"description\":\"Delivering professional drones and services\",\"publisher\":{\"@id\":\"https:\/\/www.ghostysky.com\/#organization\"},\"potentialAction\":[{\"@type\":\"SearchAction\",\"target\":{\"@type\":\"EntryPoint\",\"urlTemplate\":\"https:\/\/www.ghostysky.com\/?s={search_term_string}\"},\"query-input\":{\"@type\":\"PropertyValueSpecification\",\"valueRequired\":true,\"valueName\":\"search_term_string\"}}],\"inLanguage\":\"es\"},{\"@type\":\"Organization\",\"@id\":\"https:\/\/www.ghostysky.com\/#organization\",\"name\":\"Ghostysky\",\"url\":\"https:\/\/www.ghostysky.com\/\",\"logo\":{\"@type\":\"ImageObject\",\"inLanguage\":\"es\",\"@id\":\"https:\/\/www.ghostysky.com\/#\/schema\/logo\/image\/\",\"url\":\"https:\/\/www.ghostysky.com\/wp-content\/uploads\/2020\/06\/cropped-ghostyskylogo_text_white2.png\",\"contentUrl\":\"https:\/\/www.ghostysky.com\/wp-content\/uploads\/2020\/06\/cropped-ghostyskylogo_text_white2.png\",\"width\":169,\"height\":56,\"caption\":\"Ghostysky\"},\"image\":{\"@id\":\"https:\/\/www.ghostysky.com\/#\/schema\/logo\/image\/\"},\"sameAs\":[\"https:\/\/www.facebook.com\/people\/Ghostysky\/100057676170234\/\",\"https:\/\/x.com\/Gh0stysky\",\"https:\/\/www.linkedin.com\/company\/34739653\",\"https:\/\/www.instagram.com\/gh0stysky\"]}]}<\/script>\n<!-- \/ Yoast SEO plugin. -->","yoast_head_json":{"title":"BrainCo Revo2 Touch - Ghostysky","description":"El BrainCo Revo2 Touch (tambi\u00e9n conocido como versi\u00f3n h\u00e1ptica o t\u00e1ctil) es el modelo estrella de la serie Revo2. Se trata de una mano diestra bi\u00f3nica de alto rendimiento, dise\u00f1ada espec\u00edficamente para la rob\u00f3tica humanoide y la investigaci\u00f3n avanzada. Mientras que los modelos &quot;B\u00e1sico&quot; y &quot;Pro&quot; se centran en el movimiento, la versi\u00f3n t\u00e1ctil se define por su capacidad de &quot;sentir&quot;, integrando un complejo sistema de detecci\u00f3n t\u00e1ctil 3D que permite a los robots percibir el mundo f\u00edsico con una sensibilidad similar a la humana.","robots":{"index":"index","follow":"follow","max-snippet":"max-snippet:-1","max-image-preview":"max-image-preview:large","max-video-preview":"max-video-preview:-1"},"canonical":"https:\/\/www.ghostysky.com\/es\/producto-2\/brainco-revo2-touch\/","og_locale":"es_ES","og_type":"article","og_title":"BrainCo Revo2 Touch - Ghostysky","og_description":"The BrainCo Revo2 Touch (also referred to as the Haptic or Tactile version) is the flagship model of the Revo2 series. It is a high-performance, bionic dexterous hand specifically engineered for humanoid robotics and advanced research.While the \"Basic\" and \"Pro\" models focus on movement, the Touch version is defined by its ability to \"feel\"\u2014integrating a complex 3D tactile sensing system that allows robots to perceive the physical world with human-like sensitivity.","og_url":"https:\/\/www.ghostysky.com\/es\/producto-2\/brainco-revo2-touch\/","og_site_name":"Ghostysky","article_publisher":"https:\/\/www.facebook.com\/people\/Ghostysky\/100057676170234\/","article_modified_time":"2026-02-24T16:41:24+00:00","og_image":[{"width":700,"height":700,"url":"https:\/\/www.ghostysky.com\/wp-content\/uploads\/2026\/02\/GH_Brainco_Revo2_Basic_1.jpg","type":"image\/jpeg"}],"twitter_card":"summary_large_image","twitter_site":"@Gh0stysky","twitter_misc":{"Tiempo de lectura":"2 minutos"},"schema":{"@context":"https:\/\/schema.org","@graph":[{"@type":"WebPage","@id":"https:\/\/www.ghostysky.com\/product\/brainco-revo2-touch\/","url":"https:\/\/www.ghostysky.com\/product\/brainco-revo2-touch\/","name":"BrainCo Revo2 Touch - Ghostysky","isPartOf":{"@id":"https:\/\/www.ghostysky.com\/#website"},"primaryImageOfPage":{"@id":"https:\/\/www.ghostysky.com\/product\/brainco-revo2-touch\/#primaryimage"},"image":{"@id":"https:\/\/www.ghostysky.com\/product\/brainco-revo2-touch\/#primaryimage"},"thumbnailUrl":"https:\/\/www.ghostysky.com\/wp-content\/uploads\/2026\/02\/GH_Brainco_Revo2_Basic_1.jpg","datePublished":"2026-02-24T16:11:52+00:00","dateModified":"2026-02-24T16:41:24+00:00","description":"El BrainCo Revo2 Touch (tambi\u00e9n conocido como versi\u00f3n h\u00e1ptica o t\u00e1ctil) es el modelo estrella de la serie Revo2. Se trata de una mano diestra bi\u00f3nica de alto rendimiento, dise\u00f1ada espec\u00edficamente para la rob\u00f3tica humanoide y la investigaci\u00f3n avanzada. Mientras que los modelos &quot;B\u00e1sico&quot; y &quot;Pro&quot; se centran en el movimiento, la versi\u00f3n t\u00e1ctil se define por su capacidad de &quot;sentir&quot;, integrando un complejo sistema de detecci\u00f3n t\u00e1ctil 3D que permite a los robots percibir el mundo f\u00edsico con una sensibilidad similar a la humana.","breadcrumb":{"@id":"https:\/\/www.ghostysky.com\/product\/brainco-revo2-touch\/#breadcrumb"},"inLanguage":"es","potentialAction":[{"@type":"ReadAction","target":["https:\/\/www.ghostysky.com\/product\/brainco-revo2-touch\/"]}]},{"@type":"ImageObject","inLanguage":"es","@id":"https:\/\/www.ghostysky.com\/product\/brainco-revo2-touch\/#primaryimage","url":"https:\/\/www.ghostysky.com\/wp-content\/uploads\/2026\/02\/GH_Brainco_Revo2_Basic_1.jpg","contentUrl":"https:\/\/www.ghostysky.com\/wp-content\/uploads\/2026\/02\/GH_Brainco_Revo2_Basic_1.jpg","width":700,"height":700},{"@type":"BreadcrumbList","@id":"https:\/\/www.ghostysky.com\/product\/brainco-revo2-touch\/#breadcrumb","itemListElement":[{"@type":"ListItem","position":1,"name":"Home","item":"https:\/\/www.ghostysky.com\/"},{"@type":"ListItem","position":2,"name":"Shop","item":"https:\/\/www.ghostysky.com\/shop\/"},{"@type":"ListItem","position":3,"name":"BrainCo Revo2 Touch"}]},{"@type":"WebSite","@id":"https:\/\/www.ghostysky.com\/#website","url":"https:\/\/www.ghostysky.com\/","name":"Ghostysky","description":"Entrega de drones y servicios profesionales","publisher":{"@id":"https:\/\/www.ghostysky.com\/#organization"},"potentialAction":[{"@type":"SearchAction","target":{"@type":"EntryPoint","urlTemplate":"https:\/\/www.ghostysky.com\/?s={search_term_string}"},"query-input":{"@type":"PropertyValueSpecification","valueRequired":true,"valueName":"search_term_string"}}],"inLanguage":"es"},{"@type":"Organization","@id":"https:\/\/www.ghostysky.com\/#organization","name":"Ghostysky","url":"https:\/\/www.ghostysky.com\/","logo":{"@type":"ImageObject","inLanguage":"es","@id":"https:\/\/www.ghostysky.com\/#\/schema\/logo\/image\/","url":"https:\/\/www.ghostysky.com\/wp-content\/uploads\/2020\/06\/cropped-ghostyskylogo_text_white2.png","contentUrl":"https:\/\/www.ghostysky.com\/wp-content\/uploads\/2020\/06\/cropped-ghostyskylogo_text_white2.png","width":169,"height":56,"caption":"Ghostysky"},"image":{"@id":"https:\/\/www.ghostysky.com\/#\/schema\/logo\/image\/"},"sameAs":["https:\/\/www.facebook.com\/people\/Ghostysky\/100057676170234\/","https:\/\/x.com\/Gh0stysky","https:\/\/www.linkedin.com\/company\/34739653","https:\/\/www.instagram.com\/gh0stysky"]}]}},"_links":{"self":[{"href":"https:\/\/www.ghostysky.com\/es\/wp-json\/wp\/v2\/product\/24265","targetHints":{"allow":["GET"]}}],"collection":[{"href":"https:\/\/www.ghostysky.com\/es\/wp-json\/wp\/v2\/product"}],"about":[{"href":"https:\/\/www.ghostysky.com\/es\/wp-json\/wp\/v2\/types\/product"}],"replies":[{"embeddable":true,"href":"https:\/\/www.ghostysky.com\/es\/wp-json\/wp\/v2\/comments?post=24265"}],"wp:featuredmedia":[{"embeddable":true,"href":"https:\/\/www.ghostysky.com\/es\/wp-json\/wp\/v2\/media\/24260"}],"wp:attachment":[{"href":"https:\/\/www.ghostysky.com\/es\/wp-json\/wp\/v2\/media?parent=24265"}],"wp:term":[{"taxonomy":"product_brand","embeddable":true,"href":"https:\/\/www.ghostysky.com\/es\/wp-json\/wp\/v2\/product_brand?post=24265"},{"taxonomy":"product_cat","embeddable":true,"href":"https:\/\/www.ghostysky.com\/es\/wp-json\/wp\/v2\/product_cat?post=24265"},{"taxonomy":"product_tag","embeddable":true,"href":"https:\/\/www.ghostysky.com\/es\/wp-json\/wp\/v2\/product_tag?post=24265"}],"curies":[{"name":"wp","href":"https:\/\/api.w.org\/{rel}","templated":true}]}}