{"id":24306,"date":"2026-02-25T15:37:19","date_gmt":"2026-02-25T15:37:19","guid":{"rendered":"https:\/\/www.ghostysky.com\/?post_type=product&#038;p=24306"},"modified":"2026-04-12T08:35:14","modified_gmt":"2026-04-12T08:35:14","slug":"yuhesen-dt-mid","status":"publish","type":"product","link":"https:\/\/www.ghostysky.com\/es\/product\/yuhesen-dt-mid\/","title":{"rendered":"Yuhesen DT-Mid"},"content":{"rendered":"<h3 data-path-to-node=\"3\">Caracter\u00edsticas y capacidades clave<\/h3>\n<ul data-path-to-node=\"4\">\n<li>\n<p data-path-to-node=\"4,0,0\"><b data-path-to-node=\"4,0,0\" data-index-in-node=\"0\">Transmisi\u00f3n diferencial robusta:<\/b> Cuenta con un sistema de tracci\u00f3n independiente de dos ruedas que permite giros de radio cero (pivotando en el lugar), lo que lo hace muy maniobrable en espacios interiores reducidos.<\/p>\n<\/li>\n<li>\n<p data-path-to-node=\"4,1,0\"><b data-path-to-node=\"4,1,0\" data-index-in-node=\"0\">Arquitectura modular:<\/b> El chasis est\u00e1 dise\u00f1ado para \u201cdesarrollo secundario\u201d, lo que significa que tiene una parte superior plana y puntos de montaje est\u00e1ndar para LiDAR, c\u00e1maras, brazos rob\u00f3ticos o sensores industriales.<\/p>\n<\/li>\n<li>\n<p id=\"p-rc_174767c266ad61ec-24\" data-path-to-node=\"4,2,0\"><b data-path-to-node=\"4,2,0\" data-index-in-node=\"0\">Construcci\u00f3n de grado industrial:<\/b><span class=\"citation-16 citation-end-16\"> Construido con una estructura reforzada para soportar entornos dif\u00edciles, presentando un equilibrio entre alta capacidad de carga \u00fatil y control de movimiento constante.<\/span><\/p>\n<\/li>\n<li>\n<p id=\"p-rc_174767c266ad61ec-25\" data-path-to-node=\"4,3,0\"><b data-path-to-node=\"4,3,0\" data-index-in-node=\"0\"><span class=\"citation-15\">Apto para desarrolladores:<\/span><\/b><span class=\"citation-15\"> Viene con soporte nativo para <\/span><b data-path-to-node=\"4,3,0\" data-index-in-node=\"50\"><span class=\"citation-15\">ROS (Sistema operativo de robot) 1 y 2<\/span><\/b><span class=\"citation-15 citation-end-15\">, proporcionando SDK e interfaces API que permiten a los investigadores implementar algoritmos aut\u00f3nomos r\u00e1pidamente.<\/span><\/p>\n<p>&nbsp;<\/li>\n<\/ul>\n<h3 data-path-to-node=\"6\">Especificaciones t\u00e9cnicas (estimadas)<\/h3>\n<p data-path-to-node=\"7\"><i data-path-to-node=\"7\" data-index-in-node=\"0\">Basado en los est\u00e1ndares de rendimiento de la serie \u201cMid\u201d de Yuhesen:<\/i><\/p>\n<table data-path-to-node=\"8\">\n<thead>\n<tr>\n<td><strong>Caracter\u00edstica<\/strong><\/td>\n<td><strong>Especificaci\u00f3n<\/strong><\/td>\n<\/tr>\n<\/thead>\n<tbody>\n<tr>\n<td><span data-path-to-node=\"8,1,0,0\"><b data-path-to-node=\"8,1,0,0\" data-index-in-node=\"0\">Tipo de unidad<\/b><\/span><\/td>\n<td><span data-path-to-node=\"8,1,1,0\">Direcci\u00f3n diferencial (tracci\u00f3n en dos ruedas)<\/span><\/td>\n<\/tr>\n<tr>\n<td><span data-path-to-node=\"8,2,0,0\"><b data-path-to-node=\"8,2,0,0\" data-index-in-node=\"0\">Capacidad de carga \u00fatil<\/b><\/span><\/td>\n<td><span data-path-to-node=\"8,2,1,0\">~50 kg \u2013 80 kg (var\u00eda seg\u00fan la configuraci\u00f3n)<\/span><\/td>\n<\/tr>\n<tr>\n<td><span data-path-to-node=\"8,3,0,0\"><b data-path-to-node=\"8,3,0,0\" data-index-in-node=\"0\">M\u00e1xima velocidad<\/b><\/span><\/td>\n<td><span data-path-to-node=\"8,3,1,0\">~5,4 kil\u00f3metros por hora<\/span><\/td>\n<\/tr>\n<tr>\n<td><span data-path-to-node=\"8,4,0,0\"><b data-path-to-node=\"8,4,0,0\" data-index-in-node=\"0\">Comunicaci\u00f3n<\/b><\/span><\/td>\n<td><span data-path-to-node=\"8,4,1,0\">CAN 2.0B \/ RS232<\/span><\/td>\n<\/tr>\n<tr>\n<td><span data-path-to-node=\"8,5,0,0\"><b data-path-to-node=\"8,5,0,0\" data-index-in-node=\"0\">Temperatura de funcionamiento<\/b><\/span><\/td>\n<td><span data-path-to-node=\"8,5,1,0\">-20\u00b0C a 50\u00b0C<\/span><\/td>\n<\/tr>\n<tr>\n<td><span data-path-to-node=\"8,6,0,0\"><b data-path-to-node=\"8,6,0,0\" data-index-in-node=\"0\">Clasificaci\u00f3n IP<\/b><\/span><\/td>\n<td><span data-path-to-node=\"8,6,1,0\">IP33 (Protecci\u00f3n b\u00e1sica contra polvo y agua)<\/span><\/td>\n<\/tr>\n<tr>\n<td><span data-path-to-node=\"8,7,0,0\"><b data-path-to-node=\"8,7,0,0\" data-index-in-node=\"0\">Duraci\u00f3n de la bater\u00eda<\/b><\/span><\/td>\n<td><span data-path-to-node=\"8,7,1,0\">Admite tiempo de funcionamiento prolongado con bater\u00edas opcionales de 48 V\/40 Ah<\/span><\/td>\n<\/tr>\n<\/tbody>\n<\/table>\n<p>&nbsp;<\/p>\n<h3 data-path-to-node=\"10\">Casos de uso comunes<\/h3>\n<ol start=\"1\" data-path-to-node=\"11\">\n<li>\n<p data-path-to-node=\"11,0,0\"><b data-path-to-node=\"11,0,0\" data-index-in-node=\"0\">Inspecci\u00f3n Industrial:<\/b> Equipado con c\u00e1maras t\u00e9rmicas o sensores de gas para patrullar subestaciones el\u00e9ctricas o f\u00e1bricas.<\/p>\n<\/li>\n<li>\n<p data-path-to-node=\"11,1,0\"><b data-path-to-node=\"11,1,0\" data-index-in-node=\"0\">Log\u00edstica y Entrega:<\/b> Se utiliza como base para robots de reparto en interiores en hospitales o almacenes.<\/p>\n<\/li>\n<li>\n<p data-path-to-node=\"11,2,0\"><b data-path-to-node=\"11,2,0\" data-index-in-node=\"0\">Investigaci\u00f3n acad\u00e9mica:<\/b> Una plataforma popular para universidades que prueban algoritmos SLAM (localizaci\u00f3n y mapeo simult\u00e1neos) y de planificaci\u00f3n de rutas.<\/p>\n<\/li>\n<li>\n<p data-path-to-node=\"11,3,0\"><b data-path-to-node=\"11,3,0\" data-index-in-node=\"0\">Patrullas de seguridad:<\/b> Despliegue en centros comerciales o estacionamientos para vigilancia aut\u00f3noma.<\/p>\n<\/li>\n<\/ol>\n<h3 data-path-to-node=\"13\">Nota de comparaci\u00f3n<\/h3>\n<p data-path-to-node=\"14\">Si necesita un movimiento lateral (movimiento lateral) o conducci\u00f3n en diagonal, es posible que desee considerar la <b data-path-to-node=\"14\" data-index-in-node=\"105\">Yuhesen FW-Mid<\/b> (Omnidireccional) en su lugar. El <b data-path-to-node=\"14\" data-index-in-node=\"151\">DT-Mid<\/b> Es la mejor opci\u00f3n para alto torque, estabilidad en l\u00ednea recta y mantenimiento mec\u00e1nico m\u00e1s simple.<\/p>\n<h3 data-path-to-node=\"14\">Especificaciones t\u00e9cnicas<\/h3>\n<ul class=\"ul fz-20 change-li\">\n<li><strong><span class=\"tit fz-24\">Tama\u00f1o: <\/span><\/strong><span class=\"note\">920 mm x 750 mm x 350 mm<\/span><\/li>\n<li><strong><span class=\"tit fz-24\">Peso: <\/span><\/strong><span class=\"note\">70 kilos<\/span><\/li>\n<li><strong><span class=\"tit fz-24\">Formulario de manejo: <\/span><\/strong><span class=\"note\">Direcci\u00f3n diferencial, accionamiento del motor<\/span><\/li>\n<li><strong><span class=\"tit fz-24\">Suspensi\u00f3n: <\/span><\/strong><span class=\"note\">Suspensi\u00f3n independiente<\/span><\/li>\n<li><strong><span class=\"tit fz-24\">Distancia al suelo: <\/span><\/strong><span class=\"note\">150 mm<\/span><\/li>\n<li><strong><span class=\"tit fz-24\">Distancia entre ejes: <\/span><\/strong><span class=\"note\">600 mm<\/span><\/li>\n<li><strong><span class=\"tit fz-24\">Pista de la rueda: <\/span><\/strong><span class=\"note\">600 mm<\/span><\/li>\n<li><strong><span class=\"tit fz-24\">Di\u00e1metro del neum\u00e1tico: <\/span><\/strong><span class=\"note\">324 mm<\/span><\/li>\n<li><strong><span class=\"tit fz-24\">Motor del cubo de la rueda: <\/span><\/strong><span class=\"note\">400 W*4<\/span><\/li>\n<li><strong><span class=\"tit fz-24\">Bater\u00eda: <\/span><\/strong><span class=\"note\">48 V\/18 Ah<\/span><\/li>\n<li><strong><span class=\"tit fz-24\">Tiempo de carga: <\/span><\/strong><span class=\"note\">2-3 horas<\/span><\/li>\n<li><strong><span class=\"tit fz-24\">Adaptador de carga: <\/span><\/strong><span class=\"note\">48 V\/10 A<\/span><\/li>\n<li><strong><span class=\"tit fz-24\">Fuente de alimentaci\u00f3n: <\/span><\/strong><span class=\"note\">12 V\/15 A; 24 V\/15 A; 48 V\/10 A<\/span><\/li>\n<li><strong><span class=\"tit fz-24\">M\u00e9todo de frenado: <\/span><\/strong><span class=\"note\">Freno de motor<\/span><\/li>\n<li><strong><span class=\"tit fz-24\">M\u00e9todo de estacionamiento: <\/span><\/strong><span class=\"note\">Estacionamiento con apagado electromagn\u00e9tico<\/span><\/li>\n<li><strong><span class=\"tit fz-24\">Carga \u00fatil (suelo nivelado): <\/span><\/strong><span class=\"note\">50 kilos<\/span><\/li>\n<li><span class=\"tit fz-24\"><strong>Velocidad m\u00e1xima:<\/strong> <\/span><span class=\"note\">5,4 km\/h<\/span><\/li>\n<li><span class=\"tit fz-24\"><strong>Profundidad de vadeo:<\/strong> <\/span><span class=\"note\">120 mm<\/span><\/li>\n<li><span class=\"tit fz-24\"><strong>Kilometraje:<\/strong> <\/span><span class=\"note\">10 km (sin carga); 6 km (con carga)<\/span><\/li>\n<li><span class=\"tit fz-24\"><strong>\u00c1ngulo m\u00e1ximo de escalada:<\/strong> <\/span><span class=\"note\">30\u00b0(sin carga); 30\u00b0(con carga)<\/span><\/li>\n<li><span class=\"tit fz-24\"><strong>Ancho del tramo:<\/strong> <\/span><span class=\"note\">300 mm (sin carga); 250 mm (con carga)<\/span><\/li>\n<li><span class=\"tit fz-24\"><strong>Altura del obst\u00e1culo:<\/strong> <\/span><span class=\"note\">160 mm (sin carga); 150 mm (con carga)<\/span><\/li>\n<li><span class=\"tit fz-24\"><strong>Clasificaci\u00f3n del IP:<\/strong> <\/span><span class=\"note\">IP42<\/span><\/li>\n<li><span class=\"tit fz-24\"><strong>Interfaz de comunicaci\u00f3n:<\/strong> <\/span><span class=\"note\">CAN2.0B<\/span><\/li>\n<li><span class=\"tit fz-24\"><strong>Temperatura de funcionamiento:<\/strong> <\/span><span class=\"note\">-20~50\u2103<\/span><\/li>\n<li><span class=\"tit fz-24\"><strong>M\u00f3dulos Opcionales:<\/strong> <\/span><span class=\"note\">Kit NV-magic\/Kit OS-mate\/Kit OS-lite\/ Estaci\u00f3n de carga<\/span><\/li>\n<li><span class=\"tit fz-24\"><strong>Servicios de soporte:<\/strong> <\/span><span class=\"note\">Paquetes de unidad ROS est\u00e1ndar (SDK)\/Archivos STP\/Manual del usuario\/Soporte t\u00e9cnico en l\u00ednea<\/span><\/li>\n<li><span class=\"tit fz-24\"><strong>Notas de configuraci\u00f3n:<\/strong> <\/span><span class=\"note\">Debido a las continuas actualizaciones de nuestros productos, el producto real puede diferir de las descripciones de la p\u00e1gina web. Para obtener la informaci\u00f3n m\u00e1s reciente, contacte con nuestro ingeniero.<\/span><\/li>\n<\/ul>","protected":false},"excerpt":{"rendered":"<p data-path-to-node=\"0\"><span class=\"citation-17\">El <\/span><b data-path-to-node=\"0\" data-index-in-node=\"4\"><span class=\"citation-17\">Yuhesen DT-Mid<\/span><\/b><span class=\"citation-17\"> Es un modelo de tama\u00f1o mediano y calidad profesional. <\/span><b data-path-to-node=\"0\" data-index-in-node=\"57\"><span class=\"citation-17\">Veh\u00edculo terrestre no tripulado (UGV) con direcci\u00f3n diferencial<\/span><\/b><span class=\"citation-17 citation-end-17\"> plataforma.<\/span> Dise\u00f1ado por Shenzhen Yuhesen Technology, sirve como una base s\u00f3lida para aplicaciones industriales, investigaci\u00f3n rob\u00f3tica y desarrollo de navegaci\u00f3n aut\u00f3noma.<\/p>\n<p data-path-to-node=\"1\">A diferencia de sus primos omnidireccionales \u201cFW\u201d, el DT-Mid utiliza un sistema de transmisi\u00f3n diferencial cl\u00e1sico (similar a un tanque o un robot de dos ruedas), lo que lo hace excepcionalmente confiable, f\u00e1cil de mantener y rentable para tareas de movilidad sencillas.<\/p>","protected":false},"featured_media":24353,"comment_status":"open","ping_status":"closed","template":"","meta":[],"product_brand":[1389],"product_cat":[1042,1037,1384,1385],"product_tag":[1434,1391,1387,1390],"class_list":{"0":"post-24306","1":"product","2":"type-product","3":"status-publish","4":"has-post-thumbnail","6":"product_brand-yuhesen","7":"product_cat-chassis","8":"product_cat-robotics","9":"product_cat-yuhesen","10":"product_cat-yuhesen-ugv-chassis","11":"product_tag-differential-steering-ugv","12":"product_tag-dt-mid-chassis","13":"product_tag-ugv","14":"product_tag-yuhesen-ugv-chassis","16":"first","17":"onbackorder","18":"taxable","19":"shipping-taxable","20":"purchasable","21":"product-type-simple"},"yoast_head":"<!-- This site is optimized with the Yoast SEO plugin v27.1.1 - https:\/\/yoast.com\/product\/yoast-seo-wordpress\/ -->\n<title>Yuhesen DT-Mid - Ghostysky<\/title>\n<meta name=\"description\" content=\"The Yuhesen DT-Mid is a professional-grade, medium-sized Differential Steering Unmanned Ground Vehicle (UGV) platform. Designed by Shenzhen Yuhesen Technology, it serves as a robust foundation for industrial applications, robotics research, and autonomous navigation development.Unlike its omnidirectional &quot;FW&quot; cousins, the DT-Mid utilizes a classic differential drive system (similar to a tank or a two-wheeled robot), making it exceptionally reliable, easy to maintain, and cost-effective for straightforward mobility tasks.\" \/>\n<meta name=\"robots\" content=\"index, follow, max-snippet:-1, max-image-preview:large, max-video-preview:-1\" \/>\n<link rel=\"canonical\" href=\"https:\/\/www.ghostysky.com\/es\/producto-2\/yuhesen-dt-mid\/\" \/>\n<meta property=\"og:locale\" content=\"es_ES\" \/>\n<meta property=\"og:type\" content=\"article\" \/>\n<meta property=\"og:title\" content=\"Yuhesen DT-Mid - Ghostysky\" \/>\n<meta property=\"og:description\" content=\"The Yuhesen DT-Mid is a professional-grade, medium-sized Differential Steering Unmanned Ground Vehicle (UGV) platform. Designed by Shenzhen Yuhesen Technology, it serves as a robust foundation for industrial applications, robotics research, and autonomous navigation development.Unlike its omnidirectional &quot;FW&quot; cousins, the DT-Mid utilizes a classic differential drive system (similar to a tank or a two-wheeled robot), making it exceptionally reliable, easy to maintain, and cost-effective for straightforward mobility tasks.\" \/>\n<meta property=\"og:url\" content=\"https:\/\/www.ghostysky.com\/es\/producto-2\/yuhesen-dt-mid\/\" \/>\n<meta property=\"og:site_name\" content=\"Ghostysky\" \/>\n<meta property=\"article:publisher\" content=\"https:\/\/www.facebook.com\/people\/Ghostysky\/100057676170234\/\" \/>\n<meta property=\"article:modified_time\" content=\"2026-04-12T08:35:14+00:00\" \/>\n<meta property=\"og:image\" content=\"https:\/\/www.ghostysky.com\/wp-content\/uploads\/2026\/02\/GH_Yuhesen_DT_mid_1.png\" \/>\n\t<meta property=\"og:image:width\" content=\"300\" \/>\n\t<meta property=\"og:image:height\" content=\"240\" \/>\n\t<meta property=\"og:image:type\" content=\"image\/png\" \/>\n<meta name=\"twitter:card\" content=\"summary_large_image\" \/>\n<meta name=\"twitter:site\" content=\"@Gh0stysky\" \/>\n<meta name=\"twitter:label1\" content=\"Tiempo de lectura\" \/>\n\t<meta name=\"twitter:data1\" content=\"2 minutos\" \/>\n<script type=\"application\/ld+json\" class=\"yoast-schema-graph\">{\"@context\":\"https:\/\/schema.org\",\"@graph\":[{\"@type\":\"WebPage\",\"@id\":\"https:\/\/www.ghostysky.com\/product\/yuhesen-dt-mid\/\",\"url\":\"https:\/\/www.ghostysky.com\/product\/yuhesen-dt-mid\/\",\"name\":\"Yuhesen DT-Mid - Ghostysky\",\"isPartOf\":{\"@id\":\"https:\/\/www.ghostysky.com\/#website\"},\"primaryImageOfPage\":{\"@id\":\"https:\/\/www.ghostysky.com\/product\/yuhesen-dt-mid\/#primaryimage\"},\"image\":{\"@id\":\"https:\/\/www.ghostysky.com\/product\/yuhesen-dt-mid\/#primaryimage\"},\"thumbnailUrl\":\"https:\/\/www.ghostysky.com\/wp-content\/uploads\/2026\/02\/GH_Yuhesen_DT_mid_1.png\",\"datePublished\":\"2026-02-25T15:37:19+00:00\",\"dateModified\":\"2026-04-12T08:35:14+00:00\",\"description\":\"The Yuhesen DT-Mid is a professional-grade, medium-sized Differential Steering Unmanned Ground Vehicle (UGV) platform. Designed by Shenzhen Yuhesen Technology, it serves as a robust foundation for industrial applications, robotics research, and autonomous navigation development.Unlike its omnidirectional \\\"FW\\\" cousins, the DT-Mid utilizes a classic differential drive system (similar to a tank or a two-wheeled robot), making it exceptionally reliable, easy to maintain, and cost-effective for straightforward mobility tasks.\",\"breadcrumb\":{\"@id\":\"https:\/\/www.ghostysky.com\/product\/yuhesen-dt-mid\/#breadcrumb\"},\"inLanguage\":\"es\",\"potentialAction\":[{\"@type\":\"ReadAction\",\"target\":[\"https:\/\/www.ghostysky.com\/product\/yuhesen-dt-mid\/\"]}]},{\"@type\":\"ImageObject\",\"inLanguage\":\"es\",\"@id\":\"https:\/\/www.ghostysky.com\/product\/yuhesen-dt-mid\/#primaryimage\",\"url\":\"https:\/\/www.ghostysky.com\/wp-content\/uploads\/2026\/02\/GH_Yuhesen_DT_mid_1.png\",\"contentUrl\":\"https:\/\/www.ghostysky.com\/wp-content\/uploads\/2026\/02\/GH_Yuhesen_DT_mid_1.png\",\"width\":300,\"height\":240},{\"@type\":\"BreadcrumbList\",\"@id\":\"https:\/\/www.ghostysky.com\/product\/yuhesen-dt-mid\/#breadcrumb\",\"itemListElement\":[{\"@type\":\"ListItem\",\"position\":1,\"name\":\"Home\",\"item\":\"https:\/\/www.ghostysky.com\/\"},{\"@type\":\"ListItem\",\"position\":2,\"name\":\"Shop\",\"item\":\"https:\/\/www.ghostysky.com\/shop\/\"},{\"@type\":\"ListItem\",\"position\":3,\"name\":\"Yuhesen DT-Mid\"}]},{\"@type\":\"WebSite\",\"@id\":\"https:\/\/www.ghostysky.com\/#website\",\"url\":\"https:\/\/www.ghostysky.com\/\",\"name\":\"Ghostysky\",\"description\":\"Delivering professional drones and services\",\"publisher\":{\"@id\":\"https:\/\/www.ghostysky.com\/#organization\"},\"potentialAction\":[{\"@type\":\"SearchAction\",\"target\":{\"@type\":\"EntryPoint\",\"urlTemplate\":\"https:\/\/www.ghostysky.com\/?s={search_term_string}\"},\"query-input\":{\"@type\":\"PropertyValueSpecification\",\"valueRequired\":true,\"valueName\":\"search_term_string\"}}],\"inLanguage\":\"es\"},{\"@type\":\"Organization\",\"@id\":\"https:\/\/www.ghostysky.com\/#organization\",\"name\":\"Ghostysky\",\"url\":\"https:\/\/www.ghostysky.com\/\",\"logo\":{\"@type\":\"ImageObject\",\"inLanguage\":\"es\",\"@id\":\"https:\/\/www.ghostysky.com\/#\/schema\/logo\/image\/\",\"url\":\"https:\/\/www.ghostysky.com\/wp-content\/uploads\/2020\/06\/cropped-ghostyskylogo_text_white2.png\",\"contentUrl\":\"https:\/\/www.ghostysky.com\/wp-content\/uploads\/2020\/06\/cropped-ghostyskylogo_text_white2.png\",\"width\":169,\"height\":56,\"caption\":\"Ghostysky\"},\"image\":{\"@id\":\"https:\/\/www.ghostysky.com\/#\/schema\/logo\/image\/\"},\"sameAs\":[\"https:\/\/www.facebook.com\/people\/Ghostysky\/100057676170234\/\",\"https:\/\/x.com\/Gh0stysky\",\"https:\/\/www.linkedin.com\/company\/34739653\",\"https:\/\/www.instagram.com\/gh0stysky\"]}]}<\/script>\n<!-- \/ Yoast SEO plugin. -->","yoast_head_json":{"title":"Yuhesen DT-Mid - Ghostysky","description":"El Yuhesen DT-Mid es una plataforma de veh\u00edculo terrestre no tripulado (UGV) de tama\u00f1o mediano y calidad profesional con direcci\u00f3n diferencial. Dise\u00f1ado por Shenzhen Yuhesen Technology, constituye una base s\u00f3lida para aplicaciones industriales, investigaci\u00f3n rob\u00f3tica y desarrollo de navegaci\u00f3n aut\u00f3noma. A diferencia de sus hom\u00f3logos omnidireccionales, el DT-Mid utiliza un sistema de transmisi\u00f3n diferencial cl\u00e1sico (similar al de un tanque o un robot de dos ruedas), lo que lo hace excepcionalmente fiable, f\u00e1cil de mantener y rentable para tareas de movilidad sencillas.","robots":{"index":"index","follow":"follow","max-snippet":"max-snippet:-1","max-image-preview":"max-image-preview:large","max-video-preview":"max-video-preview:-1"},"canonical":"https:\/\/www.ghostysky.com\/es\/producto-2\/yuhesen-dt-mid\/","og_locale":"es_ES","og_type":"article","og_title":"Yuhesen DT-Mid - Ghostysky","og_description":"The Yuhesen DT-Mid is a professional-grade, medium-sized Differential Steering Unmanned Ground Vehicle (UGV) platform. Designed by Shenzhen Yuhesen Technology, it serves as a robust foundation for industrial applications, robotics research, and autonomous navigation development.Unlike its omnidirectional \"FW\" cousins, the DT-Mid utilizes a classic differential drive system (similar to a tank or a two-wheeled robot), making it exceptionally reliable, easy to maintain, and cost-effective for straightforward mobility tasks.","og_url":"https:\/\/www.ghostysky.com\/es\/producto-2\/yuhesen-dt-mid\/","og_site_name":"Ghostysky","article_publisher":"https:\/\/www.facebook.com\/people\/Ghostysky\/100057676170234\/","article_modified_time":"2026-04-12T08:35:14+00:00","og_image":[{"width":300,"height":240,"url":"https:\/\/www.ghostysky.com\/wp-content\/uploads\/2026\/02\/GH_Yuhesen_DT_mid_1.png","type":"image\/png"}],"twitter_card":"summary_large_image","twitter_site":"@Gh0stysky","twitter_misc":{"Tiempo de lectura":"2 minutos"},"schema":{"@context":"https:\/\/schema.org","@graph":[{"@type":"WebPage","@id":"https:\/\/www.ghostysky.com\/product\/yuhesen-dt-mid\/","url":"https:\/\/www.ghostysky.com\/product\/yuhesen-dt-mid\/","name":"Yuhesen DT-Mid - Ghostysky","isPartOf":{"@id":"https:\/\/www.ghostysky.com\/#website"},"primaryImageOfPage":{"@id":"https:\/\/www.ghostysky.com\/product\/yuhesen-dt-mid\/#primaryimage"},"image":{"@id":"https:\/\/www.ghostysky.com\/product\/yuhesen-dt-mid\/#primaryimage"},"thumbnailUrl":"https:\/\/www.ghostysky.com\/wp-content\/uploads\/2026\/02\/GH_Yuhesen_DT_mid_1.png","datePublished":"2026-02-25T15:37:19+00:00","dateModified":"2026-04-12T08:35:14+00:00","description":"El Yuhesen DT-Mid es una plataforma de veh\u00edculo terrestre no tripulado (UGV) de tama\u00f1o mediano y calidad profesional con direcci\u00f3n diferencial. Dise\u00f1ado por Shenzhen Yuhesen Technology, constituye una base s\u00f3lida para aplicaciones industriales, investigaci\u00f3n rob\u00f3tica y desarrollo de navegaci\u00f3n aut\u00f3noma. A diferencia de sus hom\u00f3logos omnidireccionales, el DT-Mid utiliza un sistema de transmisi\u00f3n diferencial cl\u00e1sico (similar al de un tanque o un robot de dos ruedas), lo que lo hace excepcionalmente fiable, f\u00e1cil de mantener y rentable para tareas de movilidad sencillas.","breadcrumb":{"@id":"https:\/\/www.ghostysky.com\/product\/yuhesen-dt-mid\/#breadcrumb"},"inLanguage":"es","potentialAction":[{"@type":"ReadAction","target":["https:\/\/www.ghostysky.com\/product\/yuhesen-dt-mid\/"]}]},{"@type":"ImageObject","inLanguage":"es","@id":"https:\/\/www.ghostysky.com\/product\/yuhesen-dt-mid\/#primaryimage","url":"https:\/\/www.ghostysky.com\/wp-content\/uploads\/2026\/02\/GH_Yuhesen_DT_mid_1.png","contentUrl":"https:\/\/www.ghostysky.com\/wp-content\/uploads\/2026\/02\/GH_Yuhesen_DT_mid_1.png","width":300,"height":240},{"@type":"BreadcrumbList","@id":"https:\/\/www.ghostysky.com\/product\/yuhesen-dt-mid\/#breadcrumb","itemListElement":[{"@type":"ListItem","position":1,"name":"Home","item":"https:\/\/www.ghostysky.com\/"},{"@type":"ListItem","position":2,"name":"Shop","item":"https:\/\/www.ghostysky.com\/shop\/"},{"@type":"ListItem","position":3,"name":"Yuhesen DT-Mid"}]},{"@type":"WebSite","@id":"https:\/\/www.ghostysky.com\/#website","url":"https:\/\/www.ghostysky.com\/","name":"Ghostysky","description":"Entrega de drones y servicios profesionales","publisher":{"@id":"https:\/\/www.ghostysky.com\/#organization"},"potentialAction":[{"@type":"SearchAction","target":{"@type":"EntryPoint","urlTemplate":"https:\/\/www.ghostysky.com\/?s={search_term_string}"},"query-input":{"@type":"PropertyValueSpecification","valueRequired":true,"valueName":"search_term_string"}}],"inLanguage":"es"},{"@type":"Organization","@id":"https:\/\/www.ghostysky.com\/#organization","name":"Ghostysky","url":"https:\/\/www.ghostysky.com\/","logo":{"@type":"ImageObject","inLanguage":"es","@id":"https:\/\/www.ghostysky.com\/#\/schema\/logo\/image\/","url":"https:\/\/www.ghostysky.com\/wp-content\/uploads\/2020\/06\/cropped-ghostyskylogo_text_white2.png","contentUrl":"https:\/\/www.ghostysky.com\/wp-content\/uploads\/2020\/06\/cropped-ghostyskylogo_text_white2.png","width":169,"height":56,"caption":"Ghostysky"},"image":{"@id":"https:\/\/www.ghostysky.com\/#\/schema\/logo\/image\/"},"sameAs":["https:\/\/www.facebook.com\/people\/Ghostysky\/100057676170234\/","https:\/\/x.com\/Gh0stysky","https:\/\/www.linkedin.com\/company\/34739653","https:\/\/www.instagram.com\/gh0stysky"]}]}},"_links":{"self":[{"href":"https:\/\/www.ghostysky.com\/es\/wp-json\/wp\/v2\/product\/24306","targetHints":{"allow":["GET"]}}],"collection":[{"href":"https:\/\/www.ghostysky.com\/es\/wp-json\/wp\/v2\/product"}],"about":[{"href":"https:\/\/www.ghostysky.com\/es\/wp-json\/wp\/v2\/types\/product"}],"replies":[{"embeddable":true,"href":"https:\/\/www.ghostysky.com\/es\/wp-json\/wp\/v2\/comments?post=24306"}],"wp:featuredmedia":[{"embeddable":true,"href":"https:\/\/www.ghostysky.com\/es\/wp-json\/wp\/v2\/media\/24353"}],"wp:attachment":[{"href":"https:\/\/www.ghostysky.com\/es\/wp-json\/wp\/v2\/media?parent=24306"}],"wp:term":[{"taxonomy":"product_brand","embeddable":true,"href":"https:\/\/www.ghostysky.com\/es\/wp-json\/wp\/v2\/product_brand?post=24306"},{"taxonomy":"product_cat","embeddable":true,"href":"https:\/\/www.ghostysky.com\/es\/wp-json\/wp\/v2\/product_cat?post=24306"},{"taxonomy":"product_tag","embeddable":true,"href":"https:\/\/www.ghostysky.com\/es\/wp-json\/wp\/v2\/product_tag?post=24306"}],"curies":[{"name":"wp","href":"https:\/\/api.w.org\/{rel}","templated":true}]}}