{"id":24343,"date":"2026-02-26T16:55:09","date_gmt":"2026-02-26T16:55:09","guid":{"rendered":"https:\/\/www.ghostysky.com\/?post_type=product&#038;p=24343"},"modified":"2026-04-12T08:30:26","modified_gmt":"2026-04-12T08:30:26","slug":"yuhesen-tk-mid","status":"publish","type":"product","link":"https:\/\/www.ghostysky.com\/es\/product\/yuhesen-tk-mid\/","title":{"rendered":"Yuhesen TK-Mid"},"content":{"rendered":"<h3 data-path-to-node=\"3\">Caracter\u00edsticas clave<\/h3>\n<ul data-path-to-node=\"4\">\n<li>\n<p id=\"p-rc_9963ae45441460c6-27\" data-path-to-node=\"4,0,0\"><b data-path-to-node=\"4,0,0\" data-index-in-node=\"0\">Movilidad todoterreno:<\/b><span class=\"citation-34 citation-end-34\"> El dise\u00f1o de orugas proporciona una tracci\u00f3n superior y capacidades para cruzar obst\u00e1culos en comparaci\u00f3n con las plataformas con ruedas, lo que lo hace ideal para barro, arena y pendientes irregulares.<\/span><\/p>\n<\/li>\n<li>\n<p id=\"p-rc_9963ae45441460c6-28\" data-path-to-node=\"4,1,0\"><b data-path-to-node=\"4,1,0\" data-index-in-node=\"0\"><span class=\"citation-33\">Arquitectura modular:<\/span><\/b><span class=\"citation-33 citation-end-33\"> Dise\u00f1ado como una plataforma de desarrollo abierta, permite una f\u00e1cil integraci\u00f3n de m\u00f3dulos de nivel superior como brazos rob\u00f3ticos, c\u00e1maras PTZ, LiDAR y sensores de profundidad.<\/span><\/p>\n<\/li>\n<li>\n<p id=\"p-rc_9963ae45441460c6-29\" data-path-to-node=\"4,2,0\"><b data-path-to-node=\"4,2,0\" data-index-in-node=\"0\">Control de alta precisi\u00f3n:<\/b><span class=\"citation-32 citation-end-32\"> Utiliza algoritmos avanzados de control de movimiento para lograr respuesta y estabilidad en tiempo real durante la navegaci\u00f3n aut\u00f3noma.<\/span><\/p>\n<\/li>\n<li>\n<p id=\"p-rc_9963ae45441460c6-30\" data-path-to-node=\"4,3,0\"><b data-path-to-node=\"4,3,0\" data-index-in-node=\"0\"><span class=\"citation-31\">Seguridad y durabilidad:<\/span><\/b><span class=\"citation-31 citation-end-31\"> Cuenta con un marco de seguridad multicapa y una clasificaci\u00f3n IP65, lo que garantiza que el chasis sea resistente al agua y al polvo para uso industrial en exteriores.<\/span><\/p>\n<\/li>\n<li>\n<p data-path-to-node=\"4,4,0\"><b data-path-to-node=\"4,4,0\" data-index-in-node=\"0\">Apto para desarrolladores:<\/b> Totalmente compatible <b data-path-to-node=\"4,4,0\" data-index-in-node=\"35\">ROS\/ROS2<\/b> con los SDK y paquetes de unidades est\u00e1ndar proporcionados, lo que reduce significativamente el ciclo de I+D para los ingenieros en rob\u00f3tica.<\/p>\n<\/li>\n<\/ul>\n<h3 data-path-to-node=\"6\">Especificaciones t\u00e9cnicas<\/h3>\n<table data-path-to-node=\"7\">\n<thead>\n<tr>\n<td><strong>Caracter\u00edstica<\/strong><\/td>\n<td><strong>Especificaci\u00f3n<\/strong><\/td>\n<\/tr>\n<\/thead>\n<tbody>\n<tr>\n<td><span data-path-to-node=\"7,1,0,0\"><b data-path-to-node=\"7,1,0,0\" data-index-in-node=\"0\">Formulario de conducci\u00f3n<\/b><\/span><\/td>\n<td><span data-path-to-node=\"7,1,1,0\">Transmisi\u00f3n diferencial de orugas<\/span><\/td>\n<\/tr>\n<tr>\n<td><span data-path-to-node=\"7,2,0,0\"><b data-path-to-node=\"7,2,0,0\" data-index-in-node=\"0\">Clasificaci\u00f3n IP<\/b><\/span><\/td>\n<td><span data-path-to-node=\"7,2,1,0\">IP65 (resistente al agua y al polvo)<\/span><\/td>\n<\/tr>\n<tr>\n<td><span data-path-to-node=\"7,3,0,0\"><b data-path-to-node=\"7,3,0,0\" data-index-in-node=\"0\">\u00c1ngulo m\u00e1ximo de escalada<\/b><\/span><\/td>\n<td><span data-path-to-node=\"7,3,1,0\">15\u00b0 \u2013 20\u00b0 (dependiendo de la carga)<\/span><\/td>\n<\/tr>\n<tr>\n<td><span data-path-to-node=\"7,4,0,0\"><b data-path-to-node=\"7,4,0,0\" data-index-in-node=\"0\">Capacidad de carga \u00fatil<\/b><\/span><\/td>\n<td><span data-path-to-node=\"7,4,1,0\">Aprox. 50 kg \u2013 80 kg<\/span><\/td>\n<\/tr>\n<tr>\n<td><span data-path-to-node=\"7,5,0,0\"><b data-path-to-node=\"7,5,0,0\" data-index-in-node=\"0\">Rango de operaci\u00f3n<\/b><\/span><\/td>\n<td><span data-path-to-node=\"7,5,1,0\">~20 km (por carga)<\/span><\/td>\n<\/tr>\n<tr>\n<td><span data-path-to-node=\"7,6,0,0\"><b data-path-to-node=\"7,6,0,0\" data-index-in-node=\"0\">M\u00e1xima velocidad<\/b><\/span><\/td>\n<td><span data-path-to-node=\"7,6,1,0\">~5,4 kil\u00f3metros por hora<\/span><\/td>\n<\/tr>\n<tr>\n<td><span data-path-to-node=\"7,7,0,0\"><b data-path-to-node=\"7,7,0,0\" data-index-in-node=\"0\">Comunicaci\u00f3n<\/b><\/span><\/td>\n<td><span data-path-to-node=\"7,7,1,0\">SDK CAN 2.0B\/ROS<\/span><\/td>\n<\/tr>\n<tr>\n<td><span data-path-to-node=\"7,8,0,0\"><b data-path-to-node=\"7,8,0,0\" data-index-in-node=\"0\">Rango de temperatura<\/b><\/span><\/td>\n<td><span data-path-to-node=\"7,8,1,0\">-20\u00b0C a 50\u00b0C<\/span><\/td>\n<\/tr>\n<\/tbody>\n<\/table>\n<p>&nbsp;<\/p>\n<h3 data-path-to-node=\"9\">Aplicaciones t\u00edpicas<\/h3>\n<ul data-path-to-node=\"10\">\n<li>\n<p data-path-to-node=\"10,0,0\"><b data-path-to-node=\"10,0,0\" data-index-in-node=\"0\">Inspecci\u00f3n Industrial:<\/b> Navegaci\u00f3n por subestaciones el\u00e9ctricas o sitios de construcci\u00f3n para su monitoreo.<\/p>\n<\/li>\n<li>\n<p data-path-to-node=\"10,1,0\"><b data-path-to-node=\"10,1,0\" data-index-in-node=\"0\">Investigaci\u00f3n Aut\u00f3noma:<\/b> Prueba de SLAM (localizaci\u00f3n y mapeo simult\u00e1neos) y planificaci\u00f3n de rutas en entornos dif\u00edciles.<\/p>\n<\/li>\n<li>\n<p id=\"p-rc_9963ae45441460c6-31\" data-path-to-node=\"10,2,0\"><b data-path-to-node=\"10,2,0\" data-index-in-node=\"0\"><span class=\"citation-30\">Log\u00edstica:<\/span><\/b><span class=\"citation-30 citation-end-30\"> Transporte interior y exterior en espacios estrechos o complejos.<\/span><\/p>\n<\/li>\n<li>\n<p data-path-to-node=\"10,3,0\"><b data-path-to-node=\"10,3,0\" data-index-in-node=\"0\">Agricultura:<\/b> Adaptaci\u00f3n a las condiciones de campo para el an\u00e1lisis de suelo o monitoreo de cultivos.<\/p>\n<\/li>\n<\/ul>\n<p>&nbsp;<\/p>\n<h3 data-path-to-node=\"12\">Kits de navegaci\u00f3n compatibles<\/h3>\n<p data-path-to-node=\"13\">El TK-MID a menudo se combina con los kits especializados de Yuhesen para mejorar su autonom\u00eda:<\/p>\n<ul data-path-to-node=\"14\">\n<li>\n<p data-path-to-node=\"14,0,0\"><b data-path-to-node=\"14,0,0\" data-index-in-node=\"0\">Compa\u00f1ero del sistema operativo:<\/b> Para navegaci\u00f3n ROS1\/ROS2 e I+D.<\/p>\n<\/li>\n<li>\n<p id=\"p-rc_9963ae45441460c6-32\" data-path-to-node=\"14,1,0\"><b data-path-to-node=\"14,1,0\" data-index-in-node=\"0\"><span class=\"citation-29\">NV-Magia:<\/span><\/b><span class=\"citation-29 citation-end-29\"> Para navegaci\u00f3n aut\u00f3noma de grado industrial y mapeo a gran escala.<\/span><\/p>\n<\/li>\n<\/ul>\n<h3>Especificaciones t\u00e9cnicas<\/h3>\n<ul class=\"ul fz-20 change-li\">\n<li><strong><span class=\"tit fz-24\">Distancia al suelo: <\/span><\/strong><span class=\"note\">103 mm<\/span><\/li>\n<li><span class=\"tit fz-24\"><strong>Distancia entre ejes:<\/strong> <\/span><span class=\"note\">570 mm<\/span><\/li>\n<li><span class=\"tit fz-24\"><strong>Pista de la rueda:<\/strong> <\/span><span class=\"note\">550 mm<\/span><\/li>\n<li><span class=\"tit fz-24\"><strong>Di\u00e1metro del neum\u00e1tico:<\/strong> <\/span><span class=\"note\">224 mm<\/span><\/li>\n<li><span class=\"tit fz-24\"><strong>Motor del cubo de la rueda:<\/strong> <\/span><span class=\"note\">1000 W*2<\/span><\/li>\n<li><strong><span class=\"tit fz-24\">Bater\u00eda: <\/span><\/strong><span class=\"note\">48 V\/40 Ah (est\u00e1ndar); 48 V\/70 Ah (opcional)<\/span><\/li>\n<li><span class=\"tit fz-24\"><strong>Tiempo de carga:<\/strong> <\/span><span class=\"note\">\u22644 horas<\/span><\/li>\n<li><strong><span class=\"tit fz-24\">Adaptador de carga: <\/span><\/strong><span class=\"note\">48 V\/10 A<\/span><\/li>\n<li><strong><span class=\"tit fz-24\">Fuente de alimentaci\u00f3n: <\/span><\/strong><span class=\"note\">12 V\/15 A; 24 V\/15 A; 48 V\/10 A<\/span><\/li>\n<li><span class=\"tit fz-24\"><strong>M\u00e9todo de frenado:<\/strong> <\/span><span class=\"note\">Freno de motor<\/span><\/li>\n<li><span class=\"tit fz-24\"><strong>M\u00e9todo de estacionamiento:<\/strong> <\/span><span class=\"note\">Estacionamiento de veh\u00edculos<\/span><\/li>\n<li><span class=\"tit fz-24\"><strong>Carga \u00fatil (suelo nivelado):<\/strong> <\/span><span class=\"note\">80 kilos<\/span><\/li>\n<li><span class=\"tit fz-24\"><strong>Velocidad m\u00e1xima:<\/strong> <\/span><span class=\"note\">4,2 km\/h<\/span><\/li>\n<li><span class=\"tit fz-24\"><strong>Profundidad de vadeo:<\/strong> <\/span><span class=\"note\">100 mm<\/span><\/li>\n<li><strong><span class=\"tit fz-24\">Kilometraje operativo: <\/span><\/strong><span class=\"note\">est\u00e1ndar: 30 km (sin carga); 20 km (cargado)<\/span><\/li>\n<li><span class=\"tit fz-24\"><strong>\u00c1ngulo m\u00e1ximo de escalada:<\/strong> <\/span><span class=\"note\">30\u00b0(sin carga); 15\u00b0(con carga)<\/span><\/li>\n<li><span class=\"tit fz-24\"><strong>Alcance de obst\u00e1culos:<\/strong> <\/span><span class=\"note\">480 mm (sin carga); 250 mm (con carga)<\/span><\/li>\n<li><strong><span class=\"tit fz-24\">Altura del obst\u00e1culo: <\/span><\/strong><span class=\"note\">200 mm (sin carga); 150 mm (con carga)<\/span><\/li>\n<li><strong><span class=\"tit fz-24\">Clasificaci\u00f3n del IP: <\/span><\/strong><span class=\"note\">IP64<\/span><\/li>\n<li><strong><span class=\"tit fz-24\">Interfaz de comunicaci\u00f3n: <\/span><\/strong><span class=\"note\">CAN2.0B<\/span><\/li>\n<li><span class=\"tit fz-24\"><strong>Temperatura de funcionamiento:<\/strong> <\/span><span class=\"note\">-20~50\u2103<\/span><\/li>\n<li><span class=\"tit fz-24\"><strong>M\u00f3dulos Opcionales:<\/strong> <\/span><span class=\"note\">Kit NV-magic\/Kit OS-mate\/Kit OS-lite\/ Estaci\u00f3n de carga<\/span><\/li>\n<li><span class=\"tit fz-24\"><strong>Servicios de soporte:<\/strong> <\/span><span class=\"note\">Paquetes de unidad ROS est\u00e1ndar (SDK)\/Archivos STP\/Manual del usuario\/Soporte t\u00e9cnico en l\u00ednea<\/span><\/li>\n<li><span class=\"tit fz-24\"><strong>Notas de configuraci\u00f3n:<\/strong> <\/span><span class=\"note\">Debido a las continuas actualizaciones de nuestros productos, el producto real puede diferir de las descripciones de la p\u00e1gina web. Para obtener la informaci\u00f3n m\u00e1s reciente, contacte con nuestro ingeniero.<\/span><\/li>\n<\/ul>","protected":false},"excerpt":{"rendered":"<p data-path-to-node=\"0\"><span class=\"citation-36\">El <\/span><b data-path-to-node=\"0\" data-index-in-node=\"4\"><span class=\"citation-36\">Yuhesen TK-MID<\/span><\/b><span class=\"citation-36 citation-end-36\"> es un chasis de veh\u00edculo terrestre no tripulado (UGV) con orugas todoterreno de calidad profesional, dise\u00f1ado para entornos complejos.<\/span> <span class=\"citation-35 citation-end-35\">Es una plataforma rob\u00f3tica m\u00f3vil con orugas diferenciales que prioriza el control de movimiento de alta precisi\u00f3n y la confiabilidad de nivel automotriz.<\/span><\/p>\n<p data-path-to-node=\"1\">Desarrollado por <b data-path-to-node=\"1\" data-index-in-node=\"13\">Tecnolog\u00eda Shenzhen Yuhesen<\/b>, El TK-MID se utiliza ampliamente para inspecci\u00f3n industrial, I+D de navegaci\u00f3n aut\u00f3noma y operaciones en entornos peligrosos.<\/p>","protected":false},"featured_media":24349,"comment_status":"open","ping_status":"closed","template":"","meta":[],"product_brand":[1389],"product_cat":[1042,1037,1384,1385],"product_tag":[1392,1433,1387,1390],"class_list":{"0":"post-24343","1":"product","2":"type-product","3":"status-publish","4":"has-post-thumbnail","6":"product_brand-yuhesen","7":"product_cat-chassis","8":"product_cat-robotics","9":"product_cat-yuhesen","10":"product_cat-yuhesen-ugv-chassis","11":"product_tag-tk-mid-chassis","12":"product_tag-tracked-differential-steering-ugv","13":"product_tag-ugv","14":"product_tag-yuhesen-ugv-chassis","16":"first","17":"onbackorder","18":"taxable","19":"shipping-taxable","20":"purchasable","21":"product-type-simple"},"yoast_head":"<!-- This site is optimized with the Yoast SEO plugin v27.1.1 - https:\/\/yoast.com\/product\/yoast-seo-wordpress\/ -->\n<title>Yuhesen TK-Mid - Ghostysky<\/title>\n<meta name=\"description\" content=\"The Yuhesen TK-MID is a professional-grade, all-terrain tracked Unmanned Ground Vehicle (UGV) chassis designed for complex environments. It is a differential track mobile robot platform that prioritizes high-precision motion control and automotive-grade reliability.Developed by Shenzhen Yuhesen Technology, the TK-MID is widely used for industrial inspection, autonomous navigation R&amp;D, and hazardous environment operations.\" \/>\n<meta name=\"robots\" content=\"index, follow, max-snippet:-1, max-image-preview:large, max-video-preview:-1\" \/>\n<link rel=\"canonical\" href=\"https:\/\/www.ghostysky.com\/es\/producto-2\/yuhesen-tk-mid\/\" \/>\n<meta property=\"og:locale\" content=\"es_ES\" \/>\n<meta property=\"og:type\" content=\"article\" \/>\n<meta property=\"og:title\" content=\"Yuhesen TK-Mid - Ghostysky\" \/>\n<meta property=\"og:description\" content=\"The Yuhesen TK-MID is a professional-grade, all-terrain tracked Unmanned Ground Vehicle (UGV) chassis designed for complex environments. It is a differential track mobile robot platform that prioritizes high-precision motion control and automotive-grade reliability.Developed by Shenzhen Yuhesen Technology, the TK-MID is widely used for industrial inspection, autonomous navigation R&amp;D, and hazardous environment operations.\" \/>\n<meta property=\"og:url\" content=\"https:\/\/www.ghostysky.com\/es\/producto-2\/yuhesen-tk-mid\/\" \/>\n<meta property=\"og:site_name\" content=\"Ghostysky\" \/>\n<meta property=\"article:publisher\" content=\"https:\/\/www.facebook.com\/people\/Ghostysky\/100057676170234\/\" \/>\n<meta property=\"article:modified_time\" content=\"2026-04-12T08:30:26+00:00\" \/>\n<meta property=\"og:image\" content=\"https:\/\/www.ghostysky.com\/wp-content\/uploads\/2026\/02\/GH-Yuhesen_TK-MID_1.png\" \/>\n\t<meta property=\"og:image:width\" content=\"300\" \/>\n\t<meta property=\"og:image:height\" content=\"240\" \/>\n\t<meta property=\"og:image:type\" content=\"image\/png\" \/>\n<meta name=\"twitter:card\" content=\"summary_large_image\" \/>\n<meta name=\"twitter:site\" content=\"@Gh0stysky\" \/>\n<meta name=\"twitter:label1\" content=\"Tiempo de lectura\" \/>\n\t<meta name=\"twitter:data1\" content=\"2 minutos\" \/>\n<script type=\"application\/ld+json\" class=\"yoast-schema-graph\">{\"@context\":\"https:\/\/schema.org\",\"@graph\":[{\"@type\":\"WebPage\",\"@id\":\"https:\/\/www.ghostysky.com\/product\/yuhesen-tk-mid\/\",\"url\":\"https:\/\/www.ghostysky.com\/product\/yuhesen-tk-mid\/\",\"name\":\"Yuhesen TK-Mid - Ghostysky\",\"isPartOf\":{\"@id\":\"https:\/\/www.ghostysky.com\/#website\"},\"primaryImageOfPage\":{\"@id\":\"https:\/\/www.ghostysky.com\/product\/yuhesen-tk-mid\/#primaryimage\"},\"image\":{\"@id\":\"https:\/\/www.ghostysky.com\/product\/yuhesen-tk-mid\/#primaryimage\"},\"thumbnailUrl\":\"https:\/\/www.ghostysky.com\/wp-content\/uploads\/2026\/02\/GH-Yuhesen_TK-MID_1.png\",\"datePublished\":\"2026-02-26T16:55:09+00:00\",\"dateModified\":\"2026-04-12T08:30:26+00:00\",\"description\":\"The Yuhesen TK-MID is a professional-grade, all-terrain tracked Unmanned Ground Vehicle (UGV) chassis designed for complex environments. It is a differential track mobile robot platform that prioritizes high-precision motion control and automotive-grade reliability.Developed by Shenzhen Yuhesen Technology, the TK-MID is widely used for industrial inspection, autonomous navigation R&D, and hazardous environment operations.\",\"breadcrumb\":{\"@id\":\"https:\/\/www.ghostysky.com\/product\/yuhesen-tk-mid\/#breadcrumb\"},\"inLanguage\":\"es\",\"potentialAction\":[{\"@type\":\"ReadAction\",\"target\":[\"https:\/\/www.ghostysky.com\/product\/yuhesen-tk-mid\/\"]}]},{\"@type\":\"ImageObject\",\"inLanguage\":\"es\",\"@id\":\"https:\/\/www.ghostysky.com\/product\/yuhesen-tk-mid\/#primaryimage\",\"url\":\"https:\/\/www.ghostysky.com\/wp-content\/uploads\/2026\/02\/GH-Yuhesen_TK-MID_1.png\",\"contentUrl\":\"https:\/\/www.ghostysky.com\/wp-content\/uploads\/2026\/02\/GH-Yuhesen_TK-MID_1.png\",\"width\":300,\"height\":240},{\"@type\":\"BreadcrumbList\",\"@id\":\"https:\/\/www.ghostysky.com\/product\/yuhesen-tk-mid\/#breadcrumb\",\"itemListElement\":[{\"@type\":\"ListItem\",\"position\":1,\"name\":\"Home\",\"item\":\"https:\/\/www.ghostysky.com\/\"},{\"@type\":\"ListItem\",\"position\":2,\"name\":\"Shop\",\"item\":\"https:\/\/www.ghostysky.com\/shop\/\"},{\"@type\":\"ListItem\",\"position\":3,\"name\":\"Yuhesen TK-Mid\"}]},{\"@type\":\"WebSite\",\"@id\":\"https:\/\/www.ghostysky.com\/#website\",\"url\":\"https:\/\/www.ghostysky.com\/\",\"name\":\"Ghostysky\",\"description\":\"Delivering professional drones and services\",\"publisher\":{\"@id\":\"https:\/\/www.ghostysky.com\/#organization\"},\"potentialAction\":[{\"@type\":\"SearchAction\",\"target\":{\"@type\":\"EntryPoint\",\"urlTemplate\":\"https:\/\/www.ghostysky.com\/?s={search_term_string}\"},\"query-input\":{\"@type\":\"PropertyValueSpecification\",\"valueRequired\":true,\"valueName\":\"search_term_string\"}}],\"inLanguage\":\"es\"},{\"@type\":\"Organization\",\"@id\":\"https:\/\/www.ghostysky.com\/#organization\",\"name\":\"Ghostysky\",\"url\":\"https:\/\/www.ghostysky.com\/\",\"logo\":{\"@type\":\"ImageObject\",\"inLanguage\":\"es\",\"@id\":\"https:\/\/www.ghostysky.com\/#\/schema\/logo\/image\/\",\"url\":\"https:\/\/www.ghostysky.com\/wp-content\/uploads\/2020\/06\/cropped-ghostyskylogo_text_white2.png\",\"contentUrl\":\"https:\/\/www.ghostysky.com\/wp-content\/uploads\/2020\/06\/cropped-ghostyskylogo_text_white2.png\",\"width\":169,\"height\":56,\"caption\":\"Ghostysky\"},\"image\":{\"@id\":\"https:\/\/www.ghostysky.com\/#\/schema\/logo\/image\/\"},\"sameAs\":[\"https:\/\/www.facebook.com\/people\/Ghostysky\/100057676170234\/\",\"https:\/\/x.com\/Gh0stysky\",\"https:\/\/www.linkedin.com\/company\/34739653\",\"https:\/\/www.instagram.com\/gh0stysky\"]}]}<\/script>\n<!-- \/ Yoast SEO plugin. -->","yoast_head_json":{"title":"Yuhesen TK-Mid - Ghostysky","description":"El Yuhesen TK-MID es un chasis de veh\u00edculo terrestre no tripulado (UGV) todoterreno con orugas de calidad profesional, dise\u00f1ado para entornos complejos. Se trata de una plataforma rob\u00f3tica m\u00f3vil con orugas diferenciales que prioriza el control de movimiento de alta precisi\u00f3n y la fiabilidad propia de la automoci\u00f3n. Desarrollado por Shenzhen Yuhesen Technology, el TK-MID se utiliza ampliamente en inspecci\u00f3n industrial, I+D de navegaci\u00f3n aut\u00f3noma y operaciones en entornos peligrosos.","robots":{"index":"index","follow":"follow","max-snippet":"max-snippet:-1","max-image-preview":"max-image-preview:large","max-video-preview":"max-video-preview:-1"},"canonical":"https:\/\/www.ghostysky.com\/es\/producto-2\/yuhesen-tk-mid\/","og_locale":"es_ES","og_type":"article","og_title":"Yuhesen TK-Mid - Ghostysky","og_description":"The Yuhesen TK-MID is a professional-grade, all-terrain tracked Unmanned Ground Vehicle (UGV) chassis designed for complex environments. It is a differential track mobile robot platform that prioritizes high-precision motion control and automotive-grade reliability.Developed by Shenzhen Yuhesen Technology, the TK-MID is widely used for industrial inspection, autonomous navigation R&D, and hazardous environment operations.","og_url":"https:\/\/www.ghostysky.com\/es\/producto-2\/yuhesen-tk-mid\/","og_site_name":"Ghostysky","article_publisher":"https:\/\/www.facebook.com\/people\/Ghostysky\/100057676170234\/","article_modified_time":"2026-04-12T08:30:26+00:00","og_image":[{"width":300,"height":240,"url":"https:\/\/www.ghostysky.com\/wp-content\/uploads\/2026\/02\/GH-Yuhesen_TK-MID_1.png","type":"image\/png"}],"twitter_card":"summary_large_image","twitter_site":"@Gh0stysky","twitter_misc":{"Tiempo de lectura":"2 minutos"},"schema":{"@context":"https:\/\/schema.org","@graph":[{"@type":"WebPage","@id":"https:\/\/www.ghostysky.com\/product\/yuhesen-tk-mid\/","url":"https:\/\/www.ghostysky.com\/product\/yuhesen-tk-mid\/","name":"Yuhesen TK-Mid - Ghostysky","isPartOf":{"@id":"https:\/\/www.ghostysky.com\/#website"},"primaryImageOfPage":{"@id":"https:\/\/www.ghostysky.com\/product\/yuhesen-tk-mid\/#primaryimage"},"image":{"@id":"https:\/\/www.ghostysky.com\/product\/yuhesen-tk-mid\/#primaryimage"},"thumbnailUrl":"https:\/\/www.ghostysky.com\/wp-content\/uploads\/2026\/02\/GH-Yuhesen_TK-MID_1.png","datePublished":"2026-02-26T16:55:09+00:00","dateModified":"2026-04-12T08:30:26+00:00","description":"El Yuhesen TK-MID es un chasis de veh\u00edculo terrestre no tripulado (UGV) todoterreno con orugas de calidad profesional, dise\u00f1ado para entornos complejos. Se trata de una plataforma rob\u00f3tica m\u00f3vil con orugas diferenciales que prioriza el control de movimiento de alta precisi\u00f3n y la fiabilidad propia de la automoci\u00f3n. Desarrollado por Shenzhen Yuhesen Technology, el TK-MID se utiliza ampliamente en inspecci\u00f3n industrial, I+D de navegaci\u00f3n aut\u00f3noma y operaciones en entornos peligrosos.","breadcrumb":{"@id":"https:\/\/www.ghostysky.com\/product\/yuhesen-tk-mid\/#breadcrumb"},"inLanguage":"es","potentialAction":[{"@type":"ReadAction","target":["https:\/\/www.ghostysky.com\/product\/yuhesen-tk-mid\/"]}]},{"@type":"ImageObject","inLanguage":"es","@id":"https:\/\/www.ghostysky.com\/product\/yuhesen-tk-mid\/#primaryimage","url":"https:\/\/www.ghostysky.com\/wp-content\/uploads\/2026\/02\/GH-Yuhesen_TK-MID_1.png","contentUrl":"https:\/\/www.ghostysky.com\/wp-content\/uploads\/2026\/02\/GH-Yuhesen_TK-MID_1.png","width":300,"height":240},{"@type":"BreadcrumbList","@id":"https:\/\/www.ghostysky.com\/product\/yuhesen-tk-mid\/#breadcrumb","itemListElement":[{"@type":"ListItem","position":1,"name":"Home","item":"https:\/\/www.ghostysky.com\/"},{"@type":"ListItem","position":2,"name":"Shop","item":"https:\/\/www.ghostysky.com\/shop\/"},{"@type":"ListItem","position":3,"name":"Yuhesen TK-Mid"}]},{"@type":"WebSite","@id":"https:\/\/www.ghostysky.com\/#website","url":"https:\/\/www.ghostysky.com\/","name":"Ghostysky","description":"Entrega de drones y servicios profesionales","publisher":{"@id":"https:\/\/www.ghostysky.com\/#organization"},"potentialAction":[{"@type":"SearchAction","target":{"@type":"EntryPoint","urlTemplate":"https:\/\/www.ghostysky.com\/?s={search_term_string}"},"query-input":{"@type":"PropertyValueSpecification","valueRequired":true,"valueName":"search_term_string"}}],"inLanguage":"es"},{"@type":"Organization","@id":"https:\/\/www.ghostysky.com\/#organization","name":"Ghostysky","url":"https:\/\/www.ghostysky.com\/","logo":{"@type":"ImageObject","inLanguage":"es","@id":"https:\/\/www.ghostysky.com\/#\/schema\/logo\/image\/","url":"https:\/\/www.ghostysky.com\/wp-content\/uploads\/2020\/06\/cropped-ghostyskylogo_text_white2.png","contentUrl":"https:\/\/www.ghostysky.com\/wp-content\/uploads\/2020\/06\/cropped-ghostyskylogo_text_white2.png","width":169,"height":56,"caption":"Ghostysky"},"image":{"@id":"https:\/\/www.ghostysky.com\/#\/schema\/logo\/image\/"},"sameAs":["https:\/\/www.facebook.com\/people\/Ghostysky\/100057676170234\/","https:\/\/x.com\/Gh0stysky","https:\/\/www.linkedin.com\/company\/34739653","https:\/\/www.instagram.com\/gh0stysky"]}]}},"_links":{"self":[{"href":"https:\/\/www.ghostysky.com\/es\/wp-json\/wp\/v2\/product\/24343","targetHints":{"allow":["GET"]}}],"collection":[{"href":"https:\/\/www.ghostysky.com\/es\/wp-json\/wp\/v2\/product"}],"about":[{"href":"https:\/\/www.ghostysky.com\/es\/wp-json\/wp\/v2\/types\/product"}],"replies":[{"embeddable":true,"href":"https:\/\/www.ghostysky.com\/es\/wp-json\/wp\/v2\/comments?post=24343"}],"wp:featuredmedia":[{"embeddable":true,"href":"https:\/\/www.ghostysky.com\/es\/wp-json\/wp\/v2\/media\/24349"}],"wp:attachment":[{"href":"https:\/\/www.ghostysky.com\/es\/wp-json\/wp\/v2\/media?parent=24343"}],"wp:term":[{"taxonomy":"product_brand","embeddable":true,"href":"https:\/\/www.ghostysky.com\/es\/wp-json\/wp\/v2\/product_brand?post=24343"},{"taxonomy":"product_cat","embeddable":true,"href":"https:\/\/www.ghostysky.com\/es\/wp-json\/wp\/v2\/product_cat?post=24343"},{"taxonomy":"product_tag","embeddable":true,"href":"https:\/\/www.ghostysky.com\/es\/wp-json\/wp\/v2\/product_tag?post=24343"}],"curies":[{"name":"wp","href":"https:\/\/api.w.org\/{rel}","templated":true}]}}