{"id":24400,"date":"2026-03-08T09:22:12","date_gmt":"2026-03-08T09:22:12","guid":{"rendered":"https:\/\/www.ghostysky.com\/?post_type=product&#038;p=24400"},"modified":"2026-04-12T08:07:09","modified_gmt":"2026-04-12T08:07:09","slug":"yuhesen-mk-mid","status":"publish","type":"product","link":"https:\/\/www.ghostysky.com\/es\/product\/yuhesen-mk-mid\/","title":{"rendered":"Yuhesen MK-Mid"},"content":{"rendered":"<h3 data-path-to-node=\"3\">Caracter\u00edsticas principales y rendimiento<\/h3>\n<ul data-path-to-node=\"4\">\n<li>\n<p id=\"p-rc_1591d59c105f48ca-88\" data-path-to-node=\"4,0,0\"><b data-path-to-node=\"4,0,0\" data-index-in-node=\"0\">Maestr\u00eda todoterreno:<\/b><span class=\"citation-224\"> Equipado con un <\/span><b data-path-to-node=\"4,0,0\" data-index-in-node=\"34\"><span class=\"citation-224\">Suspensi\u00f3n independiente en las 4 ruedas<\/span><\/b><span class=\"citation-224 citation-end-224\"> y un dise\u00f1o de doble brazo A (doble horquilla), lo que le permite navegar por pendientes, obst\u00e1culos y terrenos irregulares con gran estabilidad.<\/span><\/p>\n<\/li>\n<li>\n<p id=\"p-rc_1591d59c105f48ca-89\" data-path-to-node=\"4,1,0\"><b data-path-to-node=\"4,1,0\" data-index-in-node=\"0\">Control de precisi\u00f3n:<\/b><span class=\"citation-223 citation-end-223\"> Utiliza direcci\u00f3n Ackermann en las ruedas delanteras (similar a la de un autom\u00f3vil) y tracci\u00f3n en el motor trasero, lo que proporciona un equilibrio entre estabilidad a alta velocidad y seguimiento preciso de la trayectoria.<\/span><\/p>\n<\/li>\n<li>\n<p data-path-to-node=\"4,2,0\"><b data-path-to-node=\"4,2,0\" data-index-in-node=\"0\">Arquitectura modular:<\/b> Dise\u00f1ado como una plataforma de desarrollo abierta, admite varios m\u00f3dulos de expansi\u00f3n como LiDAR, c\u00e1maras de profundidad y brazos rob\u00f3ticos.<\/p>\n<\/li>\n<li>\n<p id=\"p-rc_1591d59c105f48ca-90\" data-path-to-node=\"4,3,0\"><b data-path-to-node=\"4,3,0\" data-index-in-node=\"0\">Marco de seguridad:<\/b><span class=\"citation-222 citation-end-222\"> Cuenta con un sistema de seguridad de m\u00faltiples capas que incluye paradas de emergencia f\u00edsicas, enclavamientos de seguridad l\u00f3gicos y estacionamiento con apagado electromagn\u00e9tico.<\/span><\/p>\n<\/li>\n<\/ul>\n<h3 data-path-to-node=\"9\">Casos de uso<\/h3>\n<ul data-path-to-node=\"10\">\n<li>\n<p id=\"p-rc_1591d59c105f48ca-91\" data-path-to-node=\"10,0,0\"><b data-path-to-node=\"10,0,0\" data-index-in-node=\"0\"><span class=\"citation-221\">Automatizaci\u00f3n agr\u00edcola:<\/span><\/b><span class=\"citation-221 citation-end-221\"> Mapeo y patrullaje de huertos o terrenos agr\u00edcolas irregulares.<\/span><\/p>\n<\/li>\n<li>\n<p data-path-to-node=\"10,1,0\"><b data-path-to-node=\"10,1,0\" data-index-in-node=\"0\">Inspecci\u00f3n Industrial:<\/b> Navegaci\u00f3n por plantas de fabricaci\u00f3n o sitios de servicios p\u00fablicos al aire libre con cargas \u00fatiles de sensores pesados.<\/p>\n<\/li>\n<li>\n<p data-path-to-node=\"10,2,0\"><b data-path-to-node=\"10,2,0\" data-index-in-node=\"0\">Investigaci\u00f3n acad\u00e9mica:<\/b> Una plataforma robusta para probar ROS (sistema operativo robot) y algoritmos de conducci\u00f3n aut\u00f3noma.<\/p>\n<\/li>\n<li>\n<p id=\"p-rc_1591d59c105f48ca-92\" data-path-to-node=\"10,3,0\"><b data-path-to-node=\"10,3,0\" data-index-in-node=\"0\">Log\u00edstica:<\/b><span class=\"citation-220 citation-end-220\"> Transporte de corta distancia en espacios estrechos interiores o exteriores.<\/span><\/p>\n<\/li>\n<\/ul>\n<div class=\"box\">\n<h3 data-path-to-node=\"6\">Especificaciones t\u00e9cnicas<\/h3>\n<\/div>\n<ul class=\"ul fz-20 change-li\">\n<li><span class=\"tit fz-24\"><strong>Tama\u00f1o<\/strong>: <\/span><span class=\"note\">920 mm x 750 mm x 350 mm<\/span><\/li>\n<li><span class=\"tit fz-24\"><strong>Peso<\/strong>: <\/span><span class=\"note\">70 kilos<\/span><\/li>\n<li><span class=\"tit fz-24\"><strong>Formulario de conducci\u00f3n<\/strong>: <\/span><span class=\"note\">Direcci\u00f3n diferencial, accionamiento del motor<\/span><\/li>\n<li><span class=\"tit fz-24\"><strong>Suspensi\u00f3n<\/strong>: <\/span><span class=\"note\">Suspensi\u00f3n independiente<\/span><\/li>\n<li><span class=\"tit fz-24\"><strong>Distancia al suelo<\/strong>: <\/span><span class=\"note\">150 mm<\/span><\/li>\n<li><span class=\"tit fz-24\"><strong>Distancia entre ejes<\/strong>: <\/span><span class=\"note\">600 mm<\/span><\/li>\n<li><span class=\"tit fz-24\"><strong>Pista de rueda<\/strong>: <\/span><span class=\"note\">600 mm<\/span><\/li>\n<li><span class=\"tit fz-24\"><strong>Di\u00e1metro del neum\u00e1tico<\/strong>: <\/span><span class=\"note\">324 mm<\/span><\/li>\n<li><span class=\"tit fz-24\"><strong>Motor del cubo de la rueda<\/strong>: <\/span><span class=\"note\">400 W*4<\/span><\/li>\n<li><span class=\"tit fz-24\"><strong>Bater\u00eda<\/strong>: <\/span><span class=\"note\">48 V\/18 Ah<\/span><\/li>\n<li><span class=\"tit fz-24\"><strong>Tiempo de carga<\/strong>: <\/span><span class=\"note\">2-3 horas<\/span><\/li>\n<li><span class=\"tit fz-24\"><strong>Adaptador de carga<\/strong>: <\/span><span class=\"note\">48 V\/10 A<\/span><\/li>\n<li><span class=\"tit fz-24\"><strong>Fuente de alimentaci\u00f3n<\/strong>: <\/span><span class=\"note\">12 V\/15 A; 24 V\/15 A; 48 V\/10 A<\/span><\/li>\n<li><span class=\"tit fz-24\"><strong>M\u00e9todo de frenado<\/strong>: <\/span><span class=\"note\">Freno de motor<\/span><\/li>\n<li><span class=\"tit fz-24\"><strong>M\u00e9todo de estacionamiento<\/strong>: <\/span><span class=\"note\">Estacionamiento con apagado electromagn\u00e9tico<\/span><\/li>\n<li><span class=\"tit fz-24\"><strong>Carga \u00fatil (suelo nivelado)<\/strong>: <\/span><span class=\"note\">50 kilos<\/span><\/li>\n<li><span class=\"tit fz-24\"><strong>M\u00e1xima velocidad<\/strong>: <\/span><span class=\"note\">5,4 km\/h<\/span><\/li>\n<li><span class=\"tit fz-24\"><strong>Profundidad de vadeo<\/strong>: <\/span><span class=\"note\">120 mm<\/span><\/li>\n<li><span class=\"tit fz-24\"><strong>Kilometraje<\/strong>: <\/span><span class=\"note\">10 km (sin carga); 6 km (con carga)<\/span><\/li>\n<li><span class=\"tit fz-24\"><strong>\u00c1ngulo m\u00e1ximo de escalada<\/strong>: <\/span><span class=\"note\">30\u00b0(sin carga); 30\u00b0(con carga)<\/span><\/li>\n<li><span class=\"tit fz-24\"><strong>Ancho del tramo<\/strong>: <\/span><span class=\"note\">300 mm (sin carga); 250 mm (con carga)<\/span><\/li>\n<li><span class=\"tit fz-24\"><strong>Altura del obst\u00e1culo<\/strong>: <\/span><span class=\"note\">160 mm (sin carga); 150 mm (con carga)<\/span><\/li>\n<li><span class=\"tit fz-24\"><strong>Clasificaci\u00f3n IP<\/strong>: <\/span><span class=\"note\">IP42<\/span><\/li>\n<li><span class=\"tit fz-24\"><strong>Interfaz de comunicaci\u00f3n<\/strong>: <\/span><span class=\"note\">CAN2.0B<\/span><\/li>\n<li><span class=\"tit fz-24\"><strong>Temperatura de funcionamiento<\/strong>: <\/span><span class=\"note\">-20~50\u2103<\/span><\/li>\n<li><span class=\"tit fz-24\"><strong>M\u00f3dulos opcionales<\/strong>:<\/span><span class=\"note\">Kit NV-magic\/Kit OS-mate\/Kit OS-lite\/ Estaci\u00f3n de carga<\/span><\/li>\n<li><span class=\"tit fz-24\"><strong>Servicios de soporte<\/strong>: <\/span><span class=\"note\">Paquetes de unidad ROS est\u00e1ndar (SDK)\/Archivos STP\/Manual del usuario\/Soporte t\u00e9cnico en l\u00ednea<\/span><\/li>\n<li><span class=\"tit fz-24\"><strong>Notas de configuraci\u00f3n<\/strong>: <\/span><span class=\"note\">Debido a las continuas actualizaciones de nuestros productos, el producto real puede diferir de las descripciones de la p\u00e1gina web. Para obtener la informaci\u00f3n m\u00e1s reciente, contacte con nuestro ingeniero.<\/span><\/li>\n<\/ul>","protected":false},"excerpt":{"rendered":"<p data-path-to-node=\"0\"><span class=\"citation-226\">El <\/span><b data-path-to-node=\"0\" data-index-in-node=\"4\"><span class=\"citation-226\">Yuhesen MK-mid<\/span><\/b><span class=\"citation-226 citation-end-226\"> es un chasis rob\u00f3tico todoterreno de grado industrial dise\u00f1ado por Shenzhen Yuhesen Technology.<\/span> Es una plataforma de veh\u00edculo terrestre no tripulado (UGV) de tama\u00f1o mediano utilizada principalmente para investigaci\u00f3n, desarrollo de navegaci\u00f3n aut\u00f3noma y aplicaciones exteriores resistentes como agricultura e inspecci\u00f3n.<\/p>\n<p id=\"p-rc_1591d59c105f48ca-87\" data-path-to-node=\"1\"><span class=\"citation-225 citation-end-225\">A diferencia de los productos electr\u00f3nicos de consumo con convenciones de nombres similares, este es un robot \u201ccon direcci\u00f3n Ackermann\u201d de alto rendimiento capaz de transportar cargas \u00fatiles significativas en terrenos complejos.<\/span><\/p>","protected":false},"featured_media":24401,"comment_status":"open","ping_status":"closed","template":"","meta":[],"product_brand":[1389],"product_cat":[1042,1037,1384,1385],"product_tag":[1432,1395,1387,1390],"class_list":{"0":"post-24400","1":"product","2":"type-product","3":"status-publish","4":"has-post-thumbnail","6":"product_brand-yuhesen","7":"product_cat-chassis","8":"product_cat-robotics","9":"product_cat-yuhesen","10":"product_cat-yuhesen-ugv-chassis","11":"product_tag-ackermann-steering-ugv","12":"product_tag-mik-mid","13":"product_tag-ugv","14":"product_tag-yuhesen-ugv-chassis","16":"first","17":"onbackorder","18":"taxable","19":"shipping-taxable","20":"purchasable","21":"product-type-simple"},"yoast_head":"<!-- This site is optimized with the Yoast SEO plugin v27.1.1 - https:\/\/yoast.com\/product\/yoast-seo-wordpress\/ -->\n<title>Yuhesen MK-Mid - Ghostysky<\/title>\n<meta name=\"description\" content=\"The Yuhesen MK-mid is an industrial-grade, all-terrain robotic chassis designed by Shenzhen Yuhesen Technology. It is a mid-sized Unmanned Ground Vehicle (UGV) platform primarily used for research, autonomous navigation development, and rugged outdoor applications like agriculture and inspection.Unlike consumer electronics with similar naming conventions, this is a heavy-duty &quot;Ackermann steering&quot; robot capable of carrying significant payloads over complex terrain.\" \/>\n<meta name=\"robots\" content=\"index, follow, max-snippet:-1, max-image-preview:large, max-video-preview:-1\" \/>\n<link rel=\"canonical\" href=\"https:\/\/www.ghostysky.com\/es\/producto-2\/yuhesen-mk-mid\/\" \/>\n<meta property=\"og:locale\" content=\"es_ES\" \/>\n<meta property=\"og:type\" content=\"article\" \/>\n<meta property=\"og:title\" content=\"Yuhesen MK-Mid - Ghostysky\" \/>\n<meta property=\"og:description\" content=\"The Yuhesen MK-mid is an industrial-grade, all-terrain robotic chassis designed by Shenzhen Yuhesen Technology. It is a mid-sized Unmanned Ground Vehicle (UGV) platform primarily used for research, autonomous navigation development, and rugged outdoor applications like agriculture and inspection.Unlike consumer electronics with similar naming conventions, this is a heavy-duty &quot;Ackermann steering&quot; robot capable of carrying significant payloads over complex terrain.\" \/>\n<meta property=\"og:url\" content=\"https:\/\/www.ghostysky.com\/es\/producto-2\/yuhesen-mk-mid\/\" \/>\n<meta property=\"og:site_name\" content=\"Ghostysky\" \/>\n<meta property=\"article:publisher\" content=\"https:\/\/www.facebook.com\/people\/Ghostysky\/100057676170234\/\" \/>\n<meta property=\"article:modified_time\" content=\"2026-04-12T08:07:09+00:00\" \/>\n<meta property=\"og:image\" content=\"https:\/\/www.ghostysky.com\/wp-content\/uploads\/2026\/03\/GH_Yuhesen_MK_Mid_0.png\" \/>\n\t<meta property=\"og:image:width\" content=\"300\" \/>\n\t<meta property=\"og:image:height\" content=\"240\" \/>\n\t<meta property=\"og:image:type\" content=\"image\/png\" \/>\n<meta name=\"twitter:card\" content=\"summary_large_image\" \/>\n<meta name=\"twitter:site\" content=\"@Gh0stysky\" \/>\n<meta name=\"twitter:label1\" content=\"Tiempo de lectura\" \/>\n\t<meta name=\"twitter:data1\" content=\"2 minutos\" \/>\n<script type=\"application\/ld+json\" class=\"yoast-schema-graph\">{\"@context\":\"https:\/\/schema.org\",\"@graph\":[{\"@type\":\"WebPage\",\"@id\":\"https:\/\/www.ghostysky.com\/product\/yuhesen-mk-mid\/\",\"url\":\"https:\/\/www.ghostysky.com\/product\/yuhesen-mk-mid\/\",\"name\":\"Yuhesen MK-Mid - Ghostysky\",\"isPartOf\":{\"@id\":\"https:\/\/www.ghostysky.com\/#website\"},\"primaryImageOfPage\":{\"@id\":\"https:\/\/www.ghostysky.com\/product\/yuhesen-mk-mid\/#primaryimage\"},\"image\":{\"@id\":\"https:\/\/www.ghostysky.com\/product\/yuhesen-mk-mid\/#primaryimage\"},\"thumbnailUrl\":\"https:\/\/www.ghostysky.com\/wp-content\/uploads\/2026\/03\/GH_Yuhesen_MK_Mid_0.png\",\"datePublished\":\"2026-03-08T09:22:12+00:00\",\"dateModified\":\"2026-04-12T08:07:09+00:00\",\"description\":\"The Yuhesen MK-mid is an industrial-grade, all-terrain robotic chassis designed by Shenzhen Yuhesen Technology. It is a mid-sized Unmanned Ground Vehicle (UGV) platform primarily used for research, autonomous navigation development, and rugged outdoor applications like agriculture and inspection.Unlike consumer electronics with similar naming conventions, this is a heavy-duty \\\"Ackermann steering\\\" robot capable of carrying significant payloads over complex terrain.\",\"breadcrumb\":{\"@id\":\"https:\/\/www.ghostysky.com\/product\/yuhesen-mk-mid\/#breadcrumb\"},\"inLanguage\":\"es\",\"potentialAction\":[{\"@type\":\"ReadAction\",\"target\":[\"https:\/\/www.ghostysky.com\/product\/yuhesen-mk-mid\/\"]}]},{\"@type\":\"ImageObject\",\"inLanguage\":\"es\",\"@id\":\"https:\/\/www.ghostysky.com\/product\/yuhesen-mk-mid\/#primaryimage\",\"url\":\"https:\/\/www.ghostysky.com\/wp-content\/uploads\/2026\/03\/GH_Yuhesen_MK_Mid_0.png\",\"contentUrl\":\"https:\/\/www.ghostysky.com\/wp-content\/uploads\/2026\/03\/GH_Yuhesen_MK_Mid_0.png\",\"width\":300,\"height\":240},{\"@type\":\"BreadcrumbList\",\"@id\":\"https:\/\/www.ghostysky.com\/product\/yuhesen-mk-mid\/#breadcrumb\",\"itemListElement\":[{\"@type\":\"ListItem\",\"position\":1,\"name\":\"Home\",\"item\":\"https:\/\/www.ghostysky.com\/\"},{\"@type\":\"ListItem\",\"position\":2,\"name\":\"Shop\",\"item\":\"https:\/\/www.ghostysky.com\/shop\/\"},{\"@type\":\"ListItem\",\"position\":3,\"name\":\"Yuhesen MK-Mid\"}]},{\"@type\":\"WebSite\",\"@id\":\"https:\/\/www.ghostysky.com\/#website\",\"url\":\"https:\/\/www.ghostysky.com\/\",\"name\":\"Ghostysky\",\"description\":\"Delivering professional drones and services\",\"publisher\":{\"@id\":\"https:\/\/www.ghostysky.com\/#organization\"},\"potentialAction\":[{\"@type\":\"SearchAction\",\"target\":{\"@type\":\"EntryPoint\",\"urlTemplate\":\"https:\/\/www.ghostysky.com\/?s={search_term_string}\"},\"query-input\":{\"@type\":\"PropertyValueSpecification\",\"valueRequired\":true,\"valueName\":\"search_term_string\"}}],\"inLanguage\":\"es\"},{\"@type\":\"Organization\",\"@id\":\"https:\/\/www.ghostysky.com\/#organization\",\"name\":\"Ghostysky\",\"url\":\"https:\/\/www.ghostysky.com\/\",\"logo\":{\"@type\":\"ImageObject\",\"inLanguage\":\"es\",\"@id\":\"https:\/\/www.ghostysky.com\/#\/schema\/logo\/image\/\",\"url\":\"https:\/\/www.ghostysky.com\/wp-content\/uploads\/2020\/06\/cropped-ghostyskylogo_text_white2.png\",\"contentUrl\":\"https:\/\/www.ghostysky.com\/wp-content\/uploads\/2020\/06\/cropped-ghostyskylogo_text_white2.png\",\"width\":169,\"height\":56,\"caption\":\"Ghostysky\"},\"image\":{\"@id\":\"https:\/\/www.ghostysky.com\/#\/schema\/logo\/image\/\"},\"sameAs\":[\"https:\/\/www.facebook.com\/people\/Ghostysky\/100057676170234\/\",\"https:\/\/x.com\/Gh0stysky\",\"https:\/\/www.linkedin.com\/company\/34739653\",\"https:\/\/www.instagram.com\/gh0stysky\"]}]}<\/script>\n<!-- \/ Yoast SEO plugin. -->","yoast_head_json":{"title":"Yuhesen MK-Mid - Ghostysky","description":"El Yuhesen MK-mid es un chasis rob\u00f3tico todoterreno de grado industrial dise\u00f1ado por Shenzhen Yuhesen Technology. Se trata de una plataforma de veh\u00edculo terrestre no tripulado (UGV) de tama\u00f1o mediano, utilizada principalmente para investigaci\u00f3n, desarrollo de navegaci\u00f3n aut\u00f3noma y aplicaciones exigentes en exteriores, como agricultura e inspecci\u00f3n. A diferencia de los productos electr\u00f3nicos de consumo con nombres similares, este es un robot de alta resistencia con direcci\u00f3n Ackermann, capaz de transportar cargas significativas en terrenos complejos.","robots":{"index":"index","follow":"follow","max-snippet":"max-snippet:-1","max-image-preview":"max-image-preview:large","max-video-preview":"max-video-preview:-1"},"canonical":"https:\/\/www.ghostysky.com\/es\/producto-2\/yuhesen-mk-mid\/","og_locale":"es_ES","og_type":"article","og_title":"Yuhesen MK-Mid - Ghostysky","og_description":"The Yuhesen MK-mid is an industrial-grade, all-terrain robotic chassis designed by Shenzhen Yuhesen Technology. It is a mid-sized Unmanned Ground Vehicle (UGV) platform primarily used for research, autonomous navigation development, and rugged outdoor applications like agriculture and inspection.Unlike consumer electronics with similar naming conventions, this is a heavy-duty \"Ackermann steering\" robot capable of carrying significant payloads over complex terrain.","og_url":"https:\/\/www.ghostysky.com\/es\/producto-2\/yuhesen-mk-mid\/","og_site_name":"Ghostysky","article_publisher":"https:\/\/www.facebook.com\/people\/Ghostysky\/100057676170234\/","article_modified_time":"2026-04-12T08:07:09+00:00","og_image":[{"width":300,"height":240,"url":"https:\/\/www.ghostysky.com\/wp-content\/uploads\/2026\/03\/GH_Yuhesen_MK_Mid_0.png","type":"image\/png"}],"twitter_card":"summary_large_image","twitter_site":"@Gh0stysky","twitter_misc":{"Tiempo de lectura":"2 minutos"},"schema":{"@context":"https:\/\/schema.org","@graph":[{"@type":"WebPage","@id":"https:\/\/www.ghostysky.com\/product\/yuhesen-mk-mid\/","url":"https:\/\/www.ghostysky.com\/product\/yuhesen-mk-mid\/","name":"Yuhesen MK-Mid - Ghostysky","isPartOf":{"@id":"https:\/\/www.ghostysky.com\/#website"},"primaryImageOfPage":{"@id":"https:\/\/www.ghostysky.com\/product\/yuhesen-mk-mid\/#primaryimage"},"image":{"@id":"https:\/\/www.ghostysky.com\/product\/yuhesen-mk-mid\/#primaryimage"},"thumbnailUrl":"https:\/\/www.ghostysky.com\/wp-content\/uploads\/2026\/03\/GH_Yuhesen_MK_Mid_0.png","datePublished":"2026-03-08T09:22:12+00:00","dateModified":"2026-04-12T08:07:09+00:00","description":"El Yuhesen MK-mid es un chasis rob\u00f3tico todoterreno de grado industrial dise\u00f1ado por Shenzhen Yuhesen Technology. Se trata de una plataforma de veh\u00edculo terrestre no tripulado (UGV) de tama\u00f1o mediano, utilizada principalmente para investigaci\u00f3n, desarrollo de navegaci\u00f3n aut\u00f3noma y aplicaciones exigentes en exteriores, como agricultura e inspecci\u00f3n. A diferencia de los productos electr\u00f3nicos de consumo con nombres similares, este es un robot de alta resistencia con direcci\u00f3n Ackermann, capaz de transportar cargas significativas en terrenos complejos.","breadcrumb":{"@id":"https:\/\/www.ghostysky.com\/product\/yuhesen-mk-mid\/#breadcrumb"},"inLanguage":"es","potentialAction":[{"@type":"ReadAction","target":["https:\/\/www.ghostysky.com\/product\/yuhesen-mk-mid\/"]}]},{"@type":"ImageObject","inLanguage":"es","@id":"https:\/\/www.ghostysky.com\/product\/yuhesen-mk-mid\/#primaryimage","url":"https:\/\/www.ghostysky.com\/wp-content\/uploads\/2026\/03\/GH_Yuhesen_MK_Mid_0.png","contentUrl":"https:\/\/www.ghostysky.com\/wp-content\/uploads\/2026\/03\/GH_Yuhesen_MK_Mid_0.png","width":300,"height":240},{"@type":"BreadcrumbList","@id":"https:\/\/www.ghostysky.com\/product\/yuhesen-mk-mid\/#breadcrumb","itemListElement":[{"@type":"ListItem","position":1,"name":"Home","item":"https:\/\/www.ghostysky.com\/"},{"@type":"ListItem","position":2,"name":"Shop","item":"https:\/\/www.ghostysky.com\/shop\/"},{"@type":"ListItem","position":3,"name":"Yuhesen MK-Mid"}]},{"@type":"WebSite","@id":"https:\/\/www.ghostysky.com\/#website","url":"https:\/\/www.ghostysky.com\/","name":"Ghostysky","description":"Entrega de drones y servicios profesionales","publisher":{"@id":"https:\/\/www.ghostysky.com\/#organization"},"potentialAction":[{"@type":"SearchAction","target":{"@type":"EntryPoint","urlTemplate":"https:\/\/www.ghostysky.com\/?s={search_term_string}"},"query-input":{"@type":"PropertyValueSpecification","valueRequired":true,"valueName":"search_term_string"}}],"inLanguage":"es"},{"@type":"Organization","@id":"https:\/\/www.ghostysky.com\/#organization","name":"Ghostysky","url":"https:\/\/www.ghostysky.com\/","logo":{"@type":"ImageObject","inLanguage":"es","@id":"https:\/\/www.ghostysky.com\/#\/schema\/logo\/image\/","url":"https:\/\/www.ghostysky.com\/wp-content\/uploads\/2020\/06\/cropped-ghostyskylogo_text_white2.png","contentUrl":"https:\/\/www.ghostysky.com\/wp-content\/uploads\/2020\/06\/cropped-ghostyskylogo_text_white2.png","width":169,"height":56,"caption":"Ghostysky"},"image":{"@id":"https:\/\/www.ghostysky.com\/#\/schema\/logo\/image\/"},"sameAs":["https:\/\/www.facebook.com\/people\/Ghostysky\/100057676170234\/","https:\/\/x.com\/Gh0stysky","https:\/\/www.linkedin.com\/company\/34739653","https:\/\/www.instagram.com\/gh0stysky"]}]}},"_links":{"self":[{"href":"https:\/\/www.ghostysky.com\/es\/wp-json\/wp\/v2\/product\/24400","targetHints":{"allow":["GET"]}}],"collection":[{"href":"https:\/\/www.ghostysky.com\/es\/wp-json\/wp\/v2\/product"}],"about":[{"href":"https:\/\/www.ghostysky.com\/es\/wp-json\/wp\/v2\/types\/product"}],"replies":[{"embeddable":true,"href":"https:\/\/www.ghostysky.com\/es\/wp-json\/wp\/v2\/comments?post=24400"}],"wp:featuredmedia":[{"embeddable":true,"href":"https:\/\/www.ghostysky.com\/es\/wp-json\/wp\/v2\/media\/24401"}],"wp:attachment":[{"href":"https:\/\/www.ghostysky.com\/es\/wp-json\/wp\/v2\/media?parent=24400"}],"wp:term":[{"taxonomy":"product_brand","embeddable":true,"href":"https:\/\/www.ghostysky.com\/es\/wp-json\/wp\/v2\/product_brand?post=24400"},{"taxonomy":"product_cat","embeddable":true,"href":"https:\/\/www.ghostysky.com\/es\/wp-json\/wp\/v2\/product_cat?post=24400"},{"taxonomy":"product_tag","embeddable":true,"href":"https:\/\/www.ghostysky.com\/es\/wp-json\/wp\/v2\/product_tag?post=24400"}],"curies":[{"name":"wp","href":"https:\/\/api.w.org\/{rel}","templated":true}]}}