{"id":24430,"date":"2026-03-16T09:48:50","date_gmt":"2026-03-16T09:48:50","guid":{"rendered":"https:\/\/www.ghostysky.com\/?post_type=product&#038;p=24430"},"modified":"2026-03-16T10:00:27","modified_gmt":"2026-03-16T10:00:27","slug":"unitree-g1-edu-ultimate-e-u7","status":"publish","type":"product","link":"https:\/\/www.ghostysky.com\/es\/product\/unitree-g1-edu-ultimate-e-u7\/","title":{"rendered":"Unitree G1 EDU Ultimate E (U7)"},"content":{"rendered":"<div id=\"model-response-message-contentr_c0565deda99f03ad\" class=\"markdown markdown-main-panel stronger enable-updated-hr-color\" dir=\"ltr\">\n<div id=\"model-response-message-contentr_0f28adeca7555db0\" class=\"markdown markdown-main-panel stronger enable-updated-hr-color\" dir=\"ltr\">\n<h3 data-path-to-node=\"2\">Caracter\u00edsticas y capacidades clave<\/h3>\n<h3 data-path-to-node=\"3\">1. <span class=\"citation-190 citation-end-190\">Destreza superior (41 grados de libertad)<\/span><\/h3>\n<p id=\"p-rc_9fd72c72d79213f6-65\" data-path-to-node=\"4\">La variante U7 est\u00e1 dise\u00f1ada para manipulaciones complejas. <span class=\"citation-189 citation-end-189\">Si bien los modelos G1 b\u00e1sicos tienen un alcance limitado, el Ultimate E incluye:<\/span><\/p>\n<ul data-path-to-node=\"5\">\n<li>\n<p id=\"p-rc_9fd72c72d79213f6-66\" data-path-to-node=\"5,0,0\"><b data-path-to-node=\"5,0,0\" data-index-in-node=\"0\"><span class=\"citation-188\">Manos dobles de 5 dedos:<\/span><\/b><span class=\"citation-188\"> Equipado con <\/span><b data-path-to-node=\"5,0,0\" data-index-in-node=\"35\"><span class=\"citation-188\">BrainCo Revo 2 B\u00e1sico<\/span><\/b><span class=\"citation-188 citation-end-188\"> Manos diestras con cinco dedos.<\/span><\/p>\n<\/li>\n<li>\n<p data-path-to-node=\"5,1,0\"><b data-path-to-node=\"5,1,0\" data-index-in-node=\"0\">Profundidad de campo total:<\/b> 41 grados de libertad en todo el cuerpo (piernas: 12, cintura: 3, brazos: 14, manos: 12).<\/p>\n<\/li>\n<li>\n<p id=\"p-rc_9fd72c72d79213f6-67\" data-path-to-node=\"5,2,0\"><b data-path-to-node=\"5,2,0\" data-index-in-node=\"0\">Control de precisi\u00f3n:<\/b><span class=\"citation-187 citation-end-187\"> El control h\u00edbrido de fuerza y posici\u00f3n de alta precisi\u00f3n permite al robot manipular objetos delicados, servir bebidas o realizar tareas de laboratorio estructuradas.<\/span><\/p>\n<div class=\"source-inline-chip-container ng-star-inserted\"><\/div>\n<\/li>\n<\/ul>\n<h3 data-path-to-node=\"6\">2. Computaci\u00f3n con IA l\u00edder en la industria<\/h3>\n<p data-path-to-node=\"7\">Para gestionar el reconocimiento espacial en tiempo real y el aprendizaje por refuerzo, el U7 es una potente m\u00e1quina m\u00f3vil:<\/p>\n<ul data-path-to-node=\"8\">\n<li>\n<p id=\"p-rc_9fd72c72d79213f6-68\" data-path-to-node=\"8,0,0\"><b data-path-to-node=\"8,0,0\" data-index-in-node=\"0\"><span class=\"citation-186\">NVIDIA Jetson Orin:<\/span><\/b><span class=\"citation-186\"> Proporciona una enorme <\/span><b data-path-to-node=\"8,0,0\" data-index-in-node=\"39\"><span class=\"citation-186\">100 TOPS<\/span><\/b><span class=\"citation-186 citation-end-186\"> (Tera Operaciones por Segundo) de potencia de c\u00e1lculo de IA.<\/span><\/p>\n<\/li>\n<li>\n<p id=\"p-rc_9fd72c72d79213f6-69\" data-path-to-node=\"8,1,0\"><b data-path-to-node=\"8,1,0\" data-index-in-node=\"0\"><span class=\"citation-185\">CPU de 8 n\u00facleos:<\/span><\/b><span class=\"citation-185 citation-end-185\"> Gestiona simult\u00e1neamente la l\u00f3gica de alto nivel y el procesamiento en tiempo real.<\/span><\/p>\n<\/li>\n<li>\n<p data-path-to-node=\"8,2,0\"><b data-path-to-node=\"8,2,0\" data-index-in-node=\"0\">Soporte de UnifoLM:<\/b> Optimizado para el modelo unificado de gran tama\u00f1o del robot Unitree, lo que facilita el aprendizaje r\u00e1pido y la adaptaci\u00f3n al entorno.<\/p>\n<\/li>\n<\/ul>\n<p>&nbsp;<\/p>\n<h3 data-path-to-node=\"9\">3. Percepci\u00f3n y movimiento avanzados<\/h3>\n<ul data-path-to-node=\"10\">\n<li>\n<p id=\"p-rc_9fd72c72d79213f6-70\" data-path-to-node=\"10,0,0\"><b data-path-to-node=\"10,0,0\" data-index-in-node=\"0\"><span class=\"citation-184\">Sensores:<\/span><\/b><span class=\"citation-184\"> Cuenta con una <\/span><b data-path-to-node=\"10,0,0\" data-index-in-node=\"20\"><span class=\"citation-184\">LiDAR 3D (Livox MID-360)<\/span><\/b><span class=\"citation-184\"> para mapeo de 360\u00b0 y un <\/span><b data-path-to-node=\"10,0,0\" data-index-in-node=\"69\"><span class=\"citation-184\">C\u00e1mara de profundidad Intel RealSense<\/span><\/b><span class=\"citation-184 citation-end-184\"> para la percepci\u00f3n de profundidad visual.<\/span><\/p>\n<\/li>\n<li>\n<p id=\"p-rc_9fd72c72d79213f6-71\" data-path-to-node=\"10,1,0\"><b data-path-to-node=\"10,1,0\" data-index-in-node=\"0\"><span class=\"citation-183\">Locomoci\u00f3n din\u00e1mica:<\/span><\/b><span class=\"citation-183\"> Capaz de correr a velocidades de hasta <\/span><b data-path-to-node=\"10,1,0\" data-index-in-node=\"55\"><span class=\"citation-183\">2 m\/s<\/span><\/b><span class=\"citation-183\"> y realizar maniobras de alta agilidad (como saltar o recuperarse de ca\u00eddas) gracias a su <\/span><b data-path-to-node=\"10,1,0\" data-index-in-node=\"151\"><span class=\"citation-183\">120 N\u00b7m<\/span><\/b><span class=\"citation-183 citation-end-183\"> par m\u00e1ximo de la rodilla.<\/span><\/p>\n<\/li>\n<li>\n<p id=\"p-rc_9fd72c72d79213f6-72\" data-path-to-node=\"10,2,0\"><b data-path-to-node=\"10,2,0\" data-index-in-node=\"0\"><span class=\"citation-182\">Interacci\u00f3n de audio:<\/span><\/b><span class=\"citation-182 citation-end-182\"> Incorpora un conjunto integrado de 4 micr\u00f3fonos (con cancelaci\u00f3n de ruido) y un altavoz de 5 W para la interacci\u00f3n de voz entre humanos y robots.<\/span><\/p>\n<div class=\"source-inline-chip-container ng-star-inserted\"><\/div>\n<p>&nbsp;<\/li>\n<\/ul>\n<h3 data-path-to-node=\"12\">Especificaciones t\u00e9cnicas<\/h3>\n<table data-path-to-node=\"13\">\n<thead>\n<tr>\n<td><strong>Caracter\u00edstica<\/strong><\/td>\n<td><strong>Especificaci\u00f3n<\/strong><\/td>\n<\/tr>\n<\/thead>\n<tbody>\n<tr>\n<td><span data-path-to-node=\"13,1,0,0\"><b data-path-to-node=\"13,1,0,0\" data-index-in-node=\"0\">Altura (de pie \/ plegada)<\/b><\/span><\/td>\n<td><span data-path-to-node=\"13,1,1,0\">1,32 m \/ 0,69 m<\/span><\/td>\n<\/tr>\n<tr>\n<td><span data-path-to-node=\"13,2,0,0\"><b data-path-to-node=\"13,2,0,0\" data-index-in-node=\"0\">Peso<\/b><\/span><\/td>\n<td><span data-path-to-node=\"13,2,1,0\">~35 kg (incluida la bater\u00eda)<\/span><\/td>\n<\/tr>\n<tr>\n<td><span data-path-to-node=\"13,3,0,0\"><b data-path-to-node=\"13,3,0,0\" data-index-in-node=\"0\">Bater\u00eda<\/b><\/span><\/td>\n<td><span data-path-to-node=\"13,3,1,0\">Bater\u00eda de 9000 mAh de liberaci\u00f3n r\u00e1pida (aprox. 2 horas de autonom\u00eda)<\/span><\/td>\n<\/tr>\n<tr>\n<td><span data-path-to-node=\"13,4,0,0\"><b data-path-to-node=\"13,4,0,0\" data-index-in-node=\"0\">Carga \u00fatil del brazo<\/b><\/span><\/td>\n<td><span data-path-to-node=\"13,4,1,0\">Hasta 3 kg<\/span><\/td>\n<\/tr>\n<tr>\n<td><span data-path-to-node=\"13,5,0,0\"><b data-path-to-node=\"13,5,0,0\" data-index-in-node=\"0\">Grados de libertad (GdL)<\/b><\/span><\/td>\n<td><span data-path-to-node=\"13,5,1,0\">41 en total<\/span><\/td>\n<\/tr>\n<tr>\n<td><span data-path-to-node=\"13,6,0,0\"><b data-path-to-node=\"13,6,0,0\" data-index-in-node=\"0\">Conectividad<\/b><\/span><\/td>\n<td><span data-path-to-node=\"13,6,1,0\">Wi-Fi 6, Bluetooth 5.2<\/span><\/td>\n<\/tr>\n<tr>\n<td><span data-path-to-node=\"13,7,0,0\"><b data-path-to-node=\"13,7,0,0\" data-index-in-node=\"0\">Desarrollo secundario<\/b><\/span><\/td>\n<td><span data-path-to-node=\"13,7,1,0\">Compatibilidad total (Python, C++, ROS, Linux)<\/span><\/td>\n<\/tr>\n<\/tbody>\n<\/table>\n<p>&nbsp;<\/p>\n<p>&nbsp;<\/p>\n<h3 data-path-to-node=\"15\">\u00bfPor qu\u00e9 elegir la versi\u00f3n U7?<\/h3>\n<p data-path-to-node=\"16\">La designaci\u00f3n \u201cU7\u201d marca espec\u00edficamente esto como un <b data-path-to-node=\"16\" data-index-in-node=\"50\">variante educativa de alta gama<\/b> que cierra la brecha entre la IA te\u00f3rica y la interacci\u00f3n con el mundo f\u00edsico. Su inclusi\u00f3n de manos de 5 dedos similares a las humanas lo convierte en la opci\u00f3n preferida para los laboratorios que se centran en <b data-path-to-node=\"16\" data-index-in-node=\"249\">habilidades motoras finas<\/b>, <b data-path-to-node=\"16\" data-index-in-node=\"268\">colaboraci\u00f3n humano-robot<\/b>, y <b data-path-to-node=\"16\" data-index-in-node=\"299\">tareas de servicio aut\u00f3nomo<\/b>.<\/p>\n<\/div>\n<\/div>","protected":false},"excerpt":{"rendered":"<p><span class=\"citation-192\">El <\/span><b data-path-to-node=\"0\" data-index-in-node=\"4\"><span class=\"citation-192\">Unitree G1 EDU Ultimate E (U7)<\/span><\/b><span class=\"citation-192 citation-end-192\"> Es un robot humanoide b\u00edpedo de alto rendimiento dise\u00f1ado espec\u00edficamente para investigaci\u00f3n avanzada, desarrollo de IA y aplicaciones educativas.<\/span> <span class=\"citation-191\">Como parte del nivel \u201cUltimate\u201d de la serie G1, la configuraci\u00f3n U7 se distingue por su integraci\u00f3n de tecnolog\u00eda avanzada. <\/span><b data-path-to-node=\"0\" data-index-in-node=\"290\"><span class=\"citation-191\">Manos diestras de 5 dedos<\/span><\/b><span class=\"citation-191 citation-end-191\">, yendo m\u00e1s all\u00e1 de las pinzas b\u00e1sicas que se encuentran en los modelos est\u00e1ndar.<\/span><\/p>\n<div class=\"source-inline-chip-container ng-star-inserted\"><\/div>","protected":false},"featured_media":21524,"comment_status":"open","ping_status":"closed","template":"","meta":[],"product_brand":[1087],"product_cat":[1038,1037,1103],"product_tag":[1088,1110,1109,1105],"class_list":{"0":"post-24430","1":"product","2":"type-product","3":"status-publish","4":"has-post-thumbnail","6":"product_brand-unitree","7":"product_cat-humanoid","8":"product_cat-robotics","9":"product_cat-unitree-hum-robots","10":"product_tag-unitree","11":"product_tag-unitree-g1-robot","12":"product_tag-unitree-g1-series","13":"product_tag-unitree-humanoid","15":"first","16":"onbackorder","17":"taxable","18":"shipping-taxable","19":"purchasable","20":"product-type-simple"},"yoast_head":"<!-- This site is optimized with the Yoast SEO plugin v27.1.1 - https:\/\/yoast.com\/product\/yoast-seo-wordpress\/ -->\n<title>Unitree G1 EDU Ultimate E (U7) - Ghostysky<\/title>\n<meta name=\"description\" content=\"The Unitree G1 EDU Ultimate E (U7) is a high-performance, bipedal humanoid robot designed specifically for advanced research, AI development, and educational applications. As part of the &quot;Ultimate&quot; tier of the G1 series, the U7 configuration is distinguished by its integration of advanced 5-finger dexterous hands, moving beyond the basic grippers found on standard models.\" \/>\n<meta name=\"robots\" content=\"index, follow, max-snippet:-1, max-image-preview:large, max-video-preview:-1\" \/>\n<link rel=\"canonical\" href=\"https:\/\/www.ghostysky.com\/es\/producto-2\/unitree-g1-edu-ultimate-e-u7\/\" \/>\n<meta property=\"og:locale\" content=\"es_ES\" \/>\n<meta property=\"og:type\" content=\"article\" \/>\n<meta property=\"og:title\" content=\"Unitree G1 EDU Ultimate E (U7) - Ghostysky\" \/>\n<meta property=\"og:description\" content=\"The Unitree G1 EDU Ultimate E (U7) is a high-performance, bipedal humanoid robot designed specifically for advanced research, AI development, and educational applications. As part of the &quot;Ultimate&quot; tier of the G1 series, the U7 configuration is distinguished by its integration of advanced 5-finger dexterous hands, moving beyond the basic grippers found on standard models.\" \/>\n<meta property=\"og:url\" content=\"https:\/\/www.ghostysky.com\/es\/producto-2\/unitree-g1-edu-ultimate-e-u7\/\" \/>\n<meta property=\"og:site_name\" content=\"Ghostysky\" \/>\n<meta property=\"article:publisher\" content=\"https:\/\/www.facebook.com\/people\/Ghostysky\/100057676170234\/\" \/>\n<meta property=\"article:modified_time\" content=\"2026-03-16T10:00:27+00:00\" \/>\n<meta property=\"og:image\" content=\"https:\/\/www.ghostysky.com\/wp-content\/uploads\/2025\/10\/GH_G1-Humanoid_1.png\" \/>\n\t<meta property=\"og:image:width\" content=\"650\" \/>\n\t<meta property=\"og:image:height\" content=\"650\" \/>\n\t<meta property=\"og:image:type\" content=\"image\/png\" \/>\n<meta name=\"twitter:card\" content=\"summary_large_image\" \/>\n<meta name=\"twitter:site\" content=\"@Gh0stysky\" \/>\n<meta name=\"twitter:label1\" content=\"Tiempo de lectura\" \/>\n\t<meta name=\"twitter:data1\" content=\"2 minutos\" \/>\n<script type=\"application\/ld+json\" class=\"yoast-schema-graph\">{\"@context\":\"https:\/\/schema.org\",\"@graph\":[{\"@type\":\"WebPage\",\"@id\":\"https:\/\/www.ghostysky.com\/product\/unitree-g1-edu-ultimate-e-u7\/\",\"url\":\"https:\/\/www.ghostysky.com\/product\/unitree-g1-edu-ultimate-e-u7\/\",\"name\":\"Unitree G1 EDU Ultimate E (U7) - Ghostysky\",\"isPartOf\":{\"@id\":\"https:\/\/www.ghostysky.com\/#website\"},\"primaryImageOfPage\":{\"@id\":\"https:\/\/www.ghostysky.com\/product\/unitree-g1-edu-ultimate-e-u7\/#primaryimage\"},\"image\":{\"@id\":\"https:\/\/www.ghostysky.com\/product\/unitree-g1-edu-ultimate-e-u7\/#primaryimage\"},\"thumbnailUrl\":\"https:\/\/www.ghostysky.com\/wp-content\/uploads\/2025\/10\/GH_G1-Humanoid_1.png\",\"datePublished\":\"2026-03-16T09:48:50+00:00\",\"dateModified\":\"2026-03-16T10:00:27+00:00\",\"description\":\"The Unitree G1 EDU Ultimate E (U7) is a high-performance, bipedal humanoid robot designed specifically for advanced research, AI development, and educational applications. As part of the \\\"Ultimate\\\" tier of the G1 series, the U7 configuration is distinguished by its integration of advanced 5-finger dexterous hands, moving beyond the basic grippers found on standard models.\",\"breadcrumb\":{\"@id\":\"https:\/\/www.ghostysky.com\/product\/unitree-g1-edu-ultimate-e-u7\/#breadcrumb\"},\"inLanguage\":\"es\",\"potentialAction\":[{\"@type\":\"ReadAction\",\"target\":[\"https:\/\/www.ghostysky.com\/product\/unitree-g1-edu-ultimate-e-u7\/\"]}]},{\"@type\":\"ImageObject\",\"inLanguage\":\"es\",\"@id\":\"https:\/\/www.ghostysky.com\/product\/unitree-g1-edu-ultimate-e-u7\/#primaryimage\",\"url\":\"https:\/\/www.ghostysky.com\/wp-content\/uploads\/2025\/10\/GH_G1-Humanoid_1.png\",\"contentUrl\":\"https:\/\/www.ghostysky.com\/wp-content\/uploads\/2025\/10\/GH_G1-Humanoid_1.png\",\"width\":650,\"height\":650},{\"@type\":\"BreadcrumbList\",\"@id\":\"https:\/\/www.ghostysky.com\/product\/unitree-g1-edu-ultimate-e-u7\/#breadcrumb\",\"itemListElement\":[{\"@type\":\"ListItem\",\"position\":1,\"name\":\"Home\",\"item\":\"https:\/\/www.ghostysky.com\/\"},{\"@type\":\"ListItem\",\"position\":2,\"name\":\"Shop\",\"item\":\"https:\/\/www.ghostysky.com\/shop\/\"},{\"@type\":\"ListItem\",\"position\":3,\"name\":\"Unitree G1 EDU Ultimate E (U7)\"}]},{\"@type\":\"WebSite\",\"@id\":\"https:\/\/www.ghostysky.com\/#website\",\"url\":\"https:\/\/www.ghostysky.com\/\",\"name\":\"Ghostysky\",\"description\":\"Delivering professional drones and services\",\"publisher\":{\"@id\":\"https:\/\/www.ghostysky.com\/#organization\"},\"potentialAction\":[{\"@type\":\"SearchAction\",\"target\":{\"@type\":\"EntryPoint\",\"urlTemplate\":\"https:\/\/www.ghostysky.com\/?s={search_term_string}\"},\"query-input\":{\"@type\":\"PropertyValueSpecification\",\"valueRequired\":true,\"valueName\":\"search_term_string\"}}],\"inLanguage\":\"es\"},{\"@type\":\"Organization\",\"@id\":\"https:\/\/www.ghostysky.com\/#organization\",\"name\":\"Ghostysky\",\"url\":\"https:\/\/www.ghostysky.com\/\",\"logo\":{\"@type\":\"ImageObject\",\"inLanguage\":\"es\",\"@id\":\"https:\/\/www.ghostysky.com\/#\/schema\/logo\/image\/\",\"url\":\"https:\/\/www.ghostysky.com\/wp-content\/uploads\/2020\/06\/cropped-ghostyskylogo_text_white2.png\",\"contentUrl\":\"https:\/\/www.ghostysky.com\/wp-content\/uploads\/2020\/06\/cropped-ghostyskylogo_text_white2.png\",\"width\":169,\"height\":56,\"caption\":\"Ghostysky\"},\"image\":{\"@id\":\"https:\/\/www.ghostysky.com\/#\/schema\/logo\/image\/\"},\"sameAs\":[\"https:\/\/www.facebook.com\/people\/Ghostysky\/100057676170234\/\",\"https:\/\/x.com\/Gh0stysky\",\"https:\/\/www.linkedin.com\/company\/34739653\",\"https:\/\/www.instagram.com\/gh0stysky\"]}]}<\/script>\n<!-- \/ Yoast SEO plugin. -->","yoast_head_json":{"title":"Unitree G1 EDU Ultimate E (U7) - Ghostysky","description":"El Unitree G1 EDU Ultimate E (U7) es un robot humanoide b\u00edpedo de alto rendimiento dise\u00f1ado espec\u00edficamente para investigaci\u00f3n avanzada, desarrollo de IA y aplicaciones educativas. Como parte de la gama &quot;Ultimate&quot; de la serie G1, la configuraci\u00f3n U7 se distingue por la integraci\u00f3n de manos diestras avanzadas de cinco dedos, que van m\u00e1s all\u00e1 de las pinzas b\u00e1sicas que se encuentran en los modelos est\u00e1ndar.","robots":{"index":"index","follow":"follow","max-snippet":"max-snippet:-1","max-image-preview":"max-image-preview:large","max-video-preview":"max-video-preview:-1"},"canonical":"https:\/\/www.ghostysky.com\/es\/producto-2\/unitree-g1-edu-ultimate-e-u7\/","og_locale":"es_ES","og_type":"article","og_title":"Unitree G1 EDU Ultimate E (U7) - Ghostysky","og_description":"The Unitree G1 EDU Ultimate E (U7) is a high-performance, bipedal humanoid robot designed specifically for advanced research, AI development, and educational applications. As part of the \"Ultimate\" tier of the G1 series, the U7 configuration is distinguished by its integration of advanced 5-finger dexterous hands, moving beyond the basic grippers found on standard models.","og_url":"https:\/\/www.ghostysky.com\/es\/producto-2\/unitree-g1-edu-ultimate-e-u7\/","og_site_name":"Ghostysky","article_publisher":"https:\/\/www.facebook.com\/people\/Ghostysky\/100057676170234\/","article_modified_time":"2026-03-16T10:00:27+00:00","og_image":[{"width":650,"height":650,"url":"https:\/\/www.ghostysky.com\/wp-content\/uploads\/2025\/10\/GH_G1-Humanoid_1.png","type":"image\/png"}],"twitter_card":"summary_large_image","twitter_site":"@Gh0stysky","twitter_misc":{"Tiempo de lectura":"2 minutos"},"schema":{"@context":"https:\/\/schema.org","@graph":[{"@type":"WebPage","@id":"https:\/\/www.ghostysky.com\/product\/unitree-g1-edu-ultimate-e-u7\/","url":"https:\/\/www.ghostysky.com\/product\/unitree-g1-edu-ultimate-e-u7\/","name":"Unitree G1 EDU Ultimate E (U7) - Ghostysky","isPartOf":{"@id":"https:\/\/www.ghostysky.com\/#website"},"primaryImageOfPage":{"@id":"https:\/\/www.ghostysky.com\/product\/unitree-g1-edu-ultimate-e-u7\/#primaryimage"},"image":{"@id":"https:\/\/www.ghostysky.com\/product\/unitree-g1-edu-ultimate-e-u7\/#primaryimage"},"thumbnailUrl":"https:\/\/www.ghostysky.com\/wp-content\/uploads\/2025\/10\/GH_G1-Humanoid_1.png","datePublished":"2026-03-16T09:48:50+00:00","dateModified":"2026-03-16T10:00:27+00:00","description":"El Unitree G1 EDU Ultimate E (U7) es un robot humanoide b\u00edpedo de alto rendimiento dise\u00f1ado espec\u00edficamente para investigaci\u00f3n avanzada, desarrollo de IA y aplicaciones educativas. Como parte de la gama &quot;Ultimate&quot; de la serie G1, la configuraci\u00f3n U7 se distingue por la integraci\u00f3n de manos diestras avanzadas de cinco dedos, que van m\u00e1s all\u00e1 de las pinzas b\u00e1sicas que se encuentran en los modelos est\u00e1ndar.","breadcrumb":{"@id":"https:\/\/www.ghostysky.com\/product\/unitree-g1-edu-ultimate-e-u7\/#breadcrumb"},"inLanguage":"es","potentialAction":[{"@type":"ReadAction","target":["https:\/\/www.ghostysky.com\/product\/unitree-g1-edu-ultimate-e-u7\/"]}]},{"@type":"ImageObject","inLanguage":"es","@id":"https:\/\/www.ghostysky.com\/product\/unitree-g1-edu-ultimate-e-u7\/#primaryimage","url":"https:\/\/www.ghostysky.com\/wp-content\/uploads\/2025\/10\/GH_G1-Humanoid_1.png","contentUrl":"https:\/\/www.ghostysky.com\/wp-content\/uploads\/2025\/10\/GH_G1-Humanoid_1.png","width":650,"height":650},{"@type":"BreadcrumbList","@id":"https:\/\/www.ghostysky.com\/product\/unitree-g1-edu-ultimate-e-u7\/#breadcrumb","itemListElement":[{"@type":"ListItem","position":1,"name":"Home","item":"https:\/\/www.ghostysky.com\/"},{"@type":"ListItem","position":2,"name":"Shop","item":"https:\/\/www.ghostysky.com\/shop\/"},{"@type":"ListItem","position":3,"name":"Unitree G1 EDU Ultimate E (U7)"}]},{"@type":"WebSite","@id":"https:\/\/www.ghostysky.com\/#website","url":"https:\/\/www.ghostysky.com\/","name":"Ghostysky","description":"Entrega de drones y servicios profesionales","publisher":{"@id":"https:\/\/www.ghostysky.com\/#organization"},"potentialAction":[{"@type":"SearchAction","target":{"@type":"EntryPoint","urlTemplate":"https:\/\/www.ghostysky.com\/?s={search_term_string}"},"query-input":{"@type":"PropertyValueSpecification","valueRequired":true,"valueName":"search_term_string"}}],"inLanguage":"es"},{"@type":"Organization","@id":"https:\/\/www.ghostysky.com\/#organization","name":"Ghostysky","url":"https:\/\/www.ghostysky.com\/","logo":{"@type":"ImageObject","inLanguage":"es","@id":"https:\/\/www.ghostysky.com\/#\/schema\/logo\/image\/","url":"https:\/\/www.ghostysky.com\/wp-content\/uploads\/2020\/06\/cropped-ghostyskylogo_text_white2.png","contentUrl":"https:\/\/www.ghostysky.com\/wp-content\/uploads\/2020\/06\/cropped-ghostyskylogo_text_white2.png","width":169,"height":56,"caption":"Ghostysky"},"image":{"@id":"https:\/\/www.ghostysky.com\/#\/schema\/logo\/image\/"},"sameAs":["https:\/\/www.facebook.com\/people\/Ghostysky\/100057676170234\/","https:\/\/x.com\/Gh0stysky","https:\/\/www.linkedin.com\/company\/34739653","https:\/\/www.instagram.com\/gh0stysky"]}]}},"_links":{"self":[{"href":"https:\/\/www.ghostysky.com\/es\/wp-json\/wp\/v2\/product\/24430","targetHints":{"allow":["GET"]}}],"collection":[{"href":"https:\/\/www.ghostysky.com\/es\/wp-json\/wp\/v2\/product"}],"about":[{"href":"https:\/\/www.ghostysky.com\/es\/wp-json\/wp\/v2\/types\/product"}],"replies":[{"embeddable":true,"href":"https:\/\/www.ghostysky.com\/es\/wp-json\/wp\/v2\/comments?post=24430"}],"wp:featuredmedia":[{"embeddable":true,"href":"https:\/\/www.ghostysky.com\/es\/wp-json\/wp\/v2\/media\/21524"}],"wp:attachment":[{"href":"https:\/\/www.ghostysky.com\/es\/wp-json\/wp\/v2\/media?parent=24430"}],"wp:term":[{"taxonomy":"product_brand","embeddable":true,"href":"https:\/\/www.ghostysky.com\/es\/wp-json\/wp\/v2\/product_brand?post=24430"},{"taxonomy":"product_cat","embeddable":true,"href":"https:\/\/www.ghostysky.com\/es\/wp-json\/wp\/v2\/product_cat?post=24430"},{"taxonomy":"product_tag","embeddable":true,"href":"https:\/\/www.ghostysky.com\/es\/wp-json\/wp\/v2\/product_tag?post=24430"}],"curies":[{"name":"wp","href":"https:\/\/api.w.org\/{rel}","templated":true}]}}