{"id":24431,"date":"2026-03-16T09:50:50","date_gmt":"2026-03-16T09:50:50","guid":{"rendered":"https:\/\/www.ghostysky.com\/?post_type=product&#038;p=24431"},"modified":"2026-03-16T09:57:58","modified_gmt":"2026-03-16T09:57:58","slug":"unitree-g1-edu-ultimate-f-u8","status":"publish","type":"product","link":"https:\/\/www.ghostysky.com\/es\/product\/unitree-g1-edu-ultimate-f-u8\/","title":{"rendered":"Unitree G1 EDU Ultimate F (U8)"},"content":{"rendered":"<div id=\"model-response-message-contentr_c0565deda99f03ad\" class=\"markdown markdown-main-panel stronger enable-updated-hr-color\" dir=\"ltr\">\n<div id=\"model-response-message-contentr_0f28adeca7555db0\" class=\"markdown markdown-main-panel stronger enable-updated-hr-color\" dir=\"ltr\">\n<div id=\"model-response-message-contentr_2df5e3d7da0ab85d\" class=\"markdown markdown-main-panel stronger enable-updated-hr-color\" dir=\"ltr\">\n<h3 data-path-to-node=\"1\">Descripci\u00f3n general del producto<\/h3>\n<p id=\"p-rc_9560c1fbc6142904-74\" data-path-to-node=\"2\"><span class=\"citation-233 citation-end-233\">La versi\u00f3n Ultimate F se distingue por su m\u00e1xima articulaci\u00f3n y la inclusi\u00f3n de manos diestras de alta fidelidad.<\/span> <span class=\"citation-232\">Est\u00e1 construido sobre un marco de c\u00f3digo abierto, lo que lo convierte en la opci\u00f3n preferida para universidades de \u00e9lite y laboratorios de I+D centrados en <\/span><b data-path-to-node=\"2\" data-index-in-node=\"240\"><span class=\"citation-232\">interacci\u00f3n humano-robot (HRI)<\/span><\/b><span class=\"citation-232\"> y <\/span><b data-path-to-node=\"2\" data-index-in-node=\"274\"><span class=\"citation-232\">desarrollo de la motricidad fina<\/span><\/b><span class=\"citation-232 citation-end-232\">.<\/span><\/p>\n<div class=\"source-inline-chip-container ng-star-inserted\"><\/div>\n<p>&nbsp;<\/p>\n<h3 data-path-to-node=\"4\">Especificaciones clave y rendimiento<\/h3>\n<table data-path-to-node=\"5\">\n<thead>\n<tr>\n<td><strong>Caracter\u00edstica<\/strong><\/td>\n<td><strong>Especificaci\u00f3n<\/strong><\/td>\n<\/tr>\n<\/thead>\n<tbody>\n<tr>\n<td><span data-path-to-node=\"5,1,0,0\"><b data-path-to-node=\"5,1,0,0\" data-index-in-node=\"0\">Grados de libertad totales (GDL)<\/b><\/span><\/td>\n<td><span data-path-to-node=\"5,1,1,0\"><b data-path-to-node=\"5,1,1,0\" data-index-in-node=\"0\">41 grados de libertad<\/b> (torso y extremidades altamente articulados)<\/span><\/td>\n<\/tr>\n<tr>\n<td><span data-path-to-node=\"5,2,0,0\"><b data-path-to-node=\"5,2,0,0\" data-index-in-node=\"0\">Manos diestras<\/b><\/span><\/td>\n<td><span data-path-to-node=\"5,2,1,0\"><b data-path-to-node=\"5,2,1,0\" data-index-in-node=\"0\">2x Manos de cinco dedos BrainCo<\/b> (Versi\u00f3n Revo 2 Touch)<\/span><\/td>\n<\/tr>\n<tr>\n<td><span data-path-to-node=\"5,3,0,0\"><b data-path-to-node=\"5,3,0,0\" data-index-in-node=\"0\">Percepci\u00f3n t\u00e1ctil<\/b><\/span><\/td>\n<td><span data-path-to-node=\"5,3,1,0\">Sensores integrados para presi\u00f3n, fricci\u00f3n y direcci\u00f3n.<\/span><\/td>\n<\/tr>\n<tr>\n<td><span data-path-to-node=\"5,4,0,0\"><b data-path-to-node=\"5,4,0,0\" data-index-in-node=\"0\">Potencia de c\u00f3mputo<\/b><\/span><\/td>\n<td><span data-path-to-node=\"5,4,1,0\"><b data-path-to-node=\"5,4,1,0\" data-index-in-node=\"0\">NVIDIA Jetson Orin<\/b> (100 TOPS) + CPU de 8 n\u00facleos<\/span><\/td>\n<\/tr>\n<tr>\n<td><span data-path-to-node=\"5,5,0,0\"><b data-path-to-node=\"5,5,0,0\" data-index-in-node=\"0\">Torque de rodilla<\/b><\/span><\/td>\n<td><span data-path-to-node=\"5,5,1,0\"><b data-path-to-node=\"5,5,1,0\" data-index-in-node=\"0\">120 N\u00b7m<\/b> (Cima)<\/span><\/td>\n<\/tr>\n<tr>\n<td><span data-path-to-node=\"5,6,0,0\"><b data-path-to-node=\"5,6,0,0\" data-index-in-node=\"0\">Carga \u00fatil del brazo<\/b><\/span><\/td>\n<td><span data-path-to-node=\"5,6,1,0\"><b data-path-to-node=\"5,6,1,0\" data-index-in-node=\"0\">~3 kg<\/b> por brazo<\/span><\/td>\n<\/tr>\n<tr>\n<td><span data-path-to-node=\"5,7,0,0\"><b data-path-to-node=\"5,7,0,0\" data-index-in-node=\"0\">Velocidad al caminar<\/b><\/span><\/td>\n<td><span data-path-to-node=\"5,7,1,0\">Arriba a <b data-path-to-node=\"5,7,1,0\" data-index-in-node=\"6\">2,0 m\/s<\/b><\/span><\/td>\n<\/tr>\n<tr>\n<td><span data-path-to-node=\"5,8,0,0\"><b data-path-to-node=\"5,8,0,0\" data-index-in-node=\"0\">Resistencia<\/b><\/span><\/td>\n<td><span data-path-to-node=\"5,8,1,0\">Aproximadamente 2 horas (bater\u00eda de liberaci\u00f3n r\u00e1pida de 9000 mAh)<\/span><\/td>\n<\/tr>\n<\/tbody>\n<\/table>\n<p>&nbsp;<\/p>\n<p>&nbsp;<\/p>\n<h3 data-path-to-node=\"7\">Aspectos destacados principales<\/h3>\n<ul data-path-to-node=\"8\">\n<li>\n<p id=\"p-rc_9560c1fbc6142904-75\" data-path-to-node=\"8,0,0\"><b data-path-to-node=\"8,0,0\" data-index-in-node=\"0\"><span class=\"citation-231\">Manipulaci\u00f3n t\u00e1ctil con cinco dedos:<\/span><\/b><span class=\"citation-231\"> A diferencia de los modelos base (que utilizan pinzas simuladas) o el nivel medio (que utilizan manos de 3 dedos), el <\/span><b data-path-to-node=\"8,0,0\" data-index-in-node=\"132\"><span class=\"citation-231\">U8<\/span><\/b><span class=\"citation-231 citation-end-231\"> Incorpora manos rob\u00f3ticas de cinco dedos de BrainCo con retroalimentaci\u00f3n t\u00e1ctil.<\/span> <span class=\"citation-230 citation-end-230\">Esto permite al robot realizar tareas delicadas como soldar, usar herramientas manuales o manipular objetos fr\u00e1giles con una sensibilidad similar a la humana.<\/span><\/p>\n<\/li>\n<li>\n<p id=\"p-rc_9560c1fbc6142904-76\" data-path-to-node=\"8,1,0\"><b data-path-to-node=\"8,1,0\" data-index-in-node=\"0\"><span class=\"citation-229\">Plataforma de IA de alto razonamiento:<\/span><\/b><span class=\"citation-229 citation-end-229\"> Gracias al procesador NVIDIA Jetson Orin, el U8 admite visi\u00f3n artificial y aprendizaje profundo en tiempo real.<\/span> <span class=\"citation-228\">Est\u00e1 optimizado para Unitree. <\/span><b data-path-to-node=\"8,1,0\" data-index-in-node=\"154\"><span class=\"citation-228\">UnifoLM<\/span><\/b><span class=\"citation-228 citation-end-228\"> (Modelo Grande Unificado), lo que le permite aprender tareas mediante la imitaci\u00f3n: observar a un ser humano realizar una acci\u00f3n y replicarla.<\/span><\/p>\n<\/li>\n<li>\n<p id=\"p-rc_9560c1fbc6142904-77\" data-path-to-node=\"8,2,0\"><b data-path-to-node=\"8,2,0\" data-index-in-node=\"0\"><span class=\"citation-227\">Acceso completo al SDK:<\/span><\/b><span class=\"citation-227\"> La designaci\u00f3n EDU garantiza el acceso completo a los SDK de Python y C++, y es totalmente compatible con <\/span><b data-path-to-node=\"8,2,0\" data-index-in-node=\"116\"><span class=\"citation-227\">ROS 2<\/span><\/b><span class=\"citation-227 citation-end-227\">.<\/span> Esto permite a los investigadores sortear las limitaciones de f\u00e1brica y programar algoritmos personalizados de locomoci\u00f3n o manipulaci\u00f3n.<\/p>\n<\/li>\n<li>\n<p id=\"p-rc_9560c1fbc6142904-78\" data-path-to-node=\"8,3,0\"><b data-path-to-node=\"8,3,0\" data-index-in-node=\"0\">Dise\u00f1o robusto y \u00e1gil:<\/b> A pesar de su interior de alta tecnolog\u00eda, el U8 es f\u00edsicamente robusto. <span class=\"citation-226 citation-end-226\">Puede recuperarse de empujones importantes, subir escaleras y plegarse en una forma compacta (<\/span><span class=\"math-inline\" data-math=\"690 \\times 450 \\times 300\" data-index-in-node=\"168\">$690 \\times 450 \\times 300$<\/span><span class=\"citation-225 citation-end-225\"> mm) para facilitar el transporte.<\/span><\/p>\n<p>&nbsp;<\/li>\n<\/ul>\n<h3 data-path-to-node=\"9\">Suite de percepci\u00f3n<\/h3>\n<ul data-path-to-node=\"10\">\n<li>\n<p id=\"p-rc_9560c1fbc6142904-79\" data-path-to-node=\"10,0,0\"><b data-path-to-node=\"10,0,0\" data-index-in-node=\"0\"><span class=\"citation-224\">Intel RealSense D435<\/span><\/b><span class=\"citation-224 citation-end-224\"> C\u00e1mara de profundidad para percepci\u00f3n espacial.<\/span><\/p>\n<\/li>\n<li>\n<p id=\"p-rc_9560c1fbc6142904-80\" data-path-to-node=\"10,1,0\"><b data-path-to-node=\"10,1,0\" data-index-in-node=\"0\"><span class=\"citation-223\">LiDAR 3D LIVOX<\/span><\/b><span class=\"citation-223 citation-end-223\"> para mapeo de precisi\u00f3n y evitaci\u00f3n de obst\u00e1culos.<\/span><\/p>\n<\/li>\n<li>\n<p id=\"p-rc_9560c1fbc6142904-81\" data-path-to-node=\"10,2,0\"><b data-path-to-node=\"10,2,0\" data-index-in-node=\"0\"><span class=\"citation-222\">Conjunto de 4 micr\u00f3fonos<\/span><\/b><span class=\"citation-222 citation-end-222\"> para el procesamiento de comandos de voz y la localizaci\u00f3n de sonido.<\/span><\/p>\n<div class=\"source-inline-chip-container ng-star-inserted\"><\/div>\n<p>&nbsp;<\/li>\n<\/ul>\n<h3 data-path-to-node=\"12\">Nota comparativa: \u00bfPor qu\u00e9 el \u201cU8\u201d?<\/h3>\n<p id=\"p-rc_9560c1fbc6142904-82\" data-path-to-node=\"13\"><span class=\"citation-221\">Mientras que el <\/span><b data-path-to-node=\"13\" data-index-in-node=\"10\"><span class=\"citation-221\">Ultimate B<\/span><\/b><span class=\"citation-221\"> utiliza las manos Dex3-1 (de 3 dedos) de Unitree, <\/span><b data-path-to-node=\"13\" data-index-in-node=\"69\"><span class=\"citation-221\">Ultimate F (U8)<\/span><\/b><span class=\"citation-221\"> proporciona el <\/span><b data-path-to-node=\"13\" data-index-in-node=\"98\"><span class=\"citation-221\">Sistema BrainCo de 5 dedos<\/span><\/b><span class=\"citation-221 citation-end-221\">.<\/span> <span class=\"citation-220 citation-end-220\">Esto supone una mejora significativa para los investigadores que necesitan simular el agarre equivalente al humano y la manipulaci\u00f3n compleja de herramientas que requiere cinco puntos de contacto.<\/span><\/p>\n<\/div>\n<\/div>\n<\/div>","protected":false},"excerpt":{"rendered":"<p><span class=\"citation-235\">El <\/span><b data-path-to-node=\"0\" data-index-in-node=\"4\"><span class=\"citation-235\">Unitree G1 EDU Ultimate F (U8)<\/span><\/b><span class=\"citation-235 citation-end-235\"> Es la configuraci\u00f3n de gama alta y m\u00e1s avanzada de la serie humanoide G1.<\/span> <span class=\"citation-234\">Si bien el G1 \u201cB\u00e1sico\u201d es una plataforma de nivel b\u00e1sico, <\/span><b data-path-to-node=\"0\" data-index-in-node=\"159\"><span class=\"citation-234\">Ultimate F (U8)<\/span><\/b><span class=\"citation-234 citation-end-234\"> Es un centro de investigaci\u00f3n de alto rendimiento dise\u00f1ado espec\u00edficamente para la manipulaci\u00f3n compleja, la investigaci\u00f3n t\u00e1ctil y la IA incorporada.<\/span><\/p>","protected":false},"featured_media":21524,"comment_status":"open","ping_status":"closed","template":"","meta":[],"product_brand":[1087],"product_cat":[1038,1037,1103],"product_tag":[1088,1110,1109,1105],"class_list":{"0":"post-24431","1":"product","2":"type-product","3":"status-publish","4":"has-post-thumbnail","6":"product_brand-unitree","7":"product_cat-humanoid","8":"product_cat-robotics","9":"product_cat-unitree-hum-robots","10":"product_tag-unitree","11":"product_tag-unitree-g1-robot","12":"product_tag-unitree-g1-series","13":"product_tag-unitree-humanoid","15":"first","16":"onbackorder","17":"taxable","18":"shipping-taxable","19":"purchasable","20":"product-type-simple"},"yoast_head":"<!-- This site is optimized with the Yoast SEO plugin v27.4 - https:\/\/yoast.com\/product\/yoast-seo-wordpress\/ -->\n<title>Unitree G1 EDU Ultimate F (U8) - Ghostysky<\/title>\n<meta name=\"description\" content=\"The Unitree G1 EDU Ultimate F (U8) is the top-tier, most advanced configuration of the G1 humanoid series. While the &quot;Basic&quot; G1 is a entry-level platform, the Ultimate F (U8) is a high-performance research powerhouse specifically designed for complex manipulation, tactile research, and embodied AI.\" \/>\n<meta name=\"robots\" content=\"index, follow, max-snippet:-1, max-image-preview:large, max-video-preview:-1\" \/>\n<link rel=\"canonical\" href=\"https:\/\/www.ghostysky.com\/es\/producto-2\/unitree-g1-edu-ultimate-f-u8\/\" \/>\n<meta property=\"og:locale\" content=\"es_ES\" \/>\n<meta property=\"og:type\" content=\"article\" \/>\n<meta property=\"og:title\" content=\"Unitree G1 EDU Ultimate F (U8) - Ghostysky\" \/>\n<meta property=\"og:description\" content=\"The Unitree G1 EDU Ultimate F (U8) is the top-tier, most advanced configuration of the G1 humanoid series. While the &quot;Basic&quot; G1 is a entry-level platform, the Ultimate F (U8) is a high-performance research powerhouse specifically designed for complex manipulation, tactile research, and embodied AI.\" \/>\n<meta property=\"og:url\" content=\"https:\/\/www.ghostysky.com\/es\/producto-2\/unitree-g1-edu-ultimate-f-u8\/\" \/>\n<meta property=\"og:site_name\" content=\"Ghostysky\" \/>\n<meta property=\"article:publisher\" content=\"https:\/\/www.facebook.com\/people\/Ghostysky\/100057676170234\/\" \/>\n<meta property=\"article:modified_time\" content=\"2026-03-16T09:57:58+00:00\" \/>\n<meta property=\"og:image\" content=\"https:\/\/www.ghostysky.com\/wp-content\/uploads\/2025\/10\/GH_G1-Humanoid_1.png\" \/>\n\t<meta property=\"og:image:width\" content=\"650\" \/>\n\t<meta property=\"og:image:height\" content=\"650\" \/>\n\t<meta property=\"og:image:type\" content=\"image\/png\" \/>\n<meta name=\"twitter:card\" content=\"summary_large_image\" \/>\n<meta name=\"twitter:site\" content=\"@Gh0stysky\" \/>\n<meta name=\"twitter:label1\" content=\"Tiempo de lectura\" \/>\n\t<meta name=\"twitter:data1\" content=\"2 minutos\" \/>\n<script type=\"application\/ld+json\" class=\"yoast-schema-graph\">{\"@context\":\"https:\\\/\\\/schema.org\",\"@graph\":[{\"@type\":\"WebPage\",\"@id\":\"https:\\\/\\\/www.ghostysky.com\\\/product\\\/unitree-g1-edu-ultimate-f-u8\\\/\",\"url\":\"https:\\\/\\\/www.ghostysky.com\\\/product\\\/unitree-g1-edu-ultimate-f-u8\\\/\",\"name\":\"Unitree G1 EDU Ultimate F (U8) - Ghostysky\",\"isPartOf\":{\"@id\":\"https:\\\/\\\/www.ghostysky.com\\\/#website\"},\"primaryImageOfPage\":{\"@id\":\"https:\\\/\\\/www.ghostysky.com\\\/product\\\/unitree-g1-edu-ultimate-f-u8\\\/#primaryimage\"},\"image\":{\"@id\":\"https:\\\/\\\/www.ghostysky.com\\\/product\\\/unitree-g1-edu-ultimate-f-u8\\\/#primaryimage\"},\"thumbnailUrl\":\"https:\\\/\\\/www.ghostysky.com\\\/wp-content\\\/uploads\\\/2025\\\/10\\\/GH_G1-Humanoid_1.png\",\"datePublished\":\"2026-03-16T09:50:50+00:00\",\"dateModified\":\"2026-03-16T09:57:58+00:00\",\"description\":\"The Unitree G1 EDU Ultimate F (U8) is the top-tier, most advanced configuration of the G1 humanoid series. While the \\\"Basic\\\" G1 is a entry-level platform, the Ultimate F (U8) is a high-performance research powerhouse specifically designed for complex manipulation, tactile research, and embodied AI.\",\"breadcrumb\":{\"@id\":\"https:\\\/\\\/www.ghostysky.com\\\/product\\\/unitree-g1-edu-ultimate-f-u8\\\/#breadcrumb\"},\"inLanguage\":\"es\",\"potentialAction\":[{\"@type\":\"ReadAction\",\"target\":[\"https:\\\/\\\/www.ghostysky.com\\\/product\\\/unitree-g1-edu-ultimate-f-u8\\\/\"]}]},{\"@type\":\"ImageObject\",\"inLanguage\":\"es\",\"@id\":\"https:\\\/\\\/www.ghostysky.com\\\/product\\\/unitree-g1-edu-ultimate-f-u8\\\/#primaryimage\",\"url\":\"https:\\\/\\\/www.ghostysky.com\\\/wp-content\\\/uploads\\\/2025\\\/10\\\/GH_G1-Humanoid_1.png\",\"contentUrl\":\"https:\\\/\\\/www.ghostysky.com\\\/wp-content\\\/uploads\\\/2025\\\/10\\\/GH_G1-Humanoid_1.png\",\"width\":650,\"height\":650},{\"@type\":\"BreadcrumbList\",\"@id\":\"https:\\\/\\\/www.ghostysky.com\\\/product\\\/unitree-g1-edu-ultimate-f-u8\\\/#breadcrumb\",\"itemListElement\":[{\"@type\":\"ListItem\",\"position\":1,\"name\":\"Home\",\"item\":\"https:\\\/\\\/www.ghostysky.com\\\/\"},{\"@type\":\"ListItem\",\"position\":2,\"name\":\"Shop\",\"item\":\"https:\\\/\\\/www.ghostysky.com\\\/shop\\\/\"},{\"@type\":\"ListItem\",\"position\":3,\"name\":\"Unitree G1 EDU Ultimate F (U8)\"}]},{\"@type\":\"WebSite\",\"@id\":\"https:\\\/\\\/www.ghostysky.com\\\/#website\",\"url\":\"https:\\\/\\\/www.ghostysky.com\\\/\",\"name\":\"Ghostysky\",\"description\":\"Delivering professional drones and services\",\"publisher\":{\"@id\":\"https:\\\/\\\/www.ghostysky.com\\\/#organization\"},\"potentialAction\":[{\"@type\":\"SearchAction\",\"target\":{\"@type\":\"EntryPoint\",\"urlTemplate\":\"https:\\\/\\\/www.ghostysky.com\\\/?s={search_term_string}\"},\"query-input\":{\"@type\":\"PropertyValueSpecification\",\"valueRequired\":true,\"valueName\":\"search_term_string\"}}],\"inLanguage\":\"es\"},{\"@type\":\"Organization\",\"@id\":\"https:\\\/\\\/www.ghostysky.com\\\/#organization\",\"name\":\"Ghostysky\",\"url\":\"https:\\\/\\\/www.ghostysky.com\\\/\",\"logo\":{\"@type\":\"ImageObject\",\"inLanguage\":\"es\",\"@id\":\"https:\\\/\\\/www.ghostysky.com\\\/#\\\/schema\\\/logo\\\/image\\\/\",\"url\":\"https:\\\/\\\/www.ghostysky.com\\\/wp-content\\\/uploads\\\/2020\\\/06\\\/cropped-ghostyskylogo_text_white2.png\",\"contentUrl\":\"https:\\\/\\\/www.ghostysky.com\\\/wp-content\\\/uploads\\\/2020\\\/06\\\/cropped-ghostyskylogo_text_white2.png\",\"width\":169,\"height\":56,\"caption\":\"Ghostysky\"},\"image\":{\"@id\":\"https:\\\/\\\/www.ghostysky.com\\\/#\\\/schema\\\/logo\\\/image\\\/\"},\"sameAs\":[\"https:\\\/\\\/www.facebook.com\\\/people\\\/Ghostysky\\\/100057676170234\\\/\",\"https:\\\/\\\/x.com\\\/Gh0stysky\",\"https:\\\/\\\/www.linkedin.com\\\/company\\\/34739653\",\"https:\\\/\\\/www.instagram.com\\\/gh0stysky\"]}]}<\/script>\n<!-- \/ Yoast SEO plugin. -->","yoast_head_json":{"title":"Unitree G1 EDU Ultimate F (U8) - Ghostysky","description":"El Unitree G1 EDU Ultimate F (U8) es la configuraci\u00f3n m\u00e1s avanzada y de gama alta de la serie de robots humanoides G1. Mientras que el G1 &quot;B\u00e1sico&quot; es una plataforma de nivel b\u00e1sico, el Ultimate F (U8) es una potente herramienta de investigaci\u00f3n de alto rendimiento dise\u00f1ada espec\u00edficamente para la manipulaci\u00f3n compleja, la investigaci\u00f3n t\u00e1ctil y la inteligencia artificial integrada.","robots":{"index":"index","follow":"follow","max-snippet":"max-snippet:-1","max-image-preview":"max-image-preview:large","max-video-preview":"max-video-preview:-1"},"canonical":"https:\/\/www.ghostysky.com\/es\/producto-2\/unitree-g1-edu-ultimate-f-u8\/","og_locale":"es_ES","og_type":"article","og_title":"Unitree G1 EDU Ultimate F (U8) - Ghostysky","og_description":"The Unitree G1 EDU Ultimate F (U8) is the top-tier, most advanced configuration of the G1 humanoid series. While the \"Basic\" G1 is a entry-level platform, the Ultimate F (U8) is a high-performance research powerhouse specifically designed for complex manipulation, tactile research, and embodied AI.","og_url":"https:\/\/www.ghostysky.com\/es\/producto-2\/unitree-g1-edu-ultimate-f-u8\/","og_site_name":"Ghostysky","article_publisher":"https:\/\/www.facebook.com\/people\/Ghostysky\/100057676170234\/","article_modified_time":"2026-03-16T09:57:58+00:00","og_image":[{"width":650,"height":650,"url":"https:\/\/www.ghostysky.com\/wp-content\/uploads\/2025\/10\/GH_G1-Humanoid_1.png","type":"image\/png"}],"twitter_card":"summary_large_image","twitter_site":"@Gh0stysky","twitter_misc":{"Tiempo de lectura":"2 minutos"},"schema":{"@context":"https:\/\/schema.org","@graph":[{"@type":"WebPage","@id":"https:\/\/www.ghostysky.com\/product\/unitree-g1-edu-ultimate-f-u8\/","url":"https:\/\/www.ghostysky.com\/product\/unitree-g1-edu-ultimate-f-u8\/","name":"Unitree G1 EDU Ultimate F (U8) - Ghostysky","isPartOf":{"@id":"https:\/\/www.ghostysky.com\/#website"},"primaryImageOfPage":{"@id":"https:\/\/www.ghostysky.com\/product\/unitree-g1-edu-ultimate-f-u8\/#primaryimage"},"image":{"@id":"https:\/\/www.ghostysky.com\/product\/unitree-g1-edu-ultimate-f-u8\/#primaryimage"},"thumbnailUrl":"https:\/\/www.ghostysky.com\/wp-content\/uploads\/2025\/10\/GH_G1-Humanoid_1.png","datePublished":"2026-03-16T09:50:50+00:00","dateModified":"2026-03-16T09:57:58+00:00","description":"El Unitree G1 EDU Ultimate F (U8) es la configuraci\u00f3n m\u00e1s avanzada y de gama alta de la serie de robots humanoides G1. Mientras que el G1 &quot;B\u00e1sico&quot; es una plataforma de nivel b\u00e1sico, el Ultimate F (U8) es una potente herramienta de investigaci\u00f3n de alto rendimiento dise\u00f1ada espec\u00edficamente para la manipulaci\u00f3n compleja, la investigaci\u00f3n t\u00e1ctil y la inteligencia artificial integrada.","breadcrumb":{"@id":"https:\/\/www.ghostysky.com\/product\/unitree-g1-edu-ultimate-f-u8\/#breadcrumb"},"inLanguage":"es","potentialAction":[{"@type":"ReadAction","target":["https:\/\/www.ghostysky.com\/product\/unitree-g1-edu-ultimate-f-u8\/"]}]},{"@type":"ImageObject","inLanguage":"es","@id":"https:\/\/www.ghostysky.com\/product\/unitree-g1-edu-ultimate-f-u8\/#primaryimage","url":"https:\/\/www.ghostysky.com\/wp-content\/uploads\/2025\/10\/GH_G1-Humanoid_1.png","contentUrl":"https:\/\/www.ghostysky.com\/wp-content\/uploads\/2025\/10\/GH_G1-Humanoid_1.png","width":650,"height":650},{"@type":"BreadcrumbList","@id":"https:\/\/www.ghostysky.com\/product\/unitree-g1-edu-ultimate-f-u8\/#breadcrumb","itemListElement":[{"@type":"ListItem","position":1,"name":"Home","item":"https:\/\/www.ghostysky.com\/"},{"@type":"ListItem","position":2,"name":"Shop","item":"https:\/\/www.ghostysky.com\/shop\/"},{"@type":"ListItem","position":3,"name":"Unitree G1 EDU Ultimate F (U8)"}]},{"@type":"WebSite","@id":"https:\/\/www.ghostysky.com\/#website","url":"https:\/\/www.ghostysky.com\/","name":"Ghostysky","description":"Entrega de drones y servicios profesionales","publisher":{"@id":"https:\/\/www.ghostysky.com\/#organization"},"potentialAction":[{"@type":"SearchAction","target":{"@type":"EntryPoint","urlTemplate":"https:\/\/www.ghostysky.com\/?s={search_term_string}"},"query-input":{"@type":"PropertyValueSpecification","valueRequired":true,"valueName":"search_term_string"}}],"inLanguage":"es"},{"@type":"Organization","@id":"https:\/\/www.ghostysky.com\/#organization","name":"Ghostysky","url":"https:\/\/www.ghostysky.com\/","logo":{"@type":"ImageObject","inLanguage":"es","@id":"https:\/\/www.ghostysky.com\/#\/schema\/logo\/image\/","url":"https:\/\/www.ghostysky.com\/wp-content\/uploads\/2020\/06\/cropped-ghostyskylogo_text_white2.png","contentUrl":"https:\/\/www.ghostysky.com\/wp-content\/uploads\/2020\/06\/cropped-ghostyskylogo_text_white2.png","width":169,"height":56,"caption":"Ghostysky"},"image":{"@id":"https:\/\/www.ghostysky.com\/#\/schema\/logo\/image\/"},"sameAs":["https:\/\/www.facebook.com\/people\/Ghostysky\/100057676170234\/","https:\/\/x.com\/Gh0stysky","https:\/\/www.linkedin.com\/company\/34739653","https:\/\/www.instagram.com\/gh0stysky"]}]}},"_links":{"self":[{"href":"https:\/\/www.ghostysky.com\/es\/wp-json\/wp\/v2\/product\/24431","targetHints":{"allow":["GET"]}}],"collection":[{"href":"https:\/\/www.ghostysky.com\/es\/wp-json\/wp\/v2\/product"}],"about":[{"href":"https:\/\/www.ghostysky.com\/es\/wp-json\/wp\/v2\/types\/product"}],"replies":[{"embeddable":true,"href":"https:\/\/www.ghostysky.com\/es\/wp-json\/wp\/v2\/comments?post=24431"}],"version-history":[{"count":0,"href":"https:\/\/www.ghostysky.com\/es\/wp-json\/wp\/v2\/product\/24431\/revisions"}],"wp:featuredmedia":[{"embeddable":true,"href":"https:\/\/www.ghostysky.com\/es\/wp-json\/wp\/v2\/media\/21524"}],"wp:attachment":[{"href":"https:\/\/www.ghostysky.com\/es\/wp-json\/wp\/v2\/media?parent=24431"}],"wp:term":[{"taxonomy":"product_brand","embeddable":true,"href":"https:\/\/www.ghostysky.com\/es\/wp-json\/wp\/v2\/product_brand?post=24431"},{"taxonomy":"product_cat","embeddable":true,"href":"https:\/\/www.ghostysky.com\/es\/wp-json\/wp\/v2\/product_cat?post=24431"},{"taxonomy":"product_tag","embeddable":true,"href":"https:\/\/www.ghostysky.com\/es\/wp-json\/wp\/v2\/product_tag?post=24431"}],"curies":[{"name":"wp","href":"https:\/\/api.w.org\/{rel}","templated":true}]}}