{"id":24432,"date":"2026-03-16T10:01:56","date_gmt":"2026-03-16T10:01:56","guid":{"rendered":"https:\/\/www.ghostysky.com\/?post_type=product&#038;p=24432"},"modified":"2026-03-16T10:37:57","modified_gmt":"2026-03-16T10:37:57","slug":"unitre-g1-edu-professional-b-u10","status":"publish","type":"product","link":"https:\/\/www.ghostysky.com\/es\/product\/unitre-g1-edu-professional-b-u10\/","title":{"rendered":"Unitre G1 EDU Profesional B (U10)"},"content":{"rendered":"<div id=\"model-response-message-contentr_c0565deda99f03ad\" class=\"markdown markdown-main-panel stronger enable-updated-hr-color\" dir=\"ltr\">\n<div id=\"model-response-message-contentr_0f28adeca7555db0\" class=\"markdown markdown-main-panel stronger enable-updated-hr-color\" dir=\"ltr\">\n<h3 data-path-to-node=\"2\">Especificaciones principales y rendimiento<\/h3>\n<p id=\"p-rc_b9e67be1ec2dad1c-95\" data-path-to-node=\"3\"><span class=\"citation-321 citation-end-321\">El U10 destaca por su equilibrio entre potencia y articulaci\u00f3n con un alto grado de libertad (DoF), lo que le permite realizar movimientos que imitan o incluso superan las capacidades humanas.<\/span><\/p>\n<table data-path-to-node=\"4\">\n<thead>\n<tr>\n<td><strong>Caracter\u00edstica<\/strong><\/td>\n<td><strong>Especificaci\u00f3n<\/strong><\/td>\n<\/tr>\n<\/thead>\n<tbody>\n<tr>\n<td><span data-path-to-node=\"4,1,0,0\"><b data-path-to-node=\"4,1,0,0\" data-index-in-node=\"0\">Grados de libertad totales<\/b><\/span><\/td>\n<td><span data-path-to-node=\"4,1,1,0\"><b data-path-to-node=\"4,1,1,0\" data-index-in-node=\"0\">De 35 a 37 grados de libertad<\/b> (dependiendo de la configuraci\u00f3n espec\u00edfica)<\/span><\/td>\n<\/tr>\n<tr>\n<td><span data-path-to-node=\"4,2,0,0\"><b data-path-to-node=\"4,2,0,0\" data-index-in-node=\"0\">Altura (de pie)<\/b><\/span><\/td>\n<td><span data-path-to-node=\"4,2,1,0\">1320 mm (aprox. 4&#039;4\u2033)<\/span><\/td>\n<\/tr>\n<tr>\n<td><span data-path-to-node=\"4,3,0,0\"><b data-path-to-node=\"4,3,0,0\" data-index-in-node=\"0\">Peso<\/b><\/span><\/td>\n<td><span data-path-to-node=\"4,3,1,0\">~35 kg (incluida la bater\u00eda)<\/span><\/td>\n<\/tr>\n<tr>\n<td><span data-path-to-node=\"4,4,0,0\"><b data-path-to-node=\"4,4,0,0\" data-index-in-node=\"0\">Torque de la articulaci\u00f3n de la rodilla<\/b><\/span><\/td>\n<td><span data-path-to-node=\"4,4,1,0\">120 N\u00b7m (m\u00e1x.)<\/span><\/td>\n<\/tr>\n<tr>\n<td><span data-path-to-node=\"4,5,0,0\"><b data-path-to-node=\"4,5,0,0\" data-index-in-node=\"0\">Carga \u00fatil del brazo<\/b><\/span><\/td>\n<td><span data-path-to-node=\"4,5,1,0\">~3 kg<\/span><\/td>\n<\/tr>\n<tr>\n<td><span data-path-to-node=\"4,6,0,0\"><b data-path-to-node=\"4,6,0,0\" data-index-in-node=\"0\">Duraci\u00f3n de la bater\u00eda<\/b><\/span><\/td>\n<td><span data-path-to-node=\"4,6,1,0\">Aproximadamente 2 horas (bater\u00eda de liberaci\u00f3n r\u00e1pida de 9000 mAh)<\/span><\/td>\n<\/tr>\n<tr>\n<td><span data-path-to-node=\"4,7,0,0\"><b data-path-to-node=\"4,7,0,0\" data-index-in-node=\"0\">M\u00e1xima velocidad<\/b><\/span><\/td>\n<td><span data-path-to-node=\"4,7,1,0\">2 m\/s<\/span><\/td>\n<\/tr>\n<\/tbody>\n<\/table>\n<p>&nbsp;<\/p>\n<p>&nbsp;<\/p>\n<h3 data-path-to-node=\"6\">Aspectos t\u00e9cnicos clave<\/h3>\n<ul data-path-to-node=\"7\">\n<li>\n<p id=\"p-rc_b9e67be1ec2dad1c-96\" data-path-to-node=\"7,0,0\"><b data-path-to-node=\"7,0,0\" data-index-in-node=\"0\"><span class=\"citation-320\">Manipulaci\u00f3n diestra:<\/span><\/b><span class=\"citation-320\"> El U10 normalmente est\u00e1 equipado con <\/span><b data-path-to-node=\"7,0,0\" data-index-in-node=\"59\"><span class=\"citation-320\">dos manos de cinco dedos de BrainCo<\/span><\/b><span class=\"citation-320\"> (Revo 2 B\u00e1sico) o <\/span><b data-path-to-node=\"7,0,0\" data-index-in-node=\"107\"><span class=\"citation-320\">Manos de tres dedos controladas por fuerza Dex3-1<\/span><\/b><span class=\"citation-320 citation-end-320\">.<\/span> <span class=\"citation-319 citation-end-319\">Entre estas caracter\u00edsticas se incluyen sensores t\u00e1ctiles que permiten al robot manipular objetos delicados, como un huevo, o realizar tareas precisas con herramientas.<\/span><\/p>\n<\/li>\n<li>\n<p id=\"p-rc_b9e67be1ec2dad1c-97\" data-path-to-node=\"7,1,0\"><b data-path-to-node=\"7,1,0\" data-index-in-node=\"0\">Inteligencia a bordo:<\/b><span class=\"citation-318\"> Presenta una mejora masiva en la potencia de c\u00e1lculo a trav\u00e9s de la <\/span><b data-path-to-node=\"7,1,0\" data-index-in-node=\"79\"><span class=\"citation-318\">NVIDIA Jetson Orin<\/span><\/b><span class=\"citation-318\"> m\u00f3dulo, proporcionando hasta <\/span><b data-path-to-node=\"7,1,0\" data-index-in-node=\"122\"><span class=\"citation-318\">100 TOPS<\/span><\/b><span class=\"citation-318 citation-end-318\"> del rendimiento de la IA.<\/span> Esto permite el aprendizaje por refuerzo en tiempo real y el procesamiento de redes neuronales complejas directamente en la unidad.<\/p>\n<\/li>\n<li>\n<p id=\"p-rc_b9e67be1ec2dad1c-98\" data-path-to-node=\"7,2,0\"><b data-path-to-node=\"7,2,0\" data-index-in-node=\"0\"><span class=\"citation-317\">Percepci\u00f3n de espectro completo:<\/span><\/b><span class=\"citation-317\"> La \u201ccabeza\u201d sirve como un centro de sensores, integrando un <\/span><b data-path-to-node=\"7,2,0\" data-index-in-node=\"75\"><span class=\"citation-317\">Lidar 3D Livox MID-360<\/span><\/b><span class=\"citation-317\"> para mapeo ambiental de 360\u00b0 y un <\/span><b data-path-to-node=\"7,2,0\" data-index-in-node=\"136\"><span class=\"citation-317\">C\u00e1mara de profundidad Intel RealSense<\/span><\/b><span class=\"citation-317 citation-end-317\"> para evitar obst\u00e1culos y reconocer objetos.<\/span><\/p>\n<\/li>\n<li>\n<p id=\"p-rc_b9e67be1ec2dad1c-99\" data-path-to-node=\"7,3,0\"><b data-path-to-node=\"7,3,0\" data-index-in-node=\"0\">Movilidad avanzada:<\/b><span class=\"citation-316 citation-end-316\"> Adem\u00e1s de permitir caminar, la serie G1 EDU es conocida por su amplio espacio de movimiento articular, lo que le permite realizar sentadillas, rodar y recuperarse de ca\u00eddas con gran agilidad.<\/span><\/p>\n<p>&nbsp;<\/li>\n<\/ul>\n<h3 data-path-to-node=\"8\">Enfoque en desarrolladores y educaci\u00f3n<\/h3>\n<p id=\"p-rc_b9e67be1ec2dad1c-100\" data-path-to-node=\"9\"><span class=\"citation-315 citation-end-315\">La U10 es una plataforma abierta, lo que la convierte en una de las favoritas para la investigaci\u00f3n en &quot;Inteligencia Artificial Encarnada&quot;:<\/span><\/p>\n<ul data-path-to-node=\"10\">\n<li>\n<p id=\"p-rc_b9e67be1ec2dad1c-101\" data-path-to-node=\"10,0,0\"><b data-path-to-node=\"10,0,0\" data-index-in-node=\"0\">Desarrollo secundario:<\/b><span class=\"citation-314 citation-end-314\"> Acceso completo a los SDK de alto y bajo nivel.<\/span><\/p>\n<\/li>\n<li>\n<p id=\"p-rc_b9e67be1ec2dad1c-102\" data-path-to-node=\"10,1,0\"><b data-path-to-node=\"10,1,0\" data-index-in-node=\"0\">Soporte de software:<\/b><span class=\"citation-313\"> Integraci\u00f3n nativa con <\/span><b data-path-to-node=\"10,1,0\" data-index-in-node=\"42\"><span class=\"citation-313\">ROS \/ ROS 2<\/span><\/b><span class=\"citation-313 citation-end-313\"> y Python, lo que permite a los investigadores programar algoritmos personalizados de marcha, equilibrio y manipulaci\u00f3n.<\/span><\/p>\n<\/li>\n<li>\n<p id=\"p-rc_b9e67be1ec2dad1c-103\" data-path-to-node=\"10,2,0\"><b data-path-to-node=\"10,2,0\" data-index-in-node=\"0\"><span class=\"citation-312\">Dise\u00f1o:<\/span><\/b><span class=\"citation-312 citation-end-312\"> Incorpora un sistema de &quot;enrutamiento el\u00e9ctrico hueco con juntas completas&quot;, lo que significa que todos los cables son internos, protegiendo el cableado durante maniobras complejas y proporcionando una est\u00e9tica limpia y profesional.<\/span><\/p>\n<div class=\"source-inline-chip-container ng-star-inserted\"><\/div>\n<\/li>\n<\/ul>\n<h3 data-path-to-node=\"11\">Mejores casos de uso<\/h3>\n<ul data-path-to-node=\"12\">\n<li>\n<p id=\"p-rc_b9e67be1ec2dad1c-104\" data-path-to-node=\"12,0,0\"><b data-path-to-node=\"12,0,0\" data-index-in-node=\"0\">Laboratorios Universitarios:<\/b><span class=\"citation-311 citation-end-311 interactive-span-hovered\"> Estudio de la interacci\u00f3n humano-robot (IHR) y la biomec\u00e1nica b\u00edpeda.<\/span><\/p>\n<\/li>\n<li>\n<p id=\"p-rc_b9e67be1ec2dad1c-105\" data-path-to-node=\"12,1,0\"><b data-path-to-node=\"12,1,0\" data-index-in-node=\"0\"><span class=\"citation-310 interactive-span-hovered\">Automatizaci\u00f3n industrial:<\/span><\/b><span class=\"citation-310 citation-end-310 interactive-span-hovered\"> Creaci\u00f3n de prototipos de tareas de &quot;recogida y colocaci\u00f3n&quot; en entornos dise\u00f1ados para humanos.<\/span><\/p>\n<\/li>\n<li>\n<p id=\"p-rc_b9e67be1ec2dad1c-106\" data-path-to-node=\"12,2,0\"><b data-path-to-node=\"12,2,0\" data-index-in-node=\"0\">Exhibiciones de tecnolog\u00eda:<\/b><span class=\"citation-309 citation-end-309 interactive-span-hovered\"> Demostrar el estado actual de la IA humanoide en exposiciones o entornos comerciales.<\/span><\/p>\n<\/li>\n<\/ul>\n<\/div>\n<\/div>","protected":false},"excerpt":{"rendered":"<p><span class=\"citation-323\">El <\/span><b data-path-to-node=\"0\" data-index-in-node=\"4\"><span class=\"citation-323\">Unitree G1 EDU Profesional B (U10)<\/span><\/b><span class=\"citation-323 citation-end-323\"> Es un robot humanoide de alto rendimiento dise\u00f1ado espec\u00edficamente para la investigaci\u00f3n avanzada, los laboratorios universitarios y la I+D industrial.<\/span> <span class=\"citation-322 citation-end-322\">Posicionado como una versi\u00f3n de &quot;siguiente nivel&quot; de la serie G1, el modelo U10 cierra la brecha entre la locomoci\u00f3n b\u00edpeda b\u00e1sica y la manipulaci\u00f3n compleja, similar a la humana, mediante la integraci\u00f3n de manos diestras con sensibilidad t\u00e1ctil.<\/span><\/p>","protected":false},"featured_media":21524,"comment_status":"open","ping_status":"closed","template":"","meta":[],"product_brand":[1087],"product_cat":[1038,1037,1103],"product_tag":[1088,1110,1109,1105],"class_list":{"0":"post-24432","1":"product","2":"type-product","3":"status-publish","4":"has-post-thumbnail","6":"product_brand-unitree","7":"product_cat-humanoid","8":"product_cat-robotics","9":"product_cat-unitree-hum-robots","10":"product_tag-unitree","11":"product_tag-unitree-g1-robot","12":"product_tag-unitree-g1-series","13":"product_tag-unitree-humanoid","15":"first","16":"onbackorder","17":"taxable","18":"shipping-taxable","19":"purchasable","20":"product-type-simple"},"yoast_head":"<!-- This site is optimized with the Yoast SEO plugin v27.4 - https:\/\/yoast.com\/product\/yoast-seo-wordpress\/ -->\n<title>Unitre G1 EDU Professional B (U10) - Ghostysky<\/title>\n<meta name=\"description\" content=\"The Unitree G1 EDU Professional B (U10) is a high-performance humanoid robot designed specifically for advanced research, university labs, and industrial R&amp;D. Positioned as a &quot;next-level&quot; iteration of the G1 series, the U10 model bridges the gap between basic bipedal locomotion and complex, human-like manipulation through the integration of tactile-sensitive dexterous hands.\" \/>\n<meta name=\"robots\" content=\"index, follow, max-snippet:-1, max-image-preview:large, max-video-preview:-1\" \/>\n<link rel=\"canonical\" href=\"https:\/\/www.ghostysky.com\/es\/producto-2\/unitre-g1-edu-professional-b-u10\/\" \/>\n<meta property=\"og:locale\" content=\"es_ES\" \/>\n<meta property=\"og:type\" content=\"article\" \/>\n<meta property=\"og:title\" content=\"Unitre G1 EDU Professional B (U10) - Ghostysky\" \/>\n<meta property=\"og:description\" content=\"The Unitree G1 EDU Professional B (U10) is a high-performance humanoid robot designed specifically for advanced research, university labs, and industrial R&amp;D. Positioned as a &quot;next-level&quot; iteration of the G1 series, the U10 model bridges the gap between basic bipedal locomotion and complex, human-like manipulation through the integration of tactile-sensitive dexterous hands.\" \/>\n<meta property=\"og:url\" content=\"https:\/\/www.ghostysky.com\/es\/producto-2\/unitre-g1-edu-professional-b-u10\/\" \/>\n<meta property=\"og:site_name\" content=\"Ghostysky\" \/>\n<meta property=\"article:publisher\" content=\"https:\/\/www.facebook.com\/people\/Ghostysky\/100057676170234\/\" \/>\n<meta property=\"article:modified_time\" content=\"2026-03-16T10:37:57+00:00\" \/>\n<meta property=\"og:image\" content=\"https:\/\/www.ghostysky.com\/wp-content\/uploads\/2025\/10\/GH_G1-Humanoid_1.png\" \/>\n\t<meta property=\"og:image:width\" content=\"650\" \/>\n\t<meta property=\"og:image:height\" content=\"650\" \/>\n\t<meta property=\"og:image:type\" content=\"image\/png\" \/>\n<meta name=\"twitter:card\" content=\"summary_large_image\" \/>\n<meta name=\"twitter:site\" content=\"@Gh0stysky\" \/>\n<meta name=\"twitter:label1\" content=\"Tiempo de lectura\" \/>\n\t<meta name=\"twitter:data1\" content=\"2 minutos\" \/>\n<script type=\"application\/ld+json\" class=\"yoast-schema-graph\">{\"@context\":\"https:\\\/\\\/schema.org\",\"@graph\":[{\"@type\":\"WebPage\",\"@id\":\"https:\\\/\\\/www.ghostysky.com\\\/product\\\/unitre-g1-edu-professional-b-u10\\\/\",\"url\":\"https:\\\/\\\/www.ghostysky.com\\\/product\\\/unitre-g1-edu-professional-b-u10\\\/\",\"name\":\"Unitre G1 EDU Professional B (U10) - Ghostysky\",\"isPartOf\":{\"@id\":\"https:\\\/\\\/www.ghostysky.com\\\/#website\"},\"primaryImageOfPage\":{\"@id\":\"https:\\\/\\\/www.ghostysky.com\\\/product\\\/unitre-g1-edu-professional-b-u10\\\/#primaryimage\"},\"image\":{\"@id\":\"https:\\\/\\\/www.ghostysky.com\\\/product\\\/unitre-g1-edu-professional-b-u10\\\/#primaryimage\"},\"thumbnailUrl\":\"https:\\\/\\\/www.ghostysky.com\\\/wp-content\\\/uploads\\\/2025\\\/10\\\/GH_G1-Humanoid_1.png\",\"datePublished\":\"2026-03-16T10:01:56+00:00\",\"dateModified\":\"2026-03-16T10:37:57+00:00\",\"description\":\"The Unitree G1 EDU Professional B (U10) is a high-performance humanoid robot designed specifically for advanced research, university labs, and industrial R&D. Positioned as a \\\"next-level\\\" iteration of the G1 series, the U10 model bridges the gap between basic bipedal locomotion and complex, human-like manipulation through the integration of tactile-sensitive dexterous hands.\",\"breadcrumb\":{\"@id\":\"https:\\\/\\\/www.ghostysky.com\\\/product\\\/unitre-g1-edu-professional-b-u10\\\/#breadcrumb\"},\"inLanguage\":\"es\",\"potentialAction\":[{\"@type\":\"ReadAction\",\"target\":[\"https:\\\/\\\/www.ghostysky.com\\\/product\\\/unitre-g1-edu-professional-b-u10\\\/\"]}]},{\"@type\":\"ImageObject\",\"inLanguage\":\"es\",\"@id\":\"https:\\\/\\\/www.ghostysky.com\\\/product\\\/unitre-g1-edu-professional-b-u10\\\/#primaryimage\",\"url\":\"https:\\\/\\\/www.ghostysky.com\\\/wp-content\\\/uploads\\\/2025\\\/10\\\/GH_G1-Humanoid_1.png\",\"contentUrl\":\"https:\\\/\\\/www.ghostysky.com\\\/wp-content\\\/uploads\\\/2025\\\/10\\\/GH_G1-Humanoid_1.png\",\"width\":650,\"height\":650},{\"@type\":\"BreadcrumbList\",\"@id\":\"https:\\\/\\\/www.ghostysky.com\\\/product\\\/unitre-g1-edu-professional-b-u10\\\/#breadcrumb\",\"itemListElement\":[{\"@type\":\"ListItem\",\"position\":1,\"name\":\"Home\",\"item\":\"https:\\\/\\\/www.ghostysky.com\\\/\"},{\"@type\":\"ListItem\",\"position\":2,\"name\":\"Shop\",\"item\":\"https:\\\/\\\/www.ghostysky.com\\\/shop\\\/\"},{\"@type\":\"ListItem\",\"position\":3,\"name\":\"Unitre G1 EDU Professional B (U10)\"}]},{\"@type\":\"WebSite\",\"@id\":\"https:\\\/\\\/www.ghostysky.com\\\/#website\",\"url\":\"https:\\\/\\\/www.ghostysky.com\\\/\",\"name\":\"Ghostysky\",\"description\":\"Delivering professional drones and services\",\"publisher\":{\"@id\":\"https:\\\/\\\/www.ghostysky.com\\\/#organization\"},\"potentialAction\":[{\"@type\":\"SearchAction\",\"target\":{\"@type\":\"EntryPoint\",\"urlTemplate\":\"https:\\\/\\\/www.ghostysky.com\\\/?s={search_term_string}\"},\"query-input\":{\"@type\":\"PropertyValueSpecification\",\"valueRequired\":true,\"valueName\":\"search_term_string\"}}],\"inLanguage\":\"es\"},{\"@type\":\"Organization\",\"@id\":\"https:\\\/\\\/www.ghostysky.com\\\/#organization\",\"name\":\"Ghostysky\",\"url\":\"https:\\\/\\\/www.ghostysky.com\\\/\",\"logo\":{\"@type\":\"ImageObject\",\"inLanguage\":\"es\",\"@id\":\"https:\\\/\\\/www.ghostysky.com\\\/#\\\/schema\\\/logo\\\/image\\\/\",\"url\":\"https:\\\/\\\/www.ghostysky.com\\\/wp-content\\\/uploads\\\/2020\\\/06\\\/cropped-ghostyskylogo_text_white2.png\",\"contentUrl\":\"https:\\\/\\\/www.ghostysky.com\\\/wp-content\\\/uploads\\\/2020\\\/06\\\/cropped-ghostyskylogo_text_white2.png\",\"width\":169,\"height\":56,\"caption\":\"Ghostysky\"},\"image\":{\"@id\":\"https:\\\/\\\/www.ghostysky.com\\\/#\\\/schema\\\/logo\\\/image\\\/\"},\"sameAs\":[\"https:\\\/\\\/www.facebook.com\\\/people\\\/Ghostysky\\\/100057676170234\\\/\",\"https:\\\/\\\/x.com\\\/Gh0stysky\",\"https:\\\/\\\/www.linkedin.com\\\/company\\\/34739653\",\"https:\\\/\\\/www.instagram.com\\\/gh0stysky\"]}]}<\/script>\n<!-- \/ Yoast SEO plugin. -->","yoast_head_json":{"title":"Unitre G1 EDU Profesional B (U10) - Ghostysky","description":"El Unitree G1 EDU Professional B (U10) es un robot humanoide de alto rendimiento dise\u00f1ado espec\u00edficamente para investigaci\u00f3n avanzada, laboratorios universitarios e I+D industrial. Posicionado como una versi\u00f3n mejorada de la serie G1, el modelo U10 cierra la brecha entre la locomoci\u00f3n b\u00edpeda b\u00e1sica y la manipulaci\u00f3n compleja similar a la humana mediante la integraci\u00f3n de manos diestras con sensibilidad t\u00e1ctil.","robots":{"index":"index","follow":"follow","max-snippet":"max-snippet:-1","max-image-preview":"max-image-preview:large","max-video-preview":"max-video-preview:-1"},"canonical":"https:\/\/www.ghostysky.com\/es\/producto-2\/unitre-g1-edu-professional-b-u10\/","og_locale":"es_ES","og_type":"article","og_title":"Unitre G1 EDU Professional B (U10) - Ghostysky","og_description":"The Unitree G1 EDU Professional B (U10) is a high-performance humanoid robot designed specifically for advanced research, university labs, and industrial R&D. Positioned as a \"next-level\" iteration of the G1 series, the U10 model bridges the gap between basic bipedal locomotion and complex, human-like manipulation through the integration of tactile-sensitive dexterous hands.","og_url":"https:\/\/www.ghostysky.com\/es\/producto-2\/unitre-g1-edu-professional-b-u10\/","og_site_name":"Ghostysky","article_publisher":"https:\/\/www.facebook.com\/people\/Ghostysky\/100057676170234\/","article_modified_time":"2026-03-16T10:37:57+00:00","og_image":[{"width":650,"height":650,"url":"https:\/\/www.ghostysky.com\/wp-content\/uploads\/2025\/10\/GH_G1-Humanoid_1.png","type":"image\/png"}],"twitter_card":"summary_large_image","twitter_site":"@Gh0stysky","twitter_misc":{"Tiempo de lectura":"2 minutos"},"schema":{"@context":"https:\/\/schema.org","@graph":[{"@type":"WebPage","@id":"https:\/\/www.ghostysky.com\/product\/unitre-g1-edu-professional-b-u10\/","url":"https:\/\/www.ghostysky.com\/product\/unitre-g1-edu-professional-b-u10\/","name":"Unitre G1 EDU Profesional B (U10) - Ghostysky","isPartOf":{"@id":"https:\/\/www.ghostysky.com\/#website"},"primaryImageOfPage":{"@id":"https:\/\/www.ghostysky.com\/product\/unitre-g1-edu-professional-b-u10\/#primaryimage"},"image":{"@id":"https:\/\/www.ghostysky.com\/product\/unitre-g1-edu-professional-b-u10\/#primaryimage"},"thumbnailUrl":"https:\/\/www.ghostysky.com\/wp-content\/uploads\/2025\/10\/GH_G1-Humanoid_1.png","datePublished":"2026-03-16T10:01:56+00:00","dateModified":"2026-03-16T10:37:57+00:00","description":"El Unitree G1 EDU Professional B (U10) es un robot humanoide de alto rendimiento dise\u00f1ado espec\u00edficamente para investigaci\u00f3n avanzada, laboratorios universitarios e I+D industrial. Posicionado como una versi\u00f3n mejorada de la serie G1, el modelo U10 cierra la brecha entre la locomoci\u00f3n b\u00edpeda b\u00e1sica y la manipulaci\u00f3n compleja similar a la humana mediante la integraci\u00f3n de manos diestras con sensibilidad t\u00e1ctil.","breadcrumb":{"@id":"https:\/\/www.ghostysky.com\/product\/unitre-g1-edu-professional-b-u10\/#breadcrumb"},"inLanguage":"es","potentialAction":[{"@type":"ReadAction","target":["https:\/\/www.ghostysky.com\/product\/unitre-g1-edu-professional-b-u10\/"]}]},{"@type":"ImageObject","inLanguage":"es","@id":"https:\/\/www.ghostysky.com\/product\/unitre-g1-edu-professional-b-u10\/#primaryimage","url":"https:\/\/www.ghostysky.com\/wp-content\/uploads\/2025\/10\/GH_G1-Humanoid_1.png","contentUrl":"https:\/\/www.ghostysky.com\/wp-content\/uploads\/2025\/10\/GH_G1-Humanoid_1.png","width":650,"height":650},{"@type":"BreadcrumbList","@id":"https:\/\/www.ghostysky.com\/product\/unitre-g1-edu-professional-b-u10\/#breadcrumb","itemListElement":[{"@type":"ListItem","position":1,"name":"Home","item":"https:\/\/www.ghostysky.com\/"},{"@type":"ListItem","position":2,"name":"Shop","item":"https:\/\/www.ghostysky.com\/shop\/"},{"@type":"ListItem","position":3,"name":"Unitre G1 EDU Professional B (U10)"}]},{"@type":"WebSite","@id":"https:\/\/www.ghostysky.com\/#website","url":"https:\/\/www.ghostysky.com\/","name":"Ghostysky","description":"Entrega de drones y servicios profesionales","publisher":{"@id":"https:\/\/www.ghostysky.com\/#organization"},"potentialAction":[{"@type":"SearchAction","target":{"@type":"EntryPoint","urlTemplate":"https:\/\/www.ghostysky.com\/?s={search_term_string}"},"query-input":{"@type":"PropertyValueSpecification","valueRequired":true,"valueName":"search_term_string"}}],"inLanguage":"es"},{"@type":"Organization","@id":"https:\/\/www.ghostysky.com\/#organization","name":"Ghostysky","url":"https:\/\/www.ghostysky.com\/","logo":{"@type":"ImageObject","inLanguage":"es","@id":"https:\/\/www.ghostysky.com\/#\/schema\/logo\/image\/","url":"https:\/\/www.ghostysky.com\/wp-content\/uploads\/2020\/06\/cropped-ghostyskylogo_text_white2.png","contentUrl":"https:\/\/www.ghostysky.com\/wp-content\/uploads\/2020\/06\/cropped-ghostyskylogo_text_white2.png","width":169,"height":56,"caption":"Ghostysky"},"image":{"@id":"https:\/\/www.ghostysky.com\/#\/schema\/logo\/image\/"},"sameAs":["https:\/\/www.facebook.com\/people\/Ghostysky\/100057676170234\/","https:\/\/x.com\/Gh0stysky","https:\/\/www.linkedin.com\/company\/34739653","https:\/\/www.instagram.com\/gh0stysky"]}]}},"_links":{"self":[{"href":"https:\/\/www.ghostysky.com\/es\/wp-json\/wp\/v2\/product\/24432","targetHints":{"allow":["GET"]}}],"collection":[{"href":"https:\/\/www.ghostysky.com\/es\/wp-json\/wp\/v2\/product"}],"about":[{"href":"https:\/\/www.ghostysky.com\/es\/wp-json\/wp\/v2\/types\/product"}],"replies":[{"embeddable":true,"href":"https:\/\/www.ghostysky.com\/es\/wp-json\/wp\/v2\/comments?post=24432"}],"version-history":[{"count":0,"href":"https:\/\/www.ghostysky.com\/es\/wp-json\/wp\/v2\/product\/24432\/revisions"}],"wp:featuredmedia":[{"embeddable":true,"href":"https:\/\/www.ghostysky.com\/es\/wp-json\/wp\/v2\/media\/21524"}],"wp:attachment":[{"href":"https:\/\/www.ghostysky.com\/es\/wp-json\/wp\/v2\/media?parent=24432"}],"wp:term":[{"taxonomy":"product_brand","embeddable":true,"href":"https:\/\/www.ghostysky.com\/es\/wp-json\/wp\/v2\/product_brand?post=24432"},{"taxonomy":"product_cat","embeddable":true,"href":"https:\/\/www.ghostysky.com\/es\/wp-json\/wp\/v2\/product_cat?post=24432"},{"taxonomy":"product_tag","embeddable":true,"href":"https:\/\/www.ghostysky.com\/es\/wp-json\/wp\/v2\/product_tag?post=24432"}],"curies":[{"name":"wp","href":"https:\/\/api.w.org\/{rel}","templated":true}]}}