{"id":24435,"date":"2026-03-16T10:35:23","date_gmt":"2026-03-16T10:35:23","guid":{"rendered":"https:\/\/www.ghostysky.com\/?post_type=product&#038;p=24435"},"modified":"2026-03-16T10:51:08","modified_gmt":"2026-03-16T10:51:08","slug":"unitre-g1-edu-professional-e-u13","status":"publish","type":"product","link":"https:\/\/www.ghostysky.com\/es\/product\/unitre-g1-edu-professional-e-u13\/","title":{"rendered":"Unidad G1 EDU Professional E (U13)"},"content":{"rendered":"<div id=\"model-response-message-contentr_c0565deda99f03ad\" class=\"markdown markdown-main-panel stronger enable-updated-hr-color\" dir=\"ltr\">\n<div id=\"model-response-message-contentr_0f28adeca7555db0\" class=\"markdown markdown-main-panel stronger enable-updated-hr-color\" dir=\"ltr\">\n<div id=\"model-response-message-contentr_2df5e3d7da0ab85d\" class=\"markdown markdown-main-panel stronger enable-updated-hr-color\" dir=\"ltr\">\n<h3 data-path-to-node=\"3\">Caracter\u00edsticas y capacidades clave<\/h3>\n<ul data-path-to-node=\"4\">\n<li>\n<p id=\"p-rc_1c0db823354e3a8a-107\" data-path-to-node=\"4,0,0\"><b data-path-to-node=\"4,0,0\" data-index-in-node=\"0\">Destreza similar a la humana:<\/b><span class=\"citation-350\"> Equipado con dos <\/span><b data-path-to-node=\"4,0,0\" data-index-in-node=\"40\"><span class=\"citation-350\">BrainCo Revo 2 (5 dedos)<\/span><\/b><span class=\"citation-350 citation-end-350\"> manos diestras.<\/span> Estas permiten realizar tareas de motricidad fina, percepci\u00f3n t\u00e1ctil y manipulaci\u00f3n sofisticada de objetos que las manos &quot;maniqu\u00ed&quot; est\u00e1ndar no pueden lograr.<\/p>\n<\/li>\n<li>\n<p id=\"p-rc_1c0db823354e3a8a-108\" data-path-to-node=\"4,1,0\"><b data-path-to-node=\"4,1,0\" data-index-in-node=\"0\"><span class=\"citation-349\">Computaci\u00f3n avanzada de IA:<\/span><\/b><span class=\"citation-349\"> Desarrollado por el <\/span><b data-path-to-node=\"4,1,0\" data-index-in-node=\"36\"><span class=\"citation-349\">NVIDIA Jetson Orin (100 TOPS)<\/span><\/b><span class=\"citation-349 citation-end-349\"> M\u00f3dulo que permite la computaci\u00f3n perimetral en tiempo real para el aprendizaje por refuerzo, la visi\u00f3n artificial y la navegaci\u00f3n aut\u00f3noma.<\/span><\/p>\n<\/li>\n<li>\n<p id=\"p-rc_1c0db823354e3a8a-109\" data-path-to-node=\"4,2,0\"><b data-path-to-node=\"4,2,0\" data-index-in-node=\"0\">Desarrollo secundario:<\/b><span class=\"citation-348\"> A diferencia de la versi\u00f3n para el consumidor, la serie EDU ofrece acceso completo a <\/span><b data-path-to-node=\"4,2,0\" data-index-in-node=\"89\"><span class=\"citation-348\">SDK y API<\/span><\/b><span class=\"citation-348 citation-end-348\"> (compatible con ROS, Python y C++), lo que permite a los investigadores programar marchas y comportamientos personalizados.<\/span><\/p>\n<\/li>\n<li>\n<p id=\"p-rc_1c0db823354e3a8a-110\" data-path-to-node=\"4,3,0\"><b data-path-to-node=\"4,3,0\" data-index-in-node=\"0\">Mayor par motor y potencia:<\/b><span class=\"citation-347\"> Cuenta con motores de rodilla mejorados con <\/span><b data-path-to-node=\"4,3,0\" data-index-in-node=\"60\"><span class=\"citation-347\">120 N\u00b7m<\/span><\/b><span class=\"citation-347 citation-end-347\"> de par m\u00e1ximo (frente a 90 N\u00b7m en el modelo b\u00e1sico) y una capacidad de carga \u00fatil en el brazo de 3 kg.<\/span><\/p>\n<div class=\"source-inline-chip-container ng-star-inserted\"><\/div>\n<p>&nbsp;<\/li>\n<\/ul>\n<h3 data-path-to-node=\"6\">Especificaciones t\u00e9cnicas<\/h3>\n<table data-path-to-node=\"7\">\n<thead>\n<tr>\n<td><strong>Categor\u00eda<\/strong><\/td>\n<td><strong>Especificaci\u00f3n<\/strong><\/td>\n<\/tr>\n<\/thead>\n<tbody>\n<tr>\n<td><span data-path-to-node=\"7,1,0,0\"><b data-path-to-node=\"7,1,0,0\" data-index-in-node=\"0\">Altura \/ Peso<\/b><\/span><\/td>\n<td><span data-path-to-node=\"7,1,1,0\">1320 mm (de pie) \/ ~35 kg<\/span><\/td>\n<\/tr>\n<tr>\n<td><span data-path-to-node=\"7,2,0,0\"><b data-path-to-node=\"7,2,0,0\" data-index-in-node=\"0\">Grados de libertad<\/b><\/span><\/td>\n<td><span data-path-to-node=\"7,2,1,0\">35 grados de libertad (incluye 1 grado de libertad en la cintura y 5 grados de libertad en los brazos)<\/span><\/td>\n<\/tr>\n<tr>\n<td><span data-path-to-node=\"7,3,0,0\"><b data-path-to-node=\"7,3,0,0\" data-index-in-node=\"0\">Potencia de procesamiento<\/b><\/span><\/td>\n<td><span data-path-to-node=\"7,3,1,0\">CPU de 8 n\u00facleos + NVIDIA Jetson Orin (100 TOPS)<\/span><\/td>\n<\/tr>\n<tr>\n<td><span data-path-to-node=\"7,4,0,0\"><b data-path-to-node=\"7,4,0,0\" data-index-in-node=\"0\">Conjunto de sensores<\/b><\/span><\/td>\n<td><span data-path-to-node=\"7,4,1,0\">Livox Mid-360 3D LiDAR + C\u00e1mara de profundidad Intel RealSense D435i<\/span><\/td>\n<\/tr>\n<tr>\n<td><span data-path-to-node=\"7,5,0,0\"><b data-path-to-node=\"7,5,0,0\" data-index-in-node=\"0\">Motores conjuntos<\/b><\/span><\/td>\n<td><span data-path-to-node=\"7,5,1,0\">Motores de rotor interno PMSM de baja inercia<\/span><\/td>\n<\/tr>\n<tr>\n<td><span data-path-to-node=\"7,6,0,0\"><b data-path-to-node=\"7,6,0,0\" data-index-in-node=\"0\">M\u00e1xima velocidad<\/b><\/span><\/td>\n<td><span data-path-to-node=\"7,6,1,0\">2,0 m\/s<\/span><\/td>\n<\/tr>\n<tr>\n<td><span data-path-to-node=\"7,7,0,0\"><b data-path-to-node=\"7,7,0,0\" data-index-in-node=\"0\">Duraci\u00f3n de la bater\u00eda<\/b><\/span><\/td>\n<td><span data-path-to-node=\"7,7,1,0\">~120 minutos (bater\u00eda de litio de 9000 mAh y 13 celdas)<\/span><\/td>\n<\/tr>\n<tr>\n<td><span data-path-to-node=\"7,8,0,0\"><b data-path-to-node=\"7,8,0,0\" data-index-in-node=\"0\">Conectividad<\/b><\/span><\/td>\n<td><span data-path-to-node=\"7,8,1,0\">WiFi 6, Bluetooth 5.2, matriz de 4 micr\u00f3fonos, altavoz de 5 W<\/span><\/td>\n<\/tr>\n<\/tbody>\n<\/table>\n<p>&nbsp;<\/p>\n<p>&nbsp;<\/p>\n<h3 data-path-to-node=\"9\">\u00bfPor qu\u00e9 el modelo \u201cE profesional\u201d?<\/h3>\n<p data-path-to-node=\"10\">La variante \u201cE\u201d est\u00e1 dise\u00f1ada para <b data-path-to-node=\"10\" data-index-in-node=\"32\">Servicio e investigaci\u00f3n<\/b>. Mientras que los modelos EDU inferiores (como el U1) se centran en la movilidad, el U13 Professional E incluye la integraci\u00f3n <b data-path-to-node=\"10\" data-index-in-node=\"157\">manos de 5 dedos<\/b> Listo para usar. Esto lo hace ideal para:<\/p>\n<ul data-path-to-node=\"11\">\n<li>\n<p data-path-to-node=\"11,0,0\"><b data-path-to-node=\"11,0,0\" data-index-in-node=\"0\">Investigaci\u00f3n universitaria:<\/b> Estudio del equilibrio y la manipulaci\u00f3n en humanoides.<\/p>\n<\/li>\n<li>\n<p id=\"p-rc_1c0db823354e3a8a-111\" data-path-to-node=\"11,1,0\"><b data-path-to-node=\"11,1,0\" data-index-in-node=\"0\"><span class=\"citation-346\">Visitas guiadas y tiendas:<\/span><\/b><span class=\"citation-346 citation-end-346\"> Su apariencia humana y su capacidad para gesticular son id\u00f3neas para la interacci\u00f3n con el p\u00fablico.<\/span><\/p>\n<\/li>\n<li>\n<p id=\"p-rc_1c0db823354e3a8a-112\" data-path-to-node=\"11,2,0\"><b data-path-to-node=\"11,2,0\" data-index-in-node=\"0\">Entrenamiento de IA:<\/b><span class=\"citation-345 citation-end-345\"> Utilizar el aprendizaje por imitaci\u00f3n para ense\u00f1ar al robot a manejar herramientas humanas.<\/span><\/p>\n<\/li>\n<\/ul>\n<blockquote data-path-to-node=\"12\">\n<p data-path-to-node=\"12,0\"><b data-path-to-node=\"12,0\" data-index-in-node=\"0\">Nota:<\/b> Debido a su alto par motor y a sus complejos movimientos articulares, se recomienda utilizar el accesorio incluido. <b data-path-to-node=\"12,0\" data-index-in-node=\"100\">Marco de protecci\u00f3n y entrenamiento<\/b> durante el desarrollo inicial de la marcha para prevenir lesiones por ca\u00eddas.<\/p>\n<\/blockquote>\n<\/div>\n<\/div>\n<\/div>","protected":false},"excerpt":{"rendered":"<p data-path-to-node=\"0\">El <b data-path-to-node=\"0\" data-index-in-node=\"4\">Unitree G1 EDU Profesional E (Modelo U13)<\/b> es una versi\u00f3n de alto nivel, de grado de investigaci\u00f3n, de la plataforma humanoide G1. Mientras que el G1 \u201cB\u00e1sico\u201d est\u00e1 dise\u00f1ado para demostraciones de nivel b\u00e1sico, el <b data-path-to-node=\"0\" data-index-in-node=\"183\">EDU Profesional E<\/b> Es una m\u00e1quina de desarrollo de alto par, totalmente de c\u00f3digo abierto, destinada a laboratorios universitarios, investigaci\u00f3n en IA e interacci\u00f3n rob\u00f3tica compleja.<\/p>\n<p data-path-to-node=\"1\">La designaci\u00f3n \u201cU13\u201d destaca espec\u00edficamente su configuraci\u00f3n con <b data-path-to-node=\"1\" data-index-in-node=\"69\">Manos diestras de 5 dedos<\/b> y la carga \u00fatil computacional m\u00e1xima disponible en la serie.<\/p>","protected":false},"featured_media":21524,"comment_status":"open","ping_status":"closed","template":"","meta":[],"product_brand":[1087],"product_cat":[1038,1037,1103],"product_tag":[1088,1110,1109,1105],"class_list":{"0":"post-24435","1":"product","2":"type-product","3":"status-publish","4":"has-post-thumbnail","6":"product_brand-unitree","7":"product_cat-humanoid","8":"product_cat-robotics","9":"product_cat-unitree-hum-robots","10":"product_tag-unitree","11":"product_tag-unitree-g1-robot","12":"product_tag-unitree-g1-series","13":"product_tag-unitree-humanoid","15":"first","16":"onbackorder","17":"taxable","18":"shipping-taxable","19":"purchasable","20":"product-type-simple"},"yoast_head":"<!-- This site is optimized with the Yoast SEO plugin v27.4 - https:\/\/yoast.com\/product\/yoast-seo-wordpress\/ -->\n<title>Unitre G1 EDU Professional E (U13) - Ghostysky<\/title>\n<meta name=\"description\" content=\"The Unitree G1 EDU Professional E (Model U13) is a high-tier, research-grade version of the G1 humanoid platform. While the &quot;Basic&quot; G1 is designed for entry-level demonstrations, the EDU Professional E is a fully open-source, high-torque development machine intended for university labs, AI research, and complex robotic interaction.The &quot;U13&quot; designation specifically highlights its configuration with 5-fingered dexterous hands and the maximum computational payload available in the series.\" \/>\n<meta name=\"robots\" content=\"index, follow, max-snippet:-1, max-image-preview:large, max-video-preview:-1\" \/>\n<link rel=\"canonical\" href=\"https:\/\/www.ghostysky.com\/es\/producto-2\/unitre-g1-edu-professional-e-u13\/\" \/>\n<meta property=\"og:locale\" content=\"es_ES\" \/>\n<meta property=\"og:type\" content=\"article\" \/>\n<meta property=\"og:title\" content=\"Unitre G1 EDU Professional E (U13) - Ghostysky\" \/>\n<meta property=\"og:description\" content=\"The Unitree G1 EDU Professional E (Model U13) is a high-tier, research-grade version of the G1 humanoid platform. While the &quot;Basic&quot; G1 is designed for entry-level demonstrations, the EDU Professional E is a fully open-source, high-torque development machine intended for university labs, AI research, and complex robotic interaction.The &quot;U13&quot; designation specifically highlights its configuration with 5-fingered dexterous hands and the maximum computational payload available in the series.\" \/>\n<meta property=\"og:url\" content=\"https:\/\/www.ghostysky.com\/es\/producto-2\/unitre-g1-edu-professional-e-u13\/\" \/>\n<meta property=\"og:site_name\" content=\"Ghostysky\" \/>\n<meta property=\"article:publisher\" content=\"https:\/\/www.facebook.com\/people\/Ghostysky\/100057676170234\/\" \/>\n<meta property=\"article:modified_time\" content=\"2026-03-16T10:51:08+00:00\" \/>\n<meta property=\"og:image\" content=\"https:\/\/www.ghostysky.com\/wp-content\/uploads\/2025\/10\/GH_G1-Humanoid_1.png\" \/>\n\t<meta property=\"og:image:width\" content=\"650\" \/>\n\t<meta property=\"og:image:height\" content=\"650\" \/>\n\t<meta property=\"og:image:type\" content=\"image\/png\" \/>\n<meta name=\"twitter:card\" content=\"summary_large_image\" \/>\n<meta name=\"twitter:site\" content=\"@Gh0stysky\" \/>\n<meta name=\"twitter:label1\" content=\"Tiempo de lectura\" \/>\n\t<meta name=\"twitter:data1\" content=\"2 minutos\" \/>\n<script type=\"application\/ld+json\" class=\"yoast-schema-graph\">{\"@context\":\"https:\\\/\\\/schema.org\",\"@graph\":[{\"@type\":\"WebPage\",\"@id\":\"https:\\\/\\\/www.ghostysky.com\\\/product\\\/unitre-g1-edu-professional-e-u13\\\/\",\"url\":\"https:\\\/\\\/www.ghostysky.com\\\/product\\\/unitre-g1-edu-professional-e-u13\\\/\",\"name\":\"Unitre G1 EDU Professional E (U13) - Ghostysky\",\"isPartOf\":{\"@id\":\"https:\\\/\\\/www.ghostysky.com\\\/#website\"},\"primaryImageOfPage\":{\"@id\":\"https:\\\/\\\/www.ghostysky.com\\\/product\\\/unitre-g1-edu-professional-e-u13\\\/#primaryimage\"},\"image\":{\"@id\":\"https:\\\/\\\/www.ghostysky.com\\\/product\\\/unitre-g1-edu-professional-e-u13\\\/#primaryimage\"},\"thumbnailUrl\":\"https:\\\/\\\/www.ghostysky.com\\\/wp-content\\\/uploads\\\/2025\\\/10\\\/GH_G1-Humanoid_1.png\",\"datePublished\":\"2026-03-16T10:35:23+00:00\",\"dateModified\":\"2026-03-16T10:51:08+00:00\",\"description\":\"The Unitree G1 EDU Professional E (Model U13) is a high-tier, research-grade version of the G1 humanoid platform. While the \\\"Basic\\\" G1 is designed for entry-level demonstrations, the EDU Professional E is a fully open-source, high-torque development machine intended for university labs, AI research, and complex robotic interaction.The \\\"U13\\\" designation specifically highlights its configuration with 5-fingered dexterous hands and the maximum computational payload available in the series.\",\"breadcrumb\":{\"@id\":\"https:\\\/\\\/www.ghostysky.com\\\/product\\\/unitre-g1-edu-professional-e-u13\\\/#breadcrumb\"},\"inLanguage\":\"es\",\"potentialAction\":[{\"@type\":\"ReadAction\",\"target\":[\"https:\\\/\\\/www.ghostysky.com\\\/product\\\/unitre-g1-edu-professional-e-u13\\\/\"]}]},{\"@type\":\"ImageObject\",\"inLanguage\":\"es\",\"@id\":\"https:\\\/\\\/www.ghostysky.com\\\/product\\\/unitre-g1-edu-professional-e-u13\\\/#primaryimage\",\"url\":\"https:\\\/\\\/www.ghostysky.com\\\/wp-content\\\/uploads\\\/2025\\\/10\\\/GH_G1-Humanoid_1.png\",\"contentUrl\":\"https:\\\/\\\/www.ghostysky.com\\\/wp-content\\\/uploads\\\/2025\\\/10\\\/GH_G1-Humanoid_1.png\",\"width\":650,\"height\":650},{\"@type\":\"BreadcrumbList\",\"@id\":\"https:\\\/\\\/www.ghostysky.com\\\/product\\\/unitre-g1-edu-professional-e-u13\\\/#breadcrumb\",\"itemListElement\":[{\"@type\":\"ListItem\",\"position\":1,\"name\":\"Home\",\"item\":\"https:\\\/\\\/www.ghostysky.com\\\/\"},{\"@type\":\"ListItem\",\"position\":2,\"name\":\"Shop\",\"item\":\"https:\\\/\\\/www.ghostysky.com\\\/shop\\\/\"},{\"@type\":\"ListItem\",\"position\":3,\"name\":\"Unitre G1 EDU Professional E (U13)\"}]},{\"@type\":\"WebSite\",\"@id\":\"https:\\\/\\\/www.ghostysky.com\\\/#website\",\"url\":\"https:\\\/\\\/www.ghostysky.com\\\/\",\"name\":\"Ghostysky\",\"description\":\"Delivering professional drones and services\",\"publisher\":{\"@id\":\"https:\\\/\\\/www.ghostysky.com\\\/#organization\"},\"potentialAction\":[{\"@type\":\"SearchAction\",\"target\":{\"@type\":\"EntryPoint\",\"urlTemplate\":\"https:\\\/\\\/www.ghostysky.com\\\/?s={search_term_string}\"},\"query-input\":{\"@type\":\"PropertyValueSpecification\",\"valueRequired\":true,\"valueName\":\"search_term_string\"}}],\"inLanguage\":\"es\"},{\"@type\":\"Organization\",\"@id\":\"https:\\\/\\\/www.ghostysky.com\\\/#organization\",\"name\":\"Ghostysky\",\"url\":\"https:\\\/\\\/www.ghostysky.com\\\/\",\"logo\":{\"@type\":\"ImageObject\",\"inLanguage\":\"es\",\"@id\":\"https:\\\/\\\/www.ghostysky.com\\\/#\\\/schema\\\/logo\\\/image\\\/\",\"url\":\"https:\\\/\\\/www.ghostysky.com\\\/wp-content\\\/uploads\\\/2020\\\/06\\\/cropped-ghostyskylogo_text_white2.png\",\"contentUrl\":\"https:\\\/\\\/www.ghostysky.com\\\/wp-content\\\/uploads\\\/2020\\\/06\\\/cropped-ghostyskylogo_text_white2.png\",\"width\":169,\"height\":56,\"caption\":\"Ghostysky\"},\"image\":{\"@id\":\"https:\\\/\\\/www.ghostysky.com\\\/#\\\/schema\\\/logo\\\/image\\\/\"},\"sameAs\":[\"https:\\\/\\\/www.facebook.com\\\/people\\\/Ghostysky\\\/100057676170234\\\/\",\"https:\\\/\\\/x.com\\\/Gh0stysky\",\"https:\\\/\\\/www.linkedin.com\\\/company\\\/34739653\",\"https:\\\/\\\/www.instagram.com\\\/gh0stysky\"]}]}<\/script>\n<!-- \/ Yoast SEO plugin. -->","yoast_head_json":{"title":"Unidad G1 EDU Professional E (U13) - Ghostysky","description":"El Unitree G1 EDU Professional E (modelo U13) es una versi\u00f3n de alta gama, dise\u00f1ada para investigaci\u00f3n, de la plataforma humanoide G1. Mientras que el G1 &quot;B\u00e1sico&quot; est\u00e1 dise\u00f1ado para demostraciones de nivel b\u00e1sico, el EDU Professional E es una m\u00e1quina de desarrollo de alto par y c\u00f3digo abierto, destinada a laboratorios universitarios, investigaci\u00f3n en IA e interacci\u00f3n rob\u00f3tica compleja. La designaci\u00f3n &quot;U13&quot; destaca espec\u00edficamente su configuraci\u00f3n con manos diestras de cinco dedos y la m\u00e1xima capacidad de procesamiento disponible en la serie.","robots":{"index":"index","follow":"follow","max-snippet":"max-snippet:-1","max-image-preview":"max-image-preview:large","max-video-preview":"max-video-preview:-1"},"canonical":"https:\/\/www.ghostysky.com\/es\/producto-2\/unitre-g1-edu-professional-e-u13\/","og_locale":"es_ES","og_type":"article","og_title":"Unitre G1 EDU Professional E (U13) - Ghostysky","og_description":"The Unitree G1 EDU Professional E (Model U13) is a high-tier, research-grade version of the G1 humanoid platform. While the \"Basic\" G1 is designed for entry-level demonstrations, the EDU Professional E is a fully open-source, high-torque development machine intended for university labs, AI research, and complex robotic interaction.The \"U13\" designation specifically highlights its configuration with 5-fingered dexterous hands and the maximum computational payload available in the series.","og_url":"https:\/\/www.ghostysky.com\/es\/producto-2\/unitre-g1-edu-professional-e-u13\/","og_site_name":"Ghostysky","article_publisher":"https:\/\/www.facebook.com\/people\/Ghostysky\/100057676170234\/","article_modified_time":"2026-03-16T10:51:08+00:00","og_image":[{"width":650,"height":650,"url":"https:\/\/www.ghostysky.com\/wp-content\/uploads\/2025\/10\/GH_G1-Humanoid_1.png","type":"image\/png"}],"twitter_card":"summary_large_image","twitter_site":"@Gh0stysky","twitter_misc":{"Tiempo de lectura":"2 minutos"},"schema":{"@context":"https:\/\/schema.org","@graph":[{"@type":"WebPage","@id":"https:\/\/www.ghostysky.com\/product\/unitre-g1-edu-professional-e-u13\/","url":"https:\/\/www.ghostysky.com\/product\/unitre-g1-edu-professional-e-u13\/","name":"Unidad G1 EDU Professional E (U13) - Ghostysky","isPartOf":{"@id":"https:\/\/www.ghostysky.com\/#website"},"primaryImageOfPage":{"@id":"https:\/\/www.ghostysky.com\/product\/unitre-g1-edu-professional-e-u13\/#primaryimage"},"image":{"@id":"https:\/\/www.ghostysky.com\/product\/unitre-g1-edu-professional-e-u13\/#primaryimage"},"thumbnailUrl":"https:\/\/www.ghostysky.com\/wp-content\/uploads\/2025\/10\/GH_G1-Humanoid_1.png","datePublished":"2026-03-16T10:35:23+00:00","dateModified":"2026-03-16T10:51:08+00:00","description":"El Unitree G1 EDU Professional E (modelo U13) es una versi\u00f3n de alta gama, dise\u00f1ada para investigaci\u00f3n, de la plataforma humanoide G1. Mientras que el G1 &quot;B\u00e1sico&quot; est\u00e1 dise\u00f1ado para demostraciones de nivel b\u00e1sico, el EDU Professional E es una m\u00e1quina de desarrollo de alto par y c\u00f3digo abierto, destinada a laboratorios universitarios, investigaci\u00f3n en IA e interacci\u00f3n rob\u00f3tica compleja. La designaci\u00f3n &quot;U13&quot; destaca espec\u00edficamente su configuraci\u00f3n con manos diestras de cinco dedos y la m\u00e1xima capacidad de procesamiento disponible en la serie.","breadcrumb":{"@id":"https:\/\/www.ghostysky.com\/product\/unitre-g1-edu-professional-e-u13\/#breadcrumb"},"inLanguage":"es","potentialAction":[{"@type":"ReadAction","target":["https:\/\/www.ghostysky.com\/product\/unitre-g1-edu-professional-e-u13\/"]}]},{"@type":"ImageObject","inLanguage":"es","@id":"https:\/\/www.ghostysky.com\/product\/unitre-g1-edu-professional-e-u13\/#primaryimage","url":"https:\/\/www.ghostysky.com\/wp-content\/uploads\/2025\/10\/GH_G1-Humanoid_1.png","contentUrl":"https:\/\/www.ghostysky.com\/wp-content\/uploads\/2025\/10\/GH_G1-Humanoid_1.png","width":650,"height":650},{"@type":"BreadcrumbList","@id":"https:\/\/www.ghostysky.com\/product\/unitre-g1-edu-professional-e-u13\/#breadcrumb","itemListElement":[{"@type":"ListItem","position":1,"name":"Home","item":"https:\/\/www.ghostysky.com\/"},{"@type":"ListItem","position":2,"name":"Shop","item":"https:\/\/www.ghostysky.com\/shop\/"},{"@type":"ListItem","position":3,"name":"Unitre G1 EDU Professional E (U13)"}]},{"@type":"WebSite","@id":"https:\/\/www.ghostysky.com\/#website","url":"https:\/\/www.ghostysky.com\/","name":"Ghostysky","description":"Entrega de drones y servicios profesionales","publisher":{"@id":"https:\/\/www.ghostysky.com\/#organization"},"potentialAction":[{"@type":"SearchAction","target":{"@type":"EntryPoint","urlTemplate":"https:\/\/www.ghostysky.com\/?s={search_term_string}"},"query-input":{"@type":"PropertyValueSpecification","valueRequired":true,"valueName":"search_term_string"}}],"inLanguage":"es"},{"@type":"Organization","@id":"https:\/\/www.ghostysky.com\/#organization","name":"Ghostysky","url":"https:\/\/www.ghostysky.com\/","logo":{"@type":"ImageObject","inLanguage":"es","@id":"https:\/\/www.ghostysky.com\/#\/schema\/logo\/image\/","url":"https:\/\/www.ghostysky.com\/wp-content\/uploads\/2020\/06\/cropped-ghostyskylogo_text_white2.png","contentUrl":"https:\/\/www.ghostysky.com\/wp-content\/uploads\/2020\/06\/cropped-ghostyskylogo_text_white2.png","width":169,"height":56,"caption":"Ghostysky"},"image":{"@id":"https:\/\/www.ghostysky.com\/#\/schema\/logo\/image\/"},"sameAs":["https:\/\/www.facebook.com\/people\/Ghostysky\/100057676170234\/","https:\/\/x.com\/Gh0stysky","https:\/\/www.linkedin.com\/company\/34739653","https:\/\/www.instagram.com\/gh0stysky"]}]}},"_links":{"self":[{"href":"https:\/\/www.ghostysky.com\/es\/wp-json\/wp\/v2\/product\/24435","targetHints":{"allow":["GET"]}}],"collection":[{"href":"https:\/\/www.ghostysky.com\/es\/wp-json\/wp\/v2\/product"}],"about":[{"href":"https:\/\/www.ghostysky.com\/es\/wp-json\/wp\/v2\/types\/product"}],"replies":[{"embeddable":true,"href":"https:\/\/www.ghostysky.com\/es\/wp-json\/wp\/v2\/comments?post=24435"}],"version-history":[{"count":1,"href":"https:\/\/www.ghostysky.com\/es\/wp-json\/wp\/v2\/product\/24435\/revisions"}],"predecessor-version":[{"id":24439,"href":"https:\/\/www.ghostysky.com\/es\/wp-json\/wp\/v2\/product\/24435\/revisions\/24439"}],"wp:featuredmedia":[{"embeddable":true,"href":"https:\/\/www.ghostysky.com\/es\/wp-json\/wp\/v2\/media\/21524"}],"wp:attachment":[{"href":"https:\/\/www.ghostysky.com\/es\/wp-json\/wp\/v2\/media?parent=24435"}],"wp:term":[{"taxonomy":"product_brand","embeddable":true,"href":"https:\/\/www.ghostysky.com\/es\/wp-json\/wp\/v2\/product_brand?post=24435"},{"taxonomy":"product_cat","embeddable":true,"href":"https:\/\/www.ghostysky.com\/es\/wp-json\/wp\/v2\/product_cat?post=24435"},{"taxonomy":"product_tag","embeddable":true,"href":"https:\/\/www.ghostysky.com\/es\/wp-json\/wp\/v2\/product_tag?post=24435"}],"curies":[{"name":"wp","href":"https:\/\/api.w.org\/{rel}","templated":true}]}}