{"id":24438,"date":"2026-03-16T13:56:38","date_gmt":"2026-03-16T13:56:38","guid":{"rendered":"https:\/\/www.ghostysky.com\/?post_type=product&#038;p=24438"},"modified":"2026-03-19T12:07:28","modified_gmt":"2026-03-19T12:07:28","slug":"unitre-g1-edu-professional-f-u14","status":"publish","type":"product","link":"https:\/\/www.ghostysky.com\/es\/product\/unitre-g1-edu-professional-f-u14\/","title":{"rendered":"Unitre G1 EDU Profesional F (U14)"},"content":{"rendered":"<div id=\"model-response-message-contentr_c0565deda99f03ad\" class=\"markdown markdown-main-panel stronger enable-updated-hr-color\" dir=\"ltr\">\n<div id=\"model-response-message-contentr_0f28adeca7555db0\" class=\"markdown markdown-main-panel stronger enable-updated-hr-color\" dir=\"ltr\">\n<div id=\"model-response-message-contentr_2df5e3d7da0ab85d\" class=\"markdown markdown-main-panel stronger enable-updated-hr-color\" dir=\"ltr\">\n<h3 data-path-to-node=\"3\">Caracter\u00edsticas y capacidades clave<\/h3>\n<h3 data-path-to-node=\"4\">1. <span class=\"citation-382 citation-end-382\">Manipulaci\u00f3n avanzada (manos diestras)<\/span><\/h3>\n<p id=\"p-rc_20a69b775791a0b4-113\" data-path-to-node=\"5\"><span class=\"citation-381\">La designaci\u00f3n \u201cF\u201d normalmente se refiere a la inclusi\u00f3n de <\/span><b data-path-to-node=\"5\" data-index-in-node=\"57\"><span class=\"citation-381\">manos diestras de cinco dedos<\/span><\/b><span class=\"citation-381 citation-end-381\"> (a menudo la serie Inspire RH56).<\/span><\/p>\n<ul data-path-to-node=\"6\">\n<li>\n<p id=\"p-rc_20a69b775791a0b4-114\" data-path-to-node=\"6,0,0\"><b data-path-to-node=\"6,0,0\" data-index-in-node=\"0\"><span class=\"citation-380\">Grados de libertad (GDL):<\/span><\/b><span class=\"citation-380\"> Esta versi\u00f3n puede alcanzar hasta <\/span><b data-path-to-node=\"6,0,0\" data-index-in-node=\"55\"><span class=\"citation-380\">43 grados de libertad<\/span><\/b><span class=\"citation-380 citation-end-380\"> en todo el cuerpo.<\/span><\/p>\n<\/li>\n<li>\n<p id=\"p-rc_20a69b775791a0b4-115\" data-path-to-node=\"6,1,0\"><b data-path-to-node=\"6,1,0\" data-index-in-node=\"0\">Retroalimentaci\u00f3n t\u00e1ctil:<\/b><span class=\"citation-379\"> Estas manos est\u00e1n equipadas con hasta <\/span><b data-path-to-node=\"6,1,0\" data-index-in-node=\"54\"><span class=\"citation-379\">17 sensores t\u00e1ctiles<\/span><\/b><span class=\"citation-379 citation-end-379\"> cada mano, lo que permite al robot sentir la presi\u00f3n y manipular objetos delicados (como cristaler\u00eda o componentes electr\u00f3nicos) con una precisi\u00f3n similar a la humana.<\/span><\/p>\n<div class=\"source-inline-chip-container ng-star-inserted\"><\/div>\n<\/li>\n<\/ul>\n<h3 data-path-to-node=\"7\">2. <span class=\"citation-378 citation-end-378\">N\u00facleo de IA de alto rendimiento<\/span><\/h3>\n<p id=\"p-rc_20a69b775791a0b4-116\" data-path-to-node=\"8\"><span class=\"citation-377\">Mientras que el G1 est\u00e1ndar utiliza una CPU b\u00e1sica de ocho n\u00facleos, el EDU Professional est\u00e1 impulsado por un <\/span><b data-path-to-node=\"8\" data-index-in-node=\"88\"><span class=\"citation-377\">NVIDIA Jetson Orin<\/span><\/b><span class=\"citation-377 citation-end-377\"> m\u00f3dulo.<\/span><\/p>\n<ul data-path-to-node=\"9\">\n<li>\n<p id=\"p-rc_20a69b775791a0b4-117\" data-path-to-node=\"9,0,0\"><b data-path-to-node=\"9,0,0\" data-index-in-node=\"0\">Potencia de c\u00e1lculo:<\/b><span class=\"citation-376\"> Entrega hasta <\/span><b data-path-to-node=\"9,0,0\" data-index-in-node=\"32\"><span class=\"citation-376\">100\u2013275 TOPS<\/span><\/b><span class=\"citation-376 citation-end-376\"> (Tera Operaciones por Segundo) de rendimiento de la IA.<\/span><\/p>\n<\/li>\n<li>\n<p data-path-to-node=\"9,1,0\"><b data-path-to-node=\"9,1,0\" data-index-in-node=\"0\">Listo para la investigaci\u00f3n:<\/b> Esto permite el aprendizaje por refuerzo en tiempo real, el SLAM complejo (localizaci\u00f3n y mapeo simult\u00e1neos) y tareas avanzadas de visi\u00f3n artificial directamente a bordo.<\/p>\n<\/li>\n<\/ul>\n<p>&nbsp;<\/p>\n<h3 data-path-to-node=\"10\">3. Movilidad y construcci\u00f3n<\/h3>\n<p id=\"p-rc_20a69b775791a0b4-118\" data-path-to-node=\"11\"><span class=\"citation-375 citation-end-375\">El G1 es famoso por su dise\u00f1o &quot;plegable&quot;, lo que lo convierte en uno de los humanoides m\u00e1s port\u00e1tiles del mundo.<\/span><\/p>\n<ul data-path-to-node=\"12\">\n<li>\n<p id=\"p-rc_20a69b775791a0b4-119\" data-path-to-node=\"12,0,0\"><b data-path-to-node=\"12,0,0\" data-index-in-node=\"0\">Par de torsi\u00f3n de la articulaci\u00f3n:<\/b><span class=\"citation-374\"> Articulaciones de rodilla mejoradas que ofrecen <\/span><b data-path-to-node=\"12,0,0\" data-index-in-node=\"46\"><span class=\"citation-374\">120 Nm<\/span><\/b><span class=\"citation-374 citation-end-374\"> de par motor (en comparaci\u00f3n con los 90 Nm de los modelos b\u00e1sicos).<\/span><\/p>\n<\/li>\n<li>\n<p id=\"p-rc_20a69b775791a0b4-120\" data-path-to-node=\"12,1,0\"><b data-path-to-node=\"12,1,0\" data-index-in-node=\"0\"><span class=\"citation-373\">Plegable:<\/span><\/b><span class=\"citation-373\"> Se puede plegar para ocupar poco espacio. <\/span><b data-path-to-node=\"12,1,0\" data-index-in-node=\"40\"><span class=\"citation-373\">690 \u00d7 450 \u00d7 300 mm<\/span><\/b><span class=\"citation-373 citation-end-373\"> para facilitar su transporte en el maletero de un coche est\u00e1ndar.<\/span><\/p>\n<\/li>\n<li>\n<p id=\"p-rc_20a69b775791a0b4-121\" data-path-to-node=\"12,2,0\"><b data-path-to-node=\"12,2,0\" data-index-in-node=\"0\"><span class=\"citation-372\">Durabilidad:<\/span><\/b><span class=\"citation-372 citation-end-372\"> Fabricado con aluminio de calidad aeroespacial y pl\u00e1sticos de ingenier\u00eda de alta resistencia.<\/span><\/p>\n<div class=\"source-inline-chip-container ng-star-inserted\"><\/div>\n<\/li>\n<\/ul>\n<h3 data-path-to-node=\"14\">Especificaciones t\u00e9cnicas<\/h3>\n<table data-path-to-node=\"15\">\n<thead>\n<tr>\n<td><strong>Caracter\u00edstica<\/strong><\/td>\n<td><strong>Especificaci\u00f3n<\/strong><\/td>\n<\/tr>\n<\/thead>\n<tbody>\n<tr>\n<td><span data-path-to-node=\"15,1,0,0\"><b data-path-to-node=\"15,1,0,0\" data-index-in-node=\"0\">Altura (de pie)<\/b><\/span><\/td>\n<td><span data-path-to-node=\"15,1,1,0\">1.320 mm (aprox. 4&#039;4\u2033)<\/span><\/td>\n<\/tr>\n<tr>\n<td><span data-path-to-node=\"15,2,0,0\"><b data-path-to-node=\"15,2,0,0\" data-index-in-node=\"0\">Peso<\/b><\/span><\/td>\n<td><span data-path-to-node=\"15,2,1,0\">~35 kg (incluida la bater\u00eda)<\/span><\/td>\n<\/tr>\n<tr>\n<td><span data-path-to-node=\"15,3,0,0\"><b data-path-to-node=\"15,3,0,0\" data-index-in-node=\"0\">M\u00e1xima velocidad<\/b><\/span><\/td>\n<td><span data-path-to-node=\"15,3,1,0\">2,0 m\/s (aprox. 7,2 km\/h)<\/span><\/td>\n<\/tr>\n<tr>\n<td><span data-path-to-node=\"15,4,0,0\"><b data-path-to-node=\"15,4,0,0\" data-index-in-node=\"0\">Duraci\u00f3n de la bater\u00eda<\/b><\/span><\/td>\n<td><span data-path-to-node=\"15,4,1,0\">Aproximadamente 2 horas (bater\u00eda de 9000 mAh de liberaci\u00f3n r\u00e1pida)<\/span><\/td>\n<\/tr>\n<tr>\n<td><span data-path-to-node=\"15,5,0,0\"><b data-path-to-node=\"15,5,0,0\" data-index-in-node=\"0\">Conjunto de sensores<\/b><\/span><\/td>\n<td><span data-path-to-node=\"15,5,1,0\">LiDAR 3D (360\u00b0), c\u00e1mara de profundidad (Intel RealSense), matriz de 4 micr\u00f3fonos<\/span><\/td>\n<\/tr>\n<tr>\n<td><span data-path-to-node=\"15,6,0,0\"><b data-path-to-node=\"15,6,0,0\" data-index-in-node=\"0\">Conectividad<\/b><\/span><\/td>\n<td><span data-path-to-node=\"15,6,1,0\">WiFi 6, Bluetooth 5.2, Gigabit Ethernet<\/span><\/td>\n<\/tr>\n<tr>\n<td><span data-path-to-node=\"15,7,0,0\"><b data-path-to-node=\"15,7,0,0\" data-index-in-node=\"0\">Carga \u00fatil<\/b><\/span><\/td>\n<td><span data-path-to-node=\"15,7,1,0\">Capacidad de carga del brazo de aproximadamente 3 kg<\/span><\/td>\n<\/tr>\n<\/tbody>\n<\/table>\n<p>&nbsp;<\/p>\n<p>&nbsp;<\/p>\n<\/div>\n<div id=\"model-response-message-contentr_2df5e3d7da0ab85d\" class=\"markdown markdown-main-panel stronger enable-updated-hr-color\" dir=\"ltr\">\n<h3 data-path-to-node=\"17\">\u00bfPor qu\u00e9 elegir EDU Professional F?<\/h3>\n<p data-path-to-node=\"18\">Este modelo espec\u00edfico es el puente entre una \u201ccuriosidad de laboratorio\u201d y un \u201cagente funcional\u201d. Est\u00e1 dise\u00f1ado para:<\/p>\n<ul data-path-to-node=\"19\">\n<li>\n<p data-path-to-node=\"19,0,0\"><b data-path-to-node=\"19,0,0\" data-index-in-node=\"0\">Investigaci\u00f3n sobre IA incorporada:<\/b> Pruebas de modelos de lenguaje a gran escala (LLM, por sus siglas en ingl\u00e9s) que necesitan interactuar con el mundo f\u00edsico.<\/p>\n<\/li>\n<li>\n<p id=\"p-rc_20a69b775791a0b4-122\" data-path-to-node=\"19,1,0\"><b data-path-to-node=\"19,1,0\" data-index-in-node=\"0\"><span class=\"citation-371\">Interacci\u00f3n humano-robot (HRI):<\/span><\/b><span class=\"citation-371 citation-end-371\"> Sus manos de cinco dedos permiten realizar gestos naturales y utilizar herramientas complejas.<\/span><\/p>\n<\/li>\n<li>\n<p id=\"p-rc_20a69b775791a0b4-123\" data-path-to-node=\"19,2,0\"><b data-path-to-node=\"19,2,0\" data-index-in-node=\"0\">Desarrollo secundario:<\/b><span class=\"citation-370 citation-end-370\"> Acceso completo al SDK y a ROS2, lo que permite a los desarrolladores programar patrones de marcha, tareas y comportamientos aut\u00f3nomos personalizados.<\/span><\/p>\n<\/li>\n<\/ul>\n<\/div>\n<\/div>\n<\/div>","protected":false},"excerpt":{"rendered":"<p data-path-to-node=\"0\">El <b data-path-to-node=\"0\" data-index-in-node=\"4\">Unitree G1 EDU Profesional F (U14)<\/b> Es una configuraci\u00f3n de gama alta de la serie humanoide G1, dise\u00f1ada espec\u00edficamente para investigaci\u00f3n avanzada, desarrollo de IA integrada y aplicaciones de servicios profesionales.<\/p>\n<p data-path-to-node=\"1\">A diferencia del modelo b\u00e1sico de consumo, el <b data-path-to-node=\"1\" data-index-in-node=\"37\">EDU Profesional F<\/b> Funciona como una plataforma de &quot;especificaciones completas&quot;, que integra computaci\u00f3n de IA de alto rendimiento con el hardware de manipulaci\u00f3n m\u00e1s avanzado disponible en la l\u00ednea G1.<\/p>","protected":false},"featured_media":21524,"comment_status":"open","ping_status":"closed","template":"","meta":[],"product_brand":[1087],"product_cat":[1038,1037,1103],"product_tag":[1088,1110,1109,1105],"class_list":{"0":"post-24438","1":"product","2":"type-product","3":"status-publish","4":"has-post-thumbnail","6":"product_brand-unitree","7":"product_cat-humanoid","8":"product_cat-robotics","9":"product_cat-unitree-hum-robots","10":"product_tag-unitree","11":"product_tag-unitree-g1-robot","12":"product_tag-unitree-g1-series","13":"product_tag-unitree-humanoid","15":"first","16":"onbackorder","17":"taxable","18":"shipping-taxable","19":"purchasable","20":"product-type-simple"},"yoast_head":"<!-- This site is optimized with the Yoast SEO plugin v27.1.1 - https:\/\/yoast.com\/product\/yoast-seo-wordpress\/ -->\n<title>Unitre G1 EDU Professional F (U14) - Ghostysky<\/title>\n<meta name=\"description\" content=\"The Unitree G1 EDU Professional F (U14) is a high-tier configuration of the G1 humanoid series, specifically engineered for advanced research, embodied AI development, and professional service applications.Unlike the basic consumer model, the EDU Professional F serves as a &quot;full-spec&quot; platform, integrating high-performance AI computing with the most advanced manipulation hardware available in the G1 lineup.\" \/>\n<meta name=\"robots\" content=\"index, follow, max-snippet:-1, max-image-preview:large, max-video-preview:-1\" \/>\n<link rel=\"canonical\" href=\"https:\/\/www.ghostysky.com\/es\/producto-2\/unitre-g1-edu-professional-f-u14\/\" \/>\n<meta property=\"og:locale\" content=\"es_ES\" \/>\n<meta property=\"og:type\" content=\"article\" \/>\n<meta property=\"og:title\" content=\"Unitre G1 EDU Professional F (U14) - Ghostysky\" \/>\n<meta property=\"og:description\" content=\"The Unitree G1 EDU Professional F (U14) is a high-tier configuration of the G1 humanoid series, specifically engineered for advanced research, embodied AI development, and professional service applications.Unlike the basic consumer model, the EDU Professional F serves as a &quot;full-spec&quot; platform, integrating high-performance AI computing with the most advanced manipulation hardware available in the G1 lineup.\" \/>\n<meta property=\"og:url\" content=\"https:\/\/www.ghostysky.com\/es\/producto-2\/unitre-g1-edu-professional-f-u14\/\" \/>\n<meta property=\"og:site_name\" content=\"Ghostysky\" \/>\n<meta property=\"article:publisher\" content=\"https:\/\/www.facebook.com\/people\/Ghostysky\/100057676170234\/\" \/>\n<meta property=\"article:modified_time\" content=\"2026-03-19T12:07:28+00:00\" \/>\n<meta property=\"og:image\" content=\"https:\/\/www.ghostysky.com\/wp-content\/uploads\/2025\/10\/GH_G1-Humanoid_1.png\" \/>\n\t<meta property=\"og:image:width\" content=\"650\" \/>\n\t<meta property=\"og:image:height\" content=\"650\" \/>\n\t<meta property=\"og:image:type\" content=\"image\/png\" \/>\n<meta name=\"twitter:card\" content=\"summary_large_image\" \/>\n<meta name=\"twitter:site\" content=\"@Gh0stysky\" \/>\n<meta name=\"twitter:label1\" content=\"Tiempo de lectura\" \/>\n\t<meta name=\"twitter:data1\" content=\"2 minutos\" \/>\n<script type=\"application\/ld+json\" class=\"yoast-schema-graph\">{\"@context\":\"https:\/\/schema.org\",\"@graph\":[{\"@type\":\"WebPage\",\"@id\":\"https:\/\/www.ghostysky.com\/product\/unitre-g1-edu-professional-f-u14\/\",\"url\":\"https:\/\/www.ghostysky.com\/product\/unitre-g1-edu-professional-f-u14\/\",\"name\":\"Unitre G1 EDU Professional F (U14) - Ghostysky\",\"isPartOf\":{\"@id\":\"https:\/\/www.ghostysky.com\/#website\"},\"primaryImageOfPage\":{\"@id\":\"https:\/\/www.ghostysky.com\/product\/unitre-g1-edu-professional-f-u14\/#primaryimage\"},\"image\":{\"@id\":\"https:\/\/www.ghostysky.com\/product\/unitre-g1-edu-professional-f-u14\/#primaryimage\"},\"thumbnailUrl\":\"https:\/\/www.ghostysky.com\/wp-content\/uploads\/2025\/10\/GH_G1-Humanoid_1.png\",\"datePublished\":\"2026-03-16T13:56:38+00:00\",\"dateModified\":\"2026-03-19T12:07:28+00:00\",\"description\":\"The Unitree G1 EDU Professional F (U14) is a high-tier configuration of the G1 humanoid series, specifically engineered for advanced research, embodied AI development, and professional service applications.Unlike the basic consumer model, the EDU Professional F serves as a \\\"full-spec\\\" platform, integrating high-performance AI computing with the most advanced manipulation hardware available in the G1 lineup.\",\"breadcrumb\":{\"@id\":\"https:\/\/www.ghostysky.com\/product\/unitre-g1-edu-professional-f-u14\/#breadcrumb\"},\"inLanguage\":\"es\",\"potentialAction\":[{\"@type\":\"ReadAction\",\"target\":[\"https:\/\/www.ghostysky.com\/product\/unitre-g1-edu-professional-f-u14\/\"]}]},{\"@type\":\"ImageObject\",\"inLanguage\":\"es\",\"@id\":\"https:\/\/www.ghostysky.com\/product\/unitre-g1-edu-professional-f-u14\/#primaryimage\",\"url\":\"https:\/\/www.ghostysky.com\/wp-content\/uploads\/2025\/10\/GH_G1-Humanoid_1.png\",\"contentUrl\":\"https:\/\/www.ghostysky.com\/wp-content\/uploads\/2025\/10\/GH_G1-Humanoid_1.png\",\"width\":650,\"height\":650},{\"@type\":\"BreadcrumbList\",\"@id\":\"https:\/\/www.ghostysky.com\/product\/unitre-g1-edu-professional-f-u14\/#breadcrumb\",\"itemListElement\":[{\"@type\":\"ListItem\",\"position\":1,\"name\":\"Home\",\"item\":\"https:\/\/www.ghostysky.com\/\"},{\"@type\":\"ListItem\",\"position\":2,\"name\":\"Shop\",\"item\":\"https:\/\/www.ghostysky.com\/shop\/\"},{\"@type\":\"ListItem\",\"position\":3,\"name\":\"Unitre G1 EDU Professional F (U14)\"}]},{\"@type\":\"WebSite\",\"@id\":\"https:\/\/www.ghostysky.com\/#website\",\"url\":\"https:\/\/www.ghostysky.com\/\",\"name\":\"Ghostysky\",\"description\":\"Delivering professional drones and services\",\"publisher\":{\"@id\":\"https:\/\/www.ghostysky.com\/#organization\"},\"potentialAction\":[{\"@type\":\"SearchAction\",\"target\":{\"@type\":\"EntryPoint\",\"urlTemplate\":\"https:\/\/www.ghostysky.com\/?s={search_term_string}\"},\"query-input\":{\"@type\":\"PropertyValueSpecification\",\"valueRequired\":true,\"valueName\":\"search_term_string\"}}],\"inLanguage\":\"es\"},{\"@type\":\"Organization\",\"@id\":\"https:\/\/www.ghostysky.com\/#organization\",\"name\":\"Ghostysky\",\"url\":\"https:\/\/www.ghostysky.com\/\",\"logo\":{\"@type\":\"ImageObject\",\"inLanguage\":\"es\",\"@id\":\"https:\/\/www.ghostysky.com\/#\/schema\/logo\/image\/\",\"url\":\"https:\/\/www.ghostysky.com\/wp-content\/uploads\/2020\/06\/cropped-ghostyskylogo_text_white2.png\",\"contentUrl\":\"https:\/\/www.ghostysky.com\/wp-content\/uploads\/2020\/06\/cropped-ghostyskylogo_text_white2.png\",\"width\":169,\"height\":56,\"caption\":\"Ghostysky\"},\"image\":{\"@id\":\"https:\/\/www.ghostysky.com\/#\/schema\/logo\/image\/\"},\"sameAs\":[\"https:\/\/www.facebook.com\/people\/Ghostysky\/100057676170234\/\",\"https:\/\/x.com\/Gh0stysky\",\"https:\/\/www.linkedin.com\/company\/34739653\",\"https:\/\/www.instagram.com\/gh0stysky\"]}]}<\/script>\n<!-- \/ Yoast SEO plugin. -->","yoast_head_json":{"title":"Unidad G1 EDU Professional F (U14) - Ghostysky","description":"El Unitree G1 EDU Professional F (U14) es una configuraci\u00f3n de gama alta de la serie humanoide G1, dise\u00f1ada espec\u00edficamente para investigaci\u00f3n avanzada, desarrollo de IA integrada y aplicaciones de servicios profesionales. A diferencia del modelo b\u00e1sico para el consumidor, el EDU Professional F funciona como una plataforma de &quot;especificaciones completas&quot;, que integra computaci\u00f3n de IA de alto rendimiento con el hardware de manipulaci\u00f3n m\u00e1s avanzado disponible en la l\u00ednea G1.","robots":{"index":"index","follow":"follow","max-snippet":"max-snippet:-1","max-image-preview":"max-image-preview:large","max-video-preview":"max-video-preview:-1"},"canonical":"https:\/\/www.ghostysky.com\/es\/producto-2\/unitre-g1-edu-professional-f-u14\/","og_locale":"es_ES","og_type":"article","og_title":"Unitre G1 EDU Professional F (U14) - Ghostysky","og_description":"The Unitree G1 EDU Professional F (U14) is a high-tier configuration of the G1 humanoid series, specifically engineered for advanced research, embodied AI development, and professional service applications.Unlike the basic consumer model, the EDU Professional F serves as a \"full-spec\" platform, integrating high-performance AI computing with the most advanced manipulation hardware available in the G1 lineup.","og_url":"https:\/\/www.ghostysky.com\/es\/producto-2\/unitre-g1-edu-professional-f-u14\/","og_site_name":"Ghostysky","article_publisher":"https:\/\/www.facebook.com\/people\/Ghostysky\/100057676170234\/","article_modified_time":"2026-03-19T12:07:28+00:00","og_image":[{"width":650,"height":650,"url":"https:\/\/www.ghostysky.com\/wp-content\/uploads\/2025\/10\/GH_G1-Humanoid_1.png","type":"image\/png"}],"twitter_card":"summary_large_image","twitter_site":"@Gh0stysky","twitter_misc":{"Tiempo de lectura":"2 minutos"},"schema":{"@context":"https:\/\/schema.org","@graph":[{"@type":"WebPage","@id":"https:\/\/www.ghostysky.com\/product\/unitre-g1-edu-professional-f-u14\/","url":"https:\/\/www.ghostysky.com\/product\/unitre-g1-edu-professional-f-u14\/","name":"Unidad G1 EDU Professional F (U14) - Ghostysky","isPartOf":{"@id":"https:\/\/www.ghostysky.com\/#website"},"primaryImageOfPage":{"@id":"https:\/\/www.ghostysky.com\/product\/unitre-g1-edu-professional-f-u14\/#primaryimage"},"image":{"@id":"https:\/\/www.ghostysky.com\/product\/unitre-g1-edu-professional-f-u14\/#primaryimage"},"thumbnailUrl":"https:\/\/www.ghostysky.com\/wp-content\/uploads\/2025\/10\/GH_G1-Humanoid_1.png","datePublished":"2026-03-16T13:56:38+00:00","dateModified":"2026-03-19T12:07:28+00:00","description":"El Unitree G1 EDU Professional F (U14) es una configuraci\u00f3n de gama alta de la serie humanoide G1, dise\u00f1ada espec\u00edficamente para investigaci\u00f3n avanzada, desarrollo de IA integrada y aplicaciones de servicios profesionales. A diferencia del modelo b\u00e1sico para el consumidor, el EDU Professional F funciona como una plataforma de &quot;especificaciones completas&quot;, que integra computaci\u00f3n de IA de alto rendimiento con el hardware de manipulaci\u00f3n m\u00e1s avanzado disponible en la l\u00ednea G1.","breadcrumb":{"@id":"https:\/\/www.ghostysky.com\/product\/unitre-g1-edu-professional-f-u14\/#breadcrumb"},"inLanguage":"es","potentialAction":[{"@type":"ReadAction","target":["https:\/\/www.ghostysky.com\/product\/unitre-g1-edu-professional-f-u14\/"]}]},{"@type":"ImageObject","inLanguage":"es","@id":"https:\/\/www.ghostysky.com\/product\/unitre-g1-edu-professional-f-u14\/#primaryimage","url":"https:\/\/www.ghostysky.com\/wp-content\/uploads\/2025\/10\/GH_G1-Humanoid_1.png","contentUrl":"https:\/\/www.ghostysky.com\/wp-content\/uploads\/2025\/10\/GH_G1-Humanoid_1.png","width":650,"height":650},{"@type":"BreadcrumbList","@id":"https:\/\/www.ghostysky.com\/product\/unitre-g1-edu-professional-f-u14\/#breadcrumb","itemListElement":[{"@type":"ListItem","position":1,"name":"Home","item":"https:\/\/www.ghostysky.com\/"},{"@type":"ListItem","position":2,"name":"Shop","item":"https:\/\/www.ghostysky.com\/shop\/"},{"@type":"ListItem","position":3,"name":"Unitre G1 EDU Professional F (U14)"}]},{"@type":"WebSite","@id":"https:\/\/www.ghostysky.com\/#website","url":"https:\/\/www.ghostysky.com\/","name":"Ghostysky","description":"Entrega de drones y servicios profesionales","publisher":{"@id":"https:\/\/www.ghostysky.com\/#organization"},"potentialAction":[{"@type":"SearchAction","target":{"@type":"EntryPoint","urlTemplate":"https:\/\/www.ghostysky.com\/?s={search_term_string}"},"query-input":{"@type":"PropertyValueSpecification","valueRequired":true,"valueName":"search_term_string"}}],"inLanguage":"es"},{"@type":"Organization","@id":"https:\/\/www.ghostysky.com\/#organization","name":"Ghostysky","url":"https:\/\/www.ghostysky.com\/","logo":{"@type":"ImageObject","inLanguage":"es","@id":"https:\/\/www.ghostysky.com\/#\/schema\/logo\/image\/","url":"https:\/\/www.ghostysky.com\/wp-content\/uploads\/2020\/06\/cropped-ghostyskylogo_text_white2.png","contentUrl":"https:\/\/www.ghostysky.com\/wp-content\/uploads\/2020\/06\/cropped-ghostyskylogo_text_white2.png","width":169,"height":56,"caption":"Ghostysky"},"image":{"@id":"https:\/\/www.ghostysky.com\/#\/schema\/logo\/image\/"},"sameAs":["https:\/\/www.facebook.com\/people\/Ghostysky\/100057676170234\/","https:\/\/x.com\/Gh0stysky","https:\/\/www.linkedin.com\/company\/34739653","https:\/\/www.instagram.com\/gh0stysky"]}]}},"_links":{"self":[{"href":"https:\/\/www.ghostysky.com\/es\/wp-json\/wp\/v2\/product\/24438","targetHints":{"allow":["GET"]}}],"collection":[{"href":"https:\/\/www.ghostysky.com\/es\/wp-json\/wp\/v2\/product"}],"about":[{"href":"https:\/\/www.ghostysky.com\/es\/wp-json\/wp\/v2\/types\/product"}],"replies":[{"embeddable":true,"href":"https:\/\/www.ghostysky.com\/es\/wp-json\/wp\/v2\/comments?post=24438"}],"wp:featuredmedia":[{"embeddable":true,"href":"https:\/\/www.ghostysky.com\/es\/wp-json\/wp\/v2\/media\/21524"}],"wp:attachment":[{"href":"https:\/\/www.ghostysky.com\/es\/wp-json\/wp\/v2\/media?parent=24438"}],"wp:term":[{"taxonomy":"product_brand","embeddable":true,"href":"https:\/\/www.ghostysky.com\/es\/wp-json\/wp\/v2\/product_brand?post=24438"},{"taxonomy":"product_cat","embeddable":true,"href":"https:\/\/www.ghostysky.com\/es\/wp-json\/wp\/v2\/product_cat?post=24438"},{"taxonomy":"product_tag","embeddable":true,"href":"https:\/\/www.ghostysky.com\/es\/wp-json\/wp\/v2\/product_tag?post=24438"}],"curies":[{"name":"wp","href":"https:\/\/api.w.org\/{rel}","templated":true}]}}