{"id":24698,"date":"2026-03-26T15:00:16","date_gmt":"2026-03-26T15:00:16","guid":{"rendered":"https:\/\/www.ghostysky.com\/?post_type=product&#038;p=24698"},"modified":"2026-04-06T07:37:39","modified_gmt":"2026-04-06T07:37:39","slug":"dji-avata-360-dji-rc-2","status":"publish","type":"product","link":"https:\/\/www.ghostysky.com\/es\/product\/dji-avata-360-dji-rc-2\/","title":{"rendered":"DJI Avata 360 (DJI RC 2)"},"content":{"rendered":"<h3 data-path-to-node=\"2\"><b data-path-to-node=\"2\" data-index-in-node=\"0\">Capt\u00faralo todo, decide despu\u00e9s.<\/b><\/h3>\n<p data-path-to-node=\"3\"><span class=\"\">El n\u00facleo del Avata 360 es su doble <\/span><b class=\"\" data-path-to-node=\"3\" data-index-in-node=\"38\">Sensores CMOS cuadrados equivalentes a 1 pulgada<\/b><span class=\"\">.<\/span><span class=\"\"> A diferencia de los modelos anteriores en los que hab\u00eda que apuntar el dron hacia la acci\u00f3n,<\/span><span class=\"\"> La Avata 360 graba toda la esfera que la rodea.<\/span><\/p>\n<ul data-path-to-node=\"4\">\n<li>\n<p data-path-to-node=\"4,0,0\"><b class=\"\" data-path-to-node=\"4,0,0\" data-index-in-node=\"0\">V\u00eddeo HDR 8K\/60fps:<\/b><span class=\"\"> Graba con una resoluci\u00f3n masiva que te permite &quot;reencuadrar&quot; tus tomas en la postproducci\u00f3n sin perder detalles importantes.<\/span><\/p>\n<\/li>\n<li>\n<p data-path-to-node=\"4,1,0\"><b class=\"\" data-path-to-node=\"4,1,0\" data-index-in-node=\"0\">Fotos de 120 MP:<\/b><span class=\"\"> Captura im\u00e1genes fijas de 360\u00b0 con un solo toque,<\/span><span class=\"\"> preservando cada \u00e1ngulo de un paisaje.<\/span><\/p>\n<\/li>\n<li>\n<p data-path-to-node=\"4,2,0\"><b class=\"\" data-path-to-node=\"4,2,0\" data-index-in-node=\"0\">Flexibilidad de modo dual:<\/b><span class=\"\"> Usar <\/span><b class=\"\" data-path-to-node=\"4,2,0\" data-index-in-node=\"27\">Modo 360\u00b0<\/b><span class=\"\"> para cobertura total o cambiar a <\/span><b class=\"\" data-path-to-node=\"4,2,0\" data-index-in-node=\"69\">Modo de lente \u00fanica<\/b><span class=\"\"> para grabaciones FPV tradicionales en 4K\/60fps con vista frontal.<\/span><\/p>\n<\/li>\n<\/ul>\n<h3 data-path-to-node=\"5\"><b data-path-to-node=\"5\" data-index-in-node=\"0\">Rendimiento y seguridad en vuelo<\/b><\/h3>\n<p data-path-to-node=\"6\"><span class=\"\">DJI ha equipado este \u201ccinewhoop\u201d con su tecnolog\u00eda de seguridad m\u00e1s avanzada hasta la fecha,<\/span><span class=\"\"> lo que lo hace accesible para principiantes e indispensable para profesionales.<\/span><\/p>\n<ul data-path-to-node=\"7\">\n<li>\n<p data-path-to-node=\"7,0,0\"><b class=\"\" data-path-to-node=\"7,0,0\" data-index-in-node=\"0\">Detecci\u00f3n de obst\u00e1culos omnidireccional:<\/b><span class=\"\"> Impulsado por LiDAR frontal,<\/span><span class=\"\"> El dron puede detectar obst\u00e1culos en cualquier direcci\u00f3n, incluso de noche.<\/span><\/p>\n<\/li>\n<li>\n<p data-path-to-node=\"7,1,0\"><b class=\"\" data-path-to-node=\"7,1,0\" data-index-in-node=\"0\">Protectores de h\u00e9lice integrados:<\/b><span class=\"\"> El dise\u00f1o cl\u00e1sico de \u201cwhoop\u201d se perfecciona aqu\u00ed,<\/span><span class=\"\"> Permite vuelos a corta distancia y rebota en las paredes sin estrellarse.<\/span><\/p>\n<\/li>\n<li>\n<p data-path-to-node=\"7,2,0\"><b class=\"\" data-path-to-node=\"7,2,0\" data-index-in-node=\"0\">Duraci\u00f3n del vuelo: 23 minutos.<\/b><span class=\"\"> La eficiencia optimizada de la bater\u00eda te proporciona m\u00e1s tiempo en el aire en comparaci\u00f3n con los modelos FPV anteriores.<\/span><\/p>\n<\/li>\n<li>\n<p data-path-to-node=\"7,3,0\"><b class=\"\" data-path-to-node=\"7,3,0\" data-index-in-node=\"0\">Transmisi\u00f3n O4+:<\/b><span class=\"\"> Proporciona una transmisi\u00f3n en directo n\u00edtida a 1080p\/60fps a tu RC 2 o gafas con un alcance de hasta 20 km.<\/span><\/p>\n<\/li>\n<\/ul>\n<h3 data-path-to-node=\"8\"><b data-path-to-node=\"8\" data-index-in-node=\"0\">La ventaja del DJI RC 2<\/b><\/h3>\n<p data-path-to-node=\"9\"><span class=\"\">Si bien muchos vuelan Avata con un controlador de movimiento,<\/span><span class=\"\"> el <\/span><b class=\"\" data-path-to-node=\"9\" data-index-in-node=\"51\">DJI RC 2<\/b><span class=\"\"> Este paquete est\u00e1 dise\u00f1ado para el \u201cDirector de fotograf\u00eda a\u00e9rea\u201d.<\/span><span class=\"\">\u201c<\/span><\/p>\n<ul data-path-to-node=\"10\">\n<li>\n<p data-path-to-node=\"10,0,0\"><b class=\"\" data-path-to-node=\"10,0,0\" data-index-in-node=\"0\">Pantalla integrada:<\/b><span class=\"\"> No es necesario conectar un tel\u00e9fono inteligente; la pantalla de alto brillo de 700 nits se mantiene n\u00edtida incluso bajo la luz solar directa.<\/span><\/p>\n<\/li>\n<li>\n<p data-path-to-node=\"10,1,0\"><b class=\"\" data-path-to-node=\"10,1,0\" data-index-in-node=\"0\">Control de precisi\u00f3n:<\/b><span class=\"\"> Los joysticks dobles tradicionales permiten la funci\u00f3n de &quot;estabilizador virtual&quot;.,<\/span><span class=\"\"> donde puedes girar la vista de la c\u00e1mara infinitamente mientras el dron vuela en l\u00ednea recta.<\/span><\/p>\n<\/li>\n<li>\n<p data-path-to-node=\"10,2,0\"><b class=\"\" data-path-to-node=\"10,2,0\" data-index-in-node=\"0\">Procesador de \u00faltima generaci\u00f3n:<\/b><span class=\"\"> Garantiza que la aplicaci\u00f3n DJI Fly funcione sin problemas para una reproducci\u00f3n instant\u00e1nea y un reencuadre de 360\u00b0 sobre la marcha.<\/span><\/p>\n<\/li>\n<\/ul>\n<h3 class=\"\" data-path-to-node=\"12\"><b data-path-to-node=\"12\" data-index-in-node=\"0\">Especificaciones clave de un vistazo<\/b><\/h3>\n<table data-path-to-node=\"13\">\n<thead>\n<tr>\n<td><strong>Caracter\u00edstica<\/strong><\/td>\n<td><strong>Especificaci\u00f3n<\/strong><\/td>\n<\/tr>\n<\/thead>\n<tbody>\n<tr>\n<td><span data-path-to-node=\"13,1,0,0\"><b data-path-to-node=\"13,1,0,0\" data-index-in-node=\"0\">Resoluci\u00f3n m\u00e1xima<\/b><\/span><\/td>\n<td><span data-path-to-node=\"13,1,1,0\">8K\/60fps (360\u00b0) \/ 4K\/60fps (Individual)<\/span><\/td>\n<\/tr>\n<tr>\n<td><span data-path-to-node=\"13,2,0,0\"><b data-path-to-node=\"13,2,0,0\" data-index-in-node=\"0\">Resoluci\u00f3n de la foto<\/b><\/span><\/td>\n<td><span data-path-to-node=\"13,2,1,0\">120 megap\u00edxeles<\/span><\/td>\n<\/tr>\n<tr>\n<td><span data-path-to-node=\"13,3,0,0\"><b data-path-to-node=\"13,3,0,0\" data-index-in-node=\"0\">Sensores<\/b><\/span><\/td>\n<td><span data-path-to-node=\"13,3,1,0\">Doble sensor CMOS cuadrado de 1\/1,1 pulgadas<\/span><\/td>\n<\/tr>\n<tr>\n<td><span data-path-to-node=\"13,4,0,0\"><b data-path-to-node=\"13,4,0,0\" data-index-in-node=\"0\">Almacenamiento interno<\/b><\/span><\/td>\n<td><span data-path-to-node=\"13,4,1,0\">42 GB (aprox. 30 minutos de v\u00eddeo en 8K)<\/span><\/td>\n<\/tr>\n<tr>\n<td><span data-path-to-node=\"13,5,0,0\"><b data-path-to-node=\"13,5,0,0\" data-index-in-node=\"0\">Peso<\/b><\/span><\/td>\n<td><span data-path-to-node=\"13,5,1,0\">Aprox. 455 g<\/span><\/td>\n<\/tr>\n<tr>\n<td><span data-path-to-node=\"13,6,0,0\"><b data-path-to-node=\"13,6,0,0\" data-index-in-node=\"0\">Detecci\u00f3n de obst\u00e1culos<\/b><\/span><\/td>\n<td><span data-path-to-node=\"13,6,1,0\">Visi\u00f3n nocturna omnidireccional (mejorada con LiDAR)<\/span><\/td>\n<\/tr>\n<\/tbody>\n<\/table>\n<blockquote class=\"\" data-path-to-node=\"14\">\n<p data-path-to-node=\"14,0\"><b data-path-to-node=\"14,0\" data-index-in-node=\"0\">Consejo profesional:<\/b> El Avata 360 cuenta con una <b data-path-to-node=\"14,0\" data-index-in-node=\"34\">Elemento de lente frontal reemplazable<\/b>. Si cometes un peque\u00f1o error y rayas el cristal, puedes reemplazarlo t\u00fa mismo sin tener que enviar la unidad completa a DJI para su reparaci\u00f3n.<\/p>\n<\/blockquote>","protected":false},"excerpt":{"rendered":"<p><span class=\"\">El <\/span><b class=\"\" data-path-to-node=\"0\" data-index-in-node=\"4\">DJI Avata 360<\/b><span class=\"\"> (lanzado en marzo de 2026) marca una evoluci\u00f3n masiva en la serie Avata,<\/span><span class=\"\"> pasando de un dron FPV tradicional a uno h\u00edbrido <\/span><b class=\"\" data-path-to-node=\"0\" data-index-in-node=\"137\">Potente c\u00e1mara 8K de 360 grados<\/b><span class=\"\">.<\/span><span class=\"\"> Al combinarlo con el <\/span><b class=\"\" data-path-to-node=\"0\" data-index-in-node=\"186\">DJI RC 2<\/b><span class=\"\">,<\/span><span class=\"\"> Obtendr\u00e1s una experiencia de control port\u00e1til de nivel profesional con un 5 integrado.<\/span><span class=\"\">Pantalla FHD de 5 pulgadas,<\/span><span class=\"\"> Perfecto para aquellos que desean un encuadre preciso junto con la diversi\u00f3n ca\u00f3tica del FPV.<\/span><\/p>","protected":false},"featured_media":24964,"comment_status":"open","ping_status":"closed","template":"","meta":[],"product_brand":[1031],"product_cat":[752,1403,1404,37],"product_tag":[1408,1406,1407],"class_list":{"0":"post-24698","1":"product","2":"type-product","3":"status-publish","4":"has-post-thumbnail","6":"product_brand-dji","7":"product_cat-aerial-photography","8":"product_cat-avata-360","9":"product_cat-avata-360-drones","10":"product_cat-dji","11":"product_tag-avata-360-drones","12":"product_tag-dji-avata-360","13":"product_tag-fvp","15":"first","16":"onbackorder","17":"taxable","18":"shipping-taxable","19":"purchasable","20":"product-type-simple"},"yoast_head":"<!-- This site is optimized with the Yoast SEO plugin v27.4 - https:\/\/yoast.com\/product\/yoast-seo-wordpress\/ -->\n<title>DJI Avata 360 (DJI RC 2) - Ghostysky<\/title>\n<meta name=\"description\" content=\"The DJI Avata 360 (launched March 2026) marks a massive evolution in the Avata series, shifting from a traditional FPV drone to a hybrid 8K 360-degree powerhouse. By pairing it with the DJI RC 2, you gain a professional-grade handheld control experience with an integrated 5.5-inch FHD screen, perfect for those who want precision framing alongside the chaotic fun of FPV.\" \/>\n<meta name=\"robots\" content=\"index, follow, max-snippet:-1, max-image-preview:large, max-video-preview:-1\" \/>\n<link rel=\"canonical\" href=\"https:\/\/www.ghostysky.com\/es\/producto-2\/dji-avata-360-dji-rc-2\/\" \/>\n<meta property=\"og:locale\" content=\"es_ES\" \/>\n<meta property=\"og:type\" content=\"article\" \/>\n<meta property=\"og:title\" content=\"DJI Avata 360 (DJI RC 2) - Ghostysky\" \/>\n<meta property=\"og:description\" content=\"The DJI Avata 360 (launched March 2026) marks a massive evolution in the Avata series, shifting from a traditional FPV drone to a hybrid 8K 360-degree powerhouse. By pairing it with the DJI RC 2, you gain a professional-grade handheld control experience with an integrated 5.5-inch FHD screen, perfect for those who want precision framing alongside the chaotic fun of FPV.\" \/>\n<meta property=\"og:url\" content=\"https:\/\/www.ghostysky.com\/es\/producto-2\/dji-avata-360-dji-rc-2\/\" \/>\n<meta property=\"og:site_name\" content=\"Ghostysky\" \/>\n<meta property=\"article:publisher\" content=\"https:\/\/www.facebook.com\/people\/Ghostysky\/100057676170234\/\" \/>\n<meta property=\"article:modified_time\" content=\"2026-04-06T07:37:39+00:00\" \/>\n<meta property=\"og:image\" content=\"https:\/\/www.ghostysky.com\/wp-content\/uploads\/2026\/03\/GH_DJIAvata360_1.jpeg\" \/>\n\t<meta property=\"og:image:width\" content=\"1308\" \/>\n\t<meta property=\"og:image:height\" content=\"1308\" \/>\n\t<meta property=\"og:image:type\" content=\"image\/jpeg\" \/>\n<meta name=\"twitter:card\" content=\"summary_large_image\" \/>\n<meta name=\"twitter:site\" content=\"@Gh0stysky\" \/>\n<meta name=\"twitter:label1\" content=\"Tiempo de lectura\" \/>\n\t<meta name=\"twitter:data1\" content=\"2 minutos\" \/>\n<script type=\"application\/ld+json\" class=\"yoast-schema-graph\">{\"@context\":\"https:\\\/\\\/schema.org\",\"@graph\":[{\"@type\":\"WebPage\",\"@id\":\"https:\\\/\\\/www.ghostysky.com\\\/product\\\/dji-avata-360-dji-rc-2\\\/\",\"url\":\"https:\\\/\\\/www.ghostysky.com\\\/product\\\/dji-avata-360-dji-rc-2\\\/\",\"name\":\"DJI Avata 360 (DJI RC 2) - Ghostysky\",\"isPartOf\":{\"@id\":\"https:\\\/\\\/www.ghostysky.com\\\/#website\"},\"primaryImageOfPage\":{\"@id\":\"https:\\\/\\\/www.ghostysky.com\\\/product\\\/dji-avata-360-dji-rc-2\\\/#primaryimage\"},\"image\":{\"@id\":\"https:\\\/\\\/www.ghostysky.com\\\/product\\\/dji-avata-360-dji-rc-2\\\/#primaryimage\"},\"thumbnailUrl\":\"https:\\\/\\\/www.ghostysky.com\\\/wp-content\\\/uploads\\\/2026\\\/03\\\/GH_DJIAvata360_1.jpeg\",\"datePublished\":\"2026-03-26T15:00:16+00:00\",\"dateModified\":\"2026-04-06T07:37:39+00:00\",\"description\":\"The DJI Avata 360 (launched March 2026) marks a massive evolution in the Avata series, shifting from a traditional FPV drone to a hybrid 8K 360-degree powerhouse. By pairing it with the DJI RC 2, you gain a professional-grade handheld control experience with an integrated 5.5-inch FHD screen, perfect for those who want precision framing alongside the chaotic fun of FPV.\",\"breadcrumb\":{\"@id\":\"https:\\\/\\\/www.ghostysky.com\\\/product\\\/dji-avata-360-dji-rc-2\\\/#breadcrumb\"},\"inLanguage\":\"es\",\"potentialAction\":[{\"@type\":\"ReadAction\",\"target\":[\"https:\\\/\\\/www.ghostysky.com\\\/product\\\/dji-avata-360-dji-rc-2\\\/\"]}]},{\"@type\":\"ImageObject\",\"inLanguage\":\"es\",\"@id\":\"https:\\\/\\\/www.ghostysky.com\\\/product\\\/dji-avata-360-dji-rc-2\\\/#primaryimage\",\"url\":\"https:\\\/\\\/www.ghostysky.com\\\/wp-content\\\/uploads\\\/2026\\\/03\\\/GH_DJIAvata360_1.jpeg\",\"contentUrl\":\"https:\\\/\\\/www.ghostysky.com\\\/wp-content\\\/uploads\\\/2026\\\/03\\\/GH_DJIAvata360_1.jpeg\",\"width\":1308,\"height\":1308},{\"@type\":\"BreadcrumbList\",\"@id\":\"https:\\\/\\\/www.ghostysky.com\\\/product\\\/dji-avata-360-dji-rc-2\\\/#breadcrumb\",\"itemListElement\":[{\"@type\":\"ListItem\",\"position\":1,\"name\":\"Home\",\"item\":\"https:\\\/\\\/www.ghostysky.com\\\/\"},{\"@type\":\"ListItem\",\"position\":2,\"name\":\"Shop\",\"item\":\"https:\\\/\\\/www.ghostysky.com\\\/shop\\\/\"},{\"@type\":\"ListItem\",\"position\":3,\"name\":\"DJI Avata 360 (DJI RC 2)\"}]},{\"@type\":\"WebSite\",\"@id\":\"https:\\\/\\\/www.ghostysky.com\\\/#website\",\"url\":\"https:\\\/\\\/www.ghostysky.com\\\/\",\"name\":\"Ghostysky\",\"description\":\"Delivering professional drones and services\",\"publisher\":{\"@id\":\"https:\\\/\\\/www.ghostysky.com\\\/#organization\"},\"potentialAction\":[{\"@type\":\"SearchAction\",\"target\":{\"@type\":\"EntryPoint\",\"urlTemplate\":\"https:\\\/\\\/www.ghostysky.com\\\/?s={search_term_string}\"},\"query-input\":{\"@type\":\"PropertyValueSpecification\",\"valueRequired\":true,\"valueName\":\"search_term_string\"}}],\"inLanguage\":\"es\"},{\"@type\":\"Organization\",\"@id\":\"https:\\\/\\\/www.ghostysky.com\\\/#organization\",\"name\":\"Ghostysky\",\"url\":\"https:\\\/\\\/www.ghostysky.com\\\/\",\"logo\":{\"@type\":\"ImageObject\",\"inLanguage\":\"es\",\"@id\":\"https:\\\/\\\/www.ghostysky.com\\\/#\\\/schema\\\/logo\\\/image\\\/\",\"url\":\"https:\\\/\\\/www.ghostysky.com\\\/wp-content\\\/uploads\\\/2020\\\/06\\\/cropped-ghostyskylogo_text_white2.png\",\"contentUrl\":\"https:\\\/\\\/www.ghostysky.com\\\/wp-content\\\/uploads\\\/2020\\\/06\\\/cropped-ghostyskylogo_text_white2.png\",\"width\":169,\"height\":56,\"caption\":\"Ghostysky\"},\"image\":{\"@id\":\"https:\\\/\\\/www.ghostysky.com\\\/#\\\/schema\\\/logo\\\/image\\\/\"},\"sameAs\":[\"https:\\\/\\\/www.facebook.com\\\/people\\\/Ghostysky\\\/100057676170234\\\/\",\"https:\\\/\\\/x.com\\\/Gh0stysky\",\"https:\\\/\\\/www.linkedin.com\\\/company\\\/34739653\",\"https:\\\/\\\/www.instagram.com\\\/gh0stysky\"]}]}<\/script>\n<!-- \/ Yoast SEO plugin. -->","yoast_head_json":{"title":"DJI Avata 360 (DJI RC 2) - Ghostysky","description":"El DJI Avata 360 (lanzado en marzo de 2026) representa una gran evoluci\u00f3n en la serie Avata, pasando de ser un dron FPV tradicional a un potente dron h\u00edbrido de 360 grados con resoluci\u00f3n 8K. Al combinarlo con el DJI RC 2, se obtiene una experiencia de control port\u00e1til de nivel profesional con una pantalla FHD integrada de 5,5 pulgadas, ideal para quienes buscan un encuadre preciso sin renunciar a la emoci\u00f3n del FPV.","robots":{"index":"index","follow":"follow","max-snippet":"max-snippet:-1","max-image-preview":"max-image-preview:large","max-video-preview":"max-video-preview:-1"},"canonical":"https:\/\/www.ghostysky.com\/es\/producto-2\/dji-avata-360-dji-rc-2\/","og_locale":"es_ES","og_type":"article","og_title":"DJI Avata 360 (DJI RC 2) - Ghostysky","og_description":"The DJI Avata 360 (launched March 2026) marks a massive evolution in the Avata series, shifting from a traditional FPV drone to a hybrid 8K 360-degree powerhouse. By pairing it with the DJI RC 2, you gain a professional-grade handheld control experience with an integrated 5.5-inch FHD screen, perfect for those who want precision framing alongside the chaotic fun of FPV.","og_url":"https:\/\/www.ghostysky.com\/es\/producto-2\/dji-avata-360-dji-rc-2\/","og_site_name":"Ghostysky","article_publisher":"https:\/\/www.facebook.com\/people\/Ghostysky\/100057676170234\/","article_modified_time":"2026-04-06T07:37:39+00:00","og_image":[{"width":1308,"height":1308,"url":"https:\/\/www.ghostysky.com\/wp-content\/uploads\/2026\/03\/GH_DJIAvata360_1.jpeg","type":"image\/jpeg"}],"twitter_card":"summary_large_image","twitter_site":"@Gh0stysky","twitter_misc":{"Tiempo de lectura":"2 minutos"},"schema":{"@context":"https:\/\/schema.org","@graph":[{"@type":"WebPage","@id":"https:\/\/www.ghostysky.com\/product\/dji-avata-360-dji-rc-2\/","url":"https:\/\/www.ghostysky.com\/product\/dji-avata-360-dji-rc-2\/","name":"DJI Avata 360 (DJI RC 2) - Ghostysky","isPartOf":{"@id":"https:\/\/www.ghostysky.com\/#website"},"primaryImageOfPage":{"@id":"https:\/\/www.ghostysky.com\/product\/dji-avata-360-dji-rc-2\/#primaryimage"},"image":{"@id":"https:\/\/www.ghostysky.com\/product\/dji-avata-360-dji-rc-2\/#primaryimage"},"thumbnailUrl":"https:\/\/www.ghostysky.com\/wp-content\/uploads\/2026\/03\/GH_DJIAvata360_1.jpeg","datePublished":"2026-03-26T15:00:16+00:00","dateModified":"2026-04-06T07:37:39+00:00","description":"El DJI Avata 360 (lanzado en marzo de 2026) representa una gran evoluci\u00f3n en la serie Avata, pasando de ser un dron FPV tradicional a un potente dron h\u00edbrido de 360 grados con resoluci\u00f3n 8K. Al combinarlo con el DJI RC 2, se obtiene una experiencia de control port\u00e1til de nivel profesional con una pantalla FHD integrada de 5,5 pulgadas, ideal para quienes buscan un encuadre preciso sin renunciar a la emoci\u00f3n del FPV.","breadcrumb":{"@id":"https:\/\/www.ghostysky.com\/product\/dji-avata-360-dji-rc-2\/#breadcrumb"},"inLanguage":"es","potentialAction":[{"@type":"ReadAction","target":["https:\/\/www.ghostysky.com\/product\/dji-avata-360-dji-rc-2\/"]}]},{"@type":"ImageObject","inLanguage":"es","@id":"https:\/\/www.ghostysky.com\/product\/dji-avata-360-dji-rc-2\/#primaryimage","url":"https:\/\/www.ghostysky.com\/wp-content\/uploads\/2026\/03\/GH_DJIAvata360_1.jpeg","contentUrl":"https:\/\/www.ghostysky.com\/wp-content\/uploads\/2026\/03\/GH_DJIAvata360_1.jpeg","width":1308,"height":1308},{"@type":"BreadcrumbList","@id":"https:\/\/www.ghostysky.com\/product\/dji-avata-360-dji-rc-2\/#breadcrumb","itemListElement":[{"@type":"ListItem","position":1,"name":"Home","item":"https:\/\/www.ghostysky.com\/"},{"@type":"ListItem","position":2,"name":"Shop","item":"https:\/\/www.ghostysky.com\/shop\/"},{"@type":"ListItem","position":3,"name":"DJI Avata 360 (DJI RC 2)"}]},{"@type":"WebSite","@id":"https:\/\/www.ghostysky.com\/#website","url":"https:\/\/www.ghostysky.com\/","name":"Ghostysky","description":"Entrega de drones y servicios profesionales","publisher":{"@id":"https:\/\/www.ghostysky.com\/#organization"},"potentialAction":[{"@type":"SearchAction","target":{"@type":"EntryPoint","urlTemplate":"https:\/\/www.ghostysky.com\/?s={search_term_string}"},"query-input":{"@type":"PropertyValueSpecification","valueRequired":true,"valueName":"search_term_string"}}],"inLanguage":"es"},{"@type":"Organization","@id":"https:\/\/www.ghostysky.com\/#organization","name":"Ghostysky","url":"https:\/\/www.ghostysky.com\/","logo":{"@type":"ImageObject","inLanguage":"es","@id":"https:\/\/www.ghostysky.com\/#\/schema\/logo\/image\/","url":"https:\/\/www.ghostysky.com\/wp-content\/uploads\/2020\/06\/cropped-ghostyskylogo_text_white2.png","contentUrl":"https:\/\/www.ghostysky.com\/wp-content\/uploads\/2020\/06\/cropped-ghostyskylogo_text_white2.png","width":169,"height":56,"caption":"Ghostysky"},"image":{"@id":"https:\/\/www.ghostysky.com\/#\/schema\/logo\/image\/"},"sameAs":["https:\/\/www.facebook.com\/people\/Ghostysky\/100057676170234\/","https:\/\/x.com\/Gh0stysky","https:\/\/www.linkedin.com\/company\/34739653","https:\/\/www.instagram.com\/gh0stysky"]}]}},"_links":{"self":[{"href":"https:\/\/www.ghostysky.com\/es\/wp-json\/wp\/v2\/product\/24698","targetHints":{"allow":["GET"]}}],"collection":[{"href":"https:\/\/www.ghostysky.com\/es\/wp-json\/wp\/v2\/product"}],"about":[{"href":"https:\/\/www.ghostysky.com\/es\/wp-json\/wp\/v2\/types\/product"}],"replies":[{"embeddable":true,"href":"https:\/\/www.ghostysky.com\/es\/wp-json\/wp\/v2\/comments?post=24698"}],"version-history":[{"count":0,"href":"https:\/\/www.ghostysky.com\/es\/wp-json\/wp\/v2\/product\/24698\/revisions"}],"wp:featuredmedia":[{"embeddable":true,"href":"https:\/\/www.ghostysky.com\/es\/wp-json\/wp\/v2\/media\/24964"}],"wp:attachment":[{"href":"https:\/\/www.ghostysky.com\/es\/wp-json\/wp\/v2\/media?parent=24698"}],"wp:term":[{"taxonomy":"product_brand","embeddable":true,"href":"https:\/\/www.ghostysky.com\/es\/wp-json\/wp\/v2\/product_brand?post=24698"},{"taxonomy":"product_cat","embeddable":true,"href":"https:\/\/www.ghostysky.com\/es\/wp-json\/wp\/v2\/product_cat?post=24698"},{"taxonomy":"product_tag","embeddable":true,"href":"https:\/\/www.ghostysky.com\/es\/wp-json\/wp\/v2\/product_tag?post=24698"}],"curies":[{"name":"wp","href":"https:\/\/api.w.org\/{rel}","templated":true}]}}