{"id":24716,"date":"2026-03-26T15:39:49","date_gmt":"2026-03-26T15:39:49","guid":{"rendered":"https:\/\/www.ghostysky.com\/?post_type=product&#038;p=24716"},"modified":"2026-03-26T15:50:15","modified_gmt":"2026-03-26T15:50:15","slug":"dji-rc-motion-3","status":"publish","type":"product","link":"https:\/\/www.ghostysky.com\/es\/product\/dji-rc-motion-3\/","title":{"rendered":"DJI RC Motion 3"},"content":{"rendered":"<h3 data-path-to-node=\"2\">Caracter\u00edsticas clave<\/h3>\n<ul data-path-to-node=\"3\">\n<li>\n<p id=\"p-rc_2ee7a0b22a592031-34\" data-path-to-node=\"3,0,0\"><b data-path-to-node=\"3,0,0\" data-index-in-node=\"0\"><span class=\"citation-77\">Control de movimiento inmersivo:<\/span><\/b><span class=\"citation-77 citation-end-77\"> Al combinarse con las gafas DJI Goggles 3, el dron imita los movimientos de la mano y la mu\u00f1eca.<\/span> <span class=\"citation-76 citation-end-76\">Inclinar y girar el mando da como resultado un vuelo fluido e intuitivo.<\/span><\/p>\n<\/li>\n<li>\n<p id=\"p-rc_2ee7a0b22a592031-35\" data-path-to-node=\"3,1,0\"><b data-path-to-node=\"3,1,0\" data-index-in-node=\"0\">ACRO f\u00e1cil:<\/b><span class=\"citation-75\"> Esta funci\u00f3n permite incluso a los principiantes realizar maniobras profesionales, como <\/span><b data-path-to-node=\"3,1,0\" data-index-in-node=\"85\"><span class=\"citation-75\">volteretas, giros y desviaciones de 180\u00b0<\/span><\/b><span class=\"citation-75 citation-end-75\">\u2014con solo pulsar un bot\u00f3n o mover un joystick.<\/span><\/p>\n<\/li>\n<li>\n<p id=\"p-rc_2ee7a0b22a592031-36\" data-path-to-node=\"3,2,0\"><b data-path-to-node=\"3,2,0\" data-index-in-node=\"0\"><span class=\"citation-74\">Cursor de RA:<\/span><\/b><span class=\"citation-74 citation-end-74\"> Mientras llevas puestas las gafas, puedes usar el RC Motion 3 para controlar un cursor de realidad aumentada en la pantalla.<\/span> <span class=\"citation-73 citation-end-73\">Esto hace que navegar por los men\u00fas y ajustar la configuraci\u00f3n de la c\u00e1mara sea mucho m\u00e1s r\u00e1pido que usar los botones f\u00edsicos de las gafas.<\/span><\/p>\n<\/li>\n<li>\n<p id=\"p-rc_2ee7a0b22a592031-37\" data-path-to-node=\"3,3,0\"><b data-path-to-node=\"3,3,0\" data-index-in-node=\"0\"><span class=\"citation-72\">Acelerador de dos posiciones:<\/span><\/b><span class=\"citation-72 citation-end-72\"> Un novedoso dise\u00f1o de gatillo en el que una pulsaci\u00f3n a medias bloquea la actitud del dron (vuelo estable) y una pulsaci\u00f3n completa acelera la aeronave hacia adelante.<\/span> <span class=\"citation-71 citation-end-71\">Tambi\u00e9n admite una funci\u00f3n de reversa para volar hacia atr\u00e1s mientras se mantiene en el aire.<\/span><\/p>\n<\/li>\n<li>\n<p id=\"p-rc_2ee7a0b22a592031-38\" data-path-to-node=\"3,4,0\"><b data-path-to-node=\"3,4,0\" data-index-in-node=\"0\">Seguridad ante todo:<\/b><span class=\"citation-70\"> Incluye una secci\u00f3n dedicada <\/span><b data-path-to-node=\"3,4,0\" data-index-in-node=\"35\"><span class=\"citation-70\">Freno de emergencia y modo estacionario<\/span><\/b><span class=\"citation-70 citation-end-70\"> Bot\u00f3n que detiene el dron instant\u00e1neamente, brindando tranquilidad durante maniobras complejas.<\/span><\/p>\n<div class=\"source-inline-chip-container ng-star-inserted\"><\/div>\n<\/li>\n<\/ul>\n<h3 data-path-to-node=\"4\">Especificaciones t\u00e9cnicas<\/h3>\n<table data-path-to-node=\"5\">\n<thead>\n<tr>\n<td><strong>Caracter\u00edstica<\/strong><\/td>\n<td><strong>Especificaci\u00f3n<\/strong><\/td>\n<\/tr>\n<\/thead>\n<tbody>\n<tr>\n<td><span data-path-to-node=\"5,1,0,0\"><b data-path-to-node=\"5,1,0,0\" data-index-in-node=\"0\">Peso<\/b><\/span><\/td>\n<td><span data-path-to-node=\"5,1,1,0\">Aprox. 118 g<\/span><\/td>\n<\/tr>\n<tr>\n<td><span data-path-to-node=\"5,2,0,0\"><b data-path-to-node=\"5,2,0,0\" data-index-in-node=\"0\">Duraci\u00f3n de la bater\u00eda<\/b><\/span><\/td>\n<td><span data-path-to-node=\"5,2,1,0\">Aproximadamente 10 horas<\/span><\/td>\n<\/tr>\n<tr>\n<td><span data-path-to-node=\"5,3,0,0\"><b data-path-to-node=\"5,3,0,0\" data-index-in-node=\"0\">Tiempo de carga<\/b><\/span><\/td>\n<td><span data-path-to-node=\"5,3,1,0\">Aprox. 2 horas (5V, 2A)<\/span><\/td>\n<\/tr>\n<tr>\n<td><span data-path-to-node=\"5,4,0,0\"><b data-path-to-node=\"5,4,0,0\" data-index-in-node=\"0\">Transmisi\u00f3n m\u00e1xima<\/b><\/span><\/td>\n<td><span data-path-to-node=\"5,4,1,0\">13 km (FCC); 10 km (CE\/SRRC\/MIC)<\/span><\/td>\n<\/tr>\n<tr>\n<td><span data-path-to-node=\"5,5,0,0\"><b data-path-to-node=\"5,5,0,0\" data-index-in-node=\"0\">Conectividad<\/b><\/span><\/td>\n<td><span data-path-to-node=\"5,5,1,0\">2,4000-2,4835 GHz<\/span><\/td>\n<\/tr>\n<\/tbody>\n<\/table>\n<h2 data-path-to-node=\"6\"><\/h2>\n<h3 data-path-to-node=\"6\">Compatibilidad<\/h3>\n<p id=\"p-rc_2ee7a0b22a592031-39\" data-path-to-node=\"7\"><span class=\"citation-69\">El RC Motion 3 est\u00e1 dise\u00f1ado para funcionar en sinergia con <\/span><b data-path-to-node=\"7\" data-index-in-node=\"52\"><span class=\"citation-69\">Gafas DJI 3<\/span><\/b><span class=\"citation-69\"> o <\/span><b data-path-to-node=\"7\" data-index-in-node=\"69\"><span class=\"citation-69\">Gafas DJI N3<\/span><\/b><span class=\"citation-69 citation-end-69\">.<\/span> Es compatible con los siguientes drones:<\/p>\n<ul data-path-to-node=\"8\">\n<li><b data-path-to-node=\"8,0,0\" data-index-in-node=\"0\"><span class=\"citation-68\">DJI Avata 360<\/span><\/b><\/li>\n<li><b data-path-to-node=\"8,0,0\" data-index-in-node=\"0\"><span class=\"citation-68\">DJI Avata 2<\/span><\/b><span class=\"citation-68 citation-end-68\"> (El compa\u00f1ero principal para el vuelo FPV)<\/span><\/li>\n<li><b data-path-to-node=\"8,1,0\" data-index-in-node=\"0\"><span class=\"citation-67 citation-end-67\">DJI Neo<\/span><\/b><\/li>\n<li><b data-path-to-node=\"8,2,0\" data-index-in-node=\"0\"><span class=\"citation-66 citation-end-66\">DJI Air 3 \/ Air 3S<\/span><\/b><\/li>\n<li><b data-path-to-node=\"8,3,0\" data-index-in-node=\"0\"><span class=\"citation-65 citation-end-65\">DJI Mini 4 Pro<\/span><\/b><\/li>\n<\/ul>\n<blockquote data-path-to-node=\"9\">\n<p id=\"p-rc_2ee7a0b22a592031-44\" data-path-to-node=\"9,0\"><b data-path-to-node=\"9,0\" data-index-in-node=\"0\">Nota:<\/b><span class=\"citation-64\"> El RC Motion 3 no puede controlar un dron de forma independiente; <\/span><b data-path-to-node=\"9,0\" data-index-in-node=\"63\"><span class=\"citation-64\">debe<\/span><\/b><span class=\"citation-64 citation-end-64\"> Debe emparejarse con un visor DJI Goggles compatible para funcionar.<\/span><\/p>\n<\/blockquote>","protected":false},"excerpt":{"rendered":"<p><span class=\"citation-79\">El <\/span><b data-path-to-node=\"0\" data-index-in-node=\"4\"><span class=\"citation-79\">DJI RC Motion 3<\/span><\/b><span class=\"citation-79 citation-end-79\"> Es un controlador de movimiento para una sola mano dise\u00f1ado para proporcionar una experiencia inmersiva de &quot;apuntar para volar&quot;.<\/span> <span class=\"citation-78 citation-end-78\">A diferencia de los controladores tradicionales de dos palancas, este sistema traduce los movimientos naturales de la mu\u00f1eca en maniobras de vuelo, lo que da la sensaci\u00f3n de que est\u00e1s &quot;conduciendo&quot; el dron por el aire.<\/span><\/p>","protected":false},"featured_media":24718,"comment_status":"open","ping_status":"closed","template":"","meta":[],"product_brand":[1031],"product_cat":[752,1403,1405,37],"product_tag":[1412,1409,1411,1410],"class_list":{"0":"post-24716","1":"product","2":"type-product","3":"status-publish","4":"has-post-thumbnail","6":"product_brand-dji","7":"product_cat-aerial-photography","8":"product_cat-avata-360","9":"product_cat-avata-360-accessories","10":"product_cat-dji","11":"product_tag-avata-360-accessories","12":"product_tag-dji-goggles-n3","13":"product_tag-fpv","14":"product_tag-goggles","16":"first","17":"onbackorder","18":"taxable","19":"shipping-taxable","20":"purchasable","21":"product-type-simple"},"yoast_head":"<!-- This site is optimized with the Yoast SEO plugin v27.1.1 - https:\/\/yoast.com\/product\/yoast-seo-wordpress\/ -->\n<title>DJI RC Motion 3 - Ghostysky<\/title>\n<meta name=\"description\" content=\"The DJI RC Motion 3 is a single-handed motion controller designed to provide an immersive, &quot;point-to-fly&quot; experience. Unlike traditional two-stick controllers, it translates your natural wrist movements into flight maneuvers, making it feel more like you&#039;re &quot;driving&quot; the drone through the air.\" \/>\n<meta name=\"robots\" content=\"index, follow, max-snippet:-1, max-image-preview:large, max-video-preview:-1\" \/>\n<link rel=\"canonical\" href=\"https:\/\/www.ghostysky.com\/es\/producto-2\/dji-rc-motion-3\/\" \/>\n<meta property=\"og:locale\" content=\"es_ES\" \/>\n<meta property=\"og:type\" content=\"article\" \/>\n<meta property=\"og:title\" content=\"DJI RC Motion 3 - Ghostysky\" \/>\n<meta property=\"og:description\" content=\"The DJI RC Motion 3 is a single-handed motion controller designed to provide an immersive, &quot;point-to-fly&quot; experience. Unlike traditional two-stick controllers, it translates your natural wrist movements into flight maneuvers, making it feel more like you&#039;re &quot;driving&quot; the drone through the air.\" \/>\n<meta property=\"og:url\" content=\"https:\/\/www.ghostysky.com\/es\/producto-2\/dji-rc-motion-3\/\" \/>\n<meta property=\"og:site_name\" content=\"Ghostysky\" \/>\n<meta property=\"article:publisher\" content=\"https:\/\/www.facebook.com\/people\/Ghostysky\/100057676170234\/\" \/>\n<meta property=\"article:modified_time\" content=\"2026-03-26T15:50:15+00:00\" \/>\n<meta property=\"og:image\" content=\"https:\/\/www.ghostysky.com\/wp-content\/uploads\/2026\/03\/GH_DJI-RC-Motion-3_1.jpg\" \/>\n\t<meta property=\"og:image:width\" content=\"1100\" \/>\n\t<meta property=\"og:image:height\" content=\"1422\" \/>\n\t<meta property=\"og:image:type\" content=\"image\/jpeg\" \/>\n<meta name=\"twitter:card\" content=\"summary_large_image\" \/>\n<meta name=\"twitter:site\" content=\"@Gh0stysky\" \/>\n<meta name=\"twitter:label1\" content=\"Tiempo de lectura\" \/>\n\t<meta name=\"twitter:data1\" content=\"2 minutos\" \/>\n<script type=\"application\/ld+json\" class=\"yoast-schema-graph\">{\"@context\":\"https:\/\/schema.org\",\"@graph\":[{\"@type\":\"WebPage\",\"@id\":\"https:\/\/www.ghostysky.com\/product\/dji-rc-motion-3\/\",\"url\":\"https:\/\/www.ghostysky.com\/product\/dji-rc-motion-3\/\",\"name\":\"DJI RC Motion 3 - Ghostysky\",\"isPartOf\":{\"@id\":\"https:\/\/www.ghostysky.com\/#website\"},\"primaryImageOfPage\":{\"@id\":\"https:\/\/www.ghostysky.com\/product\/dji-rc-motion-3\/#primaryimage\"},\"image\":{\"@id\":\"https:\/\/www.ghostysky.com\/product\/dji-rc-motion-3\/#primaryimage\"},\"thumbnailUrl\":\"https:\/\/www.ghostysky.com\/wp-content\/uploads\/2026\/03\/GH_DJI-RC-Motion-3_1.jpg\",\"datePublished\":\"2026-03-26T15:39:49+00:00\",\"dateModified\":\"2026-03-26T15:50:15+00:00\",\"description\":\"The DJI RC Motion 3 is a single-handed motion controller designed to provide an immersive, \\\"point-to-fly\\\" experience. Unlike traditional two-stick controllers, it translates your natural wrist movements into flight maneuvers, making it feel more like you're \\\"driving\\\" the drone through the air.\",\"breadcrumb\":{\"@id\":\"https:\/\/www.ghostysky.com\/product\/dji-rc-motion-3\/#breadcrumb\"},\"inLanguage\":\"es\",\"potentialAction\":[{\"@type\":\"ReadAction\",\"target\":[\"https:\/\/www.ghostysky.com\/product\/dji-rc-motion-3\/\"]}]},{\"@type\":\"ImageObject\",\"inLanguage\":\"es\",\"@id\":\"https:\/\/www.ghostysky.com\/product\/dji-rc-motion-3\/#primaryimage\",\"url\":\"https:\/\/www.ghostysky.com\/wp-content\/uploads\/2026\/03\/GH_DJI-RC-Motion-3_1.jpg\",\"contentUrl\":\"https:\/\/www.ghostysky.com\/wp-content\/uploads\/2026\/03\/GH_DJI-RC-Motion-3_1.jpg\",\"width\":1100,\"height\":1422},{\"@type\":\"BreadcrumbList\",\"@id\":\"https:\/\/www.ghostysky.com\/product\/dji-rc-motion-3\/#breadcrumb\",\"itemListElement\":[{\"@type\":\"ListItem\",\"position\":1,\"name\":\"Home\",\"item\":\"https:\/\/www.ghostysky.com\/\"},{\"@type\":\"ListItem\",\"position\":2,\"name\":\"Shop\",\"item\":\"https:\/\/www.ghostysky.com\/shop\/\"},{\"@type\":\"ListItem\",\"position\":3,\"name\":\"DJI RC Motion 3\"}]},{\"@type\":\"WebSite\",\"@id\":\"https:\/\/www.ghostysky.com\/#website\",\"url\":\"https:\/\/www.ghostysky.com\/\",\"name\":\"Ghostysky\",\"description\":\"Delivering professional drones and services\",\"publisher\":{\"@id\":\"https:\/\/www.ghostysky.com\/#organization\"},\"potentialAction\":[{\"@type\":\"SearchAction\",\"target\":{\"@type\":\"EntryPoint\",\"urlTemplate\":\"https:\/\/www.ghostysky.com\/?s={search_term_string}\"},\"query-input\":{\"@type\":\"PropertyValueSpecification\",\"valueRequired\":true,\"valueName\":\"search_term_string\"}}],\"inLanguage\":\"es\"},{\"@type\":\"Organization\",\"@id\":\"https:\/\/www.ghostysky.com\/#organization\",\"name\":\"Ghostysky\",\"url\":\"https:\/\/www.ghostysky.com\/\",\"logo\":{\"@type\":\"ImageObject\",\"inLanguage\":\"es\",\"@id\":\"https:\/\/www.ghostysky.com\/#\/schema\/logo\/image\/\",\"url\":\"https:\/\/www.ghostysky.com\/wp-content\/uploads\/2020\/06\/cropped-ghostyskylogo_text_white2.png\",\"contentUrl\":\"https:\/\/www.ghostysky.com\/wp-content\/uploads\/2020\/06\/cropped-ghostyskylogo_text_white2.png\",\"width\":169,\"height\":56,\"caption\":\"Ghostysky\"},\"image\":{\"@id\":\"https:\/\/www.ghostysky.com\/#\/schema\/logo\/image\/\"},\"sameAs\":[\"https:\/\/www.facebook.com\/people\/Ghostysky\/100057676170234\/\",\"https:\/\/x.com\/Gh0stysky\",\"https:\/\/www.linkedin.com\/company\/34739653\",\"https:\/\/www.instagram.com\/gh0stysky\"]}]}<\/script>\n<!-- \/ Yoast SEO plugin. -->","yoast_head_json":{"title":"DJI RC Motion 3 - Ghostysky","description":"El DJI RC Motion 3 es un controlador de movimiento para una sola mano dise\u00f1ado para brindar una experiencia inmersiva de &quot;apuntar para volar&quot;. A diferencia de los controladores tradicionales de dos joysticks, traduce los movimientos naturales de la mu\u00f1eca en maniobras de vuelo, lo que da la sensaci\u00f3n de estar &quot;conduciendo&quot; el dron por el aire.","robots":{"index":"index","follow":"follow","max-snippet":"max-snippet:-1","max-image-preview":"max-image-preview:large","max-video-preview":"max-video-preview:-1"},"canonical":"https:\/\/www.ghostysky.com\/es\/producto-2\/dji-rc-motion-3\/","og_locale":"es_ES","og_type":"article","og_title":"DJI RC Motion 3 - Ghostysky","og_description":"The DJI RC Motion 3 is a single-handed motion controller designed to provide an immersive, \"point-to-fly\" experience. Unlike traditional two-stick controllers, it translates your natural wrist movements into flight maneuvers, making it feel more like you're \"driving\" the drone through the air.","og_url":"https:\/\/www.ghostysky.com\/es\/producto-2\/dji-rc-motion-3\/","og_site_name":"Ghostysky","article_publisher":"https:\/\/www.facebook.com\/people\/Ghostysky\/100057676170234\/","article_modified_time":"2026-03-26T15:50:15+00:00","og_image":[{"width":1100,"height":1422,"url":"https:\/\/www.ghostysky.com\/wp-content\/uploads\/2026\/03\/GH_DJI-RC-Motion-3_1.jpg","type":"image\/jpeg"}],"twitter_card":"summary_large_image","twitter_site":"@Gh0stysky","twitter_misc":{"Tiempo de lectura":"2 minutos"},"schema":{"@context":"https:\/\/schema.org","@graph":[{"@type":"WebPage","@id":"https:\/\/www.ghostysky.com\/product\/dji-rc-motion-3\/","url":"https:\/\/www.ghostysky.com\/product\/dji-rc-motion-3\/","name":"DJI RC Motion 3 - Ghostysky","isPartOf":{"@id":"https:\/\/www.ghostysky.com\/#website"},"primaryImageOfPage":{"@id":"https:\/\/www.ghostysky.com\/product\/dji-rc-motion-3\/#primaryimage"},"image":{"@id":"https:\/\/www.ghostysky.com\/product\/dji-rc-motion-3\/#primaryimage"},"thumbnailUrl":"https:\/\/www.ghostysky.com\/wp-content\/uploads\/2026\/03\/GH_DJI-RC-Motion-3_1.jpg","datePublished":"2026-03-26T15:39:49+00:00","dateModified":"2026-03-26T15:50:15+00:00","description":"El DJI RC Motion 3 es un controlador de movimiento para una sola mano dise\u00f1ado para brindar una experiencia inmersiva de &quot;apuntar para volar&quot;. A diferencia de los controladores tradicionales de dos joysticks, traduce los movimientos naturales de la mu\u00f1eca en maniobras de vuelo, lo que da la sensaci\u00f3n de estar &quot;conduciendo&quot; el dron por el aire.","breadcrumb":{"@id":"https:\/\/www.ghostysky.com\/product\/dji-rc-motion-3\/#breadcrumb"},"inLanguage":"es","potentialAction":[{"@type":"ReadAction","target":["https:\/\/www.ghostysky.com\/product\/dji-rc-motion-3\/"]}]},{"@type":"ImageObject","inLanguage":"es","@id":"https:\/\/www.ghostysky.com\/product\/dji-rc-motion-3\/#primaryimage","url":"https:\/\/www.ghostysky.com\/wp-content\/uploads\/2026\/03\/GH_DJI-RC-Motion-3_1.jpg","contentUrl":"https:\/\/www.ghostysky.com\/wp-content\/uploads\/2026\/03\/GH_DJI-RC-Motion-3_1.jpg","width":1100,"height":1422},{"@type":"BreadcrumbList","@id":"https:\/\/www.ghostysky.com\/product\/dji-rc-motion-3\/#breadcrumb","itemListElement":[{"@type":"ListItem","position":1,"name":"Home","item":"https:\/\/www.ghostysky.com\/"},{"@type":"ListItem","position":2,"name":"Shop","item":"https:\/\/www.ghostysky.com\/shop\/"},{"@type":"ListItem","position":3,"name":"DJI RC Motion 3"}]},{"@type":"WebSite","@id":"https:\/\/www.ghostysky.com\/#website","url":"https:\/\/www.ghostysky.com\/","name":"Ghostysky","description":"Entrega de drones y servicios profesionales","publisher":{"@id":"https:\/\/www.ghostysky.com\/#organization"},"potentialAction":[{"@type":"SearchAction","target":{"@type":"EntryPoint","urlTemplate":"https:\/\/www.ghostysky.com\/?s={search_term_string}"},"query-input":{"@type":"PropertyValueSpecification","valueRequired":true,"valueName":"search_term_string"}}],"inLanguage":"es"},{"@type":"Organization","@id":"https:\/\/www.ghostysky.com\/#organization","name":"Ghostysky","url":"https:\/\/www.ghostysky.com\/","logo":{"@type":"ImageObject","inLanguage":"es","@id":"https:\/\/www.ghostysky.com\/#\/schema\/logo\/image\/","url":"https:\/\/www.ghostysky.com\/wp-content\/uploads\/2020\/06\/cropped-ghostyskylogo_text_white2.png","contentUrl":"https:\/\/www.ghostysky.com\/wp-content\/uploads\/2020\/06\/cropped-ghostyskylogo_text_white2.png","width":169,"height":56,"caption":"Ghostysky"},"image":{"@id":"https:\/\/www.ghostysky.com\/#\/schema\/logo\/image\/"},"sameAs":["https:\/\/www.facebook.com\/people\/Ghostysky\/100057676170234\/","https:\/\/x.com\/Gh0stysky","https:\/\/www.linkedin.com\/company\/34739653","https:\/\/www.instagram.com\/gh0stysky"]}]}},"_links":{"self":[{"href":"https:\/\/www.ghostysky.com\/es\/wp-json\/wp\/v2\/product\/24716","targetHints":{"allow":["GET"]}}],"collection":[{"href":"https:\/\/www.ghostysky.com\/es\/wp-json\/wp\/v2\/product"}],"about":[{"href":"https:\/\/www.ghostysky.com\/es\/wp-json\/wp\/v2\/types\/product"}],"replies":[{"embeddable":true,"href":"https:\/\/www.ghostysky.com\/es\/wp-json\/wp\/v2\/comments?post=24716"}],"wp:featuredmedia":[{"embeddable":true,"href":"https:\/\/www.ghostysky.com\/es\/wp-json\/wp\/v2\/media\/24718"}],"wp:attachment":[{"href":"https:\/\/www.ghostysky.com\/es\/wp-json\/wp\/v2\/media?parent=24716"}],"wp:term":[{"taxonomy":"product_brand","embeddable":true,"href":"https:\/\/www.ghostysky.com\/es\/wp-json\/wp\/v2\/product_brand?post=24716"},{"taxonomy":"product_cat","embeddable":true,"href":"https:\/\/www.ghostysky.com\/es\/wp-json\/wp\/v2\/product_cat?post=24716"},{"taxonomy":"product_tag","embeddable":true,"href":"https:\/\/www.ghostysky.com\/es\/wp-json\/wp\/v2\/product_tag?post=24716"}],"curies":[{"name":"wp","href":"https:\/\/api.w.org\/{rel}","templated":true}]}}