{"id":24719,"date":"2026-03-26T15:44:48","date_gmt":"2026-03-26T15:44:48","guid":{"rendered":"https:\/\/www.ghostysky.com\/?post_type=product&#038;p=24719"},"modified":"2026-03-26T15:49:26","modified_gmt":"2026-03-26T15:49:26","slug":"dji-avata-360-intelligent-flight-battery","status":"publish","type":"product","link":"https:\/\/www.ghostysky.com\/es\/product\/dji-avata-360-intelligent-flight-battery\/","title":{"rendered":"Bater\u00eda de vuelo inteligente DJI Avata 360"},"content":{"rendered":"<h3 data-path-to-node=\"1\"><b data-path-to-node=\"1\" data-index-in-node=\"0\">Caracter\u00edsticas principales del producto<\/b><\/h3>\n<ul data-path-to-node=\"2\">\n<li>\n<p id=\"p-rc_064cb0e138443fb3-58\" data-path-to-node=\"2,0,0\"><b data-path-to-node=\"2,0,0\" data-index-in-node=\"0\"><span class=\"citation-140\">Tiempo de vuelo extendido:<\/span><\/b><span class=\"citation-140\"> Proporciona hasta <\/span><b data-path-to-node=\"2,0,0\" data-index-in-node=\"37\"><span class=\"citation-140\">23 minutos<\/span><\/b><span class=\"citation-140 citation-end-140\"> de tiempo de vuelo por carga, lo que permite capturas inmersivas de 360\u00b0 m\u00e1s prolongadas y maniobras a\u00e9reas complejas.<\/span><\/p>\n<\/li>\n<li>\n<p id=\"p-rc_064cb0e138443fb3-59\" data-path-to-node=\"2,1,0\"><b data-path-to-node=\"2,1,0\" data-index-in-node=\"0\"><span class=\"citation-139\">Sistema de gesti\u00f3n inteligente:<\/span><\/b><span class=\"citation-139\"> Cuenta con la funci\u00f3n incorporada <\/span><b data-path-to-node=\"2,1,0\" data-index-in-node=\"53\"><span class=\"citation-139\">Sistema inteligente de gesti\u00f3n de bater\u00edas (BMS) de DJI<\/span><\/b><span class=\"citation-139 citation-end-139\">, que monitoriza e informa del estado de la bater\u00eda en tiempo real.<\/span> <span class=\"citation-138 citation-end-138\">Esto garantiza un vuelo m\u00e1s seguro, ya que le permite concentrarse en el pilotaje en lugar de en los niveles de potencia.<\/span><\/p>\n<\/li>\n<li>\n<p data-path-to-node=\"2,2,0\"><b data-path-to-node=\"2,2,0\" data-index-in-node=\"0\">Alto rendimiento de descarga:<\/b> Optimizado para los potentes motores del Avata 360, mantiene un voltaje constante incluso durante r\u00e1fagas FPV de alta velocidad o en condiciones de resistencia al viento de nivel 5.<\/p>\n<\/li>\n<li>\n<p id=\"p-rc_064cb0e138443fb3-60\" data-path-to-node=\"2,3,0\"><b data-path-to-node=\"2,3,0\" data-index-in-node=\"0\">Compatibilidad con carga r\u00e1pida:<\/b><span class=\"citation-137\"> Totalmente compatible con el <\/span><b data-path-to-node=\"2,3,0\" data-index-in-node=\"50\"><span class=\"citation-137\">Adaptador de corriente USB-C DJI de 100 W<\/span><\/b><span class=\"citation-137\">, lo que permite una carga de 0% a 100% en aproximadamente <\/span><b data-path-to-node=\"2,3,0\" data-index-in-node=\"126\"><span class=\"citation-137\">47 minutos<\/span><\/b><span class=\"citation-137 citation-end-137\"> cuando se utiliza con el concentrador de carga espec\u00edfico.<\/span><\/p>\n<\/li>\n<\/ul>\n<p>&nbsp;<\/p>\n<p>&nbsp;<\/p>\n<h3 data-path-to-node=\"4\"><b data-path-to-node=\"4\" data-index-in-node=\"0\">Especificaciones t\u00e9cnicas<\/b><\/h3>\n<table data-path-to-node=\"5\">\n<thead>\n<tr>\n<td><strong>Caracter\u00edstica<\/strong><\/td>\n<td><strong>Especificaci\u00f3n<\/strong><\/td>\n<\/tr>\n<\/thead>\n<tbody>\n<tr>\n<td><span data-path-to-node=\"5,1,0,0\"><b data-path-to-node=\"5,1,0,0\" data-index-in-node=\"0\">Capacidad<\/b><\/span><\/td>\n<td><span data-path-to-node=\"5,1,1,0\">2700 mAh<\/span><\/td>\n<\/tr>\n<tr>\n<td><span data-path-to-node=\"5,2,0,0\"><b data-path-to-node=\"5,2,0,0\" data-index-in-node=\"0\">Sector energ\u00e9tico<\/b><\/span><\/td>\n<td><span data-path-to-node=\"5,2,1,0\">38,67 Wh<\/span><\/td>\n<\/tr>\n<tr>\n<td><span data-path-to-node=\"5,3,0,0\"><b data-path-to-node=\"5,3,0,0\" data-index-in-node=\"0\">Voltaje<\/b><\/span><\/td>\n<td><span data-path-to-node=\"5,3,1,0\">14,32 V<\/span><\/td>\n<\/tr>\n<tr>\n<td><span data-path-to-node=\"5,4,0,0\"><b data-path-to-node=\"5,4,0,0\" data-index-in-node=\"0\">Tensi\u00f3n m\u00e1xima de carga<\/b><\/span><\/td>\n<td><span data-path-to-node=\"5,4,1,0\">17.2 V<\/span><\/td>\n<\/tr>\n<tr>\n<td><span data-path-to-node=\"5,5,0,0\"><b data-path-to-node=\"5,5,0,0\" data-index-in-node=\"0\">Tipo de Bater\u00eda<\/b><\/span><\/td>\n<td><span data-path-to-node=\"5,5,1,0\">Li-ion<\/span><\/td>\n<\/tr>\n<tr>\n<td><span data-path-to-node=\"5,6,0,0\"><b data-path-to-node=\"5,6,0,0\" data-index-in-node=\"0\">Peso<\/b><\/span><\/td>\n<td><span data-path-to-node=\"5,6,1,0\">Aprox. 149 g<\/span><\/td>\n<\/tr>\n<tr>\n<td><span data-path-to-node=\"5,7,0,0\"><b data-path-to-node=\"5,7,0,0\" data-index-in-node=\"0\">Temperatura de carga<\/b><\/span><\/td>\n<td><span data-path-to-node=\"5,7,1,0\">De 5\u00b0 a 40\u00b0 C (de 41\u00b0 a 104\u00b0 F)<\/span><\/td>\n<\/tr>\n<\/tbody>\n<\/table>\n<p>&nbsp;<\/p>\n<p>&nbsp;<\/p>\n<h3 data-path-to-node=\"7\"><b data-path-to-node=\"7\" data-index-in-node=\"0\">Caracter\u00edsticas clave para pilotos<\/b><\/h3>\n<ul data-path-to-node=\"8\">\n<li>\n<p data-path-to-node=\"8,0,0\"><b data-path-to-node=\"8,0,0\" data-index-in-node=\"0\">Acumulaci\u00f3n de energ\u00eda:<\/b> Cuando se utiliza con el centro de carga Avata 360, el sistema puede transferir la energ\u00eda restante de varias bater\u00edas a la que tenga la mayor carga, lo que en la pr\u00e1ctica le proporciona una bater\u00eda &quot;completa&quot; para un vuelo adicional.<\/p>\n<\/li>\n<li>\n<p data-path-to-node=\"8,1,0\"><b data-path-to-node=\"8,1,0\" data-index-in-node=\"0\">Medidas de seguridad:<\/b> Incluye protecci\u00f3n contra sobrecarga\/sobredescarga, protecci\u00f3n contra bajas temperaturas y funci\u00f3n de autodescarga para garantizar un almacenamiento a largo plazo en buen estado.<\/p>\n<\/li>\n<li>\n<p id=\"p-rc_064cb0e138443fb3-61\" data-path-to-node=\"8,2,0\"><b data-path-to-node=\"8,2,0\" data-index-in-node=\"0\"><span class=\"citation-136\">F\u00e1cil instalaci\u00f3n:<\/span><\/b><span class=\"citation-136 citation-end-136\"> Presenta un dise\u00f1o robusto de &quot;deslizar y hacer clic&quot; que garantiza una conexi\u00f3n segura incluso durante maniobras de alta aceleraci\u00f3n o impactos menores.<\/span><\/p>\n<\/li>\n<\/ul>\n<blockquote data-path-to-node=\"9\">\n<p id=\"p-rc_064cb0e138443fb3-62\" data-path-to-node=\"9,0\"><b data-path-to-node=\"9,0\" data-index-in-node=\"0\">Nota:<\/b><span class=\"citation-135\"> Para una mejor experiencia, se recomienda utilizar el <\/span><b data-path-to-node=\"9,0\" data-index-in-node=\"60\"><span class=\"citation-135\">Adaptador de corriente USB-C DJI de 100 W<\/span><\/b><span class=\"citation-135 citation-end-135\"> para aprovechar la carga en paralelo, que permite cargar hasta tres bater\u00edas simult\u00e1neamente en unos 100 minutos.<\/span><\/p>\n<\/blockquote>","protected":false},"excerpt":{"rendered":"<p><span class=\"citation-141\">El <\/span><b data-path-to-node=\"0\" data-index-in-node=\"4\"><span class=\"citation-141\">Bater\u00eda de vuelo inteligente DJI Avata 360<\/span><\/b><span class=\"citation-141\"> es la fuente de alimentaci\u00f3n de alto rendimiento dise\u00f1ada espec\u00edficamente para el <\/span><b data-path-to-node=\"0\" data-index-in-node=\"112\"><span class=\"citation-141\">DJI Avata 360<\/span><\/b><span class=\"citation-141 citation-end-141\"> (lanzado en marzo de 2026).<\/span> Dise\u00f1ada para satisfacer los requisitos de procesamiento 8K de doble sensor del primer dron FPV de 360\u00b0 de DJI, esta bater\u00eda proporciona un aumento significativo en capacidad y eficiencia en comparaci\u00f3n con sus predecesoras.<\/p>","protected":false},"featured_media":24721,"comment_status":"open","ping_status":"closed","template":"","meta":[],"product_brand":[1031],"product_cat":[752,1403,1405,37],"product_tag":[1412,1409,1411,1410],"class_list":{"0":"post-24719","1":"product","2":"type-product","3":"status-publish","4":"has-post-thumbnail","6":"product_brand-dji","7":"product_cat-aerial-photography","8":"product_cat-avata-360","9":"product_cat-avata-360-accessories","10":"product_cat-dji","11":"product_tag-avata-360-accessories","12":"product_tag-dji-goggles-n3","13":"product_tag-fpv","14":"product_tag-goggles","16":"first","17":"onbackorder","18":"taxable","19":"shipping-taxable","20":"purchasable","21":"product-type-simple"},"yoast_head":"<!-- This site is optimized with the Yoast SEO plugin v27.4 - https:\/\/yoast.com\/product\/yoast-seo-wordpress\/ -->\n<title>DJI Avata 360 Intelligent Flight Battery - Ghostysky<\/title>\n<meta name=\"description\" content=\"The DJI Avata 360 Intelligent Flight Battery is the high-performance power source specifically designed for the DJI Avata 360 (launched March 2026). Engineered to handle the dual-sensor 8K processing requirements of DJI\u2019s first 360\u00b0 FPV drone, this battery provides a significant boost in capacity and efficiency compared to its predecessors.\" \/>\n<meta name=\"robots\" content=\"index, follow, max-snippet:-1, max-image-preview:large, max-video-preview:-1\" \/>\n<link rel=\"canonical\" href=\"https:\/\/www.ghostysky.com\/es\/producto-2\/dji-avata-360-intelligent-flight-battery\/\" \/>\n<meta property=\"og:locale\" content=\"es_ES\" \/>\n<meta property=\"og:type\" content=\"article\" \/>\n<meta property=\"og:title\" content=\"DJI Avata 360 Intelligent Flight Battery - Ghostysky\" \/>\n<meta property=\"og:description\" content=\"The DJI Avata 360 Intelligent Flight Battery is the high-performance power source specifically designed for the DJI Avata 360 (launched March 2026). Engineered to handle the dual-sensor 8K processing requirements of DJI\u2019s first 360\u00b0 FPV drone, this battery provides a significant boost in capacity and efficiency compared to its predecessors.\" \/>\n<meta property=\"og:url\" content=\"https:\/\/www.ghostysky.com\/es\/producto-2\/dji-avata-360-intelligent-flight-battery\/\" \/>\n<meta property=\"og:site_name\" content=\"Ghostysky\" \/>\n<meta property=\"article:publisher\" content=\"https:\/\/www.facebook.com\/people\/Ghostysky\/100057676170234\/\" \/>\n<meta property=\"article:modified_time\" content=\"2026-03-26T15:49:26+00:00\" \/>\n<meta property=\"og:image\" content=\"https:\/\/www.ghostysky.com\/wp-content\/uploads\/2026\/03\/GH_DJI-Avata-360-Intelligent-Flight-Battery_1.jpg\" \/>\n\t<meta property=\"og:image:width\" content=\"1100\" \/>\n\t<meta property=\"og:image:height\" content=\"1422\" \/>\n\t<meta property=\"og:image:type\" content=\"image\/jpeg\" \/>\n<meta name=\"twitter:card\" content=\"summary_large_image\" \/>\n<meta name=\"twitter:site\" content=\"@Gh0stysky\" \/>\n<meta name=\"twitter:label1\" content=\"Tiempo de lectura\" \/>\n\t<meta name=\"twitter:data1\" content=\"2 minutos\" \/>\n<script type=\"application\/ld+json\" class=\"yoast-schema-graph\">{\"@context\":\"https:\\\/\\\/schema.org\",\"@graph\":[{\"@type\":\"WebPage\",\"@id\":\"https:\\\/\\\/www.ghostysky.com\\\/product\\\/dji-avata-360-intelligent-flight-battery\\\/\",\"url\":\"https:\\\/\\\/www.ghostysky.com\\\/product\\\/dji-avata-360-intelligent-flight-battery\\\/\",\"name\":\"DJI Avata 360 Intelligent Flight Battery - Ghostysky\",\"isPartOf\":{\"@id\":\"https:\\\/\\\/www.ghostysky.com\\\/#website\"},\"primaryImageOfPage\":{\"@id\":\"https:\\\/\\\/www.ghostysky.com\\\/product\\\/dji-avata-360-intelligent-flight-battery\\\/#primaryimage\"},\"image\":{\"@id\":\"https:\\\/\\\/www.ghostysky.com\\\/product\\\/dji-avata-360-intelligent-flight-battery\\\/#primaryimage\"},\"thumbnailUrl\":\"https:\\\/\\\/www.ghostysky.com\\\/wp-content\\\/uploads\\\/2026\\\/03\\\/GH_DJI-Avata-360-Intelligent-Flight-Battery_1.jpg\",\"datePublished\":\"2026-03-26T15:44:48+00:00\",\"dateModified\":\"2026-03-26T15:49:26+00:00\",\"description\":\"The DJI Avata 360 Intelligent Flight Battery is the high-performance power source specifically designed for the DJI Avata 360 (launched March 2026). Engineered to handle the dual-sensor 8K processing requirements of DJI\u2019s first 360\u00b0 FPV drone, this battery provides a significant boost in capacity and efficiency compared to its predecessors.\",\"breadcrumb\":{\"@id\":\"https:\\\/\\\/www.ghostysky.com\\\/product\\\/dji-avata-360-intelligent-flight-battery\\\/#breadcrumb\"},\"inLanguage\":\"es\",\"potentialAction\":[{\"@type\":\"ReadAction\",\"target\":[\"https:\\\/\\\/www.ghostysky.com\\\/product\\\/dji-avata-360-intelligent-flight-battery\\\/\"]}]},{\"@type\":\"ImageObject\",\"inLanguage\":\"es\",\"@id\":\"https:\\\/\\\/www.ghostysky.com\\\/product\\\/dji-avata-360-intelligent-flight-battery\\\/#primaryimage\",\"url\":\"https:\\\/\\\/www.ghostysky.com\\\/wp-content\\\/uploads\\\/2026\\\/03\\\/GH_DJI-Avata-360-Intelligent-Flight-Battery_1.jpg\",\"contentUrl\":\"https:\\\/\\\/www.ghostysky.com\\\/wp-content\\\/uploads\\\/2026\\\/03\\\/GH_DJI-Avata-360-Intelligent-Flight-Battery_1.jpg\",\"width\":1100,\"height\":1422},{\"@type\":\"BreadcrumbList\",\"@id\":\"https:\\\/\\\/www.ghostysky.com\\\/product\\\/dji-avata-360-intelligent-flight-battery\\\/#breadcrumb\",\"itemListElement\":[{\"@type\":\"ListItem\",\"position\":1,\"name\":\"Home\",\"item\":\"https:\\\/\\\/www.ghostysky.com\\\/\"},{\"@type\":\"ListItem\",\"position\":2,\"name\":\"Shop\",\"item\":\"https:\\\/\\\/www.ghostysky.com\\\/shop\\\/\"},{\"@type\":\"ListItem\",\"position\":3,\"name\":\"DJI Avata 360 Intelligent Flight Battery\"}]},{\"@type\":\"WebSite\",\"@id\":\"https:\\\/\\\/www.ghostysky.com\\\/#website\",\"url\":\"https:\\\/\\\/www.ghostysky.com\\\/\",\"name\":\"Ghostysky\",\"description\":\"Delivering professional drones and robotics solutions\",\"publisher\":{\"@id\":\"https:\\\/\\\/www.ghostysky.com\\\/#organization\"},\"potentialAction\":[{\"@type\":\"SearchAction\",\"target\":{\"@type\":\"EntryPoint\",\"urlTemplate\":\"https:\\\/\\\/www.ghostysky.com\\\/?s={search_term_string}\"},\"query-input\":{\"@type\":\"PropertyValueSpecification\",\"valueRequired\":true,\"valueName\":\"search_term_string\"}}],\"inLanguage\":\"es\"},{\"@type\":\"Organization\",\"@id\":\"https:\\\/\\\/www.ghostysky.com\\\/#organization\",\"name\":\"Ghostysky\",\"url\":\"https:\\\/\\\/www.ghostysky.com\\\/\",\"logo\":{\"@type\":\"ImageObject\",\"inLanguage\":\"es\",\"@id\":\"https:\\\/\\\/www.ghostysky.com\\\/#\\\/schema\\\/logo\\\/image\\\/\",\"url\":\"https:\\\/\\\/www.ghostysky.com\\\/wp-content\\\/uploads\\\/2020\\\/06\\\/cropped-ghostyskylogo_text_white2.png\",\"contentUrl\":\"https:\\\/\\\/www.ghostysky.com\\\/wp-content\\\/uploads\\\/2020\\\/06\\\/cropped-ghostyskylogo_text_white2.png\",\"width\":169,\"height\":56,\"caption\":\"Ghostysky\"},\"image\":{\"@id\":\"https:\\\/\\\/www.ghostysky.com\\\/#\\\/schema\\\/logo\\\/image\\\/\"},\"sameAs\":[\"https:\\\/\\\/www.facebook.com\\\/people\\\/Ghostysky\\\/100057676170234\\\/\",\"https:\\\/\\\/x.com\\\/Gh0stysky\",\"https:\\\/\\\/www.linkedin.com\\\/company\\\/34739653\",\"https:\\\/\\\/www.instagram.com\\\/gh0stysky\"]}]}<\/script>\n<!-- \/ Yoast SEO plugin. -->","yoast_head_json":{"title":"Bater\u00eda de Vuelo Inteligente DJI Avata 360 - Ghostysky","description":"La bater\u00eda de vuelo inteligente DJI Avata 360 es una fuente de alimentaci\u00f3n de alto rendimiento dise\u00f1ada espec\u00edficamente para el DJI Avata 360 (lanzado en marzo de 2026). Dise\u00f1ada para gestionar los requisitos de procesamiento 8K de doble sensor del primer dron FPV de 360\u00b0 de DJI, esta bater\u00eda ofrece una mejora significativa en capacidad y eficiencia en comparaci\u00f3n con sus predecesoras.","robots":{"index":"index","follow":"follow","max-snippet":"max-snippet:-1","max-image-preview":"max-image-preview:large","max-video-preview":"max-video-preview:-1"},"canonical":"https:\/\/www.ghostysky.com\/es\/producto-2\/dji-avata-360-intelligent-flight-battery\/","og_locale":"es_ES","og_type":"article","og_title":"DJI Avata 360 Intelligent Flight Battery - Ghostysky","og_description":"The DJI Avata 360 Intelligent Flight Battery is the high-performance power source specifically designed for the DJI Avata 360 (launched March 2026). Engineered to handle the dual-sensor 8K processing requirements of DJI\u2019s first 360\u00b0 FPV drone, this battery provides a significant boost in capacity and efficiency compared to its predecessors.","og_url":"https:\/\/www.ghostysky.com\/es\/producto-2\/dji-avata-360-intelligent-flight-battery\/","og_site_name":"Ghostysky","article_publisher":"https:\/\/www.facebook.com\/people\/Ghostysky\/100057676170234\/","article_modified_time":"2026-03-26T15:49:26+00:00","og_image":[{"width":1100,"height":1422,"url":"https:\/\/www.ghostysky.com\/wp-content\/uploads\/2026\/03\/GH_DJI-Avata-360-Intelligent-Flight-Battery_1.jpg","type":"image\/jpeg"}],"twitter_card":"summary_large_image","twitter_site":"@Gh0stysky","twitter_misc":{"Tiempo de lectura":"2 minutos"},"schema":{"@context":"https:\/\/schema.org","@graph":[{"@type":"WebPage","@id":"https:\/\/www.ghostysky.com\/product\/dji-avata-360-intelligent-flight-battery\/","url":"https:\/\/www.ghostysky.com\/product\/dji-avata-360-intelligent-flight-battery\/","name":"Bater\u00eda de Vuelo Inteligente DJI Avata 360 - Ghostysky","isPartOf":{"@id":"https:\/\/www.ghostysky.com\/#website"},"primaryImageOfPage":{"@id":"https:\/\/www.ghostysky.com\/product\/dji-avata-360-intelligent-flight-battery\/#primaryimage"},"image":{"@id":"https:\/\/www.ghostysky.com\/product\/dji-avata-360-intelligent-flight-battery\/#primaryimage"},"thumbnailUrl":"https:\/\/www.ghostysky.com\/wp-content\/uploads\/2026\/03\/GH_DJI-Avata-360-Intelligent-Flight-Battery_1.jpg","datePublished":"2026-03-26T15:44:48+00:00","dateModified":"2026-03-26T15:49:26+00:00","description":"La bater\u00eda de vuelo inteligente DJI Avata 360 es una fuente de alimentaci\u00f3n de alto rendimiento dise\u00f1ada espec\u00edficamente para el DJI Avata 360 (lanzado en marzo de 2026). Dise\u00f1ada para gestionar los requisitos de procesamiento 8K de doble sensor del primer dron FPV de 360\u00b0 de DJI, esta bater\u00eda ofrece una mejora significativa en capacidad y eficiencia en comparaci\u00f3n con sus predecesoras.","breadcrumb":{"@id":"https:\/\/www.ghostysky.com\/product\/dji-avata-360-intelligent-flight-battery\/#breadcrumb"},"inLanguage":"es","potentialAction":[{"@type":"ReadAction","target":["https:\/\/www.ghostysky.com\/product\/dji-avata-360-intelligent-flight-battery\/"]}]},{"@type":"ImageObject","inLanguage":"es","@id":"https:\/\/www.ghostysky.com\/product\/dji-avata-360-intelligent-flight-battery\/#primaryimage","url":"https:\/\/www.ghostysky.com\/wp-content\/uploads\/2026\/03\/GH_DJI-Avata-360-Intelligent-Flight-Battery_1.jpg","contentUrl":"https:\/\/www.ghostysky.com\/wp-content\/uploads\/2026\/03\/GH_DJI-Avata-360-Intelligent-Flight-Battery_1.jpg","width":1100,"height":1422},{"@type":"BreadcrumbList","@id":"https:\/\/www.ghostysky.com\/product\/dji-avata-360-intelligent-flight-battery\/#breadcrumb","itemListElement":[{"@type":"ListItem","position":1,"name":"Home","item":"https:\/\/www.ghostysky.com\/"},{"@type":"ListItem","position":2,"name":"Shop","item":"https:\/\/www.ghostysky.com\/shop\/"},{"@type":"ListItem","position":3,"name":"DJI Avata 360 Intelligent Flight Battery"}]},{"@type":"WebSite","@id":"https:\/\/www.ghostysky.com\/#website","url":"https:\/\/www.ghostysky.com\/","name":"Ghostysky","description":"Ofrecemos soluciones profesionales de drones y rob\u00f3tica.","publisher":{"@id":"https:\/\/www.ghostysky.com\/#organization"},"potentialAction":[{"@type":"SearchAction","target":{"@type":"EntryPoint","urlTemplate":"https:\/\/www.ghostysky.com\/?s={search_term_string}"},"query-input":{"@type":"PropertyValueSpecification","valueRequired":true,"valueName":"search_term_string"}}],"inLanguage":"es"},{"@type":"Organization","@id":"https:\/\/www.ghostysky.com\/#organization","name":"Ghostysky","url":"https:\/\/www.ghostysky.com\/","logo":{"@type":"ImageObject","inLanguage":"es","@id":"https:\/\/www.ghostysky.com\/#\/schema\/logo\/image\/","url":"https:\/\/www.ghostysky.com\/wp-content\/uploads\/2020\/06\/cropped-ghostyskylogo_text_white2.png","contentUrl":"https:\/\/www.ghostysky.com\/wp-content\/uploads\/2020\/06\/cropped-ghostyskylogo_text_white2.png","width":169,"height":56,"caption":"Ghostysky"},"image":{"@id":"https:\/\/www.ghostysky.com\/#\/schema\/logo\/image\/"},"sameAs":["https:\/\/www.facebook.com\/people\/Ghostysky\/100057676170234\/","https:\/\/x.com\/Gh0stysky","https:\/\/www.linkedin.com\/company\/34739653","https:\/\/www.instagram.com\/gh0stysky"]}]}},"_links":{"self":[{"href":"https:\/\/www.ghostysky.com\/es\/wp-json\/wp\/v2\/product\/24719","targetHints":{"allow":["GET"]}}],"collection":[{"href":"https:\/\/www.ghostysky.com\/es\/wp-json\/wp\/v2\/product"}],"about":[{"href":"https:\/\/www.ghostysky.com\/es\/wp-json\/wp\/v2\/types\/product"}],"replies":[{"embeddable":true,"href":"https:\/\/www.ghostysky.com\/es\/wp-json\/wp\/v2\/comments?post=24719"}],"version-history":[{"count":0,"href":"https:\/\/www.ghostysky.com\/es\/wp-json\/wp\/v2\/product\/24719\/revisions"}],"wp:featuredmedia":[{"embeddable":true,"href":"https:\/\/www.ghostysky.com\/es\/wp-json\/wp\/v2\/media\/24721"}],"wp:attachment":[{"href":"https:\/\/www.ghostysky.com\/es\/wp-json\/wp\/v2\/media?parent=24719"}],"wp:term":[{"taxonomy":"product_brand","embeddable":true,"href":"https:\/\/www.ghostysky.com\/es\/wp-json\/wp\/v2\/product_brand?post=24719"},{"taxonomy":"product_cat","embeddable":true,"href":"https:\/\/www.ghostysky.com\/es\/wp-json\/wp\/v2\/product_cat?post=24719"},{"taxonomy":"product_tag","embeddable":true,"href":"https:\/\/www.ghostysky.com\/es\/wp-json\/wp\/v2\/product_tag?post=24719"}],"curies":[{"name":"wp","href":"https:\/\/api.w.org\/{rel}","templated":true}]}}