{"id":24903,"date":"2026-04-04T09:22:54","date_gmt":"2026-04-04T09:22:54","guid":{"rendered":"https:\/\/www.ghostysky.com\/?post_type=product&#038;p=24903"},"modified":"2026-04-05T07:08:28","modified_gmt":"2026-04-05T07:08:28","slug":"rayneo-air-4-pro-ar-smart-glasses","status":"publish","type":"product","link":"https:\/\/www.ghostysky.com\/es\/product\/rayneo-air-4-pro-ar-smart-glasses\/","title":{"rendered":"Gafas inteligentes de realidad aumentada RayNeo Air 4 Pro"},"content":{"rendered":"<h3 data-path-to-node=\"2\">Im\u00e1genes: \u201cUn televisor OLED para tu rostro\u201d<\/h3>\n<p id=\"p-rc_364e4b416da447cf-20\" data-path-to-node=\"3\"><span class=\"citation-27\">El Air 4 Pro utiliza dos <\/span><b data-path-to-node=\"3\" data-index-in-node=\"28\"><span class=\"citation-27\">Pantalla Micro-OLED SeeYa de 0,6 pulgadas<\/span><\/b><span class=\"citation-27\"> pantallas para proyectar una enorme pantalla virtual que se siente como una <\/span><b data-path-to-node=\"3\" data-index-in-node=\"117\"><span class=\"citation-27\">Pantalla de 201 pulgadas<\/span><\/b><span class=\"citation-27 citation-end-27\"> desde 6 metros de distancia.<\/span><\/p>\n<ul data-path-to-node=\"4\">\n<li>\n<p id=\"p-rc_364e4b416da447cf-21\" data-path-to-node=\"4,0,0\"><b data-path-to-node=\"4,0,0\" data-index-in-node=\"0\"><span class=\"citation-26\">Compatibilidad con HDR10:<\/span><\/b><span class=\"citation-26 citation-end-26\"> Una primicia en su categor\u00eda, que ofrece una profundidad de color de 10 bits y una relaci\u00f3n de contraste de 200.000:1 para negros intensos y reflejos vibrantes.<\/span><\/p>\n<\/li>\n<li>\n<p id=\"p-rc_364e4b416da447cf-22\" data-path-to-node=\"4,1,0\"><b data-path-to-node=\"4,1,0\" data-index-in-node=\"0\">Ultrabrillante:<\/b><span class=\"citation-25\"> Alcanza un pico de <\/span><b data-path-to-node=\"4,1,0\" data-index-in-node=\"29\"><span class=\"citation-25\">1200 nits<\/span><\/b><span class=\"citation-25 citation-end-25\">, lo que permite utilizarlo incluso en entornos bien iluminados donde otras gafas de realidad aumentada suelen perder nitidez.<\/span><\/p>\n<\/li>\n<li>\n<p id=\"p-rc_364e4b416da447cf-23\" data-path-to-node=\"4,2,0\"><b data-path-to-node=\"4,2,0\" data-index-in-node=\"0\">Listo para jugar:<\/b><span class=\"citation-24\"> Admite una <\/span><b data-path-to-node=\"4,2,0\" data-index-in-node=\"25\"><span class=\"citation-24\">Frecuencia de actualizaci\u00f3n de 120 Hz<\/span><\/b><span class=\"citation-24 citation-end-24\"> Para un movimiento ultrasuave en juegos de ritmo r\u00e1pido.<\/span><\/p>\n<\/li>\n<li>\n<p id=\"p-rc_364e4b416da447cf-24\" data-path-to-node=\"4,3,0\"><b data-path-to-node=\"4,3,0\" data-index-in-node=\"0\"><span class=\"citation-23\">Chip Vision4000:<\/span><\/b><span class=\"citation-23\"> Un chip dedicado al procesamiento de im\u00e1genes que maneja <\/span><b data-path-to-node=\"4,3,0\" data-index-in-node=\"64\"><span class=\"citation-23\">Conversi\u00f3n de 2D a 3D<\/span><\/b><span class=\"citation-23 citation-end-23\"> y escalado de SDR a HDR mediante IA.<\/span><\/p>\n<div class=\"source-inline-chip-container ng-star-inserted\"><\/div>\n<\/li>\n<\/ul>\n<h3 data-path-to-node=\"5\">Audio: Sintonizado conjuntamente por Bang &amp; Olufsen.<\/h3>\n<p id=\"p-rc_364e4b416da447cf-25\" data-path-to-node=\"6\"><span class=\"citation-22\">A diferencia de muchas gafas de realidad aumentada con altavoces &quot;met\u00e1licos&quot;, las Air 4 Pro presentan una colaboraci\u00f3n con <\/span><b data-path-to-node=\"6\" data-index-in-node=\"90\"><span class=\"citation-22\">B&amp;O<\/span><\/b><span class=\"citation-22 citation-end-22\">.<\/span><\/p>\n<ul data-path-to-node=\"7\">\n<li>\n<p id=\"p-rc_364e4b416da447cf-26\" data-path-to-node=\"7,0,0\"><b data-path-to-node=\"7,0,0\" data-index-in-node=\"0\"><span class=\"citation-21\">Sistema de cuatro altavoces:<\/span><\/b><span class=\"citation-21 citation-end-21\"> Cuatro altavoces proporcionan una experiencia de sonido envolvente de 360\u00b0.<\/span><\/p>\n<\/li>\n<li>\n<p id=\"p-rc_364e4b416da447cf-27\" data-path-to-node=\"7,1,0\"><b data-path-to-node=\"7,1,0\" data-index-in-node=\"0\"><span class=\"citation-20\">Modo susurro:<\/span><\/b><span class=\"citation-20 citation-end-20\"> La tecnolog\u00eda de cancelaci\u00f3n de fase reduce la fuga de sonido, lo que garantiza que las personas sentadas a tu lado no puedan o\u00edr tu pel\u00edcula o reuni\u00f3n.<\/span><\/p>\n<p>&nbsp;<\/li>\n<\/ul>\n<h3 data-path-to-node=\"8\">Dise\u00f1o y confort<\/h3>\n<ul data-path-to-node=\"9\">\n<li>\n<p id=\"p-rc_364e4b416da447cf-28\" data-path-to-node=\"9,0,0\"><b data-path-to-node=\"9,0,0\" data-index-in-node=\"0\">Peso:<\/b><span class=\"citation-19\"> Extremadamente port\u00e1til a tan solo <\/span><b data-path-to-node=\"9,0,0\" data-index-in-node=\"35\"><span class=\"citation-19\">76 g<\/span><\/b><span class=\"citation-19 citation-end-19\"> (aproximadamente el peso de dos tabletas de chocolate est\u00e1ndar).<\/span><\/p>\n<\/li>\n<li>\n<p id=\"p-rc_364e4b416da447cf-29\" data-path-to-node=\"9,1,0\"><b data-path-to-node=\"9,1,0\" data-index-in-node=\"0\"><span class=\"citation-18\">Protecci\u00f3n para los ojos:<\/span><\/b><span class=\"citation-18\"> Caracter\u00edsticas <\/span><b data-path-to-node=\"9,1,0\" data-index-in-node=\"25\"><span class=\"citation-18\">Atenuaci\u00f3n PWM de 3840 Hz<\/span><\/b><span class=\"citation-18 citation-end-18\">, lo que reduce significativamente la fatiga visual y el parpadeo en comparaci\u00f3n con las pantallas est\u00e1ndar.<\/span> <span class=\"citation-17 citation-end-17\">Cuenta con las certificaciones T\u00dcV Rheinland de baja emisi\u00f3n de luz azul y visualizaci\u00f3n sin parpadeo.<\/span><\/p>\n<\/li>\n<li>\n<p id=\"p-rc_364e4b416da447cf-30\" data-path-to-node=\"9,2,0\"><b data-path-to-node=\"9,2,0\" data-index-in-node=\"0\"><span class=\"citation-16\">Bloqueadores de luz:<\/span><\/b><span class=\"citation-16 citation-end-16\"> Incluye pantallas magn\u00e9ticas para la luz en la caja, con el fin de crear un ambiente de &quot;oscuridad total&quot; para una inmersi\u00f3n completa.<\/span><\/p>\n<div class=\"source-inline-chip-container ng-star-inserted\"><\/div>\n<p>&nbsp;<\/li>\n<\/ul>\n<h3 data-path-to-node=\"11\">Especificaciones t\u00e9cnicas<\/h3>\n<table data-path-to-node=\"12\">\n<thead>\n<tr>\n<td><strong>Caracter\u00edstica<\/strong><\/td>\n<td><strong>Especificaci\u00f3n<\/strong><\/td>\n<\/tr>\n<\/thead>\n<tbody>\n<tr>\n<td><span data-path-to-node=\"12,1,0,0\"><b data-path-to-node=\"12,1,0,0\" data-index-in-node=\"0\">Tipo de visualizaci\u00f3n<\/b><\/span><\/td>\n<td><span data-path-to-node=\"12,1,1,0\">Micro-OLED dual (SeeYa)<\/span><\/td>\n<\/tr>\n<tr>\n<td><span data-path-to-node=\"12,2,0,0\"><b data-path-to-node=\"12,2,0,0\" data-index-in-node=\"0\">Resoluci\u00f3n<\/b><\/span><\/td>\n<td><span data-path-to-node=\"12,2,1,0\">1920 x 1080 por ojo (2D) \/ 3840 x 1080 (3D)<\/span><\/td>\n<\/tr>\n<tr>\n<td><span data-path-to-node=\"12,3,0,0\"><b data-path-to-node=\"12,3,0,0\" data-index-in-node=\"0\">Campo de visi\u00f3n (FoV)<\/b><\/span><\/td>\n<td><span data-path-to-node=\"12,3,1,0\">47\u00b0<\/span><\/td>\n<\/tr>\n<tr>\n<td><span data-path-to-node=\"12,4,0,0\"><b data-path-to-node=\"12,4,0,0\" data-index-in-node=\"0\">Brillo<\/b><\/span><\/td>\n<td><span data-path-to-node=\"12,4,1,0\">1200 nits<\/span><\/td>\n<\/tr>\n<tr>\n<td><span data-path-to-node=\"12,5,0,0\"><b data-path-to-node=\"12,5,0,0\" data-index-in-node=\"0\">Frecuencia de actualizaci\u00f3n<\/b><\/span><\/td>\n<td><span data-path-to-node=\"12,5,1,0\">60 Hz \/ 120 Hz<\/span><\/td>\n<\/tr>\n<tr>\n<td><span data-path-to-node=\"12,6,0,0\"><b data-path-to-node=\"12,6,0,0\" data-index-in-node=\"0\">Conectividad<\/b><\/span><\/td>\n<td><span data-path-to-node=\"12,6,1,0\">USB-C (Modo alternativo DisplayPort)<\/span><\/td>\n<\/tr>\n<tr>\n<td><span data-path-to-node=\"12,7,0,0\"><b data-path-to-node=\"12,7,0,0\" data-index-in-node=\"0\">Compatibilidad<\/b><\/span><\/td>\n<td><span data-path-to-node=\"12,7,1,0\">iPhone 15\/16\/17, Android, Steam Deck, Switch, PS5, port\u00e1tiles<\/span><\/td>\n<\/tr>\n<\/tbody>\n<\/table>","protected":false},"excerpt":{"rendered":"<p><span class=\"citation-29\">El <\/span><b class=\"\" data-path-to-node=\"0\" data-index-in-node=\"4\"><span class=\"citation-29\">RayNeo Air 4 Pro<\/span><\/b><span class=\"citation-29 citation-end-29\"> (lanzado a principios de 2026) es un dispositivo port\u00e1til de realidad aumentada de alta gama dise\u00f1ado para funcionar como un monitor port\u00e1til de alta fidelidad para cine y videojuegos.<\/span> <span class=\"citation-28\">Posicionados como los primeros anteojos de realidad aumentada del mundo en ser compatibles <\/span><b class=\"\" data-path-to-node=\"0\" data-index-in-node=\"199\"><span class=\"citation-28\">HDR10<\/span><\/b><span class=\"citation-28 citation-end-28\">, Se centran mucho en el pop visual y el audio de calidad profesional.<\/span><\/p>","protected":false},"featured_media":24910,"comment_status":"open","ping_status":"closed","template":"","meta":[],"product_brand":[1414],"product_cat":[1341,1413],"product_tag":[1415,1416],"class_list":{"0":"post-24903","1":"product","2":"type-product","3":"status-publish","4":"has-post-thumbnail","6":"product_brand-rayneo","7":"product_cat-ar-vr","8":"product_cat-rayneo","9":"product_tag-ar-glasses","10":"product_tag-rayneo","12":"first","13":"onbackorder","14":"taxable","15":"shipping-taxable","16":"product-type-simple"},"yoast_head":"<!-- This site is optimized with the Yoast SEO plugin v27.1.1 - https:\/\/yoast.com\/product\/yoast-seo-wordpress\/ -->\n<title>RayNeo Air 4 Pro AR Smart Glasses - Ghostysky<\/title>\n<meta name=\"description\" content=\"The RayNeo Air 4 Pro (released early 2026) is a premium AR wearable designed to function as a portable, high-fidelity cinema and gaming monitor. Positioned as the world\u2019s first AR glasses to support HDR10, they focus heavily on visual pop and professional-grade audio.\" \/>\n<meta name=\"robots\" content=\"index, follow, max-snippet:-1, max-image-preview:large, max-video-preview:-1\" \/>\n<link rel=\"canonical\" href=\"https:\/\/www.ghostysky.com\/es\/producto-2\/rayneo-air-4-pro-ar-smart-glasses\/\" \/>\n<meta property=\"og:locale\" content=\"es_ES\" \/>\n<meta property=\"og:type\" content=\"article\" \/>\n<meta property=\"og:title\" content=\"RayNeo Air 4 Pro AR Smart Glasses - Ghostysky\" \/>\n<meta property=\"og:description\" content=\"The RayNeo Air 4 Pro (released early 2026) is a premium AR wearable designed to function as a portable, high-fidelity cinema and gaming monitor. Positioned as the world\u2019s first AR glasses to support HDR10, they focus heavily on visual pop and professional-grade audio.\" \/>\n<meta property=\"og:url\" content=\"https:\/\/www.ghostysky.com\/es\/producto-2\/rayneo-air-4-pro-ar-smart-glasses\/\" \/>\n<meta property=\"og:site_name\" content=\"Ghostysky\" \/>\n<meta property=\"article:publisher\" content=\"https:\/\/www.facebook.com\/people\/Ghostysky\/100057676170234\/\" \/>\n<meta property=\"article:modified_time\" content=\"2026-04-05T07:08:28+00:00\" \/>\n<meta property=\"og:image\" content=\"https:\/\/www.ghostysky.com\/wp-content\/uploads\/2026\/04\/GH_RayNeo-Air-4-Pro-AR-Smart-Glasses_1.webp\" \/>\n\t<meta property=\"og:image:width\" content=\"2000\" \/>\n\t<meta property=\"og:image:height\" content=\"2000\" \/>\n\t<meta property=\"og:image:type\" content=\"image\/webp\" \/>\n<meta name=\"twitter:card\" content=\"summary_large_image\" \/>\n<meta name=\"twitter:site\" content=\"@Gh0stysky\" \/>\n<meta name=\"twitter:label1\" content=\"Tiempo de lectura\" \/>\n\t<meta name=\"twitter:data1\" content=\"2 minutos\" \/>\n<script type=\"application\/ld+json\" class=\"yoast-schema-graph\">{\"@context\":\"https:\/\/schema.org\",\"@graph\":[{\"@type\":\"WebPage\",\"@id\":\"https:\/\/www.ghostysky.com\/product\/rayneo-air-4-pro-ar-smart-glasses\/\",\"url\":\"https:\/\/www.ghostysky.com\/product\/rayneo-air-4-pro-ar-smart-glasses\/\",\"name\":\"RayNeo Air 4 Pro AR Smart Glasses - Ghostysky\",\"isPartOf\":{\"@id\":\"https:\/\/www.ghostysky.com\/#website\"},\"primaryImageOfPage\":{\"@id\":\"https:\/\/www.ghostysky.com\/product\/rayneo-air-4-pro-ar-smart-glasses\/#primaryimage\"},\"image\":{\"@id\":\"https:\/\/www.ghostysky.com\/product\/rayneo-air-4-pro-ar-smart-glasses\/#primaryimage\"},\"thumbnailUrl\":\"https:\/\/www.ghostysky.com\/wp-content\/uploads\/2026\/04\/GH_RayNeo-Air-4-Pro-AR-Smart-Glasses_1.webp\",\"datePublished\":\"2026-04-04T09:22:54+00:00\",\"dateModified\":\"2026-04-05T07:08:28+00:00\",\"description\":\"The RayNeo Air 4 Pro (released early 2026) is a premium AR wearable designed to function as a portable, high-fidelity cinema and gaming monitor. Positioned as the world\u2019s first AR glasses to support HDR10, they focus heavily on visual pop and professional-grade audio.\",\"breadcrumb\":{\"@id\":\"https:\/\/www.ghostysky.com\/product\/rayneo-air-4-pro-ar-smart-glasses\/#breadcrumb\"},\"inLanguage\":\"es\",\"potentialAction\":[{\"@type\":\"ReadAction\",\"target\":[\"https:\/\/www.ghostysky.com\/product\/rayneo-air-4-pro-ar-smart-glasses\/\"]}]},{\"@type\":\"ImageObject\",\"inLanguage\":\"es\",\"@id\":\"https:\/\/www.ghostysky.com\/product\/rayneo-air-4-pro-ar-smart-glasses\/#primaryimage\",\"url\":\"https:\/\/www.ghostysky.com\/wp-content\/uploads\/2026\/04\/GH_RayNeo-Air-4-Pro-AR-Smart-Glasses_1.webp\",\"contentUrl\":\"https:\/\/www.ghostysky.com\/wp-content\/uploads\/2026\/04\/GH_RayNeo-Air-4-Pro-AR-Smart-Glasses_1.webp\",\"width\":2000,\"height\":2000},{\"@type\":\"BreadcrumbList\",\"@id\":\"https:\/\/www.ghostysky.com\/product\/rayneo-air-4-pro-ar-smart-glasses\/#breadcrumb\",\"itemListElement\":[{\"@type\":\"ListItem\",\"position\":1,\"name\":\"Home\",\"item\":\"https:\/\/www.ghostysky.com\/\"},{\"@type\":\"ListItem\",\"position\":2,\"name\":\"Shop\",\"item\":\"https:\/\/www.ghostysky.com\/shop\/\"},{\"@type\":\"ListItem\",\"position\":3,\"name\":\"RayNeo Air 4 Pro AR Smart Glasses\"}]},{\"@type\":\"WebSite\",\"@id\":\"https:\/\/www.ghostysky.com\/#website\",\"url\":\"https:\/\/www.ghostysky.com\/\",\"name\":\"Ghostysky\",\"description\":\"Delivering professional drones and services\",\"publisher\":{\"@id\":\"https:\/\/www.ghostysky.com\/#organization\"},\"potentialAction\":[{\"@type\":\"SearchAction\",\"target\":{\"@type\":\"EntryPoint\",\"urlTemplate\":\"https:\/\/www.ghostysky.com\/?s={search_term_string}\"},\"query-input\":{\"@type\":\"PropertyValueSpecification\",\"valueRequired\":true,\"valueName\":\"search_term_string\"}}],\"inLanguage\":\"es\"},{\"@type\":\"Organization\",\"@id\":\"https:\/\/www.ghostysky.com\/#organization\",\"name\":\"Ghostysky\",\"url\":\"https:\/\/www.ghostysky.com\/\",\"logo\":{\"@type\":\"ImageObject\",\"inLanguage\":\"es\",\"@id\":\"https:\/\/www.ghostysky.com\/#\/schema\/logo\/image\/\",\"url\":\"https:\/\/www.ghostysky.com\/wp-content\/uploads\/2020\/06\/cropped-ghostyskylogo_text_white2.png\",\"contentUrl\":\"https:\/\/www.ghostysky.com\/wp-content\/uploads\/2020\/06\/cropped-ghostyskylogo_text_white2.png\",\"width\":169,\"height\":56,\"caption\":\"Ghostysky\"},\"image\":{\"@id\":\"https:\/\/www.ghostysky.com\/#\/schema\/logo\/image\/\"},\"sameAs\":[\"https:\/\/www.facebook.com\/people\/Ghostysky\/100057676170234\/\",\"https:\/\/x.com\/Gh0stysky\",\"https:\/\/www.linkedin.com\/company\/34739653\",\"https:\/\/www.instagram.com\/gh0stysky\"]}]}<\/script>\n<!-- \/ Yoast SEO plugin. -->","yoast_head_json":{"title":"Gafas inteligentes de realidad aumentada RayNeo Air 4 Pro - Ghostysky","description":"Las RayNeo Air 4 Pro (lanzadas a principios de 2026) son unas gafas de realidad aumentada de alta gama dise\u00f1adas para funcionar como un monitor port\u00e1til de alta fidelidad para cine y videojuegos. Posicionadas como las primeras gafas de realidad aumentada del mundo compatibles con HDR10, se centran en ofrecer una experiencia visual impactante y un audio de calidad profesional.","robots":{"index":"index","follow":"follow","max-snippet":"max-snippet:-1","max-image-preview":"max-image-preview:large","max-video-preview":"max-video-preview:-1"},"canonical":"https:\/\/www.ghostysky.com\/es\/producto-2\/rayneo-air-4-pro-ar-smart-glasses\/","og_locale":"es_ES","og_type":"article","og_title":"RayNeo Air 4 Pro AR Smart Glasses - Ghostysky","og_description":"The RayNeo Air 4 Pro (released early 2026) is a premium AR wearable designed to function as a portable, high-fidelity cinema and gaming monitor. Positioned as the world\u2019s first AR glasses to support HDR10, they focus heavily on visual pop and professional-grade audio.","og_url":"https:\/\/www.ghostysky.com\/es\/producto-2\/rayneo-air-4-pro-ar-smart-glasses\/","og_site_name":"Ghostysky","article_publisher":"https:\/\/www.facebook.com\/people\/Ghostysky\/100057676170234\/","article_modified_time":"2026-04-05T07:08:28+00:00","og_image":[{"width":2000,"height":2000,"url":"https:\/\/www.ghostysky.com\/wp-content\/uploads\/2026\/04\/GH_RayNeo-Air-4-Pro-AR-Smart-Glasses_1.webp","type":"image\/webp"}],"twitter_card":"summary_large_image","twitter_site":"@Gh0stysky","twitter_misc":{"Tiempo de lectura":"2 minutos"},"schema":{"@context":"https:\/\/schema.org","@graph":[{"@type":"WebPage","@id":"https:\/\/www.ghostysky.com\/product\/rayneo-air-4-pro-ar-smart-glasses\/","url":"https:\/\/www.ghostysky.com\/product\/rayneo-air-4-pro-ar-smart-glasses\/","name":"Gafas inteligentes de realidad aumentada RayNeo Air 4 Pro - Ghostysky","isPartOf":{"@id":"https:\/\/www.ghostysky.com\/#website"},"primaryImageOfPage":{"@id":"https:\/\/www.ghostysky.com\/product\/rayneo-air-4-pro-ar-smart-glasses\/#primaryimage"},"image":{"@id":"https:\/\/www.ghostysky.com\/product\/rayneo-air-4-pro-ar-smart-glasses\/#primaryimage"},"thumbnailUrl":"https:\/\/www.ghostysky.com\/wp-content\/uploads\/2026\/04\/GH_RayNeo-Air-4-Pro-AR-Smart-Glasses_1.webp","datePublished":"2026-04-04T09:22:54+00:00","dateModified":"2026-04-05T07:08:28+00:00","description":"Las RayNeo Air 4 Pro (lanzadas a principios de 2026) son unas gafas de realidad aumentada de alta gama dise\u00f1adas para funcionar como un monitor port\u00e1til de alta fidelidad para cine y videojuegos. Posicionadas como las primeras gafas de realidad aumentada del mundo compatibles con HDR10, se centran en ofrecer una experiencia visual impactante y un audio de calidad profesional.","breadcrumb":{"@id":"https:\/\/www.ghostysky.com\/product\/rayneo-air-4-pro-ar-smart-glasses\/#breadcrumb"},"inLanguage":"es","potentialAction":[{"@type":"ReadAction","target":["https:\/\/www.ghostysky.com\/product\/rayneo-air-4-pro-ar-smart-glasses\/"]}]},{"@type":"ImageObject","inLanguage":"es","@id":"https:\/\/www.ghostysky.com\/product\/rayneo-air-4-pro-ar-smart-glasses\/#primaryimage","url":"https:\/\/www.ghostysky.com\/wp-content\/uploads\/2026\/04\/GH_RayNeo-Air-4-Pro-AR-Smart-Glasses_1.webp","contentUrl":"https:\/\/www.ghostysky.com\/wp-content\/uploads\/2026\/04\/GH_RayNeo-Air-4-Pro-AR-Smart-Glasses_1.webp","width":2000,"height":2000},{"@type":"BreadcrumbList","@id":"https:\/\/www.ghostysky.com\/product\/rayneo-air-4-pro-ar-smart-glasses\/#breadcrumb","itemListElement":[{"@type":"ListItem","position":1,"name":"Home","item":"https:\/\/www.ghostysky.com\/"},{"@type":"ListItem","position":2,"name":"Shop","item":"https:\/\/www.ghostysky.com\/shop\/"},{"@type":"ListItem","position":3,"name":"RayNeo Air 4 Pro AR Smart Glasses"}]},{"@type":"WebSite","@id":"https:\/\/www.ghostysky.com\/#website","url":"https:\/\/www.ghostysky.com\/","name":"Ghostysky","description":"Entrega de drones y servicios profesionales","publisher":{"@id":"https:\/\/www.ghostysky.com\/#organization"},"potentialAction":[{"@type":"SearchAction","target":{"@type":"EntryPoint","urlTemplate":"https:\/\/www.ghostysky.com\/?s={search_term_string}"},"query-input":{"@type":"PropertyValueSpecification","valueRequired":true,"valueName":"search_term_string"}}],"inLanguage":"es"},{"@type":"Organization","@id":"https:\/\/www.ghostysky.com\/#organization","name":"Ghostysky","url":"https:\/\/www.ghostysky.com\/","logo":{"@type":"ImageObject","inLanguage":"es","@id":"https:\/\/www.ghostysky.com\/#\/schema\/logo\/image\/","url":"https:\/\/www.ghostysky.com\/wp-content\/uploads\/2020\/06\/cropped-ghostyskylogo_text_white2.png","contentUrl":"https:\/\/www.ghostysky.com\/wp-content\/uploads\/2020\/06\/cropped-ghostyskylogo_text_white2.png","width":169,"height":56,"caption":"Ghostysky"},"image":{"@id":"https:\/\/www.ghostysky.com\/#\/schema\/logo\/image\/"},"sameAs":["https:\/\/www.facebook.com\/people\/Ghostysky\/100057676170234\/","https:\/\/x.com\/Gh0stysky","https:\/\/www.linkedin.com\/company\/34739653","https:\/\/www.instagram.com\/gh0stysky"]}]}},"_links":{"self":[{"href":"https:\/\/www.ghostysky.com\/es\/wp-json\/wp\/v2\/product\/24903","targetHints":{"allow":["GET"]}}],"collection":[{"href":"https:\/\/www.ghostysky.com\/es\/wp-json\/wp\/v2\/product"}],"about":[{"href":"https:\/\/www.ghostysky.com\/es\/wp-json\/wp\/v2\/types\/product"}],"replies":[{"embeddable":true,"href":"https:\/\/www.ghostysky.com\/es\/wp-json\/wp\/v2\/comments?post=24903"}],"wp:featuredmedia":[{"embeddable":true,"href":"https:\/\/www.ghostysky.com\/es\/wp-json\/wp\/v2\/media\/24910"}],"wp:attachment":[{"href":"https:\/\/www.ghostysky.com\/es\/wp-json\/wp\/v2\/media?parent=24903"}],"wp:term":[{"taxonomy":"product_brand","embeddable":true,"href":"https:\/\/www.ghostysky.com\/es\/wp-json\/wp\/v2\/product_brand?post=24903"},{"taxonomy":"product_cat","embeddable":true,"href":"https:\/\/www.ghostysky.com\/es\/wp-json\/wp\/v2\/product_cat?post=24903"},{"taxonomy":"product_tag","embeddable":true,"href":"https:\/\/www.ghostysky.com\/es\/wp-json\/wp\/v2\/product_tag?post=24903"}],"curies":[{"name":"wp","href":"https:\/\/api.w.org\/{rel}","templated":true}]}}