{"id":24917,"date":"2026-04-05T08:08:15","date_gmt":"2026-04-05T08:08:15","guid":{"rendered":"https:\/\/www.ghostysky.com\/?post_type=product&#038;p=24917"},"modified":"2026-04-11T07:32:30","modified_gmt":"2026-04-11T07:32:30","slug":"rayneo-usb-c-to-glasses-charging-adapter","status":"publish","type":"product","link":"https:\/\/www.ghostysky.com\/es\/product\/rayneo-usb-c-to-glasses-charging-adapter\/","title":{"rendered":"Adaptador de carga RayNeo USB-C para gafas"},"content":{"rendered":"<div class=\"container\">\n<div id=\"model-response-message-contentr_a505a04463029fbe\" class=\"markdown markdown-main-panel stronger enable-updated-hr-color\" dir=\"ltr\" aria-live=\"polite\" aria-busy=\"false\">\n<h3 data-path-to-node=\"1\">Caracter\u00edsticas clave<\/h3>\n<ul data-path-to-node=\"2\">\n<li>\n<p data-path-to-node=\"2,0,0\"><b data-path-to-node=\"2,0,0\" data-index-in-node=\"0\"><span class=\"citation-72 citation-end-72\">Carga PD de paso de 100 W:<\/span><\/b> Admite una entrada Power Delivery (PD) de hasta 100 W, lo que le permite cargar r\u00e1pidamente su tel\u00e9fono inteligente, tableta o consola port\u00e1til mientras usa sus gafas simult\u00e1neamente.<\/p>\n<\/li>\n<li>\n<p data-path-to-node=\"2,1,0\"><b data-path-to-node=\"2,1,0\" data-index-in-node=\"0\">V\u00eddeo de alta definici\u00f3n:<\/b><span class=\"citation-71\"> Capaz de transmitir <\/span><b data-path-to-node=\"2,1,0\" data-index-in-node=\"47\"><span class=\"citation-71\">Resoluci\u00f3n 4K a 60 Hz<\/span><\/b><span class=\"citation-71 citation-end-71\">, garantizando que su experiencia visual se mantenga n\u00edtida y sin interrupciones.<\/span><\/p>\n<\/li>\n<li>\n<p data-path-to-node=\"2,2,0\"><b data-path-to-node=\"2,2,0\" data-index-in-node=\"0\"><span class=\"citation-70\">Compatibilidad con pantallas inmersivas:<\/span><\/b><span class=\"citation-70 citation-end-70\"> Optimizado para desbloquear la experiencia de &quot;Mega Pantalla&quot; (hasta 201 pulgadas) que ofrecen las gafas insignia de RayNeo.<\/span><\/p>\n<\/li>\n<li>\n<p data-path-to-node=\"2,3,0\"><b data-path-to-node=\"2,3,0\" data-index-in-node=\"0\">Conectar y usar:<\/b><span class=\"citation-69 citation-end-69\"> No se requieren controladores ni una configuraci\u00f3n compleja.<\/span> <span class=\"citation-68 citation-end-68\">Simplemente conecta el cable de alimentaci\u00f3n y las gafas al adaptador, y luego enchufa el adaptador a tu dispositivo.<\/span><\/p>\n<\/li>\n<li>\n<p data-path-to-node=\"2,4,0\"><b data-path-to-node=\"2,4,0\" data-index-in-node=\"0\">Versi\u00f3n Premium:<\/b><span class=\"citation-67 citation-end-67\"> Cuenta con una carcasa met\u00e1lica duradera y un cable USB-C reforzado y trenzado para una mayor fiabilidad y resistencia al desgaste a largo plazo.<\/span><\/p>\n<div class=\"source-inline-chip-container ng-star-inserted\"><\/div>\n<\/li>\n<\/ul>\n<h3 data-path-to-node=\"4\">Especificaciones t\u00e9cnicas<\/h3>\n<div class=\"horizontal-scroll-wrapper\">\n<div class=\"table-block-component\">\n<div class=\"table-block has-export-button new-table-style is-at-scroll-start is-at-scroll-end\">\n<div class=\"table-content not-end-of-paragraph\" data-hveid=\"0\" data-ved=\"0CAAQ3ecQahcKEwirworLoNaTAxUAAAAAHQAAAAAQVA\">\n<table data-path-to-node=\"5\">\n<thead>\n<tr>\n<th><span data-path-to-node=\"5,0,0,0\">Caracter\u00edstica<\/span><\/th>\n<th><span data-path-to-node=\"5,0,1,0\">Especificaci\u00f3n<\/span><\/th>\n<\/tr>\n<\/thead>\n<tbody>\n<tr>\n<td><span data-path-to-node=\"5,1,0,0\"><b data-path-to-node=\"5,1,0,0\" data-index-in-node=\"0\">Modelo<\/b><\/span><\/td>\n<td><span data-path-to-node=\"5,1,1,0\">XRAC-CHA01OS<\/span><\/td>\n<\/tr>\n<tr>\n<td><span data-path-to-node=\"5,2,0,0\"><b data-path-to-node=\"5,2,0,0\" data-index-in-node=\"0\">Puerto de entrada<\/b><\/span><\/td>\n<td><span data-path-to-node=\"5,2,1,0\">USB-C (PD) admite hasta 20 V \/ 5 A (100 W)<\/span><\/td>\n<\/tr>\n<tr>\n<td><span data-path-to-node=\"5,3,0,0\"><b data-path-to-node=\"5,3,0,0\" data-index-in-node=\"0\">Puerto de salida (gafas)<\/b><\/span><\/td>\n<td><span data-path-to-node=\"5,3,1,0\">USB-C (v\u00eddeo + alimentaci\u00f3n)<\/span><\/td>\n<\/tr>\n<tr>\n<td><span data-path-to-node=\"5,4,0,0\"><b data-path-to-node=\"5,4,0,0\" data-index-in-node=\"0\">Soporte de v\u00eddeo<\/b><\/span><\/td>\n<td><span data-path-to-node=\"5,4,1,0\">4K a 60 Hz<\/span><\/td>\n<\/tr>\n<tr>\n<td><span data-path-to-node=\"5,5,0,0\"><b data-path-to-node=\"5,5,0,0\" data-index-in-node=\"0\">Peso<\/b><\/span><\/td>\n<td><span data-path-to-node=\"5,5,1,0\">~32 g (1,13 oz)<\/span><\/td>\n<\/tr>\n<tr>\n<td><span data-path-to-node=\"5,6,0,0\"><b data-path-to-node=\"5,6,0,0\" data-index-in-node=\"0\">Longitud del cable<\/b><\/span><\/td>\n<td><span data-path-to-node=\"5,6,1,0\">~12,5 cm (4,92 pulgadas)<\/span><\/td>\n<\/tr>\n<tr>\n<td><span data-path-to-node=\"5,7,0,0\"><b data-path-to-node=\"5,7,0,0\" data-index-in-node=\"0\">Construcci\u00f3n<\/b><\/span><\/td>\n<td><span data-path-to-node=\"5,7,1,0\">Carcasa met\u00e1lica con cable trenzado negro.<\/span><\/td>\n<\/tr>\n<\/tbody>\n<\/table>\n<p>&nbsp;<\/p>\n<\/div>\n<\/div>\n<\/div>\n<\/div>\n<h3 data-path-to-node=\"7\">\u00a0Compatibilidad<\/h3>\n<p data-path-to-node=\"8\"><span class=\"citation-66\">El adaptador est\u00e1 dise\u00f1ado espec\u00edficamente para <\/span><b data-path-to-node=\"8\" data-index-in-node=\"43\"><span class=\"citation-66\">RayNeo Air 3, Air 2 y Air 2<\/span><\/b><span class=\"citation-66 citation-end-66\"> gafas inteligentes.<\/span> Es compatible con una amplia gama de dispositivos anfitriones que admiten el modo alternativo DisplayPort a trav\u00e9s de USB-C, entre los que se incluyen:<\/p>\n<ul data-path-to-node=\"9\">\n<li>\n<p data-path-to-node=\"9,0,0\"><b data-path-to-node=\"9,0,0\" data-index-in-node=\"0\">Juego de azar:<\/b><span class=\"citation-65 citation-end-65\"> Steam Deck, ROG Ally, Nintendo Switch (Gen 2).<\/span><\/p>\n<\/li>\n<li>\n<p data-path-to-node=\"9,1,0\"><b data-path-to-node=\"9,1,0\" data-index-in-node=\"0\"><span class=\"citation-64\">M\u00f3vil:<\/span><\/b><span class=\"citation-64 citation-end-64\"> Serie iPhone 15\/16, serie Samsung S (S20 y posteriores), serie Z Fold.<\/span><\/p>\n<\/li>\n<li>\n<p data-path-to-node=\"9,2,0\"><b data-path-to-node=\"9,2,0\" data-index-in-node=\"0\">Computaci\u00f3n:<\/b> iPad Pro\/Air (modelos USB-C), MacBook y varios port\u00e1tiles USB-C.<\/p>\n<\/li>\n<\/ul>\n<blockquote data-path-to-node=\"10\">\n<p data-path-to-node=\"10,0\"><b data-path-to-node=\"10,0\" data-index-in-node=\"0\">Nota:<\/b> Este adaptador est\u00e1 dise\u00f1ado principalmente para dispositivos host USB-C. Si intenta conectarse a un dispositivo solo HDMI (como una PS5 o una PC antigua), normalmente necesitar\u00eda el <i data-path-to-node=\"10,0\" data-index-in-node=\"172\">Adaptador RayNeo HDMI a USB-C<\/i> en cambio.<\/p>\n<\/blockquote>\n<\/div>\n<\/div>","protected":false},"excerpt":{"rendered":"<p><span class=\"citation-73\">El <\/span><b data-path-to-node=\"0\" data-index-in-node=\"4\"><span class=\"citation-73\">Adaptador de carga RayNeo USB-C para gafas<\/span><\/b><span class=\"citation-73 citation-end-73\"> Es un accesorio esencial para &quot;jugar mientras se carga&quot;, dise\u00f1ado espec\u00edficamente para los entusiastas de la XR.<\/span> Resuelve la principal limitaci\u00f3n de las gafas de realidad aumentada: la imposibilidad de cargar el dispositivo principal (como un tel\u00e9fono o un Steam Deck) mientras las gafas est\u00e1n conectadas al \u00fanico puerto USB-C disponible.<\/p>","protected":false},"featured_media":24929,"comment_status":"open","ping_status":"closed","template":"","meta":[],"product_brand":[1414],"product_cat":[1341,1413],"product_tag":[1416,1417],"class_list":{"0":"post-24917","1":"product","2":"type-product","3":"status-publish","4":"has-post-thumbnail","6":"product_brand-rayneo","7":"product_cat-ar-vr","8":"product_cat-rayneo","9":"product_tag-rayneo","10":"product_tag-rayneo-glasses-accessories","12":"first","13":"onbackorder","14":"taxable","15":"shipping-taxable","16":"purchasable","17":"product-type-simple"},"yoast_head":"<!-- This site is optimized with the Yoast SEO plugin v27.4 - https:\/\/yoast.com\/product\/yoast-seo-wordpress\/ -->\n<title>RayNeo USB-C to Glasses Charging Adapter - Ghostysky<\/title>\n<meta name=\"description\" content=\"The RayNeo USB-C to Glasses Charging Adapter is an essential &quot;play-while-charge&quot; accessory designed specifically for XR enthusiasts. It solves the primary limitation of augmented reality glasses: the inability to charge your host device (like a phone or Steam Deck) while the glasses are plugged into the only available USB-C port.\" \/>\n<meta name=\"robots\" content=\"index, follow, max-snippet:-1, max-image-preview:large, max-video-preview:-1\" \/>\n<link rel=\"canonical\" href=\"https:\/\/www.ghostysky.com\/es\/producto-2\/rayneo-usb-c-to-glasses-charging-adapter\/\" \/>\n<meta property=\"og:locale\" content=\"es_ES\" \/>\n<meta property=\"og:type\" content=\"article\" \/>\n<meta property=\"og:title\" content=\"RayNeo USB-C to Glasses Charging Adapter - Ghostysky\" \/>\n<meta property=\"og:description\" content=\"The RayNeo USB-C to Glasses Charging Adapter is an essential &quot;play-while-charge&quot; accessory designed specifically for XR enthusiasts. It solves the primary limitation of augmented reality glasses: the inability to charge your host device (like a phone or Steam Deck) while the glasses are plugged into the only available USB-C port.\" \/>\n<meta property=\"og:url\" content=\"https:\/\/www.ghostysky.com\/es\/producto-2\/rayneo-usb-c-to-glasses-charging-adapter\/\" \/>\n<meta property=\"og:site_name\" content=\"Ghostysky\" \/>\n<meta property=\"article:publisher\" content=\"https:\/\/www.facebook.com\/people\/Ghostysky\/100057676170234\/\" \/>\n<meta property=\"article:modified_time\" content=\"2026-04-11T07:32:30+00:00\" \/>\n<meta property=\"og:image\" content=\"https:\/\/www.ghostysky.com\/wp-content\/uploads\/2026\/04\/GH_-RayNeo_USB_c_Glasses_Charging.webp\" \/>\n\t<meta property=\"og:image:width\" content=\"600\" \/>\n\t<meta property=\"og:image:height\" content=\"600\" \/>\n\t<meta property=\"og:image:type\" content=\"image\/webp\" \/>\n<meta name=\"twitter:card\" content=\"summary_large_image\" \/>\n<meta name=\"twitter:site\" content=\"@Gh0stysky\" \/>\n<meta name=\"twitter:label1\" content=\"Tiempo de lectura\" \/>\n\t<meta name=\"twitter:data1\" content=\"2 minutos\" \/>\n<script type=\"application\/ld+json\" class=\"yoast-schema-graph\">{\"@context\":\"https:\\\/\\\/schema.org\",\"@graph\":[{\"@type\":\"WebPage\",\"@id\":\"https:\\\/\\\/www.ghostysky.com\\\/product\\\/rayneo-usb-c-to-glasses-charging-adapter\\\/\",\"url\":\"https:\\\/\\\/www.ghostysky.com\\\/product\\\/rayneo-usb-c-to-glasses-charging-adapter\\\/\",\"name\":\"RayNeo USB-C to Glasses Charging Adapter - Ghostysky\",\"isPartOf\":{\"@id\":\"https:\\\/\\\/www.ghostysky.com\\\/#website\"},\"primaryImageOfPage\":{\"@id\":\"https:\\\/\\\/www.ghostysky.com\\\/product\\\/rayneo-usb-c-to-glasses-charging-adapter\\\/#primaryimage\"},\"image\":{\"@id\":\"https:\\\/\\\/www.ghostysky.com\\\/product\\\/rayneo-usb-c-to-glasses-charging-adapter\\\/#primaryimage\"},\"thumbnailUrl\":\"https:\\\/\\\/www.ghostysky.com\\\/wp-content\\\/uploads\\\/2026\\\/04\\\/GH_-RayNeo_USB_c_Glasses_Charging.webp\",\"datePublished\":\"2026-04-05T08:08:15+00:00\",\"dateModified\":\"2026-04-11T07:32:30+00:00\",\"description\":\"The RayNeo USB-C to Glasses Charging Adapter is an essential \\\"play-while-charge\\\" accessory designed specifically for XR enthusiasts. It solves the primary limitation of augmented reality glasses: the inability to charge your host device (like a phone or Steam Deck) while the glasses are plugged into the only available USB-C port.\",\"breadcrumb\":{\"@id\":\"https:\\\/\\\/www.ghostysky.com\\\/product\\\/rayneo-usb-c-to-glasses-charging-adapter\\\/#breadcrumb\"},\"inLanguage\":\"es\",\"potentialAction\":[{\"@type\":\"ReadAction\",\"target\":[\"https:\\\/\\\/www.ghostysky.com\\\/product\\\/rayneo-usb-c-to-glasses-charging-adapter\\\/\"]}]},{\"@type\":\"ImageObject\",\"inLanguage\":\"es\",\"@id\":\"https:\\\/\\\/www.ghostysky.com\\\/product\\\/rayneo-usb-c-to-glasses-charging-adapter\\\/#primaryimage\",\"url\":\"https:\\\/\\\/www.ghostysky.com\\\/wp-content\\\/uploads\\\/2026\\\/04\\\/GH_-RayNeo_USB_c_Glasses_Charging.webp\",\"contentUrl\":\"https:\\\/\\\/www.ghostysky.com\\\/wp-content\\\/uploads\\\/2026\\\/04\\\/GH_-RayNeo_USB_c_Glasses_Charging.webp\",\"width\":600,\"height\":600},{\"@type\":\"BreadcrumbList\",\"@id\":\"https:\\\/\\\/www.ghostysky.com\\\/product\\\/rayneo-usb-c-to-glasses-charging-adapter\\\/#breadcrumb\",\"itemListElement\":[{\"@type\":\"ListItem\",\"position\":1,\"name\":\"Home\",\"item\":\"https:\\\/\\\/www.ghostysky.com\\\/\"},{\"@type\":\"ListItem\",\"position\":2,\"name\":\"Shop\",\"item\":\"https:\\\/\\\/www.ghostysky.com\\\/shop\\\/\"},{\"@type\":\"ListItem\",\"position\":3,\"name\":\"RayNeo USB-C to Glasses Charging Adapter\"}]},{\"@type\":\"WebSite\",\"@id\":\"https:\\\/\\\/www.ghostysky.com\\\/#website\",\"url\":\"https:\\\/\\\/www.ghostysky.com\\\/\",\"name\":\"Ghostysky\",\"description\":\"Delivering professional drones and services\",\"publisher\":{\"@id\":\"https:\\\/\\\/www.ghostysky.com\\\/#organization\"},\"potentialAction\":[{\"@type\":\"SearchAction\",\"target\":{\"@type\":\"EntryPoint\",\"urlTemplate\":\"https:\\\/\\\/www.ghostysky.com\\\/?s={search_term_string}\"},\"query-input\":{\"@type\":\"PropertyValueSpecification\",\"valueRequired\":true,\"valueName\":\"search_term_string\"}}],\"inLanguage\":\"es\"},{\"@type\":\"Organization\",\"@id\":\"https:\\\/\\\/www.ghostysky.com\\\/#organization\",\"name\":\"Ghostysky\",\"url\":\"https:\\\/\\\/www.ghostysky.com\\\/\",\"logo\":{\"@type\":\"ImageObject\",\"inLanguage\":\"es\",\"@id\":\"https:\\\/\\\/www.ghostysky.com\\\/#\\\/schema\\\/logo\\\/image\\\/\",\"url\":\"https:\\\/\\\/www.ghostysky.com\\\/wp-content\\\/uploads\\\/2020\\\/06\\\/cropped-ghostyskylogo_text_white2.png\",\"contentUrl\":\"https:\\\/\\\/www.ghostysky.com\\\/wp-content\\\/uploads\\\/2020\\\/06\\\/cropped-ghostyskylogo_text_white2.png\",\"width\":169,\"height\":56,\"caption\":\"Ghostysky\"},\"image\":{\"@id\":\"https:\\\/\\\/www.ghostysky.com\\\/#\\\/schema\\\/logo\\\/image\\\/\"},\"sameAs\":[\"https:\\\/\\\/www.facebook.com\\\/people\\\/Ghostysky\\\/100057676170234\\\/\",\"https:\\\/\\\/x.com\\\/Gh0stysky\",\"https:\\\/\\\/www.linkedin.com\\\/company\\\/34739653\",\"https:\\\/\\\/www.instagram.com\\\/gh0stysky\"]}]}<\/script>\n<!-- \/ Yoast SEO plugin. -->","yoast_head_json":{"title":"Adaptador de carga USB-C para gafas RayNeo - Ghostysky","description":"El adaptador de carga USB-C para gafas RayNeo es un accesorio esencial para jugar mientras se cargan las gafas, dise\u00f1ado espec\u00edficamente para los entusiastas de la realidad extendida (XR). Resuelve la principal limitaci\u00f3n de las gafas de realidad aumentada: la imposibilidad de cargar el dispositivo principal (como un tel\u00e9fono o un Steam Deck) mientras las gafas est\u00e1n conectadas al \u00fanico puerto USB-C disponible.","robots":{"index":"index","follow":"follow","max-snippet":"max-snippet:-1","max-image-preview":"max-image-preview:large","max-video-preview":"max-video-preview:-1"},"canonical":"https:\/\/www.ghostysky.com\/es\/producto-2\/rayneo-usb-c-to-glasses-charging-adapter\/","og_locale":"es_ES","og_type":"article","og_title":"RayNeo USB-C to Glasses Charging Adapter - Ghostysky","og_description":"The RayNeo USB-C to Glasses Charging Adapter is an essential \"play-while-charge\" accessory designed specifically for XR enthusiasts. It solves the primary limitation of augmented reality glasses: the inability to charge your host device (like a phone or Steam Deck) while the glasses are plugged into the only available USB-C port.","og_url":"https:\/\/www.ghostysky.com\/es\/producto-2\/rayneo-usb-c-to-glasses-charging-adapter\/","og_site_name":"Ghostysky","article_publisher":"https:\/\/www.facebook.com\/people\/Ghostysky\/100057676170234\/","article_modified_time":"2026-04-11T07:32:30+00:00","og_image":[{"width":600,"height":600,"url":"https:\/\/www.ghostysky.com\/wp-content\/uploads\/2026\/04\/GH_-RayNeo_USB_c_Glasses_Charging.webp","type":"image\/webp"}],"twitter_card":"summary_large_image","twitter_site":"@Gh0stysky","twitter_misc":{"Tiempo de lectura":"2 minutos"},"schema":{"@context":"https:\/\/schema.org","@graph":[{"@type":"WebPage","@id":"https:\/\/www.ghostysky.com\/product\/rayneo-usb-c-to-glasses-charging-adapter\/","url":"https:\/\/www.ghostysky.com\/product\/rayneo-usb-c-to-glasses-charging-adapter\/","name":"Adaptador de carga USB-C para gafas RayNeo - Ghostysky","isPartOf":{"@id":"https:\/\/www.ghostysky.com\/#website"},"primaryImageOfPage":{"@id":"https:\/\/www.ghostysky.com\/product\/rayneo-usb-c-to-glasses-charging-adapter\/#primaryimage"},"image":{"@id":"https:\/\/www.ghostysky.com\/product\/rayneo-usb-c-to-glasses-charging-adapter\/#primaryimage"},"thumbnailUrl":"https:\/\/www.ghostysky.com\/wp-content\/uploads\/2026\/04\/GH_-RayNeo_USB_c_Glasses_Charging.webp","datePublished":"2026-04-05T08:08:15+00:00","dateModified":"2026-04-11T07:32:30+00:00","description":"El adaptador de carga USB-C para gafas RayNeo es un accesorio esencial para jugar mientras se cargan las gafas, dise\u00f1ado espec\u00edficamente para los entusiastas de la realidad extendida (XR). Resuelve la principal limitaci\u00f3n de las gafas de realidad aumentada: la imposibilidad de cargar el dispositivo principal (como un tel\u00e9fono o un Steam Deck) mientras las gafas est\u00e1n conectadas al \u00fanico puerto USB-C disponible.","breadcrumb":{"@id":"https:\/\/www.ghostysky.com\/product\/rayneo-usb-c-to-glasses-charging-adapter\/#breadcrumb"},"inLanguage":"es","potentialAction":[{"@type":"ReadAction","target":["https:\/\/www.ghostysky.com\/product\/rayneo-usb-c-to-glasses-charging-adapter\/"]}]},{"@type":"ImageObject","inLanguage":"es","@id":"https:\/\/www.ghostysky.com\/product\/rayneo-usb-c-to-glasses-charging-adapter\/#primaryimage","url":"https:\/\/www.ghostysky.com\/wp-content\/uploads\/2026\/04\/GH_-RayNeo_USB_c_Glasses_Charging.webp","contentUrl":"https:\/\/www.ghostysky.com\/wp-content\/uploads\/2026\/04\/GH_-RayNeo_USB_c_Glasses_Charging.webp","width":600,"height":600},{"@type":"BreadcrumbList","@id":"https:\/\/www.ghostysky.com\/product\/rayneo-usb-c-to-glasses-charging-adapter\/#breadcrumb","itemListElement":[{"@type":"ListItem","position":1,"name":"Home","item":"https:\/\/www.ghostysky.com\/"},{"@type":"ListItem","position":2,"name":"Shop","item":"https:\/\/www.ghostysky.com\/shop\/"},{"@type":"ListItem","position":3,"name":"RayNeo USB-C to Glasses Charging Adapter"}]},{"@type":"WebSite","@id":"https:\/\/www.ghostysky.com\/#website","url":"https:\/\/www.ghostysky.com\/","name":"Ghostysky","description":"Entrega de drones y servicios profesionales","publisher":{"@id":"https:\/\/www.ghostysky.com\/#organization"},"potentialAction":[{"@type":"SearchAction","target":{"@type":"EntryPoint","urlTemplate":"https:\/\/www.ghostysky.com\/?s={search_term_string}"},"query-input":{"@type":"PropertyValueSpecification","valueRequired":true,"valueName":"search_term_string"}}],"inLanguage":"es"},{"@type":"Organization","@id":"https:\/\/www.ghostysky.com\/#organization","name":"Ghostysky","url":"https:\/\/www.ghostysky.com\/","logo":{"@type":"ImageObject","inLanguage":"es","@id":"https:\/\/www.ghostysky.com\/#\/schema\/logo\/image\/","url":"https:\/\/www.ghostysky.com\/wp-content\/uploads\/2020\/06\/cropped-ghostyskylogo_text_white2.png","contentUrl":"https:\/\/www.ghostysky.com\/wp-content\/uploads\/2020\/06\/cropped-ghostyskylogo_text_white2.png","width":169,"height":56,"caption":"Ghostysky"},"image":{"@id":"https:\/\/www.ghostysky.com\/#\/schema\/logo\/image\/"},"sameAs":["https:\/\/www.facebook.com\/people\/Ghostysky\/100057676170234\/","https:\/\/x.com\/Gh0stysky","https:\/\/www.linkedin.com\/company\/34739653","https:\/\/www.instagram.com\/gh0stysky"]}]}},"_links":{"self":[{"href":"https:\/\/www.ghostysky.com\/es\/wp-json\/wp\/v2\/product\/24917","targetHints":{"allow":["GET"]}}],"collection":[{"href":"https:\/\/www.ghostysky.com\/es\/wp-json\/wp\/v2\/product"}],"about":[{"href":"https:\/\/www.ghostysky.com\/es\/wp-json\/wp\/v2\/types\/product"}],"replies":[{"embeddable":true,"href":"https:\/\/www.ghostysky.com\/es\/wp-json\/wp\/v2\/comments?post=24917"}],"wp:featuredmedia":[{"embeddable":true,"href":"https:\/\/www.ghostysky.com\/es\/wp-json\/wp\/v2\/media\/24929"}],"wp:attachment":[{"href":"https:\/\/www.ghostysky.com\/es\/wp-json\/wp\/v2\/media?parent=24917"}],"wp:term":[{"taxonomy":"product_brand","embeddable":true,"href":"https:\/\/www.ghostysky.com\/es\/wp-json\/wp\/v2\/product_brand?post=24917"},{"taxonomy":"product_cat","embeddable":true,"href":"https:\/\/www.ghostysky.com\/es\/wp-json\/wp\/v2\/product_cat?post=24917"},{"taxonomy":"product_tag","embeddable":true,"href":"https:\/\/www.ghostysky.com\/es\/wp-json\/wp\/v2\/product_tag?post=24917"}],"curies":[{"name":"wp","href":"https:\/\/api.w.org\/{rel}","templated":true}]}}