{"id":24935,"date":"2026-04-05T08:49:45","date_gmt":"2026-04-05T08:49:45","guid":{"rendered":"https:\/\/www.ghostysky.com\/?post_type=product&#038;p=24935"},"modified":"2026-04-06T07:03:20","modified_gmt":"2026-04-06T07:03:20","slug":"noetix-bumi-edu-pro-humanoid-robot","status":"publish","type":"product","link":"https:\/\/www.ghostysky.com\/es\/product\/noetix-bumi-edu-pro-humanoid-robot\/","title":{"rendered":"Robot humanoide Noetix BUMI EDU-Pro"},"content":{"rendered":"<p id=\"p-rc_efc3ffba0919d251-57\" data-path-to-node=\"3\"><span class=\"citation-144 citation-end-144\">La versi\u00f3n EDU-Pro es un humanoide del tama\u00f1o de un ni\u00f1o, dise\u00f1ado para ofrecer estabilidad, interacci\u00f3n y programaci\u00f3n sin l\u00edmites.<\/span> <span class=\"citation-143\">A diferencia de los robots industriales, prioriza <\/span><b data-path-to-node=\"3\" data-index-in-node=\"154\"><span class=\"citation-143\">agilidad y utilidad educativa<\/span><\/b><span class=\"citation-143 citation-end-143\">, Utilizando una estructura ligera de material compuesto y un sofisticado sistema de control de movimiento de fabricaci\u00f3n propia, puede realizar tareas que van desde caminar con estabilidad hasta bailar coreografiadamente.<\/span><\/p>\n<p>&nbsp;<\/p>\n<h3 data-path-to-node=\"5\"><b data-path-to-node=\"5\" data-index-in-node=\"0\">Especificaciones b\u00e1sicas<\/b><\/h3>\n<table width=\"713\">\n<tbody>\n<tr>\n<td width=\"326\"><strong>Altura<\/strong><\/td>\n<td width=\"387\">98 cm<\/td>\n<\/tr>\n<tr>\n<td><strong>Dimensiones<\/strong><\/td>\n<td width=\"387\">34,5*19*98 cm<\/td>\n<\/tr>\n<tr>\n<td><strong>Peso<\/strong><\/td>\n<td width=\"387\">aproximadamente 17 kg<\/td>\n<\/tr>\n<tr>\n<td><strong>Bater\u00eda<\/strong><\/td>\n<td width=\"387\">Voltaje 48V, Capacidad \u2265 3,5Ah<\/td>\n<\/tr>\n<tr>\n<td><strong>Duraci\u00f3n de la bater\u00eda<\/strong><\/td>\n<td width=\"387\">1-2 horas<\/td>\n<\/tr>\n<tr>\n<td><strong>Grados de libertad<\/strong><\/td>\n<td width=\"387\">v\u226521<\/td>\n<\/tr>\n<tr>\n<td><strong>Material<\/strong><\/td>\n<td width=\"387\">Pl\u00e1stico de alta resistencia, aleaci\u00f3n de aluminio<\/td>\n<\/tr>\n<tr>\n<td><strong>UPC\u00a0<\/strong><\/td>\n<td width=\"387\">Rockchip RK3576 + Nvidia Orin Nano Super<\/td>\n<\/tr>\n<tr>\n<td><strong>Kit de desarrollo de software (SDK)\u00a0<\/strong><\/td>\n<td width=\"387\">Desarrollo secundario a gran escala<\/td>\n<\/tr>\n<tr>\n<td><strong>Interacci\u00f3n de voz\u00a0<\/strong><\/td>\n<td width=\"387\">Puede integrarse con el LLM principal.<\/td>\n<\/tr>\n<\/tbody>\n<\/table>\n<h3 data-path-to-node=\"8\"><\/h3>\n<h3 data-path-to-node=\"8\"><b data-path-to-node=\"8\" data-index-in-node=\"0\">Caracter\u00edsticas clave para educadores y desarrolladores<\/b><\/h3>\n<ul data-path-to-node=\"9\">\n<li>\n<p id=\"p-rc_efc3ffba0919d251-58\" data-path-to-node=\"9,0,0\"><b data-path-to-node=\"9,0,0\" data-index-in-node=\"0\">SDK abierto y programaci\u00f3n:<\/b> El EDU-Pro admite una variedad de niveles de habilidad. <span class=\"citation-142\">Los principiantes pueden usar <\/span><b data-path-to-node=\"9,0,0\" data-index-in-node=\"90\"><span class=\"citation-142\">programaci\u00f3n gr\u00e1fica mediante arrastrar y soltar<\/span><\/b><span class=\"citation-142\"> (estilo Blockly), mientras que los usuarios avanzados pueden acceder al <\/span><b data-path-to-node=\"9,0,0\" data-index-in-node=\"179\"><span class=\"citation-142\">SDK de Python\/C++<\/span><\/b><span class=\"citation-142 citation-end-142\"> experimentar con el aprendizaje por refuerzo y el control de la marcha.<\/span><\/p>\n<\/li>\n<li>\n<p id=\"p-rc_efc3ffba0919d251-59\" data-path-to-node=\"9,1,0\"><b data-path-to-node=\"9,1,0\" data-index-in-node=\"0\"><span class=\"citation-141\">Integraci\u00f3n de IA incorporada:<\/span><\/b><span class=\"citation-141 citation-end-141\"> Incorpora visi\u00f3n artificial y reconocimiento de voz, lo que le permite identificar rostros, rastrear objetos y responder a comandos verbales.<\/span><\/p>\n<\/li>\n<li>\n<p id=\"p-rc_efc3ffba0919d251-60\" data-path-to-node=\"9,2,0\"><b data-path-to-node=\"9,2,0\" data-index-in-node=\"0\"><span class=\"citation-140\">Locomoci\u00f3n din\u00e1mica:<\/span><\/b><span class=\"citation-140 citation-end-140\"> Gracias al controlador de dominio desarrollado por Noetix, utiliza el aprendizaje por imitaci\u00f3n para mantener el equilibrio en superficies interiores irregulares y recuperarse de peque\u00f1as perturbaciones.<\/span><\/p>\n<\/li>\n<li>\n<p id=\"p-rc_efc3ffba0919d251-61\" data-path-to-node=\"9,3,0\"><b data-path-to-node=\"9,3,0\" data-index-in-node=\"0\"><span class=\"citation-139\">Mantenimiento modular:<\/span><\/b><span class=\"citation-139 citation-end-139\"> Dise\u00f1ado para la &quot;torpeza&quot; propia de un entorno de aprendizaje, el robot cuenta con piezas modulares que se pueden intercambiar f\u00e1cilmente si una articulaci\u00f3n se da\u00f1a durante la experimentaci\u00f3n.<\/span><\/p>\n<\/li>\n<\/ul>\n<p>&nbsp;<\/p>\n<h3 data-path-to-node=\"10\"><b data-path-to-node=\"10\" data-index-in-node=\"0\">Casos de uso principales<\/b><\/h3>\n<ul data-path-to-node=\"11\">\n<li>\n<p id=\"p-rc_efc3ffba0919d251-62\" data-path-to-node=\"11,0,0\"><b data-path-to-node=\"11,0,0\" data-index-in-node=\"0\"><span class=\"citation-138\">Aulas STEM:<\/span><\/b><span class=\"citation-138 citation-end-138\"> Impartir clases sobre la f\u00edsica del equilibrio b\u00edpedo, la cinem\u00e1tica y la programaci\u00f3n b\u00e1sica.<\/span><\/p>\n<\/li>\n<li>\n<p id=\"p-rc_efc3ffba0919d251-63\" data-path-to-node=\"11,1,0\"><b data-path-to-node=\"11,1,0\" data-index-in-node=\"0\"><span class=\"citation-137\">Investigaci\u00f3n en IA:<\/span><\/b><span class=\"citation-137 citation-end-137\"> Una plataforma de pruebas de bajo coste que permite a los desarrolladores simular y adaptar algoritmos a la realidad antes de implementarlos en plataformas costosas como Unitree G1 o Tesla Optimus.<\/span><\/p>\n<\/li>\n<li>\n<p data-path-to-node=\"11,2,0\"><b data-path-to-node=\"11,2,0\" data-index-in-node=\"0\">Compa\u00f1erismo de alta tecnolog\u00eda:<\/b> \u00daselo como asistente dom\u00e9stico programable o robot de entretenimiento capaz de aprender rutinas personalizadas.<\/p>\n<\/li>\n<\/ul>\n<blockquote data-path-to-node=\"12\">\n<p id=\"p-rc_efc3ffba0919d251-64\" data-path-to-node=\"12,0\"><b data-path-to-node=\"12,0\" data-index-in-node=\"0\"><span class=\"citation-136\">Nota para los compradores:<\/span><\/b><span class=\"citation-136 citation-end-136\"> Si bien la Bumi EDU-Pro ofrece un rendimiento excelente para su precio, no es una m\u00e1quina industrial.<\/span> <span class=\"citation-135 citation-end-135\">Tiene una capacidad de carga limitada (no est\u00e1 dise\u00f1ada para transportar objetos pesados) y est\u00e1 pensada principalmente para uso en interiores sobre superficies planas o ligeramente irregulares.<\/span><\/p>\n<\/blockquote>","protected":false},"excerpt":{"rendered":"<p data-path-to-node=\"0\"><span class=\"citation-146\">El <\/span><b data-path-to-node=\"0\" data-index-in-node=\"4\"><span class=\"citation-146\">Noetix Bumi EDU-Pro<\/span><\/b><span class=\"citation-146 citation-end-146\"> (a menudo denominado &quot;Bumi&quot; o &quot;Bumi EDU&quot;) es un revolucionario robot humanoide de consumo dise\u00f1ado para cerrar la brecha entre la rob\u00f3tica de investigaci\u00f3n de alta gama y la educaci\u00f3n STEM accesible.<\/span><\/p>\n<p id=\"p-rc_efc3ffba0919d251-56\" data-path-to-node=\"1\"><span class=\"citation-145\">Publicado por una empresa con sede en Pek\u00edn. <\/span><b data-path-to-node=\"1\" data-index-in-node=\"26\"><span class=\"citation-145\">Rob\u00f3tica Noetix<\/span><\/b><span class=\"citation-145 citation-end-145\">, Se le reconoce por ser uno de los primeros humanoides b\u00edpedos totalmente asequibles, lo que lo convierte en uno de los favoritos para aulas, aficionados y desarrolladores de IA.<\/span><\/p>","protected":false},"featured_media":24938,"comment_status":"open","ping_status":"closed","template":"","meta":[],"product_brand":[1421],"product_cat":[1038,1418,1419,1037],"product_tag":[1425,1423,1422,1424],"class_list":{"0":"post-24935","1":"product","2":"type-product","3":"status-publish","4":"has-post-thumbnail","6":"product_brand-noetix","7":"product_cat-humanoid","8":"product_cat-noetix","9":"product_cat-noetix-robot","10":"product_cat-robotics","11":"product_tag-bumi-humanoid","12":"product_tag-humanoid-robot","13":"product_tag-noetix","14":"product_tag-noetix-humanoid","16":"first","17":"onbackorder","18":"taxable","19":"shipping-taxable","20":"purchasable","21":"product-type-simple"},"yoast_head":"<!-- This site is optimized with the Yoast SEO plugin v27.1.1 - https:\/\/yoast.com\/product\/yoast-seo-wordpress\/ -->\n<title>Noetix BUMI EDU-Pro Humanoid Robot - Ghostysky<\/title>\n<meta name=\"description\" content=\"The Noetix Bumi EDU-Pro (often referred to as the &quot;Bumi&quot; or &quot;Bumi EDU&quot;) is a breakthrough consumer-grade humanoid robot designed to bridge the gap between high-end research robotics and accessible STEM education.Released by Beijing-based Noetix Robotics, it is celebrated for being one of the first fully affordable bipedal humanoids, making it a favorite for classrooms, hobbyists, and AI developers.\" \/>\n<meta name=\"robots\" content=\"index, follow, max-snippet:-1, max-image-preview:large, max-video-preview:-1\" \/>\n<link rel=\"canonical\" href=\"https:\/\/www.ghostysky.com\/es\/producto-2\/noetix-bumi-edu-pro-humanoid-robot\/\" \/>\n<meta property=\"og:locale\" content=\"es_ES\" \/>\n<meta property=\"og:type\" content=\"article\" \/>\n<meta property=\"og:title\" content=\"Noetix BUMI EDU-Pro Humanoid Robot - Ghostysky\" \/>\n<meta property=\"og:description\" content=\"The Noetix Bumi EDU-Pro (often referred to as the &quot;Bumi&quot; or &quot;Bumi EDU&quot;) is a breakthrough consumer-grade humanoid robot designed to bridge the gap between high-end research robotics and accessible STEM education.Released by Beijing-based Noetix Robotics, it is celebrated for being one of the first fully affordable bipedal humanoids, making it a favorite for classrooms, hobbyists, and AI developers.\" \/>\n<meta property=\"og:url\" content=\"https:\/\/www.ghostysky.com\/es\/producto-2\/noetix-bumi-edu-pro-humanoid-robot\/\" \/>\n<meta property=\"og:site_name\" content=\"Ghostysky\" \/>\n<meta property=\"article:publisher\" content=\"https:\/\/www.facebook.com\/people\/Ghostysky\/100057676170234\/\" \/>\n<meta property=\"article:modified_time\" content=\"2026-04-06T07:03:20+00:00\" \/>\n<meta property=\"og:image\" content=\"https:\/\/www.ghostysky.com\/wp-content\/uploads\/2026\/04\/GH_Noetix_Pro_1.jpg\" \/>\n\t<meta property=\"og:image:width\" content=\"1080\" \/>\n\t<meta property=\"og:image:height\" content=\"1080\" \/>\n\t<meta property=\"og:image:type\" content=\"image\/jpeg\" \/>\n<meta name=\"twitter:card\" content=\"summary_large_image\" \/>\n<meta name=\"twitter:site\" content=\"@Gh0stysky\" \/>\n<meta name=\"twitter:label1\" content=\"Tiempo de lectura\" \/>\n\t<meta name=\"twitter:data1\" content=\"2 minutos\" \/>\n<script type=\"application\/ld+json\" class=\"yoast-schema-graph\">{\"@context\":\"https:\/\/schema.org\",\"@graph\":[{\"@type\":\"WebPage\",\"@id\":\"https:\/\/www.ghostysky.com\/product\/noetix-bumi-edu-pro-humanoid-robot\/\",\"url\":\"https:\/\/www.ghostysky.com\/product\/noetix-bumi-edu-pro-humanoid-robot\/\",\"name\":\"Noetix BUMI EDU-Pro Humanoid Robot - Ghostysky\",\"isPartOf\":{\"@id\":\"https:\/\/www.ghostysky.com\/#website\"},\"primaryImageOfPage\":{\"@id\":\"https:\/\/www.ghostysky.com\/product\/noetix-bumi-edu-pro-humanoid-robot\/#primaryimage\"},\"image\":{\"@id\":\"https:\/\/www.ghostysky.com\/product\/noetix-bumi-edu-pro-humanoid-robot\/#primaryimage\"},\"thumbnailUrl\":\"https:\/\/www.ghostysky.com\/wp-content\/uploads\/2026\/04\/GH_Noetix_Pro_1.jpg\",\"datePublished\":\"2026-04-05T08:49:45+00:00\",\"dateModified\":\"2026-04-06T07:03:20+00:00\",\"description\":\"The Noetix Bumi EDU-Pro (often referred to as the \\\"Bumi\\\" or \\\"Bumi EDU\\\") is a breakthrough consumer-grade humanoid robot designed to bridge the gap between high-end research robotics and accessible STEM education.Released by Beijing-based Noetix Robotics, it is celebrated for being one of the first fully affordable bipedal humanoids, making it a favorite for classrooms, hobbyists, and AI developers.\",\"breadcrumb\":{\"@id\":\"https:\/\/www.ghostysky.com\/product\/noetix-bumi-edu-pro-humanoid-robot\/#breadcrumb\"},\"inLanguage\":\"es\",\"potentialAction\":[{\"@type\":\"ReadAction\",\"target\":[\"https:\/\/www.ghostysky.com\/product\/noetix-bumi-edu-pro-humanoid-robot\/\"]}]},{\"@type\":\"ImageObject\",\"inLanguage\":\"es\",\"@id\":\"https:\/\/www.ghostysky.com\/product\/noetix-bumi-edu-pro-humanoid-robot\/#primaryimage\",\"url\":\"https:\/\/www.ghostysky.com\/wp-content\/uploads\/2026\/04\/GH_Noetix_Pro_1.jpg\",\"contentUrl\":\"https:\/\/www.ghostysky.com\/wp-content\/uploads\/2026\/04\/GH_Noetix_Pro_1.jpg\",\"width\":1080,\"height\":1080},{\"@type\":\"BreadcrumbList\",\"@id\":\"https:\/\/www.ghostysky.com\/product\/noetix-bumi-edu-pro-humanoid-robot\/#breadcrumb\",\"itemListElement\":[{\"@type\":\"ListItem\",\"position\":1,\"name\":\"Home\",\"item\":\"https:\/\/www.ghostysky.com\/\"},{\"@type\":\"ListItem\",\"position\":2,\"name\":\"Shop\",\"item\":\"https:\/\/www.ghostysky.com\/shop\/\"},{\"@type\":\"ListItem\",\"position\":3,\"name\":\"Noetix BUMI EDU-Pro Humanoid Robot\"}]},{\"@type\":\"WebSite\",\"@id\":\"https:\/\/www.ghostysky.com\/#website\",\"url\":\"https:\/\/www.ghostysky.com\/\",\"name\":\"Ghostysky\",\"description\":\"Delivering professional drones and services\",\"publisher\":{\"@id\":\"https:\/\/www.ghostysky.com\/#organization\"},\"potentialAction\":[{\"@type\":\"SearchAction\",\"target\":{\"@type\":\"EntryPoint\",\"urlTemplate\":\"https:\/\/www.ghostysky.com\/?s={search_term_string}\"},\"query-input\":{\"@type\":\"PropertyValueSpecification\",\"valueRequired\":true,\"valueName\":\"search_term_string\"}}],\"inLanguage\":\"es\"},{\"@type\":\"Organization\",\"@id\":\"https:\/\/www.ghostysky.com\/#organization\",\"name\":\"Ghostysky\",\"url\":\"https:\/\/www.ghostysky.com\/\",\"logo\":{\"@type\":\"ImageObject\",\"inLanguage\":\"es\",\"@id\":\"https:\/\/www.ghostysky.com\/#\/schema\/logo\/image\/\",\"url\":\"https:\/\/www.ghostysky.com\/wp-content\/uploads\/2020\/06\/cropped-ghostyskylogo_text_white2.png\",\"contentUrl\":\"https:\/\/www.ghostysky.com\/wp-content\/uploads\/2020\/06\/cropped-ghostyskylogo_text_white2.png\",\"width\":169,\"height\":56,\"caption\":\"Ghostysky\"},\"image\":{\"@id\":\"https:\/\/www.ghostysky.com\/#\/schema\/logo\/image\/\"},\"sameAs\":[\"https:\/\/www.facebook.com\/people\/Ghostysky\/100057676170234\/\",\"https:\/\/x.com\/Gh0stysky\",\"https:\/\/www.linkedin.com\/company\/34739653\",\"https:\/\/www.instagram.com\/gh0stysky\"]}]}<\/script>\n<!-- \/ Yoast SEO plugin. -->","yoast_head_json":{"title":"Robot Humanoide Noetix BUMI EDU-Pro - Ghostysky","description":"El Noetix Bumi EDU-Pro (a menudo conocido como &quot;Bumi&quot; o &quot;Bumi EDU&quot;) es un revolucionario robot humanoide de consumo dise\u00f1ado para acortar la brecha entre la rob\u00f3tica de investigaci\u00f3n de alta gama y la educaci\u00f3n STEM accesible. Lanzado por Noetix Robotics, con sede en Pek\u00edn, es aclamado por ser uno de los primeros humanoides b\u00edpedos totalmente asequibles, lo que lo convierte en uno de los favoritos para aulas, aficionados y desarrolladores de IA.","robots":{"index":"index","follow":"follow","max-snippet":"max-snippet:-1","max-image-preview":"max-image-preview:large","max-video-preview":"max-video-preview:-1"},"canonical":"https:\/\/www.ghostysky.com\/es\/producto-2\/noetix-bumi-edu-pro-humanoid-robot\/","og_locale":"es_ES","og_type":"article","og_title":"Noetix BUMI EDU-Pro Humanoid Robot - Ghostysky","og_description":"The Noetix Bumi EDU-Pro (often referred to as the \"Bumi\" or \"Bumi EDU\") is a breakthrough consumer-grade humanoid robot designed to bridge the gap between high-end research robotics and accessible STEM education.Released by Beijing-based Noetix Robotics, it is celebrated for being one of the first fully affordable bipedal humanoids, making it a favorite for classrooms, hobbyists, and AI developers.","og_url":"https:\/\/www.ghostysky.com\/es\/producto-2\/noetix-bumi-edu-pro-humanoid-robot\/","og_site_name":"Ghostysky","article_publisher":"https:\/\/www.facebook.com\/people\/Ghostysky\/100057676170234\/","article_modified_time":"2026-04-06T07:03:20+00:00","og_image":[{"width":1080,"height":1080,"url":"https:\/\/www.ghostysky.com\/wp-content\/uploads\/2026\/04\/GH_Noetix_Pro_1.jpg","type":"image\/jpeg"}],"twitter_card":"summary_large_image","twitter_site":"@Gh0stysky","twitter_misc":{"Tiempo de lectura":"2 minutos"},"schema":{"@context":"https:\/\/schema.org","@graph":[{"@type":"WebPage","@id":"https:\/\/www.ghostysky.com\/product\/noetix-bumi-edu-pro-humanoid-robot\/","url":"https:\/\/www.ghostysky.com\/product\/noetix-bumi-edu-pro-humanoid-robot\/","name":"Robot Humanoide Noetix BUMI EDU-Pro - Ghostysky","isPartOf":{"@id":"https:\/\/www.ghostysky.com\/#website"},"primaryImageOfPage":{"@id":"https:\/\/www.ghostysky.com\/product\/noetix-bumi-edu-pro-humanoid-robot\/#primaryimage"},"image":{"@id":"https:\/\/www.ghostysky.com\/product\/noetix-bumi-edu-pro-humanoid-robot\/#primaryimage"},"thumbnailUrl":"https:\/\/www.ghostysky.com\/wp-content\/uploads\/2026\/04\/GH_Noetix_Pro_1.jpg","datePublished":"2026-04-05T08:49:45+00:00","dateModified":"2026-04-06T07:03:20+00:00","description":"El Noetix Bumi EDU-Pro (a menudo conocido como &quot;Bumi&quot; o &quot;Bumi EDU&quot;) es un revolucionario robot humanoide de consumo dise\u00f1ado para acortar la brecha entre la rob\u00f3tica de investigaci\u00f3n de alta gama y la educaci\u00f3n STEM accesible. Lanzado por Noetix Robotics, con sede en Pek\u00edn, es aclamado por ser uno de los primeros humanoides b\u00edpedos totalmente asequibles, lo que lo convierte en uno de los favoritos para aulas, aficionados y desarrolladores de IA.","breadcrumb":{"@id":"https:\/\/www.ghostysky.com\/product\/noetix-bumi-edu-pro-humanoid-robot\/#breadcrumb"},"inLanguage":"es","potentialAction":[{"@type":"ReadAction","target":["https:\/\/www.ghostysky.com\/product\/noetix-bumi-edu-pro-humanoid-robot\/"]}]},{"@type":"ImageObject","inLanguage":"es","@id":"https:\/\/www.ghostysky.com\/product\/noetix-bumi-edu-pro-humanoid-robot\/#primaryimage","url":"https:\/\/www.ghostysky.com\/wp-content\/uploads\/2026\/04\/GH_Noetix_Pro_1.jpg","contentUrl":"https:\/\/www.ghostysky.com\/wp-content\/uploads\/2026\/04\/GH_Noetix_Pro_1.jpg","width":1080,"height":1080},{"@type":"BreadcrumbList","@id":"https:\/\/www.ghostysky.com\/product\/noetix-bumi-edu-pro-humanoid-robot\/#breadcrumb","itemListElement":[{"@type":"ListItem","position":1,"name":"Home","item":"https:\/\/www.ghostysky.com\/"},{"@type":"ListItem","position":2,"name":"Shop","item":"https:\/\/www.ghostysky.com\/shop\/"},{"@type":"ListItem","position":3,"name":"Noetix BUMI EDU-Pro Humanoid Robot"}]},{"@type":"WebSite","@id":"https:\/\/www.ghostysky.com\/#website","url":"https:\/\/www.ghostysky.com\/","name":"Ghostysky","description":"Entrega de drones y servicios profesionales","publisher":{"@id":"https:\/\/www.ghostysky.com\/#organization"},"potentialAction":[{"@type":"SearchAction","target":{"@type":"EntryPoint","urlTemplate":"https:\/\/www.ghostysky.com\/?s={search_term_string}"},"query-input":{"@type":"PropertyValueSpecification","valueRequired":true,"valueName":"search_term_string"}}],"inLanguage":"es"},{"@type":"Organization","@id":"https:\/\/www.ghostysky.com\/#organization","name":"Ghostysky","url":"https:\/\/www.ghostysky.com\/","logo":{"@type":"ImageObject","inLanguage":"es","@id":"https:\/\/www.ghostysky.com\/#\/schema\/logo\/image\/","url":"https:\/\/www.ghostysky.com\/wp-content\/uploads\/2020\/06\/cropped-ghostyskylogo_text_white2.png","contentUrl":"https:\/\/www.ghostysky.com\/wp-content\/uploads\/2020\/06\/cropped-ghostyskylogo_text_white2.png","width":169,"height":56,"caption":"Ghostysky"},"image":{"@id":"https:\/\/www.ghostysky.com\/#\/schema\/logo\/image\/"},"sameAs":["https:\/\/www.facebook.com\/people\/Ghostysky\/100057676170234\/","https:\/\/x.com\/Gh0stysky","https:\/\/www.linkedin.com\/company\/34739653","https:\/\/www.instagram.com\/gh0stysky"]}]}},"_links":{"self":[{"href":"https:\/\/www.ghostysky.com\/es\/wp-json\/wp\/v2\/product\/24935","targetHints":{"allow":["GET"]}}],"collection":[{"href":"https:\/\/www.ghostysky.com\/es\/wp-json\/wp\/v2\/product"}],"about":[{"href":"https:\/\/www.ghostysky.com\/es\/wp-json\/wp\/v2\/types\/product"}],"replies":[{"embeddable":true,"href":"https:\/\/www.ghostysky.com\/es\/wp-json\/wp\/v2\/comments?post=24935"}],"wp:featuredmedia":[{"embeddable":true,"href":"https:\/\/www.ghostysky.com\/es\/wp-json\/wp\/v2\/media\/24938"}],"wp:attachment":[{"href":"https:\/\/www.ghostysky.com\/es\/wp-json\/wp\/v2\/media?parent=24935"}],"wp:term":[{"taxonomy":"product_brand","embeddable":true,"href":"https:\/\/www.ghostysky.com\/es\/wp-json\/wp\/v2\/product_brand?post=24935"},{"taxonomy":"product_cat","embeddable":true,"href":"https:\/\/www.ghostysky.com\/es\/wp-json\/wp\/v2\/product_cat?post=24935"},{"taxonomy":"product_tag","embeddable":true,"href":"https:\/\/www.ghostysky.com\/es\/wp-json\/wp\/v2\/product_tag?post=24935"}],"curies":[{"name":"wp","href":"https:\/\/api.w.org\/{rel}","templated":true}]}}