{"id":24942,"date":"2026-04-05T08:53:11","date_gmt":"2026-04-05T08:53:11","guid":{"rendered":"https:\/\/www.ghostysky.com\/?post_type=product&#038;p=24942"},"modified":"2026-04-06T07:03:10","modified_gmt":"2026-04-06T07:03:10","slug":"noetix-bumi-pro-humanoid-robot","status":"publish","type":"product","link":"https:\/\/www.ghostysky.com\/es\/product\/noetix-bumi-pro-humanoid-robot\/","title":{"rendered":"Robot humanoide Noetix BUMI Pro"},"content":{"rendered":"<h3 data-path-to-node=\"3\"><b data-path-to-node=\"3\" data-index-in-node=\"0\">Caracter\u00edsticas y capacidades clave<\/b><\/h3>\n<h3 data-path-to-node=\"4\"><b data-path-to-node=\"4\" data-index-in-node=\"0\">1. <span class=\"citation-189\">Locomoci\u00f3n y agilidad avanzadas<\/span><\/b><\/h3>\n<ul data-path-to-node=\"5\">\n<li>\n<p id=\"p-rc_637a74b0c0f59db2-67\" data-path-to-node=\"5,0,0\"><b data-path-to-node=\"5,0,0\" data-index-in-node=\"0\">Movimiento b\u00edpedo:<\/b><span class=\"citation-188 citation-end-188\"> A diferencia de muchos robots econ\u00f3micos que usan ruedas, el Bumi cuenta con aut\u00e9nticas capacidades para caminar, correr y bailar sobre dos pies.<\/span><\/p>\n<\/li>\n<li>\n<p id=\"p-rc_637a74b0c0f59db2-68\" data-path-to-node=\"5,1,0\"><b data-path-to-node=\"5,1,0\" data-index-in-node=\"0\"><span class=\"citation-187\">Equilibrio din\u00e1mico:<\/span><\/b><span class=\"citation-187 citation-end-187\"> Equipado con 21 articulaciones de alto rendimiento (grados de libertad), puede desplazarse por superficies planas y recuperarse de peque\u00f1as perturbaciones mediante algoritmos de control basados en el aprendizaje por refuerzo.<\/span><\/p>\n<\/li>\n<li>\n<p id=\"p-rc_637a74b0c0f59db2-69\" data-path-to-node=\"5,2,0\"><b data-path-to-node=\"5,2,0\" data-index-in-node=\"0\">Velocidad:<\/b><span class=\"citation-186\"> Puede alcanzar velocidades de hasta <\/span><b data-path-to-node=\"5,2,0\" data-index-in-node=\"36\"><span class=\"citation-186\">0,8 m\/s<\/span><\/b><span class=\"citation-186 citation-end-186\">, manteniendo la estabilidad a trav\u00e9s de transiciones complejas de la marcha.<\/span><\/p>\n<div class=\"source-inline-chip-container ng-star-inserted\"><\/div>\n<\/li>\n<\/ul>\n<h3 data-path-to-node=\"6\"><b data-path-to-node=\"6\" data-index-in-node=\"0\">2. Inteligencia artificial e interacci\u00f3n integradas<\/b><\/h3>\n<ul data-path-to-node=\"7\">\n<li>\n<p id=\"p-rc_637a74b0c0f59db2-70\" data-path-to-node=\"7,0,0\"><b data-path-to-node=\"7,0,0\" data-index-in-node=\"0\">Suite de percepci\u00f3n:<\/b><span class=\"citation-185 citation-end-185\"> Incorpora una c\u00e1mara frontal y un conjunto de micr\u00f3fonos m\u00faltiples para el reconocimiento facial, la detecci\u00f3n de objetos y el procesamiento de comandos de voz.<\/span><\/p>\n<\/li>\n<li>\n<p id=\"p-rc_637a74b0c0f59db2-71\" data-path-to-node=\"7,1,0\"><b data-path-to-node=\"7,1,0\" data-index-in-node=\"0\"><span class=\"citation-184\">Dise\u00f1o interactivo:<\/span><\/b><span class=\"citation-184 citation-end-184\"> Dise\u00f1ado para ser un &quot;humanoide bi\u00f3nico&quot;, puede interactuar emocionalmente, responder al tacto y realizar gestos expresivos.<\/span><\/p>\n<\/li>\n<li>\n<p id=\"p-rc_637a74b0c0f59db2-72\" data-path-to-node=\"7,2,0\"><b data-path-to-node=\"7,2,0\" data-index-in-node=\"0\"><span class=\"citation-183\">Calcular:<\/span><\/b><span class=\"citation-183 citation-end-183\"> Funciona mediante un controlador de dominio de desarrollo propio (a menudo basado en Rockchip) optimizado para tareas de visi\u00f3n y movimiento en tiempo real.<\/span><\/p>\n<p>&nbsp;<\/li>\n<\/ul>\n<h3 data-path-to-node=\"8\"><b data-path-to-node=\"8\" data-index-in-node=\"0\">3. Factor de forma y construcci\u00f3n<\/b><\/h3>\n<ul data-path-to-node=\"9\">\n<li>\n<p id=\"p-rc_637a74b0c0f59db2-73\" data-path-to-node=\"9,0,0\"><b data-path-to-node=\"9,0,0\" data-index-in-node=\"0\"><span class=\"citation-182\">Dise\u00f1o adaptado al tama\u00f1o infantil:<\/span><\/b><span class=\"citation-182\"> De pie <\/span><b data-path-to-node=\"9,0,0\" data-index-in-node=\"29\"><span class=\"citation-182\">98 cm (3,1 pies)<\/span><\/b><span class=\"citation-182\"> alto y pesando solo <\/span><b data-path-to-node=\"9,0,0\" data-index-in-node=\"67\"><span class=\"citation-182\">17 kg<\/span><\/b><span class=\"citation-182 citation-end-182\">, El Bumi est\u00e1 dise\u00f1ado para ser un elemento que no intimide y que resulte seguro tanto en el hogar como en el aula.<\/span><\/p>\n<\/li>\n<li>\n<p id=\"p-rc_637a74b0c0f59db2-74\" data-path-to-node=\"9,1,0\"><b data-path-to-node=\"9,1,0\" data-index-in-node=\"0\"><span class=\"citation-181\">Materiales sostenibles:<\/span><\/b><span class=\"citation-181 citation-end-181\"> Fabricado con materiales compuestos ligeros y con juntas reforzadas con metal para mayor durabilidad durante actuaciones &quot;atl\u00e9ticas&quot;.<\/span><\/p>\n<div class=\"source-inline-chip-container ng-star-inserted\"><\/div>\n<p>&nbsp;<\/li>\n<\/ul>\n<h2 data-path-to-node=\"11\"><b data-path-to-node=\"11\" data-index-in-node=\"0\">Especificaciones t\u00e9cnicas<\/b><\/h2>\n<table width=\"713\">\n<tbody>\n<tr>\n<td width=\"326\"><strong>Altura<\/strong><\/td>\n<td width=\"387\">98 cm<\/td>\n<\/tr>\n<tr>\n<td><strong>Dimensiones<\/strong><\/td>\n<td width=\"387\">34,5*19*98 cm<\/td>\n<\/tr>\n<tr>\n<td><strong>Peso<\/strong><\/td>\n<td width=\"387\">aproximadamente 17 kg<\/td>\n<\/tr>\n<tr>\n<td><strong>Bater\u00eda<\/strong><\/td>\n<td width=\"387\">Voltaje 48V, Capacidad \u2265 3,5Ah<\/td>\n<\/tr>\n<tr>\n<td><strong>Duraci\u00f3n de la bater\u00eda<\/strong><\/td>\n<td width=\"387\">1-2 horas<\/td>\n<\/tr>\n<tr>\n<td><strong>Grados de libertad<\/strong><\/td>\n<td width=\"387\">v\u226521<\/td>\n<\/tr>\n<tr>\n<td><strong>Material<\/strong><\/td>\n<td width=\"387\">Pl\u00e1stico de alta resistencia, aleaci\u00f3n de aluminio<\/td>\n<\/tr>\n<tr>\n<td><strong>UPC\u00a0<\/strong><\/td>\n<td width=\"387\">Rockchip RK3576<\/td>\n<\/tr>\n<tr>\n<td><strong>Kit de desarrollo de software (SDK)\u00a0<\/strong><\/td>\n<td width=\"387\">Desarrollo secundario a media escala; funciones de nivel superior llamadas<\/td>\n<\/tr>\n<tr>\n<td><strong>Interacci\u00f3n de voz\u00a0<\/strong><\/td>\n<td width=\"387\">Puede integrarse con el LLM principal.<\/td>\n<\/tr>\n<\/tbody>\n<\/table>\n<p>&nbsp;<\/p>\n<p>&nbsp;<\/p>\n<h3 data-path-to-node=\"14\"><b data-path-to-node=\"14\" data-index-in-node=\"0\">Casos de uso principales<\/b><\/h3>\n<ul data-path-to-node=\"15\">\n<li>\n<p id=\"p-rc_637a74b0c0f59db2-75\" data-path-to-node=\"15,0,0\"><b data-path-to-node=\"15,0,0\" data-index-in-node=\"0\"><span class=\"citation-180\">Educaci\u00f3n STEM:<\/span><\/b><span class=\"citation-180 citation-end-180\"> Un punto de partida asequible para que las escuelas ense\u00f1en rob\u00f3tica, f\u00edsica y programaci\u00f3n de inteligencia artificial.<\/span><\/p>\n<\/li>\n<li>\n<p id=\"p-rc_637a74b0c0f59db2-76\" data-path-to-node=\"15,1,0\"><b data-path-to-node=\"15,1,0\" data-index-in-node=\"0\"><span class=\"citation-179\">Plataforma para desarrolladores:<\/span><\/b><span class=\"citation-179 citation-end-179\"> Las interfaces de programaci\u00f3n abiertas permiten a los aficionados e investigadores experimentar con la locomoci\u00f3n b\u00edpeda y la IA incorporada.<\/span><\/p>\n<\/li>\n<li>\n<p id=\"p-rc_637a74b0c0f59db2-77\" data-path-to-node=\"15,2,0\"><b data-path-to-node=\"15,2,0\" data-index-in-node=\"0\"><span class=\"citation-178\">Entretenimiento familiar:<\/span><\/b><span class=\"citation-178 citation-end-178\"> Capaz de seguir a los usuarios, bailar al ritmo de la m\u00fasica y actuar como un compa\u00f1ero sofisticado.<\/span><\/p>\n<\/li>\n<\/ul>\n<blockquote data-path-to-node=\"16\">\n<p id=\"p-rc_637a74b0c0f59db2-78\" data-path-to-node=\"16,0\"><b data-path-to-node=\"16,0\" data-index-in-node=\"0\"><span class=\"citation-177\">Nota sobre el rendimiento:<\/span><\/b><span class=\"citation-177 citation-end-177\"> Si bien es muy \u00e1gil, el Bumi est\u00e1 actualmente optimizado para la educaci\u00f3n y el acompa\u00f1amiento, m\u00e1s que para el trabajo pesado.<\/span> <span class=\"citation-176 citation-end-176\">No tiene la fuerza de agarre ni la capacidad de carga necesarias para tareas dom\u00e9sticas importantes como levantar bolsas de la compra pesadas o limpiar.<\/span><\/p>\n<\/blockquote>","protected":false},"excerpt":{"rendered":"<p id=\"p-rc_637a74b0c0f59db2-65\" data-path-to-node=\"0\"><span class=\"citation-192\">El <\/span><b data-path-to-node=\"0\" data-index-in-node=\"4\"><span class=\"citation-192\">Noetix Bumi<\/span><\/b><span class=\"citation-192 citation-end-192\"> (a menudo denominado en contextos &quot;Pro&quot; como el modelo b\u00edpedo est\u00e1ndar de alto rendimiento) representa un gran avance en la rob\u00f3tica humanoide de consumo. <\/span><span class=\"citation-190 citation-end-190 interactive-span-hovered\">La denominaci\u00f3n &quot;Pro&quot; suele destacar su avanzada configuraci\u00f3n de 21 grados de libertad (DOF) y su capacidad para servir como plataforma de I+D de alta agilidad para desarrolladores y educadores.<\/span><\/p>","protected":false},"featured_media":24938,"comment_status":"open","ping_status":"closed","template":"","meta":[],"product_brand":[1421],"product_cat":[1038,1418,1419,1037],"product_tag":[1425,1423,1422,1424],"class_list":{"0":"post-24942","1":"product","2":"type-product","3":"status-publish","4":"has-post-thumbnail","6":"product_brand-noetix","7":"product_cat-humanoid","8":"product_cat-noetix","9":"product_cat-noetix-robot","10":"product_cat-robotics","11":"product_tag-bumi-humanoid","12":"product_tag-humanoid-robot","13":"product_tag-noetix","14":"product_tag-noetix-humanoid","16":"first","17":"onbackorder","18":"taxable","19":"shipping-taxable","20":"purchasable","21":"product-type-simple"},"yoast_head":"<!-- This site is optimized with the Yoast SEO plugin v27.1.1 - https:\/\/yoast.com\/product\/yoast-seo-wordpress\/ -->\n<title>Noetix BUMI Pro Humanoid Robot - Ghostysky<\/title>\n<meta name=\"description\" content=\"The Noetix Bumi (often referred to in &quot;Pro&quot; contexts as the standard high-performance bipedal model) is a breakthrough in consumer humanoid robotics. The &quot;Pro&quot; designation typically highlights its advanced 21-DOF (Degrees of Freedom) configuration and its ability to serve as a high-agility R&amp;D platform for developers and educators.\" \/>\n<meta name=\"robots\" content=\"index, follow, max-snippet:-1, max-image-preview:large, max-video-preview:-1\" \/>\n<link rel=\"canonical\" href=\"https:\/\/www.ghostysky.com\/es\/producto-2\/noetix-bumi-pro-humanoid-robot\/\" \/>\n<meta property=\"og:locale\" content=\"es_ES\" \/>\n<meta property=\"og:type\" content=\"article\" \/>\n<meta property=\"og:title\" content=\"Noetix BUMI Pro Humanoid Robot - Ghostysky\" \/>\n<meta property=\"og:description\" content=\"The Noetix Bumi (often referred to in &quot;Pro&quot; contexts as the standard high-performance bipedal model) is a breakthrough in consumer humanoid robotics. The &quot;Pro&quot; designation typically highlights its advanced 21-DOF (Degrees of Freedom) configuration and its ability to serve as a high-agility R&amp;D platform for developers and educators.\" \/>\n<meta property=\"og:url\" content=\"https:\/\/www.ghostysky.com\/es\/producto-2\/noetix-bumi-pro-humanoid-robot\/\" \/>\n<meta property=\"og:site_name\" content=\"Ghostysky\" \/>\n<meta property=\"article:publisher\" content=\"https:\/\/www.facebook.com\/people\/Ghostysky\/100057676170234\/\" \/>\n<meta property=\"article:modified_time\" content=\"2026-04-06T07:03:10+00:00\" \/>\n<meta property=\"og:image\" content=\"https:\/\/www.ghostysky.com\/wp-content\/uploads\/2026\/04\/GH_Noetix_Pro_1.jpg\" \/>\n\t<meta property=\"og:image:width\" content=\"1080\" \/>\n\t<meta property=\"og:image:height\" content=\"1080\" \/>\n\t<meta property=\"og:image:type\" content=\"image\/jpeg\" \/>\n<meta name=\"twitter:card\" content=\"summary_large_image\" \/>\n<meta name=\"twitter:site\" content=\"@Gh0stysky\" \/>\n<meta name=\"twitter:label1\" content=\"Tiempo de lectura\" \/>\n\t<meta name=\"twitter:data1\" content=\"2 minutos\" \/>\n<script type=\"application\/ld+json\" class=\"yoast-schema-graph\">{\"@context\":\"https:\/\/schema.org\",\"@graph\":[{\"@type\":\"WebPage\",\"@id\":\"https:\/\/www.ghostysky.com\/product\/noetix-bumi-pro-humanoid-robot\/\",\"url\":\"https:\/\/www.ghostysky.com\/product\/noetix-bumi-pro-humanoid-robot\/\",\"name\":\"Noetix BUMI Pro Humanoid Robot - Ghostysky\",\"isPartOf\":{\"@id\":\"https:\/\/www.ghostysky.com\/#website\"},\"primaryImageOfPage\":{\"@id\":\"https:\/\/www.ghostysky.com\/product\/noetix-bumi-pro-humanoid-robot\/#primaryimage\"},\"image\":{\"@id\":\"https:\/\/www.ghostysky.com\/product\/noetix-bumi-pro-humanoid-robot\/#primaryimage\"},\"thumbnailUrl\":\"https:\/\/www.ghostysky.com\/wp-content\/uploads\/2026\/04\/GH_Noetix_Pro_1.jpg\",\"datePublished\":\"2026-04-05T08:53:11+00:00\",\"dateModified\":\"2026-04-06T07:03:10+00:00\",\"description\":\"The Noetix Bumi (often referred to in \\\"Pro\\\" contexts as the standard high-performance bipedal model) is a breakthrough in consumer humanoid robotics. The \\\"Pro\\\" designation typically highlights its advanced 21-DOF (Degrees of Freedom) configuration and its ability to serve as a high-agility R&D platform for developers and educators.\",\"breadcrumb\":{\"@id\":\"https:\/\/www.ghostysky.com\/product\/noetix-bumi-pro-humanoid-robot\/#breadcrumb\"},\"inLanguage\":\"es\",\"potentialAction\":[{\"@type\":\"ReadAction\",\"target\":[\"https:\/\/www.ghostysky.com\/product\/noetix-bumi-pro-humanoid-robot\/\"]}]},{\"@type\":\"ImageObject\",\"inLanguage\":\"es\",\"@id\":\"https:\/\/www.ghostysky.com\/product\/noetix-bumi-pro-humanoid-robot\/#primaryimage\",\"url\":\"https:\/\/www.ghostysky.com\/wp-content\/uploads\/2026\/04\/GH_Noetix_Pro_1.jpg\",\"contentUrl\":\"https:\/\/www.ghostysky.com\/wp-content\/uploads\/2026\/04\/GH_Noetix_Pro_1.jpg\",\"width\":1080,\"height\":1080},{\"@type\":\"BreadcrumbList\",\"@id\":\"https:\/\/www.ghostysky.com\/product\/noetix-bumi-pro-humanoid-robot\/#breadcrumb\",\"itemListElement\":[{\"@type\":\"ListItem\",\"position\":1,\"name\":\"Home\",\"item\":\"https:\/\/www.ghostysky.com\/\"},{\"@type\":\"ListItem\",\"position\":2,\"name\":\"Shop\",\"item\":\"https:\/\/www.ghostysky.com\/shop\/\"},{\"@type\":\"ListItem\",\"position\":3,\"name\":\"Noetix BUMI Pro Humanoid Robot\"}]},{\"@type\":\"WebSite\",\"@id\":\"https:\/\/www.ghostysky.com\/#website\",\"url\":\"https:\/\/www.ghostysky.com\/\",\"name\":\"Ghostysky\",\"description\":\"Delivering professional drones and services\",\"publisher\":{\"@id\":\"https:\/\/www.ghostysky.com\/#organization\"},\"potentialAction\":[{\"@type\":\"SearchAction\",\"target\":{\"@type\":\"EntryPoint\",\"urlTemplate\":\"https:\/\/www.ghostysky.com\/?s={search_term_string}\"},\"query-input\":{\"@type\":\"PropertyValueSpecification\",\"valueRequired\":true,\"valueName\":\"search_term_string\"}}],\"inLanguage\":\"es\"},{\"@type\":\"Organization\",\"@id\":\"https:\/\/www.ghostysky.com\/#organization\",\"name\":\"Ghostysky\",\"url\":\"https:\/\/www.ghostysky.com\/\",\"logo\":{\"@type\":\"ImageObject\",\"inLanguage\":\"es\",\"@id\":\"https:\/\/www.ghostysky.com\/#\/schema\/logo\/image\/\",\"url\":\"https:\/\/www.ghostysky.com\/wp-content\/uploads\/2020\/06\/cropped-ghostyskylogo_text_white2.png\",\"contentUrl\":\"https:\/\/www.ghostysky.com\/wp-content\/uploads\/2020\/06\/cropped-ghostyskylogo_text_white2.png\",\"width\":169,\"height\":56,\"caption\":\"Ghostysky\"},\"image\":{\"@id\":\"https:\/\/www.ghostysky.com\/#\/schema\/logo\/image\/\"},\"sameAs\":[\"https:\/\/www.facebook.com\/people\/Ghostysky\/100057676170234\/\",\"https:\/\/x.com\/Gh0stysky\",\"https:\/\/www.linkedin.com\/company\/34739653\",\"https:\/\/www.instagram.com\/gh0stysky\"]}]}<\/script>\n<!-- \/ Yoast SEO plugin. -->","yoast_head_json":{"title":"Robot Humanoide Noetix BUMI Pro - Ghostysky","description":"El Noetix Bumi (conocido com\u00fanmente como modelo b\u00edpedo de alto rendimiento en la categor\u00eda &quot;Pro&quot;) representa un gran avance en la rob\u00f3tica humanoide de consumo. La denominaci\u00f3n &quot;Pro&quot; suele destacar su avanzada configuraci\u00f3n de 21 grados de libertad (DOF) y su capacidad para servir como plataforma \u00e1gil de I+D para desarrolladores y educadores.","robots":{"index":"index","follow":"follow","max-snippet":"max-snippet:-1","max-image-preview":"max-image-preview:large","max-video-preview":"max-video-preview:-1"},"canonical":"https:\/\/www.ghostysky.com\/es\/producto-2\/noetix-bumi-pro-humanoid-robot\/","og_locale":"es_ES","og_type":"article","og_title":"Noetix BUMI Pro Humanoid Robot - Ghostysky","og_description":"The Noetix Bumi (often referred to in \"Pro\" contexts as the standard high-performance bipedal model) is a breakthrough in consumer humanoid robotics. The \"Pro\" designation typically highlights its advanced 21-DOF (Degrees of Freedom) configuration and its ability to serve as a high-agility R&D platform for developers and educators.","og_url":"https:\/\/www.ghostysky.com\/es\/producto-2\/noetix-bumi-pro-humanoid-robot\/","og_site_name":"Ghostysky","article_publisher":"https:\/\/www.facebook.com\/people\/Ghostysky\/100057676170234\/","article_modified_time":"2026-04-06T07:03:10+00:00","og_image":[{"width":1080,"height":1080,"url":"https:\/\/www.ghostysky.com\/wp-content\/uploads\/2026\/04\/GH_Noetix_Pro_1.jpg","type":"image\/jpeg"}],"twitter_card":"summary_large_image","twitter_site":"@Gh0stysky","twitter_misc":{"Tiempo de lectura":"2 minutos"},"schema":{"@context":"https:\/\/schema.org","@graph":[{"@type":"WebPage","@id":"https:\/\/www.ghostysky.com\/product\/noetix-bumi-pro-humanoid-robot\/","url":"https:\/\/www.ghostysky.com\/product\/noetix-bumi-pro-humanoid-robot\/","name":"Robot Humanoide Noetix BUMI Pro - Ghostysky","isPartOf":{"@id":"https:\/\/www.ghostysky.com\/#website"},"primaryImageOfPage":{"@id":"https:\/\/www.ghostysky.com\/product\/noetix-bumi-pro-humanoid-robot\/#primaryimage"},"image":{"@id":"https:\/\/www.ghostysky.com\/product\/noetix-bumi-pro-humanoid-robot\/#primaryimage"},"thumbnailUrl":"https:\/\/www.ghostysky.com\/wp-content\/uploads\/2026\/04\/GH_Noetix_Pro_1.jpg","datePublished":"2026-04-05T08:53:11+00:00","dateModified":"2026-04-06T07:03:10+00:00","description":"El Noetix Bumi (conocido com\u00fanmente como modelo b\u00edpedo de alto rendimiento en la categor\u00eda &quot;Pro&quot;) representa un gran avance en la rob\u00f3tica humanoide de consumo. La denominaci\u00f3n &quot;Pro&quot; suele destacar su avanzada configuraci\u00f3n de 21 grados de libertad (DOF) y su capacidad para servir como plataforma \u00e1gil de I+D para desarrolladores y educadores.","breadcrumb":{"@id":"https:\/\/www.ghostysky.com\/product\/noetix-bumi-pro-humanoid-robot\/#breadcrumb"},"inLanguage":"es","potentialAction":[{"@type":"ReadAction","target":["https:\/\/www.ghostysky.com\/product\/noetix-bumi-pro-humanoid-robot\/"]}]},{"@type":"ImageObject","inLanguage":"es","@id":"https:\/\/www.ghostysky.com\/product\/noetix-bumi-pro-humanoid-robot\/#primaryimage","url":"https:\/\/www.ghostysky.com\/wp-content\/uploads\/2026\/04\/GH_Noetix_Pro_1.jpg","contentUrl":"https:\/\/www.ghostysky.com\/wp-content\/uploads\/2026\/04\/GH_Noetix_Pro_1.jpg","width":1080,"height":1080},{"@type":"BreadcrumbList","@id":"https:\/\/www.ghostysky.com\/product\/noetix-bumi-pro-humanoid-robot\/#breadcrumb","itemListElement":[{"@type":"ListItem","position":1,"name":"Home","item":"https:\/\/www.ghostysky.com\/"},{"@type":"ListItem","position":2,"name":"Shop","item":"https:\/\/www.ghostysky.com\/shop\/"},{"@type":"ListItem","position":3,"name":"Noetix BUMI Pro Humanoid Robot"}]},{"@type":"WebSite","@id":"https:\/\/www.ghostysky.com\/#website","url":"https:\/\/www.ghostysky.com\/","name":"Ghostysky","description":"Entrega de drones y servicios profesionales","publisher":{"@id":"https:\/\/www.ghostysky.com\/#organization"},"potentialAction":[{"@type":"SearchAction","target":{"@type":"EntryPoint","urlTemplate":"https:\/\/www.ghostysky.com\/?s={search_term_string}"},"query-input":{"@type":"PropertyValueSpecification","valueRequired":true,"valueName":"search_term_string"}}],"inLanguage":"es"},{"@type":"Organization","@id":"https:\/\/www.ghostysky.com\/#organization","name":"Ghostysky","url":"https:\/\/www.ghostysky.com\/","logo":{"@type":"ImageObject","inLanguage":"es","@id":"https:\/\/www.ghostysky.com\/#\/schema\/logo\/image\/","url":"https:\/\/www.ghostysky.com\/wp-content\/uploads\/2020\/06\/cropped-ghostyskylogo_text_white2.png","contentUrl":"https:\/\/www.ghostysky.com\/wp-content\/uploads\/2020\/06\/cropped-ghostyskylogo_text_white2.png","width":169,"height":56,"caption":"Ghostysky"},"image":{"@id":"https:\/\/www.ghostysky.com\/#\/schema\/logo\/image\/"},"sameAs":["https:\/\/www.facebook.com\/people\/Ghostysky\/100057676170234\/","https:\/\/x.com\/Gh0stysky","https:\/\/www.linkedin.com\/company\/34739653","https:\/\/www.instagram.com\/gh0stysky"]}]}},"_links":{"self":[{"href":"https:\/\/www.ghostysky.com\/es\/wp-json\/wp\/v2\/product\/24942","targetHints":{"allow":["GET"]}}],"collection":[{"href":"https:\/\/www.ghostysky.com\/es\/wp-json\/wp\/v2\/product"}],"about":[{"href":"https:\/\/www.ghostysky.com\/es\/wp-json\/wp\/v2\/types\/product"}],"replies":[{"embeddable":true,"href":"https:\/\/www.ghostysky.com\/es\/wp-json\/wp\/v2\/comments?post=24942"}],"wp:featuredmedia":[{"embeddable":true,"href":"https:\/\/www.ghostysky.com\/es\/wp-json\/wp\/v2\/media\/24938"}],"wp:attachment":[{"href":"https:\/\/www.ghostysky.com\/es\/wp-json\/wp\/v2\/media?parent=24942"}],"wp:term":[{"taxonomy":"product_brand","embeddable":true,"href":"https:\/\/www.ghostysky.com\/es\/wp-json\/wp\/v2\/product_brand?post=24942"},{"taxonomy":"product_cat","embeddable":true,"href":"https:\/\/www.ghostysky.com\/es\/wp-json\/wp\/v2\/product_cat?post=24942"},{"taxonomy":"product_tag","embeddable":true,"href":"https:\/\/www.ghostysky.com\/es\/wp-json\/wp\/v2\/product_tag?post=24942"}],"curies":[{"name":"wp","href":"https:\/\/api.w.org\/{rel}","templated":true}]}}