{"id":24966,"date":"2026-04-06T07:33:59","date_gmt":"2026-04-06T07:33:59","guid":{"rendered":"https:\/\/www.ghostysky.com\/?post_type=product&#038;p=24966"},"modified":"2026-04-06T07:57:36","modified_gmt":"2026-04-06T07:57:36","slug":"dji-avata-360-fly-more-combo-dji-rc-2","status":"publish","type":"product","link":"https:\/\/www.ghostysky.com\/es\/product\/dji-avata-360-fly-more-combo-dji-rc-2\/","title":{"rendered":"Combo DJI Avata 360 Vuela M\u00e1s (DJI RC 2)"},"content":{"rendered":"<h3 data-path-to-node=\"1\">Caracter\u00edsticas clave<\/h3>\n<ul data-path-to-node=\"2\">\n<li>\n<p data-path-to-node=\"2,0,0\"><b data-path-to-node=\"2,0,0\" data-index-in-node=\"0\">Im\u00e1genes 8K de 360\u00b0 con doble lente:<\/b> Equipada con dos sensores equivalentes a 1 pulgada, la Avata 360 captura impresionantes v\u00eddeos HDR de 360\u00b0 en 8K\/60 fps. Esto te permite grabar primero y apuntar despu\u00e9s, asegur\u00e1ndote de no perderte ni un solo instante de la acci\u00f3n.<\/p>\n<\/li>\n<li>\n<p data-path-to-node=\"2,1,0\"><b data-path-to-node=\"2,1,0\" data-index-in-node=\"0\">Modo de lente \u00fanica conmutable:<\/b> No solo para 360\u00b0, sino que tambi\u00e9n puedes cambiar sin problemas a un modo tradicional de lente \u00fanica para obtener metraje FPV cl\u00e1sico de gran angular en 4K\/60 fps, aprovechando la potencia de imagen insignia para tomas cinematogr\u00e1ficas tradicionales.<\/p>\n<\/li>\n<li>\n<p data-path-to-node=\"2,2,0\"><b data-path-to-node=\"2,2,0\" data-index-in-node=\"0\">Detecci\u00f3n de obst\u00e1culos omnidireccional:<\/b> La seguridad es primordial gracias a un completo sistema de sensores que proporciona una cobertura de 360\u00b0. Esto permite volar con confianza en entornos complejos, con el apoyo de &quot;Vision Assist&quot; para una visualizaci\u00f3n en tiempo real de su entorno en 1080p.<\/p>\n<\/li>\n<li>\n<p data-path-to-node=\"2,3,0\"><b data-path-to-node=\"2,3,0\" data-index-in-node=\"0\">Integraci\u00f3n con DJI RC 2:<\/b> Si bien es compatible con gafas FPV para una experiencia completa de &quot;cabina&quot;, este combo incluye: <b data-path-to-node=\"2,3,0\" data-index-in-node=\"115\">DJI RC 2<\/b> Controlador inteligente. Su pantalla integrada de 5,5 pulgadas y resoluci\u00f3n 1080p de alto brillo lo convierte en la herramienta perfecta para el funcionamiento est\u00e1ndar tipo dron con c\u00e1mara y para un encuadre preciso.<\/p>\n<\/li>\n<li>\n<p data-path-to-node=\"2,4,0\"><b data-path-to-node=\"2,4,0\" data-index-in-node=\"0\">Transmisi\u00f3n de v\u00eddeo O4+:<\/b> Disfrute de transmisiones de v\u00eddeo HD ultra fluidas y de baja latencia desde una distancia de hasta 20 km (FCC), lo que garantiza una conexi\u00f3n s\u00f3lida como una roca incluso en \u00e1reas con mucha interferencia.<\/p>\n<\/li>\n<li>\n<p data-path-to-node=\"2,5,0\"><b data-path-to-node=\"2,5,0\" data-index-in-node=\"0\">Efecto de dron invisible:<\/b> Los algoritmos avanzados de uni\u00f3n de im\u00e1genes eliminan autom\u00e1ticamente el dron de tus grabaciones de 360\u00b0, creando un efecto de &quot;c\u00e1mara flotante&quot; que antes solo era posible con complejos sistemas caseros.<\/p>\n<\/li>\n<\/ul>\n<p>&nbsp;<\/p>\n<h3 data-path-to-node=\"4\">En la caja: Fly More Combo (DJI RC 2)<\/h3>\n<p data-path-to-node=\"5\">Este completo paquete est\u00e1 dise\u00f1ado para que puedas volar durante m\u00e1s tiempo y te proporciona todas las herramientas necesarias para el trabajo de campo profesional.<\/p>\n<ul data-path-to-node=\"6\">\n<li>\n<p data-path-to-node=\"6,0,0\"><b data-path-to-node=\"6,0,0\" data-index-in-node=\"0\">Avi\u00f3n DJI Avata 360<\/b> \u00d7 1<\/p>\n<\/li>\n<li>\n<p data-path-to-node=\"6,1,0\"><b data-path-to-node=\"6,1,0\" data-index-in-node=\"0\">Mando a distancia DJI RC 2<\/b> \u00d7 1<\/p>\n<\/li>\n<li>\n<p data-path-to-node=\"6,2,0\"><b data-path-to-node=\"6,2,0\" data-index-in-node=\"0\">Bater\u00eda de Vuelo Inteligente<\/b> \u00d7 3 (1 preinstalado + 2 adicionales)<\/p>\n<\/li>\n<li>\n<p data-path-to-node=\"6,3,0\"><b data-path-to-node=\"6,3,0\" data-index-in-node=\"0\">Centro de carga bidireccional<\/b> \u00d7 1<\/p>\n<\/li>\n<li>\n<p data-path-to-node=\"6,4,0\"><b data-path-to-node=\"6,4,0\" data-index-in-node=\"0\">Bolso bandolera DJI<\/b> \u00d7 1<\/p>\n<\/li>\n<li>\n<p data-path-to-node=\"6,5,0\"><b data-path-to-node=\"6,5,0\" data-index-in-node=\"0\">H\u00e9lices (par)<\/b> \u00d7 4<\/p>\n<\/li>\n<li>\n<p data-path-to-node=\"6,6,0\"><b data-path-to-node=\"6,6,0\" data-index-in-node=\"0\">Protector de card\u00e1n<\/b> \u00d7 1<\/p>\n<\/li>\n<li>\n<p data-path-to-node=\"6,7,0\"><b data-path-to-node=\"6,7,0\" data-index-in-node=\"0\">Cable PD de tipo C a tipo C<\/b> \u00d7 1<\/p>\n<\/li>\n<li>\n<p data-path-to-node=\"6,8,0\"><b data-path-to-node=\"6,8,0\" data-index-in-node=\"0\">Cable USB-C OTG<\/b> \u00d7 1<\/p>\n<\/li>\n<li>\n<p data-path-to-node=\"6,9,0\"><b data-path-to-node=\"6,9,0\" data-index-in-node=\"0\">Tornillos de repuesto y destornillador<\/b> \u00d7 1 juego<\/p>\n<\/li>\n<\/ul>\n<blockquote data-path-to-node=\"7\">\n<p data-path-to-node=\"7,0\"><b data-path-to-node=\"7,0\" data-index-in-node=\"0\">Nota:<\/b> Si bien el RC 2 ofrece una experiencia de vuelo tradicional, el Avata 360 tambi\u00e9n es compatible con las gafas DJI Goggles N3 y el controlador de movimiento Motion Controller 3 (se venden por separado) para aquellos que buscan una experiencia FPV totalmente inmersiva.<\/p>\n<\/blockquote>","protected":false},"excerpt":{"rendered":"<p>El <b data-path-to-node=\"0\" data-index-in-node=\"4\">DJI Avata 360<\/b> representa un salto masivo en la categor\u00eda FPV \u201cCinewhoop\u201d, fusionando el vuelo inmersivo y \u00e1gil de la serie Avata con im\u00e1genes de 360\u00b0 de calidad profesional. Este Fly More Combo, junto con el <b data-path-to-node=\"0\" data-index-in-node=\"208\">DJI RC 2<\/b>, Est\u00e1 dise\u00f1ado para creadores que desean lo mejor de ambos mundos: la capacidad de volar como un p\u00e1jaro y la libertad de posproducci\u00f3n para reencuadrar tomas en todas las direcciones.<\/p>","protected":false},"featured_media":24964,"comment_status":"open","ping_status":"closed","template":"","meta":[],"product_brand":[1031],"product_cat":[752,1403,1404,37],"product_tag":[1408,1406,1407],"class_list":{"0":"post-24966","1":"product","2":"type-product","3":"status-publish","4":"has-post-thumbnail","6":"product_brand-dji","7":"product_cat-aerial-photography","8":"product_cat-avata-360","9":"product_cat-avata-360-drones","10":"product_cat-dji","11":"product_tag-avata-360-drones","12":"product_tag-dji-avata-360","13":"product_tag-fvp","15":"first","16":"onbackorder","17":"taxable","18":"shipping-taxable","19":"purchasable","20":"product-type-simple"},"yoast_head":"<!-- This site is optimized with the Yoast SEO plugin v27.4 - https:\/\/yoast.com\/product\/yoast-seo-wordpress\/ -->\n<title>DJI Avata 360 Fly More Combo (DJI RC 2) - Ghostysky<\/title>\n<meta name=\"description\" content=\"The DJI Avata 360 represents a massive leap in the &quot;Cinewhoop&quot; FPV category, merging the immersive, agile flight of the Avata series with professional-grade 360\u00b0 imaging. This Fly More Combo, paired with the DJI RC 2, is designed for creators who want the best of both worlds: the ability to fly like a bird and the post-production freedom to reframe shots in every direction.\" \/>\n<meta name=\"robots\" content=\"index, follow, max-snippet:-1, max-image-preview:large, max-video-preview:-1\" \/>\n<link rel=\"canonical\" href=\"https:\/\/www.ghostysky.com\/es\/producto-2\/dji-avata-360-fly-more-combo-dji-rc-2\/\" \/>\n<meta property=\"og:locale\" content=\"es_ES\" \/>\n<meta property=\"og:type\" content=\"article\" \/>\n<meta property=\"og:title\" content=\"DJI Avata 360 Fly More Combo (DJI RC 2) - Ghostysky\" \/>\n<meta property=\"og:description\" content=\"The DJI Avata 360 represents a massive leap in the &quot;Cinewhoop&quot; FPV category, merging the immersive, agile flight of the Avata series with professional-grade 360\u00b0 imaging. This Fly More Combo, paired with the DJI RC 2, is designed for creators who want the best of both worlds: the ability to fly like a bird and the post-production freedom to reframe shots in every direction.\" \/>\n<meta property=\"og:url\" content=\"https:\/\/www.ghostysky.com\/es\/producto-2\/dji-avata-360-fly-more-combo-dji-rc-2\/\" \/>\n<meta property=\"og:site_name\" content=\"Ghostysky\" \/>\n<meta property=\"article:publisher\" content=\"https:\/\/www.facebook.com\/people\/Ghostysky\/100057676170234\/\" \/>\n<meta property=\"article:modified_time\" content=\"2026-04-06T07:57:36+00:00\" \/>\n<meta property=\"og:image\" content=\"https:\/\/www.ghostysky.com\/wp-content\/uploads\/2026\/03\/GH_DJIAvata360_1.jpeg\" \/>\n\t<meta property=\"og:image:width\" content=\"1308\" \/>\n\t<meta property=\"og:image:height\" content=\"1308\" \/>\n\t<meta property=\"og:image:type\" content=\"image\/jpeg\" \/>\n<meta name=\"twitter:card\" content=\"summary_large_image\" \/>\n<meta name=\"twitter:site\" content=\"@Gh0stysky\" \/>\n<meta name=\"twitter:label1\" content=\"Tiempo de lectura\" \/>\n\t<meta name=\"twitter:data1\" content=\"2 minutos\" \/>\n<script type=\"application\/ld+json\" class=\"yoast-schema-graph\">{\"@context\":\"https:\\\/\\\/schema.org\",\"@graph\":[{\"@type\":\"WebPage\",\"@id\":\"https:\\\/\\\/www.ghostysky.com\\\/product\\\/dji-avata-360-fly-more-combo-dji-rc-2\\\/\",\"url\":\"https:\\\/\\\/www.ghostysky.com\\\/product\\\/dji-avata-360-fly-more-combo-dji-rc-2\\\/\",\"name\":\"DJI Avata 360 Fly More Combo (DJI RC 2) - Ghostysky\",\"isPartOf\":{\"@id\":\"https:\\\/\\\/www.ghostysky.com\\\/#website\"},\"primaryImageOfPage\":{\"@id\":\"https:\\\/\\\/www.ghostysky.com\\\/product\\\/dji-avata-360-fly-more-combo-dji-rc-2\\\/#primaryimage\"},\"image\":{\"@id\":\"https:\\\/\\\/www.ghostysky.com\\\/product\\\/dji-avata-360-fly-more-combo-dji-rc-2\\\/#primaryimage\"},\"thumbnailUrl\":\"https:\\\/\\\/www.ghostysky.com\\\/wp-content\\\/uploads\\\/2026\\\/03\\\/GH_DJIAvata360_1.jpeg\",\"datePublished\":\"2026-04-06T07:33:59+00:00\",\"dateModified\":\"2026-04-06T07:57:36+00:00\",\"description\":\"The DJI Avata 360 represents a massive leap in the \\\"Cinewhoop\\\" FPV category, merging the immersive, agile flight of the Avata series with professional-grade 360\u00b0 imaging. This Fly More Combo, paired with the DJI RC 2, is designed for creators who want the best of both worlds: the ability to fly like a bird and the post-production freedom to reframe shots in every direction.\",\"breadcrumb\":{\"@id\":\"https:\\\/\\\/www.ghostysky.com\\\/product\\\/dji-avata-360-fly-more-combo-dji-rc-2\\\/#breadcrumb\"},\"inLanguage\":\"es\",\"potentialAction\":[{\"@type\":\"ReadAction\",\"target\":[\"https:\\\/\\\/www.ghostysky.com\\\/product\\\/dji-avata-360-fly-more-combo-dji-rc-2\\\/\"]}]},{\"@type\":\"ImageObject\",\"inLanguage\":\"es\",\"@id\":\"https:\\\/\\\/www.ghostysky.com\\\/product\\\/dji-avata-360-fly-more-combo-dji-rc-2\\\/#primaryimage\",\"url\":\"https:\\\/\\\/www.ghostysky.com\\\/wp-content\\\/uploads\\\/2026\\\/03\\\/GH_DJIAvata360_1.jpeg\",\"contentUrl\":\"https:\\\/\\\/www.ghostysky.com\\\/wp-content\\\/uploads\\\/2026\\\/03\\\/GH_DJIAvata360_1.jpeg\",\"width\":1308,\"height\":1308},{\"@type\":\"BreadcrumbList\",\"@id\":\"https:\\\/\\\/www.ghostysky.com\\\/product\\\/dji-avata-360-fly-more-combo-dji-rc-2\\\/#breadcrumb\",\"itemListElement\":[{\"@type\":\"ListItem\",\"position\":1,\"name\":\"Home\",\"item\":\"https:\\\/\\\/www.ghostysky.com\\\/\"},{\"@type\":\"ListItem\",\"position\":2,\"name\":\"Shop\",\"item\":\"https:\\\/\\\/www.ghostysky.com\\\/shop\\\/\"},{\"@type\":\"ListItem\",\"position\":3,\"name\":\"DJI Avata 360 Fly More Combo (DJI RC 2)\"}]},{\"@type\":\"WebSite\",\"@id\":\"https:\\\/\\\/www.ghostysky.com\\\/#website\",\"url\":\"https:\\\/\\\/www.ghostysky.com\\\/\",\"name\":\"Ghostysky\",\"description\":\"Delivering professional drones and services\",\"publisher\":{\"@id\":\"https:\\\/\\\/www.ghostysky.com\\\/#organization\"},\"potentialAction\":[{\"@type\":\"SearchAction\",\"target\":{\"@type\":\"EntryPoint\",\"urlTemplate\":\"https:\\\/\\\/www.ghostysky.com\\\/?s={search_term_string}\"},\"query-input\":{\"@type\":\"PropertyValueSpecification\",\"valueRequired\":true,\"valueName\":\"search_term_string\"}}],\"inLanguage\":\"es\"},{\"@type\":\"Organization\",\"@id\":\"https:\\\/\\\/www.ghostysky.com\\\/#organization\",\"name\":\"Ghostysky\",\"url\":\"https:\\\/\\\/www.ghostysky.com\\\/\",\"logo\":{\"@type\":\"ImageObject\",\"inLanguage\":\"es\",\"@id\":\"https:\\\/\\\/www.ghostysky.com\\\/#\\\/schema\\\/logo\\\/image\\\/\",\"url\":\"https:\\\/\\\/www.ghostysky.com\\\/wp-content\\\/uploads\\\/2020\\\/06\\\/cropped-ghostyskylogo_text_white2.png\",\"contentUrl\":\"https:\\\/\\\/www.ghostysky.com\\\/wp-content\\\/uploads\\\/2020\\\/06\\\/cropped-ghostyskylogo_text_white2.png\",\"width\":169,\"height\":56,\"caption\":\"Ghostysky\"},\"image\":{\"@id\":\"https:\\\/\\\/www.ghostysky.com\\\/#\\\/schema\\\/logo\\\/image\\\/\"},\"sameAs\":[\"https:\\\/\\\/www.facebook.com\\\/people\\\/Ghostysky\\\/100057676170234\\\/\",\"https:\\\/\\\/x.com\\\/Gh0stysky\",\"https:\\\/\\\/www.linkedin.com\\\/company\\\/34739653\",\"https:\\\/\\\/www.instagram.com\\\/gh0stysky\"]}]}<\/script>\n<!-- \/ Yoast SEO plugin. -->","yoast_head_json":{"title":"DJI Avata 360 Fly More Combo (DJI RC 2) - Ghostysky","description":"El DJI Avata 360 representa un gran avance en la categor\u00eda de drones FPV tipo &quot;Cinewhoop&quot;, combinando el vuelo inmersivo y \u00e1gil de la serie Avata con im\u00e1genes de 360\u00b0 de calidad profesional. Este paquete Fly More Combo, junto con el DJI RC 2, est\u00e1 dise\u00f1ado para creadores que buscan lo mejor de ambos mundos: la capacidad de volar como un p\u00e1jaro y la libertad de reencuadrar tomas en cualquier direcci\u00f3n durante la postproducci\u00f3n.","robots":{"index":"index","follow":"follow","max-snippet":"max-snippet:-1","max-image-preview":"max-image-preview:large","max-video-preview":"max-video-preview:-1"},"canonical":"https:\/\/www.ghostysky.com\/es\/producto-2\/dji-avata-360-fly-more-combo-dji-rc-2\/","og_locale":"es_ES","og_type":"article","og_title":"DJI Avata 360 Fly More Combo (DJI RC 2) - Ghostysky","og_description":"The DJI Avata 360 represents a massive leap in the \"Cinewhoop\" FPV category, merging the immersive, agile flight of the Avata series with professional-grade 360\u00b0 imaging. This Fly More Combo, paired with the DJI RC 2, is designed for creators who want the best of both worlds: the ability to fly like a bird and the post-production freedom to reframe shots in every direction.","og_url":"https:\/\/www.ghostysky.com\/es\/producto-2\/dji-avata-360-fly-more-combo-dji-rc-2\/","og_site_name":"Ghostysky","article_publisher":"https:\/\/www.facebook.com\/people\/Ghostysky\/100057676170234\/","article_modified_time":"2026-04-06T07:57:36+00:00","og_image":[{"width":1308,"height":1308,"url":"https:\/\/www.ghostysky.com\/wp-content\/uploads\/2026\/03\/GH_DJIAvata360_1.jpeg","type":"image\/jpeg"}],"twitter_card":"summary_large_image","twitter_site":"@Gh0stysky","twitter_misc":{"Tiempo de lectura":"2 minutos"},"schema":{"@context":"https:\/\/schema.org","@graph":[{"@type":"WebPage","@id":"https:\/\/www.ghostysky.com\/product\/dji-avata-360-fly-more-combo-dji-rc-2\/","url":"https:\/\/www.ghostysky.com\/product\/dji-avata-360-fly-more-combo-dji-rc-2\/","name":"DJI Avata 360 Fly More Combo (DJI RC 2) - Ghostysky","isPartOf":{"@id":"https:\/\/www.ghostysky.com\/#website"},"primaryImageOfPage":{"@id":"https:\/\/www.ghostysky.com\/product\/dji-avata-360-fly-more-combo-dji-rc-2\/#primaryimage"},"image":{"@id":"https:\/\/www.ghostysky.com\/product\/dji-avata-360-fly-more-combo-dji-rc-2\/#primaryimage"},"thumbnailUrl":"https:\/\/www.ghostysky.com\/wp-content\/uploads\/2026\/03\/GH_DJIAvata360_1.jpeg","datePublished":"2026-04-06T07:33:59+00:00","dateModified":"2026-04-06T07:57:36+00:00","description":"El DJI Avata 360 representa un gran avance en la categor\u00eda de drones FPV tipo &quot;Cinewhoop&quot;, combinando el vuelo inmersivo y \u00e1gil de la serie Avata con im\u00e1genes de 360\u00b0 de calidad profesional. Este paquete Fly More Combo, junto con el DJI RC 2, est\u00e1 dise\u00f1ado para creadores que buscan lo mejor de ambos mundos: la capacidad de volar como un p\u00e1jaro y la libertad de reencuadrar tomas en cualquier direcci\u00f3n durante la postproducci\u00f3n.","breadcrumb":{"@id":"https:\/\/www.ghostysky.com\/product\/dji-avata-360-fly-more-combo-dji-rc-2\/#breadcrumb"},"inLanguage":"es","potentialAction":[{"@type":"ReadAction","target":["https:\/\/www.ghostysky.com\/product\/dji-avata-360-fly-more-combo-dji-rc-2\/"]}]},{"@type":"ImageObject","inLanguage":"es","@id":"https:\/\/www.ghostysky.com\/product\/dji-avata-360-fly-more-combo-dji-rc-2\/#primaryimage","url":"https:\/\/www.ghostysky.com\/wp-content\/uploads\/2026\/03\/GH_DJIAvata360_1.jpeg","contentUrl":"https:\/\/www.ghostysky.com\/wp-content\/uploads\/2026\/03\/GH_DJIAvata360_1.jpeg","width":1308,"height":1308},{"@type":"BreadcrumbList","@id":"https:\/\/www.ghostysky.com\/product\/dji-avata-360-fly-more-combo-dji-rc-2\/#breadcrumb","itemListElement":[{"@type":"ListItem","position":1,"name":"Home","item":"https:\/\/www.ghostysky.com\/"},{"@type":"ListItem","position":2,"name":"Shop","item":"https:\/\/www.ghostysky.com\/shop\/"},{"@type":"ListItem","position":3,"name":"DJI Avata 360 Fly More Combo (DJI RC 2)"}]},{"@type":"WebSite","@id":"https:\/\/www.ghostysky.com\/#website","url":"https:\/\/www.ghostysky.com\/","name":"Ghostysky","description":"Entrega de drones y servicios profesionales","publisher":{"@id":"https:\/\/www.ghostysky.com\/#organization"},"potentialAction":[{"@type":"SearchAction","target":{"@type":"EntryPoint","urlTemplate":"https:\/\/www.ghostysky.com\/?s={search_term_string}"},"query-input":{"@type":"PropertyValueSpecification","valueRequired":true,"valueName":"search_term_string"}}],"inLanguage":"es"},{"@type":"Organization","@id":"https:\/\/www.ghostysky.com\/#organization","name":"Ghostysky","url":"https:\/\/www.ghostysky.com\/","logo":{"@type":"ImageObject","inLanguage":"es","@id":"https:\/\/www.ghostysky.com\/#\/schema\/logo\/image\/","url":"https:\/\/www.ghostysky.com\/wp-content\/uploads\/2020\/06\/cropped-ghostyskylogo_text_white2.png","contentUrl":"https:\/\/www.ghostysky.com\/wp-content\/uploads\/2020\/06\/cropped-ghostyskylogo_text_white2.png","width":169,"height":56,"caption":"Ghostysky"},"image":{"@id":"https:\/\/www.ghostysky.com\/#\/schema\/logo\/image\/"},"sameAs":["https:\/\/www.facebook.com\/people\/Ghostysky\/100057676170234\/","https:\/\/x.com\/Gh0stysky","https:\/\/www.linkedin.com\/company\/34739653","https:\/\/www.instagram.com\/gh0stysky"]}]}},"_links":{"self":[{"href":"https:\/\/www.ghostysky.com\/es\/wp-json\/wp\/v2\/product\/24966","targetHints":{"allow":["GET"]}}],"collection":[{"href":"https:\/\/www.ghostysky.com\/es\/wp-json\/wp\/v2\/product"}],"about":[{"href":"https:\/\/www.ghostysky.com\/es\/wp-json\/wp\/v2\/types\/product"}],"replies":[{"embeddable":true,"href":"https:\/\/www.ghostysky.com\/es\/wp-json\/wp\/v2\/comments?post=24966"}],"version-history":[{"count":0,"href":"https:\/\/www.ghostysky.com\/es\/wp-json\/wp\/v2\/product\/24966\/revisions"}],"wp:featuredmedia":[{"embeddable":true,"href":"https:\/\/www.ghostysky.com\/es\/wp-json\/wp\/v2\/media\/24964"}],"wp:attachment":[{"href":"https:\/\/www.ghostysky.com\/es\/wp-json\/wp\/v2\/media?parent=24966"}],"wp:term":[{"taxonomy":"product_brand","embeddable":true,"href":"https:\/\/www.ghostysky.com\/es\/wp-json\/wp\/v2\/product_brand?post=24966"},{"taxonomy":"product_cat","embeddable":true,"href":"https:\/\/www.ghostysky.com\/es\/wp-json\/wp\/v2\/product_cat?post=24966"},{"taxonomy":"product_tag","embeddable":true,"href":"https:\/\/www.ghostysky.com\/es\/wp-json\/wp\/v2\/product_tag?post=24966"}],"curies":[{"name":"wp","href":"https:\/\/api.w.org\/{rel}","templated":true}]}}