{"id":24970,"date":"2026-04-06T07:43:07","date_gmt":"2026-04-06T07:43:07","guid":{"rendered":"https:\/\/www.ghostysky.com\/?post_type=product&#038;p=24970"},"modified":"2026-04-06T08:02:47","modified_gmt":"2026-04-06T08:02:47","slug":"dji-avata-360-propellers","status":"publish","type":"product","link":"https:\/\/www.ghostysky.com\/es\/product\/dji-avata-360-propellers\/","title":{"rendered":"H\u00e9lices DJI Avata 360"},"content":{"rendered":"<h3 data-path-to-node=\"1\"><b data-path-to-node=\"1\" data-index-in-node=\"0\">Caracter\u00edsticas clave<\/b><\/h3>\n<ul data-path-to-node=\"2\">\n<li>\n<p id=\"p-rc_52e345ce2a4f58ba-108\" data-path-to-node=\"2,0,0\"><b data-path-to-node=\"2,0,0\" data-index-in-node=\"0\">Eficiencia aerodin\u00e1mica:<\/b><span class=\"citation-274 citation-end-274\"> Espec\u00edficamente entonado (<\/span><span class=\"math-inline\" data-math=\"3.3 \\times 4.0\" data-index-in-node=\"46\">$3.3 \\times 4.0$<\/span><span class=\"citation-273 citation-end-273\"> pulgadas) para proporcionar un equilibrio entre un empuje potente y un manejo suave, esencial para capturar im\u00e1genes estables de 360\u00b0 en 8K.<\/span><\/p>\n<\/li>\n<li>\n<p id=\"p-rc_52e345ce2a4f58ba-109\" data-path-to-node=\"2,1,0\"><b data-path-to-node=\"2,1,0\" data-index-in-node=\"0\"><span class=\"citation-272\">Durabilidad dise\u00f1ada:<\/span><\/b><span class=\"citation-272 citation-end-272\"> Fabricado con nailon reforzado con fibra de vidrio de alta resistencia para soportar las altas revoluciones por minuto de las maniobras FPV sin dejar de ser ligero.<\/span><\/p>\n<\/li>\n<li>\n<p id=\"p-rc_52e345ce2a4f58ba-110\" data-path-to-node=\"2,2,0\"><b data-path-to-node=\"2,2,0\" data-index-in-node=\"0\"><span class=\"citation-271\">Instalaci\u00f3n intuitiva:<\/span><\/b><span class=\"citation-271 citation-end-271\"> Las aspas cuentan con marcas claras para la orientaci\u00f3n en sentido horario (CW) y en sentido antihorario (CCW), lo que garantiza una configuraci\u00f3n infalible en los motores correspondientes.<\/span><\/p>\n<\/li>\n<li>\n<p id=\"p-rc_52e345ce2a4f58ba-111\" data-path-to-node=\"2,3,0\"><b data-path-to-node=\"2,3,0\" data-index-in-node=\"0\">Kit de renovaci\u00f3n completo:<\/b><span class=\"citation-270 citation-end-270\"> Cada paquete incluye dos pares completos de h\u00e9lices y los tornillos M2 necesarios, que DJI recomienda reemplazar en cada cambio de h\u00e9lice para mantener la integridad estructural.<\/span><\/p>\n<p>&nbsp;<\/li>\n<\/ul>\n<h3 data-path-to-node=\"4\"><b data-path-to-node=\"4\" data-index-in-node=\"0\">Especificaciones t\u00e9cnicas<\/b><\/h3>\n<table data-path-to-node=\"5\">\n<thead>\n<tr>\n<td><strong>Caracter\u00edstica<\/strong><\/td>\n<td><strong>Detalles<\/strong><\/td>\n<\/tr>\n<\/thead>\n<tbody>\n<tr>\n<td><span data-path-to-node=\"5,1,0,0\"><b data-path-to-node=\"5,1,0,0\" data-index-in-node=\"0\">Modelo<\/b><\/span><\/td>\n<td><span data-path-to-node=\"5,1,1,0\">3340S<\/span><\/td>\n<\/tr>\n<tr>\n<td><span data-path-to-node=\"5,2,0,0\"><b data-path-to-node=\"5,2,0,0\" data-index-in-node=\"0\">Di\u00e1metro<\/b><\/span><\/td>\n<td><span data-path-to-node=\"5,2,1,0\">Aprox. 83,1 mm<\/span><\/td>\n<\/tr>\n<tr>\n<td><span data-path-to-node=\"5,3,0,0\"><b data-path-to-node=\"5,3,0,0\" data-index-in-node=\"0\">Peso<\/b><\/span><\/td>\n<td><span data-path-to-node=\"5,3,1,0\">Aprox. 3,5 g (por h\u00e9lice)<\/span><\/td>\n<\/tr>\n<tr>\n<td><span data-path-to-node=\"5,4,0,0\"><b data-path-to-node=\"5,4,0,0\" data-index-in-node=\"0\">Material<\/b><\/span><\/td>\n<td><span data-path-to-node=\"5,4,1,0\">Compuesto de nailon reforzado con fibra de vidrio<\/span><\/td>\n<\/tr>\n<tr>\n<td><span data-path-to-node=\"5,5,0,0\"><b data-path-to-node=\"5,5,0,0\" data-index-in-node=\"0\">Compatibilidad<\/b><\/span><\/td>\n<td><span data-path-to-node=\"5,5,1,0\">DJI Avata 360<\/span><\/td>\n<\/tr>\n<\/tbody>\n<\/table>\n<p>&nbsp;<\/p>\n<h3 data-path-to-node=\"7\"><b data-path-to-node=\"7\" data-index-in-node=\"0\">En el cuadro<\/b><\/h3>\n<ul data-path-to-node=\"8\">\n<li>\n<p id=\"p-rc_52e345ce2a4f58ba-112\" data-path-to-node=\"8,0,0\"><b data-path-to-node=\"8,0,0\" data-index-in-node=\"0\"><span class=\"citation-269\">2 pares<\/span><\/b><span class=\"citation-269 citation-end-269\"> H\u00e9lices DJI Avata 360 (4 palas en total)<\/span><\/p>\n<\/li>\n<li>\n<p id=\"p-rc_52e345ce2a4f58ba-113\" data-path-to-node=\"8,1,0\"><b data-path-to-node=\"8,1,0\" data-index-in-node=\"0\"><span class=\"citation-268\">8x<\/span><\/b><span class=\"citation-268 citation-end-268\"> Tornillos M2\u00d74,8 mm<\/span><\/p>\n<\/li>\n<\/ul>\n<blockquote data-path-to-node=\"9\">\n<p id=\"p-rc_52e345ce2a4f58ba-114\" data-path-to-node=\"9,0\"><b data-path-to-node=\"9,0\" data-index-in-node=\"0\"><span class=\"citation-267\">Consejo profesional:<\/span><\/b><span class=\"citation-267 citation-end-267\"> Utilice siempre el destornillador que se incluye en el kit de herramientas original de su DJI Avata 360.<\/span> <span class=\"citation-266 citation-end-266\">Utilizar una broca de tama\u00f1o incorrecto puede da\u00f1ar los tornillos M2, lo que dificulta el mantenimiento futuro.<\/span> Si observa alguna astilla o fisura en una cuchilla, reempl\u00e1cela inmediatamente para evitar vibraciones del motor en el aire.<\/p>\n<\/blockquote>","protected":false},"excerpt":{"rendered":"<p><span class=\"citation-276\">El <\/span><b data-path-to-node=\"0\" data-index-in-node=\"4\"><span class=\"citation-276\">H\u00e9lices DJI Avata 360 (modelo 3340S)<\/span><\/b><span class=\"citation-276\"> son las cuchillas de repuesto oficiales de alto rendimiento dise\u00f1adas espec\u00edficamente para el <\/span><b data-path-to-node=\"0\" data-index-in-node=\"126\"><span class=\"citation-276\">DJI Avata 360<\/span><\/b><span class=\"citation-276 citation-end-276\">.<\/span> <span class=\"citation-275 citation-end-275\">Dise\u00f1adas para las exigencias \u00fanicas del vuelo FPV de 360 grados, estas h\u00e9lices priorizan la estabilidad y el empuje para manejar la carga \u00fatil de doble lente del dron y el sistema de protecci\u00f3n integrado.<\/span><\/p>","protected":false},"featured_media":24979,"comment_status":"open","ping_status":"closed","template":"","meta":[],"product_brand":[1031],"product_cat":[752,1403,1405,37],"product_tag":[1412,168],"class_list":{"0":"post-24970","1":"product","2":"type-product","3":"status-publish","4":"has-post-thumbnail","6":"product_brand-dji","7":"product_cat-aerial-photography","8":"product_cat-avata-360","9":"product_cat-avata-360-accessories","10":"product_cat-dji","11":"product_tag-avata-360-accessories","12":"product_tag-propellers","14":"first","15":"onbackorder","16":"taxable","17":"shipping-taxable","18":"purchasable","19":"product-type-simple"},"yoast_head":"<!-- This site is optimized with the Yoast SEO plugin v27.1.1 - https:\/\/yoast.com\/product\/yoast-seo-wordpress\/ -->\n<title>DJI Avata 360 Propellers - Ghostysky<\/title>\n<meta name=\"description\" content=\"The DJI Avata 360 Propellers (Model 3340S) are the official high-performance replacement blades designed specifically for the DJI Avata 360. Engineered for the unique demands of 360-degree FPV flight, these propellers prioritize stability and thrust to handle the drone&#039;s dual-lens payload and integrated guard system.\" \/>\n<meta name=\"robots\" content=\"index, follow, max-snippet:-1, max-image-preview:large, max-video-preview:-1\" \/>\n<link rel=\"canonical\" href=\"https:\/\/www.ghostysky.com\/es\/producto-2\/dji-avata-360-propellers\/\" \/>\n<meta property=\"og:locale\" content=\"es_ES\" \/>\n<meta property=\"og:type\" content=\"article\" \/>\n<meta property=\"og:title\" content=\"DJI Avata 360 Propellers - Ghostysky\" \/>\n<meta property=\"og:description\" content=\"The DJI Avata 360 Propellers (Model 3340S) are the official high-performance replacement blades designed specifically for the DJI Avata 360. Engineered for the unique demands of 360-degree FPV flight, these propellers prioritize stability and thrust to handle the drone&#039;s dual-lens payload and integrated guard system.\" \/>\n<meta property=\"og:url\" content=\"https:\/\/www.ghostysky.com\/es\/producto-2\/dji-avata-360-propellers\/\" \/>\n<meta property=\"og:site_name\" content=\"Ghostysky\" \/>\n<meta property=\"article:publisher\" content=\"https:\/\/www.facebook.com\/people\/Ghostysky\/100057676170234\/\" \/>\n<meta property=\"article:modified_time\" content=\"2026-04-06T08:02:47+00:00\" \/>\n<meta property=\"og:image\" content=\"https:\/\/www.ghostysky.com\/wp-content\/uploads\/2026\/04\/GH_DJI-Avata-360-Propellers_1.jpeg\" \/>\n\t<meta property=\"og:image:width\" content=\"1308\" \/>\n\t<meta property=\"og:image:height\" content=\"1308\" \/>\n\t<meta property=\"og:image:type\" content=\"image\/jpeg\" \/>\n<meta name=\"twitter:card\" content=\"summary_large_image\" \/>\n<meta name=\"twitter:site\" content=\"@Gh0stysky\" \/>\n<meta name=\"twitter:label1\" content=\"Tiempo de lectura\" \/>\n\t<meta name=\"twitter:data1\" content=\"1 minuto\" \/>\n<script type=\"application\/ld+json\" class=\"yoast-schema-graph\">{\"@context\":\"https:\/\/schema.org\",\"@graph\":[{\"@type\":\"WebPage\",\"@id\":\"https:\/\/www.ghostysky.com\/product\/dji-avata-360-propellers\/\",\"url\":\"https:\/\/www.ghostysky.com\/product\/dji-avata-360-propellers\/\",\"name\":\"DJI Avata 360 Propellers - Ghostysky\",\"isPartOf\":{\"@id\":\"https:\/\/www.ghostysky.com\/#website\"},\"primaryImageOfPage\":{\"@id\":\"https:\/\/www.ghostysky.com\/product\/dji-avata-360-propellers\/#primaryimage\"},\"image\":{\"@id\":\"https:\/\/www.ghostysky.com\/product\/dji-avata-360-propellers\/#primaryimage\"},\"thumbnailUrl\":\"https:\/\/www.ghostysky.com\/wp-content\/uploads\/2026\/04\/GH_DJI-Avata-360-Propellers_1.jpeg\",\"datePublished\":\"2026-04-06T07:43:07+00:00\",\"dateModified\":\"2026-04-06T08:02:47+00:00\",\"description\":\"The DJI Avata 360 Propellers (Model 3340S) are the official high-performance replacement blades designed specifically for the DJI Avata 360. Engineered for the unique demands of 360-degree FPV flight, these propellers prioritize stability and thrust to handle the drone's dual-lens payload and integrated guard system.\",\"breadcrumb\":{\"@id\":\"https:\/\/www.ghostysky.com\/product\/dji-avata-360-propellers\/#breadcrumb\"},\"inLanguage\":\"es\",\"potentialAction\":[{\"@type\":\"ReadAction\",\"target\":[\"https:\/\/www.ghostysky.com\/product\/dji-avata-360-propellers\/\"]}]},{\"@type\":\"ImageObject\",\"inLanguage\":\"es\",\"@id\":\"https:\/\/www.ghostysky.com\/product\/dji-avata-360-propellers\/#primaryimage\",\"url\":\"https:\/\/www.ghostysky.com\/wp-content\/uploads\/2026\/04\/GH_DJI-Avata-360-Propellers_1.jpeg\",\"contentUrl\":\"https:\/\/www.ghostysky.com\/wp-content\/uploads\/2026\/04\/GH_DJI-Avata-360-Propellers_1.jpeg\",\"width\":1308,\"height\":1308},{\"@type\":\"BreadcrumbList\",\"@id\":\"https:\/\/www.ghostysky.com\/product\/dji-avata-360-propellers\/#breadcrumb\",\"itemListElement\":[{\"@type\":\"ListItem\",\"position\":1,\"name\":\"Home\",\"item\":\"https:\/\/www.ghostysky.com\/\"},{\"@type\":\"ListItem\",\"position\":2,\"name\":\"Shop\",\"item\":\"https:\/\/www.ghostysky.com\/shop\/\"},{\"@type\":\"ListItem\",\"position\":3,\"name\":\"DJI Avata 360 Propellers\"}]},{\"@type\":\"WebSite\",\"@id\":\"https:\/\/www.ghostysky.com\/#website\",\"url\":\"https:\/\/www.ghostysky.com\/\",\"name\":\"Ghostysky\",\"description\":\"Delivering professional drones and services\",\"publisher\":{\"@id\":\"https:\/\/www.ghostysky.com\/#organization\"},\"potentialAction\":[{\"@type\":\"SearchAction\",\"target\":{\"@type\":\"EntryPoint\",\"urlTemplate\":\"https:\/\/www.ghostysky.com\/?s={search_term_string}\"},\"query-input\":{\"@type\":\"PropertyValueSpecification\",\"valueRequired\":true,\"valueName\":\"search_term_string\"}}],\"inLanguage\":\"es\"},{\"@type\":\"Organization\",\"@id\":\"https:\/\/www.ghostysky.com\/#organization\",\"name\":\"Ghostysky\",\"url\":\"https:\/\/www.ghostysky.com\/\",\"logo\":{\"@type\":\"ImageObject\",\"inLanguage\":\"es\",\"@id\":\"https:\/\/www.ghostysky.com\/#\/schema\/logo\/image\/\",\"url\":\"https:\/\/www.ghostysky.com\/wp-content\/uploads\/2020\/06\/cropped-ghostyskylogo_text_white2.png\",\"contentUrl\":\"https:\/\/www.ghostysky.com\/wp-content\/uploads\/2020\/06\/cropped-ghostyskylogo_text_white2.png\",\"width\":169,\"height\":56,\"caption\":\"Ghostysky\"},\"image\":{\"@id\":\"https:\/\/www.ghostysky.com\/#\/schema\/logo\/image\/\"},\"sameAs\":[\"https:\/\/www.facebook.com\/people\/Ghostysky\/100057676170234\/\",\"https:\/\/x.com\/Gh0stysky\",\"https:\/\/www.linkedin.com\/company\/34739653\",\"https:\/\/www.instagram.com\/gh0stysky\"]}]}<\/script>\n<!-- \/ Yoast SEO plugin. -->","yoast_head_json":{"title":"H\u00e9lices DJI Avata 360 - Ghostysky","description":"Las h\u00e9lices DJI Avata 360 (modelo 3340S) son las h\u00e9lices de repuesto oficiales de alto rendimiento dise\u00f1adas espec\u00edficamente para el DJI Avata 360. Dise\u00f1adas para las exigencias \u00fanicas del vuelo FPV de 360 grados, estas h\u00e9lices priorizan la estabilidad y el empuje para soportar la carga \u00fatil de doble lente del dron y su sistema de protecci\u00f3n integrado.","robots":{"index":"index","follow":"follow","max-snippet":"max-snippet:-1","max-image-preview":"max-image-preview:large","max-video-preview":"max-video-preview:-1"},"canonical":"https:\/\/www.ghostysky.com\/es\/producto-2\/dji-avata-360-propellers\/","og_locale":"es_ES","og_type":"article","og_title":"DJI Avata 360 Propellers - Ghostysky","og_description":"The DJI Avata 360 Propellers (Model 3340S) are the official high-performance replacement blades designed specifically for the DJI Avata 360. Engineered for the unique demands of 360-degree FPV flight, these propellers prioritize stability and thrust to handle the drone's dual-lens payload and integrated guard system.","og_url":"https:\/\/www.ghostysky.com\/es\/producto-2\/dji-avata-360-propellers\/","og_site_name":"Ghostysky","article_publisher":"https:\/\/www.facebook.com\/people\/Ghostysky\/100057676170234\/","article_modified_time":"2026-04-06T08:02:47+00:00","og_image":[{"width":1308,"height":1308,"url":"https:\/\/www.ghostysky.com\/wp-content\/uploads\/2026\/04\/GH_DJI-Avata-360-Propellers_1.jpeg","type":"image\/jpeg"}],"twitter_card":"summary_large_image","twitter_site":"@Gh0stysky","twitter_misc":{"Tiempo de lectura":"1 minuto"},"schema":{"@context":"https:\/\/schema.org","@graph":[{"@type":"WebPage","@id":"https:\/\/www.ghostysky.com\/product\/dji-avata-360-propellers\/","url":"https:\/\/www.ghostysky.com\/product\/dji-avata-360-propellers\/","name":"H\u00e9lices DJI Avata 360 - Ghostysky","isPartOf":{"@id":"https:\/\/www.ghostysky.com\/#website"},"primaryImageOfPage":{"@id":"https:\/\/www.ghostysky.com\/product\/dji-avata-360-propellers\/#primaryimage"},"image":{"@id":"https:\/\/www.ghostysky.com\/product\/dji-avata-360-propellers\/#primaryimage"},"thumbnailUrl":"https:\/\/www.ghostysky.com\/wp-content\/uploads\/2026\/04\/GH_DJI-Avata-360-Propellers_1.jpeg","datePublished":"2026-04-06T07:43:07+00:00","dateModified":"2026-04-06T08:02:47+00:00","description":"Las h\u00e9lices DJI Avata 360 (modelo 3340S) son las h\u00e9lices de repuesto oficiales de alto rendimiento dise\u00f1adas espec\u00edficamente para el DJI Avata 360. Dise\u00f1adas para las exigencias \u00fanicas del vuelo FPV de 360 grados, estas h\u00e9lices priorizan la estabilidad y el empuje para soportar la carga \u00fatil de doble lente del dron y su sistema de protecci\u00f3n integrado.","breadcrumb":{"@id":"https:\/\/www.ghostysky.com\/product\/dji-avata-360-propellers\/#breadcrumb"},"inLanguage":"es","potentialAction":[{"@type":"ReadAction","target":["https:\/\/www.ghostysky.com\/product\/dji-avata-360-propellers\/"]}]},{"@type":"ImageObject","inLanguage":"es","@id":"https:\/\/www.ghostysky.com\/product\/dji-avata-360-propellers\/#primaryimage","url":"https:\/\/www.ghostysky.com\/wp-content\/uploads\/2026\/04\/GH_DJI-Avata-360-Propellers_1.jpeg","contentUrl":"https:\/\/www.ghostysky.com\/wp-content\/uploads\/2026\/04\/GH_DJI-Avata-360-Propellers_1.jpeg","width":1308,"height":1308},{"@type":"BreadcrumbList","@id":"https:\/\/www.ghostysky.com\/product\/dji-avata-360-propellers\/#breadcrumb","itemListElement":[{"@type":"ListItem","position":1,"name":"Home","item":"https:\/\/www.ghostysky.com\/"},{"@type":"ListItem","position":2,"name":"Shop","item":"https:\/\/www.ghostysky.com\/shop\/"},{"@type":"ListItem","position":3,"name":"DJI Avata 360 Propellers"}]},{"@type":"WebSite","@id":"https:\/\/www.ghostysky.com\/#website","url":"https:\/\/www.ghostysky.com\/","name":"Ghostysky","description":"Entrega de drones y servicios profesionales","publisher":{"@id":"https:\/\/www.ghostysky.com\/#organization"},"potentialAction":[{"@type":"SearchAction","target":{"@type":"EntryPoint","urlTemplate":"https:\/\/www.ghostysky.com\/?s={search_term_string}"},"query-input":{"@type":"PropertyValueSpecification","valueRequired":true,"valueName":"search_term_string"}}],"inLanguage":"es"},{"@type":"Organization","@id":"https:\/\/www.ghostysky.com\/#organization","name":"Ghostysky","url":"https:\/\/www.ghostysky.com\/","logo":{"@type":"ImageObject","inLanguage":"es","@id":"https:\/\/www.ghostysky.com\/#\/schema\/logo\/image\/","url":"https:\/\/www.ghostysky.com\/wp-content\/uploads\/2020\/06\/cropped-ghostyskylogo_text_white2.png","contentUrl":"https:\/\/www.ghostysky.com\/wp-content\/uploads\/2020\/06\/cropped-ghostyskylogo_text_white2.png","width":169,"height":56,"caption":"Ghostysky"},"image":{"@id":"https:\/\/www.ghostysky.com\/#\/schema\/logo\/image\/"},"sameAs":["https:\/\/www.facebook.com\/people\/Ghostysky\/100057676170234\/","https:\/\/x.com\/Gh0stysky","https:\/\/www.linkedin.com\/company\/34739653","https:\/\/www.instagram.com\/gh0stysky"]}]}},"_links":{"self":[{"href":"https:\/\/www.ghostysky.com\/es\/wp-json\/wp\/v2\/product\/24970","targetHints":{"allow":["GET"]}}],"collection":[{"href":"https:\/\/www.ghostysky.com\/es\/wp-json\/wp\/v2\/product"}],"about":[{"href":"https:\/\/www.ghostysky.com\/es\/wp-json\/wp\/v2\/types\/product"}],"replies":[{"embeddable":true,"href":"https:\/\/www.ghostysky.com\/es\/wp-json\/wp\/v2\/comments?post=24970"}],"wp:featuredmedia":[{"embeddable":true,"href":"https:\/\/www.ghostysky.com\/es\/wp-json\/wp\/v2\/media\/24979"}],"wp:attachment":[{"href":"https:\/\/www.ghostysky.com\/es\/wp-json\/wp\/v2\/media?parent=24970"}],"wp:term":[{"taxonomy":"product_brand","embeddable":true,"href":"https:\/\/www.ghostysky.com\/es\/wp-json\/wp\/v2\/product_brand?post=24970"},{"taxonomy":"product_cat","embeddable":true,"href":"https:\/\/www.ghostysky.com\/es\/wp-json\/wp\/v2\/product_cat?post=24970"},{"taxonomy":"product_tag","embeddable":true,"href":"https:\/\/www.ghostysky.com\/es\/wp-json\/wp\/v2\/product_tag?post=24970"}],"curies":[{"name":"wp","href":"https:\/\/api.w.org\/{rel}","templated":true}]}}