{"id":24975,"date":"2026-04-06T08:00:20","date_gmt":"2026-04-06T08:00:20","guid":{"rendered":"https:\/\/www.ghostysky.com\/?post_type=product&#038;p=24975"},"modified":"2026-04-06T08:08:41","modified_gmt":"2026-04-06T08:08:41","slug":"dji-avata-360-two-way-charging-hub","status":"publish","type":"product","link":"https:\/\/www.ghostysky.com\/es\/product\/dji-avata-360-two-way-charging-hub\/","title":{"rendered":"Centro de carga bidireccional DJI Avata 360"},"content":{"rendered":"<h3 data-path-to-node=\"3\">Caracter\u00edsticas clave<\/h3>\n<ul data-path-to-node=\"4\">\n<li>\n<p id=\"p-rc_e451a23252bf7e73-117\" data-path-to-node=\"4,0,0\"><b data-path-to-node=\"4,0,0\" data-index-in-node=\"0\">Carga inteligente de tres canales:<\/b><span class=\"citation-303\"> El concentrador puede contener y cargar hasta <\/span><b data-path-to-node=\"4,0,0\" data-index-in-node=\"70\"><span class=\"citation-303\">tres<\/span><\/b><span class=\"citation-303 citation-end-303\"> Bater\u00edas de vuelo inteligentes DJI Avata 360.<\/span><\/p>\n<\/li>\n<li>\n<p data-path-to-node=\"4,1,0\"><b data-path-to-node=\"4,1,0\" data-index-in-node=\"0\">Carga en modo dual:<\/b><\/p>\n<ul data-path-to-node=\"4,1,1\">\n<li>\n<p id=\"p-rc_e451a23252bf7e73-118\" data-path-to-node=\"4,1,1,0,0\"><b data-path-to-node=\"4,1,1,0,0\" data-index-in-node=\"0\"><span class=\"citation-302\">Carga en paralelo:<\/span><\/b><span class=\"citation-302\"> Cuando se utiliza un cargador de <\/span><b data-path-to-node=\"4,1,1,0,0\" data-index-in-node=\"43\"><span class=\"citation-302\">65 W o superior<\/span><\/b><span class=\"citation-302 citation-end-302\"> (al igual que el cargador port\u00e1til DJI de 65 W o el adaptador USB-C de 100 W), el concentrador carga las tres bater\u00edas simult\u00e1neamente.<\/span><\/p>\n<\/li>\n<li>\n<p id=\"p-rc_e451a23252bf7e73-119\" data-path-to-node=\"4,1,1,1,0\"><b data-path-to-node=\"4,1,1,1,0\" data-index-in-node=\"0\">Carga secuencial:<\/b><span class=\"citation-301 citation-end-301\"> Si la fuente de alimentaci\u00f3n es inferior a 65 W, el hub prioriza de forma inteligente la bater\u00eda con la mayor carga restante para que puedas volver a volar lo antes posible.<\/span><\/p>\n<\/li>\n<\/ul>\n<\/li>\n<li>\n<p id=\"p-rc_e451a23252bf7e73-120\" data-path-to-node=\"4,2,0\"><b data-path-to-node=\"4,2,0\" data-index-in-node=\"0\">Funci\u00f3n de bater\u00eda externa bidireccional:<\/b> Tras el vuelo, podr\u00e1 utilizar las bater\u00edas almacenadas para cargar dispositivos externos. <span class=\"citation-300 citation-end-300\">Al conectar un cable USB-C, puedes recargar tus gafas DJI, tu smartphone o tu tableta.<\/span><\/p>\n<\/li>\n<li>\n<p id=\"p-rc_e451a23252bf7e73-121\" data-path-to-node=\"4,3,0\"><b data-path-to-node=\"4,3,0\" data-index-in-node=\"0\"><span class=\"citation-299\">Acumulaci\u00f3n de energ\u00eda:<\/span><\/b><span class=\"citation-299 citation-end-299\"> Una funci\u00f3n especializada que permite al concentrador transferir la energ\u00eda restante de varias bater\u00edas a la bater\u00eda con el mayor nivel de carga, concentrando as\u00ed la energ\u00eda restante en una sola bater\u00eda lista para volar.<\/span><\/p>\n<p>&nbsp;<\/li>\n<\/ul>\n<h3 data-path-to-node=\"6\">Especificaciones t\u00e9cnicas<\/h3>\n<table data-path-to-node=\"7\">\n<thead>\n<tr>\n<td><strong>Caracter\u00edstica<\/strong><\/td>\n<td><strong>Especificaci\u00f3n<\/strong><\/td>\n<\/tr>\n<\/thead>\n<tbody>\n<tr>\n<td><span data-path-to-node=\"7,1,0,0\"><b data-path-to-node=\"7,1,0,0\" data-index-in-node=\"0\">Compatibilidad<\/b><\/span><\/td>\n<td><span data-path-to-node=\"7,1,1,0\">Bater\u00eda de vuelo inteligente DJI Avata 360<\/span><\/td>\n<\/tr>\n<tr>\n<td><span data-path-to-node=\"7,2,0,0\"><b data-path-to-node=\"7,2,0,0\" data-index-in-node=\"0\">Aporte<\/b><\/span><\/td>\n<td><span data-path-to-node=\"7,2,1,0\">5-20 V, m\u00e1x. 5 A<\/span><\/td>\n<\/tr>\n<tr>\n<td><span data-path-to-node=\"7,3,0,0\"><b data-path-to-node=\"7,3,0,0\" data-index-in-node=\"0\">Salida de carga m\u00e1xima<\/b><\/span><\/td>\n<td><span data-path-to-node=\"7,3,1,0\">17.2 V<\/span><\/td>\n<\/tr>\n<tr>\n<td><span data-path-to-node=\"7,4,0,0\"><b data-path-to-node=\"7,4,0,0\" data-index-in-node=\"0\">Acumulaci\u00f3n de potencia m\u00e1xima<\/b><\/span><\/td>\n<td><span data-path-to-node=\"7,4,1,0\">60 W<\/span><\/td>\n<\/tr>\n<tr>\n<td><span data-path-to-node=\"7,5,0,0\"><b data-path-to-node=\"7,5,0,0\" data-index-in-node=\"0\">Salida USB<\/b><\/span><\/td>\n<td><span data-path-to-node=\"7,5,1,0\">30 W<\/span><\/td>\n<\/tr>\n<tr>\n<td><span data-path-to-node=\"7,6,0,0\"><b data-path-to-node=\"7,6,0,0\" data-index-in-node=\"0\">Temperatura de funcionamiento<\/b><\/span><\/td>\n<td><span data-path-to-node=\"7,6,1,0\">De 5\u00b0 a 40\u00b0 C (de 41\u00b0 a 104\u00b0 F)<\/span><\/td>\n<\/tr>\n<\/tbody>\n<\/table>\n<h3 data-path-to-node=\"9\">Consejo profesional<\/h3>\n<p id=\"p-rc_e451a23252bf7e73-122\" data-path-to-node=\"10\"><span class=\"citation-298\">Para lograr las velocidades de carga paralela anunciadas, se recomienda encarecidamente emparejar este concentrador con el <\/span><b data-path-to-node=\"10\" data-index-in-node=\"103\"><span class=\"citation-298\">Cargador port\u00e1til DJI de 65 W<\/span><\/b><span class=\"citation-298\"> o un <\/span><b data-path-to-node=\"10\" data-index-in-node=\"133\"><span class=\"citation-298\">Adaptador de corriente USB-C de 100 W<\/span><\/b><span class=\"citation-298 citation-end-298\">.<\/span> <span class=\"citation-297 citation-end-297\">Tenga en cuenta que el centro de carga no incluye un cargador de pared ni un cable USB-C en la caja.<\/span><\/p>\n<div class=\"source-inline-chip-container ng-star-inserted\"><\/div>\n<p>&nbsp;<\/p>","protected":false},"excerpt":{"rendered":"<p data-path-to-node=\"0\"><span class=\"citation-305\">El <\/span><b data-path-to-node=\"0\" data-index-in-node=\"4\"><span class=\"citation-305\">Centro de carga bidireccional DJI Avata 360<\/span><\/b><span class=\"citation-305 citation-end-305\"> Es un accesorio de gesti\u00f3n de energ\u00eda de alto rendimiento dise\u00f1ado espec\u00edficamente para el ecosistema Avata 360.<\/span> Cumple tres funciones principales: almacenamiento organizado de bater\u00edas, carga r\u00e1pida de varias bater\u00edas y bater\u00eda externa port\u00e1til para tus dispositivos m\u00f3viles.<\/p>\n<p id=\"p-rc_e451a23252bf7e73-116\" data-path-to-node=\"1\"><span class=\"citation-304\">A diferencia de los cargadores secuenciales est\u00e1ndar, este concentrador admite <\/span><b data-path-to-node=\"1\" data-index-in-node=\"55\"><span class=\"citation-304\">carga en paralelo<\/span><\/b><span class=\"citation-304 citation-end-304\"> Si se combina con un adaptador lo suficientemente potente, le permitir\u00e1 pasar menos tiempo enchufado y m\u00e1s tiempo volando.<\/span><\/p>","protected":false},"featured_media":24980,"comment_status":"open","ping_status":"closed","template":"","meta":[],"product_brand":[1031],"product_cat":[752,1403,1405,37],"product_tag":[1412,1428],"class_list":{"0":"post-24975","1":"product","2":"type-product","3":"status-publish","4":"has-post-thumbnail","6":"product_brand-dji","7":"product_cat-aerial-photography","8":"product_cat-avata-360","9":"product_cat-avata-360-accessories","10":"product_cat-dji","11":"product_tag-avata-360-accessories","12":"product_tag-charging-hub","14":"first","15":"onbackorder","16":"taxable","17":"shipping-taxable","18":"purchasable","19":"product-type-simple"},"yoast_head":"<!-- This site is optimized with the Yoast SEO plugin v27.1.1 - https:\/\/yoast.com\/product\/yoast-seo-wordpress\/ -->\n<title>DJI Avata 360 Two-Way Charging Hub - Ghostysky<\/title>\n<meta name=\"description\" content=\"The DJI Avata 360 Two-Way Charging Hub is a high-performance power management accessory designed specifically for the Avata 360 ecosystem. It serves three primary functions: organized battery storage, high-speed multi-battery charging, and an on-the-go power bank for your mobile devices.Unlike standard sequential chargers, this hub supports parallel charging when paired with a sufficiently powerful adapter, ensuring you spend less time at the outlet and more time in the air.\" \/>\n<meta name=\"robots\" content=\"index, follow, max-snippet:-1, max-image-preview:large, max-video-preview:-1\" \/>\n<link rel=\"canonical\" href=\"https:\/\/www.ghostysky.com\/es\/producto-2\/dji-avata-360-two-way-charging-hub\/\" \/>\n<meta property=\"og:locale\" content=\"es_ES\" \/>\n<meta property=\"og:type\" content=\"article\" \/>\n<meta property=\"og:title\" content=\"DJI Avata 360 Two-Way Charging Hub - Ghostysky\" \/>\n<meta property=\"og:description\" content=\"The DJI Avata 360 Two-Way Charging Hub is a high-performance power management accessory designed specifically for the Avata 360 ecosystem. It serves three primary functions: organized battery storage, high-speed multi-battery charging, and an on-the-go power bank for your mobile devices.Unlike standard sequential chargers, this hub supports parallel charging when paired with a sufficiently powerful adapter, ensuring you spend less time at the outlet and more time in the air.\" \/>\n<meta property=\"og:url\" content=\"https:\/\/www.ghostysky.com\/es\/producto-2\/dji-avata-360-two-way-charging-hub\/\" \/>\n<meta property=\"og:site_name\" content=\"Ghostysky\" \/>\n<meta property=\"article:publisher\" content=\"https:\/\/www.facebook.com\/people\/Ghostysky\/100057676170234\/\" \/>\n<meta property=\"article:modified_time\" content=\"2026-04-06T08:08:41+00:00\" \/>\n<meta property=\"og:image\" content=\"https:\/\/www.ghostysky.com\/wp-content\/uploads\/2026\/04\/GH_DJI-Avata-360-Two-Way-Charging-Hub_1.jpeg\" \/>\n\t<meta property=\"og:image:width\" content=\"1308\" \/>\n\t<meta property=\"og:image:height\" content=\"1308\" \/>\n\t<meta property=\"og:image:type\" content=\"image\/jpeg\" \/>\n<meta name=\"twitter:card\" content=\"summary_large_image\" \/>\n<meta name=\"twitter:site\" content=\"@Gh0stysky\" \/>\n<meta name=\"twitter:label1\" content=\"Tiempo de lectura\" \/>\n\t<meta name=\"twitter:data1\" content=\"2 minutos\" \/>\n<script type=\"application\/ld+json\" class=\"yoast-schema-graph\">{\"@context\":\"https:\/\/schema.org\",\"@graph\":[{\"@type\":\"WebPage\",\"@id\":\"https:\/\/www.ghostysky.com\/product\/dji-avata-360-two-way-charging-hub\/\",\"url\":\"https:\/\/www.ghostysky.com\/product\/dji-avata-360-two-way-charging-hub\/\",\"name\":\"DJI Avata 360 Two-Way Charging Hub - Ghostysky\",\"isPartOf\":{\"@id\":\"https:\/\/www.ghostysky.com\/#website\"},\"primaryImageOfPage\":{\"@id\":\"https:\/\/www.ghostysky.com\/product\/dji-avata-360-two-way-charging-hub\/#primaryimage\"},\"image\":{\"@id\":\"https:\/\/www.ghostysky.com\/product\/dji-avata-360-two-way-charging-hub\/#primaryimage\"},\"thumbnailUrl\":\"https:\/\/www.ghostysky.com\/wp-content\/uploads\/2026\/04\/GH_DJI-Avata-360-Two-Way-Charging-Hub_1.jpeg\",\"datePublished\":\"2026-04-06T08:00:20+00:00\",\"dateModified\":\"2026-04-06T08:08:41+00:00\",\"description\":\"The DJI Avata 360 Two-Way Charging Hub is a high-performance power management accessory designed specifically for the Avata 360 ecosystem. It serves three primary functions: organized battery storage, high-speed multi-battery charging, and an on-the-go power bank for your mobile devices.Unlike standard sequential chargers, this hub supports parallel charging when paired with a sufficiently powerful adapter, ensuring you spend less time at the outlet and more time in the air.\",\"breadcrumb\":{\"@id\":\"https:\/\/www.ghostysky.com\/product\/dji-avata-360-two-way-charging-hub\/#breadcrumb\"},\"inLanguage\":\"es\",\"potentialAction\":[{\"@type\":\"ReadAction\",\"target\":[\"https:\/\/www.ghostysky.com\/product\/dji-avata-360-two-way-charging-hub\/\"]}]},{\"@type\":\"ImageObject\",\"inLanguage\":\"es\",\"@id\":\"https:\/\/www.ghostysky.com\/product\/dji-avata-360-two-way-charging-hub\/#primaryimage\",\"url\":\"https:\/\/www.ghostysky.com\/wp-content\/uploads\/2026\/04\/GH_DJI-Avata-360-Two-Way-Charging-Hub_1.jpeg\",\"contentUrl\":\"https:\/\/www.ghostysky.com\/wp-content\/uploads\/2026\/04\/GH_DJI-Avata-360-Two-Way-Charging-Hub_1.jpeg\",\"width\":1308,\"height\":1308},{\"@type\":\"BreadcrumbList\",\"@id\":\"https:\/\/www.ghostysky.com\/product\/dji-avata-360-two-way-charging-hub\/#breadcrumb\",\"itemListElement\":[{\"@type\":\"ListItem\",\"position\":1,\"name\":\"Home\",\"item\":\"https:\/\/www.ghostysky.com\/\"},{\"@type\":\"ListItem\",\"position\":2,\"name\":\"Shop\",\"item\":\"https:\/\/www.ghostysky.com\/shop\/\"},{\"@type\":\"ListItem\",\"position\":3,\"name\":\"DJI Avata 360 Two-Way Charging Hub\"}]},{\"@type\":\"WebSite\",\"@id\":\"https:\/\/www.ghostysky.com\/#website\",\"url\":\"https:\/\/www.ghostysky.com\/\",\"name\":\"Ghostysky\",\"description\":\"Delivering professional drones and services\",\"publisher\":{\"@id\":\"https:\/\/www.ghostysky.com\/#organization\"},\"potentialAction\":[{\"@type\":\"SearchAction\",\"target\":{\"@type\":\"EntryPoint\",\"urlTemplate\":\"https:\/\/www.ghostysky.com\/?s={search_term_string}\"},\"query-input\":{\"@type\":\"PropertyValueSpecification\",\"valueRequired\":true,\"valueName\":\"search_term_string\"}}],\"inLanguage\":\"es\"},{\"@type\":\"Organization\",\"@id\":\"https:\/\/www.ghostysky.com\/#organization\",\"name\":\"Ghostysky\",\"url\":\"https:\/\/www.ghostysky.com\/\",\"logo\":{\"@type\":\"ImageObject\",\"inLanguage\":\"es\",\"@id\":\"https:\/\/www.ghostysky.com\/#\/schema\/logo\/image\/\",\"url\":\"https:\/\/www.ghostysky.com\/wp-content\/uploads\/2020\/06\/cropped-ghostyskylogo_text_white2.png\",\"contentUrl\":\"https:\/\/www.ghostysky.com\/wp-content\/uploads\/2020\/06\/cropped-ghostyskylogo_text_white2.png\",\"width\":169,\"height\":56,\"caption\":\"Ghostysky\"},\"image\":{\"@id\":\"https:\/\/www.ghostysky.com\/#\/schema\/logo\/image\/\"},\"sameAs\":[\"https:\/\/www.facebook.com\/people\/Ghostysky\/100057676170234\/\",\"https:\/\/x.com\/Gh0stysky\",\"https:\/\/www.linkedin.com\/company\/34739653\",\"https:\/\/www.instagram.com\/gh0stysky\"]}]}<\/script>\n<!-- \/ Yoast SEO plugin. -->","yoast_head_json":{"title":"Centro de carga bidireccional DJI Avata 360 - Ghostysky","description":"El concentrador de carga bidireccional DJI Avata 360 es un accesorio de gesti\u00f3n de energ\u00eda de alto rendimiento dise\u00f1ado espec\u00edficamente para el ecosistema Avata 360. Cumple tres funciones principales: almacenamiento organizado de bater\u00edas, carga r\u00e1pida de varias bater\u00edas y bater\u00eda externa port\u00e1til para tus dispositivos m\u00f3viles. A diferencia de los cargadores secuenciales est\u00e1ndar, este concentrador admite la carga en paralelo cuando se combina con un adaptador suficientemente potente, lo que te permite pasar menos tiempo en la toma de corriente y m\u00e1s tiempo volando.","robots":{"index":"index","follow":"follow","max-snippet":"max-snippet:-1","max-image-preview":"max-image-preview:large","max-video-preview":"max-video-preview:-1"},"canonical":"https:\/\/www.ghostysky.com\/es\/producto-2\/dji-avata-360-two-way-charging-hub\/","og_locale":"es_ES","og_type":"article","og_title":"DJI Avata 360 Two-Way Charging Hub - Ghostysky","og_description":"The DJI Avata 360 Two-Way Charging Hub is a high-performance power management accessory designed specifically for the Avata 360 ecosystem. It serves three primary functions: organized battery storage, high-speed multi-battery charging, and an on-the-go power bank for your mobile devices.Unlike standard sequential chargers, this hub supports parallel charging when paired with a sufficiently powerful adapter, ensuring you spend less time at the outlet and more time in the air.","og_url":"https:\/\/www.ghostysky.com\/es\/producto-2\/dji-avata-360-two-way-charging-hub\/","og_site_name":"Ghostysky","article_publisher":"https:\/\/www.facebook.com\/people\/Ghostysky\/100057676170234\/","article_modified_time":"2026-04-06T08:08:41+00:00","og_image":[{"width":1308,"height":1308,"url":"https:\/\/www.ghostysky.com\/wp-content\/uploads\/2026\/04\/GH_DJI-Avata-360-Two-Way-Charging-Hub_1.jpeg","type":"image\/jpeg"}],"twitter_card":"summary_large_image","twitter_site":"@Gh0stysky","twitter_misc":{"Tiempo de lectura":"2 minutos"},"schema":{"@context":"https:\/\/schema.org","@graph":[{"@type":"WebPage","@id":"https:\/\/www.ghostysky.com\/product\/dji-avata-360-two-way-charging-hub\/","url":"https:\/\/www.ghostysky.com\/product\/dji-avata-360-two-way-charging-hub\/","name":"Centro de carga bidireccional DJI Avata 360 - Ghostysky","isPartOf":{"@id":"https:\/\/www.ghostysky.com\/#website"},"primaryImageOfPage":{"@id":"https:\/\/www.ghostysky.com\/product\/dji-avata-360-two-way-charging-hub\/#primaryimage"},"image":{"@id":"https:\/\/www.ghostysky.com\/product\/dji-avata-360-two-way-charging-hub\/#primaryimage"},"thumbnailUrl":"https:\/\/www.ghostysky.com\/wp-content\/uploads\/2026\/04\/GH_DJI-Avata-360-Two-Way-Charging-Hub_1.jpeg","datePublished":"2026-04-06T08:00:20+00:00","dateModified":"2026-04-06T08:08:41+00:00","description":"El concentrador de carga bidireccional DJI Avata 360 es un accesorio de gesti\u00f3n de energ\u00eda de alto rendimiento dise\u00f1ado espec\u00edficamente para el ecosistema Avata 360. Cumple tres funciones principales: almacenamiento organizado de bater\u00edas, carga r\u00e1pida de varias bater\u00edas y bater\u00eda externa port\u00e1til para tus dispositivos m\u00f3viles. A diferencia de los cargadores secuenciales est\u00e1ndar, este concentrador admite la carga en paralelo cuando se combina con un adaptador suficientemente potente, lo que te permite pasar menos tiempo en la toma de corriente y m\u00e1s tiempo volando.","breadcrumb":{"@id":"https:\/\/www.ghostysky.com\/product\/dji-avata-360-two-way-charging-hub\/#breadcrumb"},"inLanguage":"es","potentialAction":[{"@type":"ReadAction","target":["https:\/\/www.ghostysky.com\/product\/dji-avata-360-two-way-charging-hub\/"]}]},{"@type":"ImageObject","inLanguage":"es","@id":"https:\/\/www.ghostysky.com\/product\/dji-avata-360-two-way-charging-hub\/#primaryimage","url":"https:\/\/www.ghostysky.com\/wp-content\/uploads\/2026\/04\/GH_DJI-Avata-360-Two-Way-Charging-Hub_1.jpeg","contentUrl":"https:\/\/www.ghostysky.com\/wp-content\/uploads\/2026\/04\/GH_DJI-Avata-360-Two-Way-Charging-Hub_1.jpeg","width":1308,"height":1308},{"@type":"BreadcrumbList","@id":"https:\/\/www.ghostysky.com\/product\/dji-avata-360-two-way-charging-hub\/#breadcrumb","itemListElement":[{"@type":"ListItem","position":1,"name":"Home","item":"https:\/\/www.ghostysky.com\/"},{"@type":"ListItem","position":2,"name":"Shop","item":"https:\/\/www.ghostysky.com\/shop\/"},{"@type":"ListItem","position":3,"name":"DJI Avata 360 Two-Way Charging Hub"}]},{"@type":"WebSite","@id":"https:\/\/www.ghostysky.com\/#website","url":"https:\/\/www.ghostysky.com\/","name":"Ghostysky","description":"Entrega de drones y servicios profesionales","publisher":{"@id":"https:\/\/www.ghostysky.com\/#organization"},"potentialAction":[{"@type":"SearchAction","target":{"@type":"EntryPoint","urlTemplate":"https:\/\/www.ghostysky.com\/?s={search_term_string}"},"query-input":{"@type":"PropertyValueSpecification","valueRequired":true,"valueName":"search_term_string"}}],"inLanguage":"es"},{"@type":"Organization","@id":"https:\/\/www.ghostysky.com\/#organization","name":"Ghostysky","url":"https:\/\/www.ghostysky.com\/","logo":{"@type":"ImageObject","inLanguage":"es","@id":"https:\/\/www.ghostysky.com\/#\/schema\/logo\/image\/","url":"https:\/\/www.ghostysky.com\/wp-content\/uploads\/2020\/06\/cropped-ghostyskylogo_text_white2.png","contentUrl":"https:\/\/www.ghostysky.com\/wp-content\/uploads\/2020\/06\/cropped-ghostyskylogo_text_white2.png","width":169,"height":56,"caption":"Ghostysky"},"image":{"@id":"https:\/\/www.ghostysky.com\/#\/schema\/logo\/image\/"},"sameAs":["https:\/\/www.facebook.com\/people\/Ghostysky\/100057676170234\/","https:\/\/x.com\/Gh0stysky","https:\/\/www.linkedin.com\/company\/34739653","https:\/\/www.instagram.com\/gh0stysky"]}]}},"_links":{"self":[{"href":"https:\/\/www.ghostysky.com\/es\/wp-json\/wp\/v2\/product\/24975","targetHints":{"allow":["GET"]}}],"collection":[{"href":"https:\/\/www.ghostysky.com\/es\/wp-json\/wp\/v2\/product"}],"about":[{"href":"https:\/\/www.ghostysky.com\/es\/wp-json\/wp\/v2\/types\/product"}],"replies":[{"embeddable":true,"href":"https:\/\/www.ghostysky.com\/es\/wp-json\/wp\/v2\/comments?post=24975"}],"wp:featuredmedia":[{"embeddable":true,"href":"https:\/\/www.ghostysky.com\/es\/wp-json\/wp\/v2\/media\/24980"}],"wp:attachment":[{"href":"https:\/\/www.ghostysky.com\/es\/wp-json\/wp\/v2\/media?parent=24975"}],"wp:term":[{"taxonomy":"product_brand","embeddable":true,"href":"https:\/\/www.ghostysky.com\/es\/wp-json\/wp\/v2\/product_brand?post=24975"},{"taxonomy":"product_cat","embeddable":true,"href":"https:\/\/www.ghostysky.com\/es\/wp-json\/wp\/v2\/product_cat?post=24975"},{"taxonomy":"product_tag","embeddable":true,"href":"https:\/\/www.ghostysky.com\/es\/wp-json\/wp\/v2\/product_tag?post=24975"}],"curies":[{"name":"wp","href":"https:\/\/api.w.org\/{rel}","templated":true}]}}