{"id":25121,"date":"2026-04-08T14:25:03","date_gmt":"2026-04-08T14:25:03","guid":{"rendered":"https:\/\/www.ghostysky.com\/?post_type=product&#038;p=25121"},"modified":"2026-04-08T15:40:52","modified_gmt":"2026-04-08T15:40:52","slug":"rayneo-air-3s-ar-glasses","status":"publish","type":"product","link":"https:\/\/www.ghostysky.com\/es\/product\/rayneo-air-3s-ar-glasses\/","title":{"rendered":"Gafas de realidad aumentada RayNeo Air 3s"},"content":{"rendered":"<h3 data-path-to-node=\"3\">Rendimiento visual: Su cine de 201 pulgadas<\/h3>\n<p id=\"p-rc_464658f7a34a3944-20\" data-path-to-node=\"4\"><span class=\"citation-39\">Las Air 3s no son solo un par de gafas; son un monitor port\u00e1til que simula una pantalla enorme. <\/span><b data-path-to-node=\"4\" data-index-in-node=\"90\"><span class=\"citation-39\">Pantalla de 201 pulgadas<\/span><\/b><span class=\"citation-39 citation-end-39\"> (Vista desde 6 metros de distancia).<\/span><\/p>\n<ul data-path-to-node=\"5\">\n<li>\n<p id=\"p-rc_464658f7a34a3944-21\" data-path-to-node=\"5,0,0\"><b data-path-to-node=\"5,0,0\" data-index-in-node=\"0\">Tecnolog\u00eda de visualizaci\u00f3n:<\/b><span class=\"citation-38\"> Utiliza doble <\/span><b data-path-to-node=\"5,0,0\" data-index-in-node=\"24\"><span class=\"citation-38\">Micro-OLED<\/span><\/b><span class=\"citation-38 citation-end-38\"> paneles (1920 x 1080 por ojo).<\/span><\/p>\n<\/li>\n<li>\n<p id=\"p-rc_464658f7a34a3944-22\" data-path-to-node=\"5,1,0\"><b data-path-to-node=\"5,1,0\" data-index-in-node=\"0\"><span class=\"citation-37\">Brillo:<\/span><\/b><span class=\"citation-37\"> El Air 3s est\u00e1ndar alcanza un respetable <\/span><b data-path-to-node=\"5,1,0\" data-index-in-node=\"51\"><span class=\"citation-37\">650 nits<\/span><\/b><span class=\"citation-37\">, mientras que el <\/span><b data-path-to-node=\"5,1,0\" data-index-in-node=\"71\"><span class=\"citation-37\">Versi\u00f3n Pro<\/span><\/b><span class=\"citation-37\"> salta a un nivel l\u00edder en su clase <\/span><b data-path-to-node=\"5,1,0\" data-index-in-node=\"108\"><span class=\"citation-37\">1200 nits<\/span><\/b><span class=\"citation-37 citation-end-37\">, lo que permite verlo incluso en habitaciones luminosas o cerca de las ventanas de los aviones.<\/span><\/p>\n<\/li>\n<li>\n<p id=\"p-rc_464658f7a34a3944-23\" data-path-to-node=\"5,2,0\"><b data-path-to-node=\"5,2,0\" data-index-in-node=\"0\"><span class=\"citation-36\">Frecuencia de actualizaci\u00f3n:<\/span><\/b><span class=\"citation-36\"> Un nativo <\/span><b data-path-to-node=\"5,2,0\" data-index-in-node=\"23\"><span class=\"citation-36\">Frecuencia de actualizaci\u00f3n de 120 Hz<\/span><\/b><span class=\"citation-36 citation-end-36\"> Garantiza un movimiento ultrasuave, algo crucial para los videojuegos AAA y las pel\u00edculas de acci\u00f3n trepidantes.<\/span><\/p>\n<\/li>\n<li>\n<p id=\"p-rc_464658f7a34a3944-24\" data-path-to-node=\"5,3,0\"><b data-path-to-node=\"5,3,0\" data-index-in-node=\"0\"><span class=\"citation-35\">Precisi\u00f3n del color:<\/span><\/b><span class=\"citation-35\"> Color de calidad profesional con <\/span><b data-path-to-node=\"5,3,0\" data-index-in-node=\"46\"><span class=\"citation-35\">98% DCI-P3<\/span><\/b><span class=\"citation-35 citation-end-35\"> cobertura y una <\/span><span class=\"math-inline\" data-math=\"\\Delta E &lt; 2\" data-index-in-node=\"72\">$\\Delta E &lt; 2$<\/span><span class=\"citation-34 citation-end-34\">, lo que significa que lo que ves es fiel a la visi\u00f3n del director.<\/span><\/p>\n<\/li>\n<\/ul>\n<h3 data-path-to-node=\"6\">Dise\u00f1o y comodidad: pensado para atracones de comida.<\/h3>\n<p data-path-to-node=\"7\">RayNeo se centr\u00f3 mucho en hacerlas lo suficientemente ligeras como para poder usarlas durante una marat\u00f3n completa de Marvel.<\/p>\n<ul data-path-to-node=\"8\">\n<li>\n<p id=\"p-rc_464658f7a34a3944-25\" data-path-to-node=\"8,0,0\"><b data-path-to-node=\"8,0,0\" data-index-in-node=\"0\"><span class=\"citation-33\">Peso pluma:<\/span><\/b><span class=\"citation-33\"> Solo pesaje <\/span><b data-path-to-node=\"8,0,0\" data-index-in-node=\"29\"><span class=\"citation-33\">76 g<\/span><\/b><span class=\"citation-33 citation-end-33\">, Son apenas m\u00e1s pesadas que unas gafas de sol de gama alta est\u00e1ndar.<\/span><\/p>\n<\/li>\n<li>\n<p id=\"p-rc_464658f7a34a3944-26\" data-path-to-node=\"8,1,0\"><b data-path-to-node=\"8,1,0\" data-index-in-node=\"0\"><span class=\"citation-32\">Distribuci\u00f3n del peso:<\/span><\/b><span class=\"citation-32\"> Un equilibrio <\/span><b data-path-to-node=\"8,1,0\" data-index-in-node=\"32\"><span class=\"citation-32\">46.7% : 53.3%<\/span><\/b><span class=\"citation-32 citation-end-32\"> La proporci\u00f3n entre la parte delantera y la trasera evita que las gafas se deslicen por la nariz.<\/span><\/p>\n<\/li>\n<li>\n<p id=\"p-rc_464658f7a34a3944-27\" data-path-to-node=\"8,2,0\"><b data-path-to-node=\"8,2,0\" data-index-in-node=\"0\">Ajuste personalizado:<\/b><span class=\"citation-31 citation-end-31\"> Cuenta con patillas ajustables en 9 niveles y almohadillas nasales en 3 niveles para adaptarse a casi cualquier forma de rostro.<\/span><\/p>\n<\/li>\n<li>\n<p id=\"p-rc_464658f7a34a3944-28\" data-path-to-node=\"8,3,0\"><b data-path-to-node=\"8,3,0\" data-index-in-node=\"0\">Cuidado de los ojos:<\/b><span class=\"citation-30\"> Certificado por T\u00dcV S\u00dcD para <\/span><b data-path-to-node=\"8,3,0\" data-index-in-node=\"35\"><span class=\"citation-30\">Luz azul baja<\/span><\/b><span class=\"citation-30\"> y <\/span><b data-path-to-node=\"8,3,0\" data-index-in-node=\"54\"><span class=\"citation-30\">Sin parpadeo<\/span><\/b><span class=\"citation-30 citation-end-30\"> Visualizaci\u00f3n mediante atenuaci\u00f3n PWM de alta frecuencia de 3840 Hz para reducir la fatiga visual.<\/span><\/p>\n<\/li>\n<\/ul>\n<h3 data-path-to-node=\"9\">Audio: Privado e inmersivo<\/h3>\n<p id=\"p-rc_464658f7a34a3944-29\" data-path-to-node=\"10\"><span class=\"citation-29\">El Air 3s cuenta con una caracter\u00edstica \u00fanica. <\/span><b data-path-to-node=\"10\" data-index-in-node=\"29\"><span class=\"citation-29\">sistema de cuatro altavoces<\/span><\/b><span class=\"citation-29 citation-end-29\"> integrados en los templos.<\/span><\/p>\n<ul data-path-to-node=\"11\">\n<li>\n<p id=\"p-rc_464658f7a34a3944-30\" data-path-to-node=\"11,0,0\"><b data-path-to-node=\"11,0,0\" data-index-in-node=\"0\"><span class=\"citation-28\">Modo Susurro\u2122:<\/span><\/b><span class=\"citation-28 citation-end-28\"> La avanzada tecnolog\u00eda de cancelaci\u00f3n de fase ac\u00fastica mantiene tu audio privado, garantizando que la persona sentada a tu lado en un autob\u00fas o avi\u00f3n no pueda o\u00edr lo que est\u00e1s viendo.<\/span><\/p>\n<\/li>\n<li>\n<p id=\"p-rc_464658f7a34a3944-31\" data-path-to-node=\"11,1,0\"><b data-path-to-node=\"11,1,0\" data-index-in-node=\"0\">Sonido envolvente 3D:<\/b><span class=\"citation-27 citation-end-27\"> Los algoritmos desarrollados internamente proporcionan un escenario sonoro m\u00e1s amplio para una experiencia de juego m\u00e1s inmersiva.<\/span><\/p>\n<\/li>\n<\/ul>\n<h3 data-path-to-node=\"12\">Conectividad y compatibilidad<\/h3>\n<p id=\"p-rc_464658f7a34a3944-32\" data-path-to-node=\"13\"><span class=\"citation-26\">Las gafas son &quot;plug-and-play&quot; con cualquier dispositivo que admita <\/span><b data-path-to-node=\"13\" data-index-in-node=\"62\"><span class=\"citation-26\">DisplayPort (DP) a trav\u00e9s de USB-C<\/span><\/b><span class=\"citation-26 citation-end-26\">:<\/span><\/p>\n<ul data-path-to-node=\"14\">\n<li>\n<p id=\"p-rc_464658f7a34a3944-33\" data-path-to-node=\"14,0,0\"><b data-path-to-node=\"14,0,0\" data-index-in-node=\"0\">Juego de azar:<\/b><span class=\"citation-25 citation-end-25\"> Compatibilidad nativa con Steam Deck, ROG Ally, PS5 y Nintendo Switch (con un adaptador).<\/span><\/p>\n<\/li>\n<li>\n<p id=\"p-rc_464658f7a34a3944-34\" data-path-to-node=\"14,1,0\"><b data-path-to-node=\"14,1,0\" data-index-in-node=\"0\"><span class=\"citation-24\">M\u00f3vil:<\/span><\/b><span class=\"citation-24 citation-end-24\"> Conexi\u00f3n directa para iPhone 15\/16\/17 y la mayor\u00eda de los tel\u00e9fonos Android de gama alta m\u00e1s recientes.<\/span><\/p>\n<\/li>\n<li>\n<p id=\"p-rc_464658f7a34a3944-35\" data-path-to-node=\"14,2,0\"><b data-path-to-node=\"14,2,0\" data-index-in-node=\"0\"><span class=\"citation-23\">Port\u00e1tiles:<\/span><\/b><span class=\"citation-23 citation-end-23\"> Funciona como un segundo monitor privado (o principal) para MacBooks y PCs con Windows.<\/span><\/p>\n<p>&nbsp;<\/li>\n<\/ul>\n<h3 data-path-to-node=\"16\">Comparaci\u00f3n r\u00e1pida de especificaciones<\/h3>\n<table data-path-to-node=\"17\">\n<thead>\n<tr>\n<td><strong>Caracter\u00edstica<\/strong><\/td>\n<td><strong>RayNeo Air 3s<\/strong><\/td>\n<td><strong>RayNeo Air 3s Pro<\/strong><\/td>\n<\/tr>\n<\/thead>\n<tbody>\n<tr>\n<td><span data-path-to-node=\"17,1,0,0\"><b data-path-to-node=\"17,1,0,0\" data-index-in-node=\"0\">Brillo m\u00e1ximo<\/b><\/span><\/td>\n<td><span data-path-to-node=\"17,1,1,0\">650 nits<\/span><\/td>\n<td><span data-path-to-node=\"17,1,2,0\">1200 nits<\/span><\/td>\n<\/tr>\n<tr>\n<td><span data-path-to-node=\"17,2,0,0\"><b data-path-to-node=\"17,2,0,0\" data-index-in-node=\"0\">Frecuencia de actualizaci\u00f3n<\/b><\/span><\/td>\n<td><span data-path-to-node=\"17,2,1,0\">120 Hz<\/span><\/td>\n<td><span data-path-to-node=\"17,2,2,0\">120 Hz<\/span><\/td>\n<\/tr>\n<tr>\n<td><span data-path-to-node=\"17,3,0,0\"><b data-path-to-node=\"17,3,0,0\" data-index-in-node=\"0\">Peso<\/b><\/span><\/td>\n<td><span data-path-to-node=\"17,3,1,0\">76 g<\/span><\/td>\n<td><span data-path-to-node=\"17,3,2,0\">76 g<\/span><\/td>\n<\/tr>\n<tr>\n<td><span data-path-to-node=\"17,4,0,0\"><b data-path-to-node=\"17,4,0,0\" data-index-in-node=\"0\">Relaci\u00f3n de contraste<\/b><\/span><\/td>\n<td><span data-path-to-node=\"17,4,1,0\">200,000:1<\/span><\/td>\n<td><span data-path-to-node=\"17,4,2,0\">200,000:1<\/span><\/td>\n<\/tr>\n<tr>\n<td><span data-path-to-node=\"17,5,0,0\"><b data-path-to-node=\"17,5,0,0\" data-index-in-node=\"0\">Precio (aprox.)<\/b><\/span><\/td>\n<td><span data-path-to-node=\"17,5,1,0\">Contactar con el departamento de ventas<\/span><\/td>\n<td><span data-path-to-node=\"17,5,1,0\">Contactar con el departamento de ventas<\/span><\/td>\n<\/tr>\n<\/tbody>\n<\/table>\n<blockquote data-path-to-node=\"18\">\n<p id=\"p-rc_464658f7a34a3944-36\" data-path-to-node=\"18,0\"><b data-path-to-node=\"18,0\" data-index-in-node=\"0\"><span class=\"citation-22\">Consejo profesional:<\/span><\/b><span class=\"citation-22 citation-end-22\"> Si usa gafas graduadas, deber\u00e1 pedir adaptadores magn\u00e9ticos para las lentes.<\/span> <span class=\"citation-21 citation-end-21\">A diferencia de algunos modelos m\u00e1s voluminosos, las Air 3s no tienen diales de dioptr\u00edas incorporados, lo que mantiene la montura delgada y elegante.<\/span><\/p>\n<\/blockquote>","protected":false},"excerpt":{"rendered":"<p><span class=\"citation-41\">El <\/span><b data-path-to-node=\"0\" data-index-in-node=\"4\"><span class=\"citation-41\">RayNeo Air 3s<\/span><\/b><span class=\"citation-41\"> (y su hermano ligeramente mejorado, el <\/span><b data-path-to-node=\"0\" data-index-in-node=\"58\"><span class=\"citation-41\">Air 3s Pro<\/span><\/b><span class=\"citation-41 citation-end-41\">) se consideran ampliamente el &quot;punto \u00f3ptimo&quot; para las gafas XR (Realidad Extendida) port\u00e1tiles.<\/span> <span class=\"citation-40 citation-end-40\">Lanzadas a mediados de 2025, priorizan una experiencia cinematogr\u00e1fica de alta gama y un rendimiento de juego superior, a la vez que siguen siendo significativamente m\u00e1s asequibles que sus competidores.<\/span><\/p>","protected":false},"featured_media":25122,"comment_status":"open","ping_status":"closed","template":"","meta":[],"product_brand":[1414],"product_cat":[1341,1413],"product_tag":[1415,1416],"class_list":{"0":"post-25121","1":"product","2":"type-product","3":"status-publish","4":"has-post-thumbnail","6":"product_brand-rayneo","7":"product_cat-ar-vr","8":"product_cat-rayneo","9":"product_tag-ar-glasses","10":"product_tag-rayneo","12":"first","13":"onbackorder","14":"taxable","15":"shipping-taxable","16":"product-type-simple"},"yoast_head":"<!-- This site is optimized with the Yoast SEO plugin v27.4 - https:\/\/yoast.com\/product\/yoast-seo-wordpress\/ -->\n<title>RayNeo Air 3s AR Glasses - Ghostysky<\/title>\n<meta name=\"description\" content=\"The RayNeo Air 3s (and its slightly upgraded sibling, the Air 3s Pro) are widely considered the &quot;sweet spot&quot; for portable XR (Extended Reality) glasses. Launched in mid-2025, they prioritize a high-end cinematic experience and gaming performance while remaining significantly more affordable than competitors.\" \/>\n<meta name=\"robots\" content=\"index, follow, max-snippet:-1, max-image-preview:large, max-video-preview:-1\" \/>\n<link rel=\"canonical\" href=\"https:\/\/www.ghostysky.com\/es\/producto-2\/rayneo-air-3s-ar-glasses\/\" \/>\n<meta property=\"og:locale\" content=\"es_ES\" \/>\n<meta property=\"og:type\" content=\"article\" \/>\n<meta property=\"og:title\" content=\"RayNeo Air 3s AR Glasses - Ghostysky\" \/>\n<meta property=\"og:description\" content=\"The RayNeo Air 3s (and its slightly upgraded sibling, the Air 3s Pro) are widely considered the &quot;sweet spot&quot; for portable XR (Extended Reality) glasses. Launched in mid-2025, they prioritize a high-end cinematic experience and gaming performance while remaining significantly more affordable than competitors.\" \/>\n<meta property=\"og:url\" content=\"https:\/\/www.ghostysky.com\/es\/producto-2\/rayneo-air-3s-ar-glasses\/\" \/>\n<meta property=\"og:site_name\" content=\"Ghostysky\" \/>\n<meta property=\"article:publisher\" content=\"https:\/\/www.facebook.com\/people\/Ghostysky\/100057676170234\/\" \/>\n<meta property=\"article:modified_time\" content=\"2026-04-08T15:40:52+00:00\" \/>\n<meta property=\"og:image\" content=\"https:\/\/www.ghostysky.com\/wp-content\/uploads\/2026\/04\/GH_Air-3s-AR-Glasses_1.webp\" \/>\n\t<meta property=\"og:image:width\" content=\"1600\" \/>\n\t<meta property=\"og:image:height\" content=\"1600\" \/>\n\t<meta property=\"og:image:type\" content=\"image\/webp\" \/>\n<meta name=\"twitter:card\" content=\"summary_large_image\" \/>\n<meta name=\"twitter:site\" content=\"@Gh0stysky\" \/>\n<meta name=\"twitter:label1\" content=\"Tiempo de lectura\" \/>\n\t<meta name=\"twitter:data1\" content=\"2 minutos\" \/>\n<script type=\"application\/ld+json\" class=\"yoast-schema-graph\">{\"@context\":\"https:\\\/\\\/schema.org\",\"@graph\":[{\"@type\":\"WebPage\",\"@id\":\"https:\\\/\\\/www.ghostysky.com\\\/product\\\/rayneo-air-3s-ar-glasses\\\/\",\"url\":\"https:\\\/\\\/www.ghostysky.com\\\/product\\\/rayneo-air-3s-ar-glasses\\\/\",\"name\":\"RayNeo Air 3s AR Glasses - Ghostysky\",\"isPartOf\":{\"@id\":\"https:\\\/\\\/www.ghostysky.com\\\/#website\"},\"primaryImageOfPage\":{\"@id\":\"https:\\\/\\\/www.ghostysky.com\\\/product\\\/rayneo-air-3s-ar-glasses\\\/#primaryimage\"},\"image\":{\"@id\":\"https:\\\/\\\/www.ghostysky.com\\\/product\\\/rayneo-air-3s-ar-glasses\\\/#primaryimage\"},\"thumbnailUrl\":\"https:\\\/\\\/www.ghostysky.com\\\/wp-content\\\/uploads\\\/2026\\\/04\\\/GH_Air-3s-AR-Glasses_1.webp\",\"datePublished\":\"2026-04-08T14:25:03+00:00\",\"dateModified\":\"2026-04-08T15:40:52+00:00\",\"description\":\"The RayNeo Air 3s (and its slightly upgraded sibling, the Air 3s Pro) are widely considered the \\\"sweet spot\\\" for portable XR (Extended Reality) glasses. Launched in mid-2025, they prioritize a high-end cinematic experience and gaming performance while remaining significantly more affordable than competitors.\",\"breadcrumb\":{\"@id\":\"https:\\\/\\\/www.ghostysky.com\\\/product\\\/rayneo-air-3s-ar-glasses\\\/#breadcrumb\"},\"inLanguage\":\"es\",\"potentialAction\":[{\"@type\":\"ReadAction\",\"target\":[\"https:\\\/\\\/www.ghostysky.com\\\/product\\\/rayneo-air-3s-ar-glasses\\\/\"]}]},{\"@type\":\"ImageObject\",\"inLanguage\":\"es\",\"@id\":\"https:\\\/\\\/www.ghostysky.com\\\/product\\\/rayneo-air-3s-ar-glasses\\\/#primaryimage\",\"url\":\"https:\\\/\\\/www.ghostysky.com\\\/wp-content\\\/uploads\\\/2026\\\/04\\\/GH_Air-3s-AR-Glasses_1.webp\",\"contentUrl\":\"https:\\\/\\\/www.ghostysky.com\\\/wp-content\\\/uploads\\\/2026\\\/04\\\/GH_Air-3s-AR-Glasses_1.webp\",\"width\":1600,\"height\":1600},{\"@type\":\"BreadcrumbList\",\"@id\":\"https:\\\/\\\/www.ghostysky.com\\\/product\\\/rayneo-air-3s-ar-glasses\\\/#breadcrumb\",\"itemListElement\":[{\"@type\":\"ListItem\",\"position\":1,\"name\":\"Home\",\"item\":\"https:\\\/\\\/www.ghostysky.com\\\/\"},{\"@type\":\"ListItem\",\"position\":2,\"name\":\"Shop\",\"item\":\"https:\\\/\\\/www.ghostysky.com\\\/shop\\\/\"},{\"@type\":\"ListItem\",\"position\":3,\"name\":\"RayNeo Air 3s AR Glasses\"}]},{\"@type\":\"WebSite\",\"@id\":\"https:\\\/\\\/www.ghostysky.com\\\/#website\",\"url\":\"https:\\\/\\\/www.ghostysky.com\\\/\",\"name\":\"Ghostysky\",\"description\":\"Delivering professional drones and services\",\"publisher\":{\"@id\":\"https:\\\/\\\/www.ghostysky.com\\\/#organization\"},\"potentialAction\":[{\"@type\":\"SearchAction\",\"target\":{\"@type\":\"EntryPoint\",\"urlTemplate\":\"https:\\\/\\\/www.ghostysky.com\\\/?s={search_term_string}\"},\"query-input\":{\"@type\":\"PropertyValueSpecification\",\"valueRequired\":true,\"valueName\":\"search_term_string\"}}],\"inLanguage\":\"es\"},{\"@type\":\"Organization\",\"@id\":\"https:\\\/\\\/www.ghostysky.com\\\/#organization\",\"name\":\"Ghostysky\",\"url\":\"https:\\\/\\\/www.ghostysky.com\\\/\",\"logo\":{\"@type\":\"ImageObject\",\"inLanguage\":\"es\",\"@id\":\"https:\\\/\\\/www.ghostysky.com\\\/#\\\/schema\\\/logo\\\/image\\\/\",\"url\":\"https:\\\/\\\/www.ghostysky.com\\\/wp-content\\\/uploads\\\/2020\\\/06\\\/cropped-ghostyskylogo_text_white2.png\",\"contentUrl\":\"https:\\\/\\\/www.ghostysky.com\\\/wp-content\\\/uploads\\\/2020\\\/06\\\/cropped-ghostyskylogo_text_white2.png\",\"width\":169,\"height\":56,\"caption\":\"Ghostysky\"},\"image\":{\"@id\":\"https:\\\/\\\/www.ghostysky.com\\\/#\\\/schema\\\/logo\\\/image\\\/\"},\"sameAs\":[\"https:\\\/\\\/www.facebook.com\\\/people\\\/Ghostysky\\\/100057676170234\\\/\",\"https:\\\/\\\/x.com\\\/Gh0stysky\",\"https:\\\/\\\/www.linkedin.com\\\/company\\\/34739653\",\"https:\\\/\\\/www.instagram.com\\\/gh0stysky\"]}]}<\/script>\n<!-- \/ Yoast SEO plugin. -->","yoast_head_json":{"title":"Gafas AR RayNeo Air 3s - Ghostysky","description":"Las RayNeo Air 3s (y su versi\u00f3n ligeramente mejorada, las Air 3s Pro) son consideradas por muchos como la opci\u00f3n ideal en gafas de realidad extendida (XR) port\u00e1tiles. Lanzadas a mediados de 2025, priorizan una experiencia cinematogr\u00e1fica de alta gama y un excelente rendimiento en juegos, manteniendo un precio considerablemente m\u00e1s asequible que sus competidoras.","robots":{"index":"index","follow":"follow","max-snippet":"max-snippet:-1","max-image-preview":"max-image-preview:large","max-video-preview":"max-video-preview:-1"},"canonical":"https:\/\/www.ghostysky.com\/es\/producto-2\/rayneo-air-3s-ar-glasses\/","og_locale":"es_ES","og_type":"article","og_title":"RayNeo Air 3s AR Glasses - Ghostysky","og_description":"The RayNeo Air 3s (and its slightly upgraded sibling, the Air 3s Pro) are widely considered the \"sweet spot\" for portable XR (Extended Reality) glasses. Launched in mid-2025, they prioritize a high-end cinematic experience and gaming performance while remaining significantly more affordable than competitors.","og_url":"https:\/\/www.ghostysky.com\/es\/producto-2\/rayneo-air-3s-ar-glasses\/","og_site_name":"Ghostysky","article_publisher":"https:\/\/www.facebook.com\/people\/Ghostysky\/100057676170234\/","article_modified_time":"2026-04-08T15:40:52+00:00","og_image":[{"width":1600,"height":1600,"url":"https:\/\/www.ghostysky.com\/wp-content\/uploads\/2026\/04\/GH_Air-3s-AR-Glasses_1.webp","type":"image\/webp"}],"twitter_card":"summary_large_image","twitter_site":"@Gh0stysky","twitter_misc":{"Tiempo de lectura":"2 minutos"},"schema":{"@context":"https:\/\/schema.org","@graph":[{"@type":"WebPage","@id":"https:\/\/www.ghostysky.com\/product\/rayneo-air-3s-ar-glasses\/","url":"https:\/\/www.ghostysky.com\/product\/rayneo-air-3s-ar-glasses\/","name":"Gafas AR RayNeo Air 3s - Ghostysky","isPartOf":{"@id":"https:\/\/www.ghostysky.com\/#website"},"primaryImageOfPage":{"@id":"https:\/\/www.ghostysky.com\/product\/rayneo-air-3s-ar-glasses\/#primaryimage"},"image":{"@id":"https:\/\/www.ghostysky.com\/product\/rayneo-air-3s-ar-glasses\/#primaryimage"},"thumbnailUrl":"https:\/\/www.ghostysky.com\/wp-content\/uploads\/2026\/04\/GH_Air-3s-AR-Glasses_1.webp","datePublished":"2026-04-08T14:25:03+00:00","dateModified":"2026-04-08T15:40:52+00:00","description":"Las RayNeo Air 3s (y su versi\u00f3n ligeramente mejorada, las Air 3s Pro) son consideradas por muchos como la opci\u00f3n ideal en gafas de realidad extendida (XR) port\u00e1tiles. Lanzadas a mediados de 2025, priorizan una experiencia cinematogr\u00e1fica de alta gama y un excelente rendimiento en juegos, manteniendo un precio considerablemente m\u00e1s asequible que sus competidoras.","breadcrumb":{"@id":"https:\/\/www.ghostysky.com\/product\/rayneo-air-3s-ar-glasses\/#breadcrumb"},"inLanguage":"es","potentialAction":[{"@type":"ReadAction","target":["https:\/\/www.ghostysky.com\/product\/rayneo-air-3s-ar-glasses\/"]}]},{"@type":"ImageObject","inLanguage":"es","@id":"https:\/\/www.ghostysky.com\/product\/rayneo-air-3s-ar-glasses\/#primaryimage","url":"https:\/\/www.ghostysky.com\/wp-content\/uploads\/2026\/04\/GH_Air-3s-AR-Glasses_1.webp","contentUrl":"https:\/\/www.ghostysky.com\/wp-content\/uploads\/2026\/04\/GH_Air-3s-AR-Glasses_1.webp","width":1600,"height":1600},{"@type":"BreadcrumbList","@id":"https:\/\/www.ghostysky.com\/product\/rayneo-air-3s-ar-glasses\/#breadcrumb","itemListElement":[{"@type":"ListItem","position":1,"name":"Home","item":"https:\/\/www.ghostysky.com\/"},{"@type":"ListItem","position":2,"name":"Shop","item":"https:\/\/www.ghostysky.com\/shop\/"},{"@type":"ListItem","position":3,"name":"RayNeo Air 3s AR Glasses"}]},{"@type":"WebSite","@id":"https:\/\/www.ghostysky.com\/#website","url":"https:\/\/www.ghostysky.com\/","name":"Ghostysky","description":"Entrega de drones y servicios profesionales","publisher":{"@id":"https:\/\/www.ghostysky.com\/#organization"},"potentialAction":[{"@type":"SearchAction","target":{"@type":"EntryPoint","urlTemplate":"https:\/\/www.ghostysky.com\/?s={search_term_string}"},"query-input":{"@type":"PropertyValueSpecification","valueRequired":true,"valueName":"search_term_string"}}],"inLanguage":"es"},{"@type":"Organization","@id":"https:\/\/www.ghostysky.com\/#organization","name":"Ghostysky","url":"https:\/\/www.ghostysky.com\/","logo":{"@type":"ImageObject","inLanguage":"es","@id":"https:\/\/www.ghostysky.com\/#\/schema\/logo\/image\/","url":"https:\/\/www.ghostysky.com\/wp-content\/uploads\/2020\/06\/cropped-ghostyskylogo_text_white2.png","contentUrl":"https:\/\/www.ghostysky.com\/wp-content\/uploads\/2020\/06\/cropped-ghostyskylogo_text_white2.png","width":169,"height":56,"caption":"Ghostysky"},"image":{"@id":"https:\/\/www.ghostysky.com\/#\/schema\/logo\/image\/"},"sameAs":["https:\/\/www.facebook.com\/people\/Ghostysky\/100057676170234\/","https:\/\/x.com\/Gh0stysky","https:\/\/www.linkedin.com\/company\/34739653","https:\/\/www.instagram.com\/gh0stysky"]}]}},"_links":{"self":[{"href":"https:\/\/www.ghostysky.com\/es\/wp-json\/wp\/v2\/product\/25121","targetHints":{"allow":["GET"]}}],"collection":[{"href":"https:\/\/www.ghostysky.com\/es\/wp-json\/wp\/v2\/product"}],"about":[{"href":"https:\/\/www.ghostysky.com\/es\/wp-json\/wp\/v2\/types\/product"}],"replies":[{"embeddable":true,"href":"https:\/\/www.ghostysky.com\/es\/wp-json\/wp\/v2\/comments?post=25121"}],"version-history":[{"count":1,"href":"https:\/\/www.ghostysky.com\/es\/wp-json\/wp\/v2\/product\/25121\/revisions"}],"predecessor-version":[{"id":25127,"href":"https:\/\/www.ghostysky.com\/es\/wp-json\/wp\/v2\/product\/25121\/revisions\/25127"}],"wp:featuredmedia":[{"embeddable":true,"href":"https:\/\/www.ghostysky.com\/es\/wp-json\/wp\/v2\/media\/25122"}],"wp:attachment":[{"href":"https:\/\/www.ghostysky.com\/es\/wp-json\/wp\/v2\/media?parent=25121"}],"wp:term":[{"taxonomy":"product_brand","embeddable":true,"href":"https:\/\/www.ghostysky.com\/es\/wp-json\/wp\/v2\/product_brand?post=25121"},{"taxonomy":"product_cat","embeddable":true,"href":"https:\/\/www.ghostysky.com\/es\/wp-json\/wp\/v2\/product_cat?post=25121"},{"taxonomy":"product_tag","embeddable":true,"href":"https:\/\/www.ghostysky.com\/es\/wp-json\/wp\/v2\/product_tag?post=25121"}],"curies":[{"name":"wp","href":"https:\/\/api.w.org\/{rel}","templated":true}]}}