{"id":25126,"date":"2026-04-08T14:36:57","date_gmt":"2026-04-08T14:36:57","guid":{"rendered":"https:\/\/www.ghostysky.com\/?post_type=product&#038;p=25126"},"modified":"2026-04-08T15:51:36","modified_gmt":"2026-04-08T15:51:36","slug":"rayneo-air-2s-ar-glasses","status":"publish","type":"product","link":"https:\/\/www.ghostysky.com\/es\/product\/rayneo-air-2s-ar-glasses\/","title":{"rendered":"Gafas de realidad aumentada RayNeo Air 2s"},"content":{"rendered":"<h3 data-path-to-node=\"2\">Especificaciones b\u00e1sicas<\/h3>\n<table data-path-to-node=\"3\">\n<thead>\n<tr>\n<td><strong>Caracter\u00edstica<\/strong><\/td>\n<td><strong>Especificaci\u00f3n<\/strong><\/td>\n<\/tr>\n<\/thead>\n<tbody>\n<tr>\n<td><span data-path-to-node=\"3,1,0,0\"><b data-path-to-node=\"3,1,0,0\" data-index-in-node=\"0\">Mostrar<\/b><\/span><\/td>\n<td><span data-path-to-node=\"3,1,1,0\">Doble pantalla Micro OLED de Sony<\/span><\/td>\n<\/tr>\n<tr>\n<td><span data-path-to-node=\"3,2,0,0\"><b data-path-to-node=\"3,2,0,0\" data-index-in-node=\"0\">Resoluci\u00f3n<\/b><\/span><\/td>\n<td><span data-path-to-node=\"3,2,1,0\">1920 x 1080 por ojo (3840 x 1080 en modo 3D)<\/span><\/td>\n<\/tr>\n<tr>\n<td><span data-path-to-node=\"3,3,0,0\"><b data-path-to-node=\"3,3,0,0\" data-index-in-node=\"0\">Pantalla virtual<\/b><\/span><\/td>\n<td><span data-path-to-node=\"3,3,1,0\">Equivalente a 201 pulgadas (percibido a 6 metros)<\/span><\/td>\n<\/tr>\n<tr>\n<td><span data-path-to-node=\"3,4,0,0\"><b data-path-to-node=\"3,4,0,0\" data-index-in-node=\"0\">Frecuencia de actualizaci\u00f3n<\/b><\/span><\/td>\n<td><span data-path-to-node=\"3,4,1,0\">120 Hz (modo juego) \/ 60 Hz (est\u00e1ndar)<\/span><\/td>\n<\/tr>\n<tr>\n<td><span data-path-to-node=\"3,5,0,0\"><b data-path-to-node=\"3,5,0,0\" data-index-in-node=\"0\">Brillo m\u00e1ximo<\/b><\/span><\/td>\n<td><span data-path-to-node=\"3,5,1,0\">600 nits (ajuste de 10 niveles)<\/span><\/td>\n<\/tr>\n<tr>\n<td><span data-path-to-node=\"3,6,0,0\"><b data-path-to-node=\"3,6,0,0\" data-index-in-node=\"0\">Peso<\/b><\/span><\/td>\n<td><span data-path-to-node=\"3,6,1,0\">~78 gramos<\/span><\/td>\n<\/tr>\n<tr>\n<td><span data-path-to-node=\"3,7,0,0\"><b data-path-to-node=\"3,7,0,0\" data-index-in-node=\"0\">Campo de visi\u00f3n<\/b><\/span><\/td>\n<td><span data-path-to-node=\"3,7,1,0\">46\u00b0<\/span><\/td>\n<\/tr>\n<tr>\n<td><span data-path-to-node=\"3,8,0,0\"><b data-path-to-node=\"3,8,0,0\" data-index-in-node=\"0\">PPD<\/b><\/span><\/td>\n<td><span data-path-to-node=\"3,8,1,0\">49 p\u00edxeles por grado<\/span><\/td>\n<\/tr>\n<\/tbody>\n<\/table>\n<p>&nbsp;<\/p>\n<h3 data-path-to-node=\"5\">Aspectos destacados<\/h3>\n<h4 data-path-to-node=\"6\">1. Enorme pantalla virtual de 201 pulgadas<\/h4>\n<p id=\"p-rc_fc3382045d936fe3-66\" data-path-to-node=\"7\"><span class=\"citation-179 citation-end-179\">El Air 2s utiliza la tecnolog\u00eda Micro OLED de Sony para proyectar una enorme pantalla virtual que da la sensaci\u00f3n de estar sentado en una sala de cine.<\/span> <span class=\"citation-178 citation-end-178\">Gracias a su alta relaci\u00f3n de contraste (100.000:1) y a su gama de colores sRGB de 108%, las im\u00e1genes son v\u00edvidas, n\u00edtidas y ofrecen negros profundos que las pantallas LCD est\u00e1ndar no pueden igualar.<\/span><\/p>\n<h4 data-path-to-node=\"8\">2. <span class=\"citation-177 citation-end-177\">Juegos ultra fluidos a 120 Hz<\/span><\/h4>\n<p id=\"p-rc_fc3382045d936fe3-67\" data-path-to-node=\"9\"><span class=\"citation-176\">A diferencia de muchas gafas de realidad aumentada de nivel b\u00e1sico, las Air 2s admiten una <\/span><b data-path-to-node=\"9\" data-index-in-node=\"58\"><span class=\"citation-176\">Frecuencia de actualizaci\u00f3n de 120 Hz<\/span><\/b><span class=\"citation-176 citation-end-176\">.<\/span> <span class=\"citation-175\">Esto lo convierte en un compa\u00f1ero ideal para consolas port\u00e1tiles como la <\/span><b data-path-to-node=\"9\" data-index-in-node=\"142\"><span class=\"citation-175\">Steam Deck, ROG Ally y Nintendo Switch<\/span><\/b><span class=\"citation-175\">, o para conectarse a un <\/span><b data-path-to-node=\"9\" data-index-in-node=\"208\"><span class=\"citation-175\">PS5\/Xbox<\/span><\/b><span class=\"citation-175 citation-end-175\"> Para una experiencia de juego fluida y sin interrupciones.<\/span><\/p>\n<h4 data-path-to-node=\"10\">3. <span class=\"citation-174 citation-end-174\">Audio mejorado con cuatro altavoces<\/span><\/h4>\n<p id=\"p-rc_fc3382045d936fe3-68\" data-path-to-node=\"11\"><span class=\"citation-173\">Una de las mejoras m\u00e1s destacadas con respecto al RayNeo Air 2 original es la <\/span><b data-path-to-node=\"11\" data-index-in-node=\"71\"><span class=\"citation-173\">sistema sim\u00e9trico de cuatro altavoces<\/span><\/b><span class=\"citation-173 citation-end-173\">.<\/span> <span class=\"citation-172 citation-end-172\">Proporciona un aumento en el rango din\u00e1mico (400%), ofreciendo un sonido est\u00e9reo sorprendentemente rico.<\/span> Para la privacidad, el <b data-path-to-node=\"11\" data-index-in-node=\"207\">Modo Susurro 2.0<\/b> Utiliza tecnolog\u00eda de cancelaci\u00f3n de fase para garantizar que solo usted escuche el audio, incluso en entornos silenciosos.<\/p>\n<h4 data-path-to-node=\"12\">4. <span class=\"citation-171 citation-end-171\">Dise\u00f1o ergon\u00f3mico \u201cFlexiFit\u201d<\/span><\/h4>\n<p id=\"p-rc_fc3382045d936fe3-69\" data-path-to-node=\"13\"><span class=\"citation-170 citation-end-170\">Con un peso de tan solo 78 g (aproximadamente el peso de dos pares de gafas de sol est\u00e1ndar), estas gafas est\u00e1n dise\u00f1adas para ofrecer comodidad a largo plazo.<\/span><\/p>\n<ul data-path-to-node=\"14\">\n<li>\n<p id=\"p-rc_fc3382045d936fe3-70\" data-path-to-node=\"14,0,0\"><b data-path-to-node=\"14,0,0\" data-index-in-node=\"0\"><span class=\"citation-169\">FlexiFit de 9 puntos:<\/span><\/b><span class=\"citation-169 citation-end-169\"> Las patillas y las almohadillas nasales ajustables permiten inclinar las pantallas para conseguir el \u00e1ngulo de visi\u00f3n perfecto.<\/span><\/p>\n<\/li>\n<li>\n<p id=\"p-rc_fc3382045d936fe3-71\" data-path-to-node=\"14,1,0\"><b data-path-to-node=\"14,1,0\" data-index-in-node=\"0\">Certificado por T\u00dcV Rheinland:<\/b><span class=\"citation-168 citation-end-168\"> Cuenta con certificaciones de baja emisi\u00f3n de luz azul y sin parpadeo para reducir la fatiga visual durante las sesiones de visionado intensivo.<\/span><\/p>\n<\/li>\n<\/ul>\n<h4 data-path-to-node=\"15\">5. Conectividad Plug-and-Play<\/h4>\n<p id=\"p-rc_fc3382045d936fe3-72\" data-path-to-node=\"16\"><span class=\"citation-167\">Las gafas se conectan mediante un \u00fanico <\/span><b data-path-to-node=\"16\" data-index-in-node=\"33\"><span class=\"citation-167\">USB-C (Modo alternativo DisplayPort)<\/span><\/b><span class=\"citation-167 citation-end-167\"> cable.<\/span><\/p>\n<ul data-path-to-node=\"17\">\n<li>\n<p id=\"p-rc_fc3382045d936fe3-73\" data-path-to-node=\"17,0,0\"><b data-path-to-node=\"17,0,0\" data-index-in-node=\"0\"><span class=\"citation-166\">Compatible con:<\/span><\/b><span class=\"citation-166 citation-end-166\"> iPhone de las series 15\/16, tel\u00e9fonos Android de gama alta, MacBooks, iPads y port\u00e1tiles con Windows.<\/span><\/p>\n<\/li>\n<li>\n<p id=\"p-rc_fc3382045d936fe3-74\" data-path-to-node=\"17,1,0\"><b data-path-to-node=\"17,1,0\" data-index-in-node=\"0\">Nota:<\/b><span class=\"citation-165 citation-end-165\"> Los iPhones m\u00e1s antiguos o las consolas que solo tienen entrada HDMI (como la base original de Nintendo Switch) requieren el RayNeo MiraScreen o un adaptador espec\u00edfico.<\/span><\/p>\n<p>&nbsp;<\/li>\n<\/ul>\n<h3 data-path-to-node=\"19\">Aspectos a tener en cuenta<\/h3>\n<ul data-path-to-node=\"20\">\n<li>\n<p id=\"p-rc_fc3382045d936fe3-75\" data-path-to-node=\"20,0,0\"><b data-path-to-node=\"20,0,0\" data-index-in-node=\"0\"><span class=\"citation-164 citation-end-164\">Sin bater\u00eda incorporada:<\/span><\/b><span class=\"citation-163 citation-end-163\"> Las gafas obtienen la energ\u00eda directamente del dispositivo conectado.<\/span><\/p>\n<\/li>\n<li>\n<p id=\"p-rc_fc3382045d936fe3-76\" data-path-to-node=\"20,1,0\"><b data-path-to-node=\"20,1,0\" data-index-in-node=\"0\">Fugas de luz:<\/b> A diferencia de los cascos de realidad virtual, estos son abiertos por los lados. <span class=\"citation-162 citation-end-162\">Si bien son oscuras, no cuentan con una protecci\u00f3n total contra la luz, por lo que las habitaciones luminosas pueden descolorir ligeramente la imagen a menos que utilice una cubierta de terceros.<\/span><\/p>\n<\/li>\n<li>\n<p id=\"p-rc_fc3382045d936fe3-77\" data-path-to-node=\"20,2,0\"><b data-path-to-node=\"20,2,0\" data-index-in-node=\"0\"><span class=\"citation-161 interactive-span-hovered\">Necesidades de prescripci\u00f3n:<\/span><\/b><span class=\"citation-161 citation-end-161 interactive-span-hovered\"> Si usa gafas, las Air 2s no tienen ajuste de dioptr\u00edas incorporado; necesitar\u00e1 usar la montura para lentes graduadas incluida para que le fabriquen las lentes en una \u00f3ptica.<\/span><\/p>\n<\/li>\n<\/ul>","protected":false},"excerpt":{"rendered":"<p><span class=\"citation-180 interactive-span-hovered\">El <\/span><b data-path-to-node=\"0\" data-index-in-node=\"4\"><span class=\"citation-180 interactive-span-hovered\">RayNeo Air 2s<\/span><\/b><span class=\"citation-180 citation-end-180 interactive-span-hovered\"> (de TCL) son unas gafas XR (Realidad Extendida) ligeras dise\u00f1adas para funcionar como un monitor port\u00e1til de alta definici\u00f3n.<\/span> Lanzados a mediados de 2024, se posicionan como un &quot;cine privado&quot; y una pantalla de juegos de alto rendimiento que cabe en el bolsillo.<\/p>","protected":false},"featured_media":25140,"comment_status":"open","ping_status":"closed","template":"","meta":[],"product_brand":[1414],"product_cat":[1341,1413],"product_tag":[1415,1416],"class_list":{"0":"post-25126","1":"product","2":"type-product","3":"status-publish","4":"has-post-thumbnail","6":"product_brand-rayneo","7":"product_cat-ar-vr","8":"product_cat-rayneo","9":"product_tag-ar-glasses","10":"product_tag-rayneo","12":"first","13":"onbackorder","14":"taxable","15":"shipping-taxable","16":"product-type-simple"},"yoast_head":"<!-- This site is optimized with the Yoast SEO plugin v27.1.1 - https:\/\/yoast.com\/product\/yoast-seo-wordpress\/ -->\n<title>RayNeo Air 2s AR Glasses - Ghostysky<\/title>\n<meta name=\"description\" content=\"The RayNeo Air 2s (by TCL) is a pair of lightweight XR (Extended Reality) glasses designed to function as a portable, high-definition wearable monitor. Launched in mid-2024, they are positioned as a &quot;private cinema&quot; and a high-performance gaming display that fits in your pocket.\" \/>\n<meta name=\"robots\" content=\"index, follow, max-snippet:-1, max-image-preview:large, max-video-preview:-1\" \/>\n<link rel=\"canonical\" href=\"https:\/\/www.ghostysky.com\/es\/producto-2\/rayneo-air-2s-ar-glasses\/\" \/>\n<meta property=\"og:locale\" content=\"es_ES\" \/>\n<meta property=\"og:type\" content=\"article\" \/>\n<meta property=\"og:title\" content=\"RayNeo Air 2s AR Glasses - Ghostysky\" \/>\n<meta property=\"og:description\" content=\"The RayNeo Air 2s (by TCL) is a pair of lightweight XR (Extended Reality) glasses designed to function as a portable, high-definition wearable monitor. Launched in mid-2024, they are positioned as a &quot;private cinema&quot; and a high-performance gaming display that fits in your pocket.\" \/>\n<meta property=\"og:url\" content=\"https:\/\/www.ghostysky.com\/es\/producto-2\/rayneo-air-2s-ar-glasses\/\" \/>\n<meta property=\"og:site_name\" content=\"Ghostysky\" \/>\n<meta property=\"article:publisher\" content=\"https:\/\/www.facebook.com\/people\/Ghostysky\/100057676170234\/\" \/>\n<meta property=\"article:modified_time\" content=\"2026-04-08T15:51:36+00:00\" \/>\n<meta property=\"og:image\" content=\"https:\/\/www.ghostysky.com\/wp-content\/uploads\/2026\/04\/GH_RayNeo-Air-2s-AR-Glasses_1.webp\" \/>\n\t<meta property=\"og:image:width\" content=\"1600\" \/>\n\t<meta property=\"og:image:height\" content=\"1600\" \/>\n\t<meta property=\"og:image:type\" content=\"image\/webp\" \/>\n<meta name=\"twitter:card\" content=\"summary_large_image\" \/>\n<meta name=\"twitter:site\" content=\"@Gh0stysky\" \/>\n<meta name=\"twitter:label1\" content=\"Tiempo de lectura\" \/>\n\t<meta name=\"twitter:data1\" content=\"2 minutos\" \/>\n<script type=\"application\/ld+json\" class=\"yoast-schema-graph\">{\"@context\":\"https:\/\/schema.org\",\"@graph\":[{\"@type\":\"WebPage\",\"@id\":\"https:\/\/www.ghostysky.com\/product\/rayneo-air-2s-ar-glasses\/\",\"url\":\"https:\/\/www.ghostysky.com\/product\/rayneo-air-2s-ar-glasses\/\",\"name\":\"RayNeo Air 2s AR Glasses - Ghostysky\",\"isPartOf\":{\"@id\":\"https:\/\/www.ghostysky.com\/#website\"},\"primaryImageOfPage\":{\"@id\":\"https:\/\/www.ghostysky.com\/product\/rayneo-air-2s-ar-glasses\/#primaryimage\"},\"image\":{\"@id\":\"https:\/\/www.ghostysky.com\/product\/rayneo-air-2s-ar-glasses\/#primaryimage\"},\"thumbnailUrl\":\"https:\/\/www.ghostysky.com\/wp-content\/uploads\/2026\/04\/GH_RayNeo-Air-2s-AR-Glasses_1.webp\",\"datePublished\":\"2026-04-08T14:36:57+00:00\",\"dateModified\":\"2026-04-08T15:51:36+00:00\",\"description\":\"The RayNeo Air 2s (by TCL) is a pair of lightweight XR (Extended Reality) glasses designed to function as a portable, high-definition wearable monitor. Launched in mid-2024, they are positioned as a \\\"private cinema\\\" and a high-performance gaming display that fits in your pocket.\",\"breadcrumb\":{\"@id\":\"https:\/\/www.ghostysky.com\/product\/rayneo-air-2s-ar-glasses\/#breadcrumb\"},\"inLanguage\":\"es\",\"potentialAction\":[{\"@type\":\"ReadAction\",\"target\":[\"https:\/\/www.ghostysky.com\/product\/rayneo-air-2s-ar-glasses\/\"]}]},{\"@type\":\"ImageObject\",\"inLanguage\":\"es\",\"@id\":\"https:\/\/www.ghostysky.com\/product\/rayneo-air-2s-ar-glasses\/#primaryimage\",\"url\":\"https:\/\/www.ghostysky.com\/wp-content\/uploads\/2026\/04\/GH_RayNeo-Air-2s-AR-Glasses_1.webp\",\"contentUrl\":\"https:\/\/www.ghostysky.com\/wp-content\/uploads\/2026\/04\/GH_RayNeo-Air-2s-AR-Glasses_1.webp\",\"width\":1600,\"height\":1600},{\"@type\":\"BreadcrumbList\",\"@id\":\"https:\/\/www.ghostysky.com\/product\/rayneo-air-2s-ar-glasses\/#breadcrumb\",\"itemListElement\":[{\"@type\":\"ListItem\",\"position\":1,\"name\":\"Home\",\"item\":\"https:\/\/www.ghostysky.com\/\"},{\"@type\":\"ListItem\",\"position\":2,\"name\":\"Shop\",\"item\":\"https:\/\/www.ghostysky.com\/shop\/\"},{\"@type\":\"ListItem\",\"position\":3,\"name\":\"RayNeo Air 2s AR Glasses\"}]},{\"@type\":\"WebSite\",\"@id\":\"https:\/\/www.ghostysky.com\/#website\",\"url\":\"https:\/\/www.ghostysky.com\/\",\"name\":\"Ghostysky\",\"description\":\"Delivering professional drones and services\",\"publisher\":{\"@id\":\"https:\/\/www.ghostysky.com\/#organization\"},\"potentialAction\":[{\"@type\":\"SearchAction\",\"target\":{\"@type\":\"EntryPoint\",\"urlTemplate\":\"https:\/\/www.ghostysky.com\/?s={search_term_string}\"},\"query-input\":{\"@type\":\"PropertyValueSpecification\",\"valueRequired\":true,\"valueName\":\"search_term_string\"}}],\"inLanguage\":\"es\"},{\"@type\":\"Organization\",\"@id\":\"https:\/\/www.ghostysky.com\/#organization\",\"name\":\"Ghostysky\",\"url\":\"https:\/\/www.ghostysky.com\/\",\"logo\":{\"@type\":\"ImageObject\",\"inLanguage\":\"es\",\"@id\":\"https:\/\/www.ghostysky.com\/#\/schema\/logo\/image\/\",\"url\":\"https:\/\/www.ghostysky.com\/wp-content\/uploads\/2020\/06\/cropped-ghostyskylogo_text_white2.png\",\"contentUrl\":\"https:\/\/www.ghostysky.com\/wp-content\/uploads\/2020\/06\/cropped-ghostyskylogo_text_white2.png\",\"width\":169,\"height\":56,\"caption\":\"Ghostysky\"},\"image\":{\"@id\":\"https:\/\/www.ghostysky.com\/#\/schema\/logo\/image\/\"},\"sameAs\":[\"https:\/\/www.facebook.com\/people\/Ghostysky\/100057676170234\/\",\"https:\/\/x.com\/Gh0stysky\",\"https:\/\/www.linkedin.com\/company\/34739653\",\"https:\/\/www.instagram.com\/gh0stysky\"]}]}<\/script>\n<!-- \/ Yoast SEO plugin. -->","yoast_head_json":{"title":"Gafas de realidad aumentada RayNeo Air 2s - Ghostysky","description":"Las RayNeo Air 2s (de TCL) son unas gafas XR (Realidad Extendida) ligeras dise\u00f1adas para funcionar como un monitor port\u00e1til de alta definici\u00f3n. Lanzadas a mediados de 2024, se posicionan como un &quot;cine privado&quot; y una pantalla de juegos de alto rendimiento que cabe en el bolsillo.","robots":{"index":"index","follow":"follow","max-snippet":"max-snippet:-1","max-image-preview":"max-image-preview:large","max-video-preview":"max-video-preview:-1"},"canonical":"https:\/\/www.ghostysky.com\/es\/producto-2\/rayneo-air-2s-ar-glasses\/","og_locale":"es_ES","og_type":"article","og_title":"RayNeo Air 2s AR Glasses - Ghostysky","og_description":"The RayNeo Air 2s (by TCL) is a pair of lightweight XR (Extended Reality) glasses designed to function as a portable, high-definition wearable monitor. Launched in mid-2024, they are positioned as a \"private cinema\" and a high-performance gaming display that fits in your pocket.","og_url":"https:\/\/www.ghostysky.com\/es\/producto-2\/rayneo-air-2s-ar-glasses\/","og_site_name":"Ghostysky","article_publisher":"https:\/\/www.facebook.com\/people\/Ghostysky\/100057676170234\/","article_modified_time":"2026-04-08T15:51:36+00:00","og_image":[{"width":1600,"height":1600,"url":"https:\/\/www.ghostysky.com\/wp-content\/uploads\/2026\/04\/GH_RayNeo-Air-2s-AR-Glasses_1.webp","type":"image\/webp"}],"twitter_card":"summary_large_image","twitter_site":"@Gh0stysky","twitter_misc":{"Tiempo de lectura":"2 minutos"},"schema":{"@context":"https:\/\/schema.org","@graph":[{"@type":"WebPage","@id":"https:\/\/www.ghostysky.com\/product\/rayneo-air-2s-ar-glasses\/","url":"https:\/\/www.ghostysky.com\/product\/rayneo-air-2s-ar-glasses\/","name":"Gafas de realidad aumentada RayNeo Air 2s - Ghostysky","isPartOf":{"@id":"https:\/\/www.ghostysky.com\/#website"},"primaryImageOfPage":{"@id":"https:\/\/www.ghostysky.com\/product\/rayneo-air-2s-ar-glasses\/#primaryimage"},"image":{"@id":"https:\/\/www.ghostysky.com\/product\/rayneo-air-2s-ar-glasses\/#primaryimage"},"thumbnailUrl":"https:\/\/www.ghostysky.com\/wp-content\/uploads\/2026\/04\/GH_RayNeo-Air-2s-AR-Glasses_1.webp","datePublished":"2026-04-08T14:36:57+00:00","dateModified":"2026-04-08T15:51:36+00:00","description":"Las RayNeo Air 2s (de TCL) son unas gafas XR (Realidad Extendida) ligeras dise\u00f1adas para funcionar como un monitor port\u00e1til de alta definici\u00f3n. Lanzadas a mediados de 2024, se posicionan como un &quot;cine privado&quot; y una pantalla de juegos de alto rendimiento que cabe en el bolsillo.","breadcrumb":{"@id":"https:\/\/www.ghostysky.com\/product\/rayneo-air-2s-ar-glasses\/#breadcrumb"},"inLanguage":"es","potentialAction":[{"@type":"ReadAction","target":["https:\/\/www.ghostysky.com\/product\/rayneo-air-2s-ar-glasses\/"]}]},{"@type":"ImageObject","inLanguage":"es","@id":"https:\/\/www.ghostysky.com\/product\/rayneo-air-2s-ar-glasses\/#primaryimage","url":"https:\/\/www.ghostysky.com\/wp-content\/uploads\/2026\/04\/GH_RayNeo-Air-2s-AR-Glasses_1.webp","contentUrl":"https:\/\/www.ghostysky.com\/wp-content\/uploads\/2026\/04\/GH_RayNeo-Air-2s-AR-Glasses_1.webp","width":1600,"height":1600},{"@type":"BreadcrumbList","@id":"https:\/\/www.ghostysky.com\/product\/rayneo-air-2s-ar-glasses\/#breadcrumb","itemListElement":[{"@type":"ListItem","position":1,"name":"Home","item":"https:\/\/www.ghostysky.com\/"},{"@type":"ListItem","position":2,"name":"Shop","item":"https:\/\/www.ghostysky.com\/shop\/"},{"@type":"ListItem","position":3,"name":"RayNeo Air 2s AR Glasses"}]},{"@type":"WebSite","@id":"https:\/\/www.ghostysky.com\/#website","url":"https:\/\/www.ghostysky.com\/","name":"Ghostysky","description":"Entrega de drones y servicios profesionales","publisher":{"@id":"https:\/\/www.ghostysky.com\/#organization"},"potentialAction":[{"@type":"SearchAction","target":{"@type":"EntryPoint","urlTemplate":"https:\/\/www.ghostysky.com\/?s={search_term_string}"},"query-input":{"@type":"PropertyValueSpecification","valueRequired":true,"valueName":"search_term_string"}}],"inLanguage":"es"},{"@type":"Organization","@id":"https:\/\/www.ghostysky.com\/#organization","name":"Ghostysky","url":"https:\/\/www.ghostysky.com\/","logo":{"@type":"ImageObject","inLanguage":"es","@id":"https:\/\/www.ghostysky.com\/#\/schema\/logo\/image\/","url":"https:\/\/www.ghostysky.com\/wp-content\/uploads\/2020\/06\/cropped-ghostyskylogo_text_white2.png","contentUrl":"https:\/\/www.ghostysky.com\/wp-content\/uploads\/2020\/06\/cropped-ghostyskylogo_text_white2.png","width":169,"height":56,"caption":"Ghostysky"},"image":{"@id":"https:\/\/www.ghostysky.com\/#\/schema\/logo\/image\/"},"sameAs":["https:\/\/www.facebook.com\/people\/Ghostysky\/100057676170234\/","https:\/\/x.com\/Gh0stysky","https:\/\/www.linkedin.com\/company\/34739653","https:\/\/www.instagram.com\/gh0stysky"]}]}},"_links":{"self":[{"href":"https:\/\/www.ghostysky.com\/es\/wp-json\/wp\/v2\/product\/25126","targetHints":{"allow":["GET"]}}],"collection":[{"href":"https:\/\/www.ghostysky.com\/es\/wp-json\/wp\/v2\/product"}],"about":[{"href":"https:\/\/www.ghostysky.com\/es\/wp-json\/wp\/v2\/types\/product"}],"replies":[{"embeddable":true,"href":"https:\/\/www.ghostysky.com\/es\/wp-json\/wp\/v2\/comments?post=25126"}],"wp:featuredmedia":[{"embeddable":true,"href":"https:\/\/www.ghostysky.com\/es\/wp-json\/wp\/v2\/media\/25140"}],"wp:attachment":[{"href":"https:\/\/www.ghostysky.com\/es\/wp-json\/wp\/v2\/media?parent=25126"}],"wp:term":[{"taxonomy":"product_brand","embeddable":true,"href":"https:\/\/www.ghostysky.com\/es\/wp-json\/wp\/v2\/product_brand?post=25126"},{"taxonomy":"product_cat","embeddable":true,"href":"https:\/\/www.ghostysky.com\/es\/wp-json\/wp\/v2\/product_cat?post=25126"},{"taxonomy":"product_tag","embeddable":true,"href":"https:\/\/www.ghostysky.com\/es\/wp-json\/wp\/v2\/product_tag?post=25126"}],"curies":[{"name":"wp","href":"https:\/\/api.w.org\/{rel}","templated":true}]}}