{"id":25147,"date":"2026-04-08T16:24:54","date_gmt":"2026-04-08T16:24:54","guid":{"rendered":"https:\/\/www.ghostysky.com\/?post_type=product&#038;p=25147"},"modified":"2026-04-11T07:26:35","modified_gmt":"2026-04-11T07:26:35","slug":"rayneo-x3-pro-aiar-smart-glasses","status":"publish","type":"product","link":"https:\/\/www.ghostysky.com\/es\/product\/rayneo-x3-pro-aiar-smart-glasses\/","title":{"rendered":"Gafas inteligentes RayNeo X3 Pro AI+AR"},"content":{"rendered":"<h3 data-path-to-node=\"3\"><b data-path-to-node=\"3\" data-index-in-node=\"4\">Descripci\u00f3n general del producto<\/b><\/h3>\n<p id=\"p-rc_e2de32b3f0a00cf0-79\" data-path-to-node=\"4\">El RayNeo X3 Pro est\u00e1 dise\u00f1ado para un &quot;estilo de vida digital activo&quot;.\u201c <span class=\"citation-231\">Va m\u00e1s all\u00e1 de la simple captura de audio o v\u00eddeo para proporcionar una <\/span><b data-path-to-node=\"4\" data-index-in-node=\"125\"><span class=\"citation-231\">Pantalla de visualizaci\u00f3n frontal (HUD)<\/span><\/b><span class=\"citation-231\"> impulsado por <\/span><b data-path-to-node=\"4\" data-index-in-node=\"159\"><span class=\"citation-231\">Google Gemini<\/span><\/b><span class=\"citation-231 citation-end-231\">.<\/span> <span class=\"citation-230 citation-end-230\">Tanto si necesitas traducci\u00f3n en tiempo real durante un viaje a Tokio como si necesitas indicaciones paso a paso mientras recorres una ciudad desconocida, estas gafas superponen esa informaci\u00f3n directamente en tu campo de visi\u00f3n.<\/span><\/p>\n<p>&nbsp;<\/p>\n<h3 data-path-to-node=\"6\"><b data-path-to-node=\"6\" data-index-in-node=\"3\">Caracter\u00edsticas clave<\/b><\/h3>\n<h4 data-path-to-node=\"7\"><b data-path-to-node=\"7\" data-index-in-node=\"0\">1. Asistente de IA multimodal (con tecnolog\u00eda Gemini)<\/b><\/h4>\n<p id=\"p-rc_e2de32b3f0a00cf0-80\" data-path-to-node=\"8\"><span class=\"citation-229\">La caracter\u00edstica m\u00e1s destacada es la integraci\u00f3n de <\/span><b data-path-to-node=\"8\" data-index-in-node=\"43\"><span class=\"citation-229\">G\u00e9minis en vivo<\/span><\/b><span class=\"citation-229 citation-end-229\">.<\/span><\/p>\n<ul data-path-to-node=\"9\">\n<li>\n<p id=\"p-rc_e2de32b3f0a00cf0-81\" data-path-to-node=\"9,0,0\"><b data-path-to-node=\"9,0,0\" data-index-in-node=\"0\">Mira lo que ves:<\/b><span class=\"citation-228 citation-end-228\"> Mediante la c\u00e1mara integrada, la IA puede analizar tu entorno.<\/span> <span class=\"citation-227 citation-end-227\">Puedes preguntar: &quot;\u00bfQu\u00e9 tipo de planta es esta?&quot; o &quot;\u00bfC\u00f3mo arreglo este grifo que gotea?&quot; y obtener instrucciones de audio en tiempo real.<\/span><\/p>\n<\/li>\n<li>\n<p id=\"p-rc_e2de32b3f0a00cf0-82\" data-path-to-node=\"9,1,0\"><b data-path-to-node=\"9,1,0\" data-index-in-node=\"0\">Secretario de IA:<\/b><span class=\"citation-226 citation-end-226\"> Gestiona tus tareas pendientes, notas y agenda mediante comandos de voz, funcionando esencialmente como un asistente personal manos libres.<\/span><\/p>\n<\/li>\n<\/ul>\n<h4 data-path-to-node=\"10\"><b data-path-to-node=\"10\" data-index-in-node=\"0\">2. Tecnolog\u00eda \u00f3ptica de vanguardia<\/b><\/h4>\n<ul data-path-to-node=\"11\">\n<li>\n<p id=\"p-rc_e2de32b3f0a00cf0-83\" data-path-to-node=\"11,0,0\"><b data-path-to-node=\"11,0,0\" data-index-in-node=\"0\"><span class=\"citation-225\">MicroLED a todo color:<\/span><\/b><span class=\"citation-225\"> La mayor\u00eda de las gafas de realidad aumentada tienen problemas con el brillo, pero las X3 Pro alcanzan un <\/span><b data-path-to-node=\"11,0,0\" data-index-in-node=\"88\"><span class=\"citation-225\">Brillo m\u00e1ximo de 6000 nits<\/span><\/b><span class=\"citation-225 citation-end-225\">.<\/span> Esto garantiza que la pantalla se mantenga n\u00edtida incluso bajo la luz solar directa.<\/p>\n<\/li>\n<li>\n<p id=\"p-rc_e2de32b3f0a00cf0-84\" data-path-to-node=\"11,1,0\"><b data-path-to-node=\"11,1,0\" data-index-in-node=\"0\">Gu\u00eda de ondas binocular:<\/b><span class=\"citation-224 citation-end-224\"> A diferencia de las gafas &quot;monoculares&quot; (como las antiguas Google Glass), estas proyectan im\u00e1genes a ambos ojos, lo que reduce la fatiga visual y proporciona una superposici\u00f3n de datos m\u00e1s natural.<\/span><\/p>\n<\/li>\n<\/ul>\n<h4 data-path-to-node=\"12\"><b data-path-to-node=\"12\" data-index-in-node=\"0\">3. Traducci\u00f3n en tiempo real y teleprompter<\/b><\/h4>\n<ul data-path-to-node=\"13\">\n<li>\n<p id=\"p-rc_e2de32b3f0a00cf0-85\" data-path-to-node=\"13,0,0\"><b data-path-to-node=\"13,0,0\" data-index-in-node=\"0\"><span class=\"citation-223\">Traducci\u00f3n global:<\/span><\/b><span class=\"citation-223\"> Capaz de traducci\u00f3n en tiempo real a trav\u00e9s de <\/span><b data-path-to-node=\"13,0,0\" data-index-in-node=\"60\"><span class=\"citation-223\">M\u00e1s de 14 idiomas<\/span><\/b><span class=\"citation-223 citation-end-223\">.<\/span> <span class=\"citation-222 citation-end-222\">Puede mostrar el texto traducido como subt\u00edtulos en tu campo de visi\u00f3n o reproducirlo a trav\u00e9s de los altavoces.<\/span><\/p>\n<\/li>\n<li>\n<p id=\"p-rc_e2de32b3f0a00cf0-86\" data-path-to-node=\"13,1,0\"><b data-path-to-node=\"13,1,0\" data-index-in-node=\"0\"><span class=\"citation-221\">Modo teleprompter:<\/span><\/b><span class=\"citation-221 citation-end-221\"> Ideal para creadores o oradores, ya que permite leer guiones o notas manteniendo el contacto visual con el p\u00fablico o la c\u00e1mara.<\/span><\/p>\n<\/li>\n<\/ul>\n<h4 data-path-to-node=\"14\"><b data-path-to-node=\"14\" data-index-in-node=\"0\">4. Captura y conectividad<\/b><\/h4>\n<ul data-path-to-node=\"15\">\n<li>\n<p id=\"p-rc_e2de32b3f0a00cf0-87\" data-path-to-node=\"15,0,0\"><b data-path-to-node=\"15,0,0\" data-index-in-node=\"0\"><span class=\"citation-220\">C\u00e1mara de 12 MP:<\/span><\/b><span class=\"citation-220 citation-end-220\"> Optimizado para fotos y v\u00eddeos en primera persona.<\/span><\/p>\n<\/li>\n<li>\n<p id=\"p-rc_e2de32b3f0a00cf0-88\" data-path-to-node=\"15,1,0\"><b data-path-to-node=\"15,1,0\" data-index-in-node=\"0\"><span class=\"citation-219\">Libertad sin ataduras:<\/span><\/b><span class=\"citation-219\"> Si bien funciona con tu tel\u00e9fono, el X3 Pro cuenta con <\/span><b data-path-to-node=\"15,1,0\" data-index-in-node=\"72\"><span class=\"citation-219\">Wi-Fi 6<\/span><\/b><span class=\"citation-219\"> y un alto rendimiento <\/span><b data-path-to-node=\"15,1,0\" data-index-in-node=\"103\"><span class=\"citation-219\">Snapdragon AR1 Gen 1<\/span><\/b><span class=\"citation-219 citation-end-219\"> chip, que permite que muchas aplicaciones se ejecuten directamente en las gafas.<\/span><\/p>\n<p>&nbsp;<\/li>\n<\/ul>\n<h3 data-path-to-node=\"17\"><b data-path-to-node=\"17\" data-index-in-node=\"3\">Especificaciones t\u00e9cnicas<\/b><\/h3>\n<table data-path-to-node=\"18\">\n<thead>\n<tr>\n<td><strong>Caracter\u00edstica<\/strong><\/td>\n<td><strong>Especificaci\u00f3n<\/strong><\/td>\n<\/tr>\n<\/thead>\n<tbody>\n<tr>\n<td><span data-path-to-node=\"18,1,0,0\"><b data-path-to-node=\"18,1,0,0\" data-index-in-node=\"0\">Mostrar<\/b><\/span><\/td>\n<td><span data-path-to-node=\"18,1,1,0\">MicroLED dual a todo color (gu\u00eda de onda \u00f3ptica)<\/span><\/td>\n<\/tr>\n<tr>\n<td><span data-path-to-node=\"18,2,0,0\"><b data-path-to-node=\"18,2,0,0\" data-index-in-node=\"0\">Brillo<\/b><\/span><\/td>\n<td><span data-path-to-node=\"18,2,1,0\">3.500 nits (promedio) \/ 6.000 nits (pico)<\/span><\/td>\n<\/tr>\n<tr>\n<td><span data-path-to-node=\"18,3,0,0\"><b data-path-to-node=\"18,3,0,0\" data-index-in-node=\"0\">Resoluci\u00f3n<\/b><\/span><\/td>\n<td><span data-path-to-node=\"18,3,1,0\">640 x 480 por ojo<\/span><\/td>\n<\/tr>\n<tr>\n<td><span data-path-to-node=\"18,4,0,0\"><b data-path-to-node=\"18,4,0,0\" data-index-in-node=\"0\">Procesador<\/b><\/span><\/td>\n<td><span data-path-to-node=\"18,4,1,0\">Qualcomm Snapdragon AR1 Gen 1<\/span><\/td>\n<\/tr>\n<tr>\n<td><span data-path-to-node=\"18,5,0,0\"><b data-path-to-node=\"18,5,0,0\" data-index-in-node=\"0\">C\u00e1mara<\/b><\/span><\/td>\n<td><span data-path-to-node=\"18,5,1,0\">12 MP (Sony IMX681)<\/span><\/td>\n<\/tr>\n<tr>\n<td><span data-path-to-node=\"18,6,0,0\"><b data-path-to-node=\"18,6,0,0\" data-index-in-node=\"0\">Audio<\/b><\/span><\/td>\n<td><span data-path-to-node=\"18,6,1,0\">Formaci\u00f3n de haces con tres micr\u00f3fonos + Altavoces est\u00e9reo de o\u00eddo abierto<\/span><\/td>\n<\/tr>\n<tr>\n<td><span data-path-to-node=\"18,7,0,0\"><b data-path-to-node=\"18,7,0,0\" data-index-in-node=\"0\">Peso<\/b><\/span><\/td>\n<td><span data-path-to-node=\"18,7,1,0\">76 g (estructura ligera de aluminio\/titanio)<\/span><\/td>\n<\/tr>\n<tr>\n<td><span data-path-to-node=\"18,8,0,0\"><b data-path-to-node=\"18,8,0,0\" data-index-in-node=\"0\">Bater\u00eda<\/b><\/span><\/td>\n<td><span data-path-to-node=\"18,8,1,0\">245 mAh (Admite carga r\u00e1pida de 40 minutos)<\/span><\/td>\n<\/tr>\n<tr>\n<td><span data-path-to-node=\"18,9,0,0\"><b data-path-to-node=\"18,9,0,0\" data-index-in-node=\"0\">Sistema operativo<\/b><\/span><\/td>\n<td><span data-path-to-node=\"18,9,1,0\">RayNeo AIOS (basado en Android)<\/span><\/td>\n<\/tr>\n<\/tbody>\n<\/table>\n<p>&nbsp;<\/p>\n<h3 data-path-to-node=\"20\"><b data-path-to-node=\"20\" data-index-in-node=\"3\">\u00bfPara qui\u00e9n?<\/b><\/h3>\n<ul data-path-to-node=\"21\">\n<li>\n<p data-path-to-node=\"21,0,0\"><b data-path-to-node=\"21,0,0\" data-index-in-node=\"0\">Usuarios pioneros:<\/b> Aquellos que desean experimentar el futuro de la computaci\u00f3n espacial antes de que se generalice por completo.<\/p>\n<\/li>\n<li>\n<p id=\"p-rc_e2de32b3f0a00cf0-89\" data-path-to-node=\"21,1,0\"><b data-path-to-node=\"21,1,0\" data-index-in-node=\"0\"><span class=\"citation-218\">Viajeros:<\/span><\/b><span class=\"citation-218 citation-end-218\"> Por la \u201cmagia\u201d de la traducci\u00f3n de se\u00f1alizaci\u00f3n en tiempo real y los mapas en pantalla.<\/span><\/p>\n<\/li>\n<li>\n<p data-path-to-node=\"21,2,0\"><b data-path-to-node=\"21,2,0\" data-index-in-node=\"0\">Creadores de contenido:<\/b> Para grabar v\u00eddeos en primera persona y leer guiones sin esfuerzo sobre la marcha.<\/p>\n<\/li>\n<\/ul>\n<blockquote data-path-to-node=\"22\">\n<p id=\"p-rc_e2de32b3f0a00cf0-90\" data-path-to-node=\"22,0\"><b data-path-to-node=\"22,0\" data-index-in-node=\"0\">Nota sobre la bater\u00eda:<\/b><span class=\"citation-217 citation-end-217\"> Debido a que estas gafas integran un potente procesador y pantallas brillantes en una montura delgada de 76 g, la duraci\u00f3n de la bater\u00eda es relativamente corta (aproximadamente de 30 a 45 minutos de uso activo de realidad aumentada).<\/span> Est\u00e1n dise\u00f1ados para tareas puntuales e intensas, en lugar de para un uso continuo de la pantalla durante todo el d\u00eda.<\/p>\n<\/blockquote>","protected":false},"excerpt":{"rendered":"<p><span class=\"citation-232\">El <\/span><b data-path-to-node=\"0\" data-index-in-node=\"4\"><span class=\"citation-232\">Gafas inteligentes RayNeo X3 Pro AI+AR<\/span><\/b><span class=\"citation-232 citation-end-232\"> Representan un salto a la era &quot;post-smartphone&quot;, combinando un dise\u00f1o elegante (aunque con mucha tecnolog\u00eda) con un potente motor de IA multimodal.<\/span> A diferencia de las gafas con c\u00e1mara b\u00e1sicas, estas incorporan un sistema de visualizaci\u00f3n binocular a todo color, lo que las convierte en un verdadero dispositivo port\u00e1til de realidad aumentada (RA).<\/p>","protected":false},"featured_media":25155,"comment_status":"open","ping_status":"closed","template":"","meta":[],"product_brand":[1414],"product_cat":[1341,1413],"product_tag":[1415,1416],"class_list":{"0":"post-25147","1":"product","2":"type-product","3":"status-publish","4":"has-post-thumbnail","6":"product_brand-rayneo","7":"product_cat-ar-vr","8":"product_cat-rayneo","9":"product_tag-ar-glasses","10":"product_tag-rayneo","12":"first","13":"onbackorder","14":"taxable","15":"shipping-taxable","16":"purchasable","17":"product-type-simple"},"yoast_head":"<!-- This site is optimized with the Yoast SEO plugin v27.4 - https:\/\/yoast.com\/product\/yoast-seo-wordpress\/ -->\n<title>RayNeo X3 Pro AI+AR Smart Glasses - Ghostysky<\/title>\n<meta name=\"description\" content=\"The RayNeo X3 Pro AI+AR Smart Glasses represent a leap into the &quot;post-smartphone&quot; era, combining a stylish (albeit tech-heavy) frame with a powerful multimodal AI engine. Unlike basic camera glasses, these feature a full-color binocular display system, making them a true augmented reality (AR) wearable.\" \/>\n<meta name=\"robots\" content=\"index, follow, max-snippet:-1, max-image-preview:large, max-video-preview:-1\" \/>\n<link rel=\"canonical\" href=\"https:\/\/www.ghostysky.com\/es\/producto-2\/rayneo-x3-pro-aiar-smart-glasses\/\" \/>\n<meta property=\"og:locale\" content=\"es_ES\" \/>\n<meta property=\"og:type\" content=\"article\" \/>\n<meta property=\"og:title\" content=\"RayNeo X3 Pro AI+AR Smart Glasses - Ghostysky\" \/>\n<meta property=\"og:description\" content=\"The RayNeo X3 Pro AI+AR Smart Glasses represent a leap into the &quot;post-smartphone&quot; era, combining a stylish (albeit tech-heavy) frame with a powerful multimodal AI engine. Unlike basic camera glasses, these feature a full-color binocular display system, making them a true augmented reality (AR) wearable.\" \/>\n<meta property=\"og:url\" content=\"https:\/\/www.ghostysky.com\/es\/producto-2\/rayneo-x3-pro-aiar-smart-glasses\/\" \/>\n<meta property=\"og:site_name\" content=\"Ghostysky\" \/>\n<meta property=\"article:publisher\" content=\"https:\/\/www.facebook.com\/people\/Ghostysky\/100057676170234\/\" \/>\n<meta property=\"article:modified_time\" content=\"2026-04-11T07:26:35+00:00\" \/>\n<meta property=\"og:image\" content=\"https:\/\/www.ghostysky.com\/wp-content\/uploads\/2026\/04\/GH_RayNeo-X3-Pro-AIAR-Smart-Glasses_1.webp\" \/>\n\t<meta property=\"og:image:width\" content=\"728\" \/>\n\t<meta property=\"og:image:height\" content=\"728\" \/>\n\t<meta property=\"og:image:type\" content=\"image\/webp\" \/>\n<meta name=\"twitter:card\" content=\"summary_large_image\" \/>\n<meta name=\"twitter:site\" content=\"@Gh0stysky\" \/>\n<meta name=\"twitter:label1\" content=\"Tiempo de lectura\" \/>\n\t<meta name=\"twitter:data1\" content=\"2 minutos\" \/>\n<script type=\"application\/ld+json\" class=\"yoast-schema-graph\">{\"@context\":\"https:\\\/\\\/schema.org\",\"@graph\":[{\"@type\":\"WebPage\",\"@id\":\"https:\\\/\\\/www.ghostysky.com\\\/product\\\/rayneo-x3-pro-aiar-smart-glasses\\\/\",\"url\":\"https:\\\/\\\/www.ghostysky.com\\\/product\\\/rayneo-x3-pro-aiar-smart-glasses\\\/\",\"name\":\"RayNeo X3 Pro AI+AR Smart Glasses - Ghostysky\",\"isPartOf\":{\"@id\":\"https:\\\/\\\/www.ghostysky.com\\\/#website\"},\"primaryImageOfPage\":{\"@id\":\"https:\\\/\\\/www.ghostysky.com\\\/product\\\/rayneo-x3-pro-aiar-smart-glasses\\\/#primaryimage\"},\"image\":{\"@id\":\"https:\\\/\\\/www.ghostysky.com\\\/product\\\/rayneo-x3-pro-aiar-smart-glasses\\\/#primaryimage\"},\"thumbnailUrl\":\"https:\\\/\\\/www.ghostysky.com\\\/wp-content\\\/uploads\\\/2026\\\/04\\\/GH_RayNeo-X3-Pro-AIAR-Smart-Glasses_1.webp\",\"datePublished\":\"2026-04-08T16:24:54+00:00\",\"dateModified\":\"2026-04-11T07:26:35+00:00\",\"description\":\"The RayNeo X3 Pro AI+AR Smart Glasses represent a leap into the \\\"post-smartphone\\\" era, combining a stylish (albeit tech-heavy) frame with a powerful multimodal AI engine. Unlike basic camera glasses, these feature a full-color binocular display system, making them a true augmented reality (AR) wearable.\",\"breadcrumb\":{\"@id\":\"https:\\\/\\\/www.ghostysky.com\\\/product\\\/rayneo-x3-pro-aiar-smart-glasses\\\/#breadcrumb\"},\"inLanguage\":\"es\",\"potentialAction\":[{\"@type\":\"ReadAction\",\"target\":[\"https:\\\/\\\/www.ghostysky.com\\\/product\\\/rayneo-x3-pro-aiar-smart-glasses\\\/\"]}]},{\"@type\":\"ImageObject\",\"inLanguage\":\"es\",\"@id\":\"https:\\\/\\\/www.ghostysky.com\\\/product\\\/rayneo-x3-pro-aiar-smart-glasses\\\/#primaryimage\",\"url\":\"https:\\\/\\\/www.ghostysky.com\\\/wp-content\\\/uploads\\\/2026\\\/04\\\/GH_RayNeo-X3-Pro-AIAR-Smart-Glasses_1.webp\",\"contentUrl\":\"https:\\\/\\\/www.ghostysky.com\\\/wp-content\\\/uploads\\\/2026\\\/04\\\/GH_RayNeo-X3-Pro-AIAR-Smart-Glasses_1.webp\",\"width\":728,\"height\":728},{\"@type\":\"BreadcrumbList\",\"@id\":\"https:\\\/\\\/www.ghostysky.com\\\/product\\\/rayneo-x3-pro-aiar-smart-glasses\\\/#breadcrumb\",\"itemListElement\":[{\"@type\":\"ListItem\",\"position\":1,\"name\":\"Home\",\"item\":\"https:\\\/\\\/www.ghostysky.com\\\/\"},{\"@type\":\"ListItem\",\"position\":2,\"name\":\"Shop\",\"item\":\"https:\\\/\\\/www.ghostysky.com\\\/shop\\\/\"},{\"@type\":\"ListItem\",\"position\":3,\"name\":\"RayNeo X3 Pro AI+AR Smart Glasses\"}]},{\"@type\":\"WebSite\",\"@id\":\"https:\\\/\\\/www.ghostysky.com\\\/#website\",\"url\":\"https:\\\/\\\/www.ghostysky.com\\\/\",\"name\":\"Ghostysky\",\"description\":\"Delivering professional drones and services\",\"publisher\":{\"@id\":\"https:\\\/\\\/www.ghostysky.com\\\/#organization\"},\"potentialAction\":[{\"@type\":\"SearchAction\",\"target\":{\"@type\":\"EntryPoint\",\"urlTemplate\":\"https:\\\/\\\/www.ghostysky.com\\\/?s={search_term_string}\"},\"query-input\":{\"@type\":\"PropertyValueSpecification\",\"valueRequired\":true,\"valueName\":\"search_term_string\"}}],\"inLanguage\":\"es\"},{\"@type\":\"Organization\",\"@id\":\"https:\\\/\\\/www.ghostysky.com\\\/#organization\",\"name\":\"Ghostysky\",\"url\":\"https:\\\/\\\/www.ghostysky.com\\\/\",\"logo\":{\"@type\":\"ImageObject\",\"inLanguage\":\"es\",\"@id\":\"https:\\\/\\\/www.ghostysky.com\\\/#\\\/schema\\\/logo\\\/image\\\/\",\"url\":\"https:\\\/\\\/www.ghostysky.com\\\/wp-content\\\/uploads\\\/2020\\\/06\\\/cropped-ghostyskylogo_text_white2.png\",\"contentUrl\":\"https:\\\/\\\/www.ghostysky.com\\\/wp-content\\\/uploads\\\/2020\\\/06\\\/cropped-ghostyskylogo_text_white2.png\",\"width\":169,\"height\":56,\"caption\":\"Ghostysky\"},\"image\":{\"@id\":\"https:\\\/\\\/www.ghostysky.com\\\/#\\\/schema\\\/logo\\\/image\\\/\"},\"sameAs\":[\"https:\\\/\\\/www.facebook.com\\\/people\\\/Ghostysky\\\/100057676170234\\\/\",\"https:\\\/\\\/x.com\\\/Gh0stysky\",\"https:\\\/\\\/www.linkedin.com\\\/company\\\/34739653\",\"https:\\\/\\\/www.instagram.com\\\/gh0stysky\"]}]}<\/script>\n<!-- \/ Yoast SEO plugin. -->","yoast_head_json":{"title":"Gafas inteligentes RayNeo X3 Pro AI+AR - Ghostysky","description":"Las gafas inteligentes RayNeo X3 Pro AI+AR representan un salto hacia la era posterior a los smartphones, combinando una montura elegante (aunque con mucha tecnolog\u00eda) con un potente motor de IA multimodal. A diferencia de las gafas con c\u00e1mara convencionales, estas incorporan un sistema de visualizaci\u00f3n binocular a todo color, lo que las convierte en un aut\u00e9ntico dispositivo port\u00e1til de realidad aumentada (RA).","robots":{"index":"index","follow":"follow","max-snippet":"max-snippet:-1","max-image-preview":"max-image-preview:large","max-video-preview":"max-video-preview:-1"},"canonical":"https:\/\/www.ghostysky.com\/es\/producto-2\/rayneo-x3-pro-aiar-smart-glasses\/","og_locale":"es_ES","og_type":"article","og_title":"RayNeo X3 Pro AI+AR Smart Glasses - Ghostysky","og_description":"The RayNeo X3 Pro AI+AR Smart Glasses represent a leap into the \"post-smartphone\" era, combining a stylish (albeit tech-heavy) frame with a powerful multimodal AI engine. Unlike basic camera glasses, these feature a full-color binocular display system, making them a true augmented reality (AR) wearable.","og_url":"https:\/\/www.ghostysky.com\/es\/producto-2\/rayneo-x3-pro-aiar-smart-glasses\/","og_site_name":"Ghostysky","article_publisher":"https:\/\/www.facebook.com\/people\/Ghostysky\/100057676170234\/","article_modified_time":"2026-04-11T07:26:35+00:00","og_image":[{"width":728,"height":728,"url":"https:\/\/www.ghostysky.com\/wp-content\/uploads\/2026\/04\/GH_RayNeo-X3-Pro-AIAR-Smart-Glasses_1.webp","type":"image\/webp"}],"twitter_card":"summary_large_image","twitter_site":"@Gh0stysky","twitter_misc":{"Tiempo de lectura":"2 minutos"},"schema":{"@context":"https:\/\/schema.org","@graph":[{"@type":"WebPage","@id":"https:\/\/www.ghostysky.com\/product\/rayneo-x3-pro-aiar-smart-glasses\/","url":"https:\/\/www.ghostysky.com\/product\/rayneo-x3-pro-aiar-smart-glasses\/","name":"Gafas inteligentes RayNeo X3 Pro AI+AR - Ghostysky","isPartOf":{"@id":"https:\/\/www.ghostysky.com\/#website"},"primaryImageOfPage":{"@id":"https:\/\/www.ghostysky.com\/product\/rayneo-x3-pro-aiar-smart-glasses\/#primaryimage"},"image":{"@id":"https:\/\/www.ghostysky.com\/product\/rayneo-x3-pro-aiar-smart-glasses\/#primaryimage"},"thumbnailUrl":"https:\/\/www.ghostysky.com\/wp-content\/uploads\/2026\/04\/GH_RayNeo-X3-Pro-AIAR-Smart-Glasses_1.webp","datePublished":"2026-04-08T16:24:54+00:00","dateModified":"2026-04-11T07:26:35+00:00","description":"Las gafas inteligentes RayNeo X3 Pro AI+AR representan un salto hacia la era posterior a los smartphones, combinando una montura elegante (aunque con mucha tecnolog\u00eda) con un potente motor de IA multimodal. A diferencia de las gafas con c\u00e1mara convencionales, estas incorporan un sistema de visualizaci\u00f3n binocular a todo color, lo que las convierte en un aut\u00e9ntico dispositivo port\u00e1til de realidad aumentada (RA).","breadcrumb":{"@id":"https:\/\/www.ghostysky.com\/product\/rayneo-x3-pro-aiar-smart-glasses\/#breadcrumb"},"inLanguage":"es","potentialAction":[{"@type":"ReadAction","target":["https:\/\/www.ghostysky.com\/product\/rayneo-x3-pro-aiar-smart-glasses\/"]}]},{"@type":"ImageObject","inLanguage":"es","@id":"https:\/\/www.ghostysky.com\/product\/rayneo-x3-pro-aiar-smart-glasses\/#primaryimage","url":"https:\/\/www.ghostysky.com\/wp-content\/uploads\/2026\/04\/GH_RayNeo-X3-Pro-AIAR-Smart-Glasses_1.webp","contentUrl":"https:\/\/www.ghostysky.com\/wp-content\/uploads\/2026\/04\/GH_RayNeo-X3-Pro-AIAR-Smart-Glasses_1.webp","width":728,"height":728},{"@type":"BreadcrumbList","@id":"https:\/\/www.ghostysky.com\/product\/rayneo-x3-pro-aiar-smart-glasses\/#breadcrumb","itemListElement":[{"@type":"ListItem","position":1,"name":"Home","item":"https:\/\/www.ghostysky.com\/"},{"@type":"ListItem","position":2,"name":"Shop","item":"https:\/\/www.ghostysky.com\/shop\/"},{"@type":"ListItem","position":3,"name":"RayNeo X3 Pro AI+AR Smart Glasses"}]},{"@type":"WebSite","@id":"https:\/\/www.ghostysky.com\/#website","url":"https:\/\/www.ghostysky.com\/","name":"Ghostysky","description":"Entrega de drones y servicios profesionales","publisher":{"@id":"https:\/\/www.ghostysky.com\/#organization"},"potentialAction":[{"@type":"SearchAction","target":{"@type":"EntryPoint","urlTemplate":"https:\/\/www.ghostysky.com\/?s={search_term_string}"},"query-input":{"@type":"PropertyValueSpecification","valueRequired":true,"valueName":"search_term_string"}}],"inLanguage":"es"},{"@type":"Organization","@id":"https:\/\/www.ghostysky.com\/#organization","name":"Ghostysky","url":"https:\/\/www.ghostysky.com\/","logo":{"@type":"ImageObject","inLanguage":"es","@id":"https:\/\/www.ghostysky.com\/#\/schema\/logo\/image\/","url":"https:\/\/www.ghostysky.com\/wp-content\/uploads\/2020\/06\/cropped-ghostyskylogo_text_white2.png","contentUrl":"https:\/\/www.ghostysky.com\/wp-content\/uploads\/2020\/06\/cropped-ghostyskylogo_text_white2.png","width":169,"height":56,"caption":"Ghostysky"},"image":{"@id":"https:\/\/www.ghostysky.com\/#\/schema\/logo\/image\/"},"sameAs":["https:\/\/www.facebook.com\/people\/Ghostysky\/100057676170234\/","https:\/\/x.com\/Gh0stysky","https:\/\/www.linkedin.com\/company\/34739653","https:\/\/www.instagram.com\/gh0stysky"]}]}},"_links":{"self":[{"href":"https:\/\/www.ghostysky.com\/es\/wp-json\/wp\/v2\/product\/25147","targetHints":{"allow":["GET"]}}],"collection":[{"href":"https:\/\/www.ghostysky.com\/es\/wp-json\/wp\/v2\/product"}],"about":[{"href":"https:\/\/www.ghostysky.com\/es\/wp-json\/wp\/v2\/types\/product"}],"replies":[{"embeddable":true,"href":"https:\/\/www.ghostysky.com\/es\/wp-json\/wp\/v2\/comments?post=25147"}],"version-history":[{"count":0,"href":"https:\/\/www.ghostysky.com\/es\/wp-json\/wp\/v2\/product\/25147\/revisions"}],"wp:featuredmedia":[{"embeddable":true,"href":"https:\/\/www.ghostysky.com\/es\/wp-json\/wp\/v2\/media\/25155"}],"wp:attachment":[{"href":"https:\/\/www.ghostysky.com\/es\/wp-json\/wp\/v2\/media?parent=25147"}],"wp:term":[{"taxonomy":"product_brand","embeddable":true,"href":"https:\/\/www.ghostysky.com\/es\/wp-json\/wp\/v2\/product_brand?post=25147"},{"taxonomy":"product_cat","embeddable":true,"href":"https:\/\/www.ghostysky.com\/es\/wp-json\/wp\/v2\/product_cat?post=25147"},{"taxonomy":"product_tag","embeddable":true,"href":"https:\/\/www.ghostysky.com\/es\/wp-json\/wp\/v2\/product_tag?post=25147"}],"curies":[{"name":"wp","href":"https:\/\/api.w.org\/{rel}","templated":true}]}}