{"id":25235,"date":"2026-04-12T07:17:55","date_gmt":"2026-04-12T07:17:55","guid":{"rendered":"https:\/\/www.ghostysky.com\/?post_type=product&#038;p=25235"},"modified":"2026-04-12T07:48:08","modified_gmt":"2026-04-12T07:48:08","slug":"yuhesen-fr-mid","status":"publish","type":"product","link":"https:\/\/www.ghostysky.com\/es\/product\/yuhesen-fr-mid\/","title":{"rendered":"Yuhesen FR-medio"},"content":{"rendered":"<h3 data-path-to-node=\"2\">Caracter\u00edsticas clave<\/h3>\n<ul data-path-to-node=\"3\">\n<li>\n<p data-path-to-node=\"3,0,0\"><b data-path-to-node=\"3,0,0\" data-index-in-node=\"0\">Movilidad todoterreno:<\/b> Dise\u00f1ado para afrontar diversos paisajes, el FR-mid destaca por su excelente rendimiento. <b data-path-to-node=\"3,0,0\" data-index-in-node=\"84\">subir pendientes<\/b> y <b data-path-to-node=\"3,0,0\" data-index-in-node=\"104\">cruzar obst\u00e1culos<\/b>, lo que la hace ideal para un uso rudo en exteriores.<\/p>\n<\/li>\n<li>\n<p data-path-to-node=\"3,1,0\"><b data-path-to-node=\"3,1,0\" data-index-in-node=\"0\">Ecosistema ROS\/ROS2:<\/b> Ofrece compatibilidad nativa con ROS (Robot Operating System) y ROS2, incluyendo soporte para paquetes de navegaci\u00f3n est\u00e1ndar, <code data-path-to-node=\"3,1,0\" data-index-in-node=\"147\">mover_base<\/code> marcos de referencia y planificadores globales\/locales.<\/p>\n<\/li>\n<li>\n<p data-path-to-node=\"3,2,0\"><b data-path-to-node=\"3,2,0\" data-index-in-node=\"0\">Construcci\u00f3n de grado industrial:<\/b><\/p>\n<ul data-path-to-node=\"3,2,1\">\n<li>\n<p data-path-to-node=\"3,2,1,0,0\"><b data-path-to-node=\"3,2,1,0,0\" data-index-in-node=\"0\">Protecci\u00f3n ambiental:<\/b> Calificado en <b data-path-to-node=\"3,2,1,0,0\" data-index-in-node=\"35\">IP44\/IP65<\/b>, lo que permite su funcionamiento en condiciones polvorientas o h\u00famedas.<\/p>\n<\/li>\n<li>\n<p data-path-to-node=\"3,2,1,1,0\"><b data-path-to-node=\"3,2,1,1,0\" data-index-in-node=\"0\">Resiliencia a la temperatura:<\/b> Capaz de operar en entornos extremos que van desde <b data-path-to-node=\"3,2,1,1,0\" data-index-in-node=\"82\">-20\u00b0C a 50\u00b0C<\/b>.<\/p>\n<\/li>\n<\/ul>\n<\/li>\n<li>\n<p data-path-to-node=\"3,3,0\"><b data-path-to-node=\"3,3,0\" data-index-in-node=\"0\">Integraci\u00f3n de sensores:<\/b> Admite una amplia gama de sensores de alta precisi\u00f3n, entre los que se incluyen:<\/p>\n<ul data-path-to-node=\"3,3,1\">\n<li>\n<p data-path-to-node=\"3,3,1,0,0\">LiDAR de 16 l\u00edneas<\/p>\n<\/li>\n<li>\n<p data-path-to-node=\"3,3,1,1,0\">Visi\u00f3n est\u00e9reo \/ C\u00e1maras de profundidad<\/p>\n<\/li>\n<li>\n<p data-path-to-node=\"3,3,1,2,0\">RTK-GNSS para posicionamiento a nivel centim\u00e9trico<\/p>\n<\/li>\n<li>\n<p data-path-to-node=\"3,3,1,3,0\">Radar ultras\u00f3nico y de ondas milim\u00e9tricas<\/p>\n<\/li>\n<\/ul>\n<\/li>\n<\/ul>\n<p>&nbsp;<\/p>\n<h3 data-path-to-node=\"5\">Especificaciones t\u00e9cnicas (Resumen)<\/h3>\n<table data-path-to-node=\"6\">\n<thead>\n<tr>\n<td><strong>Categor\u00eda<\/strong><\/td>\n<td><strong>Detalles<\/strong><\/td>\n<\/tr>\n<\/thead>\n<tbody>\n<tr>\n<td><span data-path-to-node=\"6,1,0,0\"><b data-path-to-node=\"6,1,0,0\" data-index-in-node=\"0\">Tipo<\/b><\/span><\/td>\n<td><span data-path-to-node=\"6,1,1,0\">Chasis modular para veh\u00edculos terrestres no tripulados \/ robots m\u00f3viles<\/span><\/td>\n<\/tr>\n<tr>\n<td><span data-path-to-node=\"6,2,0,0\"><b data-path-to-node=\"6,2,0,0\" data-index-in-node=\"0\">Sistema de control<\/b><\/span><\/td>\n<td><span data-path-to-node=\"6,2,1,0\">Compatibilidad total con controladores ROS\/ROS2<\/span><\/td>\n<\/tr>\n<tr>\n<td><span data-path-to-node=\"6,3,0,0\"><b data-path-to-node=\"6,3,0,0\" data-index-in-node=\"0\">Soporte de software<\/b><\/span><\/td>\n<td><span data-path-to-node=\"6,3,1,0\">Algoritmos SLAM, Autoware, Apollo<\/span><\/td>\n<\/tr>\n<tr>\n<td><span data-path-to-node=\"6,4,0,0\"><b data-path-to-node=\"6,4,0,0\" data-index-in-node=\"0\">Conectividad<\/b><\/span><\/td>\n<td><span data-path-to-node=\"6,4,1,0\">Protocolos API estandarizados<\/span><\/td>\n<\/tr>\n<tr>\n<td><span data-path-to-node=\"6,5,0,0\"><b data-path-to-node=\"6,5,0,0\" data-index-in-node=\"0\">Precisi\u00f3n<\/b><\/span><\/td>\n<td><span data-path-to-node=\"6,5,1,0\">Precisi\u00f3n de control a nivel milim\u00e9trico<\/span><\/td>\n<\/tr>\n<\/tbody>\n<\/table>\n<p>&nbsp;<\/p>\n<h3 data-path-to-node=\"8\">\u00a0Aplicaciones principales<\/h3>\n<p data-path-to-node=\"9\">La FR-mid es una plataforma vers\u00e1til de &quot;peso medio&quot; utilizada en varios sectores de alto riesgo:<\/p>\n<ul data-path-to-node=\"10\">\n<li>\n<p data-path-to-node=\"10,0,0\"><b data-path-to-node=\"10,0,0\" data-index-in-node=\"0\">Seguridad y patrullaje:<\/b> Vigilancia aut\u00f3noma en parques industriales o instalaciones energ\u00e9ticas.<\/p>\n<\/li>\n<li>\n<p data-path-to-node=\"10,1,0\"><b data-path-to-node=\"10,1,0\" data-index-in-node=\"0\">Log\u00edstica:<\/b> Investigaci\u00f3n sobre la entrega de \u00faltima milla y la manipulaci\u00f3n automatizada de materiales.<\/p>\n<\/li>\n<li>\n<p data-path-to-node=\"10,2,0\"><b data-path-to-node=\"10,2,0\" data-index-in-node=\"0\">Agricultura:<\/b> Seguimiento de trayectoria y recopilaci\u00f3n de datos de campo (frecuentemente utilizado con sistemas de motores s\u00edncronos de imanes permanentes para alto par).<\/p>\n<\/li>\n<li>\n<p data-path-to-node=\"10,3,0\"><b data-path-to-node=\"10,3,0\" data-index-in-node=\"0\">Investigaci\u00f3n cient\u00edfica:<\/b> Una plataforma preferida por universidades y laboratorios que desarrollan sistemas de navegaci\u00f3n aut\u00f3noma y fusi\u00f3n multisensorial.<\/p>\n<\/li>\n<\/ul>\n<blockquote data-path-to-node=\"11\">\n<p data-path-to-node=\"11,0\"><b data-path-to-node=\"11,0\" data-index-in-node=\"0\">Nota:<\/b> Al ser una plataforma modular, el FR-mid suele personalizarse con hardware espec\u00edfico de &quot;capa superior&quot; (como brazos rob\u00f3ticos o sensores especializados) en funci\u00f3n de los requisitos de la misi\u00f3n del usuario final.<\/p>\n<\/blockquote>\n<h3 data-path-to-node=\"5\">Especificaciones t\u00e9cnicas (detalles)<\/h3>\n<p><a href=\"https:\/\/www.ghostysky.com\/wp-content\/uploads\/2026\/04\/GH_Yuhesen_FR-Mid_Specs_Details-scaled.webp\"><img fetchpriority=\"high\" decoding=\"async\" class=\"alignnone wp-image-25238 size-full lazyload\" src=\"datos:imagen\/gif;base64,R0lGODlhAQABAAAAACH5BAEKAAEALAAAAAABAAEAAAICTAEAOw==\" alt=\"\" width=\"1059\" height=\"2560\" sizes=\"(max-width: 1059px) 100vw, 1059px\" data-src=\"datos:imagen\/gif;base64,R0lGODlhAQABAAAAACH5BAEKAAEALAAAAAABAAEAAAICTAEAOw==\" data-srcset=\"\" srcset=\"\"><\/a><\/p>","protected":false},"excerpt":{"rendered":"<p data-path-to-node=\"0\">El <b data-path-to-node=\"0\" data-index-in-node=\"4\">Yuhesen FR-medio<\/b> Es un chasis para veh\u00edculos terrestres no tripulados (UGV) de uso general, dise\u00f1ado para ofrecer una movilidad de alto rendimiento tanto en interiores como en exteriores. Sirve como plataforma de desarrollo modular, principalmente orientada a la investigaci\u00f3n cient\u00edfica, la automatizaci\u00f3n industrial y las aplicaciones rob\u00f3ticas complejas.<\/p>","protected":false},"featured_media":25237,"comment_status":"open","ping_status":"closed","template":"","meta":[],"product_brand":[1389],"product_cat":[1042,1037,1384,1385],"product_tag":[1432,1395,1387,1390],"class_list":{"0":"post-25235","1":"product","2":"type-product","3":"status-publish","4":"has-post-thumbnail","6":"product_brand-yuhesen","7":"product_cat-chassis","8":"product_cat-robotics","9":"product_cat-yuhesen","10":"product_cat-yuhesen-ugv-chassis","11":"product_tag-ackermann-steering-ugv","12":"product_tag-mik-mid","13":"product_tag-ugv","14":"product_tag-yuhesen-ugv-chassis","16":"first","17":"onbackorder","18":"taxable","19":"shipping-taxable","20":"purchasable","21":"product-type-simple"},"yoast_head":"<!-- This site is optimized with the Yoast SEO plugin v27.1.1 - https:\/\/yoast.com\/product\/yoast-seo-wordpress\/ -->\n<title>Yuhesen FR-mid - Ghostysky<\/title>\n<meta name=\"description\" content=\"The Yuhesen FR-mid is an all-purpose Unmanned Ground Vehicle (UGV) chassis designed for high-performance mobility in both indoor and outdoor environments. It serves as a modular development platform primarily aimed at scientific research, industrial automation, and complex robotic applications.\" \/>\n<meta name=\"robots\" content=\"index, follow, max-snippet:-1, max-image-preview:large, max-video-preview:-1\" \/>\n<link rel=\"canonical\" href=\"https:\/\/www.ghostysky.com\/es\/producto-2\/yuhesen-fr-mid\/\" \/>\n<meta property=\"og:locale\" content=\"es_ES\" \/>\n<meta property=\"og:type\" content=\"article\" \/>\n<meta property=\"og:title\" content=\"Yuhesen FR-mid - Ghostysky\" \/>\n<meta property=\"og:description\" content=\"The Yuhesen FR-mid is an all-purpose Unmanned Ground Vehicle (UGV) chassis designed for high-performance mobility in both indoor and outdoor environments. It serves as a modular development platform primarily aimed at scientific research, industrial automation, and complex robotic applications.\" \/>\n<meta property=\"og:url\" content=\"https:\/\/www.ghostysky.com\/es\/producto-2\/yuhesen-fr-mid\/\" \/>\n<meta property=\"og:site_name\" content=\"Ghostysky\" \/>\n<meta property=\"article:publisher\" content=\"https:\/\/www.facebook.com\/people\/Ghostysky\/100057676170234\/\" \/>\n<meta property=\"article:modified_time\" content=\"2026-04-12T07:48:08+00:00\" \/>\n<meta property=\"og:image\" content=\"https:\/\/www.ghostysky.com\/wp-content\/uploads\/2026\/04\/GH_Yuhesen-FR-mid_1.png\" \/>\n\t<meta property=\"og:image:width\" content=\"300\" \/>\n\t<meta property=\"og:image:height\" content=\"240\" \/>\n\t<meta property=\"og:image:type\" content=\"image\/png\" \/>\n<meta name=\"twitter:card\" content=\"summary_large_image\" \/>\n<meta name=\"twitter:site\" content=\"@Gh0stysky\" \/>\n<meta name=\"twitter:label1\" content=\"Tiempo de lectura\" \/>\n\t<meta name=\"twitter:data1\" content=\"2 minutos\" \/>\n<script type=\"application\/ld+json\" class=\"yoast-schema-graph\">{\"@context\":\"https:\/\/schema.org\",\"@graph\":[{\"@type\":\"WebPage\",\"@id\":\"https:\/\/www.ghostysky.com\/product\/yuhesen-fr-mid\/\",\"url\":\"https:\/\/www.ghostysky.com\/product\/yuhesen-fr-mid\/\",\"name\":\"Yuhesen FR-mid - Ghostysky\",\"isPartOf\":{\"@id\":\"https:\/\/www.ghostysky.com\/#website\"},\"primaryImageOfPage\":{\"@id\":\"https:\/\/www.ghostysky.com\/product\/yuhesen-fr-mid\/#primaryimage\"},\"image\":{\"@id\":\"https:\/\/www.ghostysky.com\/product\/yuhesen-fr-mid\/#primaryimage\"},\"thumbnailUrl\":\"https:\/\/www.ghostysky.com\/wp-content\/uploads\/2026\/04\/GH_Yuhesen-FR-mid_1.png\",\"datePublished\":\"2026-04-12T07:17:55+00:00\",\"dateModified\":\"2026-04-12T07:48:08+00:00\",\"description\":\"The Yuhesen FR-mid is an all-purpose Unmanned Ground Vehicle (UGV) chassis designed for high-performance mobility in both indoor and outdoor environments. It serves as a modular development platform primarily aimed at scientific research, industrial automation, and complex robotic applications.\",\"breadcrumb\":{\"@id\":\"https:\/\/www.ghostysky.com\/product\/yuhesen-fr-mid\/#breadcrumb\"},\"inLanguage\":\"es\",\"potentialAction\":[{\"@type\":\"ReadAction\",\"target\":[\"https:\/\/www.ghostysky.com\/product\/yuhesen-fr-mid\/\"]}]},{\"@type\":\"ImageObject\",\"inLanguage\":\"es\",\"@id\":\"https:\/\/www.ghostysky.com\/product\/yuhesen-fr-mid\/#primaryimage\",\"url\":\"https:\/\/www.ghostysky.com\/wp-content\/uploads\/2026\/04\/GH_Yuhesen-FR-mid_1.png\",\"contentUrl\":\"https:\/\/www.ghostysky.com\/wp-content\/uploads\/2026\/04\/GH_Yuhesen-FR-mid_1.png\",\"width\":300,\"height\":240},{\"@type\":\"BreadcrumbList\",\"@id\":\"https:\/\/www.ghostysky.com\/product\/yuhesen-fr-mid\/#breadcrumb\",\"itemListElement\":[{\"@type\":\"ListItem\",\"position\":1,\"name\":\"Home\",\"item\":\"https:\/\/www.ghostysky.com\/\"},{\"@type\":\"ListItem\",\"position\":2,\"name\":\"Shop\",\"item\":\"https:\/\/www.ghostysky.com\/shop\/\"},{\"@type\":\"ListItem\",\"position\":3,\"name\":\"Yuhesen FR-mid\"}]},{\"@type\":\"WebSite\",\"@id\":\"https:\/\/www.ghostysky.com\/#website\",\"url\":\"https:\/\/www.ghostysky.com\/\",\"name\":\"Ghostysky\",\"description\":\"Delivering professional drones and services\",\"publisher\":{\"@id\":\"https:\/\/www.ghostysky.com\/#organization\"},\"potentialAction\":[{\"@type\":\"SearchAction\",\"target\":{\"@type\":\"EntryPoint\",\"urlTemplate\":\"https:\/\/www.ghostysky.com\/?s={search_term_string}\"},\"query-input\":{\"@type\":\"PropertyValueSpecification\",\"valueRequired\":true,\"valueName\":\"search_term_string\"}}],\"inLanguage\":\"es\"},{\"@type\":\"Organization\",\"@id\":\"https:\/\/www.ghostysky.com\/#organization\",\"name\":\"Ghostysky\",\"url\":\"https:\/\/www.ghostysky.com\/\",\"logo\":{\"@type\":\"ImageObject\",\"inLanguage\":\"es\",\"@id\":\"https:\/\/www.ghostysky.com\/#\/schema\/logo\/image\/\",\"url\":\"https:\/\/www.ghostysky.com\/wp-content\/uploads\/2020\/06\/cropped-ghostyskylogo_text_white2.png\",\"contentUrl\":\"https:\/\/www.ghostysky.com\/wp-content\/uploads\/2020\/06\/cropped-ghostyskylogo_text_white2.png\",\"width\":169,\"height\":56,\"caption\":\"Ghostysky\"},\"image\":{\"@id\":\"https:\/\/www.ghostysky.com\/#\/schema\/logo\/image\/\"},\"sameAs\":[\"https:\/\/www.facebook.com\/people\/Ghostysky\/100057676170234\/\",\"https:\/\/x.com\/Gh0stysky\",\"https:\/\/www.linkedin.com\/company\/34739653\",\"https:\/\/www.instagram.com\/gh0stysky\"]}]}<\/script>\n<!-- \/ Yoast SEO plugin. -->","yoast_head_json":{"title":"Yuhesen FR-mid - Ghostysky","description":"El Yuhesen FR-mid es un chasis para veh\u00edculos terrestres no tripulados (UGV) de uso general, dise\u00f1ado para ofrecer una movilidad de alto rendimiento tanto en interiores como en exteriores. Sirve como plataforma de desarrollo modular, principalmente orientada a la investigaci\u00f3n cient\u00edfica, la automatizaci\u00f3n industrial y las aplicaciones rob\u00f3ticas complejas.","robots":{"index":"index","follow":"follow","max-snippet":"max-snippet:-1","max-image-preview":"max-image-preview:large","max-video-preview":"max-video-preview:-1"},"canonical":"https:\/\/www.ghostysky.com\/es\/producto-2\/yuhesen-fr-mid\/","og_locale":"es_ES","og_type":"article","og_title":"Yuhesen FR-mid - Ghostysky","og_description":"The Yuhesen FR-mid is an all-purpose Unmanned Ground Vehicle (UGV) chassis designed for high-performance mobility in both indoor and outdoor environments. It serves as a modular development platform primarily aimed at scientific research, industrial automation, and complex robotic applications.","og_url":"https:\/\/www.ghostysky.com\/es\/producto-2\/yuhesen-fr-mid\/","og_site_name":"Ghostysky","article_publisher":"https:\/\/www.facebook.com\/people\/Ghostysky\/100057676170234\/","article_modified_time":"2026-04-12T07:48:08+00:00","og_image":[{"width":300,"height":240,"url":"https:\/\/www.ghostysky.com\/wp-content\/uploads\/2026\/04\/GH_Yuhesen-FR-mid_1.png","type":"image\/png"}],"twitter_card":"summary_large_image","twitter_site":"@Gh0stysky","twitter_misc":{"Tiempo de lectura":"2 minutos"},"schema":{"@context":"https:\/\/schema.org","@graph":[{"@type":"WebPage","@id":"https:\/\/www.ghostysky.com\/product\/yuhesen-fr-mid\/","url":"https:\/\/www.ghostysky.com\/product\/yuhesen-fr-mid\/","name":"Yuhesen FR-mid - Ghostysky","isPartOf":{"@id":"https:\/\/www.ghostysky.com\/#website"},"primaryImageOfPage":{"@id":"https:\/\/www.ghostysky.com\/product\/yuhesen-fr-mid\/#primaryimage"},"image":{"@id":"https:\/\/www.ghostysky.com\/product\/yuhesen-fr-mid\/#primaryimage"},"thumbnailUrl":"https:\/\/www.ghostysky.com\/wp-content\/uploads\/2026\/04\/GH_Yuhesen-FR-mid_1.png","datePublished":"2026-04-12T07:17:55+00:00","dateModified":"2026-04-12T07:48:08+00:00","description":"El Yuhesen FR-mid es un chasis para veh\u00edculos terrestres no tripulados (UGV) de uso general, dise\u00f1ado para ofrecer una movilidad de alto rendimiento tanto en interiores como en exteriores. Sirve como plataforma de desarrollo modular, principalmente orientada a la investigaci\u00f3n cient\u00edfica, la automatizaci\u00f3n industrial y las aplicaciones rob\u00f3ticas complejas.","breadcrumb":{"@id":"https:\/\/www.ghostysky.com\/product\/yuhesen-fr-mid\/#breadcrumb"},"inLanguage":"es","potentialAction":[{"@type":"ReadAction","target":["https:\/\/www.ghostysky.com\/product\/yuhesen-fr-mid\/"]}]},{"@type":"ImageObject","inLanguage":"es","@id":"https:\/\/www.ghostysky.com\/product\/yuhesen-fr-mid\/#primaryimage","url":"https:\/\/www.ghostysky.com\/wp-content\/uploads\/2026\/04\/GH_Yuhesen-FR-mid_1.png","contentUrl":"https:\/\/www.ghostysky.com\/wp-content\/uploads\/2026\/04\/GH_Yuhesen-FR-mid_1.png","width":300,"height":240},{"@type":"BreadcrumbList","@id":"https:\/\/www.ghostysky.com\/product\/yuhesen-fr-mid\/#breadcrumb","itemListElement":[{"@type":"ListItem","position":1,"name":"Home","item":"https:\/\/www.ghostysky.com\/"},{"@type":"ListItem","position":2,"name":"Shop","item":"https:\/\/www.ghostysky.com\/shop\/"},{"@type":"ListItem","position":3,"name":"Yuhesen FR-mid"}]},{"@type":"WebSite","@id":"https:\/\/www.ghostysky.com\/#website","url":"https:\/\/www.ghostysky.com\/","name":"Ghostysky","description":"Entrega de drones y servicios profesionales","publisher":{"@id":"https:\/\/www.ghostysky.com\/#organization"},"potentialAction":[{"@type":"SearchAction","target":{"@type":"EntryPoint","urlTemplate":"https:\/\/www.ghostysky.com\/?s={search_term_string}"},"query-input":{"@type":"PropertyValueSpecification","valueRequired":true,"valueName":"search_term_string"}}],"inLanguage":"es"},{"@type":"Organization","@id":"https:\/\/www.ghostysky.com\/#organization","name":"Ghostysky","url":"https:\/\/www.ghostysky.com\/","logo":{"@type":"ImageObject","inLanguage":"es","@id":"https:\/\/www.ghostysky.com\/#\/schema\/logo\/image\/","url":"https:\/\/www.ghostysky.com\/wp-content\/uploads\/2020\/06\/cropped-ghostyskylogo_text_white2.png","contentUrl":"https:\/\/www.ghostysky.com\/wp-content\/uploads\/2020\/06\/cropped-ghostyskylogo_text_white2.png","width":169,"height":56,"caption":"Ghostysky"},"image":{"@id":"https:\/\/www.ghostysky.com\/#\/schema\/logo\/image\/"},"sameAs":["https:\/\/www.facebook.com\/people\/Ghostysky\/100057676170234\/","https:\/\/x.com\/Gh0stysky","https:\/\/www.linkedin.com\/company\/34739653","https:\/\/www.instagram.com\/gh0stysky"]}]}},"_links":{"self":[{"href":"https:\/\/www.ghostysky.com\/es\/wp-json\/wp\/v2\/product\/25235","targetHints":{"allow":["GET"]}}],"collection":[{"href":"https:\/\/www.ghostysky.com\/es\/wp-json\/wp\/v2\/product"}],"about":[{"href":"https:\/\/www.ghostysky.com\/es\/wp-json\/wp\/v2\/types\/product"}],"replies":[{"embeddable":true,"href":"https:\/\/www.ghostysky.com\/es\/wp-json\/wp\/v2\/comments?post=25235"}],"wp:featuredmedia":[{"embeddable":true,"href":"https:\/\/www.ghostysky.com\/es\/wp-json\/wp\/v2\/media\/25237"}],"wp:attachment":[{"href":"https:\/\/www.ghostysky.com\/es\/wp-json\/wp\/v2\/media?parent=25235"}],"wp:term":[{"taxonomy":"product_brand","embeddable":true,"href":"https:\/\/www.ghostysky.com\/es\/wp-json\/wp\/v2\/product_brand?post=25235"},{"taxonomy":"product_cat","embeddable":true,"href":"https:\/\/www.ghostysky.com\/es\/wp-json\/wp\/v2\/product_cat?post=25235"},{"taxonomy":"product_tag","embeddable":true,"href":"https:\/\/www.ghostysky.com\/es\/wp-json\/wp\/v2\/product_tag?post=25235"}],"curies":[{"name":"wp","href":"https:\/\/api.w.org\/{rel}","templated":true}]}}