{"id":25242,"date":"2026-04-12T08:03:59","date_gmt":"2026-04-12T08:03:59","guid":{"rendered":"https:\/\/www.ghostysky.com\/?post_type=product&#038;p=25242"},"modified":"2026-04-12T08:11:07","modified_gmt":"2026-04-12T08:11:07","slug":"yuhesen-fr-max-70ah","status":"publish","type":"product","link":"https:\/\/www.ghostysky.com\/es\/product\/yuhesen-fr-max-70ah\/","title":{"rendered":"Yuhesen FR-Max (70AH)"},"content":{"rendered":"<h3 data-path-to-node=\"2\"><b data-path-to-node=\"2\" data-index-in-node=\"0\">Caracter\u00edsticas clave<\/b><\/h3>\n<ul data-path-to-node=\"3\">\n<li>\n<p id=\"p-rc_30410776a2c5e758-25\" data-path-to-node=\"3,0,0\"><b data-path-to-node=\"3,0,0\" data-index-in-node=\"0\"><span class=\"citation-23\">Movilidad omnidireccional:<\/span><\/b><span class=\"citation-23 citation-end-23\"> Gracias a su sistema de tracci\u00f3n y direcci\u00f3n independiente en las cuatro ruedas (4WD\/4WS), el FR-max permite realizar maniobras complejas, como giros sobre el eje, desplazamientos laterales (movimiento de cangrejo) y movimientos oblicuos.<\/span><\/p>\n<\/li>\n<li>\n<p id=\"p-rc_30410776a2c5e758-26\" data-path-to-node=\"3,1,0\"><b data-path-to-node=\"3,1,0\" data-index-in-node=\"0\">Rendimiento de servicio pesado:<\/b><span class=\"citation-22 citation-end-22\"> Construido con una carrocer\u00eda integrada de alta resistencia, est\u00e1 dise\u00f1ado para transportar cargas \u00fatiles sustanciales sobre superficies irregulares.<\/span><\/p>\n<\/li>\n<li>\n<p id=\"p-rc_30410776a2c5e758-27\" data-path-to-node=\"3,2,0\"><b data-path-to-node=\"3,2,0\" data-index-in-node=\"0\"><span class=\"citation-21\">Suspensi\u00f3n avanzada:<\/span><\/b><span class=\"citation-21\"> Equipado con un sistema de suspensi\u00f3n independiente y una distancia al suelo de aproximadamente <\/span><b data-path-to-node=\"3,2,0\" data-index-in-node=\"108\"><span class=\"citation-21\">100 mm<\/span><\/b><span class=\"citation-21 citation-end-21\">, lo que le permite superar obst\u00e1culos y desplazarse por entornos dif\u00edciles.<\/span><\/p>\n<\/li>\n<li>\n<p data-path-to-node=\"3,3,0\"><b data-path-to-node=\"3,3,0\" data-index-in-node=\"0\">Protecci\u00f3n de grado industrial:<\/b> Normalmente se califica con <b data-path-to-node=\"3,3,0\" data-index-in-node=\"48\">IP44<\/b>, lo que lo hace resistente a las salpicaduras y apto para uso industrial tanto en interiores como en exteriores.<\/p>\n<\/li>\n<li>\n<p id=\"p-rc_30410776a2c5e758-28\" data-path-to-node=\"3,4,0\"><b data-path-to-node=\"3,4,0\" data-index-in-node=\"0\">Control inteligente:<\/b><span class=\"citation-20 citation-end-20\"> Admite la comunicaci\u00f3n CAN2.0B y es compatible con los paquetes de controladores ROS est\u00e1ndar (SDK), lo que lo convierte en uno de los favoritos para investigadores y desarrolladores.<\/span><\/p>\n<p>&nbsp;<\/li>\n<\/ul>\n<h3 data-path-to-node=\"5\"><b data-path-to-node=\"5\" data-index-in-node=\"0\">Especificaciones t\u00e9cnicas (configuraci\u00f3n de 70 Ah)<\/b><\/h3>\n<table data-path-to-node=\"6\">\n<thead>\n<tr>\n<td><strong>Caracter\u00edstica<\/strong><\/td>\n<td><strong>Especificaci\u00f3n<\/strong><\/td>\n<\/tr>\n<\/thead>\n<tbody>\n<tr>\n<td><span data-path-to-node=\"6,1,0,0\"><b data-path-to-node=\"6,1,0,0\" data-index-in-node=\"0\">Capacidad de la bater\u00eda<\/b><\/span><\/td>\n<td><span data-path-to-node=\"6,1,1,0\">48V \/ 70Ah (Litio de alta resistencia)<\/span><\/td>\n<\/tr>\n<tr>\n<td><span data-path-to-node=\"6,2,0,0\"><b data-path-to-node=\"6,2,0,0\" data-index-in-node=\"0\">Carga \u00fatil m\u00e1xima<\/b><\/span><\/td>\n<td><span data-path-to-node=\"6,2,1,0\">250 kg \u2013 300 kg (dependiendo del modelo)<\/span><\/td>\n<\/tr>\n<tr>\n<td><span data-path-to-node=\"6,3,0,0\"><b data-path-to-node=\"6,3,0,0\" data-index-in-node=\"0\">M\u00e1xima velocidad<\/b><\/span><\/td>\n<td><span data-path-to-node=\"6,3,1,0\">~7,2 km\/h<\/span><\/td>\n<\/tr>\n<tr>\n<td><span data-path-to-node=\"6,4,0,0\"><b data-path-to-node=\"6,4,0,0\" data-index-in-node=\"0\">Kilometraje (70 Ah)<\/b><\/span><\/td>\n<td><span data-path-to-node=\"6,4,1,0\">Arriba a <b data-path-to-node=\"6,4,1,0\" data-index-in-node=\"6\">120 km<\/b> (sin carga) \/ <b data-path-to-node=\"6,4,1,0\" data-index-in-node=\"24\">55 km<\/b> (cargado)<\/span><\/td>\n<\/tr>\n<tr>\n<td><span data-path-to-node=\"6,5,0,0\"><b data-path-to-node=\"6,5,0,0\" data-index-in-node=\"0\">Capacidad de escalada<\/b><\/span><\/td>\n<td><span data-path-to-node=\"6,5,1,0\">20\u00b0 (sin carga) \/ 10\u00b0 (con carga)<\/span><\/td>\n<\/tr>\n<tr>\n<td><span data-path-to-node=\"6,6,0,0\"><b data-path-to-node=\"6,6,0,0\" data-index-in-node=\"0\">Tiempo de carga<\/b><\/span><\/td>\n<td><span data-path-to-node=\"6,6,1,0\">4-5 horas (con adaptador de 10 A)<\/span><\/td>\n<\/tr>\n<tr>\n<td><span data-path-to-node=\"6,7,0,0\"><b data-path-to-node=\"6,7,0,0\" data-index-in-node=\"0\">Motores de accionamiento<\/b><\/span><\/td>\n<td><span data-path-to-node=\"6,7,1,0\">4 motores de cubo de 600 W<\/span><\/td>\n<\/tr>\n<tr>\n<td><span data-path-to-node=\"6,8,0,0\"><b data-path-to-node=\"6,8,0,0\" data-index-in-node=\"0\">Temperatura de funcionamiento<\/b><\/span><\/td>\n<td><span data-path-to-node=\"6,8,1,0\">-20\u00b0C a 50\u00b0C<\/span><\/td>\n<\/tr>\n<\/tbody>\n<\/table>\n<p>&nbsp;<\/p>\n<h3 data-path-to-node=\"8\"><b data-path-to-node=\"8\" data-index-in-node=\"0\">Mejores casos de uso<\/b><\/h3>\n<ul data-path-to-node=\"9\">\n<li>\n<p data-path-to-node=\"9,0,0\"><b data-path-to-node=\"9,0,0\" data-index-in-node=\"0\">Log\u00edstica Industrial:<\/b> Traslado de materiales pesados en pasillos estrechos de almac\u00e9n mediante la capacidad de desplazamiento lateral.<\/p>\n<\/li>\n<li>\n<p data-path-to-node=\"9,1,0\"><b data-path-to-node=\"9,1,0\" data-index-in-node=\"0\">Inspecci\u00f3n aut\u00f3noma:<\/b> Seguridad perimetral de largo alcance o vigilancia de instalaciones donde la autonom\u00eda extendida de la bater\u00eda de 70 Ah es fundamental.<\/p>\n<\/li>\n<li>\n<p data-path-to-node=\"9,2,0\"><b data-path-to-node=\"9,2,0\" data-index-in-node=\"0\">Investigaci\u00f3n y desarrollo:<\/b> Una plataforma robusta para probar algoritmos SLAM, navegaci\u00f3n por IA y fusi\u00f3n de sensores en condiciones del mundo real.<\/p>\n<\/li>\n<li>\n<p data-path-to-node=\"9,3,0\"><b data-path-to-node=\"9,3,0\" data-index-in-node=\"0\">Exploraci\u00f3n al aire libre:<\/b> Capaz de sortear terrenos de grava, hierba y ligeras pendientes que detendr\u00edan a los robots con ruedas convencionales.<\/p>\n<\/li>\n<\/ul>\n<blockquote data-path-to-node=\"10\">\n<p data-path-to-node=\"10,0\"><b data-path-to-node=\"10,0\" data-index-in-node=\"0\">Nota:<\/b> Dado que Yuhesen actualiza su hardware con frecuencia, siempre es recomendable verificar la carga \u00fatil exacta y la clasificaci\u00f3n IP para su lote de producci\u00f3n espec\u00edfico, ya que pueden producirse peque\u00f1os ajustes de dise\u00f1o entre las versiones &quot;FR-max&quot; y &quot;FR-max Pro&quot;.<\/p>\n<\/blockquote>\n<h3 data-path-to-node=\"9\"><b data-path-to-node=\"9\" data-index-in-node=\"0\">Especificaciones t\u00e9cnicas (detalladas)<\/b><\/h3>\n<p><a href=\"https:\/\/www.ghostysky.com\/wp-content\/uploads\/2026\/04\/GH_Yuhesen_FR-max\uff0840AH\uff09_Descp_1-scaled.png\"><img fetchpriority=\"high\" decoding=\"async\" class=\"alignnone wp-image-25241 size-full lazyload\" src=\"datos:imagen\/gif;base64,R0lGODlhAQABAAAAACH5BAEKAAEALAAAAAABAAEAAAICTAEAOw==\" alt=\"\" width=\"1088\" height=\"2438\" sizes=\"(max-width: 1088px) 100vw, 1088px\" data-src=\"datos:imagen\/gif;base64,R0lGODlhAQABAAAAACH5BAEKAAEALAAAAAABAAEAAAICTAEAOw==\" data-srcset=\"\" srcset=\"\"><\/a><\/p>","protected":false},"excerpt":{"rendered":"<p data-path-to-node=\"0\"><span class=\"citation-24 interactive-span-hovered\">El <\/span><b data-path-to-node=\"0\" data-index-in-node=\"4\"><span class=\"citation-24 interactive-span-hovered\">Yuhesen FR-max (70 Ah)<\/span><\/b><span class=\"citation-24 citation-end-24 interactive-span-hovered\"> Es un chasis de robot m\u00f3vil omnidireccional de alta resistencia dise\u00f1ado para aplicaciones industriales y terrenos complejos.<\/span> Aunque viene de serie con una bater\u00eda de 40 Ah, <b data-path-to-node=\"0\" data-index-in-node=\"187\">Actualizaci\u00f3n de 70 Ah<\/b> Est\u00e1 dise\u00f1ado espec\u00edficamente para misiones de alta resistencia, lo que ampl\u00eda significativamente el kilometraje operativo y el tiempo de funcionamiento del robot.<\/p>","protected":false},"featured_media":25240,"comment_status":"open","ping_status":"closed","template":"","meta":[],"product_brand":[1389],"product_cat":[1042,1037,1384,1385],"product_tag":[1432,1395,1387,1390],"class_list":{"0":"post-25242","1":"product","2":"type-product","3":"status-publish","4":"has-post-thumbnail","6":"product_brand-yuhesen","7":"product_cat-chassis","8":"product_cat-robotics","9":"product_cat-yuhesen","10":"product_cat-yuhesen-ugv-chassis","11":"product_tag-ackermann-steering-ugv","12":"product_tag-mik-mid","13":"product_tag-ugv","14":"product_tag-yuhesen-ugv-chassis","16":"first","17":"onbackorder","18":"taxable","19":"shipping-taxable","20":"purchasable","21":"product-type-simple"},"yoast_head":"<!-- This site is optimized with the Yoast SEO plugin v27.1.1 - https:\/\/yoast.com\/product\/yoast-seo-wordpress\/ -->\n<title>Yuhesen FR-Max (70AH) - Ghostysky<\/title>\n<meta name=\"description\" content=\"The Yuhesen FR-max (70Ah) is a heavy-duty, omnidirectional mobile robot chassis designed for industrial applications and complex terrain. While it comes standard with a 40Ah battery, the 70Ah upgrade is specifically engineered for high-endurance missions, significantly extending the robot&#039;s operational mileage and runtime.\" \/>\n<meta name=\"robots\" content=\"index, follow, max-snippet:-1, max-image-preview:large, max-video-preview:-1\" \/>\n<link rel=\"canonical\" href=\"https:\/\/www.ghostysky.com\/es\/producto-2\/yuhesen-fr-max-70ah\/\" \/>\n<meta property=\"og:locale\" content=\"es_ES\" \/>\n<meta property=\"og:type\" content=\"article\" \/>\n<meta property=\"og:title\" content=\"Yuhesen FR-Max (70AH) - Ghostysky\" \/>\n<meta property=\"og:description\" content=\"The Yuhesen FR-max (70Ah) is a heavy-duty, omnidirectional mobile robot chassis designed for industrial applications and complex terrain. While it comes standard with a 40Ah battery, the 70Ah upgrade is specifically engineered for high-endurance missions, significantly extending the robot&#039;s operational mileage and runtime.\" \/>\n<meta property=\"og:url\" content=\"https:\/\/www.ghostysky.com\/es\/producto-2\/yuhesen-fr-max-70ah\/\" \/>\n<meta property=\"og:site_name\" content=\"Ghostysky\" \/>\n<meta property=\"article:publisher\" content=\"https:\/\/www.facebook.com\/people\/Ghostysky\/100057676170234\/\" \/>\n<meta property=\"article:modified_time\" content=\"2026-04-12T08:11:07+00:00\" \/>\n<meta property=\"og:image\" content=\"https:\/\/www.ghostysky.com\/wp-content\/uploads\/2026\/04\/GH_FR-max\uff0840AH\uff09_1.png\" \/>\n\t<meta property=\"og:image:width\" content=\"300\" \/>\n\t<meta property=\"og:image:height\" content=\"240\" \/>\n\t<meta property=\"og:image:type\" content=\"image\/png\" \/>\n<meta name=\"twitter:card\" content=\"summary_large_image\" \/>\n<meta name=\"twitter:site\" content=\"@Gh0stysky\" \/>\n<meta name=\"twitter:label1\" content=\"Tiempo de lectura\" \/>\n\t<meta name=\"twitter:data1\" content=\"2 minutos\" \/>\n<script type=\"application\/ld+json\" class=\"yoast-schema-graph\">{\"@context\":\"https:\/\/schema.org\",\"@graph\":[{\"@type\":\"WebPage\",\"@id\":\"https:\/\/www.ghostysky.com\/product\/yuhesen-fr-max-70ah\/\",\"url\":\"https:\/\/www.ghostysky.com\/product\/yuhesen-fr-max-70ah\/\",\"name\":\"Yuhesen FR-Max (70AH) - Ghostysky\",\"isPartOf\":{\"@id\":\"https:\/\/www.ghostysky.com\/#website\"},\"primaryImageOfPage\":{\"@id\":\"https:\/\/www.ghostysky.com\/product\/yuhesen-fr-max-70ah\/#primaryimage\"},\"image\":{\"@id\":\"https:\/\/www.ghostysky.com\/product\/yuhesen-fr-max-70ah\/#primaryimage\"},\"thumbnailUrl\":\"https:\/\/www.ghostysky.com\/wp-content\/uploads\/2026\/04\/GH_FR-max\uff0840AH\uff09_1.png\",\"datePublished\":\"2026-04-12T08:03:59+00:00\",\"dateModified\":\"2026-04-12T08:11:07+00:00\",\"description\":\"The Yuhesen FR-max (70Ah) is a heavy-duty, omnidirectional mobile robot chassis designed for industrial applications and complex terrain. While it comes standard with a 40Ah battery, the 70Ah upgrade is specifically engineered for high-endurance missions, significantly extending the robot's operational mileage and runtime.\",\"breadcrumb\":{\"@id\":\"https:\/\/www.ghostysky.com\/product\/yuhesen-fr-max-70ah\/#breadcrumb\"},\"inLanguage\":\"es\",\"potentialAction\":[{\"@type\":\"ReadAction\",\"target\":[\"https:\/\/www.ghostysky.com\/product\/yuhesen-fr-max-70ah\/\"]}]},{\"@type\":\"ImageObject\",\"inLanguage\":\"es\",\"@id\":\"https:\/\/www.ghostysky.com\/product\/yuhesen-fr-max-70ah\/#primaryimage\",\"url\":\"https:\/\/www.ghostysky.com\/wp-content\/uploads\/2026\/04\/GH_FR-max\uff0840AH\uff09_1.png\",\"contentUrl\":\"https:\/\/www.ghostysky.com\/wp-content\/uploads\/2026\/04\/GH_FR-max\uff0840AH\uff09_1.png\",\"width\":300,\"height\":240},{\"@type\":\"BreadcrumbList\",\"@id\":\"https:\/\/www.ghostysky.com\/product\/yuhesen-fr-max-70ah\/#breadcrumb\",\"itemListElement\":[{\"@type\":\"ListItem\",\"position\":1,\"name\":\"Home\",\"item\":\"https:\/\/www.ghostysky.com\/\"},{\"@type\":\"ListItem\",\"position\":2,\"name\":\"Shop\",\"item\":\"https:\/\/www.ghostysky.com\/shop\/\"},{\"@type\":\"ListItem\",\"position\":3,\"name\":\"Yuhesen FR-Max (70AH)\"}]},{\"@type\":\"WebSite\",\"@id\":\"https:\/\/www.ghostysky.com\/#website\",\"url\":\"https:\/\/www.ghostysky.com\/\",\"name\":\"Ghostysky\",\"description\":\"Delivering professional drones and services\",\"publisher\":{\"@id\":\"https:\/\/www.ghostysky.com\/#organization\"},\"potentialAction\":[{\"@type\":\"SearchAction\",\"target\":{\"@type\":\"EntryPoint\",\"urlTemplate\":\"https:\/\/www.ghostysky.com\/?s={search_term_string}\"},\"query-input\":{\"@type\":\"PropertyValueSpecification\",\"valueRequired\":true,\"valueName\":\"search_term_string\"}}],\"inLanguage\":\"es\"},{\"@type\":\"Organization\",\"@id\":\"https:\/\/www.ghostysky.com\/#organization\",\"name\":\"Ghostysky\",\"url\":\"https:\/\/www.ghostysky.com\/\",\"logo\":{\"@type\":\"ImageObject\",\"inLanguage\":\"es\",\"@id\":\"https:\/\/www.ghostysky.com\/#\/schema\/logo\/image\/\",\"url\":\"https:\/\/www.ghostysky.com\/wp-content\/uploads\/2020\/06\/cropped-ghostyskylogo_text_white2.png\",\"contentUrl\":\"https:\/\/www.ghostysky.com\/wp-content\/uploads\/2020\/06\/cropped-ghostyskylogo_text_white2.png\",\"width\":169,\"height\":56,\"caption\":\"Ghostysky\"},\"image\":{\"@id\":\"https:\/\/www.ghostysky.com\/#\/schema\/logo\/image\/\"},\"sameAs\":[\"https:\/\/www.facebook.com\/people\/Ghostysky\/100057676170234\/\",\"https:\/\/x.com\/Gh0stysky\",\"https:\/\/www.linkedin.com\/company\/34739653\",\"https:\/\/www.instagram.com\/gh0stysky\"]}]}<\/script>\n<!-- \/ Yoast SEO plugin. -->","yoast_head_json":{"title":"Yuhesen FR-Max (70AH) - Ghostysky","description":"El Yuhesen FR-max (70 Ah) es un chasis de robot m\u00f3vil omnidireccional de alta resistencia dise\u00f1ado para aplicaciones industriales y terrenos complejos. Si bien viene de serie con una bater\u00eda de 40 Ah, la actualizaci\u00f3n a 70 Ah est\u00e1 dise\u00f1ada espec\u00edficamente para misiones de alta duraci\u00f3n, lo que aumenta significativamente la autonom\u00eda y el tiempo de funcionamiento del robot.","robots":{"index":"index","follow":"follow","max-snippet":"max-snippet:-1","max-image-preview":"max-image-preview:large","max-video-preview":"max-video-preview:-1"},"canonical":"https:\/\/www.ghostysky.com\/es\/producto-2\/yuhesen-fr-max-70ah\/","og_locale":"es_ES","og_type":"article","og_title":"Yuhesen FR-Max (70AH) - Ghostysky","og_description":"The Yuhesen FR-max (70Ah) is a heavy-duty, omnidirectional mobile robot chassis designed for industrial applications and complex terrain. While it comes standard with a 40Ah battery, the 70Ah upgrade is specifically engineered for high-endurance missions, significantly extending the robot's operational mileage and runtime.","og_url":"https:\/\/www.ghostysky.com\/es\/producto-2\/yuhesen-fr-max-70ah\/","og_site_name":"Ghostysky","article_publisher":"https:\/\/www.facebook.com\/people\/Ghostysky\/100057676170234\/","article_modified_time":"2026-04-12T08:11:07+00:00","og_image":[{"width":300,"height":240,"url":"https:\/\/www.ghostysky.com\/wp-content\/uploads\/2026\/04\/GH_FR-max\uff0840AH\uff09_1.png","type":"image\/png"}],"twitter_card":"summary_large_image","twitter_site":"@Gh0stysky","twitter_misc":{"Tiempo de lectura":"2 minutos"},"schema":{"@context":"https:\/\/schema.org","@graph":[{"@type":"WebPage","@id":"https:\/\/www.ghostysky.com\/product\/yuhesen-fr-max-70ah\/","url":"https:\/\/www.ghostysky.com\/product\/yuhesen-fr-max-70ah\/","name":"Yuhesen FR-Max (70AH) - Ghostysky","isPartOf":{"@id":"https:\/\/www.ghostysky.com\/#website"},"primaryImageOfPage":{"@id":"https:\/\/www.ghostysky.com\/product\/yuhesen-fr-max-70ah\/#primaryimage"},"image":{"@id":"https:\/\/www.ghostysky.com\/product\/yuhesen-fr-max-70ah\/#primaryimage"},"thumbnailUrl":"https:\/\/www.ghostysky.com\/wp-content\/uploads\/2026\/04\/GH_FR-max\uff0840AH\uff09_1.png","datePublished":"2026-04-12T08:03:59+00:00","dateModified":"2026-04-12T08:11:07+00:00","description":"El Yuhesen FR-max (70 Ah) es un chasis de robot m\u00f3vil omnidireccional de alta resistencia dise\u00f1ado para aplicaciones industriales y terrenos complejos. Si bien viene de serie con una bater\u00eda de 40 Ah, la actualizaci\u00f3n a 70 Ah est\u00e1 dise\u00f1ada espec\u00edficamente para misiones de alta duraci\u00f3n, lo que aumenta significativamente la autonom\u00eda y el tiempo de funcionamiento del robot.","breadcrumb":{"@id":"https:\/\/www.ghostysky.com\/product\/yuhesen-fr-max-70ah\/#breadcrumb"},"inLanguage":"es","potentialAction":[{"@type":"ReadAction","target":["https:\/\/www.ghostysky.com\/product\/yuhesen-fr-max-70ah\/"]}]},{"@type":"ImageObject","inLanguage":"es","@id":"https:\/\/www.ghostysky.com\/product\/yuhesen-fr-max-70ah\/#primaryimage","url":"https:\/\/www.ghostysky.com\/wp-content\/uploads\/2026\/04\/GH_FR-max\uff0840AH\uff09_1.png","contentUrl":"https:\/\/www.ghostysky.com\/wp-content\/uploads\/2026\/04\/GH_FR-max\uff0840AH\uff09_1.png","width":300,"height":240},{"@type":"BreadcrumbList","@id":"https:\/\/www.ghostysky.com\/product\/yuhesen-fr-max-70ah\/#breadcrumb","itemListElement":[{"@type":"ListItem","position":1,"name":"Home","item":"https:\/\/www.ghostysky.com\/"},{"@type":"ListItem","position":2,"name":"Shop","item":"https:\/\/www.ghostysky.com\/shop\/"},{"@type":"ListItem","position":3,"name":"Yuhesen FR-Max (70AH)"}]},{"@type":"WebSite","@id":"https:\/\/www.ghostysky.com\/#website","url":"https:\/\/www.ghostysky.com\/","name":"Ghostysky","description":"Entrega de drones y servicios profesionales","publisher":{"@id":"https:\/\/www.ghostysky.com\/#organization"},"potentialAction":[{"@type":"SearchAction","target":{"@type":"EntryPoint","urlTemplate":"https:\/\/www.ghostysky.com\/?s={search_term_string}"},"query-input":{"@type":"PropertyValueSpecification","valueRequired":true,"valueName":"search_term_string"}}],"inLanguage":"es"},{"@type":"Organization","@id":"https:\/\/www.ghostysky.com\/#organization","name":"Ghostysky","url":"https:\/\/www.ghostysky.com\/","logo":{"@type":"ImageObject","inLanguage":"es","@id":"https:\/\/www.ghostysky.com\/#\/schema\/logo\/image\/","url":"https:\/\/www.ghostysky.com\/wp-content\/uploads\/2020\/06\/cropped-ghostyskylogo_text_white2.png","contentUrl":"https:\/\/www.ghostysky.com\/wp-content\/uploads\/2020\/06\/cropped-ghostyskylogo_text_white2.png","width":169,"height":56,"caption":"Ghostysky"},"image":{"@id":"https:\/\/www.ghostysky.com\/#\/schema\/logo\/image\/"},"sameAs":["https:\/\/www.facebook.com\/people\/Ghostysky\/100057676170234\/","https:\/\/x.com\/Gh0stysky","https:\/\/www.linkedin.com\/company\/34739653","https:\/\/www.instagram.com\/gh0stysky"]}]}},"_links":{"self":[{"href":"https:\/\/www.ghostysky.com\/es\/wp-json\/wp\/v2\/product\/25242","targetHints":{"allow":["GET"]}}],"collection":[{"href":"https:\/\/www.ghostysky.com\/es\/wp-json\/wp\/v2\/product"}],"about":[{"href":"https:\/\/www.ghostysky.com\/es\/wp-json\/wp\/v2\/types\/product"}],"replies":[{"embeddable":true,"href":"https:\/\/www.ghostysky.com\/es\/wp-json\/wp\/v2\/comments?post=25242"}],"wp:featuredmedia":[{"embeddable":true,"href":"https:\/\/www.ghostysky.com\/es\/wp-json\/wp\/v2\/media\/25240"}],"wp:attachment":[{"href":"https:\/\/www.ghostysky.com\/es\/wp-json\/wp\/v2\/media?parent=25242"}],"wp:term":[{"taxonomy":"product_brand","embeddable":true,"href":"https:\/\/www.ghostysky.com\/es\/wp-json\/wp\/v2\/product_brand?post=25242"},{"taxonomy":"product_cat","embeddable":true,"href":"https:\/\/www.ghostysky.com\/es\/wp-json\/wp\/v2\/product_cat?post=25242"},{"taxonomy":"product_tag","embeddable":true,"href":"https:\/\/www.ghostysky.com\/es\/wp-json\/wp\/v2\/product_tag?post=25242"}],"curies":[{"name":"wp","href":"https:\/\/api.w.org\/{rel}","templated":true}]}}