{"id":25243,"date":"2026-04-12T08:17:00","date_gmt":"2026-04-12T08:17:00","guid":{"rendered":"https:\/\/www.ghostysky.com\/?post_type=product&#038;p=25243"},"modified":"2026-04-12T08:29:26","modified_gmt":"2026-04-12T08:29:26","slug":"yuhesen-fr-mega","status":"publish","type":"product","link":"https:\/\/www.ghostysky.com\/es\/product\/yuhesen-fr-mega\/","title":{"rendered":"Yuhesen FR-Mega"},"content":{"rendered":"<h3 data-path-to-node=\"2\">Caracter\u00edsticas clave<\/h3>\n<ul data-path-to-node=\"3\">\n<li>\n<p id=\"p-rc_ce9c72c3a3301cf7-30\" data-path-to-node=\"3,0,0\"><b data-path-to-node=\"3,0,0\" data-index-in-node=\"0\">Arquitectura de direcci\u00f3n Ackermann:<\/b><span class=\"citation-38 citation-end-38\"> Utiliza un sistema de direcci\u00f3n Ackermann en las ruedas delanteras combinado con tracci\u00f3n en las ruedas traseras, imitando la direcci\u00f3n tradicional de los autom\u00f3viles para lograr maniobras precisas y reducir el desgaste de los neum\u00e1ticos.<\/span><\/p>\n<\/li>\n<li>\n<p id=\"p-rc_ce9c72c3a3301cf7-31\" data-path-to-node=\"3,1,0\"><b data-path-to-node=\"3,1,0\" data-index-in-node=\"0\">Alta capacidad de carga \u00fatil:<\/b><span class=\"citation-37\"> Dise\u00f1ado para transportar hasta <\/span><b data-path-to-node=\"3,1,0\" data-index-in-node=\"49\"><span class=\"citation-37\">600 kg<\/span><\/b><span class=\"citation-37 citation-end-37\">, lo que lo hace id\u00f3neo para aplicaciones de log\u00edstica pesada, agricultura y seguridad.<\/span><\/p>\n<\/li>\n<li>\n<p data-path-to-node=\"3,2,0\"><b data-path-to-node=\"3,2,0\" data-index-in-node=\"0\">Rendimiento todoterreno:<\/b> Con una gran distancia al suelo y un gran di\u00e1metro de neum\u00e1ticos, puede superar obst\u00e1culos de hasta <b data-path-to-node=\"3,2,0\" data-index-in-node=\"109\">140 mm<\/b> y pendientes de <b data-path-to-node=\"3,2,0\" data-index-in-node=\"131\">30\u00b0<\/b> cuando est\u00e1 descargado.<\/p>\n<\/li>\n<li>\n<p data-path-to-node=\"3,3,0\"><b data-path-to-node=\"3,3,0\" data-index-in-node=\"0\">Integraci\u00f3n modular de ROS:<\/b> Dise\u00f1ado espec\u00edficamente para desarrolladores, es compatible con el ecosistema ROS\/ROS2 y proporciona SDK est\u00e1ndar, lo que permite una r\u00e1pida implementaci\u00f3n de navegaci\u00f3n aut\u00f3noma, LiDAR y fusi\u00f3n multisensor.<\/p>\n<\/li>\n<li>\n<p id=\"p-rc_ce9c72c3a3301cf7-32\" data-path-to-node=\"3,4,0\"><b data-path-to-node=\"3,4,0\" data-index-in-node=\"0\"><span class=\"citation-36\">Seguridad multinivel:<\/span><\/b><span class=\"citation-36 citation-end-36\"> Incorpora un completo sistema de seguridad que incluye frenos de disco hidr\u00e1ulicos, frenado del motor y estacionamiento con apagado electromagn\u00e9tico, adem\u00e1s de paradas de emergencia f\u00edsicas.<\/span><\/p>\n<p>&nbsp;<\/li>\n<\/ul>\n<h3 data-path-to-node=\"5\">Especificaciones t\u00e9cnicas<\/h3>\n<table data-path-to-node=\"6\">\n<thead>\n<tr>\n<td><strong>Categor\u00eda<\/strong><\/td>\n<td><strong>Especificaci\u00f3n<\/strong><\/td>\n<\/tr>\n<\/thead>\n<tbody>\n<tr>\n<td><span data-path-to-node=\"6,1,0,0\"><b data-path-to-node=\"6,1,0,0\" data-index-in-node=\"0\">Dimensiones<\/b><\/span><\/td>\n<td><span data-path-to-node=\"6,1,1,0\">1880 mm \u00d7 1025 mm \u00d7 585 mm<\/span><\/td>\n<\/tr>\n<tr>\n<td><span data-path-to-node=\"6,2,0,0\"><b data-path-to-node=\"6,2,0,0\" data-index-in-node=\"0\">Peso<\/b><\/span><\/td>\n<td><span data-path-to-node=\"6,2,1,0\">300 kg<\/span><\/td>\n<\/tr>\n<tr>\n<td><span data-path-to-node=\"6,3,0,0\"><b data-path-to-node=\"6,3,0,0\" data-index-in-node=\"0\">Carga \u00fatil m\u00e1xima<\/b><\/span><\/td>\n<td><span data-path-to-node=\"6,3,1,0\">600 kg (en terreno llano)<\/span><\/td>\n<\/tr>\n<tr>\n<td><span data-path-to-node=\"6,4,0,0\"><b data-path-to-node=\"6,4,0,0\" data-index-in-node=\"0\">Sistema de accionamiento<\/b><\/span><\/td>\n<td><span data-path-to-node=\"6,4,1,0\">Direcci\u00f3n Ackermann delantera \/ Tracci\u00f3n del motor trasero<\/span><\/td>\n<\/tr>\n<tr>\n<td><span data-path-to-node=\"6,5,0,0\"><b data-path-to-node=\"6,5,0,0\" data-index-in-node=\"0\">Potencia del motor<\/b><\/span><\/td>\n<td><span data-path-to-node=\"6,5,1,0\">Motor de cubo de rueda de 3500 W<\/span><\/td>\n<\/tr>\n<tr>\n<td><span data-path-to-node=\"6,6,0,0\"><b data-path-to-node=\"6,6,0,0\" data-index-in-node=\"0\">M\u00e1xima velocidad<\/b><\/span><\/td>\n<td><span data-path-to-node=\"6,6,1,0\">14 km\/h<\/span><\/td>\n<\/tr>\n<tr>\n<td><span data-path-to-node=\"6,7,0,0\"><b data-path-to-node=\"6,7,0,0\" data-index-in-node=\"0\">Bater\u00eda<\/b><\/span><\/td>\n<td><span data-path-to-node=\"6,7,1,0\">72V \/ 81Ah<\/span><\/td>\n<\/tr>\n<tr>\n<td><span data-path-to-node=\"6,8,0,0\"><b data-path-to-node=\"6,8,0,0\" data-index-in-node=\"0\">Kilometraje<\/b><\/span><\/td>\n<td><span data-path-to-node=\"6,8,1,0\">95 km (sin carga) \/ 75 km (con carga)<\/span><\/td>\n<\/tr>\n<tr>\n<td><span data-path-to-node=\"6,9,0,0\"><b data-path-to-node=\"6,9,0,0\" data-index-in-node=\"0\">Tiempo de carga<\/b><\/span><\/td>\n<td><span data-path-to-node=\"6,9,1,0\">\u2264 4,5 horas<\/span><\/td>\n<\/tr>\n<tr>\n<td><span data-path-to-node=\"6,10,0,0\"><b data-path-to-node=\"6,10,0,0\" data-index-in-node=\"0\">\u00c1ngulo de escalada<\/b><\/span><\/td>\n<td><span data-path-to-node=\"6,10,1,0\">30\u00b0 (sin carga) \/ 10\u00b0 (con carga)<\/span><\/td>\n<\/tr>\n<tr>\n<td><span data-path-to-node=\"6,11,0,0\"><b data-path-to-node=\"6,11,0,0\" data-index-in-node=\"0\">Clasificaci\u00f3n IP<\/b><\/span><\/td>\n<td><span data-path-to-node=\"6,11,1,0\">IP44 (Resistente al polvo y a las salpicaduras)<\/span><\/td>\n<\/tr>\n<tr>\n<td><span data-path-to-node=\"6,12,0,0\"><b data-path-to-node=\"6,12,0,0\" data-index-in-node=\"0\">Comunicaci\u00f3n<\/b><\/span><\/td>\n<td><span data-path-to-node=\"6,12,1,0\">CAN 2.0B<\/span><\/td>\n<\/tr>\n<\/tbody>\n<\/table>\n<p>&nbsp;<\/p>\n<h3 data-path-to-node=\"8\">Casos de uso comunes<\/h3>\n<ul data-path-to-node=\"9\">\n<li>\n<p data-path-to-node=\"9,0,0\"><b data-path-to-node=\"9,0,0\" data-index-in-node=\"0\">Log\u00edstica inteligente:<\/b> Traslado de pal\u00e9s o contenedores pesados en almacenes o entornos portuarios.<\/p>\n<\/li>\n<li>\n<p data-path-to-node=\"9,1,0\"><b data-path-to-node=\"9,1,0\" data-index-in-node=\"0\">Inspecci\u00f3n aut\u00f3noma:<\/b> Supervisi\u00f3n de grandes instalaciones industriales, redes el\u00e9ctricas o zonas portuarias 5G.<\/p>\n<\/li>\n<li>\n<p data-path-to-node=\"9,2,0\"><b data-path-to-node=\"9,2,0\" data-index-in-node=\"0\">Entrega no tripulada:<\/b> Sirve de base para robots de reparto o de venta ambulante a gran escala en exteriores.<\/p>\n<\/li>\n<li>\n<p id=\"p-rc_ce9c72c3a3301cf7-33\" data-path-to-node=\"9,3,0\"><b data-path-to-node=\"9,3,0\" data-index-in-node=\"0\"><span class=\"citation-35\">Investigaci\u00f3n cient\u00edfica:<\/span><\/b><span class=\"citation-35 citation-end-35\"> Una plataforma fiable para probar algoritmos de conducci\u00f3n aut\u00f3noma y conjuntos de sensores en condiciones reales.<\/span><\/p>\n<\/li>\n<\/ul>\n<h3 data-path-to-node=\"5\">Especificaciones t\u00e9cnicas (detalles)<\/h3>\n<p><a href=\"https:\/\/www.ghostysky.com\/wp-content\/uploads\/2026\/04\/GH_Yuhesen_FR-Mega_Descp_1-scaled.png\"><img fetchpriority=\"high\" decoding=\"async\" class=\"alignnone wp-image-25247 size-full lazyload\" src=\"datos:imagen\/gif;base64,R0lGODlhAQABAAAAACH5BAEKAAEALAAAAAABAAEAAAICTAEAOw==\" alt=\"\" width=\"1134\" height=\"2500\" sizes=\"(max-width: 1134px) 100vw, 1134px\" data-src=\"datos:imagen\/gif;base64,R0lGODlhAQABAAAAACH5BAEKAAEALAAAAAABAAEAAAICTAEAOw==\" data-srcset=\"\" srcset=\"\"><\/a><\/p>","protected":false},"excerpt":{"rendered":"<p data-path-to-node=\"0\"><span class=\"citation-39\">El <\/span><b data-path-to-node=\"0\" data-index-in-node=\"4\"><span class=\"citation-39\">Yuhesen FR-Mega<\/span><\/b><span class=\"citation-39 citation-end-39\"> Es un chasis modular para robots m\u00f3viles de alta resistencia, de calidad automotriz, dise\u00f1ado para aplicaciones industriales y de investigaci\u00f3n con alta capacidad de carga.<\/span> Construida por Shenzhen Yuhesen Technology, sirve como una s\u00f3lida base para el desarrollo de veh\u00edculos terrestres no tripulados (UGV) capaces de navegar por terrenos complejos tanto en exteriores como en interiores.<\/p>","protected":false},"featured_media":25248,"comment_status":"open","ping_status":"closed","template":"","meta":[],"product_brand":[1389],"product_cat":[1042,1037,1384,1385],"product_tag":[1432,1395,1387,1390],"class_list":{"0":"post-25243","1":"product","2":"type-product","3":"status-publish","4":"has-post-thumbnail","6":"product_brand-yuhesen","7":"product_cat-chassis","8":"product_cat-robotics","9":"product_cat-yuhesen","10":"product_cat-yuhesen-ugv-chassis","11":"product_tag-ackermann-steering-ugv","12":"product_tag-mik-mid","13":"product_tag-ugv","14":"product_tag-yuhesen-ugv-chassis","16":"first","17":"onbackorder","18":"taxable","19":"shipping-taxable","20":"purchasable","21":"product-type-simple"},"yoast_head":"<!-- This site is optimized with the Yoast SEO plugin v27.4 - https:\/\/yoast.com\/product\/yoast-seo-wordpress\/ -->\n<title>Yuhesen FR-Mega - Ghostysky<\/title>\n<meta name=\"description\" content=\"The Yuhesen FR-Mega is a heavy-duty, automotive-grade modular mobile robot chassis designed for high-payload industrial and research applications. Built by Shenzhen Yuhesen Technology, it serves as a robust base for developing Unmanned Ground Vehicles (UGVs) capable of navigating complex outdoor and indoor terrains.\" \/>\n<meta name=\"robots\" content=\"index, follow, max-snippet:-1, max-image-preview:large, max-video-preview:-1\" \/>\n<link rel=\"canonical\" href=\"https:\/\/www.ghostysky.com\/es\/producto-2\/yuhesen-fr-mega\/\" \/>\n<meta property=\"og:locale\" content=\"es_ES\" \/>\n<meta property=\"og:type\" content=\"article\" \/>\n<meta property=\"og:title\" content=\"Yuhesen FR-Mega - Ghostysky\" \/>\n<meta property=\"og:description\" content=\"The Yuhesen FR-Mega is a heavy-duty, automotive-grade modular mobile robot chassis designed for high-payload industrial and research applications. Built by Shenzhen Yuhesen Technology, it serves as a robust base for developing Unmanned Ground Vehicles (UGVs) capable of navigating complex outdoor and indoor terrains.\" \/>\n<meta property=\"og:url\" content=\"https:\/\/www.ghostysky.com\/es\/producto-2\/yuhesen-fr-mega\/\" \/>\n<meta property=\"og:site_name\" content=\"Ghostysky\" \/>\n<meta property=\"article:publisher\" content=\"https:\/\/www.facebook.com\/people\/Ghostysky\/100057676170234\/\" \/>\n<meta property=\"article:modified_time\" content=\"2026-04-12T08:29:26+00:00\" \/>\n<meta property=\"og:image\" content=\"https:\/\/www.ghostysky.com\/wp-content\/uploads\/2026\/04\/GH_Yuhesen_FR-Mega_1.png\" \/>\n\t<meta property=\"og:image:width\" content=\"300\" \/>\n\t<meta property=\"og:image:height\" content=\"240\" \/>\n\t<meta property=\"og:image:type\" content=\"image\/png\" \/>\n<meta name=\"twitter:card\" content=\"summary_large_image\" \/>\n<meta name=\"twitter:site\" content=\"@Gh0stysky\" \/>\n<meta name=\"twitter:label1\" content=\"Tiempo de lectura\" \/>\n\t<meta name=\"twitter:data1\" content=\"2 minutos\" \/>\n<script type=\"application\/ld+json\" class=\"yoast-schema-graph\">{\"@context\":\"https:\\\/\\\/schema.org\",\"@graph\":[{\"@type\":\"WebPage\",\"@id\":\"https:\\\/\\\/www.ghostysky.com\\\/product\\\/yuhesen-fr-mega\\\/\",\"url\":\"https:\\\/\\\/www.ghostysky.com\\\/product\\\/yuhesen-fr-mega\\\/\",\"name\":\"Yuhesen FR-Mega - Ghostysky\",\"isPartOf\":{\"@id\":\"https:\\\/\\\/www.ghostysky.com\\\/#website\"},\"primaryImageOfPage\":{\"@id\":\"https:\\\/\\\/www.ghostysky.com\\\/product\\\/yuhesen-fr-mega\\\/#primaryimage\"},\"image\":{\"@id\":\"https:\\\/\\\/www.ghostysky.com\\\/product\\\/yuhesen-fr-mega\\\/#primaryimage\"},\"thumbnailUrl\":\"https:\\\/\\\/www.ghostysky.com\\\/wp-content\\\/uploads\\\/2026\\\/04\\\/GH_Yuhesen_FR-Mega_1.png\",\"datePublished\":\"2026-04-12T08:17:00+00:00\",\"dateModified\":\"2026-04-12T08:29:26+00:00\",\"description\":\"The Yuhesen FR-Mega is a heavy-duty, automotive-grade modular mobile robot chassis designed for high-payload industrial and research applications. Built by Shenzhen Yuhesen Technology, it serves as a robust base for developing Unmanned Ground Vehicles (UGVs) capable of navigating complex outdoor and indoor terrains.\",\"breadcrumb\":{\"@id\":\"https:\\\/\\\/www.ghostysky.com\\\/product\\\/yuhesen-fr-mega\\\/#breadcrumb\"},\"inLanguage\":\"es\",\"potentialAction\":[{\"@type\":\"ReadAction\",\"target\":[\"https:\\\/\\\/www.ghostysky.com\\\/product\\\/yuhesen-fr-mega\\\/\"]}]},{\"@type\":\"ImageObject\",\"inLanguage\":\"es\",\"@id\":\"https:\\\/\\\/www.ghostysky.com\\\/product\\\/yuhesen-fr-mega\\\/#primaryimage\",\"url\":\"https:\\\/\\\/www.ghostysky.com\\\/wp-content\\\/uploads\\\/2026\\\/04\\\/GH_Yuhesen_FR-Mega_1.png\",\"contentUrl\":\"https:\\\/\\\/www.ghostysky.com\\\/wp-content\\\/uploads\\\/2026\\\/04\\\/GH_Yuhesen_FR-Mega_1.png\",\"width\":300,\"height\":240},{\"@type\":\"BreadcrumbList\",\"@id\":\"https:\\\/\\\/www.ghostysky.com\\\/product\\\/yuhesen-fr-mega\\\/#breadcrumb\",\"itemListElement\":[{\"@type\":\"ListItem\",\"position\":1,\"name\":\"Home\",\"item\":\"https:\\\/\\\/www.ghostysky.com\\\/\"},{\"@type\":\"ListItem\",\"position\":2,\"name\":\"Shop\",\"item\":\"https:\\\/\\\/www.ghostysky.com\\\/shop\\\/\"},{\"@type\":\"ListItem\",\"position\":3,\"name\":\"Yuhesen FR-Mega\"}]},{\"@type\":\"WebSite\",\"@id\":\"https:\\\/\\\/www.ghostysky.com\\\/#website\",\"url\":\"https:\\\/\\\/www.ghostysky.com\\\/\",\"name\":\"Ghostysky\",\"description\":\"Delivering professional drones and services\",\"publisher\":{\"@id\":\"https:\\\/\\\/www.ghostysky.com\\\/#organization\"},\"potentialAction\":[{\"@type\":\"SearchAction\",\"target\":{\"@type\":\"EntryPoint\",\"urlTemplate\":\"https:\\\/\\\/www.ghostysky.com\\\/?s={search_term_string}\"},\"query-input\":{\"@type\":\"PropertyValueSpecification\",\"valueRequired\":true,\"valueName\":\"search_term_string\"}}],\"inLanguage\":\"es\"},{\"@type\":\"Organization\",\"@id\":\"https:\\\/\\\/www.ghostysky.com\\\/#organization\",\"name\":\"Ghostysky\",\"url\":\"https:\\\/\\\/www.ghostysky.com\\\/\",\"logo\":{\"@type\":\"ImageObject\",\"inLanguage\":\"es\",\"@id\":\"https:\\\/\\\/www.ghostysky.com\\\/#\\\/schema\\\/logo\\\/image\\\/\",\"url\":\"https:\\\/\\\/www.ghostysky.com\\\/wp-content\\\/uploads\\\/2020\\\/06\\\/cropped-ghostyskylogo_text_white2.png\",\"contentUrl\":\"https:\\\/\\\/www.ghostysky.com\\\/wp-content\\\/uploads\\\/2020\\\/06\\\/cropped-ghostyskylogo_text_white2.png\",\"width\":169,\"height\":56,\"caption\":\"Ghostysky\"},\"image\":{\"@id\":\"https:\\\/\\\/www.ghostysky.com\\\/#\\\/schema\\\/logo\\\/image\\\/\"},\"sameAs\":[\"https:\\\/\\\/www.facebook.com\\\/people\\\/Ghostysky\\\/100057676170234\\\/\",\"https:\\\/\\\/x.com\\\/Gh0stysky\",\"https:\\\/\\\/www.linkedin.com\\\/company\\\/34739653\",\"https:\\\/\\\/www.instagram.com\\\/gh0stysky\"]}]}<\/script>\n<!-- \/ Yoast SEO plugin. -->","yoast_head_json":{"title":"Yuhesen FR-Mega - Ghostysky","description":"El Yuhesen FR-Mega es un chasis modular para robots m\u00f3viles de alta resistencia, con componentes de grado automotriz, dise\u00f1ado para aplicaciones industriales y de investigaci\u00f3n con cargas pesadas. Fabricado por Shenzhen Yuhesen Technology, constituye una base robusta para el desarrollo de veh\u00edculos terrestres no tripulados (UGV) capaces de navegar por terrenos complejos, tanto en interiores como en exteriores.","robots":{"index":"index","follow":"follow","max-snippet":"max-snippet:-1","max-image-preview":"max-image-preview:large","max-video-preview":"max-video-preview:-1"},"canonical":"https:\/\/www.ghostysky.com\/es\/producto-2\/yuhesen-fr-mega\/","og_locale":"es_ES","og_type":"article","og_title":"Yuhesen FR-Mega - Ghostysky","og_description":"The Yuhesen FR-Mega is a heavy-duty, automotive-grade modular mobile robot chassis designed for high-payload industrial and research applications. Built by Shenzhen Yuhesen Technology, it serves as a robust base for developing Unmanned Ground Vehicles (UGVs) capable of navigating complex outdoor and indoor terrains.","og_url":"https:\/\/www.ghostysky.com\/es\/producto-2\/yuhesen-fr-mega\/","og_site_name":"Ghostysky","article_publisher":"https:\/\/www.facebook.com\/people\/Ghostysky\/100057676170234\/","article_modified_time":"2026-04-12T08:29:26+00:00","og_image":[{"width":300,"height":240,"url":"https:\/\/www.ghostysky.com\/wp-content\/uploads\/2026\/04\/GH_Yuhesen_FR-Mega_1.png","type":"image\/png"}],"twitter_card":"summary_large_image","twitter_site":"@Gh0stysky","twitter_misc":{"Tiempo de lectura":"2 minutos"},"schema":{"@context":"https:\/\/schema.org","@graph":[{"@type":"WebPage","@id":"https:\/\/www.ghostysky.com\/product\/yuhesen-fr-mega\/","url":"https:\/\/www.ghostysky.com\/product\/yuhesen-fr-mega\/","name":"Yuhesen FR-Mega - Ghostysky","isPartOf":{"@id":"https:\/\/www.ghostysky.com\/#website"},"primaryImageOfPage":{"@id":"https:\/\/www.ghostysky.com\/product\/yuhesen-fr-mega\/#primaryimage"},"image":{"@id":"https:\/\/www.ghostysky.com\/product\/yuhesen-fr-mega\/#primaryimage"},"thumbnailUrl":"https:\/\/www.ghostysky.com\/wp-content\/uploads\/2026\/04\/GH_Yuhesen_FR-Mega_1.png","datePublished":"2026-04-12T08:17:00+00:00","dateModified":"2026-04-12T08:29:26+00:00","description":"El Yuhesen FR-Mega es un chasis modular para robots m\u00f3viles de alta resistencia, con componentes de grado automotriz, dise\u00f1ado para aplicaciones industriales y de investigaci\u00f3n con cargas pesadas. Fabricado por Shenzhen Yuhesen Technology, constituye una base robusta para el desarrollo de veh\u00edculos terrestres no tripulados (UGV) capaces de navegar por terrenos complejos, tanto en interiores como en exteriores.","breadcrumb":{"@id":"https:\/\/www.ghostysky.com\/product\/yuhesen-fr-mega\/#breadcrumb"},"inLanguage":"es","potentialAction":[{"@type":"ReadAction","target":["https:\/\/www.ghostysky.com\/product\/yuhesen-fr-mega\/"]}]},{"@type":"ImageObject","inLanguage":"es","@id":"https:\/\/www.ghostysky.com\/product\/yuhesen-fr-mega\/#primaryimage","url":"https:\/\/www.ghostysky.com\/wp-content\/uploads\/2026\/04\/GH_Yuhesen_FR-Mega_1.png","contentUrl":"https:\/\/www.ghostysky.com\/wp-content\/uploads\/2026\/04\/GH_Yuhesen_FR-Mega_1.png","width":300,"height":240},{"@type":"BreadcrumbList","@id":"https:\/\/www.ghostysky.com\/product\/yuhesen-fr-mega\/#breadcrumb","itemListElement":[{"@type":"ListItem","position":1,"name":"Home","item":"https:\/\/www.ghostysky.com\/"},{"@type":"ListItem","position":2,"name":"Shop","item":"https:\/\/www.ghostysky.com\/shop\/"},{"@type":"ListItem","position":3,"name":"Yuhesen FR-Mega"}]},{"@type":"WebSite","@id":"https:\/\/www.ghostysky.com\/#website","url":"https:\/\/www.ghostysky.com\/","name":"Ghostysky","description":"Entrega de drones y servicios profesionales","publisher":{"@id":"https:\/\/www.ghostysky.com\/#organization"},"potentialAction":[{"@type":"SearchAction","target":{"@type":"EntryPoint","urlTemplate":"https:\/\/www.ghostysky.com\/?s={search_term_string}"},"query-input":{"@type":"PropertyValueSpecification","valueRequired":true,"valueName":"search_term_string"}}],"inLanguage":"es"},{"@type":"Organization","@id":"https:\/\/www.ghostysky.com\/#organization","name":"Ghostysky","url":"https:\/\/www.ghostysky.com\/","logo":{"@type":"ImageObject","inLanguage":"es","@id":"https:\/\/www.ghostysky.com\/#\/schema\/logo\/image\/","url":"https:\/\/www.ghostysky.com\/wp-content\/uploads\/2020\/06\/cropped-ghostyskylogo_text_white2.png","contentUrl":"https:\/\/www.ghostysky.com\/wp-content\/uploads\/2020\/06\/cropped-ghostyskylogo_text_white2.png","width":169,"height":56,"caption":"Ghostysky"},"image":{"@id":"https:\/\/www.ghostysky.com\/#\/schema\/logo\/image\/"},"sameAs":["https:\/\/www.facebook.com\/people\/Ghostysky\/100057676170234\/","https:\/\/x.com\/Gh0stysky","https:\/\/www.linkedin.com\/company\/34739653","https:\/\/www.instagram.com\/gh0stysky"]}]}},"_links":{"self":[{"href":"https:\/\/www.ghostysky.com\/es\/wp-json\/wp\/v2\/product\/25243","targetHints":{"allow":["GET"]}}],"collection":[{"href":"https:\/\/www.ghostysky.com\/es\/wp-json\/wp\/v2\/product"}],"about":[{"href":"https:\/\/www.ghostysky.com\/es\/wp-json\/wp\/v2\/types\/product"}],"replies":[{"embeddable":true,"href":"https:\/\/www.ghostysky.com\/es\/wp-json\/wp\/v2\/comments?post=25243"}],"version-history":[{"count":0,"href":"https:\/\/www.ghostysky.com\/es\/wp-json\/wp\/v2\/product\/25243\/revisions"}],"wp:featuredmedia":[{"embeddable":true,"href":"https:\/\/www.ghostysky.com\/es\/wp-json\/wp\/v2\/media\/25248"}],"wp:attachment":[{"href":"https:\/\/www.ghostysky.com\/es\/wp-json\/wp\/v2\/media?parent=25243"}],"wp:term":[{"taxonomy":"product_brand","embeddable":true,"href":"https:\/\/www.ghostysky.com\/es\/wp-json\/wp\/v2\/product_brand?post=25243"},{"taxonomy":"product_cat","embeddable":true,"href":"https:\/\/www.ghostysky.com\/es\/wp-json\/wp\/v2\/product_cat?post=25243"},{"taxonomy":"product_tag","embeddable":true,"href":"https:\/\/www.ghostysky.com\/es\/wp-json\/wp\/v2\/product_tag?post=25243"}],"curies":[{"name":"wp","href":"https:\/\/api.w.org\/{rel}","templated":true}]}}