{"id":25775,"date":"2026-04-24T15:40:40","date_gmt":"2026-04-24T15:40:40","guid":{"rendered":"https:\/\/www.ghostysky.com\/?post_type=product&#038;p=25775"},"modified":"2026-04-24T15:55:49","modified_gmt":"2026-04-24T15:55:49","slug":"dji-lito-x1-fly-more-combo-dji-rc-2","status":"publish","type":"product","link":"https:\/\/www.ghostysky.com\/es\/product\/dji-lito-x1-fly-more-combo-dji-rc-2\/","title":{"rendered":"DJI Lito X1 Fly More Combo (DJI RC 2)"},"content":{"rendered":"<h3 data-path-to-node=\"3\"><b data-path-to-node=\"3\" data-index-in-node=\"0\">Caracter\u00edsticas principales y rendimiento<\/b><\/h3>\n<h3 data-path-to-node=\"4\"><b data-path-to-node=\"4\" data-index-in-node=\"0\">Im\u00e1genes de nivel profesional<\/b><\/h3>\n<ul data-path-to-node=\"5\">\n<li>\n<p id=\"p-rc_820ccf255cea4fbf-111\" data-path-to-node=\"5,0,0\"><b data-path-to-node=\"5,0,0\" data-index-in-node=\"0\"><span class=\"citation-297\">Sensor:<\/span><\/b><span class=\"citation-297 citation-end-297\"> Sensor CMOS de 1\/1,3 pulgadas con 48 MP de p\u00edxeles efectivos.<\/span><\/p>\n<\/li>\n<li>\n<p id=\"p-rc_820ccf255cea4fbf-112\" data-path-to-node=\"5,1,0\"><b data-path-to-node=\"5,1,0\" data-index-in-node=\"0\">Video:<\/b><span class=\"citation-296\"> Captura impresionantes <\/span><b data-path-to-node=\"5,1,0\" data-index-in-node=\"25\"><span class=\"citation-296\">4K\/60 fps HDR<\/span><\/b><span class=\"citation-296\"> y <\/span><b data-path-to-node=\"5,1,0\" data-index-in-node=\"42\"><span class=\"citation-296\">4K\/100 fps<\/span><\/b><span class=\"citation-296 citation-end-296\"> a c\u00e1mara lenta.<\/span><\/p>\n<\/li>\n<li>\n<p id=\"p-rc_820ccf255cea4fbf-113\" data-path-to-node=\"5,2,0\"><b data-path-to-node=\"5,2,0\" data-index-in-node=\"0\">Rango din\u00e1mico:<\/b><span class=\"citation-295\"> Hasta 14 pasos de rango din\u00e1mico y <\/span><b data-path-to-node=\"5,2,0\" data-index-in-node=\"51\"><span class=\"citation-295\">D-Log M de 10 bits<\/span><\/b><span class=\"citation-295 citation-end-295\"> Perfil de color para una flexibilidad avanzada en la postproducci\u00f3n.<\/span><\/p>\n<\/li>\n<li>\n<p id=\"p-rc_820ccf255cea4fbf-114\" data-path-to-node=\"5,3,0\"><b data-path-to-node=\"5,3,0\" data-index-in-node=\"0\">Abertura:<\/b><span class=\"citation-294 citation-end-294\"> Apertura r\u00e1pida de f\/1.7 para un rendimiento superior en condiciones de poca luz.<\/span><\/p>\n<p>&nbsp;<\/li>\n<\/ul>\n<h3 data-path-to-node=\"6\"><b data-path-to-node=\"6\" data-index-in-node=\"0\">Seguridad y navegaci\u00f3n revolucionarias<\/b><\/h3>\n<ul data-path-to-node=\"7\">\n<li>\n<p id=\"p-rc_820ccf255cea4fbf-115\" data-path-to-node=\"7,0,0\"><b data-path-to-node=\"7,0,0\" data-index-in-node=\"0\"><span class=\"citation-293\">LiDAR omnidireccional:<\/span><\/b><span class=\"citation-293\"> Por primera vez en esta categor\u00eda de peso, el Lito X1 utiliza <\/span><b data-path-to-node=\"7,0,0\" data-index-in-node=\"78\"><span class=\"citation-293\">LiDAR orientado hacia adelante<\/span><\/b><span class=\"citation-293 citation-end-293\"> junto con su sistema de visi\u00f3n para evitar obst\u00e1culos con gran precisi\u00f3n, incluso en entornos complejos o en condiciones de poca luz.<\/span><\/p>\n<\/li>\n<li>\n<p data-path-to-node=\"7,1,0\"><b data-path-to-node=\"7,1,0\" data-index-in-node=\"0\">RTH inteligente:<\/b> Sistema mejorado de regreso a casa que puede memorizar las rutas de vuelo y navegar de regreso de forma segura sin se\u00f1al satelital en \u00e1reas bien iluminadas.<\/p>\n<\/li>\n<li>\n<p id=\"p-rc_820ccf255cea4fbf-116\" data-path-to-node=\"7,2,0\"><b data-path-to-node=\"7,2,0\" data-index-in-node=\"0\"><span class=\"citation-292\">ActiveTrack:<\/span><\/b><span class=\"citation-292 citation-end-292\"> Seguimiento fiable del sujeto a velocidades de hasta 12 m\/s.<\/span><\/p>\n<div class=\"source-inline-chip-container ng-star-inserted\"><\/div>\n<\/li>\n<\/ul>\n<h3 data-path-to-node=\"8\"><b data-path-to-node=\"8\" data-index-in-node=\"0\">Vuelo y transmisi\u00f3n<\/b><\/h3>\n<ul data-path-to-node=\"9\">\n<li>\n<p id=\"p-rc_820ccf255cea4fbf-117\" data-path-to-node=\"9,0,0\"><b data-path-to-node=\"9,0,0\" data-index-in-node=\"0\">Peso:<\/b><span class=\"citation-291\"> Bajo <\/span><b data-path-to-node=\"9,0,0\" data-index-in-node=\"14\"><span class=\"citation-291\">249 g<\/span><\/b><span class=\"citation-291 citation-end-291\">, lo que lo exime de registro\/ex\u00e1menes en muchas regiones.<\/span><\/p>\n<\/li>\n<li>\n<p id=\"p-rc_820ccf255cea4fbf-118\" data-path-to-node=\"9,1,0\"><b data-path-to-node=\"9,1,0\" data-index-in-node=\"0\"><span class=\"citation-290\">Duraci\u00f3n de la bater\u00eda:<\/span><\/b><span class=\"citation-290\"> 36 minutos de tiempo de vuelo con la bater\u00eda est\u00e1ndar (incluida en el combo), o hasta <\/span><b data-path-to-node=\"9,1,0\" data-index-in-node=\"96\"><span class=\"citation-290\">52 minutos<\/span><\/b><span class=\"citation-290 citation-end-290\"> con la bater\u00eda de vuelo inteligente Plus.<\/span><\/p>\n<\/li>\n<li>\n<p id=\"p-rc_820ccf255cea4fbf-119\" data-path-to-node=\"9,2,0\"><b data-path-to-node=\"9,2,0\" data-index-in-node=\"0\"><span class=\"citation-289\">Transmisi\u00f3n DJI O4:<\/span><\/b><span class=\"citation-289\"> Ofrece una transmisi\u00f3n en vivo de 1080p\/60fps con un alcance de hasta <\/span><b data-path-to-node=\"9,2,0\" data-index-in-node=\"74\"><span class=\"citation-289\">15 km<\/span><\/b><span class=\"citation-289 citation-end-289\">.<\/span><\/p>\n<div class=\"source-inline-chip-container ng-star-inserted\"><\/div>\n<p>&nbsp;<\/li>\n<\/ul>\n<h3 data-path-to-node=\"11\"><b data-path-to-node=\"11\" data-index-in-node=\"0\">Contenido de la caja: Fly More Combo (DJI RC 2)<\/b><\/h3>\n<p data-path-to-node=\"12\">Este paquete est\u00e1 dise\u00f1ado para que puedas volar durante m\u00e1s tiempo y optimizar tu flujo de trabajo:<\/p>\n<table data-path-to-node=\"13\">\n<thead>\n<tr>\n<td><strong>Art\u00edculo<\/strong><\/td>\n<td><strong>Cantidad<\/strong><\/td>\n<\/tr>\n<\/thead>\n<tbody>\n<tr>\n<td><span data-path-to-node=\"13,1,0,0\"><b data-path-to-node=\"13,1,0,0\" data-index-in-node=\"0\">Avi\u00f3n DJI Lito X1<\/b><\/span><\/td>\n<td><span data-path-to-node=\"13,1,1,0\">1<\/span><\/td>\n<\/tr>\n<tr>\n<td><span data-path-to-node=\"13,2,0,0\"><b data-path-to-node=\"13,2,0,0\" data-index-in-node=\"0\">Mando a distancia DJI RC 2<\/b><\/span><\/td>\n<td><span data-path-to-node=\"13,2,1,0\">1<\/span><\/td>\n<\/tr>\n<tr>\n<td><span data-path-to-node=\"13,3,0,0\"><b data-path-to-node=\"13,3,0,0\" data-index-in-node=\"0\">Bater\u00edas de vuelo inteligentes<\/b><\/span><\/td>\n<td><span data-path-to-node=\"13,3,1,0\">3<\/span><\/td>\n<\/tr>\n<tr>\n<td><span data-path-to-node=\"13,4,0,0\"><b data-path-to-node=\"13,4,0,0\" data-index-in-node=\"0\">Centro de carga bidireccional<\/b><\/span><\/td>\n<td><span data-path-to-node=\"13,4,1,0\">1<\/span><\/td>\n<\/tr>\n<tr>\n<td><span data-path-to-node=\"13,5,0,0\"><b data-path-to-node=\"13,5,0,0\" data-index-in-node=\"0\">Bolsa de hombro<\/b><\/span><\/td>\n<td><span data-path-to-node=\"13,5,1,0\">1<\/span><\/td>\n<\/tr>\n<tr>\n<td><span data-path-to-node=\"13,6,0,0\"><b data-path-to-node=\"13,6,0,0\" data-index-in-node=\"0\">H\u00e9lices de repuesto (pares)<\/b><\/span><\/td>\n<td><span data-path-to-node=\"13,6,1,0\">3<\/span><\/td>\n<\/tr>\n<tr>\n<td><span data-path-to-node=\"13,7,0,0\"><b data-path-to-node=\"13,7,0,0\" data-index-in-node=\"0\">Protector de card\u00e1n<\/b><\/span><\/td>\n<td><span data-path-to-node=\"13,7,1,0\">1<\/span><\/td>\n<\/tr>\n<tr>\n<td><span data-path-to-node=\"13,8,0,0\"><b data-path-to-node=\"13,8,0,0\" data-index-in-node=\"0\">Cables USB-C y destornillador<\/b><\/span><\/td>\n<td><span data-path-to-node=\"13,8,1,0\">Incluido<\/span><\/td>\n<\/tr>\n<\/tbody>\n<\/table>","protected":false},"excerpt":{"rendered":"<p id=\"p-rc_820ccf255cea4fbf-109\" data-path-to-node=\"0\"><span class=\"citation-300\">Publicado el <\/span><b data-path-to-node=\"0\" data-index-in-node=\"12\"><span class=\"citation-300\">23 de abril de 2026<\/span><\/b><span class=\"citation-300\">, el <\/span><b data-path-to-node=\"0\" data-index-in-node=\"32\"><span class=\"citation-300\">DJI Lito X1<\/span><\/b><span class=\"citation-300 citation-end-300\"> Representa una evoluci\u00f3n significativa en la categor\u00eda de drones de menos de 250 g.<\/span> <span class=\"citation-299\">Posicionado como un sucesor premium de la serie Mini, combina una portabilidad ultraligera con caracter\u00edsticas de seguridad de nivel profesional, sobre todo la introducci\u00f3n de <\/span><b data-path-to-node=\"0\" data-index-in-node=\"281\"><span class=\"citation-299\">Detecci\u00f3n asistida por LiDAR<\/span><\/b><span class=\"citation-299 citation-end-299\">.<\/span><\/p>\n<p id=\"p-rc_820ccf255cea4fbf-110\" data-path-to-node=\"1\"><span class=\"citation-298\">El <\/span><b data-path-to-node=\"1\" data-index-in-node=\"4\"><span class=\"citation-298\">Fly More Combo (DJI RC 2)<\/span><\/b><span class=\"citation-298 citation-end-298\"> Es el paquete definitivo para creadores, ya que incluye el controlador DJI RC 2 (con pantalla integrada de alto brillo) y accesorios de vuelo ampliados para sesiones de grabaci\u00f3n de todo el d\u00eda.<\/span><\/p>","protected":false},"featured_media":25755,"comment_status":"open","ping_status":"closed","template":"","meta":[],"product_brand":[1031],"product_cat":[752,37,1436,1437],"product_tag":[1438,1439],"class_list":{"0":"post-25775","1":"product","2":"type-product","3":"status-publish","4":"has-post-thumbnail","6":"product_brand-dji","7":"product_cat-aerial-photography","8":"product_cat-dji","9":"product_cat-dji-lito","10":"product_cat-lito-drones","11":"product_tag-dji-lito-1","12":"product_tag-dji-lito-drones","14":"first","15":"onbackorder","16":"taxable","17":"shipping-taxable","18":"purchasable","19":"product-type-simple"},"yoast_head":"<!-- This site is optimized with the Yoast SEO plugin v27.4 - https:\/\/yoast.com\/product\/yoast-seo-wordpress\/ -->\n<title>DJI Lito X1 Fly More Combo (DJI RC 2) - Ghostysky<\/title>\n<meta name=\"description\" content=\"Launched in April 2026, the DJI Lito 1 is designed as the ultimate entry-point for new pilots, prioritizing a &quot;no-learning-curve&quot; experience. Positioned as a lightweight, regulation-friendly flying camera, it strips away the complexity of traditional drones while maintaining high-end safety and imaging features.The Fly More Combo (DJI RC-N3) is the recommended bundle for creators who need extended flight time and the reliability of a physical smartphone-linked controller.\" \/>\n<meta name=\"robots\" content=\"index, follow, max-snippet:-1, max-image-preview:large, max-video-preview:-1\" \/>\n<link rel=\"canonical\" href=\"https:\/\/www.ghostysky.com\/es\/?post_type=product&p=25775\" \/>\n<meta property=\"og:locale\" content=\"es_ES\" \/>\n<meta property=\"og:type\" content=\"article\" \/>\n<meta property=\"og:title\" content=\"DJI Lito X1 Fly More Combo (DJI RC 2) - Ghostysky\" \/>\n<meta property=\"og:description\" content=\"Launched in April 2026, the DJI Lito 1 is designed as the ultimate entry-point for new pilots, prioritizing a &quot;no-learning-curve&quot; experience. Positioned as a lightweight, regulation-friendly flying camera, it strips away the complexity of traditional drones while maintaining high-end safety and imaging features.The Fly More Combo (DJI RC-N3) is the recommended bundle for creators who need extended flight time and the reliability of a physical smartphone-linked controller.\" \/>\n<meta property=\"og:url\" content=\"https:\/\/www.ghostysky.com\/es\/?post_type=product&amp;p=25775\" \/>\n<meta property=\"og:site_name\" content=\"Ghostysky\" \/>\n<meta property=\"article:publisher\" content=\"https:\/\/www.facebook.com\/people\/Ghostysky\/100057676170234\/\" \/>\n<meta property=\"article:modified_time\" content=\"2026-04-24T15:55:49+00:00\" \/>\n<meta property=\"og:image\" content=\"https:\/\/www.ghostysky.com\/wp-content\/uploads\/2026\/04\/GH_DJI_Lito_1.jpg\" \/>\n\t<meta property=\"og:image:width\" content=\"1308\" \/>\n\t<meta property=\"og:image:height\" content=\"1308\" \/>\n\t<meta property=\"og:image:type\" content=\"image\/jpeg\" \/>\n<meta name=\"twitter:card\" content=\"summary_large_image\" \/>\n<meta name=\"twitter:site\" content=\"@Gh0stysky\" \/>\n<meta name=\"twitter:label1\" content=\"Tiempo de lectura\" \/>\n\t<meta name=\"twitter:data1\" content=\"2 minutos\" \/>\n<script type=\"application\/ld+json\" class=\"yoast-schema-graph\">{\"@context\":\"https:\\\/\\\/schema.org\",\"@graph\":[{\"@type\":\"WebPage\",\"@id\":\"https:\\\/\\\/www.ghostysky.com\\\/?post_type=product&p=25775\",\"url\":\"https:\\\/\\\/www.ghostysky.com\\\/?post_type=product&p=25775\",\"name\":\"DJI Lito X1 Fly More Combo (DJI RC 2) - Ghostysky\",\"isPartOf\":{\"@id\":\"https:\\\/\\\/www.ghostysky.com\\\/#website\"},\"primaryImageOfPage\":{\"@id\":\"https:\\\/\\\/www.ghostysky.com\\\/?post_type=product&p=25775#primaryimage\"},\"image\":{\"@id\":\"https:\\\/\\\/www.ghostysky.com\\\/?post_type=product&p=25775#primaryimage\"},\"thumbnailUrl\":\"https:\\\/\\\/www.ghostysky.com\\\/wp-content\\\/uploads\\\/2026\\\/04\\\/GH_DJI_Lito_1.jpg\",\"datePublished\":\"2026-04-24T15:40:40+00:00\",\"dateModified\":\"2026-04-24T15:55:49+00:00\",\"description\":\"Launched in April 2026, the DJI Lito 1 is designed as the ultimate entry-point for new pilots, prioritizing a \\\"no-learning-curve\\\" experience. Positioned as a lightweight, regulation-friendly flying camera, it strips away the complexity of traditional drones while maintaining high-end safety and imaging features.The Fly More Combo (DJI RC-N3) is the recommended bundle for creators who need extended flight time and the reliability of a physical smartphone-linked controller.\",\"breadcrumb\":{\"@id\":\"https:\\\/\\\/www.ghostysky.com\\\/?post_type=product&p=25775#breadcrumb\"},\"inLanguage\":\"es\",\"potentialAction\":[{\"@type\":\"ReadAction\",\"target\":[\"https:\\\/\\\/www.ghostysky.com\\\/?post_type=product&p=25775\"]}]},{\"@type\":\"ImageObject\",\"inLanguage\":\"es\",\"@id\":\"https:\\\/\\\/www.ghostysky.com\\\/?post_type=product&p=25775#primaryimage\",\"url\":\"https:\\\/\\\/www.ghostysky.com\\\/wp-content\\\/uploads\\\/2026\\\/04\\\/GH_DJI_Lito_1.jpg\",\"contentUrl\":\"https:\\\/\\\/www.ghostysky.com\\\/wp-content\\\/uploads\\\/2026\\\/04\\\/GH_DJI_Lito_1.jpg\",\"width\":1308,\"height\":1308},{\"@type\":\"BreadcrumbList\",\"@id\":\"https:\\\/\\\/www.ghostysky.com\\\/?post_type=product&p=25775#breadcrumb\",\"itemListElement\":[{\"@type\":\"ListItem\",\"position\":1,\"name\":\"Home\",\"item\":\"https:\\\/\\\/www.ghostysky.com\\\/\"},{\"@type\":\"ListItem\",\"position\":2,\"name\":\"Shop\",\"item\":\"https:\\\/\\\/www.ghostysky.com\\\/shop\\\/\"},{\"@type\":\"ListItem\",\"position\":3,\"name\":\"DJI Lito 1 Fly More Combo (DJI RC-N3) (Copy)\"}]},{\"@type\":\"WebSite\",\"@id\":\"https:\\\/\\\/www.ghostysky.com\\\/#website\",\"url\":\"https:\\\/\\\/www.ghostysky.com\\\/\",\"name\":\"Ghostysky\",\"description\":\"Delivering professional drones and robotics solutions\",\"publisher\":{\"@id\":\"https:\\\/\\\/www.ghostysky.com\\\/#organization\"},\"potentialAction\":[{\"@type\":\"SearchAction\",\"target\":{\"@type\":\"EntryPoint\",\"urlTemplate\":\"https:\\\/\\\/www.ghostysky.com\\\/?s={search_term_string}\"},\"query-input\":{\"@type\":\"PropertyValueSpecification\",\"valueRequired\":true,\"valueName\":\"search_term_string\"}}],\"inLanguage\":\"es\"},{\"@type\":\"Organization\",\"@id\":\"https:\\\/\\\/www.ghostysky.com\\\/#organization\",\"name\":\"Ghostysky\",\"url\":\"https:\\\/\\\/www.ghostysky.com\\\/\",\"logo\":{\"@type\":\"ImageObject\",\"inLanguage\":\"es\",\"@id\":\"https:\\\/\\\/www.ghostysky.com\\\/#\\\/schema\\\/logo\\\/image\\\/\",\"url\":\"https:\\\/\\\/www.ghostysky.com\\\/wp-content\\\/uploads\\\/2020\\\/06\\\/cropped-ghostyskylogo_text_white2.png\",\"contentUrl\":\"https:\\\/\\\/www.ghostysky.com\\\/wp-content\\\/uploads\\\/2020\\\/06\\\/cropped-ghostyskylogo_text_white2.png\",\"width\":169,\"height\":56,\"caption\":\"Ghostysky\"},\"image\":{\"@id\":\"https:\\\/\\\/www.ghostysky.com\\\/#\\\/schema\\\/logo\\\/image\\\/\"},\"sameAs\":[\"https:\\\/\\\/www.facebook.com\\\/people\\\/Ghostysky\\\/100057676170234\\\/\",\"https:\\\/\\\/x.com\\\/Gh0stysky\",\"https:\\\/\\\/www.linkedin.com\\\/company\\\/34739653\",\"https:\\\/\\\/www.instagram.com\\\/gh0stysky\"]}]}<\/script>\n<!-- \/ Yoast SEO plugin. -->","yoast_head_json":{"title":"DJI Lito X1 Fly More Combo (DJI RC 2) - Ghostysky","description":"Lanzado en abril de 2026, el DJI Lito 1 est\u00e1 dise\u00f1ado como el punto de entrada ideal para pilotos principiantes, priorizando una experiencia sin curva de aprendizaje. Posicionado como una c\u00e1mara voladora ligera y compatible con la normativa, elimina la complejidad de los drones tradicionales sin sacrificar las funciones de seguridad y de imagen de alta gama. El Fly More Combo (DJI RC-N3) es el paquete recomendado para creadores que necesitan mayor tiempo de vuelo y la fiabilidad de un control remoto f\u00edsico conectado a un smartphone.","robots":{"index":"index","follow":"follow","max-snippet":"max-snippet:-1","max-image-preview":"max-image-preview:large","max-video-preview":"max-video-preview:-1"},"canonical":"https:\/\/www.ghostysky.com\/es\/?post_type=product&p=25775","og_locale":"es_ES","og_type":"article","og_title":"DJI Lito X1 Fly More Combo (DJI RC 2) - Ghostysky","og_description":"Launched in April 2026, the DJI Lito 1 is designed as the ultimate entry-point for new pilots, prioritizing a \"no-learning-curve\" experience. Positioned as a lightweight, regulation-friendly flying camera, it strips away the complexity of traditional drones while maintaining high-end safety and imaging features.The Fly More Combo (DJI RC-N3) is the recommended bundle for creators who need extended flight time and the reliability of a physical smartphone-linked controller.","og_url":"https:\/\/www.ghostysky.com\/es\/?post_type=product&p=25775","og_site_name":"Ghostysky","article_publisher":"https:\/\/www.facebook.com\/people\/Ghostysky\/100057676170234\/","article_modified_time":"2026-04-24T15:55:49+00:00","og_image":[{"width":1308,"height":1308,"url":"https:\/\/www.ghostysky.com\/wp-content\/uploads\/2026\/04\/GH_DJI_Lito_1.jpg","type":"image\/jpeg"}],"twitter_card":"summary_large_image","twitter_site":"@Gh0stysky","twitter_misc":{"Tiempo de lectura":"2 minutos"},"schema":{"@context":"https:\/\/schema.org","@graph":[{"@type":"WebPage","@id":"https:\/\/www.ghostysky.com\/?post_type=product&p=25775","url":"https:\/\/www.ghostysky.com\/?post_type=product&p=25775","name":"DJI Lito X1 Fly More Combo (DJI RC 2) - Ghostysky","isPartOf":{"@id":"https:\/\/www.ghostysky.com\/#website"},"primaryImageOfPage":{"@id":"https:\/\/www.ghostysky.com\/?post_type=product&p=25775#primaryimage"},"image":{"@id":"https:\/\/www.ghostysky.com\/?post_type=product&p=25775#primaryimage"},"thumbnailUrl":"https:\/\/www.ghostysky.com\/wp-content\/uploads\/2026\/04\/GH_DJI_Lito_1.jpg","datePublished":"2026-04-24T15:40:40+00:00","dateModified":"2026-04-24T15:55:49+00:00","description":"Lanzado en abril de 2026, el DJI Lito 1 est\u00e1 dise\u00f1ado como el punto de entrada ideal para pilotos principiantes, priorizando una experiencia sin curva de aprendizaje. Posicionado como una c\u00e1mara voladora ligera y compatible con la normativa, elimina la complejidad de los drones tradicionales sin sacrificar las funciones de seguridad y de imagen de alta gama. El Fly More Combo (DJI RC-N3) es el paquete recomendado para creadores que necesitan mayor tiempo de vuelo y la fiabilidad de un control remoto f\u00edsico conectado a un smartphone.","breadcrumb":{"@id":"https:\/\/www.ghostysky.com\/?post_type=product&p=25775#breadcrumb"},"inLanguage":"es","potentialAction":[{"@type":"ReadAction","target":["https:\/\/www.ghostysky.com\/?post_type=product&p=25775"]}]},{"@type":"ImageObject","inLanguage":"es","@id":"https:\/\/www.ghostysky.com\/?post_type=product&p=25775#primaryimage","url":"https:\/\/www.ghostysky.com\/wp-content\/uploads\/2026\/04\/GH_DJI_Lito_1.jpg","contentUrl":"https:\/\/www.ghostysky.com\/wp-content\/uploads\/2026\/04\/GH_DJI_Lito_1.jpg","width":1308,"height":1308},{"@type":"BreadcrumbList","@id":"https:\/\/www.ghostysky.com\/?post_type=product&p=25775#breadcrumb","itemListElement":[{"@type":"ListItem","position":1,"name":"Home","item":"https:\/\/www.ghostysky.com\/"},{"@type":"ListItem","position":2,"name":"Shop","item":"https:\/\/www.ghostysky.com\/shop\/"},{"@type":"ListItem","position":3,"name":"DJI Lito 1 Fly More Combo (DJI RC-N3) (Copy)"}]},{"@type":"WebSite","@id":"https:\/\/www.ghostysky.com\/#website","url":"https:\/\/www.ghostysky.com\/","name":"Ghostysky","description":"Ofrecemos soluciones profesionales de drones y rob\u00f3tica.","publisher":{"@id":"https:\/\/www.ghostysky.com\/#organization"},"potentialAction":[{"@type":"SearchAction","target":{"@type":"EntryPoint","urlTemplate":"https:\/\/www.ghostysky.com\/?s={search_term_string}"},"query-input":{"@type":"PropertyValueSpecification","valueRequired":true,"valueName":"search_term_string"}}],"inLanguage":"es"},{"@type":"Organization","@id":"https:\/\/www.ghostysky.com\/#organization","name":"Ghostysky","url":"https:\/\/www.ghostysky.com\/","logo":{"@type":"ImageObject","inLanguage":"es","@id":"https:\/\/www.ghostysky.com\/#\/schema\/logo\/image\/","url":"https:\/\/www.ghostysky.com\/wp-content\/uploads\/2020\/06\/cropped-ghostyskylogo_text_white2.png","contentUrl":"https:\/\/www.ghostysky.com\/wp-content\/uploads\/2020\/06\/cropped-ghostyskylogo_text_white2.png","width":169,"height":56,"caption":"Ghostysky"},"image":{"@id":"https:\/\/www.ghostysky.com\/#\/schema\/logo\/image\/"},"sameAs":["https:\/\/www.facebook.com\/people\/Ghostysky\/100057676170234\/","https:\/\/x.com\/Gh0stysky","https:\/\/www.linkedin.com\/company\/34739653","https:\/\/www.instagram.com\/gh0stysky"]}]}},"_links":{"self":[{"href":"https:\/\/www.ghostysky.com\/es\/wp-json\/wp\/v2\/product\/25775","targetHints":{"allow":["GET"]}}],"collection":[{"href":"https:\/\/www.ghostysky.com\/es\/wp-json\/wp\/v2\/product"}],"about":[{"href":"https:\/\/www.ghostysky.com\/es\/wp-json\/wp\/v2\/types\/product"}],"replies":[{"embeddable":true,"href":"https:\/\/www.ghostysky.com\/es\/wp-json\/wp\/v2\/comments?post=25775"}],"version-history":[{"count":1,"href":"https:\/\/www.ghostysky.com\/es\/wp-json\/wp\/v2\/product\/25775\/revisions"}],"predecessor-version":[{"id":25778,"href":"https:\/\/www.ghostysky.com\/es\/wp-json\/wp\/v2\/product\/25775\/revisions\/25778"}],"wp:featuredmedia":[{"embeddable":true,"href":"https:\/\/www.ghostysky.com\/es\/wp-json\/wp\/v2\/media\/25755"}],"wp:attachment":[{"href":"https:\/\/www.ghostysky.com\/es\/wp-json\/wp\/v2\/media?parent=25775"}],"wp:term":[{"taxonomy":"product_brand","embeddable":true,"href":"https:\/\/www.ghostysky.com\/es\/wp-json\/wp\/v2\/product_brand?post=25775"},{"taxonomy":"product_cat","embeddable":true,"href":"https:\/\/www.ghostysky.com\/es\/wp-json\/wp\/v2\/product_cat?post=25775"},{"taxonomy":"product_tag","embeddable":true,"href":"https:\/\/www.ghostysky.com\/es\/wp-json\/wp\/v2\/product_tag?post=25775"}],"curies":[{"name":"wp","href":"https:\/\/api.w.org\/{rel}","templated":true}]}}