{"id":25793,"date":"2026-04-25T06:09:05","date_gmt":"2026-04-25T06:09:05","guid":{"rendered":"https:\/\/www.ghostysky.com\/?post_type=product&#038;p=25793"},"modified":"2026-04-25T06:23:12","modified_gmt":"2026-04-25T06:23:12","slug":"dji-lito-x1-intelligent-flight-battery","status":"publish","type":"product","link":"https:\/\/www.ghostysky.com\/es\/product\/dji-lito-x1-intelligent-flight-battery\/","title":{"rendered":"Bater\u00eda de vuelo inteligente DJI Lito X1"},"content":{"rendered":"<h3 data-path-to-node=\"1\"><b data-path-to-node=\"1\" data-index-in-node=\"0\">Caracter\u00edsticas clave<\/b><\/h3>\n<ul data-path-to-node=\"2\">\n<li>\n<p id=\"p-rc_6b6cc6f79a5878f9-139\" data-path-to-node=\"2,0,0\"><b data-path-to-node=\"2,0,0\" data-index-in-node=\"0\"><span class=\"citation-373\">Duraci\u00f3n del vuelo: 36 minutos.<\/span><\/b><span class=\"citation-373 citation-end-373\"> Proporciona suficiente autonom\u00eda para explorar localizaciones, encuadrar tomas complejas y regresar a casa sano y salvo en un solo vuelo.<\/span><\/p>\n<\/li>\n<li>\n<p data-path-to-node=\"2,1,0\"><b data-path-to-node=\"2,1,0\" data-index-in-node=\"0\">Gesti\u00f3n inteligente:<\/b> El sistema de gesti\u00f3n de bater\u00edas (BMS) integrado de DJI supervisa el estado de la bater\u00eda en tiempo real y lo informa a trav\u00e9s de la aplicaci\u00f3n DJI Fly, para que puedas concentrarte en volar en lugar de en c\u00e1lculos matem\u00e1ticos.<\/p>\n<\/li>\n<li>\n<p data-path-to-node=\"2,2,0\"><b data-path-to-node=\"2,2,0\" data-index-in-node=\"0\">Seguridad ante todo:<\/b> Incorpora protecci\u00f3n contra sobrecarga y sobredescarga, as\u00ed como protecci\u00f3n contra bajas temperaturas para garantizar que las celdas de iones de litio se mantengan en buen estado durante el almacenamiento y el uso.<\/p>\n<\/li>\n<li>\n<p data-path-to-node=\"2,3,0\"><b data-path-to-node=\"2,3,0\" data-index-in-node=\"0\">Intercambio r\u00e1pido:<\/b> El dise\u00f1o de carga trasera deslizante permite cambios r\u00e1pidos de bater\u00eda, manteniendo tu dron en el aire y tu flujo de trabajo sin interrupciones.<\/p>\n<\/li>\n<\/ul>\n<p>&nbsp;<\/p>\n<p>&nbsp;<\/p>\n<h3 data-path-to-node=\"4\"><b data-path-to-node=\"4\" data-index-in-node=\"0\">Especificaciones t\u00e9cnicas<\/b><\/h3>\n<table data-path-to-node=\"5\">\n<thead>\n<tr>\n<td><strong>Caracter\u00edstica<\/strong><\/td>\n<td><strong>Especificaci\u00f3n<\/strong><\/td>\n<\/tr>\n<\/thead>\n<tbody>\n<tr>\n<td><span data-path-to-node=\"5,1,0,0\"><b data-path-to-node=\"5,1,0,0\" data-index-in-node=\"0\">Modelo<\/b><\/span><\/td>\n<td><span data-path-to-node=\"5,1,1,0\">BWXGP1-2788-7.0<\/span><\/td>\n<\/tr>\n<tr>\n<td><span data-path-to-node=\"5,2,0,0\"><b data-path-to-node=\"5,2,0,0\" data-index-in-node=\"0\">Capacidad<\/b><\/span><\/td>\n<td><span data-path-to-node=\"5,2,1,0\">2788 mAh<\/span><\/td>\n<\/tr>\n<tr>\n<td><span data-path-to-node=\"5,3,0,0\"><b data-path-to-node=\"5,3,0,0\" data-index-in-node=\"0\">Tipo de Bater\u00eda<\/b><\/span><\/td>\n<td><span data-path-to-node=\"5,3,1,0\">Li-ion<\/span><\/td>\n<\/tr>\n<tr>\n<td><span data-path-to-node=\"5,4,0,0\"><b data-path-to-node=\"5,4,0,0\" data-index-in-node=\"0\">Sector energ\u00e9tico<\/b><\/span><\/td>\n<td><span data-path-to-node=\"5,4,1,0\">19.52 Wh<\/span><\/td>\n<\/tr>\n<tr>\n<td><span data-path-to-node=\"5,5,0,0\"><b data-path-to-node=\"5,5,0,0\" data-index-in-node=\"0\">Peso<\/b><\/span><\/td>\n<td><span data-path-to-node=\"5,5,1,0\">Aprox. 74 g<\/span><\/td>\n<\/tr>\n<tr>\n<td><span data-path-to-node=\"5,6,0,0\"><b data-path-to-node=\"5,6,0,0\" data-index-in-node=\"0\">Tensi\u00f3n nominal<\/b><\/span><\/td>\n<td><span data-path-to-node=\"5,6,1,0\">7,0 V<\/span><\/td>\n<\/tr>\n<tr>\n<td><span data-path-to-node=\"5,7,0,0\"><b data-path-to-node=\"5,7,0,0\" data-index-in-node=\"0\">Temperatura de carga<\/b><\/span><\/td>\n<td><span data-path-to-node=\"5,7,1,0\">De 5\u00b0 a 40\u00b0C (de 41\u00b0 a 104\u00b0F)<\/span><\/td>\n<\/tr>\n<tr>\n<td><span data-path-to-node=\"5,8,0,0\"><b data-path-to-node=\"5,8,0,0\" data-index-in-node=\"0\">Compatibilidad<\/b><\/span><\/td>\n<td><span data-path-to-node=\"5,8,1,0\">DJI Lito X1<\/span><\/td>\n<\/tr>\n<\/tbody>\n<\/table>\n<p>&nbsp;<\/p>\n<p>&nbsp;<\/p>\n<h3 data-path-to-node=\"7\"><b data-path-to-node=\"7\" data-index-in-node=\"0\">Consejo profesional: La alternativa \u201cPlus\u201d<\/b><\/h3>\n<p data-path-to-node=\"8\">Si no le importa superar el umbral de peso de 250 g (que puede requerir registro en algunas regiones), tambi\u00e9n puede utilizar el <b data-path-to-node=\"8\" data-index-in-node=\"124\">Bater\u00eda de vuelo inteligente Plus<\/b>. Esta versi\u00f3n extiende tu tiempo de vuelo a una enorme <b data-path-to-node=\"8\" data-index-in-node=\"208\">52 minutos<\/b>, aunque aumenta el peso al despegue a aproximadamente 340 g.<\/p>\n<p data-path-to-node=\"9\"><b data-path-to-node=\"9\" data-index-in-node=\"0\">\u00bfQu\u00e9 hay en la caja?<\/b><\/p>\n<ul data-path-to-node=\"10\">\n<li>\n<p id=\"p-rc_6b6cc6f79a5878f9-140\" data-path-to-node=\"10,0,0\"><span class=\"citation-372 citation-end-372\">1 bater\u00eda de vuelo inteligente DJI Lito X1<\/span><\/p>\n<\/li>\n<\/ul>","protected":false},"excerpt":{"rendered":"<p><span class=\"citation-374\">Dise\u00f1ado para impulsar tus sesiones creativas sin la constante ansiedad de \u201cbater\u00eda baja\u201d, el <\/span><b class=\"animating\" data-path-to-node=\"0\" data-index-in-node=\"88\"><span class=\"citation-374\">Bater\u00eda de vuelo inteligente DJI Lito X1<\/span><\/b><span class=\"citation-374 citation-end-374 animating\"> Es la fuente de alimentaci\u00f3n est\u00e1ndar para el dron Lito X1 (lanzado en abril de 2023).<\/span><span class=\"\"> Logra un equilibrio entre mantener tu dron bajo control cr\u00edtico. <\/span><\/p>","protected":false},"featured_media":25797,"comment_status":"open","ping_status":"closed","template":"","meta":[],"product_brand":[1031],"product_cat":[752,37,1436,1440],"product_tag":[1441,1442],"class_list":{"0":"post-25793","1":"product","2":"type-product","3":"status-publish","4":"has-post-thumbnail","6":"product_brand-dji","7":"product_cat-aerial-photography","8":"product_cat-dji","9":"product_cat-dji-lito","10":"product_cat-lito-accessories","11":"product_tag-dji-lito","12":"product_tag-dji-lito-accessories","14":"first","15":"onbackorder","16":"taxable","17":"shipping-taxable","18":"purchasable","19":"product-type-simple"},"yoast_head":"<!-- This site is optimized with the Yoast SEO plugin v27.4 - https:\/\/yoast.com\/product\/yoast-seo-wordpress\/ -->\n<title>DJI Lito X1 Intelligent Flight Battery - Ghostysky<\/title>\n<meta name=\"description\" content=\"Designed to fuel your creative sessions without the constant &quot;low battery&quot; anxiety, the DJI Lito X1 Intelligent Flight Battery is the standard power source for the Lito X1 drone (released April 2023). It strikes a balance between keeping your drone under the critical\" \/>\n<meta name=\"robots\" content=\"index, follow, max-snippet:-1, max-image-preview:large, max-video-preview:-1\" \/>\n<link rel=\"canonical\" href=\"https:\/\/www.ghostysky.com\/es\/producto-2\/dji-lito-x1-intelligent-flight-battery\/\" \/>\n<meta property=\"og:locale\" content=\"es_ES\" \/>\n<meta property=\"og:type\" content=\"article\" \/>\n<meta property=\"og:title\" content=\"DJI Lito X1 Intelligent Flight Battery - Ghostysky\" \/>\n<meta property=\"og:description\" content=\"Designed to fuel your creative sessions without the constant &quot;low battery&quot; anxiety, the DJI Lito X1 Intelligent Flight Battery is the standard power source for the Lito X1 drone (released April 2023). It strikes a balance between keeping your drone under the critical\" \/>\n<meta property=\"og:url\" content=\"https:\/\/www.ghostysky.com\/es\/producto-2\/dji-lito-x1-intelligent-flight-battery\/\" \/>\n<meta property=\"og:site_name\" content=\"Ghostysky\" \/>\n<meta property=\"article:publisher\" content=\"https:\/\/www.facebook.com\/people\/Ghostysky\/100057676170234\/\" \/>\n<meta property=\"article:modified_time\" content=\"2026-04-25T06:23:12+00:00\" \/>\n<meta property=\"og:image\" content=\"https:\/\/www.ghostysky.com\/wp-content\/uploads\/2026\/04\/GH_DJI-Lito-X1-Intelligent-Flight-Battery_1.jpg\" \/>\n\t<meta property=\"og:image:width\" content=\"1308\" \/>\n\t<meta property=\"og:image:height\" content=\"1308\" \/>\n\t<meta property=\"og:image:type\" content=\"image\/jpeg\" \/>\n<meta name=\"twitter:card\" content=\"summary_large_image\" \/>\n<meta name=\"twitter:site\" content=\"@Gh0stysky\" \/>\n<meta name=\"twitter:label1\" content=\"Tiempo de lectura\" \/>\n\t<meta name=\"twitter:data1\" content=\"2 minutos\" \/>\n<script type=\"application\/ld+json\" class=\"yoast-schema-graph\">{\"@context\":\"https:\\\/\\\/schema.org\",\"@graph\":[{\"@type\":\"WebPage\",\"@id\":\"https:\\\/\\\/www.ghostysky.com\\\/product\\\/dji-lito-x1-intelligent-flight-battery\\\/\",\"url\":\"https:\\\/\\\/www.ghostysky.com\\\/product\\\/dji-lito-x1-intelligent-flight-battery\\\/\",\"name\":\"DJI Lito X1 Intelligent Flight Battery - Ghostysky\",\"isPartOf\":{\"@id\":\"https:\\\/\\\/www.ghostysky.com\\\/#website\"},\"primaryImageOfPage\":{\"@id\":\"https:\\\/\\\/www.ghostysky.com\\\/product\\\/dji-lito-x1-intelligent-flight-battery\\\/#primaryimage\"},\"image\":{\"@id\":\"https:\\\/\\\/www.ghostysky.com\\\/product\\\/dji-lito-x1-intelligent-flight-battery\\\/#primaryimage\"},\"thumbnailUrl\":\"https:\\\/\\\/www.ghostysky.com\\\/wp-content\\\/uploads\\\/2026\\\/04\\\/GH_DJI-Lito-X1-Intelligent-Flight-Battery_1.jpg\",\"datePublished\":\"2026-04-25T06:09:05+00:00\",\"dateModified\":\"2026-04-25T06:23:12+00:00\",\"description\":\"Designed to fuel your creative sessions without the constant \\\"low battery\\\" anxiety, the DJI Lito X1 Intelligent Flight Battery is the standard power source for the Lito X1 drone (released April 2023). It strikes a balance between keeping your drone under the critical\",\"breadcrumb\":{\"@id\":\"https:\\\/\\\/www.ghostysky.com\\\/product\\\/dji-lito-x1-intelligent-flight-battery\\\/#breadcrumb\"},\"inLanguage\":\"es\",\"potentialAction\":[{\"@type\":\"ReadAction\",\"target\":[\"https:\\\/\\\/www.ghostysky.com\\\/product\\\/dji-lito-x1-intelligent-flight-battery\\\/\"]}]},{\"@type\":\"ImageObject\",\"inLanguage\":\"es\",\"@id\":\"https:\\\/\\\/www.ghostysky.com\\\/product\\\/dji-lito-x1-intelligent-flight-battery\\\/#primaryimage\",\"url\":\"https:\\\/\\\/www.ghostysky.com\\\/wp-content\\\/uploads\\\/2026\\\/04\\\/GH_DJI-Lito-X1-Intelligent-Flight-Battery_1.jpg\",\"contentUrl\":\"https:\\\/\\\/www.ghostysky.com\\\/wp-content\\\/uploads\\\/2026\\\/04\\\/GH_DJI-Lito-X1-Intelligent-Flight-Battery_1.jpg\",\"width\":1308,\"height\":1308},{\"@type\":\"BreadcrumbList\",\"@id\":\"https:\\\/\\\/www.ghostysky.com\\\/product\\\/dji-lito-x1-intelligent-flight-battery\\\/#breadcrumb\",\"itemListElement\":[{\"@type\":\"ListItem\",\"position\":1,\"name\":\"Home\",\"item\":\"https:\\\/\\\/www.ghostysky.com\\\/\"},{\"@type\":\"ListItem\",\"position\":2,\"name\":\"Shop\",\"item\":\"https:\\\/\\\/www.ghostysky.com\\\/shop\\\/\"},{\"@type\":\"ListItem\",\"position\":3,\"name\":\"DJI Lito X1 Intelligent Flight Battery\"}]},{\"@type\":\"WebSite\",\"@id\":\"https:\\\/\\\/www.ghostysky.com\\\/#website\",\"url\":\"https:\\\/\\\/www.ghostysky.com\\\/\",\"name\":\"Ghostysky\",\"description\":\"Delivering professional drones and robotics solutions\",\"publisher\":{\"@id\":\"https:\\\/\\\/www.ghostysky.com\\\/#organization\"},\"potentialAction\":[{\"@type\":\"SearchAction\",\"target\":{\"@type\":\"EntryPoint\",\"urlTemplate\":\"https:\\\/\\\/www.ghostysky.com\\\/?s={search_term_string}\"},\"query-input\":{\"@type\":\"PropertyValueSpecification\",\"valueRequired\":true,\"valueName\":\"search_term_string\"}}],\"inLanguage\":\"es\"},{\"@type\":\"Organization\",\"@id\":\"https:\\\/\\\/www.ghostysky.com\\\/#organization\",\"name\":\"Ghostysky\",\"url\":\"https:\\\/\\\/www.ghostysky.com\\\/\",\"logo\":{\"@type\":\"ImageObject\",\"inLanguage\":\"es\",\"@id\":\"https:\\\/\\\/www.ghostysky.com\\\/#\\\/schema\\\/logo\\\/image\\\/\",\"url\":\"https:\\\/\\\/www.ghostysky.com\\\/wp-content\\\/uploads\\\/2020\\\/06\\\/cropped-ghostyskylogo_text_white2.png\",\"contentUrl\":\"https:\\\/\\\/www.ghostysky.com\\\/wp-content\\\/uploads\\\/2020\\\/06\\\/cropped-ghostyskylogo_text_white2.png\",\"width\":169,\"height\":56,\"caption\":\"Ghostysky\"},\"image\":{\"@id\":\"https:\\\/\\\/www.ghostysky.com\\\/#\\\/schema\\\/logo\\\/image\\\/\"},\"sameAs\":[\"https:\\\/\\\/www.facebook.com\\\/people\\\/Ghostysky\\\/100057676170234\\\/\",\"https:\\\/\\\/x.com\\\/Gh0stysky\",\"https:\\\/\\\/www.linkedin.com\\\/company\\\/34739653\",\"https:\\\/\\\/www.instagram.com\\\/gh0stysky\"]}]}<\/script>\n<!-- \/ Yoast SEO plugin. -->","yoast_head_json":{"title":"Bater\u00eda de vuelo inteligente DJI Lito X1 - Ghostysky","description":"Dise\u00f1ada para impulsar tus sesiones creativas sin la constante ansiedad de la &quot;bater\u00eda baja&quot;, la bater\u00eda de vuelo inteligente DJI Lito X1 es la fuente de alimentaci\u00f3n est\u00e1ndar para el dron Lito X1 (lanzado en abril de 2023). Logra un equilibrio entre mantener tu dron bajo el nivel cr\u00edtico","robots":{"index":"index","follow":"follow","max-snippet":"max-snippet:-1","max-image-preview":"max-image-preview:large","max-video-preview":"max-video-preview:-1"},"canonical":"https:\/\/www.ghostysky.com\/es\/producto-2\/dji-lito-x1-intelligent-flight-battery\/","og_locale":"es_ES","og_type":"article","og_title":"DJI Lito X1 Intelligent Flight Battery - Ghostysky","og_description":"Designed to fuel your creative sessions without the constant \"low battery\" anxiety, the DJI Lito X1 Intelligent Flight Battery is the standard power source for the Lito X1 drone (released April 2023). It strikes a balance between keeping your drone under the critical","og_url":"https:\/\/www.ghostysky.com\/es\/producto-2\/dji-lito-x1-intelligent-flight-battery\/","og_site_name":"Ghostysky","article_publisher":"https:\/\/www.facebook.com\/people\/Ghostysky\/100057676170234\/","article_modified_time":"2026-04-25T06:23:12+00:00","og_image":[{"width":1308,"height":1308,"url":"https:\/\/www.ghostysky.com\/wp-content\/uploads\/2026\/04\/GH_DJI-Lito-X1-Intelligent-Flight-Battery_1.jpg","type":"image\/jpeg"}],"twitter_card":"summary_large_image","twitter_site":"@Gh0stysky","twitter_misc":{"Tiempo de lectura":"2 minutos"},"schema":{"@context":"https:\/\/schema.org","@graph":[{"@type":"WebPage","@id":"https:\/\/www.ghostysky.com\/product\/dji-lito-x1-intelligent-flight-battery\/","url":"https:\/\/www.ghostysky.com\/product\/dji-lito-x1-intelligent-flight-battery\/","name":"Bater\u00eda de vuelo inteligente DJI Lito X1 - Ghostysky","isPartOf":{"@id":"https:\/\/www.ghostysky.com\/#website"},"primaryImageOfPage":{"@id":"https:\/\/www.ghostysky.com\/product\/dji-lito-x1-intelligent-flight-battery\/#primaryimage"},"image":{"@id":"https:\/\/www.ghostysky.com\/product\/dji-lito-x1-intelligent-flight-battery\/#primaryimage"},"thumbnailUrl":"https:\/\/www.ghostysky.com\/wp-content\/uploads\/2026\/04\/GH_DJI-Lito-X1-Intelligent-Flight-Battery_1.jpg","datePublished":"2026-04-25T06:09:05+00:00","dateModified":"2026-04-25T06:23:12+00:00","description":"Dise\u00f1ada para impulsar tus sesiones creativas sin la constante ansiedad de la &quot;bater\u00eda baja&quot;, la bater\u00eda de vuelo inteligente DJI Lito X1 es la fuente de alimentaci\u00f3n est\u00e1ndar para el dron Lito X1 (lanzado en abril de 2023). Logra un equilibrio entre mantener tu dron bajo el nivel cr\u00edtico","breadcrumb":{"@id":"https:\/\/www.ghostysky.com\/product\/dji-lito-x1-intelligent-flight-battery\/#breadcrumb"},"inLanguage":"es","potentialAction":[{"@type":"ReadAction","target":["https:\/\/www.ghostysky.com\/product\/dji-lito-x1-intelligent-flight-battery\/"]}]},{"@type":"ImageObject","inLanguage":"es","@id":"https:\/\/www.ghostysky.com\/product\/dji-lito-x1-intelligent-flight-battery\/#primaryimage","url":"https:\/\/www.ghostysky.com\/wp-content\/uploads\/2026\/04\/GH_DJI-Lito-X1-Intelligent-Flight-Battery_1.jpg","contentUrl":"https:\/\/www.ghostysky.com\/wp-content\/uploads\/2026\/04\/GH_DJI-Lito-X1-Intelligent-Flight-Battery_1.jpg","width":1308,"height":1308},{"@type":"BreadcrumbList","@id":"https:\/\/www.ghostysky.com\/product\/dji-lito-x1-intelligent-flight-battery\/#breadcrumb","itemListElement":[{"@type":"ListItem","position":1,"name":"Home","item":"https:\/\/www.ghostysky.com\/"},{"@type":"ListItem","position":2,"name":"Shop","item":"https:\/\/www.ghostysky.com\/shop\/"},{"@type":"ListItem","position":3,"name":"DJI Lito X1 Intelligent Flight Battery"}]},{"@type":"WebSite","@id":"https:\/\/www.ghostysky.com\/#website","url":"https:\/\/www.ghostysky.com\/","name":"Ghostysky","description":"Ofrecemos soluciones profesionales de drones y rob\u00f3tica.","publisher":{"@id":"https:\/\/www.ghostysky.com\/#organization"},"potentialAction":[{"@type":"SearchAction","target":{"@type":"EntryPoint","urlTemplate":"https:\/\/www.ghostysky.com\/?s={search_term_string}"},"query-input":{"@type":"PropertyValueSpecification","valueRequired":true,"valueName":"search_term_string"}}],"inLanguage":"es"},{"@type":"Organization","@id":"https:\/\/www.ghostysky.com\/#organization","name":"Ghostysky","url":"https:\/\/www.ghostysky.com\/","logo":{"@type":"ImageObject","inLanguage":"es","@id":"https:\/\/www.ghostysky.com\/#\/schema\/logo\/image\/","url":"https:\/\/www.ghostysky.com\/wp-content\/uploads\/2020\/06\/cropped-ghostyskylogo_text_white2.png","contentUrl":"https:\/\/www.ghostysky.com\/wp-content\/uploads\/2020\/06\/cropped-ghostyskylogo_text_white2.png","width":169,"height":56,"caption":"Ghostysky"},"image":{"@id":"https:\/\/www.ghostysky.com\/#\/schema\/logo\/image\/"},"sameAs":["https:\/\/www.facebook.com\/people\/Ghostysky\/100057676170234\/","https:\/\/x.com\/Gh0stysky","https:\/\/www.linkedin.com\/company\/34739653","https:\/\/www.instagram.com\/gh0stysky"]}]}},"_links":{"self":[{"href":"https:\/\/www.ghostysky.com\/es\/wp-json\/wp\/v2\/product\/25793","targetHints":{"allow":["GET"]}}],"collection":[{"href":"https:\/\/www.ghostysky.com\/es\/wp-json\/wp\/v2\/product"}],"about":[{"href":"https:\/\/www.ghostysky.com\/es\/wp-json\/wp\/v2\/types\/product"}],"replies":[{"embeddable":true,"href":"https:\/\/www.ghostysky.com\/es\/wp-json\/wp\/v2\/comments?post=25793"}],"version-history":[{"count":2,"href":"https:\/\/www.ghostysky.com\/es\/wp-json\/wp\/v2\/product\/25793\/revisions"}],"predecessor-version":[{"id":25801,"href":"https:\/\/www.ghostysky.com\/es\/wp-json\/wp\/v2\/product\/25793\/revisions\/25801"}],"wp:featuredmedia":[{"embeddable":true,"href":"https:\/\/www.ghostysky.com\/es\/wp-json\/wp\/v2\/media\/25797"}],"wp:attachment":[{"href":"https:\/\/www.ghostysky.com\/es\/wp-json\/wp\/v2\/media?parent=25793"}],"wp:term":[{"taxonomy":"product_brand","embeddable":true,"href":"https:\/\/www.ghostysky.com\/es\/wp-json\/wp\/v2\/product_brand?post=25793"},{"taxonomy":"product_cat","embeddable":true,"href":"https:\/\/www.ghostysky.com\/es\/wp-json\/wp\/v2\/product_cat?post=25793"},{"taxonomy":"product_tag","embeddable":true,"href":"https:\/\/www.ghostysky.com\/es\/wp-json\/wp\/v2\/product_tag?post=25793"}],"curies":[{"name":"wp","href":"https:\/\/api.w.org\/{rel}","templated":true}]}}