{"id":25799,"date":"2026-04-25T06:19:18","date_gmt":"2026-04-25T06:19:18","guid":{"rendered":"https:\/\/www.ghostysky.com\/?post_type=product&#038;p=25799"},"modified":"2026-04-25T07:01:57","modified_gmt":"2026-04-25T07:01:57","slug":"dji-lito-x1-two-way-charging-hub","status":"publish","type":"product","link":"https:\/\/www.ghostysky.com\/es\/product\/dji-lito-x1-two-way-charging-hub\/","title":{"rendered":"Centro de carga bidireccional DJI Lito X1"},"content":{"rendered":"<h3 data-path-to-node=\"2\">Caracter\u00edsticas clave<\/h3>\n<ul data-path-to-node=\"3\">\n<li>\n<p id=\"p-rc_d6b5f3a397f9a8e1-142\" data-path-to-node=\"3,0,0\"><b data-path-to-node=\"3,0,0\" data-index-in-node=\"0\"><span class=\"citation-388\">Carga paralela inteligente:<\/span><\/b><span class=\"citation-388\"> Cuando se combina con un adaptador compatible con PD de 45 W o superior, el concentrador puede cargar hasta <\/span><b data-path-to-node=\"3,0,0\" data-index-in-node=\"112\"><span class=\"citation-388\">tres bater\u00edas simult\u00e1neamente<\/span><\/b><span class=\"citation-388 citation-end-388\">.<\/span> <span class=\"citation-387 citation-end-387\">Equilibra de forma inteligente los niveles de carga, elevando el nivel de las bater\u00edas con menor carga hasta igualar el de la bater\u00eda con mayor carga antes de completar el ciclo para las tres a la vez.<\/span><\/p>\n<\/li>\n<li>\n<p id=\"p-rc_d6b5f3a397f9a8e1-143\" data-path-to-node=\"3,1,0\"><b data-path-to-node=\"3,1,0\" data-index-in-node=\"0\">Modo de acumulaci\u00f3n de energ\u00eda:<\/b><span class=\"citation-386 citation-end-386\"> Esta caracter\u00edstica \u00fanica permite que el concentrador \u201ctransfiera\u201d la energ\u00eda restante de varias bater\u00edas con poca carga a la bater\u00eda con la mayor capacidad restante.<\/span> Esto consolida eficazmente tu energ\u00eda para que puedas realizar un vuelo completo adicional cuando no tengas acceso a una toma de corriente.<\/p>\n<\/li>\n<li>\n<p data-path-to-node=\"3,2,0\"><b data-path-to-node=\"3,2,0\" data-index-in-node=\"0\">Funcionalidad bidireccional:<\/b> Adem\u00e1s de cargar las bater\u00edas de los drones, el hub act\u00faa como un <b data-path-to-node=\"3,2,0\" data-index-in-node=\"74\">bater\u00eda externa<\/b>. Puedes usar la energ\u00eda almacenada en tus bater\u00edas de vuelo para cargar tu tel\u00e9fono inteligente, tableta o control remoto DJI RC 2 a trav\u00e9s del puerto USB.<\/p>\n<\/li>\n<li>\n<p id=\"p-rc_d6b5f3a397f9a8e1-144\" data-path-to-node=\"3,3,0\"><b data-path-to-node=\"3,3,0\" data-index-in-node=\"0\">Almacenamiento y transporte seguros:<\/b><span class=\"citation-385 citation-end-385\"> El concentrador proporciona una forma segura y compacta de almacenar y transportar las bater\u00edas, protegiendo los pines y manteniendo el kit organizado en la bolsa.<\/span><\/p>\n<div class=\"source-inline-chip-container ng-star-inserted\"><\/div>\n<p>&nbsp;<\/li>\n<\/ul>\n<h3 data-path-to-node=\"5\">Especificaciones<\/h3>\n<table data-path-to-node=\"6\">\n<thead>\n<tr>\n<td><strong>Caracter\u00edstica<\/strong><\/td>\n<td><strong>Detalles<\/strong><\/td>\n<\/tr>\n<\/thead>\n<tbody>\n<tr>\n<td><span data-path-to-node=\"6,1,0,0\"><b data-path-to-node=\"6,1,0,0\" data-index-in-node=\"0\">Compatibilidad de la bater\u00eda<\/b><\/span><\/td>\n<td><span data-path-to-node=\"6,1,1,0\">Bater\u00eda de vuelo inteligente DJI Lito X1 \/ Bater\u00eda de vuelo Plus<\/span><\/td>\n<\/tr>\n<tr>\n<td><span data-path-to-node=\"6,2,0,0\"><b data-path-to-node=\"6,2,0,0\" data-index-in-node=\"0\">Tiempo de carga (3x)<\/b><\/span><\/td>\n<td><span data-path-to-node=\"6,2,1,0\">~87 minutos (Est\u00e1ndar) \/ ~130 minutos (Plus) con cargador de 65 W<\/span><\/td>\n<\/tr>\n<tr>\n<td><span data-path-to-node=\"6,3,0,0\"><b data-path-to-node=\"6,3,0,0\" data-index-in-node=\"0\">Entrada de alimentaci\u00f3n<\/b><\/span><\/td>\n<td><span data-path-to-node=\"6,3,1,0\">USB-C (5V\/9V\/12V\/15V\/20V, hasta 3,25A)<\/span><\/td>\n<\/tr>\n<tr>\n<td><span data-path-to-node=\"6,4,0,0\"><b data-path-to-node=\"6,4,0,0\" data-index-in-node=\"0\">Salida de potencia (USB)<\/b><\/span><\/td>\n<td><span data-path-to-node=\"6,4,1,0\">5V\/9V\/12V\/15V\/20V, hasta 3A<\/span><\/td>\n<\/tr>\n<tr>\n<td><span data-path-to-node=\"6,5,0,0\"><b data-path-to-node=\"6,5,0,0\" data-index-in-node=\"0\">Temperatura de funcionamiento<\/b><\/span><\/td>\n<td><span data-path-to-node=\"6,5,1,0\">De 5\u00b0 a 40\u00b0 C (de 41\u00b0 a 104\u00b0 F)<\/span><\/td>\n<\/tr>\n<\/tbody>\n<\/table>\n<p>&nbsp;<\/p>\n<p>&nbsp;<\/p>\n<h3 data-path-to-node=\"8\">Por qu\u00e9 lo necesitas<\/h3>\n<p data-path-to-node=\"9\">Para los pilotos que utilizan las funciones avanzadas del Lito X1, como la <b data-path-to-node=\"9\" data-index-in-node=\"58\">LiDAR orientado hacia adelante<\/b> y <b data-path-to-node=\"9\" data-index-in-node=\"83\">4K\/100 fps<\/b> En cuanto al v\u00eddeo, la gesti\u00f3n de la bater\u00eda es fundamental. Si bien una sola bater\u00eda ofrece hasta 36 minutos de vuelo, el centro de control garantiza que el tiempo de inactividad se minimice y que la energ\u00eda existente se utilice de la forma m\u00e1s eficiente posible.<\/p>\n<blockquote data-path-to-node=\"10\">\n<p id=\"p-rc_d6b5f3a397f9a8e1-145\" data-path-to-node=\"10,0\"><b data-path-to-node=\"10,0\" data-index-in-node=\"0\"><span class=\"citation-384\">Consejo profesional:<\/span><\/b><span class=\"citation-384\"> Para lograr la carga paralela anunciada de 87 minutos para tres bater\u00edas, utilice el <\/span><b data-path-to-node=\"10,0\" data-index-in-node=\"92\"><span class=\"citation-384\">Cargador port\u00e1til DJI de 65 W<\/span><\/b><span class=\"citation-384 citation-end-384\">.<\/span> Los cargadores de menor potencia volver\u00e1n a la carga secuencial (uno por uno).<\/p>\n<\/blockquote>","protected":false},"excerpt":{"rendered":"<p><span class=\"citation-389\">El <\/span><b data-path-to-node=\"0\" data-index-in-node=\"4\"><span class=\"citation-389\">Centro de carga bidireccional DJI Lito X1<\/span><\/b><span class=\"citation-389 citation-end-389\"> Es el accesorio esencial de gesti\u00f3n de energ\u00eda dise\u00f1ado para la serie de drones DJI Lito.<\/span> Lanzado junto con el Lito X1 en abril de 2026, es mucho m\u00e1s que un simple cargador: es un distribuidor de energ\u00eda inteligente y una bater\u00eda externa port\u00e1til para tus dispositivos m\u00f3viles.<\/p>","protected":false},"featured_media":25800,"comment_status":"open","ping_status":"closed","template":"","meta":[],"product_brand":[1031],"product_cat":[752,37,1436,1440],"product_tag":[1441,1442],"class_list":{"0":"post-25799","1":"product","2":"type-product","3":"status-publish","4":"has-post-thumbnail","6":"product_brand-dji","7":"product_cat-aerial-photography","8":"product_cat-dji","9":"product_cat-dji-lito","10":"product_cat-lito-accessories","11":"product_tag-dji-lito","12":"product_tag-dji-lito-accessories","14":"first","15":"onbackorder","16":"taxable","17":"shipping-taxable","18":"purchasable","19":"product-type-simple"},"yoast_head":"<!-- This site is optimized with the Yoast SEO plugin v27.4 - https:\/\/yoast.com\/product\/yoast-seo-wordpress\/ -->\n<title>DJI Lito X1 Two-Way Charging Hub - Ghostysky<\/title>\n<meta name=\"description\" content=\"The DJI Lito X1 Two-Way Charging Hub is the essential power management accessory designed for the DJI Lito drone series. Launched alongside the Lito X1 in April 2026, it serves as more than just a charger\u2014it is a smart energy distributor and a portable power bank for your mobile devices.\" \/>\n<meta name=\"robots\" content=\"index, follow, max-snippet:-1, max-image-preview:large, max-video-preview:-1\" \/>\n<link rel=\"canonical\" href=\"https:\/\/www.ghostysky.com\/es\/producto-2\/dji-lito-x1-two-way-charging-hub\/\" \/>\n<meta property=\"og:locale\" content=\"es_ES\" \/>\n<meta property=\"og:type\" content=\"article\" \/>\n<meta property=\"og:title\" content=\"DJI Lito X1 Two-Way Charging Hub - Ghostysky\" \/>\n<meta property=\"og:description\" content=\"The DJI Lito X1 Two-Way Charging Hub is the essential power management accessory designed for the DJI Lito drone series. Launched alongside the Lito X1 in April 2026, it serves as more than just a charger\u2014it is a smart energy distributor and a portable power bank for your mobile devices.\" \/>\n<meta property=\"og:url\" content=\"https:\/\/www.ghostysky.com\/es\/producto-2\/dji-lito-x1-two-way-charging-hub\/\" \/>\n<meta property=\"og:site_name\" content=\"Ghostysky\" \/>\n<meta property=\"article:publisher\" content=\"https:\/\/www.facebook.com\/people\/Ghostysky\/100057676170234\/\" \/>\n<meta property=\"article:modified_time\" content=\"2026-04-25T07:01:57+00:00\" \/>\n<meta property=\"og:image\" content=\"https:\/\/www.ghostysky.com\/wp-content\/uploads\/2026\/04\/GH_DJI-Lito-X1-Two-Way-Charging-Hub_1.jpg\" \/>\n\t<meta property=\"og:image:width\" content=\"1308\" \/>\n\t<meta property=\"og:image:height\" content=\"1308\" \/>\n\t<meta property=\"og:image:type\" content=\"image\/jpeg\" \/>\n<meta name=\"twitter:card\" content=\"summary_large_image\" \/>\n<meta name=\"twitter:site\" content=\"@Gh0stysky\" \/>\n<meta name=\"twitter:label1\" content=\"Tiempo de lectura\" \/>\n\t<meta name=\"twitter:data1\" content=\"2 minutos\" \/>\n<script type=\"application\/ld+json\" class=\"yoast-schema-graph\">{\"@context\":\"https:\\\/\\\/schema.org\",\"@graph\":[{\"@type\":\"WebPage\",\"@id\":\"https:\\\/\\\/www.ghostysky.com\\\/product\\\/dji-lito-x1-two-way-charging-hub\\\/\",\"url\":\"https:\\\/\\\/www.ghostysky.com\\\/product\\\/dji-lito-x1-two-way-charging-hub\\\/\",\"name\":\"DJI Lito X1 Two-Way Charging Hub - Ghostysky\",\"isPartOf\":{\"@id\":\"https:\\\/\\\/www.ghostysky.com\\\/#website\"},\"primaryImageOfPage\":{\"@id\":\"https:\\\/\\\/www.ghostysky.com\\\/product\\\/dji-lito-x1-two-way-charging-hub\\\/#primaryimage\"},\"image\":{\"@id\":\"https:\\\/\\\/www.ghostysky.com\\\/product\\\/dji-lito-x1-two-way-charging-hub\\\/#primaryimage\"},\"thumbnailUrl\":\"https:\\\/\\\/www.ghostysky.com\\\/wp-content\\\/uploads\\\/2026\\\/04\\\/GH_DJI-Lito-X1-Two-Way-Charging-Hub_1.jpg\",\"datePublished\":\"2026-04-25T06:19:18+00:00\",\"dateModified\":\"2026-04-25T07:01:57+00:00\",\"description\":\"The DJI Lito X1 Two-Way Charging Hub is the essential power management accessory designed for the DJI Lito drone series. Launched alongside the Lito X1 in April 2026, it serves as more than just a charger\u2014it is a smart energy distributor and a portable power bank for your mobile devices.\",\"breadcrumb\":{\"@id\":\"https:\\\/\\\/www.ghostysky.com\\\/product\\\/dji-lito-x1-two-way-charging-hub\\\/#breadcrumb\"},\"inLanguage\":\"es\",\"potentialAction\":[{\"@type\":\"ReadAction\",\"target\":[\"https:\\\/\\\/www.ghostysky.com\\\/product\\\/dji-lito-x1-two-way-charging-hub\\\/\"]}]},{\"@type\":\"ImageObject\",\"inLanguage\":\"es\",\"@id\":\"https:\\\/\\\/www.ghostysky.com\\\/product\\\/dji-lito-x1-two-way-charging-hub\\\/#primaryimage\",\"url\":\"https:\\\/\\\/www.ghostysky.com\\\/wp-content\\\/uploads\\\/2026\\\/04\\\/GH_DJI-Lito-X1-Two-Way-Charging-Hub_1.jpg\",\"contentUrl\":\"https:\\\/\\\/www.ghostysky.com\\\/wp-content\\\/uploads\\\/2026\\\/04\\\/GH_DJI-Lito-X1-Two-Way-Charging-Hub_1.jpg\",\"width\":1308,\"height\":1308},{\"@type\":\"BreadcrumbList\",\"@id\":\"https:\\\/\\\/www.ghostysky.com\\\/product\\\/dji-lito-x1-two-way-charging-hub\\\/#breadcrumb\",\"itemListElement\":[{\"@type\":\"ListItem\",\"position\":1,\"name\":\"Home\",\"item\":\"https:\\\/\\\/www.ghostysky.com\\\/\"},{\"@type\":\"ListItem\",\"position\":2,\"name\":\"Shop\",\"item\":\"https:\\\/\\\/www.ghostysky.com\\\/shop\\\/\"},{\"@type\":\"ListItem\",\"position\":3,\"name\":\"DJI Lito X1 Two-Way Charging Hub\"}]},{\"@type\":\"WebSite\",\"@id\":\"https:\\\/\\\/www.ghostysky.com\\\/#website\",\"url\":\"https:\\\/\\\/www.ghostysky.com\\\/\",\"name\":\"Ghostysky\",\"description\":\"Delivering professional drones and robotics solutions\",\"publisher\":{\"@id\":\"https:\\\/\\\/www.ghostysky.com\\\/#organization\"},\"potentialAction\":[{\"@type\":\"SearchAction\",\"target\":{\"@type\":\"EntryPoint\",\"urlTemplate\":\"https:\\\/\\\/www.ghostysky.com\\\/?s={search_term_string}\"},\"query-input\":{\"@type\":\"PropertyValueSpecification\",\"valueRequired\":true,\"valueName\":\"search_term_string\"}}],\"inLanguage\":\"es\"},{\"@type\":\"Organization\",\"@id\":\"https:\\\/\\\/www.ghostysky.com\\\/#organization\",\"name\":\"Ghostysky\",\"url\":\"https:\\\/\\\/www.ghostysky.com\\\/\",\"logo\":{\"@type\":\"ImageObject\",\"inLanguage\":\"es\",\"@id\":\"https:\\\/\\\/www.ghostysky.com\\\/#\\\/schema\\\/logo\\\/image\\\/\",\"url\":\"https:\\\/\\\/www.ghostysky.com\\\/wp-content\\\/uploads\\\/2020\\\/06\\\/cropped-ghostyskylogo_text_white2.png\",\"contentUrl\":\"https:\\\/\\\/www.ghostysky.com\\\/wp-content\\\/uploads\\\/2020\\\/06\\\/cropped-ghostyskylogo_text_white2.png\",\"width\":169,\"height\":56,\"caption\":\"Ghostysky\"},\"image\":{\"@id\":\"https:\\\/\\\/www.ghostysky.com\\\/#\\\/schema\\\/logo\\\/image\\\/\"},\"sameAs\":[\"https:\\\/\\\/www.facebook.com\\\/people\\\/Ghostysky\\\/100057676170234\\\/\",\"https:\\\/\\\/x.com\\\/Gh0stysky\",\"https:\\\/\\\/www.linkedin.com\\\/company\\\/34739653\",\"https:\\\/\\\/www.instagram.com\\\/gh0stysky\"]}]}<\/script>\n<!-- \/ Yoast SEO plugin. -->","yoast_head_json":{"title":"Centro de carga bidireccional DJI Lito X1 - Ghostysky","description":"El concentrador de carga bidireccional DJI Lito X1 es el accesorio esencial para la gesti\u00f3n de energ\u00eda dise\u00f1ado para la serie de drones DJI Lito. Lanzado junto con el Lito X1 en abril de 2026, es mucho m\u00e1s que un simple cargador: es un distribuidor de energ\u00eda inteligente y una bater\u00eda externa port\u00e1til para tus dispositivos m\u00f3viles.","robots":{"index":"index","follow":"follow","max-snippet":"max-snippet:-1","max-image-preview":"max-image-preview:large","max-video-preview":"max-video-preview:-1"},"canonical":"https:\/\/www.ghostysky.com\/es\/producto-2\/dji-lito-x1-two-way-charging-hub\/","og_locale":"es_ES","og_type":"article","og_title":"DJI Lito X1 Two-Way Charging Hub - Ghostysky","og_description":"The DJI Lito X1 Two-Way Charging Hub is the essential power management accessory designed for the DJI Lito drone series. Launched alongside the Lito X1 in April 2026, it serves as more than just a charger\u2014it is a smart energy distributor and a portable power bank for your mobile devices.","og_url":"https:\/\/www.ghostysky.com\/es\/producto-2\/dji-lito-x1-two-way-charging-hub\/","og_site_name":"Ghostysky","article_publisher":"https:\/\/www.facebook.com\/people\/Ghostysky\/100057676170234\/","article_modified_time":"2026-04-25T07:01:57+00:00","og_image":[{"width":1308,"height":1308,"url":"https:\/\/www.ghostysky.com\/wp-content\/uploads\/2026\/04\/GH_DJI-Lito-X1-Two-Way-Charging-Hub_1.jpg","type":"image\/jpeg"}],"twitter_card":"summary_large_image","twitter_site":"@Gh0stysky","twitter_misc":{"Tiempo de lectura":"2 minutos"},"schema":{"@context":"https:\/\/schema.org","@graph":[{"@type":"WebPage","@id":"https:\/\/www.ghostysky.com\/product\/dji-lito-x1-two-way-charging-hub\/","url":"https:\/\/www.ghostysky.com\/product\/dji-lito-x1-two-way-charging-hub\/","name":"Centro de carga bidireccional DJI Lito X1 - Ghostysky","isPartOf":{"@id":"https:\/\/www.ghostysky.com\/#website"},"primaryImageOfPage":{"@id":"https:\/\/www.ghostysky.com\/product\/dji-lito-x1-two-way-charging-hub\/#primaryimage"},"image":{"@id":"https:\/\/www.ghostysky.com\/product\/dji-lito-x1-two-way-charging-hub\/#primaryimage"},"thumbnailUrl":"https:\/\/www.ghostysky.com\/wp-content\/uploads\/2026\/04\/GH_DJI-Lito-X1-Two-Way-Charging-Hub_1.jpg","datePublished":"2026-04-25T06:19:18+00:00","dateModified":"2026-04-25T07:01:57+00:00","description":"El concentrador de carga bidireccional DJI Lito X1 es el accesorio esencial para la gesti\u00f3n de energ\u00eda dise\u00f1ado para la serie de drones DJI Lito. Lanzado junto con el Lito X1 en abril de 2026, es mucho m\u00e1s que un simple cargador: es un distribuidor de energ\u00eda inteligente y una bater\u00eda externa port\u00e1til para tus dispositivos m\u00f3viles.","breadcrumb":{"@id":"https:\/\/www.ghostysky.com\/product\/dji-lito-x1-two-way-charging-hub\/#breadcrumb"},"inLanguage":"es","potentialAction":[{"@type":"ReadAction","target":["https:\/\/www.ghostysky.com\/product\/dji-lito-x1-two-way-charging-hub\/"]}]},{"@type":"ImageObject","inLanguage":"es","@id":"https:\/\/www.ghostysky.com\/product\/dji-lito-x1-two-way-charging-hub\/#primaryimage","url":"https:\/\/www.ghostysky.com\/wp-content\/uploads\/2026\/04\/GH_DJI-Lito-X1-Two-Way-Charging-Hub_1.jpg","contentUrl":"https:\/\/www.ghostysky.com\/wp-content\/uploads\/2026\/04\/GH_DJI-Lito-X1-Two-Way-Charging-Hub_1.jpg","width":1308,"height":1308},{"@type":"BreadcrumbList","@id":"https:\/\/www.ghostysky.com\/product\/dji-lito-x1-two-way-charging-hub\/#breadcrumb","itemListElement":[{"@type":"ListItem","position":1,"name":"Home","item":"https:\/\/www.ghostysky.com\/"},{"@type":"ListItem","position":2,"name":"Shop","item":"https:\/\/www.ghostysky.com\/shop\/"},{"@type":"ListItem","position":3,"name":"DJI Lito X1 Two-Way Charging Hub"}]},{"@type":"WebSite","@id":"https:\/\/www.ghostysky.com\/#website","url":"https:\/\/www.ghostysky.com\/","name":"Ghostysky","description":"Ofrecemos soluciones profesionales de drones y rob\u00f3tica.","publisher":{"@id":"https:\/\/www.ghostysky.com\/#organization"},"potentialAction":[{"@type":"SearchAction","target":{"@type":"EntryPoint","urlTemplate":"https:\/\/www.ghostysky.com\/?s={search_term_string}"},"query-input":{"@type":"PropertyValueSpecification","valueRequired":true,"valueName":"search_term_string"}}],"inLanguage":"es"},{"@type":"Organization","@id":"https:\/\/www.ghostysky.com\/#organization","name":"Ghostysky","url":"https:\/\/www.ghostysky.com\/","logo":{"@type":"ImageObject","inLanguage":"es","@id":"https:\/\/www.ghostysky.com\/#\/schema\/logo\/image\/","url":"https:\/\/www.ghostysky.com\/wp-content\/uploads\/2020\/06\/cropped-ghostyskylogo_text_white2.png","contentUrl":"https:\/\/www.ghostysky.com\/wp-content\/uploads\/2020\/06\/cropped-ghostyskylogo_text_white2.png","width":169,"height":56,"caption":"Ghostysky"},"image":{"@id":"https:\/\/www.ghostysky.com\/#\/schema\/logo\/image\/"},"sameAs":["https:\/\/www.facebook.com\/people\/Ghostysky\/100057676170234\/","https:\/\/x.com\/Gh0stysky","https:\/\/www.linkedin.com\/company\/34739653","https:\/\/www.instagram.com\/gh0stysky"]}]}},"_links":{"self":[{"href":"https:\/\/www.ghostysky.com\/es\/wp-json\/wp\/v2\/product\/25799","targetHints":{"allow":["GET"]}}],"collection":[{"href":"https:\/\/www.ghostysky.com\/es\/wp-json\/wp\/v2\/product"}],"about":[{"href":"https:\/\/www.ghostysky.com\/es\/wp-json\/wp\/v2\/types\/product"}],"replies":[{"embeddable":true,"href":"https:\/\/www.ghostysky.com\/es\/wp-json\/wp\/v2\/comments?post=25799"}],"version-history":[{"count":2,"href":"https:\/\/www.ghostysky.com\/es\/wp-json\/wp\/v2\/product\/25799\/revisions"}],"predecessor-version":[{"id":25815,"href":"https:\/\/www.ghostysky.com\/es\/wp-json\/wp\/v2\/product\/25799\/revisions\/25815"}],"wp:featuredmedia":[{"embeddable":true,"href":"https:\/\/www.ghostysky.com\/es\/wp-json\/wp\/v2\/media\/25800"}],"wp:attachment":[{"href":"https:\/\/www.ghostysky.com\/es\/wp-json\/wp\/v2\/media?parent=25799"}],"wp:term":[{"taxonomy":"product_brand","embeddable":true,"href":"https:\/\/www.ghostysky.com\/es\/wp-json\/wp\/v2\/product_brand?post=25799"},{"taxonomy":"product_cat","embeddable":true,"href":"https:\/\/www.ghostysky.com\/es\/wp-json\/wp\/v2\/product_cat?post=25799"},{"taxonomy":"product_tag","embeddable":true,"href":"https:\/\/www.ghostysky.com\/es\/wp-json\/wp\/v2\/product_tag?post=25799"}],"curies":[{"name":"wp","href":"https:\/\/api.w.org\/{rel}","templated":true}]}}