{"id":25803,"date":"2026-04-25T06:26:39","date_gmt":"2026-04-25T06:26:39","guid":{"rendered":"https:\/\/www.ghostysky.com\/?post_type=product&#038;p=25803"},"modified":"2026-04-25T06:56:01","modified_gmt":"2026-04-25T06:56:01","slug":"dji-lito-1-two-way-charging-hub","status":"publish","type":"product","link":"https:\/\/www.ghostysky.com\/es\/product\/dji-lito-1-two-way-charging-hub\/","title":{"rendered":"Centro de carga bidireccional DJI Lito 1"},"content":{"rendered":"<h3 data-path-to-node=\"1\"><b data-path-to-node=\"1\" data-index-in-node=\"0\">Caracter\u00edsticas clave<\/b><\/h3>\n<ul data-path-to-node=\"2\">\n<li>\n<p id=\"p-rc_fc09803dddce4ee2-147\" data-path-to-node=\"2,0,0\"><b data-path-to-node=\"2,0,0\" data-index-in-node=\"0\">Carga inteligente secuencial:<\/b><span class=\"citation-409\"> El hub puede soportar hasta <\/span><b data-path-to-node=\"2,0,0\" data-index-in-node=\"50\"><span class=\"citation-409\">tres<\/span><\/b><span class=\"citation-409 citation-end-409\"> Bater\u00edas de vuelo inteligentes y las carga en secuencia.<\/span> <span class=\"citation-408 citation-end-408\">Detecta autom\u00e1ticamente qu\u00e9 bater\u00eda tiene m\u00e1s energ\u00eda restante y le da prioridad, para que puedas volver a volar lo antes posible.<\/span><\/p>\n<\/li>\n<li>\n<p id=\"p-rc_fc09803dddce4ee2-148\" data-path-to-node=\"2,1,0\"><b data-path-to-node=\"2,1,0\" data-index-in-node=\"0\">Modo Power Bank:<\/b><span class=\"citation-407 citation-end-407\"> Adem\u00e1s de cargar bater\u00edas, el concentrador cuenta con una salida USB-A que le permite funcionar como una bater\u00eda externa de alta capacidad.<\/span> Puedes usar la energ\u00eda almacenada en las bater\u00edas de tu dron para cargar tu tel\u00e9fono inteligente, tableta o control remoto DJI RC-N3 mientras est\u00e1s en el campo.<\/p>\n<\/li>\n<li>\n<p id=\"p-rc_fc09803dddce4ee2-149\" data-path-to-node=\"2,2,0\"><b data-path-to-node=\"2,2,0\" data-index-in-node=\"0\"><span class=\"citation-406\">Funci\u00f3n de acumulaci\u00f3n de energ\u00eda:<\/span><\/b><span class=\"citation-406 citation-end-406\"> Una funci\u00f3n \u00fanica de &quot;distribuci\u00f3n de energ\u00eda&quot; permite que el concentrador transfiera la energ\u00eda restante de varias bater\u00edas con poca carga a la bater\u00eda con la mayor capacidad restante.<\/span> Esto, en efecto, &quot;consolida&quot; tu energ\u00eda para darte un vuelo completo a partir de varias c\u00e9lulas casi vac\u00edas.<\/p>\n<\/li>\n<li>\n<p id=\"p-rc_fc09803dddce4ee2-150\" data-path-to-node=\"2,3,0\"><b data-path-to-node=\"2,3,0\" data-index-in-node=\"0\"><span class=\"citation-405\">Eficiencia r\u00e1pida:<\/span><\/b><span class=\"citation-405\"> Cuando se combina con un cargador PD de 45 W compatible (o superior), puede cargar completamente tres bater\u00edas de vuelo inteligentes est\u00e1ndar en aproximadamente <\/span><b data-path-to-node=\"2,3,0\" data-index-in-node=\"157\"><span class=\"citation-405\">87 minutos<\/span><\/b><span class=\"citation-405 citation-end-405\">.<\/span><\/p>\n<div class=\"source-inline-chip-container ng-star-inserted\"><\/div>\n<\/li>\n<\/ul>\n<h3 data-path-to-node=\"3\"><b data-path-to-node=\"3\" data-index-in-node=\"0\">Especificaciones t\u00e9cnicas<\/b><\/h3>\n<table data-path-to-node=\"4\">\n<thead>\n<tr>\n<td><strong>Caracter\u00edstica<\/strong><\/td>\n<td><strong>Especificaci\u00f3n<\/strong><\/td>\n<\/tr>\n<\/thead>\n<tbody>\n<tr>\n<td><span data-path-to-node=\"4,1,0,0\"><b data-path-to-node=\"4,1,0,0\" data-index-in-node=\"0\">Modelo<\/b><\/span><\/td>\n<td><span data-path-to-node=\"4,1,1,0\">CP.MA.00000993.01<\/span><\/td>\n<\/tr>\n<tr>\n<td><span data-path-to-node=\"4,2,0,0\"><b data-path-to-node=\"4,2,0,0\" data-index-in-node=\"0\">Bater\u00edas compatibles<\/b><\/span><\/td>\n<td><span data-path-to-node=\"4,2,1,0\">Bater\u00eda de vuelo inteligente DJI Lito 1 \/ Lito X1 (Est\u00e1ndar y Plus)<\/span><\/td>\n<\/tr>\n<tr>\n<td><span data-path-to-node=\"4,3,0,0\"><b data-path-to-node=\"4,3,0,0\" data-index-in-node=\"0\">Potencia de entrada<\/b><\/span><\/td>\n<td><span data-path-to-node=\"4,3,1,0\">5V\/9V\/12V\/15V\/20V (hasta 3,25A)<\/span><\/td>\n<\/tr>\n<tr>\n<td><span data-path-to-node=\"4,4,0,0\"><b data-path-to-node=\"4,4,0,0\" data-index-in-node=\"0\">Tiempo de carga (3x)<\/b><\/span><\/td>\n<td><span data-path-to-node=\"4,4,1,0\">~87 minutos (Est\u00e1ndar) \/ ~130 minutos (Plus)<\/span><\/td>\n<\/tr>\n<tr>\n<td><span data-path-to-node=\"4,5,0,0\"><b data-path-to-node=\"4,5,0,0\" data-index-in-node=\"0\">Temperatura de funcionamiento<\/b><\/span><\/td>\n<td><span data-path-to-node=\"4,5,1,0\">De 5\u00b0 a 40\u00b0 C (de 41\u00b0 a 104\u00b0 F)<\/span><\/td>\n<\/tr>\n<tr>\n<td><span data-path-to-node=\"4,6,0,0\"><b data-path-to-node=\"4,6,0,0\" data-index-in-node=\"0\">Salida (USB)<\/b><\/span><\/td>\n<td><span data-path-to-node=\"4,6,1,0\">5V, 2A<\/span><\/td>\n<\/tr>\n<\/tbody>\n<\/table>\n<h3 data-path-to-node=\"5\"><\/h3>\n<h3 data-path-to-node=\"5\"><b data-path-to-node=\"5\" data-index-in-node=\"0\">Por qu\u00e9 es esencial<\/b><\/h3>\n<p data-path-to-node=\"6\">Para los creadores que utilizan los modos de foto 8K o v\u00eddeo 4K\/60fps de la Lito 1, la gesti\u00f3n de la bater\u00eda es el mayor obst\u00e1culo. Este concentrador elimina la necesidad de cambiar manualmente las bater\u00edas en un solo cargador durante la noche y garantiza que incluso las bater\u00edas &quot;agotadas&quot; puedan ser \u00fatiles, ya sea recargando el tel\u00e9fono o consolidando la energ\u00eda restante para una \u00faltima foto al atardecer.<\/p>\n<blockquote data-path-to-node=\"7\">\n<p id=\"p-rc_fc09803dddce4ee2-151\" data-path-to-node=\"7,0\"><b data-path-to-node=\"7,0\" data-index-in-node=\"0\">Nota:<\/b><span class=\"citation-404\"> Para obtener las velocidades de carga paralela m\u00e1s r\u00e1pidas, se recomienda utilizar el <\/span><b data-path-to-node=\"7,0\" data-index-in-node=\"77\"><span class=\"citation-404\">Cargador port\u00e1til DJI de 65 W<\/span><\/b><span class=\"citation-404 citation-end-404\"> o un adaptador USB-C Power Delivery (PD) de terceros de al menos 45 W.<\/span><\/p>\n<\/blockquote>","protected":false},"excerpt":{"rendered":"<p><span class=\"citation-411\">El <\/span><b data-path-to-node=\"0\" data-index-in-node=\"4\"><span class=\"citation-411\">Centro de carga bidireccional DJI Lito 1<\/span><\/b><span class=\"citation-411 citation-end-411\"> Es un accesorio multifuncional de gesti\u00f3n de energ\u00eda dise\u00f1ado para los drones de la serie Lito 1 (lanzados en abril de 2026).<\/span> <span class=\"citation-410 citation-end-410\">Est\u00e1 dise\u00f1ado para optimizar su flujo de trabajo, ya que gestiona tanto la recarga de la bater\u00eda como las necesidades de energ\u00eda m\u00f3vil de emergencia.<\/span><\/p>","protected":false},"featured_media":25809,"comment_status":"open","ping_status":"closed","template":"","meta":[],"product_brand":[1031],"product_cat":[752,37,1436,1440],"product_tag":[1441,1442],"class_list":{"0":"post-25803","1":"product","2":"type-product","3":"status-publish","4":"has-post-thumbnail","6":"product_brand-dji","7":"product_cat-aerial-photography","8":"product_cat-dji","9":"product_cat-dji-lito","10":"product_cat-lito-accessories","11":"product_tag-dji-lito","12":"product_tag-dji-lito-accessories","14":"first","15":"onbackorder","16":"taxable","17":"shipping-taxable","18":"purchasable","19":"product-type-simple"},"yoast_head":"<!-- This site is optimized with the Yoast SEO plugin v27.4 - https:\/\/yoast.com\/product\/yoast-seo-wordpress\/ -->\n<title>DJI Lito 1 Two-Way Charging Hub - Ghostysky<\/title>\n<meta name=\"description\" content=\"The DJI Lito 1 Two-Way Charging Hub is a multi-functional power management accessory designed for the Lito 1 series drones (released April 2026). It is engineered to streamline your workflow by handling both battery replenishment and emergency mobile power needs.\" \/>\n<meta name=\"robots\" content=\"index, follow, max-snippet:-1, max-image-preview:large, max-video-preview:-1\" \/>\n<link rel=\"canonical\" href=\"https:\/\/www.ghostysky.com\/es\/producto-2\/dji-lito-1-two-way-charging-hub\/\" \/>\n<meta property=\"og:locale\" content=\"es_ES\" \/>\n<meta property=\"og:type\" content=\"article\" \/>\n<meta property=\"og:title\" content=\"DJI Lito 1 Two-Way Charging Hub - Ghostysky\" \/>\n<meta property=\"og:description\" content=\"The DJI Lito 1 Two-Way Charging Hub is a multi-functional power management accessory designed for the Lito 1 series drones (released April 2026). It is engineered to streamline your workflow by handling both battery replenishment and emergency mobile power needs.\" \/>\n<meta property=\"og:url\" content=\"https:\/\/www.ghostysky.com\/es\/producto-2\/dji-lito-1-two-way-charging-hub\/\" \/>\n<meta property=\"og:site_name\" content=\"Ghostysky\" \/>\n<meta property=\"article:publisher\" content=\"https:\/\/www.facebook.com\/people\/Ghostysky\/100057676170234\/\" \/>\n<meta property=\"article:modified_time\" content=\"2026-04-25T06:56:01+00:00\" \/>\n<meta property=\"og:image\" content=\"https:\/\/www.ghostysky.com\/wp-content\/uploads\/2026\/04\/GH_DJI-Lito-1-Two-Way-Charging-Hub_1.jpg\" \/>\n\t<meta property=\"og:image:width\" content=\"1308\" \/>\n\t<meta property=\"og:image:height\" content=\"1308\" \/>\n\t<meta property=\"og:image:type\" content=\"image\/jpeg\" \/>\n<meta name=\"twitter:card\" content=\"summary_large_image\" \/>\n<meta name=\"twitter:site\" content=\"@Gh0stysky\" \/>\n<meta name=\"twitter:label1\" content=\"Tiempo de lectura\" \/>\n\t<meta name=\"twitter:data1\" content=\"2 minutos\" \/>\n<script type=\"application\/ld+json\" class=\"yoast-schema-graph\">{\"@context\":\"https:\\\/\\\/schema.org\",\"@graph\":[{\"@type\":\"WebPage\",\"@id\":\"https:\\\/\\\/www.ghostysky.com\\\/product\\\/dji-lito-1-two-way-charging-hub\\\/\",\"url\":\"https:\\\/\\\/www.ghostysky.com\\\/product\\\/dji-lito-1-two-way-charging-hub\\\/\",\"name\":\"DJI Lito 1 Two-Way Charging Hub - Ghostysky\",\"isPartOf\":{\"@id\":\"https:\\\/\\\/www.ghostysky.com\\\/#website\"},\"primaryImageOfPage\":{\"@id\":\"https:\\\/\\\/www.ghostysky.com\\\/product\\\/dji-lito-1-two-way-charging-hub\\\/#primaryimage\"},\"image\":{\"@id\":\"https:\\\/\\\/www.ghostysky.com\\\/product\\\/dji-lito-1-two-way-charging-hub\\\/#primaryimage\"},\"thumbnailUrl\":\"https:\\\/\\\/www.ghostysky.com\\\/wp-content\\\/uploads\\\/2026\\\/04\\\/GH_DJI-Lito-1-Two-Way-Charging-Hub_1.jpg\",\"datePublished\":\"2026-04-25T06:26:39+00:00\",\"dateModified\":\"2026-04-25T06:56:01+00:00\",\"description\":\"The DJI Lito 1 Two-Way Charging Hub is a multi-functional power management accessory designed for the Lito 1 series drones (released April 2026). It is engineered to streamline your workflow by handling both battery replenishment and emergency mobile power needs.\",\"breadcrumb\":{\"@id\":\"https:\\\/\\\/www.ghostysky.com\\\/product\\\/dji-lito-1-two-way-charging-hub\\\/#breadcrumb\"},\"inLanguage\":\"es\",\"potentialAction\":[{\"@type\":\"ReadAction\",\"target\":[\"https:\\\/\\\/www.ghostysky.com\\\/product\\\/dji-lito-1-two-way-charging-hub\\\/\"]}]},{\"@type\":\"ImageObject\",\"inLanguage\":\"es\",\"@id\":\"https:\\\/\\\/www.ghostysky.com\\\/product\\\/dji-lito-1-two-way-charging-hub\\\/#primaryimage\",\"url\":\"https:\\\/\\\/www.ghostysky.com\\\/wp-content\\\/uploads\\\/2026\\\/04\\\/GH_DJI-Lito-1-Two-Way-Charging-Hub_1.jpg\",\"contentUrl\":\"https:\\\/\\\/www.ghostysky.com\\\/wp-content\\\/uploads\\\/2026\\\/04\\\/GH_DJI-Lito-1-Two-Way-Charging-Hub_1.jpg\",\"width\":1308,\"height\":1308},{\"@type\":\"BreadcrumbList\",\"@id\":\"https:\\\/\\\/www.ghostysky.com\\\/product\\\/dji-lito-1-two-way-charging-hub\\\/#breadcrumb\",\"itemListElement\":[{\"@type\":\"ListItem\",\"position\":1,\"name\":\"Home\",\"item\":\"https:\\\/\\\/www.ghostysky.com\\\/\"},{\"@type\":\"ListItem\",\"position\":2,\"name\":\"Shop\",\"item\":\"https:\\\/\\\/www.ghostysky.com\\\/shop\\\/\"},{\"@type\":\"ListItem\",\"position\":3,\"name\":\"DJI Lito 1 Two-Way Charging Hub\"}]},{\"@type\":\"WebSite\",\"@id\":\"https:\\\/\\\/www.ghostysky.com\\\/#website\",\"url\":\"https:\\\/\\\/www.ghostysky.com\\\/\",\"name\":\"Ghostysky\",\"description\":\"Delivering professional drones and robotics solutions\",\"publisher\":{\"@id\":\"https:\\\/\\\/www.ghostysky.com\\\/#organization\"},\"potentialAction\":[{\"@type\":\"SearchAction\",\"target\":{\"@type\":\"EntryPoint\",\"urlTemplate\":\"https:\\\/\\\/www.ghostysky.com\\\/?s={search_term_string}\"},\"query-input\":{\"@type\":\"PropertyValueSpecification\",\"valueRequired\":true,\"valueName\":\"search_term_string\"}}],\"inLanguage\":\"es\"},{\"@type\":\"Organization\",\"@id\":\"https:\\\/\\\/www.ghostysky.com\\\/#organization\",\"name\":\"Ghostysky\",\"url\":\"https:\\\/\\\/www.ghostysky.com\\\/\",\"logo\":{\"@type\":\"ImageObject\",\"inLanguage\":\"es\",\"@id\":\"https:\\\/\\\/www.ghostysky.com\\\/#\\\/schema\\\/logo\\\/image\\\/\",\"url\":\"https:\\\/\\\/www.ghostysky.com\\\/wp-content\\\/uploads\\\/2020\\\/06\\\/cropped-ghostyskylogo_text_white2.png\",\"contentUrl\":\"https:\\\/\\\/www.ghostysky.com\\\/wp-content\\\/uploads\\\/2020\\\/06\\\/cropped-ghostyskylogo_text_white2.png\",\"width\":169,\"height\":56,\"caption\":\"Ghostysky\"},\"image\":{\"@id\":\"https:\\\/\\\/www.ghostysky.com\\\/#\\\/schema\\\/logo\\\/image\\\/\"},\"sameAs\":[\"https:\\\/\\\/www.facebook.com\\\/people\\\/Ghostysky\\\/100057676170234\\\/\",\"https:\\\/\\\/x.com\\\/Gh0stysky\",\"https:\\\/\\\/www.linkedin.com\\\/company\\\/34739653\",\"https:\\\/\\\/www.instagram.com\\\/gh0stysky\"]}]}<\/script>\n<!-- \/ Yoast SEO plugin. -->","yoast_head_json":{"title":"Centro de carga bidireccional DJI Lito 1 - Ghostysky","description":"El concentrador de carga bidireccional DJI Lito 1 es un accesorio multifuncional de gesti\u00f3n de energ\u00eda dise\u00f1ado para los drones de la serie Lito 1 (lanzados en abril de 2026). Est\u00e1 dise\u00f1ado para optimizar tu flujo de trabajo, ya que permite recargar la bater\u00eda y proporciona energ\u00eda m\u00f3vil de emergencia.","robots":{"index":"index","follow":"follow","max-snippet":"max-snippet:-1","max-image-preview":"max-image-preview:large","max-video-preview":"max-video-preview:-1"},"canonical":"https:\/\/www.ghostysky.com\/es\/producto-2\/dji-lito-1-two-way-charging-hub\/","og_locale":"es_ES","og_type":"article","og_title":"DJI Lito 1 Two-Way Charging Hub - Ghostysky","og_description":"The DJI Lito 1 Two-Way Charging Hub is a multi-functional power management accessory designed for the Lito 1 series drones (released April 2026). It is engineered to streamline your workflow by handling both battery replenishment and emergency mobile power needs.","og_url":"https:\/\/www.ghostysky.com\/es\/producto-2\/dji-lito-1-two-way-charging-hub\/","og_site_name":"Ghostysky","article_publisher":"https:\/\/www.facebook.com\/people\/Ghostysky\/100057676170234\/","article_modified_time":"2026-04-25T06:56:01+00:00","og_image":[{"width":1308,"height":1308,"url":"https:\/\/www.ghostysky.com\/wp-content\/uploads\/2026\/04\/GH_DJI-Lito-1-Two-Way-Charging-Hub_1.jpg","type":"image\/jpeg"}],"twitter_card":"summary_large_image","twitter_site":"@Gh0stysky","twitter_misc":{"Tiempo de lectura":"2 minutos"},"schema":{"@context":"https:\/\/schema.org","@graph":[{"@type":"WebPage","@id":"https:\/\/www.ghostysky.com\/product\/dji-lito-1-two-way-charging-hub\/","url":"https:\/\/www.ghostysky.com\/product\/dji-lito-1-two-way-charging-hub\/","name":"Centro de carga bidireccional DJI Lito 1 - Ghostysky","isPartOf":{"@id":"https:\/\/www.ghostysky.com\/#website"},"primaryImageOfPage":{"@id":"https:\/\/www.ghostysky.com\/product\/dji-lito-1-two-way-charging-hub\/#primaryimage"},"image":{"@id":"https:\/\/www.ghostysky.com\/product\/dji-lito-1-two-way-charging-hub\/#primaryimage"},"thumbnailUrl":"https:\/\/www.ghostysky.com\/wp-content\/uploads\/2026\/04\/GH_DJI-Lito-1-Two-Way-Charging-Hub_1.jpg","datePublished":"2026-04-25T06:26:39+00:00","dateModified":"2026-04-25T06:56:01+00:00","description":"El concentrador de carga bidireccional DJI Lito 1 es un accesorio multifuncional de gesti\u00f3n de energ\u00eda dise\u00f1ado para los drones de la serie Lito 1 (lanzados en abril de 2026). Est\u00e1 dise\u00f1ado para optimizar tu flujo de trabajo, ya que permite recargar la bater\u00eda y proporciona energ\u00eda m\u00f3vil de emergencia.","breadcrumb":{"@id":"https:\/\/www.ghostysky.com\/product\/dji-lito-1-two-way-charging-hub\/#breadcrumb"},"inLanguage":"es","potentialAction":[{"@type":"ReadAction","target":["https:\/\/www.ghostysky.com\/product\/dji-lito-1-two-way-charging-hub\/"]}]},{"@type":"ImageObject","inLanguage":"es","@id":"https:\/\/www.ghostysky.com\/product\/dji-lito-1-two-way-charging-hub\/#primaryimage","url":"https:\/\/www.ghostysky.com\/wp-content\/uploads\/2026\/04\/GH_DJI-Lito-1-Two-Way-Charging-Hub_1.jpg","contentUrl":"https:\/\/www.ghostysky.com\/wp-content\/uploads\/2026\/04\/GH_DJI-Lito-1-Two-Way-Charging-Hub_1.jpg","width":1308,"height":1308},{"@type":"BreadcrumbList","@id":"https:\/\/www.ghostysky.com\/product\/dji-lito-1-two-way-charging-hub\/#breadcrumb","itemListElement":[{"@type":"ListItem","position":1,"name":"Home","item":"https:\/\/www.ghostysky.com\/"},{"@type":"ListItem","position":2,"name":"Shop","item":"https:\/\/www.ghostysky.com\/shop\/"},{"@type":"ListItem","position":3,"name":"DJI Lito 1 Two-Way Charging Hub"}]},{"@type":"WebSite","@id":"https:\/\/www.ghostysky.com\/#website","url":"https:\/\/www.ghostysky.com\/","name":"Ghostysky","description":"Ofrecemos soluciones profesionales de drones y rob\u00f3tica.","publisher":{"@id":"https:\/\/www.ghostysky.com\/#organization"},"potentialAction":[{"@type":"SearchAction","target":{"@type":"EntryPoint","urlTemplate":"https:\/\/www.ghostysky.com\/?s={search_term_string}"},"query-input":{"@type":"PropertyValueSpecification","valueRequired":true,"valueName":"search_term_string"}}],"inLanguage":"es"},{"@type":"Organization","@id":"https:\/\/www.ghostysky.com\/#organization","name":"Ghostysky","url":"https:\/\/www.ghostysky.com\/","logo":{"@type":"ImageObject","inLanguage":"es","@id":"https:\/\/www.ghostysky.com\/#\/schema\/logo\/image\/","url":"https:\/\/www.ghostysky.com\/wp-content\/uploads\/2020\/06\/cropped-ghostyskylogo_text_white2.png","contentUrl":"https:\/\/www.ghostysky.com\/wp-content\/uploads\/2020\/06\/cropped-ghostyskylogo_text_white2.png","width":169,"height":56,"caption":"Ghostysky"},"image":{"@id":"https:\/\/www.ghostysky.com\/#\/schema\/logo\/image\/"},"sameAs":["https:\/\/www.facebook.com\/people\/Ghostysky\/100057676170234\/","https:\/\/x.com\/Gh0stysky","https:\/\/www.linkedin.com\/company\/34739653","https:\/\/www.instagram.com\/gh0stysky"]}]}},"_links":{"self":[{"href":"https:\/\/www.ghostysky.com\/es\/wp-json\/wp\/v2\/product\/25803","targetHints":{"allow":["GET"]}}],"collection":[{"href":"https:\/\/www.ghostysky.com\/es\/wp-json\/wp\/v2\/product"}],"about":[{"href":"https:\/\/www.ghostysky.com\/es\/wp-json\/wp\/v2\/types\/product"}],"replies":[{"embeddable":true,"href":"https:\/\/www.ghostysky.com\/es\/wp-json\/wp\/v2\/comments?post=25803"}],"version-history":[{"count":2,"href":"https:\/\/www.ghostysky.com\/es\/wp-json\/wp\/v2\/product\/25803\/revisions"}],"predecessor-version":[{"id":25806,"href":"https:\/\/www.ghostysky.com\/es\/wp-json\/wp\/v2\/product\/25803\/revisions\/25806"}],"wp:featuredmedia":[{"embeddable":true,"href":"https:\/\/www.ghostysky.com\/es\/wp-json\/wp\/v2\/media\/25809"}],"wp:attachment":[{"href":"https:\/\/www.ghostysky.com\/es\/wp-json\/wp\/v2\/media?parent=25803"}],"wp:term":[{"taxonomy":"product_brand","embeddable":true,"href":"https:\/\/www.ghostysky.com\/es\/wp-json\/wp\/v2\/product_brand?post=25803"},{"taxonomy":"product_cat","embeddable":true,"href":"https:\/\/www.ghostysky.com\/es\/wp-json\/wp\/v2\/product_cat?post=25803"},{"taxonomy":"product_tag","embeddable":true,"href":"https:\/\/www.ghostysky.com\/es\/wp-json\/wp\/v2\/product_tag?post=25803"}],"curies":[{"name":"wp","href":"https:\/\/api.w.org\/{rel}","templated":true}]}}