{"id":25816,"date":"2026-04-25T08:22:21","date_gmt":"2026-04-25T08:22:21","guid":{"rendered":"https:\/\/www.ghostysky.com\/?post_type=product&#038;p=25816"},"modified":"2026-04-25T08:43:23","modified_gmt":"2026-04-25T08:43:23","slug":"deep-robotics-jueying-x30","status":"publish","type":"product","link":"https:\/\/www.ghostysky.com\/es\/product\/deep-robotics-jueying-x30\/","title":{"rendered":"Deep Robotics Jueying X30"},"content":{"rendered":"<h3 data-path-to-node=\"3\">Caracter\u00edsticas clave<\/h3>\n<ul data-path-to-node=\"4\">\n<li>\n<p id=\"p-rc_2e0f24fe3ad9ed63-162\" data-path-to-node=\"4,0,0\"><b data-path-to-node=\"4,0,0\" data-index-in-node=\"0\">Resistencia en cualquier condici\u00f3n clim\u00e1tica:<\/b><span class=\"citation-480\"> Construido con un <\/span><b data-path-to-node=\"4,0,0\" data-index-in-node=\"37\"><span class=\"citation-480\">Grado de protecci\u00f3n IP67<\/span><\/b><span class=\"citation-480 citation-end-480\">, El X30 es totalmente herm\u00e9tico al polvo y puede soportar la inmersi\u00f3n en agua.<\/span> <span class=\"citation-479\">Funciona en temperaturas que van desde <\/span><b data-path-to-node=\"4,0,0\" data-index-in-node=\"168\"><span class=\"citation-479\">-20\u00b0C a 55\u00b0C<\/span><\/b><span class=\"citation-479 citation-end-479\">, lo que lo hace adecuado para todo, desde pasillos de servicio helados hasta suelos de f\u00e1brica abrasadores.<\/span><\/p>\n<\/li>\n<li>\n<p id=\"p-rc_2e0f24fe3ad9ed63-163\" data-path-to-node=\"4,1,0\"><b data-path-to-node=\"4,1,0\" data-index-in-node=\"0\">Tecnolog\u00eda de Percepci\u00f3n por Fusi\u00f3n:<\/b><span class=\"citation-478 citation-end-478\"> Mediante el uso de un conjunto de sensores LiDAR 3D y c\u00e1maras, el X30 ofrece una avanzada &quot;percepci\u00f3n por fusi\u00f3n&quot;.\u201c<\/span> <span class=\"citation-477 citation-end-477\">Esto le permite desplazarse y subir escaleras en completa oscuridad, bajo un resplandor intenso o con luz intermitente.<\/span><\/p>\n<\/li>\n<li>\n<p id=\"p-rc_2e0f24fe3ad9ed63-164\" data-path-to-node=\"4,2,0\"><b data-path-to-node=\"4,2,0\" data-index-in-node=\"0\">Movilidad superior:<\/b><span class=\"citation-476\"> El robot es capaz de subir escaleras industriales con una pendiente de hasta <\/span><b data-path-to-node=\"4,2,0\" data-index-in-node=\"92\"><span class=\"citation-476\">45\u00b0<\/span><\/b><span class=\"citation-476 citation-end-476\"> y puede superar con facilidad obst\u00e1culos como grava, barro y montones de escombros.<\/span><\/p>\n<\/li>\n<li>\n<p id=\"p-rc_2e0f24fe3ad9ed63-165\" data-path-to-node=\"4,3,0\"><b data-path-to-node=\"4,3,0\" data-index-in-node=\"0\">Continuidad operativa:<\/b><span class=\"citation-475\"> Es compatible <\/span><b data-path-to-node=\"4,3,0\" data-index-in-node=\"36\"><span class=\"citation-475\">carga aut\u00f3noma<\/span><\/b><span class=\"citation-475\"> y <\/span><b data-path-to-node=\"4,3,0\" data-index-in-node=\"60\"><span class=\"citation-475\">bater\u00eda de intercambio r\u00e1pido<\/span><\/b><span class=\"citation-475 citation-end-475\"> sistemas que garantizan que el tiempo de inactividad se minimice durante las misiones de patrulla o rescate de larga duraci\u00f3n.<\/span><\/p>\n<\/li>\n<li>\n<p id=\"p-rc_2e0f24fe3ad9ed63-166\" data-path-to-node=\"4,4,0\"><b data-path-to-node=\"4,4,0\" data-index-in-node=\"0\">Inteligencia de grado industrial:<\/b><span class=\"citation-474 citation-end-474\"> El X30 est\u00e1 dise\u00f1ado para la &quot;inteligencia colaborativa&quot;, e incluye planificaci\u00f3n aut\u00f3noma de rutas, evitaci\u00f3n din\u00e1mica de obst\u00e1culos y la capacidad de detenerse instant\u00e1neamente si detecta a una persona o un peligro en su camino.<\/span><\/p>\n<div class=\"source-inline-chip-container ng-star-inserted\"><\/div>\n<p>&nbsp;<\/li>\n<\/ul>\n<h3 data-path-to-node=\"6\">Especificaciones t\u00e9cnicas<\/h3>\n<table data-path-to-node=\"7\">\n<thead>\n<tr>\n<td><strong>Caracter\u00edstica<\/strong><\/td>\n<td><strong>Especificaci\u00f3n<\/strong><\/td>\n<\/tr>\n<\/thead>\n<tbody>\n<tr>\n<td><span data-path-to-node=\"7,1,0,0\"><b data-path-to-node=\"7,1,0,0\" data-index-in-node=\"0\">Peso<\/b><\/span><\/td>\n<td><span data-path-to-node=\"7,1,1,0\">~56 kg (incluida la bater\u00eda)<\/span><\/td>\n<\/tr>\n<tr>\n<td><span data-path-to-node=\"7,2,0,0\"><b data-path-to-node=\"7,2,0,0\" data-index-in-node=\"0\">Dimensiones (de pie)<\/b><\/span><\/td>\n<td><span data-path-to-node=\"7,2,1,0\">1000 \u00d7 470 \u00d7 585 mm<\/span><\/td>\n<\/tr>\n<tr>\n<td><span data-path-to-node=\"7,3,0,0\"><b data-path-to-node=\"7,3,0,0\" data-index-in-node=\"0\">Carga \u00fatil m\u00e1xima<\/b><\/span><\/td>\n<td><span data-path-to-node=\"7,3,1,0\">\u226520 kg (L\u00edmite m\u00e1ximo de hasta 85 kg en pruebas espec\u00edficas)<\/span><\/td>\n<\/tr>\n<tr>\n<td><span data-path-to-node=\"7,4,0,0\"><b data-path-to-node=\"7,4,0,0\" data-index-in-node=\"0\">M\u00e1xima velocidad<\/b><\/span><\/td>\n<td><span data-path-to-node=\"7,4,1,0\">\u22654 m\/s (aprox. 14,4 km\/h)<\/span><\/td>\n<\/tr>\n<tr>\n<td><span data-path-to-node=\"7,5,0,0\"><b data-path-to-node=\"7,5,0,0\" data-index-in-node=\"0\">Resistencia<\/b><\/span><\/td>\n<td><span data-path-to-node=\"7,5,1,0\">De 2,5 a 4 horas (dependiendo de la carga)<\/span><\/td>\n<\/tr>\n<tr>\n<td><span data-path-to-node=\"7,6,0,0\"><b data-path-to-node=\"7,6,0,0\" data-index-in-node=\"0\">Capacidad de escalada<\/b><\/span><\/td>\n<td><span data-path-to-node=\"7,6,1,0\">Pendientes\/escaleras de \u226445\u00b0<\/span><\/td>\n<\/tr>\n<tr>\n<td><span data-path-to-node=\"7,7,0,0\"><b data-path-to-node=\"7,7,0,0\" data-index-in-node=\"0\">Altura del obst\u00e1culo<\/b><\/span><\/td>\n<td><span data-path-to-node=\"7,7,1,0\">\u226520 cm<\/span><\/td>\n<\/tr>\n<tr>\n<td><span data-path-to-node=\"7,8,0,0\"><b data-path-to-node=\"7,8,0,0\" data-index-in-node=\"0\">Protecci\u00f3n de entrada<\/b><\/span><\/td>\n<td><span data-path-to-node=\"7,8,1,0\">IP67<\/span><\/td>\n<\/tr>\n<tr>\n<td><span data-path-to-node=\"7,9,0,0\"><b data-path-to-node=\"7,9,0,0\" data-index-in-node=\"0\">Temperatura operativa<\/b><\/span><\/td>\n<td><span data-path-to-node=\"7,9,1,0\">-20\u00b0C a 55\u00b0C<\/span><\/td>\n<\/tr>\n<\/tbody>\n<\/table>\n<ul>\n<li>Equipado con una c\u00e1mara de visi\u00f3n amplia y dos sensores LiDAR de 360\u00b0 en la parte frontal: admite SLAM, mapeo y planificaci\u00f3n de puntos de paso.<\/li>\n<li>Equipped2 mid 360 LiDAR en la parte trasera, admite detecci\u00f3n de pasos hacia atr\u00e1s y parada por obst\u00e1culos traseros. Con Ubuntu-in ROS.<\/li>\n<\/ul>\n<p>&nbsp;<\/p>\n<h3 data-path-to-node=\"9\">Aplicaciones y casos de uso<\/h3>\n<p id=\"p-rc_2e0f24fe3ad9ed63-167\" data-path-to-node=\"10\"><span class=\"citation-473 citation-end-473\">La X30 es una plataforma vers\u00e1til que puede equiparse con diversas cargas \u00fatiles modulares (sensores de gas, c\u00e1maras t\u00e9rmicas, brazos rob\u00f3ticos, etc.) para:<\/span><\/p>\n<ul data-path-to-node=\"11\">\n<li>\n<p id=\"p-rc_2e0f24fe3ad9ed63-168\" data-path-to-node=\"11,0,0\"><b data-path-to-node=\"11,0,0\" data-index-in-node=\"0\"><span class=\"citation-472\">Inspecci\u00f3n de energ\u00eda y servicios p\u00fablicos:<\/span><\/b><span class=\"citation-472 citation-end-472\"> Supervisi\u00f3n de subestaciones, t\u00faneles de cables y centrales el\u00e9ctricas para detectar fallos en los equipos o puntos calientes.<\/span><\/p>\n<\/li>\n<li>\n<p id=\"p-rc_2e0f24fe3ad9ed63-169\" data-path-to-node=\"11,1,0\"><b data-path-to-node=\"11,1,0\" data-index-in-node=\"0\">Rescate de emergencia:<\/b><span class=\"citation-471 citation-end-471\"> Navegaci\u00f3n por zonas de desastre, detecci\u00f3n de incendios y reconocimiento en \u00e1reas demasiado peligrosas para los equipos de primera intervenci\u00f3n humanos.<\/span><\/p>\n<\/li>\n<li>\n<p id=\"p-rc_2e0f24fe3ad9ed63-170\" data-path-to-node=\"11,2,0\"><b data-path-to-node=\"11,2,0\" data-index-in-node=\"0\"><span class=\"citation-470\">Seguridad y patrullaje:<\/span><\/b><span class=\"citation-470 citation-end-470\"> Proporciona vigilancia aut\u00f3noma las 24 horas del d\u00eda, los 7 d\u00edas de la semana, en grandes parques industriales o instalaciones sensibles.<\/span><\/p>\n<\/li>\n<li>\n<p id=\"p-rc_2e0f24fe3ad9ed63-171\" data-path-to-node=\"11,3,0\"><b data-path-to-node=\"11,3,0\" data-index-in-node=\"0\"><span class=\"citation-469\">Investigaci\u00f3n cient\u00edfica:<\/span><\/b><span class=\"citation-469 citation-end-469\"> Sirve como una plataforma s\u00f3lida para el desarrollo de IA, SLAM (Localizaci\u00f3n y Mapeo Simult\u00e1neos) y estudios de locomoci\u00f3n bi\u00f3nica.<\/span><\/p>\n<\/li>\n<\/ul>","protected":false},"excerpt":{"rendered":"<p><span class=\"citation-482\">El <\/span><b data-path-to-node=\"0\" data-index-in-node=\"4\"><span class=\"citation-482\">Rob\u00f3tica profunda X30<\/span><\/b><span class=\"citation-482\"> (tambi\u00e9n conocido como el <\/span><b data-path-to-node=\"0\" data-index-in-node=\"41\"><span class=\"citation-482\">Jueying X30<\/span><\/b><span class=\"citation-482 citation-end-482\">) es un robot cuadr\u00fapedo insignia de grado industrial dise\u00f1ado para entornos de alto riesgo.<\/span> <span class=\"citation-481 citation-end-481\">Est\u00e1 dise\u00f1ado para funcionar donde los humanos o los robots con ruedas no pueden: prosperar en condiciones clim\u00e1ticas extremas, navegar por terrenos industriales complejos y realizar inspecciones aut\u00f3nomas.<\/span><\/p>","protected":false},"featured_media":25817,"comment_status":"open","ping_status":"closed","template":"","meta":[],"product_brand":[1443],"product_cat":[1444],"product_tag":[1446,1447,1445],"class_list":{"0":"post-25816","1":"product","2":"type-product","3":"status-publish","4":"has-post-thumbnail","6":"product_brand-deep-robotics","7":"product_cat-deep-robotics-quad-robots","8":"product_tag-deep-robotics","9":"product_tag-deep-robotics-quadruped-robots","10":"product_tag-quadruped-robots","12":"first","13":"onbackorder","14":"taxable","15":"shipping-taxable","16":"purchasable","17":"product-type-simple"},"yoast_head":"<!-- This site is optimized with the Yoast SEO plugin v27.4 - https:\/\/yoast.com\/product\/yoast-seo-wordpress\/ -->\n<title>Deep Robotics Jueying X30 - Ghostysky<\/title>\n<meta name=\"description\" content=\"The Deep Robotics X30 (also known as the Jueying X30) is a flagship, industrial-grade quadruped robot designed for high-stakes environments. It is engineered to perform where humans or wheeled robots cannot\u2014thriving in extreme weather, navigating complex industrial terrains, and conducting autonomous inspections.\" \/>\n<meta name=\"robots\" content=\"index, follow, max-snippet:-1, max-image-preview:large, max-video-preview:-1\" \/>\n<link rel=\"canonical\" href=\"https:\/\/www.ghostysky.com\/es\/producto-2\/deep-robotics-jueying-x30\/\" \/>\n<meta property=\"og:locale\" content=\"es_ES\" \/>\n<meta property=\"og:type\" content=\"article\" \/>\n<meta property=\"og:title\" content=\"Deep Robotics Jueying X30 - Ghostysky\" \/>\n<meta property=\"og:description\" content=\"The Deep Robotics X30 (also known as the Jueying X30) is a flagship, industrial-grade quadruped robot designed for high-stakes environments. It is engineered to perform where humans or wheeled robots cannot\u2014thriving in extreme weather, navigating complex industrial terrains, and conducting autonomous inspections.\" \/>\n<meta property=\"og:url\" content=\"https:\/\/www.ghostysky.com\/es\/producto-2\/deep-robotics-jueying-x30\/\" \/>\n<meta property=\"og:site_name\" content=\"Ghostysky\" \/>\n<meta property=\"article:publisher\" content=\"https:\/\/www.facebook.com\/people\/Ghostysky\/100057676170234\/\" \/>\n<meta property=\"article:modified_time\" content=\"2026-04-25T08:43:23+00:00\" \/>\n<meta property=\"og:image\" content=\"https:\/\/www.ghostysky.com\/wp-content\/uploads\/2026\/04\/GH_Deep-robotics-x30_1.jpg\" \/>\n\t<meta property=\"og:image:width\" content=\"700\" \/>\n\t<meta property=\"og:image:height\" content=\"700\" \/>\n\t<meta property=\"og:image:type\" content=\"image\/jpeg\" \/>\n<meta name=\"twitter:card\" content=\"summary_large_image\" \/>\n<meta name=\"twitter:site\" content=\"@Gh0stysky\" \/>\n<meta name=\"twitter:label1\" content=\"Tiempo de lectura\" \/>\n\t<meta name=\"twitter:data1\" content=\"2 minutos\" \/>\n<script type=\"application\/ld+json\" class=\"yoast-schema-graph\">{\"@context\":\"https:\\\/\\\/schema.org\",\"@graph\":[{\"@type\":\"WebPage\",\"@id\":\"https:\\\/\\\/www.ghostysky.com\\\/product\\\/deep-robotics-jueying-x30\\\/\",\"url\":\"https:\\\/\\\/www.ghostysky.com\\\/product\\\/deep-robotics-jueying-x30\\\/\",\"name\":\"Deep Robotics Jueying X30 - Ghostysky\",\"isPartOf\":{\"@id\":\"https:\\\/\\\/www.ghostysky.com\\\/#website\"},\"primaryImageOfPage\":{\"@id\":\"https:\\\/\\\/www.ghostysky.com\\\/product\\\/deep-robotics-jueying-x30\\\/#primaryimage\"},\"image\":{\"@id\":\"https:\\\/\\\/www.ghostysky.com\\\/product\\\/deep-robotics-jueying-x30\\\/#primaryimage\"},\"thumbnailUrl\":\"https:\\\/\\\/www.ghostysky.com\\\/wp-content\\\/uploads\\\/2026\\\/04\\\/GH_Deep-robotics-x30_1.jpg\",\"datePublished\":\"2026-04-25T08:22:21+00:00\",\"dateModified\":\"2026-04-25T08:43:23+00:00\",\"description\":\"The Deep Robotics X30 (also known as the Jueying X30) is a flagship, industrial-grade quadruped robot designed for high-stakes environments. It is engineered to perform where humans or wheeled robots cannot\u2014thriving in extreme weather, navigating complex industrial terrains, and conducting autonomous inspections.\",\"breadcrumb\":{\"@id\":\"https:\\\/\\\/www.ghostysky.com\\\/product\\\/deep-robotics-jueying-x30\\\/#breadcrumb\"},\"inLanguage\":\"es\",\"potentialAction\":[{\"@type\":\"ReadAction\",\"target\":[\"https:\\\/\\\/www.ghostysky.com\\\/product\\\/deep-robotics-jueying-x30\\\/\"]}]},{\"@type\":\"ImageObject\",\"inLanguage\":\"es\",\"@id\":\"https:\\\/\\\/www.ghostysky.com\\\/product\\\/deep-robotics-jueying-x30\\\/#primaryimage\",\"url\":\"https:\\\/\\\/www.ghostysky.com\\\/wp-content\\\/uploads\\\/2026\\\/04\\\/GH_Deep-robotics-x30_1.jpg\",\"contentUrl\":\"https:\\\/\\\/www.ghostysky.com\\\/wp-content\\\/uploads\\\/2026\\\/04\\\/GH_Deep-robotics-x30_1.jpg\",\"width\":700,\"height\":700},{\"@type\":\"BreadcrumbList\",\"@id\":\"https:\\\/\\\/www.ghostysky.com\\\/product\\\/deep-robotics-jueying-x30\\\/#breadcrumb\",\"itemListElement\":[{\"@type\":\"ListItem\",\"position\":1,\"name\":\"Home\",\"item\":\"https:\\\/\\\/www.ghostysky.com\\\/\"},{\"@type\":\"ListItem\",\"position\":2,\"name\":\"Shop\",\"item\":\"https:\\\/\\\/www.ghostysky.com\\\/shop\\\/\"},{\"@type\":\"ListItem\",\"position\":3,\"name\":\"Deep Robotics Jueying X30\"}]},{\"@type\":\"WebSite\",\"@id\":\"https:\\\/\\\/www.ghostysky.com\\\/#website\",\"url\":\"https:\\\/\\\/www.ghostysky.com\\\/\",\"name\":\"Ghostysky\",\"description\":\"Delivering professional drones and robotics solutions\",\"publisher\":{\"@id\":\"https:\\\/\\\/www.ghostysky.com\\\/#organization\"},\"potentialAction\":[{\"@type\":\"SearchAction\",\"target\":{\"@type\":\"EntryPoint\",\"urlTemplate\":\"https:\\\/\\\/www.ghostysky.com\\\/?s={search_term_string}\"},\"query-input\":{\"@type\":\"PropertyValueSpecification\",\"valueRequired\":true,\"valueName\":\"search_term_string\"}}],\"inLanguage\":\"es\"},{\"@type\":\"Organization\",\"@id\":\"https:\\\/\\\/www.ghostysky.com\\\/#organization\",\"name\":\"Ghostysky\",\"url\":\"https:\\\/\\\/www.ghostysky.com\\\/\",\"logo\":{\"@type\":\"ImageObject\",\"inLanguage\":\"es\",\"@id\":\"https:\\\/\\\/www.ghostysky.com\\\/#\\\/schema\\\/logo\\\/image\\\/\",\"url\":\"https:\\\/\\\/www.ghostysky.com\\\/wp-content\\\/uploads\\\/2020\\\/06\\\/cropped-ghostyskylogo_text_white2.png\",\"contentUrl\":\"https:\\\/\\\/www.ghostysky.com\\\/wp-content\\\/uploads\\\/2020\\\/06\\\/cropped-ghostyskylogo_text_white2.png\",\"width\":169,\"height\":56,\"caption\":\"Ghostysky\"},\"image\":{\"@id\":\"https:\\\/\\\/www.ghostysky.com\\\/#\\\/schema\\\/logo\\\/image\\\/\"},\"sameAs\":[\"https:\\\/\\\/www.facebook.com\\\/people\\\/Ghostysky\\\/100057676170234\\\/\",\"https:\\\/\\\/x.com\\\/Gh0stysky\",\"https:\\\/\\\/www.linkedin.com\\\/company\\\/34739653\",\"https:\\\/\\\/www.instagram.com\\\/gh0stysky\"]}]}<\/script>\n<!-- \/ Yoast SEO plugin. -->","yoast_head_json":{"title":"Deep Robotics Jueying X30 - Ghostysky","description":"El Deep Robotics X30 (tambi\u00e9n conocido como Jueying X30) es un robot cuadr\u00fapedo industrial de \u00faltima generaci\u00f3n dise\u00f1ado para entornos de alto riesgo. Est\u00e1 dise\u00f1ado para operar donde los humanos o los robots con ruedas no pueden, desenvolvi\u00e9ndose con \u00e9xito en condiciones clim\u00e1ticas extremas, navegando por terrenos industriales complejos y realizando inspecciones aut\u00f3nomas.","robots":{"index":"index","follow":"follow","max-snippet":"max-snippet:-1","max-image-preview":"max-image-preview:large","max-video-preview":"max-video-preview:-1"},"canonical":"https:\/\/www.ghostysky.com\/es\/producto-2\/deep-robotics-jueying-x30\/","og_locale":"es_ES","og_type":"article","og_title":"Deep Robotics Jueying X30 - Ghostysky","og_description":"The Deep Robotics X30 (also known as the Jueying X30) is a flagship, industrial-grade quadruped robot designed for high-stakes environments. It is engineered to perform where humans or wheeled robots cannot\u2014thriving in extreme weather, navigating complex industrial terrains, and conducting autonomous inspections.","og_url":"https:\/\/www.ghostysky.com\/es\/producto-2\/deep-robotics-jueying-x30\/","og_site_name":"Ghostysky","article_publisher":"https:\/\/www.facebook.com\/people\/Ghostysky\/100057676170234\/","article_modified_time":"2026-04-25T08:43:23+00:00","og_image":[{"width":700,"height":700,"url":"https:\/\/www.ghostysky.com\/wp-content\/uploads\/2026\/04\/GH_Deep-robotics-x30_1.jpg","type":"image\/jpeg"}],"twitter_card":"summary_large_image","twitter_site":"@Gh0stysky","twitter_misc":{"Tiempo de lectura":"2 minutos"},"schema":{"@context":"https:\/\/schema.org","@graph":[{"@type":"WebPage","@id":"https:\/\/www.ghostysky.com\/product\/deep-robotics-jueying-x30\/","url":"https:\/\/www.ghostysky.com\/product\/deep-robotics-jueying-x30\/","name":"Deep Robotics Jueying X30 - Ghostysky","isPartOf":{"@id":"https:\/\/www.ghostysky.com\/#website"},"primaryImageOfPage":{"@id":"https:\/\/www.ghostysky.com\/product\/deep-robotics-jueying-x30\/#primaryimage"},"image":{"@id":"https:\/\/www.ghostysky.com\/product\/deep-robotics-jueying-x30\/#primaryimage"},"thumbnailUrl":"https:\/\/www.ghostysky.com\/wp-content\/uploads\/2026\/04\/GH_Deep-robotics-x30_1.jpg","datePublished":"2026-04-25T08:22:21+00:00","dateModified":"2026-04-25T08:43:23+00:00","description":"El Deep Robotics X30 (tambi\u00e9n conocido como Jueying X30) es un robot cuadr\u00fapedo industrial de \u00faltima generaci\u00f3n dise\u00f1ado para entornos de alto riesgo. Est\u00e1 dise\u00f1ado para operar donde los humanos o los robots con ruedas no pueden, desenvolvi\u00e9ndose con \u00e9xito en condiciones clim\u00e1ticas extremas, navegando por terrenos industriales complejos y realizando inspecciones aut\u00f3nomas.","breadcrumb":{"@id":"https:\/\/www.ghostysky.com\/product\/deep-robotics-jueying-x30\/#breadcrumb"},"inLanguage":"es","potentialAction":[{"@type":"ReadAction","target":["https:\/\/www.ghostysky.com\/product\/deep-robotics-jueying-x30\/"]}]},{"@type":"ImageObject","inLanguage":"es","@id":"https:\/\/www.ghostysky.com\/product\/deep-robotics-jueying-x30\/#primaryimage","url":"https:\/\/www.ghostysky.com\/wp-content\/uploads\/2026\/04\/GH_Deep-robotics-x30_1.jpg","contentUrl":"https:\/\/www.ghostysky.com\/wp-content\/uploads\/2026\/04\/GH_Deep-robotics-x30_1.jpg","width":700,"height":700},{"@type":"BreadcrumbList","@id":"https:\/\/www.ghostysky.com\/product\/deep-robotics-jueying-x30\/#breadcrumb","itemListElement":[{"@type":"ListItem","position":1,"name":"Home","item":"https:\/\/www.ghostysky.com\/"},{"@type":"ListItem","position":2,"name":"Shop","item":"https:\/\/www.ghostysky.com\/shop\/"},{"@type":"ListItem","position":3,"name":"Deep Robotics Jueying X30"}]},{"@type":"WebSite","@id":"https:\/\/www.ghostysky.com\/#website","url":"https:\/\/www.ghostysky.com\/","name":"Ghostysky","description":"Ofrecemos soluciones profesionales de drones y rob\u00f3tica.","publisher":{"@id":"https:\/\/www.ghostysky.com\/#organization"},"potentialAction":[{"@type":"SearchAction","target":{"@type":"EntryPoint","urlTemplate":"https:\/\/www.ghostysky.com\/?s={search_term_string}"},"query-input":{"@type":"PropertyValueSpecification","valueRequired":true,"valueName":"search_term_string"}}],"inLanguage":"es"},{"@type":"Organization","@id":"https:\/\/www.ghostysky.com\/#organization","name":"Ghostysky","url":"https:\/\/www.ghostysky.com\/","logo":{"@type":"ImageObject","inLanguage":"es","@id":"https:\/\/www.ghostysky.com\/#\/schema\/logo\/image\/","url":"https:\/\/www.ghostysky.com\/wp-content\/uploads\/2020\/06\/cropped-ghostyskylogo_text_white2.png","contentUrl":"https:\/\/www.ghostysky.com\/wp-content\/uploads\/2020\/06\/cropped-ghostyskylogo_text_white2.png","width":169,"height":56,"caption":"Ghostysky"},"image":{"@id":"https:\/\/www.ghostysky.com\/#\/schema\/logo\/image\/"},"sameAs":["https:\/\/www.facebook.com\/people\/Ghostysky\/100057676170234\/","https:\/\/x.com\/Gh0stysky","https:\/\/www.linkedin.com\/company\/34739653","https:\/\/www.instagram.com\/gh0stysky"]}]}},"_links":{"self":[{"href":"https:\/\/www.ghostysky.com\/es\/wp-json\/wp\/v2\/product\/25816","targetHints":{"allow":["GET"]}}],"collection":[{"href":"https:\/\/www.ghostysky.com\/es\/wp-json\/wp\/v2\/product"}],"about":[{"href":"https:\/\/www.ghostysky.com\/es\/wp-json\/wp\/v2\/types\/product"}],"replies":[{"embeddable":true,"href":"https:\/\/www.ghostysky.com\/es\/wp-json\/wp\/v2\/comments?post=25816"}],"version-history":[{"count":3,"href":"https:\/\/www.ghostysky.com\/es\/wp-json\/wp\/v2\/product\/25816\/revisions"}],"predecessor-version":[{"id":25826,"href":"https:\/\/www.ghostysky.com\/es\/wp-json\/wp\/v2\/product\/25816\/revisions\/25826"}],"wp:featuredmedia":[{"embeddable":true,"href":"https:\/\/www.ghostysky.com\/es\/wp-json\/wp\/v2\/media\/25817"}],"wp:attachment":[{"href":"https:\/\/www.ghostysky.com\/es\/wp-json\/wp\/v2\/media?parent=25816"}],"wp:term":[{"taxonomy":"product_brand","embeddable":true,"href":"https:\/\/www.ghostysky.com\/es\/wp-json\/wp\/v2\/product_brand?post=25816"},{"taxonomy":"product_cat","embeddable":true,"href":"https:\/\/www.ghostysky.com\/es\/wp-json\/wp\/v2\/product_cat?post=25816"},{"taxonomy":"product_tag","embeddable":true,"href":"https:\/\/www.ghostysky.com\/es\/wp-json\/wp\/v2\/product_tag?post=25816"}],"curies":[{"name":"wp","href":"https:\/\/api.w.org\/{rel}","templated":true}]}}