{"id":25834,"date":"2026-04-25T09:34:01","date_gmt":"2026-04-25T09:34:01","guid":{"rendered":"https:\/\/www.ghostysky.com\/?post_type=product&#038;p=25834"},"modified":"2026-04-25T09:58:32","modified_gmt":"2026-04-25T09:58:32","slug":"deep-robotics-x30-battery","status":"publish","type":"product","link":"https:\/\/www.ghostysky.com\/es\/product\/deep-robotics-x30-battery\/","title":{"rendered":"Bater\u00eda Deep Robotics X30"},"content":{"rendered":"<h3 data-path-to-node=\"2\"><b data-path-to-node=\"2\" data-index-in-node=\"0\">Caracter\u00edsticas clave<\/b><\/h3>\n<ul data-path-to-node=\"3\">\n<li>\n<p id=\"p-rc_b91e7b5c050e75a3-194\" data-path-to-node=\"3,0,0\"><b data-path-to-node=\"3,0,0\" data-index-in-node=\"0\"><span class=\"citation-574\">Arquitectura de intercambio r\u00e1pido:<\/span><\/b><span class=\"citation-574 citation-end-574\"> Dise\u00f1adas para un reemplazo r\u00e1pido y sin herramientas, lo que permite a los operadores intercambiar las bater\u00edas en caliente sobre el terreno para minimizar el tiempo de inactividad durante misiones de larga duraci\u00f3n.<\/span><\/p>\n<\/li>\n<li>\n<p data-path-to-node=\"3,1,0\"><b data-path-to-node=\"3,1,0\" data-index-in-node=\"0\">Gesti\u00f3n inteligente de energ\u00eda:<\/b> La bater\u00eda incorpora un sistema indicador LED integrado (con 4 luces de estado) para la monitorizaci\u00f3n en tiempo real de los niveles de carga directamente en la propia bater\u00eda.<\/p>\n<\/li>\n<li>\n<p id=\"p-rc_b91e7b5c050e75a3-195\" data-path-to-node=\"3,2,0\"><b data-path-to-node=\"3,2,0\" data-index-in-node=\"0\"><span class=\"citation-573\">Fiabilidad en todo tipo de clima:<\/span><\/b><span class=\"citation-573\"> Clasificado para temperaturas extremas que van desde <\/span><b data-path-to-node=\"3,2,0\" data-index-in-node=\"69\"><span class=\"citation-573\">-20\u00b0C a 55\u00b0C<\/span><\/b><span class=\"citation-573 citation-end-573\">, lo que garantiza un suministro de energ\u00eda estable tanto en congeladores industriales a temperaturas bajo cero como en terrenos exteriores abrasadores.<\/span><\/p>\n<\/li>\n<li>\n<p id=\"p-rc_b91e7b5c050e75a3-196\" data-path-to-node=\"3,3,0\"><b data-path-to-node=\"3,3,0\" data-index-in-node=\"0\"><span class=\"citation-572\">Compatibilidad con carga autom\u00e1tica:<\/span><\/b><span class=\"citation-572 citation-end-572\"> Totalmente integrado con la estaci\u00f3n de acoplamiento X30 Pro, lo que permite que el robot regrese y se recargue de forma aut\u00f3noma sin intervenci\u00f3n humana.<\/span><\/p>\n<\/li>\n<li>\n<p id=\"p-rc_b91e7b5c050e75a3-197\" data-path-to-node=\"3,4,0\"><b data-path-to-node=\"3,4,0\" data-index-in-node=\"0\">Mayor resistencia:<\/b><span class=\"citation-571\"> Ofrece una <\/span><b data-path-to-node=\"3,4,0\" data-index-in-node=\"29\"><span class=\"citation-571\">Aumento de 25%<\/span><\/b><span class=\"citation-571 citation-end-571\"> en duraci\u00f3n de la bater\u00eda en comparaci\u00f3n con las generaciones anteriores de Deep Robotics, optimizada espec\u00edficamente para operaciones con cargas \u00fatiles elevadas.<\/span><\/p>\n<div class=\"source-inline-chip-container ng-star-inserted\"><\/div>\n<p>&nbsp;<\/li>\n<\/ul>\n<h3 data-path-to-node=\"5\"><b data-path-to-node=\"5\" data-index-in-node=\"0\">Especificaciones t\u00e9cnicas<\/b><\/h3>\n<table data-path-to-node=\"6\">\n<thead>\n<tr>\n<td><strong>Caracter\u00edstica<\/strong><\/td>\n<td><strong>Especificaci\u00f3n<\/strong><\/td>\n<\/tr>\n<\/thead>\n<tbody>\n<tr>\n<td><span data-path-to-node=\"6,1,0,0\"><b data-path-to-node=\"6,1,0,0\" data-index-in-node=\"0\">Voltaje<\/b><\/span><\/td>\n<td><span data-path-to-node=\"6,1,1,0\">72 V (Nominal est\u00e1ndar)<\/span><\/td>\n<\/tr>\n<tr>\n<td><span data-path-to-node=\"6,2,0,0\"><b data-path-to-node=\"6,2,0,0\" data-index-in-node=\"0\">Capacidad<\/b><\/span><\/td>\n<td><span data-path-to-node=\"6,2,1,0\">22,4 Ah (aprox. 1600 Wh+)<\/span><\/td>\n<\/tr>\n<tr>\n<td><span data-path-to-node=\"6,3,0,0\"><b data-path-to-node=\"6,3,0,0\" data-index-in-node=\"0\">Tiempo de ejecuci\u00f3n (Resistencia)<\/b><\/span><\/td>\n<td><span data-path-to-node=\"6,3,1,0\">De 2,5 a 4 horas (dependiendo del entorno)<\/span><\/td>\n<\/tr>\n<tr>\n<td><span data-path-to-node=\"6,4,0,0\"><b data-path-to-node=\"6,4,0,0\" data-index-in-node=\"0\">Autonom\u00eda (Kilometraje)<\/b><\/span><\/td>\n<td><span data-path-to-node=\"6,4,1,0\">\u2265 10 km con una sola carga<\/span><\/td>\n<\/tr>\n<tr>\n<td><span data-path-to-node=\"6,5,0,0\"><b data-path-to-node=\"6,5,0,0\" data-index-in-node=\"0\">Entorno de carga<\/b><\/span><\/td>\n<td><span data-path-to-node=\"6,5,1,0\">Recomendado de 0 \u00b0C a 45 \u00b0C.<\/span><\/td>\n<\/tr>\n<tr>\n<td><span data-path-to-node=\"6,6,0,0\"><b data-path-to-node=\"6,6,0,0\" data-index-in-node=\"0\">Clasificaci\u00f3n de protecci\u00f3n<\/b><\/span><\/td>\n<td><span data-path-to-node=\"6,6,1,0\">IP67 (Resistente al polvo y al agua)<\/span><\/td>\n<\/tr>\n<tr>\n<td><span data-path-to-node=\"6,7,0,0\"><b data-path-to-node=\"6,7,0,0\" data-index-in-node=\"0\">Soporte de salida<\/b><\/span><\/td>\n<td><span data-path-to-node=\"6,7,1,0\">Interfaces de alimentaci\u00f3n externa para cargas \u00fatiles de 5V, 12V y 24V.<\/span><\/td>\n<\/tr>\n<\/tbody>\n<\/table>\n<p>&nbsp;<\/p>\n<p>&nbsp;<\/p>\n<h3 data-path-to-node=\"8\"><b data-path-to-node=\"8\" data-index-in-node=\"0\">Seguridad y mantenimiento<\/b><\/h3>\n<ul data-path-to-node=\"9\">\n<li>\n<p data-path-to-node=\"9,0,0\"><b data-path-to-node=\"9,0,0\" data-index-in-node=\"0\">Circuitos inteligentes:<\/b> Incluye protecci\u00f3n contra sobrecarga, sobredescarga y cortocircuitos.<\/p>\n<\/li>\n<li>\n<p id=\"p-rc_b91e7b5c050e75a3-198\" data-path-to-node=\"9,1,0\"><b data-path-to-node=\"9,1,0\" data-index-in-node=\"0\">Conector industrial:<\/b><span class=\"citation-570 citation-end-570\"> Incorpora un puerto de conexi\u00f3n de grado aeron\u00e1utico con protecci\u00f3n anti-inversi\u00f3n para evitar da\u00f1os accidentales durante la carga manual.<\/span><\/p>\n<\/li>\n<li>\n<p id=\"p-rc_b91e7b5c050e75a3-199\" data-path-to-node=\"9,2,0\"><b data-path-to-node=\"9,2,0\" data-index-in-node=\"0\">Monitoreo de estado:<\/b><span class=\"citation-569\"> * <\/span><b data-path-to-node=\"9,2,0\" data-index-in-node=\"21\"><span class=\"citation-569\">4 luces:<\/span><\/b><span class=\"citation-569 citation-end-569\"> Capacidad de 75% a 100%.<\/span><\/p>\n<ul data-path-to-node=\"9,2,1\">\n<li>\n<p data-path-to-node=\"9,2,1,0,0\"><b data-path-to-node=\"9,2,1,0,0\" data-index-in-node=\"0\">1 Luz intermitente:<\/b> &lt;25% de capacidad (se recomienda recargar inmediatamente).<\/p>\n<\/li>\n<li>\n<p data-path-to-node=\"9,2,1,1,0\"><b data-path-to-node=\"9,2,1,1,0\" data-index-in-node=\"0\">Cerradura de seguridad:<\/b> El asa de la bater\u00eda tambi\u00e9n funciona como un pestillo de seguridad para garantizar que la bater\u00eda permanezca en su lugar incluso durante maniobras de alto impacto como subir escaleras o saltar.<\/p>\n<\/li>\n<\/ul>\n<\/li>\n<\/ul>\n<blockquote data-path-to-node=\"10\">\n<p id=\"p-rc_b91e7b5c050e75a3-200\" data-path-to-node=\"10,0\"><b data-path-to-node=\"10,0\" data-index-in-node=\"0\"><span class=\"citation-568\">Consejo profesional:<\/span><\/b><span class=\"citation-568 citation-end-568\"> Para una \u00f3ptima salud de la bater\u00eda, el fabricante recomienda cargarla en un entorno con temperatura controlada (de 0 \u00b0C a 45 \u00b0C) y mantener el nivel de carga por encima de 75% antes de comenzar tareas de navegaci\u00f3n de alta intensidad.<\/span><\/p>\n<\/blockquote>","protected":false},"excerpt":{"rendered":"<p>El <b data-path-to-node=\"0\" data-index-in-node=\"4\">Bater\u00eda Deep Robotics X30<\/b> Es una soluci\u00f3n de alimentaci\u00f3n de alto rendimiento y calidad industrial dise\u00f1ada espec\u00edficamente para el robot cuadr\u00fapedo Jueying X30. Dise\u00f1ada para ofrecer una fiabilidad cr\u00edtica, alimenta las operaciones aut\u00f3nomas del robot en entornos exigentes como centrales el\u00e9ctricas, pasillos de f\u00e1bricas y zonas de rescate de emergencia.<\/p>","protected":false},"featured_media":25829,"comment_status":"open","ping_status":"closed","template":"","meta":[],"product_brand":[1443],"product_cat":[1448],"product_tag":[1446,1449,1445],"class_list":{"0":"post-25834","1":"product","2":"type-product","3":"status-publish","4":"has-post-thumbnail","6":"product_brand-deep-robotics","7":"product_cat-deep-robotics-quad-accessories","8":"product_tag-deep-robotics","9":"product_tag-deep-robotics-quadruped-accessories","10":"product_tag-quadruped-robots","12":"first","13":"onbackorder","14":"taxable","15":"shipping-taxable","16":"product-type-simple"},"yoast_head":"<!-- This site is optimized with the Yoast SEO plugin v27.4 - https:\/\/yoast.com\/product\/yoast-seo-wordpress\/ -->\n<title>Deep Robotics X30 Battery - Ghostysky<\/title>\n<meta name=\"description\" content=\"The Deep Robotics X30 Charging Dock is a mission-critical accessory designed to transform the X30 quadruped into a fully autonomous, 24\/7 industrial asset. By eliminating the need for manual battery swaps or cable plugging, this dock allows the robot to self-manage its power levels during long-term deployments in inspection, security, and surveying.\" \/>\n<meta name=\"robots\" content=\"index, follow, max-snippet:-1, max-image-preview:large, max-video-preview:-1\" \/>\n<link rel=\"canonical\" href=\"https:\/\/www.ghostysky.com\/es\/?post_type=product&p=25834\" \/>\n<meta property=\"og:locale\" content=\"es_ES\" \/>\n<meta property=\"og:type\" content=\"article\" \/>\n<meta property=\"og:title\" content=\"Deep Robotics X30 Battery - Ghostysky\" \/>\n<meta property=\"og:description\" content=\"The Deep Robotics X30 Charging Dock is a mission-critical accessory designed to transform the X30 quadruped into a fully autonomous, 24\/7 industrial asset. By eliminating the need for manual battery swaps or cable plugging, this dock allows the robot to self-manage its power levels during long-term deployments in inspection, security, and surveying.\" \/>\n<meta property=\"og:url\" content=\"https:\/\/www.ghostysky.com\/es\/?post_type=product&amp;p=25834\" \/>\n<meta property=\"og:site_name\" content=\"Ghostysky\" \/>\n<meta property=\"article:publisher\" content=\"https:\/\/www.facebook.com\/people\/Ghostysky\/100057676170234\/\" \/>\n<meta property=\"article:modified_time\" content=\"2026-04-25T09:58:32+00:00\" \/>\n<meta property=\"og:image\" content=\"https:\/\/www.ghostysky.com\/wp-content\/uploads\/2026\/04\/GH_DeepRobotics_Logo_NoImage_Product.jpg\" \/>\n\t<meta property=\"og:image:width\" content=\"2048\" \/>\n\t<meta property=\"og:image:height\" content=\"2048\" \/>\n\t<meta property=\"og:image:type\" content=\"image\/jpeg\" \/>\n<meta name=\"twitter:card\" content=\"summary_large_image\" \/>\n<meta name=\"twitter:site\" content=\"@Gh0stysky\" \/>\n<meta name=\"twitter:label1\" content=\"Tiempo de lectura\" \/>\n\t<meta name=\"twitter:data1\" content=\"2 minutos\" \/>\n<script type=\"application\/ld+json\" class=\"yoast-schema-graph\">{\"@context\":\"https:\\\/\\\/schema.org\",\"@graph\":[{\"@type\":\"WebPage\",\"@id\":\"https:\\\/\\\/www.ghostysky.com\\\/?post_type=product&p=25834\",\"url\":\"https:\\\/\\\/www.ghostysky.com\\\/?post_type=product&p=25834\",\"name\":\"Deep Robotics X30 Battery - Ghostysky\",\"isPartOf\":{\"@id\":\"https:\\\/\\\/www.ghostysky.com\\\/#website\"},\"primaryImageOfPage\":{\"@id\":\"https:\\\/\\\/www.ghostysky.com\\\/?post_type=product&p=25834#primaryimage\"},\"image\":{\"@id\":\"https:\\\/\\\/www.ghostysky.com\\\/?post_type=product&p=25834#primaryimage\"},\"thumbnailUrl\":\"https:\\\/\\\/www.ghostysky.com\\\/wp-content\\\/uploads\\\/2026\\\/04\\\/GH_DeepRobotics_Logo_NoImage_Product.jpg\",\"datePublished\":\"2026-04-25T09:34:01+00:00\",\"dateModified\":\"2026-04-25T09:58:32+00:00\",\"description\":\"The Deep Robotics X30 Charging Dock is a mission-critical accessory designed to transform the X30 quadruped into a fully autonomous, 24\\\/7 industrial asset. By eliminating the need for manual battery swaps or cable plugging, this dock allows the robot to self-manage its power levels during long-term deployments in inspection, security, and surveying.\",\"breadcrumb\":{\"@id\":\"https:\\\/\\\/www.ghostysky.com\\\/?post_type=product&p=25834#breadcrumb\"},\"inLanguage\":\"es\",\"potentialAction\":[{\"@type\":\"ReadAction\",\"target\":[\"https:\\\/\\\/www.ghostysky.com\\\/?post_type=product&p=25834\"]}]},{\"@type\":\"ImageObject\",\"inLanguage\":\"es\",\"@id\":\"https:\\\/\\\/www.ghostysky.com\\\/?post_type=product&p=25834#primaryimage\",\"url\":\"https:\\\/\\\/www.ghostysky.com\\\/wp-content\\\/uploads\\\/2026\\\/04\\\/GH_DeepRobotics_Logo_NoImage_Product.jpg\",\"contentUrl\":\"https:\\\/\\\/www.ghostysky.com\\\/wp-content\\\/uploads\\\/2026\\\/04\\\/GH_DeepRobotics_Logo_NoImage_Product.jpg\",\"width\":2048,\"height\":2048},{\"@type\":\"BreadcrumbList\",\"@id\":\"https:\\\/\\\/www.ghostysky.com\\\/?post_type=product&p=25834#breadcrumb\",\"itemListElement\":[{\"@type\":\"ListItem\",\"position\":1,\"name\":\"Home\",\"item\":\"https:\\\/\\\/www.ghostysky.com\\\/\"},{\"@type\":\"ListItem\",\"position\":2,\"name\":\"Shop\",\"item\":\"https:\\\/\\\/www.ghostysky.com\\\/shop\\\/\"},{\"@type\":\"ListItem\",\"position\":3,\"name\":\"Deep Robotics X30 Charging Dock (Copy)\"}]},{\"@type\":\"WebSite\",\"@id\":\"https:\\\/\\\/www.ghostysky.com\\\/#website\",\"url\":\"https:\\\/\\\/www.ghostysky.com\\\/\",\"name\":\"Ghostysky\",\"description\":\"Delivering professional drones and robotics solutions\",\"publisher\":{\"@id\":\"https:\\\/\\\/www.ghostysky.com\\\/#organization\"},\"potentialAction\":[{\"@type\":\"SearchAction\",\"target\":{\"@type\":\"EntryPoint\",\"urlTemplate\":\"https:\\\/\\\/www.ghostysky.com\\\/?s={search_term_string}\"},\"query-input\":{\"@type\":\"PropertyValueSpecification\",\"valueRequired\":true,\"valueName\":\"search_term_string\"}}],\"inLanguage\":\"es\"},{\"@type\":\"Organization\",\"@id\":\"https:\\\/\\\/www.ghostysky.com\\\/#organization\",\"name\":\"Ghostysky\",\"url\":\"https:\\\/\\\/www.ghostysky.com\\\/\",\"logo\":{\"@type\":\"ImageObject\",\"inLanguage\":\"es\",\"@id\":\"https:\\\/\\\/www.ghostysky.com\\\/#\\\/schema\\\/logo\\\/image\\\/\",\"url\":\"https:\\\/\\\/www.ghostysky.com\\\/wp-content\\\/uploads\\\/2020\\\/06\\\/cropped-ghostyskylogo_text_white2.png\",\"contentUrl\":\"https:\\\/\\\/www.ghostysky.com\\\/wp-content\\\/uploads\\\/2020\\\/06\\\/cropped-ghostyskylogo_text_white2.png\",\"width\":169,\"height\":56,\"caption\":\"Ghostysky\"},\"image\":{\"@id\":\"https:\\\/\\\/www.ghostysky.com\\\/#\\\/schema\\\/logo\\\/image\\\/\"},\"sameAs\":[\"https:\\\/\\\/www.facebook.com\\\/people\\\/Ghostysky\\\/100057676170234\\\/\",\"https:\\\/\\\/x.com\\\/Gh0stysky\",\"https:\\\/\\\/www.linkedin.com\\\/company\\\/34739653\",\"https:\\\/\\\/www.instagram.com\\\/gh0stysky\"]}]}<\/script>\n<!-- \/ Yoast SEO plugin. -->","yoast_head_json":{"title":"Bater\u00eda Deep Robotics X30 - Ghostysky","description":"La base de carga Deep Robotics X30 es un accesorio esencial dise\u00f1ado para transformar el robot cuadr\u00fapedo X30 en un activo industrial totalmente aut\u00f3nomo, operativo las 24 horas del d\u00eda, los 7 d\u00edas de la semana. Al eliminar la necesidad de cambiar manualmente las bater\u00edas o conectar cables, esta base permite que el robot gestione autom\u00e1ticamente sus niveles de energ\u00eda durante despliegues prolongados en tareas de inspecci\u00f3n, seguridad y vigilancia.","robots":{"index":"index","follow":"follow","max-snippet":"max-snippet:-1","max-image-preview":"max-image-preview:large","max-video-preview":"max-video-preview:-1"},"canonical":"https:\/\/www.ghostysky.com\/es\/?post_type=product&p=25834","og_locale":"es_ES","og_type":"article","og_title":"Deep Robotics X30 Battery - Ghostysky","og_description":"The Deep Robotics X30 Charging Dock is a mission-critical accessory designed to transform the X30 quadruped into a fully autonomous, 24\/7 industrial asset. By eliminating the need for manual battery swaps or cable plugging, this dock allows the robot to self-manage its power levels during long-term deployments in inspection, security, and surveying.","og_url":"https:\/\/www.ghostysky.com\/es\/?post_type=product&p=25834","og_site_name":"Ghostysky","article_publisher":"https:\/\/www.facebook.com\/people\/Ghostysky\/100057676170234\/","article_modified_time":"2026-04-25T09:58:32+00:00","og_image":[{"width":2048,"height":2048,"url":"https:\/\/www.ghostysky.com\/wp-content\/uploads\/2026\/04\/GH_DeepRobotics_Logo_NoImage_Product.jpg","type":"image\/jpeg"}],"twitter_card":"summary_large_image","twitter_site":"@Gh0stysky","twitter_misc":{"Tiempo de lectura":"2 minutos"},"schema":{"@context":"https:\/\/schema.org","@graph":[{"@type":"WebPage","@id":"https:\/\/www.ghostysky.com\/?post_type=product&p=25834","url":"https:\/\/www.ghostysky.com\/?post_type=product&p=25834","name":"Bater\u00eda Deep Robotics X30 - Ghostysky","isPartOf":{"@id":"https:\/\/www.ghostysky.com\/#website"},"primaryImageOfPage":{"@id":"https:\/\/www.ghostysky.com\/?post_type=product&p=25834#primaryimage"},"image":{"@id":"https:\/\/www.ghostysky.com\/?post_type=product&p=25834#primaryimage"},"thumbnailUrl":"https:\/\/www.ghostysky.com\/wp-content\/uploads\/2026\/04\/GH_DeepRobotics_Logo_NoImage_Product.jpg","datePublished":"2026-04-25T09:34:01+00:00","dateModified":"2026-04-25T09:58:32+00:00","description":"La base de carga Deep Robotics X30 es un accesorio esencial dise\u00f1ado para transformar el robot cuadr\u00fapedo X30 en un activo industrial totalmente aut\u00f3nomo, operativo las 24 horas del d\u00eda, los 7 d\u00edas de la semana. Al eliminar la necesidad de cambiar manualmente las bater\u00edas o conectar cables, esta base permite que el robot gestione autom\u00e1ticamente sus niveles de energ\u00eda durante despliegues prolongados en tareas de inspecci\u00f3n, seguridad y vigilancia.","breadcrumb":{"@id":"https:\/\/www.ghostysky.com\/?post_type=product&p=25834#breadcrumb"},"inLanguage":"es","potentialAction":[{"@type":"ReadAction","target":["https:\/\/www.ghostysky.com\/?post_type=product&p=25834"]}]},{"@type":"ImageObject","inLanguage":"es","@id":"https:\/\/www.ghostysky.com\/?post_type=product&p=25834#primaryimage","url":"https:\/\/www.ghostysky.com\/wp-content\/uploads\/2026\/04\/GH_DeepRobotics_Logo_NoImage_Product.jpg","contentUrl":"https:\/\/www.ghostysky.com\/wp-content\/uploads\/2026\/04\/GH_DeepRobotics_Logo_NoImage_Product.jpg","width":2048,"height":2048},{"@type":"BreadcrumbList","@id":"https:\/\/www.ghostysky.com\/?post_type=product&p=25834#breadcrumb","itemListElement":[{"@type":"ListItem","position":1,"name":"Home","item":"https:\/\/www.ghostysky.com\/"},{"@type":"ListItem","position":2,"name":"Shop","item":"https:\/\/www.ghostysky.com\/shop\/"},{"@type":"ListItem","position":3,"name":"Deep Robotics X30 Charging Dock (Copy)"}]},{"@type":"WebSite","@id":"https:\/\/www.ghostysky.com\/#website","url":"https:\/\/www.ghostysky.com\/","name":"Ghostysky","description":"Ofrecemos soluciones profesionales de drones y rob\u00f3tica.","publisher":{"@id":"https:\/\/www.ghostysky.com\/#organization"},"potentialAction":[{"@type":"SearchAction","target":{"@type":"EntryPoint","urlTemplate":"https:\/\/www.ghostysky.com\/?s={search_term_string}"},"query-input":{"@type":"PropertyValueSpecification","valueRequired":true,"valueName":"search_term_string"}}],"inLanguage":"es"},{"@type":"Organization","@id":"https:\/\/www.ghostysky.com\/#organization","name":"Ghostysky","url":"https:\/\/www.ghostysky.com\/","logo":{"@type":"ImageObject","inLanguage":"es","@id":"https:\/\/www.ghostysky.com\/#\/schema\/logo\/image\/","url":"https:\/\/www.ghostysky.com\/wp-content\/uploads\/2020\/06\/cropped-ghostyskylogo_text_white2.png","contentUrl":"https:\/\/www.ghostysky.com\/wp-content\/uploads\/2020\/06\/cropped-ghostyskylogo_text_white2.png","width":169,"height":56,"caption":"Ghostysky"},"image":{"@id":"https:\/\/www.ghostysky.com\/#\/schema\/logo\/image\/"},"sameAs":["https:\/\/www.facebook.com\/people\/Ghostysky\/100057676170234\/","https:\/\/x.com\/Gh0stysky","https:\/\/www.linkedin.com\/company\/34739653","https:\/\/www.instagram.com\/gh0stysky"]}]}},"_links":{"self":[{"href":"https:\/\/www.ghostysky.com\/es\/wp-json\/wp\/v2\/product\/25834","targetHints":{"allow":["GET"]}}],"collection":[{"href":"https:\/\/www.ghostysky.com\/es\/wp-json\/wp\/v2\/product"}],"about":[{"href":"https:\/\/www.ghostysky.com\/es\/wp-json\/wp\/v2\/types\/product"}],"replies":[{"embeddable":true,"href":"https:\/\/www.ghostysky.com\/es\/wp-json\/wp\/v2\/comments?post=25834"}],"version-history":[{"count":1,"href":"https:\/\/www.ghostysky.com\/es\/wp-json\/wp\/v2\/product\/25834\/revisions"}],"predecessor-version":[{"id":25845,"href":"https:\/\/www.ghostysky.com\/es\/wp-json\/wp\/v2\/product\/25834\/revisions\/25845"}],"wp:featuredmedia":[{"embeddable":true,"href":"https:\/\/www.ghostysky.com\/es\/wp-json\/wp\/v2\/media\/25829"}],"wp:attachment":[{"href":"https:\/\/www.ghostysky.com\/es\/wp-json\/wp\/v2\/media?parent=25834"}],"wp:term":[{"taxonomy":"product_brand","embeddable":true,"href":"https:\/\/www.ghostysky.com\/es\/wp-json\/wp\/v2\/product_brand?post=25834"},{"taxonomy":"product_cat","embeddable":true,"href":"https:\/\/www.ghostysky.com\/es\/wp-json\/wp\/v2\/product_cat?post=25834"},{"taxonomy":"product_tag","embeddable":true,"href":"https:\/\/www.ghostysky.com\/es\/wp-json\/wp\/v2\/product_tag?post=25834"}],"curies":[{"name":"wp","href":"https:\/\/api.w.org\/{rel}","templated":true}]}}