{"id":25844,"date":"2026-04-25T09:58:23","date_gmt":"2026-04-25T09:58:23","guid":{"rendered":"https:\/\/www.ghostysky.com\/?post_type=product&#038;p=25844"},"modified":"2026-04-26T09:20:46","modified_gmt":"2026-04-26T09:20:46","slug":"deep-robotics-lynx-m20","status":"publish","type":"product","link":"https:\/\/www.ghostysky.com\/es\/product\/deep-robotics-lynx-m20\/","title":{"rendered":"Deep Robotics LYNX M20"},"content":{"rendered":"<h3 data-path-to-node=\"3\">Caracter\u00edsticas clave<\/h3>\n<h3 data-path-to-node=\"4\">1. <span class=\"citation-622 citation-end-622\">Sistema de locomoci\u00f3n h\u00edbrido<\/span><\/h3>\n<p id=\"p-rc_47567ecd4b8fe183-203\" data-path-to-node=\"5\"><span class=\"citation-621 citation-end-621\">El LYNX M20 es \u00fanico porque sus &quot;pies&quot; son en realidad ruedas motorizadas.<\/span><\/p>\n<ul data-path-to-node=\"6\">\n<li>\n<p id=\"p-rc_47567ecd4b8fe183-204\" data-path-to-node=\"6,0,0\"><b data-path-to-node=\"6,0,0\" data-index-in-node=\"0\"><span class=\"citation-620\">Modo con ruedas:<\/span><\/b><span class=\"citation-620\"> Alcanza velocidades de hasta <\/span><b data-path-to-node=\"6,0,0\" data-index-in-node=\"38\"><span class=\"citation-620\">5 m\/s<\/span><\/b><span class=\"citation-620 citation-end-620\"> (aprox.<\/span> <span class=\"citation-619 citation-end-619\">11 mph) en superficies lisas, lo que reduce dr\u00e1sticamente el consumo de energ\u00eda en comparaci\u00f3n con caminar normalmente.<\/span><\/p>\n<\/li>\n<li>\n<p id=\"p-rc_47567ecd4b8fe183-205\" data-path-to-node=\"6,1,0\"><b data-path-to-node=\"6,1,0\" data-index-in-node=\"0\">Modo con piernas:<\/b><span class=\"citation-618\"> Puede \u201cbloquear\u201d sus ruedas para pasar por encima de obst\u00e1culos de hasta <\/span><b data-path-to-node=\"6,1,0\" data-index-in-node=\"64\"><span class=\"citation-618\">80 cm<\/span><\/b><span class=\"citation-618\"> alto o subir escaleras hasta <\/span><b data-path-to-node=\"6,1,0\" data-index-in-node=\"97\"><span class=\"citation-618\">25 cm<\/span><\/b><span class=\"citation-618 citation-end-618\"> alto.<\/span><\/p>\n<\/li>\n<li>\n<p id=\"p-rc_47567ecd4b8fe183-206\" data-path-to-node=\"6,2,0\"><b data-path-to-node=\"6,2,0\" data-index-in-node=\"0\">Postura adaptativa:<\/b><span class=\"citation-617 citation-end-617\"> Presenta una configuraci\u00f3n de &quot;codo delantero y rodilla trasera&quot; que le permite mantener un perfil compacto (50 cm de espacio libre) para navegar por t\u00faneles o tuber\u00edas estrechas.<\/span><\/p>\n<\/li>\n<\/ul>\n<h3 data-path-to-node=\"7\">2. Construcci\u00f3n industrial robusta<\/h3>\n<p id=\"p-rc_47567ecd4b8fe183-207\" data-path-to-node=\"8\"><span class=\"citation-616 citation-end-616\">Dise\u00f1ado para entornos &quot;sucios y peligrosos&quot;, el M20 es un tanque con un peso de tan solo 33 kg.<\/span><\/p>\n<ul data-path-to-node=\"9\">\n<li>\n<p id=\"p-rc_47567ecd4b8fe183-208\" data-path-to-node=\"9,0,0\"><b data-path-to-node=\"9,0,0\" data-index-in-node=\"0\"><span class=\"citation-615\">A prueba de la intemperie:<\/span><\/b> <b data-path-to-node=\"9,0,0\" data-index-in-node=\"14\"><span class=\"citation-615\">Clasificaci\u00f3n IP66<\/span><\/b><span class=\"citation-615 citation-end-615\">, lo que significa que es herm\u00e9tico al polvo y resistente a chorros de agua a alta presi\u00f3n (lluvia\/nieve intensa).<\/span><\/p>\n<\/li>\n<li>\n<p id=\"p-rc_47567ecd4b8fe183-209\" data-path-to-node=\"9,1,0\"><b data-path-to-node=\"9,1,0\" data-index-in-node=\"0\"><span class=\"citation-614\">Resistente a la temperatura:<\/span><\/b><span class=\"citation-614\"> Funciona de manera confiable en climas extremos desde <\/span><b data-path-to-node=\"9,1,0\" data-index-in-node=\"66\"><span class=\"citation-614\">-20\u00b0C a 55\u00b0C<\/span><\/b><span class=\"citation-614 citation-end-614\">.<\/span><\/p>\n<\/li>\n<li>\n<p id=\"p-rc_47567ecd4b8fe183-210\" data-path-to-node=\"9,2,0\"><b data-path-to-node=\"9,2,0\" data-index-in-node=\"0\">Persistencia:<\/b><span class=\"citation-613\"> Caracter\u00edsticas <\/span><b data-path-to-node=\"9,2,0\" data-index-in-node=\"22\"><span class=\"citation-613\">bater\u00edas intercambiables en caliente<\/span><\/b><span class=\"citation-613 citation-end-613\">, lo que permite un funcionamiento continuo las 24 horas del d\u00eda, los 7 d\u00edas de la semana, sin necesidad de apagarlo para recargarlo.<\/span><\/p>\n<\/li>\n<\/ul>\n<h3 data-path-to-node=\"10\">3. Percepci\u00f3n avanzada y autonom\u00eda<\/h3>\n<p data-path-to-node=\"11\">Equipada con un conjunto de sensores de alta densidad, la LYNX M20 no solo se mueve, sino que tambi\u00e9n comprende su entorno.<\/p>\n<ul data-path-to-node=\"12\">\n<li>\n<p id=\"p-rc_47567ecd4b8fe183-211\" data-path-to-node=\"12,0,0\"><b data-path-to-node=\"12,0,0\" data-index-in-node=\"0\"><span class=\"citation-612\">LiDAR dual de 96 l\u00edneas:<\/span><\/b><span class=\"citation-612 citation-end-612\"> Proporciona una <\/span><span class=\"math-inline\" data-math=\"360^\\circ \\times 90^\\circ\" data-index-in-node=\"31\">$360^\\circ \\veces 90^\\circ$<\/span><span class=\"citation-611 citation-end-611\"> Campo de visi\u00f3n que genera aproximadamente 860.000 puntos por segundo para un mapeo 3D preciso (SLAM).<\/span><\/p>\n<\/li>\n<li>\n<p id=\"p-rc_47567ecd4b8fe183-212\" data-path-to-node=\"12,1,0\"><b data-path-to-node=\"12,1,0\" data-index-in-node=\"0\"><span class=\"citation-610\">Evitaci\u00f3n omnidireccional:<\/span><\/b><span class=\"citation-610 citation-end-610\"> La detecci\u00f3n de obst\u00e1culos en tiempo real garantiza que el robot pueda sortear escombros complejos o trabajadores en movimiento de forma segura.<\/span><\/p>\n<\/li>\n<li>\n<p id=\"p-rc_47567ecd4b8fe183-213\" data-path-to-node=\"12,2,0\"><b data-path-to-node=\"12,2,0\" data-index-in-node=\"0\"><span class=\"citation-609\">Inform\u00e1tica a bordo:<\/span><\/b><span class=\"citation-609\"> Energizado por <\/span><b data-path-to-node=\"12,2,0\" data-index-in-node=\"30\"><span class=\"citation-609\">Procesadores industriales duales de ocho n\u00facleos<\/span><\/b><span class=\"citation-609 citation-end-609\"> para gestionar cargas de trabajo de IA pesadas y la b\u00fasqueda aut\u00f3noma de rutas de forma local.<\/span><\/p>\n<div class=\"source-inline-chip-container ng-star-inserted\"><\/div>\n<p>&nbsp;<\/li>\n<\/ul>\n<h3 data-path-to-node=\"14\">Especificaciones t\u00e9cnicas<\/h3>\n<table data-path-to-node=\"15\">\n<thead>\n<tr>\n<td><strong>Caracter\u00edstica<\/strong><\/td>\n<td><strong>Especificaci\u00f3n<\/strong><\/td>\n<\/tr>\n<\/thead>\n<tbody>\n<tr>\n<td><span data-path-to-node=\"15,1,0,0\"><b data-path-to-node=\"15,1,0,0\" data-index-in-node=\"0\">Peso<\/b><\/span><\/td>\n<td><span data-path-to-node=\"15,1,1,0\">33 kg (incluida la bater\u00eda)<\/span><\/td>\n<\/tr>\n<tr>\n<td><span data-path-to-node=\"15,2,0,0\"><b data-path-to-node=\"15,2,0,0\" data-index-in-node=\"0\">Capacidad de carga \u00fatil<\/b><\/span><\/td>\n<td><span data-path-to-node=\"15,2,1,0\">15 kg (nominal) \/ 50 kg (est\u00e1tico m\u00e1ximo)<\/span><\/td>\n<\/tr>\n<tr>\n<td><span data-path-to-node=\"15,3,0,0\"><b data-path-to-node=\"15,3,0,0\" data-index-in-node=\"0\">M\u00e1xima velocidad<\/b><\/span><\/td>\n<td><span data-path-to-node=\"15,3,1,0\">5 m\/s (Probado en laboratorio) \/ 2 m\/s (Funcionamiento est\u00e1ndar)<\/span><\/td>\n<\/tr>\n<tr>\n<td><span data-path-to-node=\"15,4,0,0\"><b data-path-to-node=\"15,4,0,0\" data-index-in-node=\"0\">Resistencia<\/b><\/span><\/td>\n<td><span data-path-to-node=\"15,4,1,0\">~3 horas (sin carga) \/ ~2,5 horas (con una carga de 15 kg)<\/span><\/td>\n<\/tr>\n<tr>\n<td><span data-path-to-node=\"15,5,0,0\"><b data-path-to-node=\"15,5,0,0\" data-index-in-node=\"0\">Eliminaci\u00f3n de obst\u00e1culos<\/b><\/span><\/td>\n<td><span data-path-to-node=\"15,5,1,0\">80 cm (escal\u00f3n \u00fanico) \/ 25 cm (escaleras continuas)<\/span><\/td>\n<\/tr>\n<tr>\n<td><span data-path-to-node=\"15,6,0,0\"><b data-path-to-node=\"15,6,0,0\" data-index-in-node=\"0\">Pendiente m\u00e1xima<\/b><\/span><\/td>\n<td><span data-path-to-node=\"15,6,1,0\">inclinaci\u00f3n de 45\u00b0<\/span><\/td>\n<\/tr>\n<tr>\n<td><span data-path-to-node=\"15,7,0,0\"><b data-path-to-node=\"15,7,0,0\" data-index-in-node=\"0\">Conectividad<\/b><\/span><\/td>\n<td><span data-path-to-node=\"15,7,1,0\">Ethernet Gigabit, USB 3.0, salida de alimentaci\u00f3n de 72 V<\/span><\/td>\n<\/tr>\n<\/tbody>\n<\/table>\n<p>&nbsp;<\/p>\n<p>&nbsp;<\/p>\n<h3 data-path-to-node=\"17\">Casos de uso principales<\/h3>\n<ul data-path-to-node=\"18\">\n<li>\n<p id=\"p-rc_47567ecd4b8fe183-214\" data-path-to-node=\"18,0,0\"><b data-path-to-node=\"18,0,0\" data-index-in-node=\"0\"><span class=\"citation-608\">Inspecci\u00f3n de infraestructura:<\/span><\/b><span class=\"citation-608 citation-end-608\"> C\u00f3mo moverse por refiner\u00edas de petr\u00f3leo y gas, subestaciones el\u00e9ctricas y t\u00faneles subterr\u00e1neos.<\/span><\/p>\n<\/li>\n<li>\n<p id=\"p-rc_47567ecd4b8fe183-215\" data-path-to-node=\"18,1,0\"><b data-path-to-node=\"18,1,0\" data-index-in-node=\"0\">Respuesta de emergencia:<\/b><span class=\"citation-607 citation-end-607\"> Explorar zonas de desastre o ruinas donde el acceso humano es demasiado arriesgado.<\/span><\/p>\n<\/li>\n<li>\n<p id=\"p-rc_47567ecd4b8fe183-216\" data-path-to-node=\"18,2,0\"><b data-path-to-node=\"18,2,0\" data-index-in-node=\"0\"><span class=\"citation-606\">Log\u00edstica:<\/span><\/b><span class=\"citation-606 citation-end-606\"> Transportar hasta 15 kg de herramientas o sensores a trav\u00e9s de terrenos pantanosos o senderos de monta\u00f1a.<\/span><\/p>\n<\/li>\n<li>\n<p id=\"p-rc_47567ecd4b8fe183-217\" data-path-to-node=\"18,3,0\"><b data-path-to-node=\"18,3,0\" data-index-in-node=\"0\"><span class=\"citation-605\">Investigaci\u00f3n cient\u00edfica:<\/span><\/b><span class=\"citation-605 citation-end-605\"> Una plataforma modular para que los equipos de I+D prueben nuevas IA, sensores o brazos rob\u00f3ticos.<\/span><\/p>\n<\/li>\n<\/ul>\n<blockquote data-path-to-node=\"19\">\n<p id=\"p-rc_47567ecd4b8fe183-218\" data-path-to-node=\"19,0\"><b data-path-to-node=\"19,0\" data-index-in-node=\"0\"><span class=\"citation-604\">Sabidur\u00eda profunda en rob\u00f3tica:<\/span><\/b><span class=\"citation-604 citation-end-604\"> El dise\u00f1o sim\u00e9trico y las extremidades intercambiables del LYNX M20 hacen que su mantenimiento en el campo sea incre\u00edblemente sencillo: si una pierna se da\u00f1a, se puede reemplazar r\u00e1pidamente para que la misi\u00f3n contin\u00fae.<\/span><\/p>\n<\/blockquote>","protected":false},"excerpt":{"rendered":"<p id=\"p-rc_47567ecd4b8fe183-201\" data-path-to-node=\"0\"><span class=\"citation-625\">El <\/span><b data-path-to-node=\"0\" data-index-in-node=\"4\"><span class=\"citation-625\">Deep Robotics LYNX M20<\/span><\/b><span class=\"citation-625\"> (a menudo denominada LYNX M20 Pro) es una innovadora herramienta de grado industrial. <\/span><b data-path-to-node=\"0\" data-index-in-node=\"100\"><span class=\"citation-625\">con ruedas<\/span><\/b><span class=\"citation-625 citation-end-625\"> robot.<\/span> <span class=\"citation-624 citation-end-624\">Representa una soluci\u00f3n que combina lo mejor de ambos mundos: la eficiencia de alta velocidad de las ruedas para terrenos llanos con la agilidad inigualable de las piernas para superar obst\u00e1culos y escaleras.<\/span><\/p>\n<p id=\"p-rc_47567ecd4b8fe183-202\" data-path-to-node=\"1\"><span class=\"citation-623\">Ganador del <\/span><b data-path-to-node=\"1\" data-index-in-node=\"14\"><span class=\"citation-623\">Premio a la Innovaci\u00f3n CES 2026<\/span><\/b><span class=\"citation-623\"> y el <\/span><b data-path-to-node=\"1\" data-index-in-node=\"48\"><span class=\"citation-623\">Premio de Dise\u00f1o iF<\/span><\/b><span class=\"citation-623 citation-end-623\">, El LYNX M20 est\u00e1 dise\u00f1ado para operaciones de campo exigentes, como la inspecci\u00f3n de centrales el\u00e9ctricas, la b\u00fasqueda y el rescate, y la log\u00edstica de materiales peligrosos.<\/span><\/p>","protected":false},"featured_media":25846,"comment_status":"open","ping_status":"closed","template":"","meta":[],"product_brand":[1443],"product_cat":[1444],"product_tag":[1446,1447,1445],"class_list":{"0":"post-25844","1":"product","2":"type-product","3":"status-publish","4":"has-post-thumbnail","6":"product_brand-deep-robotics","7":"product_cat-deep-robotics-quad-robots","8":"product_tag-deep-robotics","9":"product_tag-deep-robotics-quadruped-robots","10":"product_tag-quadruped-robots","12":"first","13":"onbackorder","14":"taxable","15":"shipping-taxable","16":"purchasable","17":"product-type-simple"},"yoast_head":"<!-- This site is optimized with the Yoast SEO plugin v27.4 - https:\/\/yoast.com\/product\/yoast-seo-wordpress\/ -->\n<title>Deep Robotics LYNX M20 - Ghostysky<\/title>\n<meta name=\"description\" content=\"The Deep Robotics LYNX M20 (often referred to as the LYNX M20 Pro) is a pioneering industrial-grade wheeled-legged robot. It represents a &quot;best of both worlds&quot; approach\u2014combining the high-speed efficiency of wheels for flat terrain with the unparalleled agility of legs for obstacles and stairs.\" \/>\n<meta name=\"robots\" content=\"index, follow, max-snippet:-1, max-image-preview:large, max-video-preview:-1\" \/>\n<link rel=\"canonical\" href=\"https:\/\/www.ghostysky.com\/es\/producto-2\/deep-robotics-lynx-m20\/\" \/>\n<meta property=\"og:locale\" content=\"es_ES\" \/>\n<meta property=\"og:type\" content=\"article\" \/>\n<meta property=\"og:title\" content=\"Deep Robotics LYNX M20 - Ghostysky\" \/>\n<meta property=\"og:description\" content=\"The Deep Robotics LYNX M20 (often referred to as the LYNX M20 Pro) is a pioneering industrial-grade wheeled-legged robot. It represents a &quot;best of both worlds&quot; approach\u2014combining the high-speed efficiency of wheels for flat terrain with the unparalleled agility of legs for obstacles and stairs.\" \/>\n<meta property=\"og:url\" content=\"https:\/\/www.ghostysky.com\/es\/producto-2\/deep-robotics-lynx-m20\/\" \/>\n<meta property=\"og:site_name\" content=\"Ghostysky\" \/>\n<meta property=\"article:publisher\" content=\"https:\/\/www.facebook.com\/people\/Ghostysky\/100057676170234\/\" \/>\n<meta property=\"article:modified_time\" content=\"2026-04-26T09:20:46+00:00\" \/>\n<meta property=\"og:image\" content=\"https:\/\/www.ghostysky.com\/wp-content\/uploads\/2026\/04\/GH_DEEP_Robotics-LYNX-M20-1.webp\" \/>\n\t<meta property=\"og:image:width\" content=\"800\" \/>\n\t<meta property=\"og:image:height\" content=\"800\" \/>\n\t<meta property=\"og:image:type\" content=\"image\/webp\" \/>\n<meta name=\"twitter:card\" content=\"summary_large_image\" \/>\n<meta name=\"twitter:site\" content=\"@Gh0stysky\" \/>\n<meta name=\"twitter:label1\" content=\"Tiempo de lectura\" \/>\n\t<meta name=\"twitter:data1\" content=\"2 minutos\" \/>\n<script type=\"application\/ld+json\" class=\"yoast-schema-graph\">{\"@context\":\"https:\\\/\\\/schema.org\",\"@graph\":[{\"@type\":\"WebPage\",\"@id\":\"https:\\\/\\\/www.ghostysky.com\\\/product\\\/deep-robotics-lynx-m20\\\/\",\"url\":\"https:\\\/\\\/www.ghostysky.com\\\/product\\\/deep-robotics-lynx-m20\\\/\",\"name\":\"Deep Robotics LYNX M20 - Ghostysky\",\"isPartOf\":{\"@id\":\"https:\\\/\\\/www.ghostysky.com\\\/#website\"},\"primaryImageOfPage\":{\"@id\":\"https:\\\/\\\/www.ghostysky.com\\\/product\\\/deep-robotics-lynx-m20\\\/#primaryimage\"},\"image\":{\"@id\":\"https:\\\/\\\/www.ghostysky.com\\\/product\\\/deep-robotics-lynx-m20\\\/#primaryimage\"},\"thumbnailUrl\":\"https:\\\/\\\/www.ghostysky.com\\\/wp-content\\\/uploads\\\/2026\\\/04\\\/GH_DEEP_Robotics-LYNX-M20-1.webp\",\"datePublished\":\"2026-04-25T09:58:23+00:00\",\"dateModified\":\"2026-04-26T09:20:46+00:00\",\"description\":\"The Deep Robotics LYNX M20 (often referred to as the LYNX M20 Pro) is a pioneering industrial-grade wheeled-legged robot. It represents a \\\"best of both worlds\\\" approach\u2014combining the high-speed efficiency of wheels for flat terrain with the unparalleled agility of legs for obstacles and stairs.\",\"breadcrumb\":{\"@id\":\"https:\\\/\\\/www.ghostysky.com\\\/product\\\/deep-robotics-lynx-m20\\\/#breadcrumb\"},\"inLanguage\":\"es\",\"potentialAction\":[{\"@type\":\"ReadAction\",\"target\":[\"https:\\\/\\\/www.ghostysky.com\\\/product\\\/deep-robotics-lynx-m20\\\/\"]}]},{\"@type\":\"ImageObject\",\"inLanguage\":\"es\",\"@id\":\"https:\\\/\\\/www.ghostysky.com\\\/product\\\/deep-robotics-lynx-m20\\\/#primaryimage\",\"url\":\"https:\\\/\\\/www.ghostysky.com\\\/wp-content\\\/uploads\\\/2026\\\/04\\\/GH_DEEP_Robotics-LYNX-M20-1.webp\",\"contentUrl\":\"https:\\\/\\\/www.ghostysky.com\\\/wp-content\\\/uploads\\\/2026\\\/04\\\/GH_DEEP_Robotics-LYNX-M20-1.webp\",\"width\":800,\"height\":800},{\"@type\":\"BreadcrumbList\",\"@id\":\"https:\\\/\\\/www.ghostysky.com\\\/product\\\/deep-robotics-lynx-m20\\\/#breadcrumb\",\"itemListElement\":[{\"@type\":\"ListItem\",\"position\":1,\"name\":\"Home\",\"item\":\"https:\\\/\\\/www.ghostysky.com\\\/\"},{\"@type\":\"ListItem\",\"position\":2,\"name\":\"Shop\",\"item\":\"https:\\\/\\\/www.ghostysky.com\\\/shop\\\/\"},{\"@type\":\"ListItem\",\"position\":3,\"name\":\"Deep Robotics LYNX M20\"}]},{\"@type\":\"WebSite\",\"@id\":\"https:\\\/\\\/www.ghostysky.com\\\/#website\",\"url\":\"https:\\\/\\\/www.ghostysky.com\\\/\",\"name\":\"Ghostysky\",\"description\":\"Delivering professional drones and robotics solutions\",\"publisher\":{\"@id\":\"https:\\\/\\\/www.ghostysky.com\\\/#organization\"},\"potentialAction\":[{\"@type\":\"SearchAction\",\"target\":{\"@type\":\"EntryPoint\",\"urlTemplate\":\"https:\\\/\\\/www.ghostysky.com\\\/?s={search_term_string}\"},\"query-input\":{\"@type\":\"PropertyValueSpecification\",\"valueRequired\":true,\"valueName\":\"search_term_string\"}}],\"inLanguage\":\"es\"},{\"@type\":\"Organization\",\"@id\":\"https:\\\/\\\/www.ghostysky.com\\\/#organization\",\"name\":\"Ghostysky\",\"url\":\"https:\\\/\\\/www.ghostysky.com\\\/\",\"logo\":{\"@type\":\"ImageObject\",\"inLanguage\":\"es\",\"@id\":\"https:\\\/\\\/www.ghostysky.com\\\/#\\\/schema\\\/logo\\\/image\\\/\",\"url\":\"https:\\\/\\\/www.ghostysky.com\\\/wp-content\\\/uploads\\\/2020\\\/06\\\/cropped-ghostyskylogo_text_white2.png\",\"contentUrl\":\"https:\\\/\\\/www.ghostysky.com\\\/wp-content\\\/uploads\\\/2020\\\/06\\\/cropped-ghostyskylogo_text_white2.png\",\"width\":169,\"height\":56,\"caption\":\"Ghostysky\"},\"image\":{\"@id\":\"https:\\\/\\\/www.ghostysky.com\\\/#\\\/schema\\\/logo\\\/image\\\/\"},\"sameAs\":[\"https:\\\/\\\/www.facebook.com\\\/people\\\/Ghostysky\\\/100057676170234\\\/\",\"https:\\\/\\\/x.com\\\/Gh0stysky\",\"https:\\\/\\\/www.linkedin.com\\\/company\\\/34739653\",\"https:\\\/\\\/www.instagram.com\\\/gh0stysky\"]}]}<\/script>\n<!-- \/ Yoast SEO plugin. -->","yoast_head_json":{"title":"Deep Robotics LYNX M20 - Ghostysky","description":"El Deep Robotics LYNX M20 (a menudo denominado LYNX M20 Pro) es un robot industrial pionero con ruedas y patas. Representa una soluci\u00f3n que combina lo mejor de ambos mundos: la eficiencia de alta velocidad de las ruedas para terrenos planos con la agilidad inigualable de las patas para superar obst\u00e1culos y escaleras.","robots":{"index":"index","follow":"follow","max-snippet":"max-snippet:-1","max-image-preview":"max-image-preview:large","max-video-preview":"max-video-preview:-1"},"canonical":"https:\/\/www.ghostysky.com\/es\/producto-2\/deep-robotics-lynx-m20\/","og_locale":"es_ES","og_type":"article","og_title":"Deep Robotics LYNX M20 - Ghostysky","og_description":"The Deep Robotics LYNX M20 (often referred to as the LYNX M20 Pro) is a pioneering industrial-grade wheeled-legged robot. It represents a \"best of both worlds\" approach\u2014combining the high-speed efficiency of wheels for flat terrain with the unparalleled agility of legs for obstacles and stairs.","og_url":"https:\/\/www.ghostysky.com\/es\/producto-2\/deep-robotics-lynx-m20\/","og_site_name":"Ghostysky","article_publisher":"https:\/\/www.facebook.com\/people\/Ghostysky\/100057676170234\/","article_modified_time":"2026-04-26T09:20:46+00:00","og_image":[{"width":800,"height":800,"url":"https:\/\/www.ghostysky.com\/wp-content\/uploads\/2026\/04\/GH_DEEP_Robotics-LYNX-M20-1.webp","type":"image\/webp"}],"twitter_card":"summary_large_image","twitter_site":"@Gh0stysky","twitter_misc":{"Tiempo de lectura":"2 minutos"},"schema":{"@context":"https:\/\/schema.org","@graph":[{"@type":"WebPage","@id":"https:\/\/www.ghostysky.com\/product\/deep-robotics-lynx-m20\/","url":"https:\/\/www.ghostysky.com\/product\/deep-robotics-lynx-m20\/","name":"Deep Robotics LYNX M20 - Ghostysky","isPartOf":{"@id":"https:\/\/www.ghostysky.com\/#website"},"primaryImageOfPage":{"@id":"https:\/\/www.ghostysky.com\/product\/deep-robotics-lynx-m20\/#primaryimage"},"image":{"@id":"https:\/\/www.ghostysky.com\/product\/deep-robotics-lynx-m20\/#primaryimage"},"thumbnailUrl":"https:\/\/www.ghostysky.com\/wp-content\/uploads\/2026\/04\/GH_DEEP_Robotics-LYNX-M20-1.webp","datePublished":"2026-04-25T09:58:23+00:00","dateModified":"2026-04-26T09:20:46+00:00","description":"El Deep Robotics LYNX M20 (a menudo denominado LYNX M20 Pro) es un robot industrial pionero con ruedas y patas. Representa una soluci\u00f3n que combina lo mejor de ambos mundos: la eficiencia de alta velocidad de las ruedas para terrenos planos con la agilidad inigualable de las patas para superar obst\u00e1culos y escaleras.","breadcrumb":{"@id":"https:\/\/www.ghostysky.com\/product\/deep-robotics-lynx-m20\/#breadcrumb"},"inLanguage":"es","potentialAction":[{"@type":"ReadAction","target":["https:\/\/www.ghostysky.com\/product\/deep-robotics-lynx-m20\/"]}]},{"@type":"ImageObject","inLanguage":"es","@id":"https:\/\/www.ghostysky.com\/product\/deep-robotics-lynx-m20\/#primaryimage","url":"https:\/\/www.ghostysky.com\/wp-content\/uploads\/2026\/04\/GH_DEEP_Robotics-LYNX-M20-1.webp","contentUrl":"https:\/\/www.ghostysky.com\/wp-content\/uploads\/2026\/04\/GH_DEEP_Robotics-LYNX-M20-1.webp","width":800,"height":800},{"@type":"BreadcrumbList","@id":"https:\/\/www.ghostysky.com\/product\/deep-robotics-lynx-m20\/#breadcrumb","itemListElement":[{"@type":"ListItem","position":1,"name":"Home","item":"https:\/\/www.ghostysky.com\/"},{"@type":"ListItem","position":2,"name":"Shop","item":"https:\/\/www.ghostysky.com\/shop\/"},{"@type":"ListItem","position":3,"name":"Deep Robotics LYNX M20"}]},{"@type":"WebSite","@id":"https:\/\/www.ghostysky.com\/#website","url":"https:\/\/www.ghostysky.com\/","name":"Ghostysky","description":"Ofrecemos soluciones profesionales de drones y rob\u00f3tica.","publisher":{"@id":"https:\/\/www.ghostysky.com\/#organization"},"potentialAction":[{"@type":"SearchAction","target":{"@type":"EntryPoint","urlTemplate":"https:\/\/www.ghostysky.com\/?s={search_term_string}"},"query-input":{"@type":"PropertyValueSpecification","valueRequired":true,"valueName":"search_term_string"}}],"inLanguage":"es"},{"@type":"Organization","@id":"https:\/\/www.ghostysky.com\/#organization","name":"Ghostysky","url":"https:\/\/www.ghostysky.com\/","logo":{"@type":"ImageObject","inLanguage":"es","@id":"https:\/\/www.ghostysky.com\/#\/schema\/logo\/image\/","url":"https:\/\/www.ghostysky.com\/wp-content\/uploads\/2020\/06\/cropped-ghostyskylogo_text_white2.png","contentUrl":"https:\/\/www.ghostysky.com\/wp-content\/uploads\/2020\/06\/cropped-ghostyskylogo_text_white2.png","width":169,"height":56,"caption":"Ghostysky"},"image":{"@id":"https:\/\/www.ghostysky.com\/#\/schema\/logo\/image\/"},"sameAs":["https:\/\/www.facebook.com\/people\/Ghostysky\/100057676170234\/","https:\/\/x.com\/Gh0stysky","https:\/\/www.linkedin.com\/company\/34739653","https:\/\/www.instagram.com\/gh0stysky"]}]}},"_links":{"self":[{"href":"https:\/\/www.ghostysky.com\/es\/wp-json\/wp\/v2\/product\/25844","targetHints":{"allow":["GET"]}}],"collection":[{"href":"https:\/\/www.ghostysky.com\/es\/wp-json\/wp\/v2\/product"}],"about":[{"href":"https:\/\/www.ghostysky.com\/es\/wp-json\/wp\/v2\/types\/product"}],"replies":[{"embeddable":true,"href":"https:\/\/www.ghostysky.com\/es\/wp-json\/wp\/v2\/comments?post=25844"}],"version-history":[{"count":2,"href":"https:\/\/www.ghostysky.com\/es\/wp-json\/wp\/v2\/product\/25844\/revisions"}],"predecessor-version":[{"id":25874,"href":"https:\/\/www.ghostysky.com\/es\/wp-json\/wp\/v2\/product\/25844\/revisions\/25874"}],"wp:featuredmedia":[{"embeddable":true,"href":"https:\/\/www.ghostysky.com\/es\/wp-json\/wp\/v2\/media\/25846"}],"wp:attachment":[{"href":"https:\/\/www.ghostysky.com\/es\/wp-json\/wp\/v2\/media?parent=25844"}],"wp:term":[{"taxonomy":"product_brand","embeddable":true,"href":"https:\/\/www.ghostysky.com\/es\/wp-json\/wp\/v2\/product_brand?post=25844"},{"taxonomy":"product_cat","embeddable":true,"href":"https:\/\/www.ghostysky.com\/es\/wp-json\/wp\/v2\/product_cat?post=25844"},{"taxonomy":"product_tag","embeddable":true,"href":"https:\/\/www.ghostysky.com\/es\/wp-json\/wp\/v2\/product_tag?post=25844"}],"curies":[{"name":"wp","href":"https:\/\/api.w.org\/{rel}","templated":true}]}}