{"id":25880,"date":"2026-04-26T08:26:16","date_gmt":"2026-04-26T08:26:16","guid":{"rendered":"https:\/\/www.ghostysky.com\/?post_type=product&#038;p=25880"},"modified":"2026-04-26T08:26:58","modified_gmt":"2026-04-26T08:26:58","slug":"deep-robotics-jueying-lite-3-basic","status":"publish","type":"product","link":"https:\/\/www.ghostysky.com\/es\/product\/deep-robotics-jueying-lite-3-basic\/","title":{"rendered":"Deep Robotics Jueying Lite 3 B\u00e1sico"},"content":{"rendered":"<h3 data-path-to-node=\"1\"><b data-path-to-node=\"1\" data-index-in-node=\"0\">Descripci\u00f3n general b\u00e1sica<\/b><\/h3>\n<p id=\"p-rc_e1b41a97f9367131-31\" data-path-to-node=\"2\"><span class=\"citation-66 citation-end-66\">La Lite 3 Basic funciona como una plataforma de desarrollo de c\u00f3digo abierto.<\/span> Si bien carece del sistema avanzado de navegaci\u00f3n aut\u00f3noma (LiDAR) presente en las versiones Pro, utiliza la misma tecnolog\u00eda de articulaciones de alto par, lo que le permite realizar maniobras complejas como saltos y giros con gran estabilidad.<\/p>\n<div class=\"source-inline-chip-container ng-star-inserted\"><\/div>\n<p>&nbsp;<\/p>\n<h3 data-path-to-node=\"4\"><b data-path-to-node=\"4\" data-index-in-node=\"0\">Especificaciones t\u00e9cnicas<\/b><\/h3>\n<table data-path-to-node=\"5\">\n<thead>\n<tr>\n<td><strong>Caracter\u00edstica<\/strong><\/td>\n<td><strong>Especificaci\u00f3n<\/strong><\/td>\n<\/tr>\n<\/thead>\n<tbody>\n<tr>\n<td><span data-path-to-node=\"5,1,0,0\"><b data-path-to-node=\"5,1,0,0\" data-index-in-node=\"0\">Dimensiones (de pie)<\/b><\/span><\/td>\n<td><span data-path-to-node=\"5,1,1,0\">610 mm \u00d7 370 mm \u00d7 406 mm<\/span><\/td>\n<\/tr>\n<tr>\n<td><span data-path-to-node=\"5,2,0,0\"><b data-path-to-node=\"5,2,0,0\" data-index-in-node=\"0\">Peso (con bater\u00eda)<\/b><\/span><\/td>\n<td><span data-path-to-node=\"5,2,1,0\">12 kilos<\/span><\/td>\n<\/tr>\n<tr>\n<td><span data-path-to-node=\"5,3,0,0\"><b data-path-to-node=\"5,3,0,0\" data-index-in-node=\"0\">Carga \u00fatil m\u00e1xima<\/b><\/span><\/td>\n<td><span data-path-to-node=\"5,3,1,0\">Hasta 7,5 kg (caminando de forma continua)<\/span><\/td>\n<\/tr>\n<tr>\n<td><span data-path-to-node=\"5,4,0,0\"><b data-path-to-node=\"5,4,0,0\" data-index-in-node=\"0\">M\u00e1xima velocidad<\/b><\/span><\/td>\n<td><span data-path-to-node=\"5,4,1,0\">~4,0 m\/s (aprox. 14,4 km\/h)<\/span><\/td>\n<\/tr>\n<tr>\n<td><span data-path-to-node=\"5,5,0,0\"><b data-path-to-node=\"5,5,0,0\" data-index-in-node=\"0\">Duraci\u00f3n de la bater\u00eda<\/b><\/span><\/td>\n<td><span data-path-to-node=\"5,5,1,0\">De 1,5 a 2 horas<\/span><\/td>\n<\/tr>\n<tr>\n<td><span data-path-to-node=\"5,6,0,0\"><b data-path-to-node=\"5,6,0,0\" data-index-in-node=\"0\">Alcance m\u00e1ximo<\/b><\/span><\/td>\n<td><span data-path-to-node=\"5,6,1,0\">5 km<\/span><\/td>\n<\/tr>\n<tr>\n<td><span data-path-to-node=\"5,7,0,0\"><b data-path-to-node=\"5,7,0,0\" data-index-in-node=\"0\">Capacidad de escalada<\/b><\/span><\/td>\n<td><span data-path-to-node=\"5,7,1,0\">Pendiente de 40\u00b0<\/span><\/td>\n<\/tr>\n<tr>\n<td><span data-path-to-node=\"5,8,0,0\"><b data-path-to-node=\"5,8,0,0\" data-index-in-node=\"0\">Conectividad<\/b><\/span><\/td>\n<td><span data-path-to-node=\"5,8,1,0\">Ethernet, acceso SDK\/API<\/span><\/td>\n<\/tr>\n<\/tbody>\n<\/table>\n<p>&nbsp;<\/p>\n<p>&nbsp;<\/p>\n<h3 data-path-to-node=\"7\"><b data-path-to-node=\"7\" data-index-in-node=\"0\">Caracter\u00edsticas clave<\/b><\/h3>\n<ul data-path-to-node=\"8\">\n<li>\n<p id=\"p-rc_e1b41a97f9367131-32\" data-path-to-node=\"8,0,0\"><b data-path-to-node=\"8,0,0\" data-index-in-node=\"0\"><span class=\"citation-65\">Rendimiento de alto par:<\/span><\/b><span class=\"citation-65\"> Equipado con m\u00f3dulos de uni\u00f3n patentados que ofrecen una <\/span><b data-path-to-node=\"8,0,0\" data-index-in-node=\"78\"><span class=\"citation-65\">50% aumento del par<\/span><\/b><span class=\"citation-65 citation-end-65\"> en comparaci\u00f3n con las generaciones anteriores.<\/span> <span class=\"citation-64 citation-end-64\">Esto permite que el modelo \u201cB\u00e1sico\u201d ejecute movimientos din\u00e1micos como saltos de 30 cm de altura y volteretas hacia adelante.<\/span><\/p>\n<\/li>\n<li>\n<p id=\"p-rc_e1b41a97f9367131-33\" data-path-to-node=\"8,1,0\"><b data-path-to-node=\"8,1,0\" data-index-in-node=\"0\">Control de grado industrial:<\/b><span class=\"citation-63\"> Cuenta con un sistema de control con un <\/span><b data-path-to-node=\"8,1,0\" data-index-in-node=\"59\"><span class=\"citation-63\">frecuencia de 1 kHz<\/span><\/b><span class=\"citation-63 citation-end-63\">, proporcionando capacidad de respuesta y estabilidad en tiempo real incluso en terrenos irregulares.<\/span><\/p>\n<\/li>\n<li>\n<p id=\"p-rc_e1b41a97f9367131-34\" data-path-to-node=\"8,2,0\"><b data-path-to-node=\"8,2,0\" data-index-in-node=\"0\"><span class=\"citation-62\">Seguridad y percepci\u00f3n:<\/span><\/b><span class=\"citation-62\"> El modelo b\u00e1sico incluye sensores delanteros y traseros para <\/span><b data-path-to-node=\"8,2,0\" data-index-in-node=\"73\"><span class=\"citation-62\">Parada autom\u00e1tica ante obst\u00e1culos<\/span><\/b><span class=\"citation-62 citation-end-62\"> y seguimiento visual, lo que garantiza que no colisione con objetos durante el funcionamiento manual.<\/span><\/p>\n<\/li>\n<li>\n<p id=\"p-rc_e1b41a97f9367131-35\" data-path-to-node=\"8,3,0\"><b data-path-to-node=\"8,3,0\" data-index-in-node=\"0\">Listo para el desarrollo:<\/b><span class=\"citation-61 citation-end-61\"> Es una herramienta de investigaci\u00f3n &quot;plug-and-play&quot;.<\/span> <span class=\"citation-60 citation-end-60\">Deep Robotics proporciona un SDK, una API y modelos URDF completos, lo que lo hace compatible con los usuarios que deseen desarrollar algoritmos de locomoci\u00f3n personalizados o aplicaciones secundarias.<\/span><\/p>\n<\/li>\n<li>\n<p id=\"p-rc_e1b41a97f9367131-36\" data-path-to-node=\"8,4,0\"><b data-path-to-node=\"8,4,0\" data-index-in-node=\"0\"><span class=\"citation-59\">Dise\u00f1o modular:<\/span><\/b><span class=\"citation-59 citation-end-59\"> El chasis de superficie plana permite el montaje sencillo de hardware externo, como brazos rob\u00f3ticos, sensores adicionales o m\u00f3dulos de computaci\u00f3n perimetral.<\/span><\/p>\n<div class=\"source-inline-chip-container ng-star-inserted\"><\/div>\n<p>&nbsp;<\/li>\n<\/ul>\n<h3 data-path-to-node=\"10\"><b data-path-to-node=\"10\" data-index-in-node=\"0\">\u00bfEl modelo \u201cB\u00e1sico\u201d es el adecuado para ti?<\/b><\/h3>\n<p id=\"p-rc_e1b41a97f9367131-37\" data-path-to-node=\"11\"><span class=\"citation-58\">El <\/span><b data-path-to-node=\"11\" data-index-in-node=\"4\"><span class=\"citation-58\">B\u00e1sico<\/span><\/b><span class=\"citation-58\"> Esta versi\u00f3n es ideal si su objetivo principal es <\/span><b data-path-to-node=\"11\" data-index-in-node=\"51\"><span class=\"citation-58\">investigaci\u00f3n sobre locomoci\u00f3n, inspecciones por control remoto o demostraciones en el aula.<\/span><\/b><span class=\"citation-58 citation-end-58\">.<\/span><\/p>\n<blockquote data-path-to-node=\"12\">\n<p id=\"p-rc_e1b41a97f9367131-38\" data-path-to-node=\"12,0\"><b data-path-to-node=\"12,0\" data-index-in-node=\"0\">Nota:<\/b><span class=\"citation-57\"> Si su proyecto requiere mapeo 3D, planificaci\u00f3n de rutas aut\u00f3nomas o evitaci\u00f3n de obst\u00e1culos complejos sin intervenci\u00f3n humana, es posible que deba considerar lo siguiente: <\/span><b data-path-to-node=\"12,0\" data-index-in-node=\"156\"><span class=\"citation-57\">Lite 3 Pro<\/span><\/b><span class=\"citation-57\"> o <\/span><b data-path-to-node=\"12,0\" data-index-in-node=\"170\"><span class=\"citation-57\">LiDAR Lite 3<\/span><\/b><span class=\"citation-57 citation-end-57\"> variantes que incluyen los sistemas inform\u00e1ticos integrados y los sensores de profundidad necesarios para esas tareas.<\/span><\/p>\n<\/blockquote>","protected":false},"excerpt":{"rendered":"<p id=\"p-rc_47567ecd4b8fe183-201\" data-path-to-node=\"0\"><span class=\"citation-68\">El <\/span><b data-path-to-node=\"0\" data-index-in-node=\"4\"><span class=\"citation-68\">Deep Robotics Jueying Lite 3 B\u00e1sico<\/span><\/b><span class=\"citation-68 citation-end-68\"> Es un robot cuadr\u00fapedo \u00e1gil y de nivel b\u00e1sico, dise\u00f1ado principalmente para la educaci\u00f3n, la investigaci\u00f3n en ciencia, tecnolog\u00eda, ingenier\u00eda y matem\u00e1ticas (STEM) y para entusiastas de la tecnolog\u00eda.<\/span> <span class=\"citation-67 citation-end-67\">Como modelo fundamental de la serie Lite 3, prioriza el equilibrio entre la locomoci\u00f3n de alto rendimiento y la rentabilidad.<\/span><\/p>","protected":false},"featured_media":25881,"comment_status":"open","ping_status":"closed","template":"","meta":[],"product_brand":[1443],"product_cat":[1444],"product_tag":[1446,1447,1445],"class_list":{"0":"post-25880","1":"product","2":"type-product","3":"status-publish","4":"has-post-thumbnail","6":"product_brand-deep-robotics","7":"product_cat-deep-robotics-quad-robots","8":"product_tag-deep-robotics","9":"product_tag-deep-robotics-quadruped-robots","10":"product_tag-quadruped-robots","12":"first","13":"onbackorder","14":"taxable","15":"shipping-taxable","16":"purchasable","17":"product-type-simple"},"yoast_head":"<!-- This site is optimized with the Yoast SEO plugin v27.4 - https:\/\/yoast.com\/product\/yoast-seo-wordpress\/ -->\n<title>Deep Robotics Jueying Lite 3 Basic - Ghostysky<\/title>\n<meta name=\"description\" content=\"The Deep Robotics Jueying Lite 3 Basic is an agile, entry-level quadruped robot designed primarily for education, STEM research, and technology enthusiasts. As the foundational model in the Lite 3 series, it prioritizes a balance between high-performance locomotion and cost-effectiveness.\" \/>\n<meta name=\"robots\" content=\"index, follow, max-snippet:-1, max-image-preview:large, max-video-preview:-1\" \/>\n<link rel=\"canonical\" href=\"https:\/\/www.ghostysky.com\/es\/producto-2\/deep-robotics-jueying-lite-3-basic\/\" \/>\n<meta property=\"og:locale\" content=\"es_ES\" \/>\n<meta property=\"og:type\" content=\"article\" \/>\n<meta property=\"og:title\" content=\"Deep Robotics Jueying Lite 3 Basic - Ghostysky\" \/>\n<meta property=\"og:description\" content=\"The Deep Robotics Jueying Lite 3 Basic is an agile, entry-level quadruped robot designed primarily for education, STEM research, and technology enthusiasts. As the foundational model in the Lite 3 series, it prioritizes a balance between high-performance locomotion and cost-effectiveness.\" \/>\n<meta property=\"og:url\" content=\"https:\/\/www.ghostysky.com\/es\/producto-2\/deep-robotics-jueying-lite-3-basic\/\" \/>\n<meta property=\"og:site_name\" content=\"Ghostysky\" \/>\n<meta property=\"article:publisher\" content=\"https:\/\/www.facebook.com\/people\/Ghostysky\/100057676170234\/\" \/>\n<meta property=\"article:modified_time\" content=\"2026-04-26T08:26:58+00:00\" \/>\n<meta property=\"og:image\" content=\"https:\/\/www.ghostysky.com\/wp-content\/uploads\/2026\/04\/GHDeep-Robotics-Jueying-Lite-3-Basic_1.webp\" \/>\n\t<meta property=\"og:image:width\" content=\"550\" \/>\n\t<meta property=\"og:image:height\" content=\"550\" \/>\n\t<meta property=\"og:image:type\" content=\"image\/webp\" \/>\n<meta name=\"twitter:card\" content=\"summary_large_image\" \/>\n<meta name=\"twitter:site\" content=\"@Gh0stysky\" \/>\n<meta name=\"twitter:label1\" content=\"Tiempo de lectura\" \/>\n\t<meta name=\"twitter:data1\" content=\"2 minutos\" \/>\n<script type=\"application\/ld+json\" class=\"yoast-schema-graph\">{\"@context\":\"https:\\\/\\\/schema.org\",\"@graph\":[{\"@type\":\"WebPage\",\"@id\":\"https:\\\/\\\/www.ghostysky.com\\\/product\\\/deep-robotics-jueying-lite-3-basic\\\/\",\"url\":\"https:\\\/\\\/www.ghostysky.com\\\/product\\\/deep-robotics-jueying-lite-3-basic\\\/\",\"name\":\"Deep Robotics Jueying Lite 3 Basic - Ghostysky\",\"isPartOf\":{\"@id\":\"https:\\\/\\\/www.ghostysky.com\\\/#website\"},\"primaryImageOfPage\":{\"@id\":\"https:\\\/\\\/www.ghostysky.com\\\/product\\\/deep-robotics-jueying-lite-3-basic\\\/#primaryimage\"},\"image\":{\"@id\":\"https:\\\/\\\/www.ghostysky.com\\\/product\\\/deep-robotics-jueying-lite-3-basic\\\/#primaryimage\"},\"thumbnailUrl\":\"https:\\\/\\\/www.ghostysky.com\\\/wp-content\\\/uploads\\\/2026\\\/04\\\/GHDeep-Robotics-Jueying-Lite-3-Basic_1.webp\",\"datePublished\":\"2026-04-26T08:26:16+00:00\",\"dateModified\":\"2026-04-26T08:26:58+00:00\",\"description\":\"The Deep Robotics Jueying Lite 3 Basic is an agile, entry-level quadruped robot designed primarily for education, STEM research, and technology enthusiasts. As the foundational model in the Lite 3 series, it prioritizes a balance between high-performance locomotion and cost-effectiveness.\",\"breadcrumb\":{\"@id\":\"https:\\\/\\\/www.ghostysky.com\\\/product\\\/deep-robotics-jueying-lite-3-basic\\\/#breadcrumb\"},\"inLanguage\":\"es\",\"potentialAction\":[{\"@type\":\"ReadAction\",\"target\":[\"https:\\\/\\\/www.ghostysky.com\\\/product\\\/deep-robotics-jueying-lite-3-basic\\\/\"]}]},{\"@type\":\"ImageObject\",\"inLanguage\":\"es\",\"@id\":\"https:\\\/\\\/www.ghostysky.com\\\/product\\\/deep-robotics-jueying-lite-3-basic\\\/#primaryimage\",\"url\":\"https:\\\/\\\/www.ghostysky.com\\\/wp-content\\\/uploads\\\/2026\\\/04\\\/GHDeep-Robotics-Jueying-Lite-3-Basic_1.webp\",\"contentUrl\":\"https:\\\/\\\/www.ghostysky.com\\\/wp-content\\\/uploads\\\/2026\\\/04\\\/GHDeep-Robotics-Jueying-Lite-3-Basic_1.webp\",\"width\":550,\"height\":550},{\"@type\":\"BreadcrumbList\",\"@id\":\"https:\\\/\\\/www.ghostysky.com\\\/product\\\/deep-robotics-jueying-lite-3-basic\\\/#breadcrumb\",\"itemListElement\":[{\"@type\":\"ListItem\",\"position\":1,\"name\":\"Home\",\"item\":\"https:\\\/\\\/www.ghostysky.com\\\/\"},{\"@type\":\"ListItem\",\"position\":2,\"name\":\"Shop\",\"item\":\"https:\\\/\\\/www.ghostysky.com\\\/shop\\\/\"},{\"@type\":\"ListItem\",\"position\":3,\"name\":\"Deep Robotics Jueying Lite 3 Basic\"}]},{\"@type\":\"WebSite\",\"@id\":\"https:\\\/\\\/www.ghostysky.com\\\/#website\",\"url\":\"https:\\\/\\\/www.ghostysky.com\\\/\",\"name\":\"Ghostysky\",\"description\":\"Delivering professional drones and robotics solutions\",\"publisher\":{\"@id\":\"https:\\\/\\\/www.ghostysky.com\\\/#organization\"},\"potentialAction\":[{\"@type\":\"SearchAction\",\"target\":{\"@type\":\"EntryPoint\",\"urlTemplate\":\"https:\\\/\\\/www.ghostysky.com\\\/?s={search_term_string}\"},\"query-input\":{\"@type\":\"PropertyValueSpecification\",\"valueRequired\":true,\"valueName\":\"search_term_string\"}}],\"inLanguage\":\"es\"},{\"@type\":\"Organization\",\"@id\":\"https:\\\/\\\/www.ghostysky.com\\\/#organization\",\"name\":\"Ghostysky\",\"url\":\"https:\\\/\\\/www.ghostysky.com\\\/\",\"logo\":{\"@type\":\"ImageObject\",\"inLanguage\":\"es\",\"@id\":\"https:\\\/\\\/www.ghostysky.com\\\/#\\\/schema\\\/logo\\\/image\\\/\",\"url\":\"https:\\\/\\\/www.ghostysky.com\\\/wp-content\\\/uploads\\\/2020\\\/06\\\/cropped-ghostyskylogo_text_white2.png\",\"contentUrl\":\"https:\\\/\\\/www.ghostysky.com\\\/wp-content\\\/uploads\\\/2020\\\/06\\\/cropped-ghostyskylogo_text_white2.png\",\"width\":169,\"height\":56,\"caption\":\"Ghostysky\"},\"image\":{\"@id\":\"https:\\\/\\\/www.ghostysky.com\\\/#\\\/schema\\\/logo\\\/image\\\/\"},\"sameAs\":[\"https:\\\/\\\/www.facebook.com\\\/people\\\/Ghostysky\\\/100057676170234\\\/\",\"https:\\\/\\\/x.com\\\/Gh0stysky\",\"https:\\\/\\\/www.linkedin.com\\\/company\\\/34739653\",\"https:\\\/\\\/www.instagram.com\\\/gh0stysky\"]}]}<\/script>\n<!-- \/ Yoast SEO plugin. -->","yoast_head_json":{"title":"Deep Robotics Jueying Lite 3 B\u00e1sico - Ghostysky","description":"El Deep Robotics Jueying Lite 3 Basic es un robot cuadr\u00fapedo \u00e1gil y de nivel b\u00e1sico, dise\u00f1ado principalmente para la educaci\u00f3n, la investigaci\u00f3n en ciencia, tecnolog\u00eda, ingenier\u00eda y matem\u00e1ticas (STEM) y para entusiastas de la tecnolog\u00eda. Como modelo fundamental de la serie Lite 3, prioriza el equilibrio entre una locomoci\u00f3n de alto rendimiento y una buena relaci\u00f3n calidad-precio.","robots":{"index":"index","follow":"follow","max-snippet":"max-snippet:-1","max-image-preview":"max-image-preview:large","max-video-preview":"max-video-preview:-1"},"canonical":"https:\/\/www.ghostysky.com\/es\/producto-2\/deep-robotics-jueying-lite-3-basic\/","og_locale":"es_ES","og_type":"article","og_title":"Deep Robotics Jueying Lite 3 Basic - Ghostysky","og_description":"The Deep Robotics Jueying Lite 3 Basic is an agile, entry-level quadruped robot designed primarily for education, STEM research, and technology enthusiasts. As the foundational model in the Lite 3 series, it prioritizes a balance between high-performance locomotion and cost-effectiveness.","og_url":"https:\/\/www.ghostysky.com\/es\/producto-2\/deep-robotics-jueying-lite-3-basic\/","og_site_name":"Ghostysky","article_publisher":"https:\/\/www.facebook.com\/people\/Ghostysky\/100057676170234\/","article_modified_time":"2026-04-26T08:26:58+00:00","og_image":[{"width":550,"height":550,"url":"https:\/\/www.ghostysky.com\/wp-content\/uploads\/2026\/04\/GHDeep-Robotics-Jueying-Lite-3-Basic_1.webp","type":"image\/webp"}],"twitter_card":"summary_large_image","twitter_site":"@Gh0stysky","twitter_misc":{"Tiempo de lectura":"2 minutos"},"schema":{"@context":"https:\/\/schema.org","@graph":[{"@type":"WebPage","@id":"https:\/\/www.ghostysky.com\/product\/deep-robotics-jueying-lite-3-basic\/","url":"https:\/\/www.ghostysky.com\/product\/deep-robotics-jueying-lite-3-basic\/","name":"Deep Robotics Jueying Lite 3 B\u00e1sico - Ghostysky","isPartOf":{"@id":"https:\/\/www.ghostysky.com\/#website"},"primaryImageOfPage":{"@id":"https:\/\/www.ghostysky.com\/product\/deep-robotics-jueying-lite-3-basic\/#primaryimage"},"image":{"@id":"https:\/\/www.ghostysky.com\/product\/deep-robotics-jueying-lite-3-basic\/#primaryimage"},"thumbnailUrl":"https:\/\/www.ghostysky.com\/wp-content\/uploads\/2026\/04\/GHDeep-Robotics-Jueying-Lite-3-Basic_1.webp","datePublished":"2026-04-26T08:26:16+00:00","dateModified":"2026-04-26T08:26:58+00:00","description":"El Deep Robotics Jueying Lite 3 Basic es un robot cuadr\u00fapedo \u00e1gil y de nivel b\u00e1sico, dise\u00f1ado principalmente para la educaci\u00f3n, la investigaci\u00f3n en ciencia, tecnolog\u00eda, ingenier\u00eda y matem\u00e1ticas (STEM) y para entusiastas de la tecnolog\u00eda. Como modelo fundamental de la serie Lite 3, prioriza el equilibrio entre una locomoci\u00f3n de alto rendimiento y una buena relaci\u00f3n calidad-precio.","breadcrumb":{"@id":"https:\/\/www.ghostysky.com\/product\/deep-robotics-jueying-lite-3-basic\/#breadcrumb"},"inLanguage":"es","potentialAction":[{"@type":"ReadAction","target":["https:\/\/www.ghostysky.com\/product\/deep-robotics-jueying-lite-3-basic\/"]}]},{"@type":"ImageObject","inLanguage":"es","@id":"https:\/\/www.ghostysky.com\/product\/deep-robotics-jueying-lite-3-basic\/#primaryimage","url":"https:\/\/www.ghostysky.com\/wp-content\/uploads\/2026\/04\/GHDeep-Robotics-Jueying-Lite-3-Basic_1.webp","contentUrl":"https:\/\/www.ghostysky.com\/wp-content\/uploads\/2026\/04\/GHDeep-Robotics-Jueying-Lite-3-Basic_1.webp","width":550,"height":550},{"@type":"BreadcrumbList","@id":"https:\/\/www.ghostysky.com\/product\/deep-robotics-jueying-lite-3-basic\/#breadcrumb","itemListElement":[{"@type":"ListItem","position":1,"name":"Home","item":"https:\/\/www.ghostysky.com\/"},{"@type":"ListItem","position":2,"name":"Shop","item":"https:\/\/www.ghostysky.com\/shop\/"},{"@type":"ListItem","position":3,"name":"Deep Robotics Jueying Lite 3 Basic"}]},{"@type":"WebSite","@id":"https:\/\/www.ghostysky.com\/#website","url":"https:\/\/www.ghostysky.com\/","name":"Ghostysky","description":"Ofrecemos soluciones profesionales de drones y rob\u00f3tica.","publisher":{"@id":"https:\/\/www.ghostysky.com\/#organization"},"potentialAction":[{"@type":"SearchAction","target":{"@type":"EntryPoint","urlTemplate":"https:\/\/www.ghostysky.com\/?s={search_term_string}"},"query-input":{"@type":"PropertyValueSpecification","valueRequired":true,"valueName":"search_term_string"}}],"inLanguage":"es"},{"@type":"Organization","@id":"https:\/\/www.ghostysky.com\/#organization","name":"Ghostysky","url":"https:\/\/www.ghostysky.com\/","logo":{"@type":"ImageObject","inLanguage":"es","@id":"https:\/\/www.ghostysky.com\/#\/schema\/logo\/image\/","url":"https:\/\/www.ghostysky.com\/wp-content\/uploads\/2020\/06\/cropped-ghostyskylogo_text_white2.png","contentUrl":"https:\/\/www.ghostysky.com\/wp-content\/uploads\/2020\/06\/cropped-ghostyskylogo_text_white2.png","width":169,"height":56,"caption":"Ghostysky"},"image":{"@id":"https:\/\/www.ghostysky.com\/#\/schema\/logo\/image\/"},"sameAs":["https:\/\/www.facebook.com\/people\/Ghostysky\/100057676170234\/","https:\/\/x.com\/Gh0stysky","https:\/\/www.linkedin.com\/company\/34739653","https:\/\/www.instagram.com\/gh0stysky"]}]}},"_links":{"self":[{"href":"https:\/\/www.ghostysky.com\/es\/wp-json\/wp\/v2\/product\/25880","targetHints":{"allow":["GET"]}}],"collection":[{"href":"https:\/\/www.ghostysky.com\/es\/wp-json\/wp\/v2\/product"}],"about":[{"href":"https:\/\/www.ghostysky.com\/es\/wp-json\/wp\/v2\/types\/product"}],"replies":[{"embeddable":true,"href":"https:\/\/www.ghostysky.com\/es\/wp-json\/wp\/v2\/comments?post=25880"}],"version-history":[{"count":1,"href":"https:\/\/www.ghostysky.com\/es\/wp-json\/wp\/v2\/product\/25880\/revisions"}],"predecessor-version":[{"id":25884,"href":"https:\/\/www.ghostysky.com\/es\/wp-json\/wp\/v2\/product\/25880\/revisions\/25884"}],"wp:featuredmedia":[{"embeddable":true,"href":"https:\/\/www.ghostysky.com\/es\/wp-json\/wp\/v2\/media\/25881"}],"wp:attachment":[{"href":"https:\/\/www.ghostysky.com\/es\/wp-json\/wp\/v2\/media?parent=25880"}],"wp:term":[{"taxonomy":"product_brand","embeddable":true,"href":"https:\/\/www.ghostysky.com\/es\/wp-json\/wp\/v2\/product_brand?post=25880"},{"taxonomy":"product_cat","embeddable":true,"href":"https:\/\/www.ghostysky.com\/es\/wp-json\/wp\/v2\/product_cat?post=25880"},{"taxonomy":"product_tag","embeddable":true,"href":"https:\/\/www.ghostysky.com\/es\/wp-json\/wp\/v2\/product_tag?post=25880"}],"curies":[{"name":"wp","href":"https:\/\/api.w.org\/{rel}","templated":true}]}}