{"id":25889,"date":"2026-04-26T09:04:52","date_gmt":"2026-04-26T09:04:52","guid":{"rendered":"https:\/\/www.ghostysky.com\/?post_type=product&#038;p=25889"},"modified":"2026-04-26T09:06:31","modified_gmt":"2026-04-26T09:06:31","slug":"deep-robotics-jueying-lite-3-livox-lidar-edition","status":"publish","type":"product","link":"https:\/\/www.ghostysky.com\/es\/product\/deep-robotics-jueying-lite-3-livox-lidar-edition\/","title":{"rendered":"Deep Robotics Jueying Lite 3 (Edici\u00f3n LiDAR LIVOX)"},"content":{"rendered":"<h3 data-path-to-node=\"3\">Capacidades b\u00e1sicas y movilidad<\/h3>\n<p id=\"p-rc_26f592f09aa68653-69\" data-path-to-node=\"4\"><span class=\"citation-207 citation-end-207\">El Lite 3 est\u00e1 construido sobre un sistema de juntas de alto par que proporciona un aumento de 50% en la fuerza de accionamiento en comparaci\u00f3n con su predecesor.<\/span> <span class=\"citation-206 citation-end-206\">Esto permite realizar maniobras extremadamente din\u00e1micas y lograr una gran estabilidad en terrenos complejos.<\/span><\/p>\n<ul data-path-to-node=\"5\">\n<li>\n<p id=\"p-rc_26f592f09aa68653-70\" data-path-to-node=\"5,0,0\"><b data-path-to-node=\"5,0,0\" data-index-in-node=\"0\"><span class=\"citation-205\">Maniobras din\u00e1micas:<\/span><\/b><span class=\"citation-205 citation-end-205\"> Capaz de realizar volteretas frontales, saltos de altura, saltos horizontales y recuperarse autom\u00e1ticamente si es derribado.<\/span><\/p>\n<\/li>\n<li>\n<p id=\"p-rc_26f592f09aa68653-71\" data-path-to-node=\"5,1,0\"><b data-path-to-node=\"5,1,0\" data-index-in-node=\"0\"><span class=\"citation-204\">Adaptabilidad del terreno:<\/span><\/b><span class=\"citation-204\"> Puede subir pendientes de hasta <\/span><b data-path-to-node=\"5,1,0\" data-index-in-node=\"45\"><span class=\"citation-204\">40\u00b0<\/span><\/b><span class=\"citation-204\"> y subir escaleras hasta <\/span><b data-path-to-node=\"5,1,0\" data-index-in-node=\"75\"><span class=\"citation-204\">15\u201318 cm<\/span><\/b><span class=\"citation-204 citation-end-204\"> en altura.<\/span><\/p>\n<\/li>\n<li>\n<p id=\"p-rc_26f592f09aa68653-72\" data-path-to-node=\"5,2,0\"><b data-path-to-node=\"5,2,0\" data-index-in-node=\"0\"><span class=\"citation-203\">Velocidad y alcance:<\/span><\/b><span class=\"citation-203\"> Alcanza una velocidad m\u00e1xima de <\/span><b data-path-to-node=\"5,2,0\" data-index-in-node=\"38\"><span class=\"citation-203\">4 m\/s<\/span><\/b><span class=\"citation-203\"> (~9 mph) con un alcance m\u00e1ximo de viaje de aproximadamente <\/span><b data-path-to-node=\"5,2,0\" data-index-in-node=\"92\"><span class=\"citation-203\">2,7 kil\u00f3metros<\/span><\/b><span class=\"citation-203 citation-end-203\"> (limitado por el consumo de energ\u00eda del LiDAR y la computaci\u00f3n integrada).<\/span><\/p>\n<div class=\"source-inline-chip-container ng-star-inserted\"><\/div>\n<\/li>\n<\/ul>\n<h3 data-path-to-node=\"6\">Percepci\u00f3n y navegaci\u00f3n (LIVOX LiDAR)<\/h3>\n<p data-path-to-node=\"7\">La inclusi\u00f3n de la <b data-path-to-node=\"7\" data-index-in-node=\"21\">Livox Mid-360<\/b> es la caracter\u00edstica distintiva de este modelo. A diferencia de las versiones b\u00e1sicas que dependen de c\u00e1maras de profundidad, esta versi\u00f3n ofrece:<\/p>\n<ul data-path-to-node=\"8\">\n<li>\n<p id=\"p-rc_26f592f09aa68653-73\" data-path-to-node=\"8,0,0\"><b data-path-to-node=\"8,0,0\" data-index-in-node=\"0\"><span class=\"citation-202\">Campo de visi\u00f3n de 360\u00b0 x 59\u00b0:<\/span><\/b><span class=\"citation-202 citation-end-202\"> Proporciona una visi\u00f3n esf\u00e9rica completa del entorno, eliminando los puntos ciegos para la navegaci\u00f3n.<\/span><\/p>\n<\/li>\n<li>\n<p id=\"p-rc_26f592f09aa68653-74\" data-path-to-node=\"8,1,0\"><b data-path-to-node=\"8,1,0\" data-index-in-node=\"0\">Autonom\u00eda avanzada:<\/b><span class=\"citation-201\"> Admite tiempo real <\/span><b data-path-to-node=\"8,1,0\" data-index-in-node=\"38\"><span class=\"citation-201\">SLAM 3D<\/span><\/b><span class=\"citation-201 citation-end-201\"> (Localizaci\u00f3n y mapeo simult\u00e1neos), planificaci\u00f3n aut\u00f3noma de rutas y evitaci\u00f3n de obst\u00e1culos en 3D.<\/span><\/p>\n<\/li>\n<li>\n<p id=\"p-rc_26f592f09aa68653-75\" data-path-to-node=\"8,2,0\"><b data-path-to-node=\"8,2,0\" data-index-in-node=\"0\">Detecci\u00f3n de precisi\u00f3n:<\/b><span class=\"citation-200\"> Detecta objetos tan cerca como <\/span><b data-path-to-node=\"8,2,0\" data-index-in-node=\"47\"><span class=\"citation-200\">10 cm<\/span><\/b><span class=\"citation-200 citation-end-200\"> y mantiene su precisi\u00f3n tanto en entornos completamente oscuros como bajo la luz solar intensa.<\/span><\/p>\n<p>&nbsp;<\/li>\n<\/ul>\n<h3 data-path-to-node=\"9\">Especificaciones t\u00e9cnicas<\/h3>\n<table data-path-to-node=\"10\">\n<thead>\n<tr>\n<td><strong>Caracter\u00edstica<\/strong><\/td>\n<td><strong>Especificaci\u00f3n<\/strong><\/td>\n<\/tr>\n<\/thead>\n<tbody>\n<tr>\n<td><span data-path-to-node=\"10,1,0,0\"><b data-path-to-node=\"10,1,0,0\" data-index-in-node=\"0\">Peso<\/b><\/span><\/td>\n<td><span data-path-to-node=\"10,1,1,0\">~13,5 kg (con bater\u00eda y LiDAR)<\/span><\/td>\n<\/tr>\n<tr>\n<td><span data-path-to-node=\"10,2,0,0\"><b data-path-to-node=\"10,2,0,0\" data-index-in-node=\"0\">Dimensiones<\/b><\/span><\/td>\n<td><span data-path-to-node=\"10,2,1,0\">610 \u00d7 370 \u00d7 496 mm (de pie)<\/span><\/td>\n<\/tr>\n<tr>\n<td><span data-path-to-node=\"10,3,0,0\"><b data-path-to-node=\"10,3,0,0\" data-index-in-node=\"0\">Resistencia<\/b><\/span><\/td>\n<td><span data-path-to-node=\"10,3,1,0\">1,5 \u2013 2 horas<\/span><\/td>\n<\/tr>\n<tr>\n<td><span data-path-to-node=\"10,4,0,0\"><b data-path-to-node=\"10,4,0,0\" data-index-in-node=\"0\">Capacidad de carga \u00fatil<\/b><\/span><\/td>\n<td><span data-path-to-node=\"10,4,1,0\">~2,5 kg (carga al caminar en configuraci\u00f3n LiDAR)<\/span><\/td>\n<\/tr>\n<tr>\n<td><span data-path-to-node=\"10,5,0,0\"><b data-path-to-node=\"10,5,0,0\" data-index-in-node=\"0\">Inform\u00e1tica a bordo<\/b><\/span><\/td>\n<td><span data-path-to-node=\"10,5,1,0\">Sistema de grado industrial con potencia de c\u00e1lculo triplicada en comparaci\u00f3n con Lite 2.<\/span><\/td>\n<\/tr>\n<tr>\n<td><span data-path-to-node=\"10,6,0,0\"><b data-path-to-node=\"10,6,0,0\" data-index-in-node=\"0\">Comunicaci\u00f3n<\/b><\/span><\/td>\n<td><span data-path-to-node=\"10,6,1,0\">USB 3.0, HDMI, Ethernet, Tipo-C<\/span><\/td>\n<\/tr>\n<tr>\n<td><span data-path-to-node=\"10,7,0,0\"><b data-path-to-node=\"10,7,0,0\" data-index-in-node=\"0\">Alimentaci\u00f3n externa<\/b><\/span><\/td>\n<td><span data-path-to-node=\"10,7,1,0\">Soporte para salida de 5V, 12V y 24V para sensores personalizados.<\/span><\/td>\n<\/tr>\n<\/tbody>\n<\/table>\n<h3 data-path-to-node=\"11\"><\/h3>\n<h3 data-path-to-node=\"11\">Enfoque en desarrolladores e industria<\/h3>\n<p id=\"p-rc_26f592f09aa68653-76\" data-path-to-node=\"12\"><span class=\"citation-199 citation-end-199\">La Lite 3 LIVOX est\u00e1 dise\u00f1ada para ser una plataforma &quot;de caja blanca&quot; para desarrolladores:<\/span><\/p>\n<ul data-path-to-node=\"13\">\n<li>\n<p id=\"p-rc_26f592f09aa68653-77\" data-path-to-node=\"13,0,0\"><b data-path-to-node=\"13,0,0\" data-index-in-node=\"0\">Soporte de c\u00f3digo abierto:<\/b><span class=\"citation-198\"> Totalmente compatible con <\/span><b data-path-to-node=\"13,0,0\" data-index-in-node=\"43\"><span class=\"citation-198\">ROS\/ROS2<\/span><\/b><span class=\"citation-198 citation-end-198\">, proporcionando modelos URDF, SDK de C++\/Python y API de alto nivel.<\/span><\/p>\n<\/li>\n<li>\n<p id=\"p-rc_26f592f09aa68653-78\" data-path-to-node=\"13,1,0\"><b data-path-to-node=\"13,1,0\" data-index-in-node=\"0\"><span class=\"citation-197\">Expansi\u00f3n modular:<\/span><\/b><span class=\"citation-197 citation-end-197\"> Si bien viene con LiDAR, conserva las interfaces modulares para agregar m\u00f3dulos 5G, RTK-GNSS para posicionamiento exterior con precisi\u00f3n centim\u00e9trica o procesadores de IA adicionales en el borde (como NVIDIA Jetson).<\/span><\/p>\n<\/li>\n<li>\n<p id=\"p-rc_26f592f09aa68653-79\" data-path-to-node=\"13,2,0\"><b data-path-to-node=\"13,2,0\" data-index-in-node=\"0\"><span class=\"citation-196\">Fiabilidad:<\/span><\/b><span class=\"citation-196 citation-end-196\"> Incorpora una unidad de medici\u00f3n inercial (IMU) de grado industrial y una frecuencia de control de 1 kHz para una locomoci\u00f3n ultraestable.<\/span><\/p>\n<\/li>\n<\/ul>","protected":false},"excerpt":{"rendered":"<p id=\"p-rc_47567ecd4b8fe183-201\" data-path-to-node=\"0\"><span class=\"citation-209\">El <\/span><b data-path-to-node=\"0\" data-index-in-node=\"4\"><span class=\"citation-209\">Deep Robotics Jueying Lite 3 (Edici\u00f3n LiDAR LIVOX)<\/span><\/b><span class=\"citation-209 citation-end-209\"> Es un robot cuadr\u00fapedo de tama\u00f1o mediano y de calidad profesional, dise\u00f1ado para investigaci\u00f3n avanzada, navegaci\u00f3n aut\u00f3noma e inspecci\u00f3n industrial.<\/span> <span class=\"citation-208\">Como variante insignia de la serie Lite 3, se distingue por integrar el <\/span><b data-path-to-node=\"0\" data-index-in-node=\"280\"><span class=\"citation-208\">Lidora Livox Mid-360<\/span><\/b><span class=\"citation-208 citation-end-208\">, transform\u00e1ndola de una plataforma controlada a distancia en una m\u00e1quina totalmente aut\u00f3noma y sensible al entorno.<\/span><\/p>","protected":false},"featured_media":25892,"comment_status":"open","ping_status":"closed","template":"","meta":[],"product_brand":[1443],"product_cat":[1444],"product_tag":[1446,1447,1445],"class_list":{"0":"post-25889","1":"product","2":"type-product","3":"status-publish","4":"has-post-thumbnail","6":"product_brand-deep-robotics","7":"product_cat-deep-robotics-quad-robots","8":"product_tag-deep-robotics","9":"product_tag-deep-robotics-quadruped-robots","10":"product_tag-quadruped-robots","12":"first","13":"onbackorder","14":"taxable","15":"shipping-taxable","16":"purchasable","17":"product-type-simple"},"yoast_head":"<!-- This site is optimized with the Yoast SEO plugin v27.4 - https:\/\/yoast.com\/product\/yoast-seo-wordpress\/ -->\n<title>Deep Robotics Jueying Lite 3 (LIVOX LiDAR Edition) - Ghostysky<\/title>\n<meta name=\"description\" content=\"The Deep Robotics Jueying Lite 3 (LIVOX LiDAR Edition) is a professional-grade, medium-sized quadruped robot designed for high-end research, autonomous navigation, and industrial inspection. As the flagship variant of the Lite 3 series, it distinguishes itself by integrating the Livox Mid-360 LiDAR, transforming it from a remote-controlled platform into a fully autonomous, environment-aware machine.\" \/>\n<meta name=\"robots\" content=\"index, follow, max-snippet:-1, max-image-preview:large, max-video-preview:-1\" \/>\n<link rel=\"canonical\" href=\"https:\/\/www.ghostysky.com\/es\/producto-2\/deep-robotics-jueying-lite-3-livox-lidar-edition\/\" \/>\n<meta property=\"og:locale\" content=\"es_ES\" \/>\n<meta property=\"og:type\" content=\"article\" \/>\n<meta property=\"og:title\" content=\"Deep Robotics Jueying Lite 3 (LIVOX LiDAR Edition) - Ghostysky\" \/>\n<meta property=\"og:description\" content=\"The Deep Robotics Jueying Lite 3 (LIVOX LiDAR Edition) is a professional-grade, medium-sized quadruped robot designed for high-end research, autonomous navigation, and industrial inspection. As the flagship variant of the Lite 3 series, it distinguishes itself by integrating the Livox Mid-360 LiDAR, transforming it from a remote-controlled platform into a fully autonomous, environment-aware machine.\" \/>\n<meta property=\"og:url\" content=\"https:\/\/www.ghostysky.com\/es\/producto-2\/deep-robotics-jueying-lite-3-livox-lidar-edition\/\" \/>\n<meta property=\"og:site_name\" content=\"Ghostysky\" \/>\n<meta property=\"article:publisher\" content=\"https:\/\/www.facebook.com\/people\/Ghostysky\/100057676170234\/\" \/>\n<meta property=\"article:modified_time\" content=\"2026-04-26T09:06:31+00:00\" \/>\n<meta property=\"og:image\" content=\"https:\/\/www.ghostysky.com\/wp-content\/uploads\/2026\/04\/GH_Jueying-Lite-3-LIVOX-LiDAR_1-scaled.webp\" \/>\n\t<meta property=\"og:image:width\" content=\"2560\" \/>\n\t<meta property=\"og:image:height\" content=\"1919\" \/>\n\t<meta property=\"og:image:type\" content=\"image\/webp\" \/>\n<meta name=\"twitter:card\" content=\"summary_large_image\" \/>\n<meta name=\"twitter:site\" content=\"@Gh0stysky\" \/>\n<meta name=\"twitter:label1\" content=\"Tiempo de lectura\" \/>\n\t<meta name=\"twitter:data1\" content=\"2 minutos\" \/>\n<script type=\"application\/ld+json\" class=\"yoast-schema-graph\">{\"@context\":\"https:\\\/\\\/schema.org\",\"@graph\":[{\"@type\":\"WebPage\",\"@id\":\"https:\\\/\\\/www.ghostysky.com\\\/product\\\/deep-robotics-jueying-lite-3-livox-lidar-edition\\\/\",\"url\":\"https:\\\/\\\/www.ghostysky.com\\\/product\\\/deep-robotics-jueying-lite-3-livox-lidar-edition\\\/\",\"name\":\"Deep Robotics Jueying Lite 3 (LIVOX LiDAR Edition) - Ghostysky\",\"isPartOf\":{\"@id\":\"https:\\\/\\\/www.ghostysky.com\\\/#website\"},\"primaryImageOfPage\":{\"@id\":\"https:\\\/\\\/www.ghostysky.com\\\/product\\\/deep-robotics-jueying-lite-3-livox-lidar-edition\\\/#primaryimage\"},\"image\":{\"@id\":\"https:\\\/\\\/www.ghostysky.com\\\/product\\\/deep-robotics-jueying-lite-3-livox-lidar-edition\\\/#primaryimage\"},\"thumbnailUrl\":\"https:\\\/\\\/www.ghostysky.com\\\/wp-content\\\/uploads\\\/2026\\\/04\\\/GH_Jueying-Lite-3-LIVOX-LiDAR_1-scaled.webp\",\"datePublished\":\"2026-04-26T09:04:52+00:00\",\"dateModified\":\"2026-04-26T09:06:31+00:00\",\"description\":\"The Deep Robotics Jueying Lite 3 (LIVOX LiDAR Edition) is a professional-grade, medium-sized quadruped robot designed for high-end research, autonomous navigation, and industrial inspection. As the flagship variant of the Lite 3 series, it distinguishes itself by integrating the Livox Mid-360 LiDAR, transforming it from a remote-controlled platform into a fully autonomous, environment-aware machine.\",\"breadcrumb\":{\"@id\":\"https:\\\/\\\/www.ghostysky.com\\\/product\\\/deep-robotics-jueying-lite-3-livox-lidar-edition\\\/#breadcrumb\"},\"inLanguage\":\"es\",\"potentialAction\":[{\"@type\":\"ReadAction\",\"target\":[\"https:\\\/\\\/www.ghostysky.com\\\/product\\\/deep-robotics-jueying-lite-3-livox-lidar-edition\\\/\"]}]},{\"@type\":\"ImageObject\",\"inLanguage\":\"es\",\"@id\":\"https:\\\/\\\/www.ghostysky.com\\\/product\\\/deep-robotics-jueying-lite-3-livox-lidar-edition\\\/#primaryimage\",\"url\":\"https:\\\/\\\/www.ghostysky.com\\\/wp-content\\\/uploads\\\/2026\\\/04\\\/GH_Jueying-Lite-3-LIVOX-LiDAR_1-scaled.webp\",\"contentUrl\":\"https:\\\/\\\/www.ghostysky.com\\\/wp-content\\\/uploads\\\/2026\\\/04\\\/GH_Jueying-Lite-3-LIVOX-LiDAR_1-scaled.webp\",\"width\":2560,\"height\":1919},{\"@type\":\"BreadcrumbList\",\"@id\":\"https:\\\/\\\/www.ghostysky.com\\\/product\\\/deep-robotics-jueying-lite-3-livox-lidar-edition\\\/#breadcrumb\",\"itemListElement\":[{\"@type\":\"ListItem\",\"position\":1,\"name\":\"Home\",\"item\":\"https:\\\/\\\/www.ghostysky.com\\\/\"},{\"@type\":\"ListItem\",\"position\":2,\"name\":\"Shop\",\"item\":\"https:\\\/\\\/www.ghostysky.com\\\/shop\\\/\"},{\"@type\":\"ListItem\",\"position\":3,\"name\":\"Deep Robotics Jueying Lite 3 (LIVOX LiDAR Edition)\"}]},{\"@type\":\"WebSite\",\"@id\":\"https:\\\/\\\/www.ghostysky.com\\\/#website\",\"url\":\"https:\\\/\\\/www.ghostysky.com\\\/\",\"name\":\"Ghostysky\",\"description\":\"Delivering professional drones and robotics solutions\",\"publisher\":{\"@id\":\"https:\\\/\\\/www.ghostysky.com\\\/#organization\"},\"potentialAction\":[{\"@type\":\"SearchAction\",\"target\":{\"@type\":\"EntryPoint\",\"urlTemplate\":\"https:\\\/\\\/www.ghostysky.com\\\/?s={search_term_string}\"},\"query-input\":{\"@type\":\"PropertyValueSpecification\",\"valueRequired\":true,\"valueName\":\"search_term_string\"}}],\"inLanguage\":\"es\"},{\"@type\":\"Organization\",\"@id\":\"https:\\\/\\\/www.ghostysky.com\\\/#organization\",\"name\":\"Ghostysky\",\"url\":\"https:\\\/\\\/www.ghostysky.com\\\/\",\"logo\":{\"@type\":\"ImageObject\",\"inLanguage\":\"es\",\"@id\":\"https:\\\/\\\/www.ghostysky.com\\\/#\\\/schema\\\/logo\\\/image\\\/\",\"url\":\"https:\\\/\\\/www.ghostysky.com\\\/wp-content\\\/uploads\\\/2020\\\/06\\\/cropped-ghostyskylogo_text_white2.png\",\"contentUrl\":\"https:\\\/\\\/www.ghostysky.com\\\/wp-content\\\/uploads\\\/2020\\\/06\\\/cropped-ghostyskylogo_text_white2.png\",\"width\":169,\"height\":56,\"caption\":\"Ghostysky\"},\"image\":{\"@id\":\"https:\\\/\\\/www.ghostysky.com\\\/#\\\/schema\\\/logo\\\/image\\\/\"},\"sameAs\":[\"https:\\\/\\\/www.facebook.com\\\/people\\\/Ghostysky\\\/100057676170234\\\/\",\"https:\\\/\\\/x.com\\\/Gh0stysky\",\"https:\\\/\\\/www.linkedin.com\\\/company\\\/34739653\",\"https:\\\/\\\/www.instagram.com\\\/gh0stysky\"]}]}<\/script>\n<!-- \/ Yoast SEO plugin. -->","yoast_head_json":{"title":"Deep Robotics Jueying Lite 3 (Edici\u00f3n LiDAR LIVOX) - Ghostysky","description":"El Deep Robotics Jueying Lite 3 (Edici\u00f3n LIVOX LiDAR) es un robot cuadr\u00fapedo de tama\u00f1o mediano y calidad profesional, dise\u00f1ado para investigaci\u00f3n avanzada, navegaci\u00f3n aut\u00f3noma e inspecci\u00f3n industrial. Como modelo insignia de la serie Lite 3, se distingue por integrar el sistema LiDAR Livox Mid-360, transform\u00e1ndolo de una plataforma de control remoto en una m\u00e1quina totalmente aut\u00f3noma y con capacidad de interacci\u00f3n con el entorno.","robots":{"index":"index","follow":"follow","max-snippet":"max-snippet:-1","max-image-preview":"max-image-preview:large","max-video-preview":"max-video-preview:-1"},"canonical":"https:\/\/www.ghostysky.com\/es\/producto-2\/deep-robotics-jueying-lite-3-livox-lidar-edition\/","og_locale":"es_ES","og_type":"article","og_title":"Deep Robotics Jueying Lite 3 (LIVOX LiDAR Edition) - Ghostysky","og_description":"The Deep Robotics Jueying Lite 3 (LIVOX LiDAR Edition) is a professional-grade, medium-sized quadruped robot designed for high-end research, autonomous navigation, and industrial inspection. As the flagship variant of the Lite 3 series, it distinguishes itself by integrating the Livox Mid-360 LiDAR, transforming it from a remote-controlled platform into a fully autonomous, environment-aware machine.","og_url":"https:\/\/www.ghostysky.com\/es\/producto-2\/deep-robotics-jueying-lite-3-livox-lidar-edition\/","og_site_name":"Ghostysky","article_publisher":"https:\/\/www.facebook.com\/people\/Ghostysky\/100057676170234\/","article_modified_time":"2026-04-26T09:06:31+00:00","og_image":[{"width":2560,"height":1919,"url":"https:\/\/www.ghostysky.com\/wp-content\/uploads\/2026\/04\/GH_Jueying-Lite-3-LIVOX-LiDAR_1-scaled.webp","type":"image\/webp"}],"twitter_card":"summary_large_image","twitter_site":"@Gh0stysky","twitter_misc":{"Tiempo de lectura":"2 minutos"},"schema":{"@context":"https:\/\/schema.org","@graph":[{"@type":"WebPage","@id":"https:\/\/www.ghostysky.com\/product\/deep-robotics-jueying-lite-3-livox-lidar-edition\/","url":"https:\/\/www.ghostysky.com\/product\/deep-robotics-jueying-lite-3-livox-lidar-edition\/","name":"Deep Robotics Jueying Lite 3 (Edici\u00f3n LiDAR LIVOX) - Ghostysky","isPartOf":{"@id":"https:\/\/www.ghostysky.com\/#website"},"primaryImageOfPage":{"@id":"https:\/\/www.ghostysky.com\/product\/deep-robotics-jueying-lite-3-livox-lidar-edition\/#primaryimage"},"image":{"@id":"https:\/\/www.ghostysky.com\/product\/deep-robotics-jueying-lite-3-livox-lidar-edition\/#primaryimage"},"thumbnailUrl":"https:\/\/www.ghostysky.com\/wp-content\/uploads\/2026\/04\/GH_Jueying-Lite-3-LIVOX-LiDAR_1-scaled.webp","datePublished":"2026-04-26T09:04:52+00:00","dateModified":"2026-04-26T09:06:31+00:00","description":"El Deep Robotics Jueying Lite 3 (Edici\u00f3n LIVOX LiDAR) es un robot cuadr\u00fapedo de tama\u00f1o mediano y calidad profesional, dise\u00f1ado para investigaci\u00f3n avanzada, navegaci\u00f3n aut\u00f3noma e inspecci\u00f3n industrial. Como modelo insignia de la serie Lite 3, se distingue por integrar el sistema LiDAR Livox Mid-360, transform\u00e1ndolo de una plataforma de control remoto en una m\u00e1quina totalmente aut\u00f3noma y con capacidad de interacci\u00f3n con el entorno.","breadcrumb":{"@id":"https:\/\/www.ghostysky.com\/product\/deep-robotics-jueying-lite-3-livox-lidar-edition\/#breadcrumb"},"inLanguage":"es","potentialAction":[{"@type":"ReadAction","target":["https:\/\/www.ghostysky.com\/product\/deep-robotics-jueying-lite-3-livox-lidar-edition\/"]}]},{"@type":"ImageObject","inLanguage":"es","@id":"https:\/\/www.ghostysky.com\/product\/deep-robotics-jueying-lite-3-livox-lidar-edition\/#primaryimage","url":"https:\/\/www.ghostysky.com\/wp-content\/uploads\/2026\/04\/GH_Jueying-Lite-3-LIVOX-LiDAR_1-scaled.webp","contentUrl":"https:\/\/www.ghostysky.com\/wp-content\/uploads\/2026\/04\/GH_Jueying-Lite-3-LIVOX-LiDAR_1-scaled.webp","width":2560,"height":1919},{"@type":"BreadcrumbList","@id":"https:\/\/www.ghostysky.com\/product\/deep-robotics-jueying-lite-3-livox-lidar-edition\/#breadcrumb","itemListElement":[{"@type":"ListItem","position":1,"name":"Home","item":"https:\/\/www.ghostysky.com\/"},{"@type":"ListItem","position":2,"name":"Shop","item":"https:\/\/www.ghostysky.com\/shop\/"},{"@type":"ListItem","position":3,"name":"Deep Robotics Jueying Lite 3 (LIVOX LiDAR Edition)"}]},{"@type":"WebSite","@id":"https:\/\/www.ghostysky.com\/#website","url":"https:\/\/www.ghostysky.com\/","name":"Ghostysky","description":"Ofrecemos soluciones profesionales de drones y rob\u00f3tica.","publisher":{"@id":"https:\/\/www.ghostysky.com\/#organization"},"potentialAction":[{"@type":"SearchAction","target":{"@type":"EntryPoint","urlTemplate":"https:\/\/www.ghostysky.com\/?s={search_term_string}"},"query-input":{"@type":"PropertyValueSpecification","valueRequired":true,"valueName":"search_term_string"}}],"inLanguage":"es"},{"@type":"Organization","@id":"https:\/\/www.ghostysky.com\/#organization","name":"Ghostysky","url":"https:\/\/www.ghostysky.com\/","logo":{"@type":"ImageObject","inLanguage":"es","@id":"https:\/\/www.ghostysky.com\/#\/schema\/logo\/image\/","url":"https:\/\/www.ghostysky.com\/wp-content\/uploads\/2020\/06\/cropped-ghostyskylogo_text_white2.png","contentUrl":"https:\/\/www.ghostysky.com\/wp-content\/uploads\/2020\/06\/cropped-ghostyskylogo_text_white2.png","width":169,"height":56,"caption":"Ghostysky"},"image":{"@id":"https:\/\/www.ghostysky.com\/#\/schema\/logo\/image\/"},"sameAs":["https:\/\/www.facebook.com\/people\/Ghostysky\/100057676170234\/","https:\/\/x.com\/Gh0stysky","https:\/\/www.linkedin.com\/company\/34739653","https:\/\/www.instagram.com\/gh0stysky"]}]}},"_links":{"self":[{"href":"https:\/\/www.ghostysky.com\/es\/wp-json\/wp\/v2\/product\/25889","targetHints":{"allow":["GET"]}}],"collection":[{"href":"https:\/\/www.ghostysky.com\/es\/wp-json\/wp\/v2\/product"}],"about":[{"href":"https:\/\/www.ghostysky.com\/es\/wp-json\/wp\/v2\/types\/product"}],"replies":[{"embeddable":true,"href":"https:\/\/www.ghostysky.com\/es\/wp-json\/wp\/v2\/comments?post=25889"}],"version-history":[{"count":1,"href":"https:\/\/www.ghostysky.com\/es\/wp-json\/wp\/v2\/product\/25889\/revisions"}],"predecessor-version":[{"id":25893,"href":"https:\/\/www.ghostysky.com\/es\/wp-json\/wp\/v2\/product\/25889\/revisions\/25893"}],"wp:featuredmedia":[{"embeddable":true,"href":"https:\/\/www.ghostysky.com\/es\/wp-json\/wp\/v2\/media\/25892"}],"wp:attachment":[{"href":"https:\/\/www.ghostysky.com\/es\/wp-json\/wp\/v2\/media?parent=25889"}],"wp:term":[{"taxonomy":"product_brand","embeddable":true,"href":"https:\/\/www.ghostysky.com\/es\/wp-json\/wp\/v2\/product_brand?post=25889"},{"taxonomy":"product_cat","embeddable":true,"href":"https:\/\/www.ghostysky.com\/es\/wp-json\/wp\/v2\/product_cat?post=25889"},{"taxonomy":"product_tag","embeddable":true,"href":"https:\/\/www.ghostysky.com\/es\/wp-json\/wp\/v2\/product_tag?post=25889"}],"curies":[{"name":"wp","href":"https:\/\/api.w.org\/{rel}","templated":true}]}}