{"id":25925,"date":"2026-04-28T11:35:52","date_gmt":"2026-04-28T11:35:52","guid":{"rendered":"https:\/\/www.ghostysky.com\/?post_type=product&#038;p=25925"},"modified":"2026-04-28T11:51:45","modified_gmt":"2026-04-28T11:51:45","slug":"agibot-omnipicker","status":"publish","type":"product","link":"https:\/\/www.ghostysky.com\/es\/product\/agibot-omnipicker\/","title":{"rendered":"AgiBot OmniPicker"},"content":{"rendered":"<h3 data-path-to-node=\"3\"><b data-path-to-node=\"3\" data-index-in-node=\"0\">Especificaciones clave (OmniPicker 3)<\/b><\/h3>\n<table data-path-to-node=\"4\">\n<thead>\n<tr>\n<td><strong>Caracter\u00edstica<\/strong><\/td>\n<td><strong>Especificaci\u00f3n<\/strong><\/td>\n<\/tr>\n<\/thead>\n<tbody>\n<tr>\n<td><span data-path-to-node=\"4,1,0,0\"><b data-path-to-node=\"4,1,0,0\" data-index-in-node=\"0\">Fuerza de agarre m\u00e1xima<\/b><\/span><\/td>\n<td><span data-path-to-node=\"4,1,1,0\">140 N (Newtons)<\/span><\/td>\n<\/tr>\n<tr>\n<td><span data-path-to-node=\"4,2,0,0\"><b data-path-to-node=\"4,2,0,0\" data-index-in-node=\"0\">Durabilidad nominal<\/b><\/span><\/td>\n<td><span data-path-to-node=\"4,2,1,0\">1.000.000 de ciclos<\/span><\/td>\n<\/tr>\n<tr>\n<td><span data-path-to-node=\"4,3,0,0\"><b data-path-to-node=\"4,3,0,0\" data-index-in-node=\"0\">Capacidades de detecci\u00f3n<\/b><\/span><\/td>\n<td><span data-path-to-node=\"4,3,1,0\">Sensor t\u00e1ctil 3D modular<\/span><\/td>\n<\/tr>\n<tr>\n<td><span data-path-to-node=\"4,4,0,0\"><b data-path-to-node=\"4,4,0,0\" data-index-in-node=\"0\">Capacidad de carga \u00fatil<\/b><\/span><\/td>\n<td><span data-path-to-node=\"4,4,1,0\">Optimizado para sistemas industriales de recogida y colocaci\u00f3n.<\/span><\/td>\n<\/tr>\n<tr>\n<td><span data-path-to-node=\"4,5,0,0\"><b data-path-to-node=\"4,5,0,0\" data-index-in-node=\"0\">Comunicaci\u00f3n<\/b><\/span><\/td>\n<td><span data-path-to-node=\"4,5,1,0\">CAN, CAN-FD, RS485, Modbus RTU<\/span><\/td>\n<\/tr>\n<tr>\n<td><span data-path-to-node=\"4,6,0,0\"><b data-path-to-node=\"4,6,0,0\" data-index-in-node=\"0\">Peso<\/b><\/span><\/td>\n<td><span data-path-to-node=\"4,6,1,0\">~430 g (modelo est\u00e1ndar)<\/span><\/td>\n<\/tr>\n<\/tbody>\n<\/table>\n<p>&nbsp;<\/p>\n<p>&nbsp;<\/p>\n<h3 data-path-to-node=\"6\"><b data-path-to-node=\"6\" data-index-in-node=\"0\">Caracter\u00edsticas principales<\/b><\/h3>\n<h3 data-path-to-node=\"7\"><b data-path-to-node=\"7\" data-index-in-node=\"0\">1. <span class=\"citation-28\">Dise\u00f1o adaptativo de \u201cun grado\u201d<\/span><\/b><\/h3>\n<p id=\"p-rc_4826c2508b9e2cc7-21\" data-path-to-node=\"8\"><span class=\"citation-27\">El OmniPicker utiliza un sofisticado dise\u00f1o mec\u00e1nico que le permite adaptarse a diversas formas de objetos (cilindros, cajas o piezas irregulares) utilizando \u00fanicamente <\/span><b data-path-to-node=\"8\" data-index-in-node=\"153\"><span class=\"citation-27\">un grado de libertad (DoF) activo<\/span><\/b><span class=\"citation-27 citation-end-27\">.<\/span> Esto reduce la complejidad del control a la vez que mantiene una gran versatilidad.<\/p>\n<h3 data-path-to-node=\"9\"><b data-path-to-node=\"9\" data-index-in-node=\"0\">2. Durabilidad de grado industrial<\/b><\/h3>\n<p id=\"p-rc_4826c2508b9e2cc7-22\" data-path-to-node=\"10\"><span class=\"citation-26\">Dise\u00f1ado para soportar las exigencias de las l\u00edneas de producci\u00f3n 24\/7, el OmniPicker 3 tiene una capacidad nominal de m\u00e1s de <\/span><b data-path-to-node=\"10\" data-index-in-node=\"85\"><span class=\"citation-26\">un mill\u00f3n de ciclos<\/span><\/b><span class=\"citation-26 citation-end-26\">.<\/span> <span class=\"citation-25 citation-end-25\">Est\u00e1 dise\u00f1ado para soportar entornos donde el uso repetitivo y de alta frecuencia desgastar\u00eda una mano diestra normal.<\/span><\/p>\n<h3 data-path-to-node=\"11\"><b data-path-to-node=\"11\" data-index-in-node=\"0\">3. Inteligencia t\u00e1ctil modular<\/b><\/h3>\n<p id=\"p-rc_4826c2508b9e2cc7-23\" data-path-to-node=\"12\"><span class=\"citation-24\">Una de sus caracter\u00edsticas m\u00e1s destacadas es la <\/span><b data-path-to-node=\"12\" data-index-in-node=\"36\"><span class=\"citation-24\">Sensor t\u00e1ctil modular<\/span><\/b><span class=\"citation-24 citation-end-24\">.<\/span> La pinza puede equiparse con diferentes m\u00f3dulos t\u00e1ctiles seg\u00fan el material que se est\u00e9 manipulando:<\/p>\n<ul data-path-to-node=\"13\">\n<li>\n<p id=\"p-rc_4826c2508b9e2cc7-24\" data-path-to-node=\"13,0,0\"><b data-path-to-node=\"13,0,0\" data-index-in-node=\"0\"><span class=\"citation-23\">Pastillas de alta fricci\u00f3n<\/span><\/b><span class=\"citation-23 citation-end-23\"> para objetos lisos y resbaladizos.<\/span><\/p>\n<\/li>\n<li>\n<p id=\"p-rc_4826c2508b9e2cc7-25\" data-path-to-node=\"13,1,0\"><b data-path-to-node=\"13,1,0\" data-index-in-node=\"0\"><span class=\"citation-22\">Almohadillas suaves de cumplimiento<\/span><\/b><span class=\"citation-22 citation-end-22\"> para art\u00edculos fr\u00e1giles o delicados.<\/span><\/p>\n<\/li>\n<li>\n<p id=\"p-rc_4826c2508b9e2cc7-26\" data-path-to-node=\"13,2,0\"><b data-path-to-node=\"13,2,0\" data-index-in-node=\"0\"><span class=\"citation-21\">almohadillas est\u00e1ndar<\/span><\/b><span class=\"citation-21 citation-end-21\"> para log\u00edstica de uso general.<\/span><\/p>\n<\/li>\n<\/ul>\n<h3 data-path-to-node=\"14\"><b data-path-to-node=\"14\" data-index-in-node=\"0\">4. Control inteligente de la fuerza<\/b><\/h3>\n<p id=\"p-rc_4826c2508b9e2cc7-27\" data-path-to-node=\"15\"><span class=\"citation-20\">El soporte de agarre <\/span><b data-path-to-node=\"15\" data-index-in-node=\"21\"><span class=\"citation-20\">control de fuerza activa<\/span><\/b><span class=\"citation-20\"> y <\/span><b data-path-to-node=\"15\" data-index-in-node=\"46\"><span class=\"citation-20\">mecanismos de autobloqueo<\/span><\/b><span class=\"citation-20 citation-end-20\">.<\/span> Puede ajustar su fuerza de agarre en tiempo real para evitar aplastar objetos delicados, al tiempo que garantiza una sujeci\u00f3n segura de componentes industriales m\u00e1s pesados.<\/p>\n<div class=\"source-inline-chip-container ng-star-inserted\"><\/div>\n<p>&nbsp;<\/p>\n<h3 data-path-to-node=\"17\"><b data-path-to-node=\"17\" data-index-in-node=\"0\">Casos de uso principales<\/b><\/h3>\n<ul data-path-to-node=\"18\">\n<li>\n<p id=\"p-rc_4826c2508b9e2cc7-28\" data-path-to-node=\"18,0,0\"><b data-path-to-node=\"18,0,0\" data-index-in-node=\"0\">Log\u00edstica y clasificaci\u00f3n:<\/b><span class=\"citation-19 citation-end-19\"> Paquetes y art\u00edculos de diversas formas que se mueven r\u00e1pidamente.<\/span><\/p>\n<\/li>\n<li>\n<p id=\"p-rc_4826c2508b9e2cc7-29\" data-path-to-node=\"18,1,0\"><b data-path-to-node=\"18,1,0\" data-index-in-node=\"0\">Ensamblaje industrial:<\/b><span class=\"citation-18 citation-end-18\"> Manipular componentes pesados que requieren m\u00e1s fuerza de la que puede proporcionar una mano humana.<\/span><\/p>\n<\/li>\n<li>\n<p id=\"p-rc_4826c2508b9e2cc7-30\" data-path-to-node=\"18,2,0\"><b data-path-to-node=\"18,2,0\" data-index-in-node=\"0\">Manejo de m\u00e1quinas:<\/b><span class=\"citation-17 citation-end-17\"> Carga y descarga de piezas en m\u00e1quinas CNC o prensas.<\/span><\/p>\n<\/li>\n<li>\n<p data-path-to-node=\"18,3,0\"><b data-path-to-node=\"18,3,0\" data-index-in-node=\"0\">Investigaci\u00f3n y desarrollo:<\/b> Sirve como efector final robusto y rentable para el entrenamiento de IA incorporada (compatible con las plataformas AgiBot X2 y G2).<\/p>\n<\/li>\n<\/ul>\n<blockquote data-path-to-node=\"19\">\n<p id=\"p-rc_4826c2508b9e2cc7-31\" data-path-to-node=\"19,0\"><b data-path-to-node=\"19,0\" data-index-in-node=\"0\"><span class=\"citation-16\">Filosof\u00eda de AgiBot:<\/span><\/b><span class=\"citation-16\"> Mientras que el <\/span><i data-path-to-node=\"19,0\" data-index-in-node=\"31\"><span class=\"citation-16\">OmniHand<\/span><\/i><span class=\"citation-16\"> est\u00e1 dise\u00f1ado para imitar la destreza humana, el <\/span><i data-path-to-node=\"19,0\" data-index-in-node=\"79\"><span class=\"citation-16\">OmniPicker<\/span><\/i><span class=\"citation-16 citation-end-16\"> Est\u00e1 dise\u00f1ado para superar la resistencia y la fuerza de agarre humanas en entornos industriales estructurados.<\/span><\/p>\n<\/blockquote>","protected":false},"excerpt":{"rendered":"<p data-path-to-node=\"0\"><span class=\"citation-31\">El <\/span><b data-path-to-node=\"0\" data-index-in-node=\"4\"><span class=\"citation-31\">AgiBot OmniPicker<\/span><\/b><span class=\"citation-31 citation-end-31\"> Es una pinza rob\u00f3tica adaptativa especializada de grado industrial, dise\u00f1ada para tareas que requieren alta fuerza y gran durabilidad.<\/span> <span class=\"citation-30 citation-end-30\">A diferencia de la serie &quot;OmniHand&quot;, m\u00e1s compleja y con cinco dedos, el OmniPicker se centra en la durabilidad mec\u00e1nica y la potencia de agarre, lo que lo convierte en el efector final &quot;caballo de batalla&quot; para las plataformas de robots humanoides y colaborativos de AgiBot.<\/span><\/p>\n<p id=\"p-rc_4826c2508b9e2cc7-20\" data-path-to-node=\"1\"><span class=\"citation-29\">A principios de 2026, la serie ha evolucionado hasta convertirse en <\/span><b data-path-to-node=\"1\" data-index-in-node=\"50\"><span class=\"citation-29\">OmniPicker 3<\/span><\/b><span class=\"citation-29 citation-end-29\">, que constituye un componente fundamental de la estrategia de AgiBot para el &quot;Primer A\u00f1o de Implementaci\u00f3n&quot; en el \u00e1mbito de la automatizaci\u00f3n industrial.<\/span><\/p>","protected":false},"featured_media":25926,"comment_status":"open","ping_status":"closed","template":"","meta":[],"product_brand":[1345],"product_cat":[1342,1344,1038,1037],"product_tag":[1346,1353],"class_list":{"0":"post-25925","1":"product","2":"type-product","3":"status-publish","4":"has-post-thumbnail","6":"product_brand-agibot","7":"product_cat-agibot","8":"product_cat-agibot-accessories","9":"product_cat-humanoid","10":"product_cat-robotics","11":"product_tag-agibot","12":"product_tag-agibot-accessories","14":"first","15":"outofstock","16":"taxable","17":"shipping-taxable","18":"product-type-simple"},"yoast_head":"<!-- This site is optimized with the Yoast SEO plugin v27.4 - https:\/\/yoast.com\/product\/yoast-seo-wordpress\/ -->\n<title>AgiBot OmniPicker - Ghostysky<\/title>\n<meta name=\"description\" content=\"The AgiBot OmniPicker is a specialized, industrial-grade adaptive robotic gripper designed for high-force and high-durability tasks. Unlike the more complex, five-fingered &quot;OmniHand&quot; series, the OmniPicker focuses on mechanical longevity and gripping power, making it the &quot;workhorse&quot; end-effector for AgiBot\u2019s humanoid and collaborative robot platforms.As of early 2026, the series has evolved into the OmniPicker 3, which serves as a core component of AgiBot&#039;s &quot;Deployment Year One&quot; strategy for industrial automation.\" \/>\n<meta name=\"robots\" content=\"index, follow, max-snippet:-1, max-image-preview:large, max-video-preview:-1\" \/>\n<link rel=\"canonical\" href=\"https:\/\/www.ghostysky.com\/es\/producto-2\/agibot-omnipicker\/\" \/>\n<meta property=\"og:locale\" content=\"es_ES\" \/>\n<meta property=\"og:type\" content=\"article\" \/>\n<meta property=\"og:title\" content=\"AgiBot OmniPicker - Ghostysky\" \/>\n<meta property=\"og:description\" content=\"The AgiBot OmniPicker is a specialized, industrial-grade adaptive robotic gripper designed for high-force and high-durability tasks. Unlike the more complex, five-fingered &quot;OmniHand&quot; series, the OmniPicker focuses on mechanical longevity and gripping power, making it the &quot;workhorse&quot; end-effector for AgiBot\u2019s humanoid and collaborative robot platforms.As of early 2026, the series has evolved into the OmniPicker 3, which serves as a core component of AgiBot&#039;s &quot;Deployment Year One&quot; strategy for industrial automation.\" \/>\n<meta property=\"og:url\" content=\"https:\/\/www.ghostysky.com\/es\/producto-2\/agibot-omnipicker\/\" \/>\n<meta property=\"og:site_name\" content=\"Ghostysky\" \/>\n<meta property=\"article:publisher\" content=\"https:\/\/www.facebook.com\/people\/Ghostysky\/100057676170234\/\" \/>\n<meta property=\"article:modified_time\" content=\"2026-04-28T11:51:45+00:00\" \/>\n<meta property=\"og:image\" content=\"https:\/\/www.ghostysky.com\/wp-content\/uploads\/2026\/04\/GH_Agibot_Omnipicker_1.webp\" \/>\n\t<meta property=\"og:image:width\" content=\"700\" \/>\n\t<meta property=\"og:image:height\" content=\"700\" \/>\n\t<meta property=\"og:image:type\" content=\"image\/webp\" \/>\n<meta name=\"twitter:card\" content=\"summary_large_image\" \/>\n<meta name=\"twitter:site\" content=\"@Gh0stysky\" \/>\n<meta name=\"twitter:label1\" content=\"Tiempo de lectura\" \/>\n\t<meta name=\"twitter:data1\" content=\"2 minutos\" \/>\n<script type=\"application\/ld+json\" class=\"yoast-schema-graph\">{\"@context\":\"https:\\\/\\\/schema.org\",\"@graph\":[{\"@type\":\"WebPage\",\"@id\":\"https:\\\/\\\/www.ghostysky.com\\\/product\\\/agibot-omnipicker\\\/\",\"url\":\"https:\\\/\\\/www.ghostysky.com\\\/product\\\/agibot-omnipicker\\\/\",\"name\":\"AgiBot OmniPicker - Ghostysky\",\"isPartOf\":{\"@id\":\"https:\\\/\\\/www.ghostysky.com\\\/#website\"},\"primaryImageOfPage\":{\"@id\":\"https:\\\/\\\/www.ghostysky.com\\\/product\\\/agibot-omnipicker\\\/#primaryimage\"},\"image\":{\"@id\":\"https:\\\/\\\/www.ghostysky.com\\\/product\\\/agibot-omnipicker\\\/#primaryimage\"},\"thumbnailUrl\":\"https:\\\/\\\/www.ghostysky.com\\\/wp-content\\\/uploads\\\/2026\\\/04\\\/GH_Agibot_Omnipicker_1.webp\",\"datePublished\":\"2026-04-28T11:35:52+00:00\",\"dateModified\":\"2026-04-28T11:51:45+00:00\",\"description\":\"The AgiBot OmniPicker is a specialized, industrial-grade adaptive robotic gripper designed for high-force and high-durability tasks. Unlike the more complex, five-fingered \\\"OmniHand\\\" series, the OmniPicker focuses on mechanical longevity and gripping power, making it the \\\"workhorse\\\" end-effector for AgiBot\u2019s humanoid and collaborative robot platforms.As of early 2026, the series has evolved into the OmniPicker 3, which serves as a core component of AgiBot's \\\"Deployment Year One\\\" strategy for industrial automation.\",\"breadcrumb\":{\"@id\":\"https:\\\/\\\/www.ghostysky.com\\\/product\\\/agibot-omnipicker\\\/#breadcrumb\"},\"inLanguage\":\"es\",\"potentialAction\":[{\"@type\":\"ReadAction\",\"target\":[\"https:\\\/\\\/www.ghostysky.com\\\/product\\\/agibot-omnipicker\\\/\"]}]},{\"@type\":\"ImageObject\",\"inLanguage\":\"es\",\"@id\":\"https:\\\/\\\/www.ghostysky.com\\\/product\\\/agibot-omnipicker\\\/#primaryimage\",\"url\":\"https:\\\/\\\/www.ghostysky.com\\\/wp-content\\\/uploads\\\/2026\\\/04\\\/GH_Agibot_Omnipicker_1.webp\",\"contentUrl\":\"https:\\\/\\\/www.ghostysky.com\\\/wp-content\\\/uploads\\\/2026\\\/04\\\/GH_Agibot_Omnipicker_1.webp\",\"width\":700,\"height\":700},{\"@type\":\"BreadcrumbList\",\"@id\":\"https:\\\/\\\/www.ghostysky.com\\\/product\\\/agibot-omnipicker\\\/#breadcrumb\",\"itemListElement\":[{\"@type\":\"ListItem\",\"position\":1,\"name\":\"Home\",\"item\":\"https:\\\/\\\/www.ghostysky.com\\\/\"},{\"@type\":\"ListItem\",\"position\":2,\"name\":\"Shop\",\"item\":\"https:\\\/\\\/www.ghostysky.com\\\/shop\\\/\"},{\"@type\":\"ListItem\",\"position\":3,\"name\":\"AgiBot OmniPicker\"}]},{\"@type\":\"WebSite\",\"@id\":\"https:\\\/\\\/www.ghostysky.com\\\/#website\",\"url\":\"https:\\\/\\\/www.ghostysky.com\\\/\",\"name\":\"Ghostysky\",\"description\":\"Delivering professional drones and robotics solutions\",\"publisher\":{\"@id\":\"https:\\\/\\\/www.ghostysky.com\\\/#organization\"},\"potentialAction\":[{\"@type\":\"SearchAction\",\"target\":{\"@type\":\"EntryPoint\",\"urlTemplate\":\"https:\\\/\\\/www.ghostysky.com\\\/?s={search_term_string}\"},\"query-input\":{\"@type\":\"PropertyValueSpecification\",\"valueRequired\":true,\"valueName\":\"search_term_string\"}}],\"inLanguage\":\"es\"},{\"@type\":\"Organization\",\"@id\":\"https:\\\/\\\/www.ghostysky.com\\\/#organization\",\"name\":\"Ghostysky\",\"url\":\"https:\\\/\\\/www.ghostysky.com\\\/\",\"logo\":{\"@type\":\"ImageObject\",\"inLanguage\":\"es\",\"@id\":\"https:\\\/\\\/www.ghostysky.com\\\/#\\\/schema\\\/logo\\\/image\\\/\",\"url\":\"https:\\\/\\\/www.ghostysky.com\\\/wp-content\\\/uploads\\\/2020\\\/06\\\/cropped-ghostyskylogo_text_white2.png\",\"contentUrl\":\"https:\\\/\\\/www.ghostysky.com\\\/wp-content\\\/uploads\\\/2020\\\/06\\\/cropped-ghostyskylogo_text_white2.png\",\"width\":169,\"height\":56,\"caption\":\"Ghostysky\"},\"image\":{\"@id\":\"https:\\\/\\\/www.ghostysky.com\\\/#\\\/schema\\\/logo\\\/image\\\/\"},\"sameAs\":[\"https:\\\/\\\/www.facebook.com\\\/people\\\/Ghostysky\\\/100057676170234\\\/\",\"https:\\\/\\\/x.com\\\/Gh0stysky\",\"https:\\\/\\\/www.linkedin.com\\\/company\\\/34739653\",\"https:\\\/\\\/www.instagram.com\\\/gh0stysky\"]}]}<\/script>\n<!-- \/ Yoast SEO plugin. -->","yoast_head_json":{"title":"AgiBot OmniPicker - Ghostysky","description":"El AgiBot OmniPicker es una pinza rob\u00f3tica adaptativa especializada de grado industrial, dise\u00f1ada para tareas que requieren alta fuerza y durabilidad. A diferencia de la serie &quot;OmniHand&quot;, m\u00e1s compleja y de cinco dedos, el OmniPicker se centra en la longevidad mec\u00e1nica y la potencia de agarre, lo que lo convierte en el efector final &quot;caballo de batalla&quot; para las plataformas de robots humanoides y colaborativos de AgiBot. A principios de 2026, la serie evolucion\u00f3 al OmniPicker 3, que constituye un componente fundamental de la estrategia &quot;A\u00f1o Uno de Implementaci\u00f3n&quot; de AgiBot para la automatizaci\u00f3n industrial.","robots":{"index":"index","follow":"follow","max-snippet":"max-snippet:-1","max-image-preview":"max-image-preview:large","max-video-preview":"max-video-preview:-1"},"canonical":"https:\/\/www.ghostysky.com\/es\/producto-2\/agibot-omnipicker\/","og_locale":"es_ES","og_type":"article","og_title":"AgiBot OmniPicker - Ghostysky","og_description":"The AgiBot OmniPicker is a specialized, industrial-grade adaptive robotic gripper designed for high-force and high-durability tasks. Unlike the more complex, five-fingered \"OmniHand\" series, the OmniPicker focuses on mechanical longevity and gripping power, making it the \"workhorse\" end-effector for AgiBot\u2019s humanoid and collaborative robot platforms.As of early 2026, the series has evolved into the OmniPicker 3, which serves as a core component of AgiBot's \"Deployment Year One\" strategy for industrial automation.","og_url":"https:\/\/www.ghostysky.com\/es\/producto-2\/agibot-omnipicker\/","og_site_name":"Ghostysky","article_publisher":"https:\/\/www.facebook.com\/people\/Ghostysky\/100057676170234\/","article_modified_time":"2026-04-28T11:51:45+00:00","og_image":[{"width":700,"height":700,"url":"https:\/\/www.ghostysky.com\/wp-content\/uploads\/2026\/04\/GH_Agibot_Omnipicker_1.webp","type":"image\/webp"}],"twitter_card":"summary_large_image","twitter_site":"@Gh0stysky","twitter_misc":{"Tiempo de lectura":"2 minutos"},"schema":{"@context":"https:\/\/schema.org","@graph":[{"@type":"WebPage","@id":"https:\/\/www.ghostysky.com\/product\/agibot-omnipicker\/","url":"https:\/\/www.ghostysky.com\/product\/agibot-omnipicker\/","name":"AgiBot OmniPicker - Ghostysky","isPartOf":{"@id":"https:\/\/www.ghostysky.com\/#website"},"primaryImageOfPage":{"@id":"https:\/\/www.ghostysky.com\/product\/agibot-omnipicker\/#primaryimage"},"image":{"@id":"https:\/\/www.ghostysky.com\/product\/agibot-omnipicker\/#primaryimage"},"thumbnailUrl":"https:\/\/www.ghostysky.com\/wp-content\/uploads\/2026\/04\/GH_Agibot_Omnipicker_1.webp","datePublished":"2026-04-28T11:35:52+00:00","dateModified":"2026-04-28T11:51:45+00:00","description":"El AgiBot OmniPicker es una pinza rob\u00f3tica adaptativa especializada de grado industrial, dise\u00f1ada para tareas que requieren alta fuerza y durabilidad. A diferencia de la serie &quot;OmniHand&quot;, m\u00e1s compleja y de cinco dedos, el OmniPicker se centra en la longevidad mec\u00e1nica y la potencia de agarre, lo que lo convierte en el efector final &quot;caballo de batalla&quot; para las plataformas de robots humanoides y colaborativos de AgiBot. A principios de 2026, la serie evolucion\u00f3 al OmniPicker 3, que constituye un componente fundamental de la estrategia &quot;A\u00f1o Uno de Implementaci\u00f3n&quot; de AgiBot para la automatizaci\u00f3n industrial.","breadcrumb":{"@id":"https:\/\/www.ghostysky.com\/product\/agibot-omnipicker\/#breadcrumb"},"inLanguage":"es","potentialAction":[{"@type":"ReadAction","target":["https:\/\/www.ghostysky.com\/product\/agibot-omnipicker\/"]}]},{"@type":"ImageObject","inLanguage":"es","@id":"https:\/\/www.ghostysky.com\/product\/agibot-omnipicker\/#primaryimage","url":"https:\/\/www.ghostysky.com\/wp-content\/uploads\/2026\/04\/GH_Agibot_Omnipicker_1.webp","contentUrl":"https:\/\/www.ghostysky.com\/wp-content\/uploads\/2026\/04\/GH_Agibot_Omnipicker_1.webp","width":700,"height":700},{"@type":"BreadcrumbList","@id":"https:\/\/www.ghostysky.com\/product\/agibot-omnipicker\/#breadcrumb","itemListElement":[{"@type":"ListItem","position":1,"name":"Home","item":"https:\/\/www.ghostysky.com\/"},{"@type":"ListItem","position":2,"name":"Shop","item":"https:\/\/www.ghostysky.com\/shop\/"},{"@type":"ListItem","position":3,"name":"AgiBot OmniPicker"}]},{"@type":"WebSite","@id":"https:\/\/www.ghostysky.com\/#website","url":"https:\/\/www.ghostysky.com\/","name":"Ghostysky","description":"Ofrecemos soluciones profesionales de drones y rob\u00f3tica.","publisher":{"@id":"https:\/\/www.ghostysky.com\/#organization"},"potentialAction":[{"@type":"SearchAction","target":{"@type":"EntryPoint","urlTemplate":"https:\/\/www.ghostysky.com\/?s={search_term_string}"},"query-input":{"@type":"PropertyValueSpecification","valueRequired":true,"valueName":"search_term_string"}}],"inLanguage":"es"},{"@type":"Organization","@id":"https:\/\/www.ghostysky.com\/#organization","name":"Ghostysky","url":"https:\/\/www.ghostysky.com\/","logo":{"@type":"ImageObject","inLanguage":"es","@id":"https:\/\/www.ghostysky.com\/#\/schema\/logo\/image\/","url":"https:\/\/www.ghostysky.com\/wp-content\/uploads\/2020\/06\/cropped-ghostyskylogo_text_white2.png","contentUrl":"https:\/\/www.ghostysky.com\/wp-content\/uploads\/2020\/06\/cropped-ghostyskylogo_text_white2.png","width":169,"height":56,"caption":"Ghostysky"},"image":{"@id":"https:\/\/www.ghostysky.com\/#\/schema\/logo\/image\/"},"sameAs":["https:\/\/www.facebook.com\/people\/Ghostysky\/100057676170234\/","https:\/\/x.com\/Gh0stysky","https:\/\/www.linkedin.com\/company\/34739653","https:\/\/www.instagram.com\/gh0stysky"]}]}},"_links":{"self":[{"href":"https:\/\/www.ghostysky.com\/es\/wp-json\/wp\/v2\/product\/25925","targetHints":{"allow":["GET"]}}],"collection":[{"href":"https:\/\/www.ghostysky.com\/es\/wp-json\/wp\/v2\/product"}],"about":[{"href":"https:\/\/www.ghostysky.com\/es\/wp-json\/wp\/v2\/types\/product"}],"replies":[{"embeddable":true,"href":"https:\/\/www.ghostysky.com\/es\/wp-json\/wp\/v2\/comments?post=25925"}],"version-history":[{"count":2,"href":"https:\/\/www.ghostysky.com\/es\/wp-json\/wp\/v2\/product\/25925\/revisions"}],"predecessor-version":[{"id":25929,"href":"https:\/\/www.ghostysky.com\/es\/wp-json\/wp\/v2\/product\/25925\/revisions\/25929"}],"wp:featuredmedia":[{"embeddable":true,"href":"https:\/\/www.ghostysky.com\/es\/wp-json\/wp\/v2\/media\/25926"}],"wp:attachment":[{"href":"https:\/\/www.ghostysky.com\/es\/wp-json\/wp\/v2\/media?parent=25925"}],"wp:term":[{"taxonomy":"product_brand","embeddable":true,"href":"https:\/\/www.ghostysky.com\/es\/wp-json\/wp\/v2\/product_brand?post=25925"},{"taxonomy":"product_cat","embeddable":true,"href":"https:\/\/www.ghostysky.com\/es\/wp-json\/wp\/v2\/product_cat?post=25925"},{"taxonomy":"product_tag","embeddable":true,"href":"https:\/\/www.ghostysky.com\/es\/wp-json\/wp\/v2\/product_tag?post=25925"}],"curies":[{"name":"wp","href":"https:\/\/api.w.org\/{rel}","templated":true}]}}