{"id":25928,"date":"2026-04-28T13:25:44","date_gmt":"2026-04-28T13:25:44","guid":{"rendered":"https:\/\/www.ghostysky.com\/?post_type=product&#038;p=25928"},"modified":"2026-04-28T14:20:30","modified_gmt":"2026-04-28T14:20:30","slug":"agibot-g2-data-aquisition-kit","status":"publish","type":"product","link":"https:\/\/www.ghostysky.com\/es\/product\/agibot-g2-data-aquisition-kit\/","title":{"rendered":"Kit de adquisici\u00f3n de datos Agibot G2"},"content":{"rendered":"<h3 data-path-to-node=\"2\">Componentes y caracter\u00edsticas principales<\/h3>\n<p id=\"p-rc_1dce03cb7651ac87-32\" data-path-to-node=\"3\"><span class=\"citation-61\">El kit est\u00e1 construido sobre una base <\/span><b data-path-to-node=\"3\" data-index-in-node=\"22\"><span class=\"citation-61\">Dise\u00f1o isomorfo UMI<\/span><\/b><span class=\"citation-61 citation-end-61\"> (Interfaz de Manipulaci\u00f3n Universal), lo que garantiza que los datos recopilados por un operador humano coincidan perfectamente con la configuraci\u00f3n f\u00edsica del robot.<\/span><\/p>\n<ul data-path-to-node=\"4\">\n<li>\n<p id=\"p-rc_1dce03cb7651ac87-33\" data-path-to-node=\"4,0,0\"><b data-path-to-node=\"4,0,0\" data-index-in-node=\"0\">Hardware de teleoperaci\u00f3n:<\/b><span class=\"citation-60\"> Incluye controladores de alta precisi\u00f3n (a menudo basados en realidad virtual o de estilo exoesqueleto) que permiten <\/span><b data-path-to-node=\"4,0,0\" data-index-in-node=\"110\"><span class=\"citation-60\">Replicaci\u00f3n de movimiento 1:1<\/span><\/b><span class=\"citation-60 citation-end-60\">.<\/span> <span class=\"citation-59 citation-end-59\">Captura los movimientos del brazo y la mano humanos con una precisi\u00f3n submilim\u00e9trica.<\/span><\/p>\n<\/li>\n<li>\n<p data-path-to-node=\"4,1,0\"><b data-path-to-node=\"4,1,0\" data-index-in-node=\"0\">Sistema de percepci\u00f3n MEgo:<\/b><\/p>\n<ul data-path-to-node=\"4,1,1\">\n<li>\n<p data-path-to-node=\"4,1,1,0,0\"><b data-path-to-node=\"4,1,1,0,0\" data-index-in-node=\"0\">Vista MEgo:<\/b> Un sistema de visi\u00f3n montado en la cabeza o en el robot que captura datos de v\u00eddeo egoc\u00e9ntricos alineados con la perspectiva del robot.<\/p>\n<\/li>\n<li>\n<p id=\"p-rc_1dce03cb7651ac87-34\" data-path-to-node=\"4,1,1,1,0\"><b data-path-to-node=\"4,1,1,1,0\" data-index-in-node=\"0\">Pinza MEgo:<\/b><span class=\"citation-58 citation-end-58\"> Pinzas especializadas para la recopilaci\u00f3n de datos que registran la retroalimentaci\u00f3n t\u00e1ctil y las fuerzas de agarre durante una demostraci\u00f3n.<\/span><\/p>\n<\/li>\n<\/ul>\n<\/li>\n<li>\n<p id=\"p-rc_1dce03cb7651ac87-35\" data-path-to-node=\"4,2,0\"><b data-path-to-node=\"4,2,0\" data-index-in-node=\"0\"><span class=\"citation-57\">Integraci\u00f3n con Genie Studio:<\/span><\/b><span class=\"citation-57 citation-end-57\"> Una plataforma de desarrollo integral que automatiza el procesamiento, la reconstrucci\u00f3n y la anotaci\u00f3n de los datos recopilados, transformando las demostraciones en bruto en conjuntos de datos listos para el entrenamiento.<\/span><\/p>\n<div class=\"source-inline-chip-container ng-star-inserted\"><\/div>\n<p>&nbsp;<\/li>\n<\/ul>\n<h3 data-path-to-node=\"6\">Especificaciones clave<\/h3>\n<table data-path-to-node=\"7\">\n<thead>\n<tr>\n<td><strong>Caracter\u00edstica<\/strong><\/td>\n<td><strong>Descripci\u00f3n<\/strong><\/td>\n<\/tr>\n<\/thead>\n<tbody>\n<tr>\n<td><span data-path-to-node=\"7,1,0,0\"><b data-path-to-node=\"7,1,0,0\" data-index-in-node=\"0\">Precisi\u00f3n<\/b><\/span><\/td>\n<td><span data-path-to-node=\"7,1,1,0\">Precisi\u00f3n del control de fuerza <span class=\"math-inline\" data-math=\"\\le\" data-index-in-node=\"23\">$\\le$<\/span> 0,5 N para tareas delicadas.<\/span><\/td>\n<\/tr>\n<tr>\n<td><span data-path-to-node=\"7,2,0,0\"><b data-path-to-node=\"7,2,0,0\" data-index-in-node=\"0\">Modalidades de datos<\/b><\/span><\/td>\n<td><span data-path-to-node=\"7,2,1,0\">Visi\u00f3n sincronizada (RGB-D), movimiento (seguimiento de profundidad de campo) y datos t\u00e1ctiles.<\/span><\/td>\n<\/tr>\n<tr>\n<td><span data-path-to-node=\"7,3,0,0\"><b data-path-to-node=\"7,3,0,0\" data-index-in-node=\"0\">Soporte inform\u00e1tico<\/b><\/span><\/td>\n<td><span data-path-to-node=\"7,3,1,0\">Optimizado para la plataforma NVIDIA Jetson Thor (2070 TFLOPS).<\/span><\/td>\n<\/tr>\n<tr>\n<td><span data-path-to-node=\"7,4,0,0\"><b data-path-to-node=\"7,4,0,0\" data-index-in-node=\"0\">Arquitectura<\/b><\/span><\/td>\n<td><span data-path-to-node=\"7,4,1,0\">Mapeo isom\u00f3rfico a los brazos de 7 grados de libertad y a la OmniHand de 12 grados de libertad del G2.<\/span><\/td>\n<\/tr>\n<tr>\n<td><span data-path-to-node=\"7,5,0,0\"><b data-path-to-node=\"7,5,0,0\" data-index-in-node=\"0\">Latencia<\/b><\/span><\/td>\n<td><span data-path-to-node=\"7,5,1,0\">Latencia ultrabaja para el control m\u00e1s all\u00e1 de la l\u00ednea de visi\u00f3n (BVLOS).<\/span><\/td>\n<\/tr>\n<\/tbody>\n<\/table>\n<p>&nbsp;<\/p>\n<p>&nbsp;<\/p>\n<h3 data-path-to-node=\"9\">Por qu\u00e9 es importante<\/h3>\n<p data-path-to-node=\"10\">La programaci\u00f3n tradicional de robots es r\u00edgida. El kit de adquisici\u00f3n de datos G2 permite <b data-path-to-node=\"10\" data-index-in-node=\"76\">Aprendizaje mediante demostraci\u00f3n (AfD)<\/b>. En lugar de escribir c\u00f3digo para una tarea espec\u00edfica (como clasificar una pieza industrial concreta), una persona se pone el kit, realiza la tarea una sola vez y el robot &quot;aprende&quot; las relaciones espaciales y los requisitos de fuerza.<\/p>\n<h3 data-path-to-node=\"11\">Aplicaciones industriales<\/h3>\n<ul data-path-to-node=\"12\">\n<li>\n<p id=\"p-rc_1dce03cb7651ac87-36\" data-path-to-node=\"12,0,0\"><b data-path-to-node=\"12,0,0\" data-index-in-node=\"0\">Ensamblaje de precisi\u00f3n:<\/b><span class=\"citation-56 citation-end-56\"> Ense\u00f1ar al robot a manipular cables flexibles o componentes electr\u00f3nicos submilim\u00e9tricos.<\/span><\/p>\n<\/li>\n<li>\n<p data-path-to-node=\"12,1,0\"><b data-path-to-node=\"12,1,0\" data-index-in-node=\"0\">Log\u00edstica compleja:<\/b> Recopilaci\u00f3n de datos para la clasificaci\u00f3n y el empaquetado de objetos irregulares.<\/p>\n<\/li>\n<li>\n<p id=\"p-rc_1dce03cb7651ac87-37\" data-path-to-node=\"12,2,0\"><b data-path-to-node=\"12,2,0\" data-index-in-node=\"0\"><span class=\"citation-55\">Investigaci\u00f3n y desarrollo:<\/span><\/b><span class=\"citation-55\"> Sirviendo como base para laboratorios que desarrollan nuevos modelos de IA encarnada utilizando el <\/span><b data-path-to-node=\"12,2,0\" data-index-in-node=\"93\"><span class=\"citation-55\">Mundo AgiBot<\/span><\/b><span class=\"citation-55 citation-end-55\"> conjunto de datos de c\u00f3digo abierto.<\/span><\/p>\n<\/li>\n<\/ul>\n<blockquote data-path-to-node=\"13\">\n<p data-path-to-node=\"13,0\"><b data-path-to-node=\"13,0\" data-index-in-node=\"0\">Nota:<\/b> Si bien el robot G2 en s\u00ed es una potencia industrial con un marco de 185 kg y clasificaci\u00f3n IP42, este <b data-path-to-node=\"13,0\" data-index-in-node=\"102\">Kit de adquisici\u00f3n de datos<\/b> Es la &quot;herramienta de ense\u00f1anza&quot; espec\u00edfica que le permite evolucionar de una m\u00e1quina preprogramada a un colaborador verdaderamente inteligente y consciente de la tarea.<\/p>\n<\/blockquote>","protected":false},"excerpt":{"rendered":"<p data-path-to-node=\"0\">El <b data-path-to-node=\"0\" data-index-in-node=\"4\">Kit de adquisici\u00f3n de datos Agibot G2<\/b> es un paquete especializado de hardware y software dise\u00f1ado para cerrar la brecha entre la demostraci\u00f3n humana y la inteligencia rob\u00f3tica aut\u00f3noma. Adaptado para el <b data-path-to-node=\"0\" data-index-in-node=\"190\">AgiBot G2 \u201cGenio\u201d<\/b> humanoide con ruedas, este kit sirve como puerta de entrada principal para el entrenamiento de &quot;IA encarnada&quot;, lo que permite a los desarrolladores recopilar datos multimodales de alta fidelidad para entrenar al robot. <b data-path-to-node=\"0\" data-index-in-node=\"374\">GO-1\/GO-2 LLM<\/b> modelos (Visi\u00f3n-Lenguaje-Acci\u00f3n Latente).<\/p>","protected":false},"featured_media":25930,"comment_status":"open","ping_status":"closed","template":"","meta":[],"product_brand":[1345],"product_cat":[1342,1344,1038,1037],"product_tag":[1346,1353],"class_list":{"0":"post-25928","1":"product","2":"type-product","3":"status-publish","4":"has-post-thumbnail","6":"product_brand-agibot","7":"product_cat-agibot","8":"product_cat-agibot-accessories","9":"product_cat-humanoid","10":"product_cat-robotics","11":"product_tag-agibot","12":"product_tag-agibot-accessories","14":"first","15":"outofstock","16":"taxable","17":"shipping-taxable","18":"product-type-simple"},"yoast_head":"<!-- This site is optimized with the Yoast SEO plugin v27.4 - https:\/\/yoast.com\/product\/yoast-seo-wordpress\/ -->\n<title>Agibot G2 Data Aquisition Kit - Ghostysky<\/title>\n<meta name=\"description\" content=\"The Agibot G2 Data Acquisition Kit is a specialized hardware and software bundle designed to bridge the gap between human demonstration and autonomous robotic intelligence. Tailored for the AgiBot G2 &quot;Genie&quot; wheeled humanoid, this kit serves as the primary gateway for &quot;Embodied AI&quot; training\u2014allowing developers to collect high-fidelity multimodal data to train the robot&#039;s GO-1\/GO-2 LLM (Vision-Language-Latent-Action) models.\" \/>\n<meta name=\"robots\" content=\"index, follow, max-snippet:-1, max-image-preview:large, max-video-preview:-1\" \/>\n<link rel=\"canonical\" href=\"https:\/\/www.ghostysky.com\/es\/producto-2\/agibot-g2-data-aquisition-kit\/\" \/>\n<meta property=\"og:locale\" content=\"es_ES\" \/>\n<meta property=\"og:type\" content=\"article\" \/>\n<meta property=\"og:title\" content=\"Agibot G2 Data Aquisition Kit - Ghostysky\" \/>\n<meta property=\"og:description\" content=\"The Agibot G2 Data Acquisition Kit is a specialized hardware and software bundle designed to bridge the gap between human demonstration and autonomous robotic intelligence. Tailored for the AgiBot G2 &quot;Genie&quot; wheeled humanoid, this kit serves as the primary gateway for &quot;Embodied AI&quot; training\u2014allowing developers to collect high-fidelity multimodal data to train the robot&#039;s GO-1\/GO-2 LLM (Vision-Language-Latent-Action) models.\" \/>\n<meta property=\"og:url\" content=\"https:\/\/www.ghostysky.com\/es\/producto-2\/agibot-g2-data-aquisition-kit\/\" \/>\n<meta property=\"og:site_name\" content=\"Ghostysky\" \/>\n<meta property=\"article:publisher\" content=\"https:\/\/www.facebook.com\/people\/Ghostysky\/100057676170234\/\" \/>\n<meta property=\"article:modified_time\" content=\"2026-04-28T14:20:30+00:00\" \/>\n<meta property=\"og:image\" content=\"https:\/\/www.ghostysky.com\/wp-content\/uploads\/2026\/04\/GH_Agibot-G2-Data-Aquisition-Kit_1.webp\" \/>\n\t<meta property=\"og:image:width\" content=\"700\" \/>\n\t<meta property=\"og:image:height\" content=\"700\" \/>\n\t<meta property=\"og:image:type\" content=\"image\/webp\" \/>\n<meta name=\"twitter:card\" content=\"summary_large_image\" \/>\n<meta name=\"twitter:site\" content=\"@Gh0stysky\" \/>\n<meta name=\"twitter:label1\" content=\"Tiempo de lectura\" \/>\n\t<meta name=\"twitter:data1\" content=\"2 minutos\" \/>\n<script type=\"application\/ld+json\" class=\"yoast-schema-graph\">{\"@context\":\"https:\\\/\\\/schema.org\",\"@graph\":[{\"@type\":\"WebPage\",\"@id\":\"https:\\\/\\\/www.ghostysky.com\\\/product\\\/agibot-g2-data-aquisition-kit\\\/\",\"url\":\"https:\\\/\\\/www.ghostysky.com\\\/product\\\/agibot-g2-data-aquisition-kit\\\/\",\"name\":\"Agibot G2 Data Aquisition Kit - Ghostysky\",\"isPartOf\":{\"@id\":\"https:\\\/\\\/www.ghostysky.com\\\/#website\"},\"primaryImageOfPage\":{\"@id\":\"https:\\\/\\\/www.ghostysky.com\\\/product\\\/agibot-g2-data-aquisition-kit\\\/#primaryimage\"},\"image\":{\"@id\":\"https:\\\/\\\/www.ghostysky.com\\\/product\\\/agibot-g2-data-aquisition-kit\\\/#primaryimage\"},\"thumbnailUrl\":\"https:\\\/\\\/www.ghostysky.com\\\/wp-content\\\/uploads\\\/2026\\\/04\\\/GH_Agibot-G2-Data-Aquisition-Kit_1.webp\",\"datePublished\":\"2026-04-28T13:25:44+00:00\",\"dateModified\":\"2026-04-28T14:20:30+00:00\",\"description\":\"The Agibot G2 Data Acquisition Kit is a specialized hardware and software bundle designed to bridge the gap between human demonstration and autonomous robotic intelligence. Tailored for the AgiBot G2 \\\"Genie\\\" wheeled humanoid, this kit serves as the primary gateway for \\\"Embodied AI\\\" training\u2014allowing developers to collect high-fidelity multimodal data to train the robot's GO-1\\\/GO-2 LLM (Vision-Language-Latent-Action) models.\",\"breadcrumb\":{\"@id\":\"https:\\\/\\\/www.ghostysky.com\\\/product\\\/agibot-g2-data-aquisition-kit\\\/#breadcrumb\"},\"inLanguage\":\"es\",\"potentialAction\":[{\"@type\":\"ReadAction\",\"target\":[\"https:\\\/\\\/www.ghostysky.com\\\/product\\\/agibot-g2-data-aquisition-kit\\\/\"]}]},{\"@type\":\"ImageObject\",\"inLanguage\":\"es\",\"@id\":\"https:\\\/\\\/www.ghostysky.com\\\/product\\\/agibot-g2-data-aquisition-kit\\\/#primaryimage\",\"url\":\"https:\\\/\\\/www.ghostysky.com\\\/wp-content\\\/uploads\\\/2026\\\/04\\\/GH_Agibot-G2-Data-Aquisition-Kit_1.webp\",\"contentUrl\":\"https:\\\/\\\/www.ghostysky.com\\\/wp-content\\\/uploads\\\/2026\\\/04\\\/GH_Agibot-G2-Data-Aquisition-Kit_1.webp\",\"width\":700,\"height\":700},{\"@type\":\"BreadcrumbList\",\"@id\":\"https:\\\/\\\/www.ghostysky.com\\\/product\\\/agibot-g2-data-aquisition-kit\\\/#breadcrumb\",\"itemListElement\":[{\"@type\":\"ListItem\",\"position\":1,\"name\":\"Home\",\"item\":\"https:\\\/\\\/www.ghostysky.com\\\/\"},{\"@type\":\"ListItem\",\"position\":2,\"name\":\"Shop\",\"item\":\"https:\\\/\\\/www.ghostysky.com\\\/shop\\\/\"},{\"@type\":\"ListItem\",\"position\":3,\"name\":\"Agibot G2 Data Aquisition Kit\"}]},{\"@type\":\"WebSite\",\"@id\":\"https:\\\/\\\/www.ghostysky.com\\\/#website\",\"url\":\"https:\\\/\\\/www.ghostysky.com\\\/\",\"name\":\"Ghostysky\",\"description\":\"Delivering professional drones and robotics solutions\",\"publisher\":{\"@id\":\"https:\\\/\\\/www.ghostysky.com\\\/#organization\"},\"potentialAction\":[{\"@type\":\"SearchAction\",\"target\":{\"@type\":\"EntryPoint\",\"urlTemplate\":\"https:\\\/\\\/www.ghostysky.com\\\/?s={search_term_string}\"},\"query-input\":{\"@type\":\"PropertyValueSpecification\",\"valueRequired\":true,\"valueName\":\"search_term_string\"}}],\"inLanguage\":\"es\"},{\"@type\":\"Organization\",\"@id\":\"https:\\\/\\\/www.ghostysky.com\\\/#organization\",\"name\":\"Ghostysky\",\"url\":\"https:\\\/\\\/www.ghostysky.com\\\/\",\"logo\":{\"@type\":\"ImageObject\",\"inLanguage\":\"es\",\"@id\":\"https:\\\/\\\/www.ghostysky.com\\\/#\\\/schema\\\/logo\\\/image\\\/\",\"url\":\"https:\\\/\\\/www.ghostysky.com\\\/wp-content\\\/uploads\\\/2020\\\/06\\\/cropped-ghostyskylogo_text_white2.png\",\"contentUrl\":\"https:\\\/\\\/www.ghostysky.com\\\/wp-content\\\/uploads\\\/2020\\\/06\\\/cropped-ghostyskylogo_text_white2.png\",\"width\":169,\"height\":56,\"caption\":\"Ghostysky\"},\"image\":{\"@id\":\"https:\\\/\\\/www.ghostysky.com\\\/#\\\/schema\\\/logo\\\/image\\\/\"},\"sameAs\":[\"https:\\\/\\\/www.facebook.com\\\/people\\\/Ghostysky\\\/100057676170234\\\/\",\"https:\\\/\\\/x.com\\\/Gh0stysky\",\"https:\\\/\\\/www.linkedin.com\\\/company\\\/34739653\",\"https:\\\/\\\/www.instagram.com\\\/gh0stysky\"]}]}<\/script>\n<!-- \/ Yoast SEO plugin. -->","yoast_head_json":{"title":"Kit de adquisici\u00f3n de datos Agibot G2 - Ghostysky","description":"El kit de adquisici\u00f3n de datos Agibot G2 es un conjunto especializado de hardware y software dise\u00f1ado para cerrar la brecha entre la demostraci\u00f3n humana y la inteligencia rob\u00f3tica aut\u00f3noma. Dise\u00f1ado a medida para el robot humanoide con ruedas AgiBot G2 &quot;Genie&quot;, este kit sirve como puerta de entrada principal para el entrenamiento de &quot;IA encarnada&quot;, lo que permite a los desarrolladores recopilar datos multimodales de alta fidelidad para entrenar los modelos GO-1\/GO-2 LLM (Visi\u00f3n-Lenguaje-Acci\u00f3n Latente) del robot.","robots":{"index":"index","follow":"follow","max-snippet":"max-snippet:-1","max-image-preview":"max-image-preview:large","max-video-preview":"max-video-preview:-1"},"canonical":"https:\/\/www.ghostysky.com\/es\/producto-2\/agibot-g2-data-aquisition-kit\/","og_locale":"es_ES","og_type":"article","og_title":"Agibot G2 Data Aquisition Kit - Ghostysky","og_description":"The Agibot G2 Data Acquisition Kit is a specialized hardware and software bundle designed to bridge the gap between human demonstration and autonomous robotic intelligence. Tailored for the AgiBot G2 \"Genie\" wheeled humanoid, this kit serves as the primary gateway for \"Embodied AI\" training\u2014allowing developers to collect high-fidelity multimodal data to train the robot's GO-1\/GO-2 LLM (Vision-Language-Latent-Action) models.","og_url":"https:\/\/www.ghostysky.com\/es\/producto-2\/agibot-g2-data-aquisition-kit\/","og_site_name":"Ghostysky","article_publisher":"https:\/\/www.facebook.com\/people\/Ghostysky\/100057676170234\/","article_modified_time":"2026-04-28T14:20:30+00:00","og_image":[{"width":700,"height":700,"url":"https:\/\/www.ghostysky.com\/wp-content\/uploads\/2026\/04\/GH_Agibot-G2-Data-Aquisition-Kit_1.webp","type":"image\/webp"}],"twitter_card":"summary_large_image","twitter_site":"@Gh0stysky","twitter_misc":{"Tiempo de lectura":"2 minutos"},"schema":{"@context":"https:\/\/schema.org","@graph":[{"@type":"WebPage","@id":"https:\/\/www.ghostysky.com\/product\/agibot-g2-data-aquisition-kit\/","url":"https:\/\/www.ghostysky.com\/product\/agibot-g2-data-aquisition-kit\/","name":"Kit de adquisici\u00f3n de datos Agibot G2 - Ghostysky","isPartOf":{"@id":"https:\/\/www.ghostysky.com\/#website"},"primaryImageOfPage":{"@id":"https:\/\/www.ghostysky.com\/product\/agibot-g2-data-aquisition-kit\/#primaryimage"},"image":{"@id":"https:\/\/www.ghostysky.com\/product\/agibot-g2-data-aquisition-kit\/#primaryimage"},"thumbnailUrl":"https:\/\/www.ghostysky.com\/wp-content\/uploads\/2026\/04\/GH_Agibot-G2-Data-Aquisition-Kit_1.webp","datePublished":"2026-04-28T13:25:44+00:00","dateModified":"2026-04-28T14:20:30+00:00","description":"El kit de adquisici\u00f3n de datos Agibot G2 es un conjunto especializado de hardware y software dise\u00f1ado para cerrar la brecha entre la demostraci\u00f3n humana y la inteligencia rob\u00f3tica aut\u00f3noma. Dise\u00f1ado a medida para el robot humanoide con ruedas AgiBot G2 &quot;Genie&quot;, este kit sirve como puerta de entrada principal para el entrenamiento de &quot;IA encarnada&quot;, lo que permite a los desarrolladores recopilar datos multimodales de alta fidelidad para entrenar los modelos GO-1\/GO-2 LLM (Visi\u00f3n-Lenguaje-Acci\u00f3n Latente) del robot.","breadcrumb":{"@id":"https:\/\/www.ghostysky.com\/product\/agibot-g2-data-aquisition-kit\/#breadcrumb"},"inLanguage":"es","potentialAction":[{"@type":"ReadAction","target":["https:\/\/www.ghostysky.com\/product\/agibot-g2-data-aquisition-kit\/"]}]},{"@type":"ImageObject","inLanguage":"es","@id":"https:\/\/www.ghostysky.com\/product\/agibot-g2-data-aquisition-kit\/#primaryimage","url":"https:\/\/www.ghostysky.com\/wp-content\/uploads\/2026\/04\/GH_Agibot-G2-Data-Aquisition-Kit_1.webp","contentUrl":"https:\/\/www.ghostysky.com\/wp-content\/uploads\/2026\/04\/GH_Agibot-G2-Data-Aquisition-Kit_1.webp","width":700,"height":700},{"@type":"BreadcrumbList","@id":"https:\/\/www.ghostysky.com\/product\/agibot-g2-data-aquisition-kit\/#breadcrumb","itemListElement":[{"@type":"ListItem","position":1,"name":"Home","item":"https:\/\/www.ghostysky.com\/"},{"@type":"ListItem","position":2,"name":"Shop","item":"https:\/\/www.ghostysky.com\/shop\/"},{"@type":"ListItem","position":3,"name":"Agibot G2 Data Aquisition Kit"}]},{"@type":"WebSite","@id":"https:\/\/www.ghostysky.com\/#website","url":"https:\/\/www.ghostysky.com\/","name":"Ghostysky","description":"Ofrecemos soluciones profesionales de drones y rob\u00f3tica.","publisher":{"@id":"https:\/\/www.ghostysky.com\/#organization"},"potentialAction":[{"@type":"SearchAction","target":{"@type":"EntryPoint","urlTemplate":"https:\/\/www.ghostysky.com\/?s={search_term_string}"},"query-input":{"@type":"PropertyValueSpecification","valueRequired":true,"valueName":"search_term_string"}}],"inLanguage":"es"},{"@type":"Organization","@id":"https:\/\/www.ghostysky.com\/#organization","name":"Ghostysky","url":"https:\/\/www.ghostysky.com\/","logo":{"@type":"ImageObject","inLanguage":"es","@id":"https:\/\/www.ghostysky.com\/#\/schema\/logo\/image\/","url":"https:\/\/www.ghostysky.com\/wp-content\/uploads\/2020\/06\/cropped-ghostyskylogo_text_white2.png","contentUrl":"https:\/\/www.ghostysky.com\/wp-content\/uploads\/2020\/06\/cropped-ghostyskylogo_text_white2.png","width":169,"height":56,"caption":"Ghostysky"},"image":{"@id":"https:\/\/www.ghostysky.com\/#\/schema\/logo\/image\/"},"sameAs":["https:\/\/www.facebook.com\/people\/Ghostysky\/100057676170234\/","https:\/\/x.com\/Gh0stysky","https:\/\/www.linkedin.com\/company\/34739653","https:\/\/www.instagram.com\/gh0stysky"]}]}},"_links":{"self":[{"href":"https:\/\/www.ghostysky.com\/es\/wp-json\/wp\/v2\/product\/25928","targetHints":{"allow":["GET"]}}],"collection":[{"href":"https:\/\/www.ghostysky.com\/es\/wp-json\/wp\/v2\/product"}],"about":[{"href":"https:\/\/www.ghostysky.com\/es\/wp-json\/wp\/v2\/types\/product"}],"replies":[{"embeddable":true,"href":"https:\/\/www.ghostysky.com\/es\/wp-json\/wp\/v2\/comments?post=25928"}],"version-history":[{"count":1,"href":"https:\/\/www.ghostysky.com\/es\/wp-json\/wp\/v2\/product\/25928\/revisions"}],"predecessor-version":[{"id":25931,"href":"https:\/\/www.ghostysky.com\/es\/wp-json\/wp\/v2\/product\/25928\/revisions\/25931"}],"wp:featuredmedia":[{"embeddable":true,"href":"https:\/\/www.ghostysky.com\/es\/wp-json\/wp\/v2\/media\/25930"}],"wp:attachment":[{"href":"https:\/\/www.ghostysky.com\/es\/wp-json\/wp\/v2\/media?parent=25928"}],"wp:term":[{"taxonomy":"product_brand","embeddable":true,"href":"https:\/\/www.ghostysky.com\/es\/wp-json\/wp\/v2\/product_brand?post=25928"},{"taxonomy":"product_cat","embeddable":true,"href":"https:\/\/www.ghostysky.com\/es\/wp-json\/wp\/v2\/product_cat?post=25928"},{"taxonomy":"product_tag","embeddable":true,"href":"https:\/\/www.ghostysky.com\/es\/wp-json\/wp\/v2\/product_tag?post=25928"}],"curies":[{"name":"wp","href":"https:\/\/api.w.org\/{rel}","templated":true}]}}