{"id":25938,"date":"2026-05-02T08:52:55","date_gmt":"2026-05-02T08:52:55","guid":{"rendered":"https:\/\/www.ghostysky.com\/?post_type=product&#038;p=25938"},"modified":"2026-05-02T09:06:57","modified_gmt":"2026-05-02T09:06:57","slug":"dji-power-1000-mini","status":"publish","type":"product","link":"https:\/\/www.ghostysky.com\/es\/product\/dji-power-1000-mini\/","title":{"rendered":"DJI Power 1000 Mini"},"content":{"rendered":"<h3 data-path-to-node=\"1\"><b data-path-to-node=\"1\" data-index-in-node=\"0\">Caracter\u00edsticas principales y rendimiento<\/b><\/h3>\n<ul data-path-to-node=\"2\">\n<li>\n<p data-path-to-node=\"2,0,0\"><b data-path-to-node=\"2,0,0\" data-index-in-node=\"0\"><span class=\"citation-9\">Alta eficiencia:<\/span><\/b><span class=\"citation-9\"> Con un <\/span><b data-path-to-node=\"2,0,0\" data-index-in-node=\"24\"><span class=\"citation-9\">Capacidad de 1008 Wh<\/span><\/b><span class=\"citation-9\"> y <\/span><b data-path-to-node=\"2,0,0\" data-index-in-node=\"44\"><span class=\"citation-9\">Salida continua de 1000 W<\/span><\/b><span class=\"citation-9 citation-end-9\"> (con una potencia m\u00e1xima de 1200 W), puede alimentar f\u00e1cilmente electrodom\u00e9sticos esenciales y equipos profesionales.<\/span><\/p>\n<\/li>\n<li>\n<p data-path-to-node=\"2,1,0\"><b data-path-to-node=\"2,1,0\" data-index-in-node=\"0\">Recarga ultrarr\u00e1pida:<\/b><span class=\"citation-8\"> Se recarga desde <\/span><b data-path-to-node=\"2,1,0\" data-index-in-node=\"41\"><span class=\"citation-8\">De 0 a 80% en solo 58 minutos<\/span><\/b><span class=\"citation-8\"> y alcanza la carga completa en aproximadamente <\/span><b data-path-to-node=\"2,1,0\" data-index-in-node=\"112\"><span class=\"citation-8\">75 minutos<\/span><\/b><span class=\"citation-8 citation-end-8\"> cuando est\u00e1 conectado a la red el\u00e9ctrica.<\/span><\/p>\n<\/li>\n<li>\n<p data-path-to-node=\"2,2,0\"><b data-path-to-node=\"2,2,0\" data-index-in-node=\"0\">Cable retr\u00e1ctil innovador:<\/b><span class=\"citation-7\"> Cuenta con un sistema incorporado <\/span><b data-path-to-node=\"2,2,0\" data-index-in-node=\"53\"><span class=\"citation-7\">Cable USB-C retr\u00e1ctil de 100 W<\/span><\/b><span class=\"citation-7 citation-end-7\"> (0,8 m), eliminando la necesidad de llevar cables adicionales para cargar ordenadores port\u00e1tiles o tel\u00e9fonos.<\/span><\/p>\n<\/li>\n<li>\n<p data-path-to-node=\"2,3,0\"><b data-path-to-node=\"2,3,0\" data-index-in-node=\"0\"><span class=\"citation-6\">Integraci\u00f3n del ecosistema DJI:<\/span><\/b><span class=\"citation-6\"> El dedicado <\/span><b data-path-to-node=\"2,3,0\" data-index-in-node=\"41\"><span class=\"citation-6\">Puerto SDC<\/span><\/b><span class=\"citation-6 citation-end-6\"> Permite la carga r\u00e1pida especializada de las bater\u00edas de los drones DJI (hasta 300 W), lo que lo convierte en un &quot;centro de energ\u00eda&quot; ideal para los fot\u00f3grafos a\u00e9reos.<\/span><\/p>\n<\/li>\n<li>\n<p data-path-to-node=\"2,4,0\"><b data-path-to-node=\"2,4,0\" data-index-in-node=\"0\">Dise\u00f1ado para durar:<\/b><span class=\"citation-5\"> Utiliza <\/span><b data-path-to-node=\"2,4,0\" data-index-in-node=\"24\"><span class=\"citation-5\">C\u00e9lulas LFP (fosfato de hierro y litio)<\/span><\/b><span class=\"citation-5\"> que mantienen una capacidad superior a 80% incluso despu\u00e9s <\/span><b data-path-to-node=\"2,4,0\" data-index-in-node=\"102\"><span class=\"citation-5\">4.000 ciclos<\/span><\/b><span class=\"citation-5 citation-end-5\">, ofreciendo unos 10 a\u00f1os de uso diario.<\/span><\/p>\n<div class=\"source-inline-chip-container ng-star-inserted\"><\/div>\n<\/li>\n<\/ul>\n<h3 data-path-to-node=\"3\"><b data-path-to-node=\"3\" data-index-in-node=\"0\">\u00bfPara qui\u00e9n?<\/b><\/h3>\n<p data-path-to-node=\"4\">El \u201cMini\u201d es perfecto si necesitas un veh\u00edculo fiable. <b data-path-to-node=\"4\" data-index-in-node=\"45\">1 kWh<\/b> fuente que puedes llevar con un brazo. Mientras que el DJI Power 1000 m\u00e1s grande ofrece una mayor potencia (2200 W) para electrodom\u00e9sticos pesados como microondas, el <b data-path-to-node=\"4\" data-index-in-node=\"193\">Power 1000 Mini<\/b> est\u00e1 optimizado para <b data-path-to-node=\"4\" data-index-in-node=\"226\">Funcionamiento silencioso (30 dB)<\/b> y <b data-path-to-node=\"4\" data-index-in-node=\"253\">portabilidad<\/b> sin sacrificar una capacidad de almacenamiento de bater\u00eda significativa.<\/p>","protected":false},"excerpt":{"rendered":"<p>El <b data-path-to-node=\"0\" data-index-in-node=\"4\">DJI Power 1000 Mini<\/b> es el dispositivo m\u00e1s port\u00e1til de DJI <b data-path-to-node=\"0\" data-index-in-node=\"47\">central el\u00e9ctrica de 1 kWh<\/b> hasta la fecha, dise\u00f1ado espec\u00edficamente para <b data-path-to-node=\"0\" data-index-in-node=\"103\">creadores de contenido, campistas y viajeros por carretera<\/b>. Logra un equilibrio entre alta capacidad y verdadera portabilidad, con un peso aproximado de <b data-path-to-node=\"0\" data-index-in-node=\"240\">11,35 kg (25 libras)<\/b>\u2014aproximadamente 231 TP3T m\u00e1s ligero que el DJI Power 1000 est\u00e1ndar.<\/p>","protected":false},"featured_media":25943,"comment_status":"open","ping_status":"closed","template":"","meta":[],"product_brand":[1031],"product_cat":[461,777,615,430,781,785,752,775,37,614,429,29,779,784,511],"product_tag":[42,860],"class_list":{"0":"post-25938","1":"product","2":"type-product","3":"status-publish","4":"has-post-thumbnail","6":"product_brand-dji","7":"product_cat-accessories-2","8":"product_cat-accessories-air-3","9":"product_cat-dji-matrice-30-accessories","10":"product_cat-accessories-dji-mavic3-ent","11":"product_cat-accessories-mavic-3-classic","12":"product_cat-accessories-mavic-3-pro","13":"product_cat-aerial-photography","14":"product_cat-air-3","15":"product_cat-dji","16":"product_cat-dji-matrice-30","17":"product_cat-dji-mavic3-ent","18":"product_cat-drones","19":"product_cat-mavic-3-classic","20":"product_cat-mavic-3-pro","21":"product_cat-power-station","22":"product_tag-dji","23":"product_tag-dji-power-station","25":"first","26":"onbackorder","27":"taxable","28":"shipping-taxable","29":"purchasable","30":"product-type-simple"},"yoast_head":"<!-- This site is optimized with the Yoast SEO plugin v27.4 - https:\/\/yoast.com\/product\/yoast-seo-wordpress\/ -->\n<title>DJI Power 1000 Mini - Ghostysky<\/title>\n<meta name=\"description\" content=\"The DJI Power 1000 Mini is DJI\u2019s most portable 1kWh power station to date, specifically engineered for content creators, campers, and road-trippers. It strikes a balance between high capacity and genuine portability, weighing approximately 11.35 kg (25 lbs)\u2014about 23% lighter than the standard DJI Power 1000.\" \/>\n<meta name=\"robots\" content=\"index, follow, max-snippet:-1, max-image-preview:large, max-video-preview:-1\" \/>\n<link rel=\"canonical\" href=\"https:\/\/www.ghostysky.com\/es\/producto-2\/dji-power-1000-mini\/\" \/>\n<meta property=\"og:locale\" content=\"es_ES\" \/>\n<meta property=\"og:type\" content=\"article\" \/>\n<meta property=\"og:title\" content=\"DJI Power 1000 Mini - Ghostysky\" \/>\n<meta property=\"og:description\" content=\"The DJI Power 1000 Mini is DJI\u2019s most portable 1kWh power station to date, specifically engineered for content creators, campers, and road-trippers. It strikes a balance between high capacity and genuine portability, weighing approximately 11.35 kg (25 lbs)\u2014about 23% lighter than the standard DJI Power 1000.\" \/>\n<meta property=\"og:url\" content=\"https:\/\/www.ghostysky.com\/es\/producto-2\/dji-power-1000-mini\/\" \/>\n<meta property=\"og:site_name\" content=\"Ghostysky\" \/>\n<meta property=\"article:publisher\" content=\"https:\/\/www.facebook.com\/people\/Ghostysky\/100057676170234\/\" \/>\n<meta property=\"article:modified_time\" content=\"2026-05-02T09:06:57+00:00\" \/>\n<meta property=\"og:image\" content=\"https:\/\/www.ghostysky.com\/wp-content\/uploads\/2026\/05\/GH_DJI-Power-1000-Mini_1.jpg\" \/>\n\t<meta property=\"og:image:width\" content=\"1440\" \/>\n\t<meta property=\"og:image:height\" content=\"1920\" \/>\n\t<meta property=\"og:image:type\" content=\"image\/jpeg\" \/>\n<meta name=\"twitter:card\" content=\"summary_large_image\" \/>\n<meta name=\"twitter:site\" content=\"@Gh0stysky\" \/>\n<meta name=\"twitter:label1\" content=\"Tiempo de lectura\" \/>\n\t<meta name=\"twitter:data1\" content=\"1 minuto\" \/>\n<script type=\"application\/ld+json\" class=\"yoast-schema-graph\">{\"@context\":\"https:\\\/\\\/schema.org\",\"@graph\":[{\"@type\":\"WebPage\",\"@id\":\"https:\\\/\\\/www.ghostysky.com\\\/product\\\/dji-power-1000-mini\\\/\",\"url\":\"https:\\\/\\\/www.ghostysky.com\\\/product\\\/dji-power-1000-mini\\\/\",\"name\":\"DJI Power 1000 Mini - Ghostysky\",\"isPartOf\":{\"@id\":\"https:\\\/\\\/www.ghostysky.com\\\/#website\"},\"primaryImageOfPage\":{\"@id\":\"https:\\\/\\\/www.ghostysky.com\\\/product\\\/dji-power-1000-mini\\\/#primaryimage\"},\"image\":{\"@id\":\"https:\\\/\\\/www.ghostysky.com\\\/product\\\/dji-power-1000-mini\\\/#primaryimage\"},\"thumbnailUrl\":\"https:\\\/\\\/www.ghostysky.com\\\/wp-content\\\/uploads\\\/2026\\\/05\\\/GH_DJI-Power-1000-Mini_1.jpg\",\"datePublished\":\"2026-05-02T08:52:55+00:00\",\"dateModified\":\"2026-05-02T09:06:57+00:00\",\"description\":\"The DJI Power 1000 Mini is DJI\u2019s most portable 1kWh power station to date, specifically engineered for content creators, campers, and road-trippers. It strikes a balance between high capacity and genuine portability, weighing approximately 11.35 kg (25 lbs)\u2014about 23% lighter than the standard DJI Power 1000.\",\"breadcrumb\":{\"@id\":\"https:\\\/\\\/www.ghostysky.com\\\/product\\\/dji-power-1000-mini\\\/#breadcrumb\"},\"inLanguage\":\"es\",\"potentialAction\":[{\"@type\":\"ReadAction\",\"target\":[\"https:\\\/\\\/www.ghostysky.com\\\/product\\\/dji-power-1000-mini\\\/\"]}]},{\"@type\":\"ImageObject\",\"inLanguage\":\"es\",\"@id\":\"https:\\\/\\\/www.ghostysky.com\\\/product\\\/dji-power-1000-mini\\\/#primaryimage\",\"url\":\"https:\\\/\\\/www.ghostysky.com\\\/wp-content\\\/uploads\\\/2026\\\/05\\\/GH_DJI-Power-1000-Mini_1.jpg\",\"contentUrl\":\"https:\\\/\\\/www.ghostysky.com\\\/wp-content\\\/uploads\\\/2026\\\/05\\\/GH_DJI-Power-1000-Mini_1.jpg\",\"width\":1440,\"height\":1920},{\"@type\":\"BreadcrumbList\",\"@id\":\"https:\\\/\\\/www.ghostysky.com\\\/product\\\/dji-power-1000-mini\\\/#breadcrumb\",\"itemListElement\":[{\"@type\":\"ListItem\",\"position\":1,\"name\":\"Home\",\"item\":\"https:\\\/\\\/www.ghostysky.com\\\/\"},{\"@type\":\"ListItem\",\"position\":2,\"name\":\"Shop\",\"item\":\"https:\\\/\\\/www.ghostysky.com\\\/shop\\\/\"},{\"@type\":\"ListItem\",\"position\":3,\"name\":\"DJI Power 1000 Mini\"}]},{\"@type\":\"WebSite\",\"@id\":\"https:\\\/\\\/www.ghostysky.com\\\/#website\",\"url\":\"https:\\\/\\\/www.ghostysky.com\\\/\",\"name\":\"Ghostysky\",\"description\":\"Delivering professional drones and robotics solutions\",\"publisher\":{\"@id\":\"https:\\\/\\\/www.ghostysky.com\\\/#organization\"},\"potentialAction\":[{\"@type\":\"SearchAction\",\"target\":{\"@type\":\"EntryPoint\",\"urlTemplate\":\"https:\\\/\\\/www.ghostysky.com\\\/?s={search_term_string}\"},\"query-input\":{\"@type\":\"PropertyValueSpecification\",\"valueRequired\":true,\"valueName\":\"search_term_string\"}}],\"inLanguage\":\"es\"},{\"@type\":\"Organization\",\"@id\":\"https:\\\/\\\/www.ghostysky.com\\\/#organization\",\"name\":\"Ghostysky\",\"url\":\"https:\\\/\\\/www.ghostysky.com\\\/\",\"logo\":{\"@type\":\"ImageObject\",\"inLanguage\":\"es\",\"@id\":\"https:\\\/\\\/www.ghostysky.com\\\/#\\\/schema\\\/logo\\\/image\\\/\",\"url\":\"https:\\\/\\\/www.ghostysky.com\\\/wp-content\\\/uploads\\\/2020\\\/06\\\/cropped-ghostyskylogo_text_white2.png\",\"contentUrl\":\"https:\\\/\\\/www.ghostysky.com\\\/wp-content\\\/uploads\\\/2020\\\/06\\\/cropped-ghostyskylogo_text_white2.png\",\"width\":169,\"height\":56,\"caption\":\"Ghostysky\"},\"image\":{\"@id\":\"https:\\\/\\\/www.ghostysky.com\\\/#\\\/schema\\\/logo\\\/image\\\/\"},\"sameAs\":[\"https:\\\/\\\/www.facebook.com\\\/people\\\/Ghostysky\\\/100057676170234\\\/\",\"https:\\\/\\\/x.com\\\/Gh0stysky\",\"https:\\\/\\\/www.linkedin.com\\\/company\\\/34739653\",\"https:\\\/\\\/www.instagram.com\\\/gh0stysky\"]}]}<\/script>\n<!-- \/ Yoast SEO plugin. -->","yoast_head_json":{"title":"DJI Power 1000 Mini - Ghostysky","description":"La DJI Power 1000 Mini es la estaci\u00f3n de energ\u00eda de 1 kWh m\u00e1s port\u00e1til de DJI hasta la fecha, dise\u00f1ada espec\u00edficamente para creadores de contenido, campistas y viajeros. Logra un equilibrio perfecto entre alta capacidad y verdadera portabilidad, con un peso aproximado de 11,35 kg (25 lb), unos 231 lb m\u00e1s ligera que la DJI Power 1000 est\u00e1ndar.","robots":{"index":"index","follow":"follow","max-snippet":"max-snippet:-1","max-image-preview":"max-image-preview:large","max-video-preview":"max-video-preview:-1"},"canonical":"https:\/\/www.ghostysky.com\/es\/producto-2\/dji-power-1000-mini\/","og_locale":"es_ES","og_type":"article","og_title":"DJI Power 1000 Mini - Ghostysky","og_description":"The DJI Power 1000 Mini is DJI\u2019s most portable 1kWh power station to date, specifically engineered for content creators, campers, and road-trippers. It strikes a balance between high capacity and genuine portability, weighing approximately 11.35 kg (25 lbs)\u2014about 23% lighter than the standard DJI Power 1000.","og_url":"https:\/\/www.ghostysky.com\/es\/producto-2\/dji-power-1000-mini\/","og_site_name":"Ghostysky","article_publisher":"https:\/\/www.facebook.com\/people\/Ghostysky\/100057676170234\/","article_modified_time":"2026-05-02T09:06:57+00:00","og_image":[{"width":1440,"height":1920,"url":"https:\/\/www.ghostysky.com\/wp-content\/uploads\/2026\/05\/GH_DJI-Power-1000-Mini_1.jpg","type":"image\/jpeg"}],"twitter_card":"summary_large_image","twitter_site":"@Gh0stysky","twitter_misc":{"Tiempo de lectura":"1 minuto"},"schema":{"@context":"https:\/\/schema.org","@graph":[{"@type":"WebPage","@id":"https:\/\/www.ghostysky.com\/product\/dji-power-1000-mini\/","url":"https:\/\/www.ghostysky.com\/product\/dji-power-1000-mini\/","name":"DJI Power 1000 Mini - Ghostysky","isPartOf":{"@id":"https:\/\/www.ghostysky.com\/#website"},"primaryImageOfPage":{"@id":"https:\/\/www.ghostysky.com\/product\/dji-power-1000-mini\/#primaryimage"},"image":{"@id":"https:\/\/www.ghostysky.com\/product\/dji-power-1000-mini\/#primaryimage"},"thumbnailUrl":"https:\/\/www.ghostysky.com\/wp-content\/uploads\/2026\/05\/GH_DJI-Power-1000-Mini_1.jpg","datePublished":"2026-05-02T08:52:55+00:00","dateModified":"2026-05-02T09:06:57+00:00","description":"La DJI Power 1000 Mini es la estaci\u00f3n de energ\u00eda de 1 kWh m\u00e1s port\u00e1til de DJI hasta la fecha, dise\u00f1ada espec\u00edficamente para creadores de contenido, campistas y viajeros. Logra un equilibrio perfecto entre alta capacidad y verdadera portabilidad, con un peso aproximado de 11,35 kg (25 lb), unos 231 lb m\u00e1s ligera que la DJI Power 1000 est\u00e1ndar.","breadcrumb":{"@id":"https:\/\/www.ghostysky.com\/product\/dji-power-1000-mini\/#breadcrumb"},"inLanguage":"es","potentialAction":[{"@type":"ReadAction","target":["https:\/\/www.ghostysky.com\/product\/dji-power-1000-mini\/"]}]},{"@type":"ImageObject","inLanguage":"es","@id":"https:\/\/www.ghostysky.com\/product\/dji-power-1000-mini\/#primaryimage","url":"https:\/\/www.ghostysky.com\/wp-content\/uploads\/2026\/05\/GH_DJI-Power-1000-Mini_1.jpg","contentUrl":"https:\/\/www.ghostysky.com\/wp-content\/uploads\/2026\/05\/GH_DJI-Power-1000-Mini_1.jpg","width":1440,"height":1920},{"@type":"BreadcrumbList","@id":"https:\/\/www.ghostysky.com\/product\/dji-power-1000-mini\/#breadcrumb","itemListElement":[{"@type":"ListItem","position":1,"name":"Home","item":"https:\/\/www.ghostysky.com\/"},{"@type":"ListItem","position":2,"name":"Shop","item":"https:\/\/www.ghostysky.com\/shop\/"},{"@type":"ListItem","position":3,"name":"DJI Power 1000 Mini"}]},{"@type":"WebSite","@id":"https:\/\/www.ghostysky.com\/#website","url":"https:\/\/www.ghostysky.com\/","name":"Ghostysky","description":"Ofrecemos soluciones profesionales de drones y rob\u00f3tica.","publisher":{"@id":"https:\/\/www.ghostysky.com\/#organization"},"potentialAction":[{"@type":"SearchAction","target":{"@type":"EntryPoint","urlTemplate":"https:\/\/www.ghostysky.com\/?s={search_term_string}"},"query-input":{"@type":"PropertyValueSpecification","valueRequired":true,"valueName":"search_term_string"}}],"inLanguage":"es"},{"@type":"Organization","@id":"https:\/\/www.ghostysky.com\/#organization","name":"Ghostysky","url":"https:\/\/www.ghostysky.com\/","logo":{"@type":"ImageObject","inLanguage":"es","@id":"https:\/\/www.ghostysky.com\/#\/schema\/logo\/image\/","url":"https:\/\/www.ghostysky.com\/wp-content\/uploads\/2020\/06\/cropped-ghostyskylogo_text_white2.png","contentUrl":"https:\/\/www.ghostysky.com\/wp-content\/uploads\/2020\/06\/cropped-ghostyskylogo_text_white2.png","width":169,"height":56,"caption":"Ghostysky"},"image":{"@id":"https:\/\/www.ghostysky.com\/#\/schema\/logo\/image\/"},"sameAs":["https:\/\/www.facebook.com\/people\/Ghostysky\/100057676170234\/","https:\/\/x.com\/Gh0stysky","https:\/\/www.linkedin.com\/company\/34739653","https:\/\/www.instagram.com\/gh0stysky"]}]}},"_links":{"self":[{"href":"https:\/\/www.ghostysky.com\/es\/wp-json\/wp\/v2\/product\/25938","targetHints":{"allow":["GET"]}}],"collection":[{"href":"https:\/\/www.ghostysky.com\/es\/wp-json\/wp\/v2\/product"}],"about":[{"href":"https:\/\/www.ghostysky.com\/es\/wp-json\/wp\/v2\/types\/product"}],"replies":[{"embeddable":true,"href":"https:\/\/www.ghostysky.com\/es\/wp-json\/wp\/v2\/comments?post=25938"}],"version-history":[{"count":1,"href":"https:\/\/www.ghostysky.com\/es\/wp-json\/wp\/v2\/product\/25938\/revisions"}],"predecessor-version":[{"id":25944,"href":"https:\/\/www.ghostysky.com\/es\/wp-json\/wp\/v2\/product\/25938\/revisions\/25944"}],"wp:featuredmedia":[{"embeddable":true,"href":"https:\/\/www.ghostysky.com\/es\/wp-json\/wp\/v2\/media\/25943"}],"wp:attachment":[{"href":"https:\/\/www.ghostysky.com\/es\/wp-json\/wp\/v2\/media?parent=25938"}],"wp:term":[{"taxonomy":"product_brand","embeddable":true,"href":"https:\/\/www.ghostysky.com\/es\/wp-json\/wp\/v2\/product_brand?post=25938"},{"taxonomy":"product_cat","embeddable":true,"href":"https:\/\/www.ghostysky.com\/es\/wp-json\/wp\/v2\/product_cat?post=25938"},{"taxonomy":"product_tag","embeddable":true,"href":"https:\/\/www.ghostysky.com\/es\/wp-json\/wp\/v2\/product_tag?post=25938"}],"curies":[{"name":"wp","href":"https:\/\/api.w.org\/{rel}","templated":true}]}}