{"id":25994,"date":"2026-05-03T08:31:39","date_gmt":"2026-05-03T08:31:39","guid":{"rendered":"https:\/\/www.ghostysky.com\/?post_type=product&#038;p=25994"},"modified":"2026-05-08T16:06:42","modified_gmt":"2026-05-08T16:06:42","slug":"geosun-gs-2000r","status":"publish","type":"product","link":"https:\/\/www.ghostysky.com\/es\/product\/geosun-gs-2000r\/","title":{"rendered":"Geosun GS-2000R"},"content":{"rendered":"<h3 data-path-to-node=\"3\">Caracter\u00edsticas principales y rendimiento<\/h3>\n<ul data-path-to-node=\"4\">\n<li>\n<p id=\"p-rc_f7b00e2edd2842cd-31\" data-path-to-node=\"4,0,0\"><b data-path-to-node=\"4,0,0\" data-index-in-node=\"0\"><span class=\"citation-20\">Precisi\u00f3n de nivel de encuesta:<\/span><\/b><span class=\"citation-20\"> Desarrollado por un <\/span><b data-path-to-node=\"4,0,0\" data-index-in-node=\"37\"><span class=\"citation-20\">RIEGL VUX-1LR<\/span><\/b><span class=\"citation-20\"> (o un sensor de gama alta similar), ofrece un rango de precisi\u00f3n de <\/span><b data-path-to-node=\"4,0,0\" data-index-in-node=\"111\"><span class=\"citation-20\">15 mm<\/span><\/b><span class=\"citation-20 citation-end-20\">, asegurando que se capturen hasta los m\u00e1s m\u00ednimos detalles topogr\u00e1ficos.<\/span><\/p>\n<\/li>\n<li>\n<p id=\"p-rc_f7b00e2edd2842cd-32\" data-path-to-node=\"4,1,0\"><b data-path-to-node=\"4,1,0\" data-index-in-node=\"0\"><span class=\"citation-19\">Alcance extremadamente largo:<\/span><\/b><span class=\"citation-19\"> Con un rango de medici\u00f3n de hasta <\/span><b data-path-to-node=\"4,1,0\" data-index-in-node=\"52\"><span class=\"citation-19\">1.845 metros<\/span><\/b><span class=\"citation-19 citation-end-19\">, Este sistema permite vuelos a gran altitud, lo que aumenta la seguridad en terrenos monta\u00f1osos y permite cubrir una mayor superficie por vuelo.<\/span><\/p>\n<\/li>\n<li>\n<p id=\"p-rc_f7b00e2edd2842cd-33\" data-path-to-node=\"4,2,0\"><b data-path-to-node=\"4,2,0\" data-index-in-node=\"0\"><span class=\"citation-18\">Penetraci\u00f3n superior:<\/span><\/b><span class=\"citation-18 citation-end-18\"> Gracias a su capacidad de detecci\u00f3n de m\u00faltiples objetivos (digitalizaci\u00f3n de eco), puede penetrar la vegetaci\u00f3n densa para proporcionar modelos digitales de elevaci\u00f3n (MDE) precisos.<\/span><\/p>\n<\/li>\n<li>\n<p id=\"p-rc_f7b00e2edd2842cd-34\" data-path-to-node=\"4,3,0\"><b data-path-to-node=\"4,3,0\" data-index-in-node=\"0\">Im\u00e1genes integradas:<\/b><span class=\"citation-17\"> Viene equipado con un sistema incorporado <\/span><b data-path-to-node=\"4,3,0\" data-index-in-node=\"51\"><span class=\"citation-17\">C\u00e1mara de fotograma completo de 45 MP<\/span><\/b><span class=\"citation-17 citation-end-17\">, lo que permite la generaci\u00f3n de nubes de puntos 3D de alta resoluci\u00f3n y color real.<\/span><\/p>\n<\/li>\n<li>\n<p id=\"p-rc_f7b00e2edd2842cd-35\" data-path-to-node=\"4,4,0\"><b data-path-to-node=\"4,4,0\" data-index-in-node=\"0\"><span class=\"citation-16\">Sistema de punto de venta industrial:<\/span><\/b><span class=\"citation-16\"> Incorpora una IMU de alta precisi\u00f3n (<\/span><b data-path-to-node=\"4,4,0\" data-index-in-node=\"54\"><span class=\"citation-16\">ggirar 410<\/span><\/b><span class=\"citation-16\">) y unidad GNSS, que proporciona datos de actitud y posicionamiento estables con una precisi\u00f3n horizontal de <\/span><b data-path-to-node=\"4,4,0\" data-index-in-node=\"157\"><span class=\"citation-16\">0,02 m<\/span><\/b><span class=\"citation-16 citation-end-16\">.<\/span><\/p>\n<div class=\"source-inline-chip-container ng-star-inserted\"><\/div>\n<p>&nbsp;<\/li>\n<\/ul>\n<h3 data-path-to-node=\"6\">Especificaciones t\u00e9cnicas<\/h3>\n<table data-path-to-node=\"7\">\n<thead>\n<tr>\n<td><strong>Caracter\u00edstica<\/strong><\/td>\n<td><strong>Especificaci\u00f3n<\/strong><\/td>\n<\/tr>\n<\/thead>\n<tbody>\n<tr>\n<td><span data-path-to-node=\"7,1,0,0\"><b data-path-to-node=\"7,1,0,0\" data-index-in-node=\"0\">Sensor l\u00e1ser<\/b><\/span><\/td>\n<td><span data-path-to-node=\"7,1,1,0\">Sensor l\u00e1ser RIEGL<\/span><\/td>\n<\/tr>\n<tr>\n<td><span data-path-to-node=\"7,2,0,0\"><b data-path-to-node=\"7,2,0,0\" data-index-in-node=\"0\">Rango de medici\u00f3n<\/b><\/span><\/td>\n<td><span data-path-to-node=\"7,2,1,0\">Hasta 1.845 m<\/span><\/td>\n<\/tr>\n<tr>\n<td><span data-path-to-node=\"7,3,0,0\"><b data-path-to-node=\"7,3,0,0\" data-index-in-node=\"0\">Precisi\u00f3n del rango<\/b><\/span><\/td>\n<td><span data-path-to-node=\"7,3,1,0\">15 mm<\/span><\/td>\n<\/tr>\n<tr>\n<td><span data-path-to-node=\"7,4,0,0\"><b data-path-to-node=\"7,4,0,0\" data-index-in-node=\"0\">Frecuencia de escaneo<\/b><\/span><\/td>\n<td><span data-path-to-node=\"7,4,1,0\">10 Hz \u2013 200 Hz<\/span><\/td>\n<\/tr>\n<tr>\n<td><span data-path-to-node=\"7,5,0,0\"><b data-path-to-node=\"7,5,0,0\" data-index-in-node=\"0\">Campo de visi\u00f3n (FOV)<\/b><\/span><\/td>\n<td><span data-path-to-node=\"7,5,1,0\">360\u00b0<\/span><\/td>\n<\/tr>\n<tr>\n<td><span data-path-to-node=\"7,6,0,0\"><b data-path-to-node=\"7,6,0,0\" data-index-in-node=\"0\">Resoluci\u00f3n de la c\u00e1mara<\/b><\/span><\/td>\n<td><span data-path-to-node=\"7,6,1,0\">45 megap\u00edxeles (fotograma completo)<\/span><\/td>\n<\/tr>\n<tr>\n<td><span data-path-to-node=\"7,7,0,0\"><b data-path-to-node=\"7,7,0,0\" data-index-in-node=\"0\">Peso del sistema<\/b><\/span><\/td>\n<td><span data-path-to-node=\"7,7,1,0\">4,5 kg<\/span><\/td>\n<\/tr>\n<tr>\n<td><span data-path-to-node=\"7,8,0,0\"><b data-path-to-node=\"7,8,0,0\" data-index-in-node=\"0\">Almacenamiento<\/b><\/span><\/td>\n<td><span data-path-to-node=\"7,8,1,0\">SSD interno de 512 GB<\/span><\/td>\n<\/tr>\n<tr>\n<td><span data-path-to-node=\"7,9,0,0\"><b data-path-to-node=\"7,9,0,0\" data-index-in-node=\"0\">El consumo de energ\u00eda<\/b><\/span><\/td>\n<td><span data-path-to-node=\"7,9,1,0\">75 W<\/span><\/td>\n<\/tr>\n<tr>\n<td><span data-path-to-node=\"7,10,0,0\"><b data-path-to-node=\"7,10,0,0\" data-index-in-node=\"0\">Plataformas compatibles<\/b><\/span><\/td>\n<td><span data-path-to-node=\"7,10,1,0\">DJI M300\/M350, VTOL, Ala fija, Veh\u00edculos<\/span><\/td>\n<\/tr>\n<\/tbody>\n<\/table>\n<p>&nbsp;<\/p>\n<p>&nbsp;<\/p>\n<h3 data-path-to-node=\"9\">Aplicaciones<\/h3>\n<ul data-path-to-node=\"10\">\n<li>\n<p id=\"p-rc_f7b00e2edd2842cd-36\" data-path-to-node=\"10,0,0\"><b data-path-to-node=\"10,0,0\" data-index-in-node=\"0\"><span class=\"citation-15\">Inspecci\u00f3n de l\u00ednea el\u00e9ctrica:<\/span><\/b><span class=\"citation-15 citation-end-15\"> Mapeo detallado de estructuras de cables y pilones con alta densidad de puntos.<\/span><\/p>\n<\/li>\n<li>\n<p id=\"p-rc_f7b00e2edd2842cd-37\" data-path-to-node=\"10,1,0\"><b data-path-to-node=\"10,1,0\" data-index-in-node=\"0\"><span class=\"citation-14\">Gesti\u00f3n Forestal:<\/span><\/b><span class=\"citation-14 citation-end-14\"> Medir la altura de la copa de los \u00e1rboles y el terreno subyacente a trav\u00e9s de la densa vegetaci\u00f3n.<\/span><\/p>\n<\/li>\n<li>\n<p id=\"p-rc_f7b00e2edd2842cd-38\" data-path-to-node=\"10,2,0\"><b data-path-to-node=\"10,2,0\" data-index-in-node=\"0\">Topograf\u00eda minera:<\/b><span class=\"citation-13 citation-end-13\"> C\u00e1lculos r\u00e1pidos de volumen y monitoreo de seguridad en minas a cielo abierto.<\/span><\/p>\n<\/li>\n<li>\n<p data-path-to-node=\"10,3,0\"><b data-path-to-node=\"10,3,0\" data-index-in-node=\"0\">Mapeo topogr\u00e1fico:<\/b> Cartograf\u00eda a gran escala (1:500 o 1:1000) para la planificaci\u00f3n y construcci\u00f3n urbana.<\/p>\n<\/li>\n<\/ul>\n<p>&nbsp;<\/p>\n<p>&nbsp;<\/p>\n<h3 data-path-to-node=\"12\">Ecosistema de software<\/h3>\n<p data-path-to-node=\"13\">El sistema incluye <b data-path-to-node=\"13\" data-index-in-node=\"20\">gAirHawk 5.0<\/b> (o la \u00faltima versi\u00f3n) para el preprocesamiento. Este software simplifica el flujo de trabajo mediante:<\/p>\n<ol start=\"1\" data-path-to-node=\"14\">\n<li>\n<p id=\"p-rc_f7b00e2edd2842cd-39\" data-path-to-node=\"14,0,0\"><span class=\"citation-12 citation-end-12\">Integraci\u00f3n de datos GNSS e IMU para calcular trayectorias.<\/span><\/p>\n<\/li>\n<li>\n<p data-path-to-node=\"14,1,0\">Combinaci\u00f3n de datos de trayectoria con escaneos LiDAR sin procesar.<\/p>\n<\/li>\n<li>\n<p data-path-to-node=\"14,2,0\">Aplicar la colorizaci\u00f3n RGB de la c\u00e1mara interna a la nube de puntos para obtener un resultado de &quot;gemelo digital&quot;.<\/p>\n<\/li>\n<\/ol>","protected":false},"excerpt":{"rendered":"<p id=\"p-rc_f7b00e2edd2842cd-29\" data-path-to-node=\"0\"><span class=\"citation-23\">El <\/span><b data-path-to-node=\"0\" data-index-in-node=\"4\"><span class=\"citation-23\">Geosun gAirHawk GS-2000R<\/span><\/b><span class=\"citation-23 citation-end-23\"> Es un sistema de escaneo LiDAR de alto rendimiento y largo alcance, dise\u00f1ado para levantamientos topogr\u00e1ficos a\u00e9reos de nivel profesional.<\/span> <span class=\"citation-22\">Es la pieza central de la serie gAirHawk, que integra un <\/span><b data-path-to-node=\"0\" data-index-in-node=\"194\"><span class=\"citation-22\">Sensor l\u00e1ser RIEGL<\/span><\/b><span class=\"citation-22 citation-end-22\"> para ofrecer una precisi\u00f3n de nivel topogr\u00e1fico incluso a grandes altitudes y velocidades.<\/span><\/p>\n<p id=\"p-rc_f7b00e2edd2842cd-30\" data-path-to-node=\"1\"><span class=\"citation-21 citation-end-21\">Ya sea que est\u00e9 cartografiando densos bosques, complejas l\u00edneas el\u00e9ctricas o extensas infraestructuras urbanas, la GS-2000R est\u00e1 dise\u00f1ada para manejar proyectos a gran escala que exigen precisi\u00f3n y eficiencia.<\/span><\/p>","protected":false},"featured_media":26059,"comment_status":"open","ping_status":"closed","template":"","meta":[],"product_brand":[],"product_cat":[650,705],"product_tag":[651,1451,401],"class_list":{"0":"post-25994","1":"product","2":"type-product","3":"status-publish","4":"has-post-thumbnail","6":"product_cat-geosun","7":"product_cat-sensors","8":"product_tag-geosun","9":"product_tag-gs-2000r","10":"product_tag-lidar","12":"first","13":"onbackorder","14":"taxable","15":"shipping-taxable","16":"product-type-simple"},"yoast_head":"<!-- This site is optimized with the Yoast SEO plugin v27.4 - https:\/\/yoast.com\/product\/yoast-seo-wordpress\/ -->\n<title>Geosun GS-2000R - Ghostysky<\/title>\n<meta name=\"description\" content=\"The Geosun gAirHawk GS-2000R is a high-performance, long-range LiDAR scanning system designed for professional-grade aerial surveying. It is the powerhouse of the gAirHawk series, integrating a RIEGL laser sensor to deliver survey-grade accuracy even at high altitudes and speeds.Whether you are mapping dense forestry, complex power lines, or expansive urban infrastructure, the GS-2000R is built to handle large-scale projects that demand both precision and efficiency.\" \/>\n<meta name=\"robots\" content=\"index, follow, max-snippet:-1, max-image-preview:large, max-video-preview:-1\" \/>\n<link rel=\"canonical\" href=\"https:\/\/www.ghostysky.com\/es\/producto-2\/geosun-gs-2000r\/\" \/>\n<meta property=\"og:locale\" content=\"es_ES\" \/>\n<meta property=\"og:type\" content=\"article\" \/>\n<meta property=\"og:title\" content=\"Geosun GS-2000R - Ghostysky\" \/>\n<meta property=\"og:description\" content=\"The Geosun gAirHawk GS-2000R is a high-performance, long-range LiDAR scanning system designed for professional-grade aerial surveying. It is the powerhouse of the gAirHawk series, integrating a RIEGL laser sensor to deliver survey-grade accuracy even at high altitudes and speeds.Whether you are mapping dense forestry, complex power lines, or expansive urban infrastructure, the GS-2000R is built to handle large-scale projects that demand both precision and efficiency.\" \/>\n<meta property=\"og:url\" content=\"https:\/\/www.ghostysky.com\/es\/producto-2\/geosun-gs-2000r\/\" \/>\n<meta property=\"og:site_name\" content=\"Ghostysky\" \/>\n<meta property=\"article:publisher\" content=\"https:\/\/www.facebook.com\/people\/Ghostysky\/100057676170234\/\" \/>\n<meta property=\"article:modified_time\" content=\"2026-05-08T16:06:42+00:00\" \/>\n<meta property=\"og:image\" content=\"https:\/\/www.ghostysky.com\/wp-content\/uploads\/2026\/05\/GH_Geosun-GS-2000R.png\" \/>\n\t<meta property=\"og:image:width\" content=\"1200\" \/>\n\t<meta property=\"og:image:height\" content=\"844\" \/>\n\t<meta property=\"og:image:type\" content=\"image\/png\" \/>\n<meta name=\"twitter:card\" content=\"summary_large_image\" \/>\n<meta name=\"twitter:site\" content=\"@Gh0stysky\" \/>\n<meta name=\"twitter:label1\" content=\"Tiempo de lectura\" \/>\n\t<meta name=\"twitter:data1\" content=\"2 minutos\" \/>\n<script type=\"application\/ld+json\" class=\"yoast-schema-graph\">{\"@context\":\"https:\\\/\\\/schema.org\",\"@graph\":[{\"@type\":\"WebPage\",\"@id\":\"https:\\\/\\\/www.ghostysky.com\\\/product\\\/geosun-gs-2000r\\\/\",\"url\":\"https:\\\/\\\/www.ghostysky.com\\\/product\\\/geosun-gs-2000r\\\/\",\"name\":\"Geosun GS-2000R - Ghostysky\",\"isPartOf\":{\"@id\":\"https:\\\/\\\/www.ghostysky.com\\\/#website\"},\"primaryImageOfPage\":{\"@id\":\"https:\\\/\\\/www.ghostysky.com\\\/product\\\/geosun-gs-2000r\\\/#primaryimage\"},\"image\":{\"@id\":\"https:\\\/\\\/www.ghostysky.com\\\/product\\\/geosun-gs-2000r\\\/#primaryimage\"},\"thumbnailUrl\":\"https:\\\/\\\/www.ghostysky.com\\\/wp-content\\\/uploads\\\/2026\\\/05\\\/GH_Geosun-GS-2000R.png\",\"datePublished\":\"2026-05-03T08:31:39+00:00\",\"dateModified\":\"2026-05-08T16:06:42+00:00\",\"description\":\"The Geosun gAirHawk GS-2000R is a high-performance, long-range LiDAR scanning system designed for professional-grade aerial surveying. It is the powerhouse of the gAirHawk series, integrating a RIEGL laser sensor to deliver survey-grade accuracy even at high altitudes and speeds.Whether you are mapping dense forestry, complex power lines, or expansive urban infrastructure, the GS-2000R is built to handle large-scale projects that demand both precision and efficiency.\",\"breadcrumb\":{\"@id\":\"https:\\\/\\\/www.ghostysky.com\\\/product\\\/geosun-gs-2000r\\\/#breadcrumb\"},\"inLanguage\":\"es\",\"potentialAction\":[{\"@type\":\"ReadAction\",\"target\":[\"https:\\\/\\\/www.ghostysky.com\\\/product\\\/geosun-gs-2000r\\\/\"]}]},{\"@type\":\"ImageObject\",\"inLanguage\":\"es\",\"@id\":\"https:\\\/\\\/www.ghostysky.com\\\/product\\\/geosun-gs-2000r\\\/#primaryimage\",\"url\":\"https:\\\/\\\/www.ghostysky.com\\\/wp-content\\\/uploads\\\/2026\\\/05\\\/GH_Geosun-GS-2000R.png\",\"contentUrl\":\"https:\\\/\\\/www.ghostysky.com\\\/wp-content\\\/uploads\\\/2026\\\/05\\\/GH_Geosun-GS-2000R.png\",\"width\":1200,\"height\":844},{\"@type\":\"BreadcrumbList\",\"@id\":\"https:\\\/\\\/www.ghostysky.com\\\/product\\\/geosun-gs-2000r\\\/#breadcrumb\",\"itemListElement\":[{\"@type\":\"ListItem\",\"position\":1,\"name\":\"Home\",\"item\":\"https:\\\/\\\/www.ghostysky.com\\\/\"},{\"@type\":\"ListItem\",\"position\":2,\"name\":\"Shop\",\"item\":\"https:\\\/\\\/www.ghostysky.com\\\/shop\\\/\"},{\"@type\":\"ListItem\",\"position\":3,\"name\":\"Geosun GS-2000R\"}]},{\"@type\":\"WebSite\",\"@id\":\"https:\\\/\\\/www.ghostysky.com\\\/#website\",\"url\":\"https:\\\/\\\/www.ghostysky.com\\\/\",\"name\":\"Ghostysky\",\"description\":\"Delivering professional drones and robotics solutions\",\"publisher\":{\"@id\":\"https:\\\/\\\/www.ghostysky.com\\\/#organization\"},\"potentialAction\":[{\"@type\":\"SearchAction\",\"target\":{\"@type\":\"EntryPoint\",\"urlTemplate\":\"https:\\\/\\\/www.ghostysky.com\\\/?s={search_term_string}\"},\"query-input\":{\"@type\":\"PropertyValueSpecification\",\"valueRequired\":true,\"valueName\":\"search_term_string\"}}],\"inLanguage\":\"es\"},{\"@type\":\"Organization\",\"@id\":\"https:\\\/\\\/www.ghostysky.com\\\/#organization\",\"name\":\"Ghostysky\",\"url\":\"https:\\\/\\\/www.ghostysky.com\\\/\",\"logo\":{\"@type\":\"ImageObject\",\"inLanguage\":\"es\",\"@id\":\"https:\\\/\\\/www.ghostysky.com\\\/#\\\/schema\\\/logo\\\/image\\\/\",\"url\":\"https:\\\/\\\/www.ghostysky.com\\\/wp-content\\\/uploads\\\/2020\\\/06\\\/cropped-ghostyskylogo_text_white2.png\",\"contentUrl\":\"https:\\\/\\\/www.ghostysky.com\\\/wp-content\\\/uploads\\\/2020\\\/06\\\/cropped-ghostyskylogo_text_white2.png\",\"width\":169,\"height\":56,\"caption\":\"Ghostysky\"},\"image\":{\"@id\":\"https:\\\/\\\/www.ghostysky.com\\\/#\\\/schema\\\/logo\\\/image\\\/\"},\"sameAs\":[\"https:\\\/\\\/www.facebook.com\\\/people\\\/Ghostysky\\\/100057676170234\\\/\",\"https:\\\/\\\/x.com\\\/Gh0stysky\",\"https:\\\/\\\/www.linkedin.com\\\/company\\\/34739653\",\"https:\\\/\\\/www.instagram.com\\\/gh0stysky\"]}]}<\/script>\n<!-- \/ Yoast SEO plugin. -->","yoast_head_json":{"title":"Geosun GS-2000R - Ghostysky","description":"El Geosun gAirHawk GS-2000R es un sistema de escaneo LiDAR de alto rendimiento y largo alcance dise\u00f1ado para levantamientos a\u00e9reos profesionales. Es el modelo m\u00e1s potente de la serie gAirHawk, ya que integra un sensor l\u00e1ser RIEGL para ofrecer una precisi\u00f3n topogr\u00e1fica incluso a grandes altitudes y velocidades. Tanto si se trata de cartografiar densos bosques, complejas l\u00edneas el\u00e9ctricas o extensas infraestructuras urbanas, el GS-2000R est\u00e1 dise\u00f1ado para gestionar proyectos a gran escala que exigen precisi\u00f3n y eficiencia.","robots":{"index":"index","follow":"follow","max-snippet":"max-snippet:-1","max-image-preview":"max-image-preview:large","max-video-preview":"max-video-preview:-1"},"canonical":"https:\/\/www.ghostysky.com\/es\/producto-2\/geosun-gs-2000r\/","og_locale":"es_ES","og_type":"article","og_title":"Geosun GS-2000R - Ghostysky","og_description":"The Geosun gAirHawk GS-2000R is a high-performance, long-range LiDAR scanning system designed for professional-grade aerial surveying. It is the powerhouse of the gAirHawk series, integrating a RIEGL laser sensor to deliver survey-grade accuracy even at high altitudes and speeds.Whether you are mapping dense forestry, complex power lines, or expansive urban infrastructure, the GS-2000R is built to handle large-scale projects that demand both precision and efficiency.","og_url":"https:\/\/www.ghostysky.com\/es\/producto-2\/geosun-gs-2000r\/","og_site_name":"Ghostysky","article_publisher":"https:\/\/www.facebook.com\/people\/Ghostysky\/100057676170234\/","article_modified_time":"2026-05-08T16:06:42+00:00","og_image":[{"width":1200,"height":844,"url":"https:\/\/www.ghostysky.com\/wp-content\/uploads\/2026\/05\/GH_Geosun-GS-2000R.png","type":"image\/png"}],"twitter_card":"summary_large_image","twitter_site":"@Gh0stysky","twitter_misc":{"Tiempo de lectura":"2 minutos"},"schema":{"@context":"https:\/\/schema.org","@graph":[{"@type":"WebPage","@id":"https:\/\/www.ghostysky.com\/product\/geosun-gs-2000r\/","url":"https:\/\/www.ghostysky.com\/product\/geosun-gs-2000r\/","name":"Geosun GS-2000R - Ghostysky","isPartOf":{"@id":"https:\/\/www.ghostysky.com\/#website"},"primaryImageOfPage":{"@id":"https:\/\/www.ghostysky.com\/product\/geosun-gs-2000r\/#primaryimage"},"image":{"@id":"https:\/\/www.ghostysky.com\/product\/geosun-gs-2000r\/#primaryimage"},"thumbnailUrl":"https:\/\/www.ghostysky.com\/wp-content\/uploads\/2026\/05\/GH_Geosun-GS-2000R.png","datePublished":"2026-05-03T08:31:39+00:00","dateModified":"2026-05-08T16:06:42+00:00","description":"El Geosun gAirHawk GS-2000R es un sistema de escaneo LiDAR de alto rendimiento y largo alcance dise\u00f1ado para levantamientos a\u00e9reos profesionales. Es el modelo m\u00e1s potente de la serie gAirHawk, ya que integra un sensor l\u00e1ser RIEGL para ofrecer una precisi\u00f3n topogr\u00e1fica incluso a grandes altitudes y velocidades. Tanto si se trata de cartografiar densos bosques, complejas l\u00edneas el\u00e9ctricas o extensas infraestructuras urbanas, el GS-2000R est\u00e1 dise\u00f1ado para gestionar proyectos a gran escala que exigen precisi\u00f3n y eficiencia.","breadcrumb":{"@id":"https:\/\/www.ghostysky.com\/product\/geosun-gs-2000r\/#breadcrumb"},"inLanguage":"es","potentialAction":[{"@type":"ReadAction","target":["https:\/\/www.ghostysky.com\/product\/geosun-gs-2000r\/"]}]},{"@type":"ImageObject","inLanguage":"es","@id":"https:\/\/www.ghostysky.com\/product\/geosun-gs-2000r\/#primaryimage","url":"https:\/\/www.ghostysky.com\/wp-content\/uploads\/2026\/05\/GH_Geosun-GS-2000R.png","contentUrl":"https:\/\/www.ghostysky.com\/wp-content\/uploads\/2026\/05\/GH_Geosun-GS-2000R.png","width":1200,"height":844},{"@type":"BreadcrumbList","@id":"https:\/\/www.ghostysky.com\/product\/geosun-gs-2000r\/#breadcrumb","itemListElement":[{"@type":"ListItem","position":1,"name":"Home","item":"https:\/\/www.ghostysky.com\/"},{"@type":"ListItem","position":2,"name":"Shop","item":"https:\/\/www.ghostysky.com\/shop\/"},{"@type":"ListItem","position":3,"name":"Geosun GS-2000R"}]},{"@type":"WebSite","@id":"https:\/\/www.ghostysky.com\/#website","url":"https:\/\/www.ghostysky.com\/","name":"Ghostysky","description":"Ofrecemos soluciones profesionales de drones y rob\u00f3tica.","publisher":{"@id":"https:\/\/www.ghostysky.com\/#organization"},"potentialAction":[{"@type":"SearchAction","target":{"@type":"EntryPoint","urlTemplate":"https:\/\/www.ghostysky.com\/?s={search_term_string}"},"query-input":{"@type":"PropertyValueSpecification","valueRequired":true,"valueName":"search_term_string"}}],"inLanguage":"es"},{"@type":"Organization","@id":"https:\/\/www.ghostysky.com\/#organization","name":"Ghostysky","url":"https:\/\/www.ghostysky.com\/","logo":{"@type":"ImageObject","inLanguage":"es","@id":"https:\/\/www.ghostysky.com\/#\/schema\/logo\/image\/","url":"https:\/\/www.ghostysky.com\/wp-content\/uploads\/2020\/06\/cropped-ghostyskylogo_text_white2.png","contentUrl":"https:\/\/www.ghostysky.com\/wp-content\/uploads\/2020\/06\/cropped-ghostyskylogo_text_white2.png","width":169,"height":56,"caption":"Ghostysky"},"image":{"@id":"https:\/\/www.ghostysky.com\/#\/schema\/logo\/image\/"},"sameAs":["https:\/\/www.facebook.com\/people\/Ghostysky\/100057676170234\/","https:\/\/x.com\/Gh0stysky","https:\/\/www.linkedin.com\/company\/34739653","https:\/\/www.instagram.com\/gh0stysky"]}]}},"_links":{"self":[{"href":"https:\/\/www.ghostysky.com\/es\/wp-json\/wp\/v2\/product\/25994","targetHints":{"allow":["GET"]}}],"collection":[{"href":"https:\/\/www.ghostysky.com\/es\/wp-json\/wp\/v2\/product"}],"about":[{"href":"https:\/\/www.ghostysky.com\/es\/wp-json\/wp\/v2\/types\/product"}],"replies":[{"embeddable":true,"href":"https:\/\/www.ghostysky.com\/es\/wp-json\/wp\/v2\/comments?post=25994"}],"version-history":[{"count":1,"href":"https:\/\/www.ghostysky.com\/es\/wp-json\/wp\/v2\/product\/25994\/revisions"}],"predecessor-version":[{"id":26060,"href":"https:\/\/www.ghostysky.com\/es\/wp-json\/wp\/v2\/product\/25994\/revisions\/26060"}],"wp:featuredmedia":[{"embeddable":true,"href":"https:\/\/www.ghostysky.com\/es\/wp-json\/wp\/v2\/media\/26059"}],"wp:attachment":[{"href":"https:\/\/www.ghostysky.com\/es\/wp-json\/wp\/v2\/media?parent=25994"}],"wp:term":[{"taxonomy":"product_brand","embeddable":true,"href":"https:\/\/www.ghostysky.com\/es\/wp-json\/wp\/v2\/product_brand?post=25994"},{"taxonomy":"product_cat","embeddable":true,"href":"https:\/\/www.ghostysky.com\/es\/wp-json\/wp\/v2\/product_cat?post=25994"},{"taxonomy":"product_tag","embeddable":true,"href":"https:\/\/www.ghostysky.com\/es\/wp-json\/wp\/v2\/product_tag?post=25994"}],"curies":[{"name":"wp","href":"https:\/\/api.w.org\/{rel}","templated":true}]}}