{"id":26061,"date":"2026-05-08T16:11:01","date_gmt":"2026-05-08T16:11:01","guid":{"rendered":"https:\/\/www.ghostysky.com\/?post_type=product&#038;p=26061"},"modified":"2026-05-08T17:23:16","modified_gmt":"2026-05-08T17:23:16","slug":"geosun-gcollector-m302","status":"publish","type":"product","link":"https:\/\/www.ghostysky.com\/es\/product\/geosun-gcollector-m302\/","title":{"rendered":"Geosun gCollector-M302"},"content":{"rendered":"<h3 data-path-to-node=\"3\">Caracter\u00edsticas y beneficios principales<\/h3>\n<ul data-path-to-node=\"4\">\n<li>\n<p data-path-to-node=\"4,0,0\"><b data-path-to-node=\"4,0,0\" data-index-in-node=\"0\">Versatilidad multiplataforma:<\/b> Ya sea montado en un <b data-path-to-node=\"4,0,0\" data-index-in-node=\"49\">Veh\u00edculo a\u00e9reo no tripulado (dron)<\/b>, a <b data-path-to-node=\"4,0,0\" data-index-in-node=\"64\">veh\u00edculo<\/b>, o utilizado como un <b data-path-to-node=\"4,0,0\" data-index-in-node=\"86\">port\u00e1til\/mochila<\/b> La unidad M302 se adapta al terreno y la escala de su proyecto.<\/p>\n<\/li>\n<li>\n<p data-path-to-node=\"4,1,0\"><b data-path-to-node=\"4,1,0\" data-index-in-node=\"0\">Posicionamiento de alta precisi\u00f3n:<\/b> Equipado con un grado t\u00e1ctico <b data-path-to-node=\"4,1,0\" data-index-in-node=\"58\">IMU<\/b> y una gama alta <b data-path-to-node=\"4,1,0\" data-index-in-node=\"77\">GNSS<\/b> receptor, lo que garantiza una precisi\u00f3n a nivel centim\u00e9trico incluso en entornos complejos.<\/p>\n<\/li>\n<li>\n<p data-path-to-node=\"4,2,0\"><b data-path-to-node=\"4,2,0\" data-index-in-node=\"0\">Tecnolog\u00eda de triple retorno:<\/b> Su excelente capacidad de penetraci\u00f3n a trav\u00e9s de la vegetaci\u00f3n densa la convierte en una opci\u00f3n ideal para trabajos forestales, levantamientos topogr\u00e1ficos e inspecciones de l\u00edneas el\u00e9ctricas.<\/p>\n<\/li>\n<li>\n<p data-path-to-node=\"4,3,0\"><b data-path-to-node=\"4,3,0\" data-index-in-node=\"0\">Visualizaci\u00f3n de datos en tiempo real:<\/b> Compatible con el paquete de software propietario de Geosun, lo que permite a los operadores supervisar la calidad y la cobertura de la nube de puntos durante la misi\u00f3n.<\/p>\n<\/li>\n<li>\n<p data-path-to-node=\"4,4,0\"><b data-path-to-node=\"4,4,0\" data-index-in-node=\"0\">Im\u00e1genes integradas:<\/b> Permite la integraci\u00f3n de c\u00e1maras externas para generar nubes de puntos 3D en color real, lo que a\u00f1ade una capa de contexto visual a sus gemelos digitales.<\/p>\n<\/li>\n<\/ul>\n<p>&nbsp;<\/p>\n<h3 data-path-to-node=\"6\"><\/h3>\n<h3 data-path-to-node=\"6\">Especificaciones t\u00e9cnicas<\/h3>\n<table class=\"pd-spec-table\">\n<tbody>\n<tr>\n<th>Componente<\/th>\n<th>Especificaci\u00f3n<\/th>\n<\/tr>\n<tr>\n<td><strong>Par\u00e1metros de gCollector<\/strong><\/td>\n<td><\/td>\n<\/tr>\n<tr>\n<td>CPU\/RAM<\/td>\n<td>13.\u00aa generaci\u00f3n Intel i9 \/ 96 GB DDR5<\/td>\n<\/tr>\n<tr>\n<td>Unidad de procesamiento<\/td>\n<td>Soporte m\u00e1ximo para Nvidia RTX 4090<\/td>\n<\/tr>\n<tr>\n<td>Interfaz de la c\u00e1mara<\/td>\n<td>Soporte m\u00e1ximo para 16 * 8MP GMSL<\/td>\n<\/tr>\n<tr>\n<td>Interfaz LiDAR<\/td>\n<td>M\u00e1ximo 10 v\u00edas, 1000 Mbps<\/td>\n<\/tr>\n<tr>\n<td>Puerto serie<\/td>\n<td>RS232\/422\/485 de 2 v\u00edas<\/td>\n<\/tr>\n<tr>\n<td>CAN\/CANfd<\/td>\n<td>8 v\u00edas, 8 Mbps<\/td>\n<\/tr>\n<tr>\n<td>USB<\/td>\n<td>USB 3.2 de 6 v\u00edas<\/td>\n<\/tr>\n<tr>\n<td><strong>Unidad LiDAR<\/strong><\/td>\n<td><\/td>\n<\/tr>\n<tr>\n<td>Rango de medici\u00f3n<\/td>\n<td>Alcance m\u00e1ximo de detecci\u00f3n: 300 m<\/td>\n<\/tr>\n<tr>\n<td>Precisi\u00f3n del rango<\/td>\n<td>1 cm<\/td>\n<\/tr>\n<tr>\n<td>Clase de l\u00e1ser<\/td>\n<td>950 nm Clase 1 (IEC 60825-1:2014)<\/td>\n<\/tr>\n<tr>\n<td>Devolver<\/td>\n<td>3 Ecos<\/td>\n<\/tr>\n<tr>\n<td>Velocidad de datos<\/td>\n<td>1.920.000,00 puntos\/s<\/td>\n<\/tr>\n<tr>\n<td>campo de visi\u00f3n<\/td>\n<td>360\u00b0\/40,3\u00b0<\/td>\n<\/tr>\n<tr>\n<td><strong>Unidad POS<\/strong><\/td>\n<td><\/td>\n<\/tr>\n<tr>\n<td>Frecuencia de actualizaci\u00f3n<\/td>\n<td>200Hz<\/td>\n<\/tr>\n<tr>\n<td>Liderear Punteria<\/td>\n<td>0,008\u00b0<\/td>\n<\/tr>\n<tr>\n<td>Precisi\u00f3n de tono<\/td>\n<td>0,003\u00b0<\/td>\n<\/tr>\n<tr>\n<td>Precisi\u00f3n de rodadura<\/td>\n<td>0,003\u00b0<\/td>\n<\/tr>\n<tr>\n<td>Precisi\u00f3n de posici\u00f3n<\/td>\n<td>Horizontal: 0,02 m, Vertical: 0,03 m<\/td>\n<\/tr>\n<tr>\n<td>Tipo de se\u00f1al GNSS<\/td>\n<td>GPS L1\/L2\/L5, GLONASS L1\/L2, BDS B1\/B2\/B3, GAL E1\/E5a\/E5b<\/td>\n<\/tr>\n<tr>\n<td>Modelo<\/td>\n<td>gSpin 510<\/td>\n<\/tr>\n<tr>\n<td><strong>C\u00e1mara<\/strong><\/td>\n<td><\/td>\n<\/tr>\n<tr>\n<td>P\u00edxel efectivo<\/td>\n<td>7* 5 Megap\u00edxeles<\/td>\n<\/tr>\n<tr>\n<td>Tiempo de exposici\u00f3n<\/td>\n<td>25 \u03bcs ~ 2,5 s<\/td>\n<\/tr>\n<tr>\n<td>Velocidad m\u00e1xima de fotogramas<\/td>\n<td>30 fps<\/td>\n<\/tr>\n<\/tbody>\n<\/table>\n<p>&nbsp;<\/p>\n<h3 data-path-to-node=\"9\"><\/h3>\n<h3 data-path-to-node=\"9\">Aplicaciones principales<\/h3>\n<blockquote data-path-to-node=\"10\">\n<p data-path-to-node=\"10,0\"><b data-path-to-node=\"10,0\" data-index-in-node=\"0\">\u201cEl gCollector-M302 transforma horas de trabajo topogr\u00e1fico tradicional en minutos de captura digital.\u201d<\/b><\/p>\n<\/blockquote>\n<ol start=\"1\" data-path-to-node=\"11\">\n<li>\n<p data-path-to-node=\"11,0,0\"><b data-path-to-node=\"11,0,0\" data-index-in-node=\"0\">Mapeo topogr\u00e1fico:<\/b> Genere r\u00e1pidamente modelos digitales de elevaci\u00f3n (MDE) y modelos digitales de superficie (MDS).<\/p>\n<\/li>\n<li>\n<p data-path-to-node=\"11,1,0\"><b data-path-to-node=\"11,1,0\" data-index-in-node=\"0\">Inspecci\u00f3n de infraestructura:<\/b> Modelado 3D detallado de puentes, autopistas y t\u00faneles para flujos de trabajo de mantenimiento y BIM.<\/p>\n<\/li>\n<li>\n<p data-path-to-node=\"11,2,0\"><b data-path-to-node=\"11,2,0\" data-index-in-node=\"0\">Inspecci\u00f3n de l\u00edneas el\u00e9ctricas:<\/b> Extracci\u00f3n autom\u00e1tica de cables de l\u00edneas el\u00e9ctricas y an\u00e1lisis de distancias de seguridad.<\/p>\n<\/li>\n<li>\n<p data-path-to-node=\"11,3,0\"><b data-path-to-node=\"11,3,0\" data-index-in-node=\"0\">Gesti\u00f3n Forestal:<\/b> Mida la altura de los \u00e1rboles, la densidad de la copa y la biomasa con pulsos l\u00e1ser de alta penetraci\u00f3n.<\/p>\n<\/li>\n<li>\n<p data-path-to-node=\"11,4,0\"><b data-path-to-node=\"11,4,0\" data-index-in-node=\"0\">Planificaci\u00f3n urbana:<\/b> Capture r\u00e1pidamente datos &quot;tal como est\u00e1n construidos&quot; para iniciativas de ciudades inteligentes y mapas de vista de calle.<\/p>\n<\/li>\n<\/ol>\n<p>&nbsp;<\/p>\n<h3 data-path-to-node=\"13\"><\/h3>\n<h3 data-path-to-node=\"13\">\u00bfPor qu\u00e9 elegir el M302?<\/h3>\n<p data-path-to-node=\"14\">El <b data-path-to-node=\"14\" data-index-in-node=\"4\">Geosun gCollector-M302<\/b> destaca por su <b data-path-to-node=\"14\" data-index-in-node=\"46\">equilibrio de peso y rango<\/b>. Si bien muchos esc\u00e1neres ligeros sacrifican el alcance, el M302 mantiene una capacidad de largo alcance que permite mayores altitudes de vuelo (aumentando la seguridad y el \u00e1rea de cobertura) sin comprometer la densidad de la nube de puntos. Es una herramienta indispensable para los top\u00f3grafos que necesitan un instrumento fiable y vers\u00e1til para afrontar diversos desaf\u00edos ambientales.<\/p>","protected":false},"excerpt":{"rendered":"<p>El <b data-path-to-node=\"1\" data-index-in-node=\"4\">Geosun gCollector-M302<\/b> Es un sistema de escaneo LiDAR m\u00f3vil multiplataforma de calidad profesional, dise\u00f1ado para la adquisici\u00f3n de datos geoespaciales de alta eficiencia. Dise\u00f1ado para combinar portabilidad y potencia, el M302 integra escaneo l\u00e1ser de alta resoluci\u00f3n, posicionamiento preciso y capacidades de imagen en una sola unidad compacta.<\/p>","protected":false},"featured_media":26062,"comment_status":"open","ping_status":"closed","template":"","meta":[],"product_brand":[],"product_cat":[650,705],"product_tag":[651,1451,401],"class_list":{"0":"post-26061","1":"product","2":"type-product","3":"status-publish","4":"has-post-thumbnail","6":"product_cat-geosun","7":"product_cat-sensors","8":"product_tag-geosun","9":"product_tag-gs-2000r","10":"product_tag-lidar","12":"first","13":"onbackorder","14":"taxable","15":"shipping-taxable","16":"product-type-simple"},"yoast_head":"<!-- This site is optimized with the Yoast SEO plugin v27.4 - https:\/\/yoast.com\/product\/yoast-seo-wordpress\/ -->\n<title>Geosun gCollector-M302 - Ghostysky<\/title>\n<meta name=\"description\" content=\"The Geosun gCollector-M302 is a professional-grade, multi-platform mobile LiDAR scanning system designed for high-efficiency geospatial data acquisition. Engineered to bridge the gap between portability and power, the M302 integrates high-resolution laser scanning, precise positioning, and imaging capabilities into a single, compact unit.\" \/>\n<meta name=\"robots\" content=\"index, follow, max-snippet:-1, max-image-preview:large, max-video-preview:-1\" \/>\n<link rel=\"canonical\" href=\"https:\/\/www.ghostysky.com\/es\/producto-2\/geosun-gcollector-m302\/\" \/>\n<meta property=\"og:locale\" content=\"es_ES\" \/>\n<meta property=\"og:type\" content=\"article\" \/>\n<meta property=\"og:title\" content=\"Geosun gCollector-M302 - Ghostysky\" \/>\n<meta property=\"og:description\" content=\"The Geosun gCollector-M302 is a professional-grade, multi-platform mobile LiDAR scanning system designed for high-efficiency geospatial data acquisition. Engineered to bridge the gap between portability and power, the M302 integrates high-resolution laser scanning, precise positioning, and imaging capabilities into a single, compact unit.\" \/>\n<meta property=\"og:url\" content=\"https:\/\/www.ghostysky.com\/es\/producto-2\/geosun-gcollector-m302\/\" \/>\n<meta property=\"og:site_name\" content=\"Ghostysky\" \/>\n<meta property=\"article:publisher\" content=\"https:\/\/www.facebook.com\/people\/Ghostysky\/100057676170234\/\" \/>\n<meta property=\"article:modified_time\" content=\"2026-05-08T17:23:16+00:00\" \/>\n<meta property=\"og:image\" content=\"https:\/\/www.ghostysky.com\/wp-content\/uploads\/2026\/05\/GH_Geosun_gCollector-M302.webp\" \/>\n\t<meta property=\"og:image:width\" content=\"400\" \/>\n\t<meta property=\"og:image:height\" content=\"400\" \/>\n\t<meta property=\"og:image:type\" content=\"image\/webp\" \/>\n<meta name=\"twitter:card\" content=\"summary_large_image\" \/>\n<meta name=\"twitter:site\" content=\"@Gh0stysky\" \/>\n<meta name=\"twitter:label1\" content=\"Tiempo de lectura\" \/>\n\t<meta name=\"twitter:data1\" content=\"2 minutos\" \/>\n<script type=\"application\/ld+json\" class=\"yoast-schema-graph\">{\"@context\":\"https:\\\/\\\/schema.org\",\"@graph\":[{\"@type\":\"WebPage\",\"@id\":\"https:\\\/\\\/www.ghostysky.com\\\/product\\\/geosun-gcollector-m302\\\/\",\"url\":\"https:\\\/\\\/www.ghostysky.com\\\/product\\\/geosun-gcollector-m302\\\/\",\"name\":\"Geosun gCollector-M302 - Ghostysky\",\"isPartOf\":{\"@id\":\"https:\\\/\\\/www.ghostysky.com\\\/#website\"},\"primaryImageOfPage\":{\"@id\":\"https:\\\/\\\/www.ghostysky.com\\\/product\\\/geosun-gcollector-m302\\\/#primaryimage\"},\"image\":{\"@id\":\"https:\\\/\\\/www.ghostysky.com\\\/product\\\/geosun-gcollector-m302\\\/#primaryimage\"},\"thumbnailUrl\":\"https:\\\/\\\/www.ghostysky.com\\\/wp-content\\\/uploads\\\/2026\\\/05\\\/GH_Geosun_gCollector-M302.webp\",\"datePublished\":\"2026-05-08T16:11:01+00:00\",\"dateModified\":\"2026-05-08T17:23:16+00:00\",\"description\":\"The Geosun gCollector-M302 is a professional-grade, multi-platform mobile LiDAR scanning system designed for high-efficiency geospatial data acquisition. Engineered to bridge the gap between portability and power, the M302 integrates high-resolution laser scanning, precise positioning, and imaging capabilities into a single, compact unit.\",\"breadcrumb\":{\"@id\":\"https:\\\/\\\/www.ghostysky.com\\\/product\\\/geosun-gcollector-m302\\\/#breadcrumb\"},\"inLanguage\":\"es\",\"potentialAction\":[{\"@type\":\"ReadAction\",\"target\":[\"https:\\\/\\\/www.ghostysky.com\\\/product\\\/geosun-gcollector-m302\\\/\"]}]},{\"@type\":\"ImageObject\",\"inLanguage\":\"es\",\"@id\":\"https:\\\/\\\/www.ghostysky.com\\\/product\\\/geosun-gcollector-m302\\\/#primaryimage\",\"url\":\"https:\\\/\\\/www.ghostysky.com\\\/wp-content\\\/uploads\\\/2026\\\/05\\\/GH_Geosun_gCollector-M302.webp\",\"contentUrl\":\"https:\\\/\\\/www.ghostysky.com\\\/wp-content\\\/uploads\\\/2026\\\/05\\\/GH_Geosun_gCollector-M302.webp\",\"width\":400,\"height\":400},{\"@type\":\"BreadcrumbList\",\"@id\":\"https:\\\/\\\/www.ghostysky.com\\\/product\\\/geosun-gcollector-m302\\\/#breadcrumb\",\"itemListElement\":[{\"@type\":\"ListItem\",\"position\":1,\"name\":\"Home\",\"item\":\"https:\\\/\\\/www.ghostysky.com\\\/\"},{\"@type\":\"ListItem\",\"position\":2,\"name\":\"Shop\",\"item\":\"https:\\\/\\\/www.ghostysky.com\\\/shop\\\/\"},{\"@type\":\"ListItem\",\"position\":3,\"name\":\"Geosun gCollector-M302\"}]},{\"@type\":\"WebSite\",\"@id\":\"https:\\\/\\\/www.ghostysky.com\\\/#website\",\"url\":\"https:\\\/\\\/www.ghostysky.com\\\/\",\"name\":\"Ghostysky\",\"description\":\"Delivering professional drones and robotics solutions\",\"publisher\":{\"@id\":\"https:\\\/\\\/www.ghostysky.com\\\/#organization\"},\"potentialAction\":[{\"@type\":\"SearchAction\",\"target\":{\"@type\":\"EntryPoint\",\"urlTemplate\":\"https:\\\/\\\/www.ghostysky.com\\\/?s={search_term_string}\"},\"query-input\":{\"@type\":\"PropertyValueSpecification\",\"valueRequired\":true,\"valueName\":\"search_term_string\"}}],\"inLanguage\":\"es\"},{\"@type\":\"Organization\",\"@id\":\"https:\\\/\\\/www.ghostysky.com\\\/#organization\",\"name\":\"Ghostysky\",\"url\":\"https:\\\/\\\/www.ghostysky.com\\\/\",\"logo\":{\"@type\":\"ImageObject\",\"inLanguage\":\"es\",\"@id\":\"https:\\\/\\\/www.ghostysky.com\\\/#\\\/schema\\\/logo\\\/image\\\/\",\"url\":\"https:\\\/\\\/www.ghostysky.com\\\/wp-content\\\/uploads\\\/2020\\\/06\\\/cropped-ghostyskylogo_text_white2.png\",\"contentUrl\":\"https:\\\/\\\/www.ghostysky.com\\\/wp-content\\\/uploads\\\/2020\\\/06\\\/cropped-ghostyskylogo_text_white2.png\",\"width\":169,\"height\":56,\"caption\":\"Ghostysky\"},\"image\":{\"@id\":\"https:\\\/\\\/www.ghostysky.com\\\/#\\\/schema\\\/logo\\\/image\\\/\"},\"sameAs\":[\"https:\\\/\\\/www.facebook.com\\\/people\\\/Ghostysky\\\/100057676170234\\\/\",\"https:\\\/\\\/x.com\\\/Gh0stysky\",\"https:\\\/\\\/www.linkedin.com\\\/company\\\/34739653\",\"https:\\\/\\\/www.instagram.com\\\/gh0stysky\"]}]}<\/script>\n<!-- \/ Yoast SEO plugin. -->","yoast_head_json":{"title":"Geosun gCollector-M302 - Ghostysky","description":"El Geosun gCollector-M302 es un sistema de escaneo LiDAR m\u00f3vil multiplataforma de calidad profesional, dise\u00f1ado para la adquisici\u00f3n de datos geoespaciales de alta eficiencia. Dise\u00f1ado para combinar portabilidad y potencia, el M302 integra escaneo l\u00e1ser de alta resoluci\u00f3n, posicionamiento preciso y capacidades de imagen en una sola unidad compacta.","robots":{"index":"index","follow":"follow","max-snippet":"max-snippet:-1","max-image-preview":"max-image-preview:large","max-video-preview":"max-video-preview:-1"},"canonical":"https:\/\/www.ghostysky.com\/es\/producto-2\/geosun-gcollector-m302\/","og_locale":"es_ES","og_type":"article","og_title":"Geosun gCollector-M302 - Ghostysky","og_description":"The Geosun gCollector-M302 is a professional-grade, multi-platform mobile LiDAR scanning system designed for high-efficiency geospatial data acquisition. Engineered to bridge the gap between portability and power, the M302 integrates high-resolution laser scanning, precise positioning, and imaging capabilities into a single, compact unit.","og_url":"https:\/\/www.ghostysky.com\/es\/producto-2\/geosun-gcollector-m302\/","og_site_name":"Ghostysky","article_publisher":"https:\/\/www.facebook.com\/people\/Ghostysky\/100057676170234\/","article_modified_time":"2026-05-08T17:23:16+00:00","og_image":[{"width":400,"height":400,"url":"https:\/\/www.ghostysky.com\/wp-content\/uploads\/2026\/05\/GH_Geosun_gCollector-M302.webp","type":"image\/webp"}],"twitter_card":"summary_large_image","twitter_site":"@Gh0stysky","twitter_misc":{"Tiempo de lectura":"2 minutos"},"schema":{"@context":"https:\/\/schema.org","@graph":[{"@type":"WebPage","@id":"https:\/\/www.ghostysky.com\/product\/geosun-gcollector-m302\/","url":"https:\/\/www.ghostysky.com\/product\/geosun-gcollector-m302\/","name":"Geosun gCollector-M302 - Ghostysky","isPartOf":{"@id":"https:\/\/www.ghostysky.com\/#website"},"primaryImageOfPage":{"@id":"https:\/\/www.ghostysky.com\/product\/geosun-gcollector-m302\/#primaryimage"},"image":{"@id":"https:\/\/www.ghostysky.com\/product\/geosun-gcollector-m302\/#primaryimage"},"thumbnailUrl":"https:\/\/www.ghostysky.com\/wp-content\/uploads\/2026\/05\/GH_Geosun_gCollector-M302.webp","datePublished":"2026-05-08T16:11:01+00:00","dateModified":"2026-05-08T17:23:16+00:00","description":"El Geosun gCollector-M302 es un sistema de escaneo LiDAR m\u00f3vil multiplataforma de calidad profesional, dise\u00f1ado para la adquisici\u00f3n de datos geoespaciales de alta eficiencia. Dise\u00f1ado para combinar portabilidad y potencia, el M302 integra escaneo l\u00e1ser de alta resoluci\u00f3n, posicionamiento preciso y capacidades de imagen en una sola unidad compacta.","breadcrumb":{"@id":"https:\/\/www.ghostysky.com\/product\/geosun-gcollector-m302\/#breadcrumb"},"inLanguage":"es","potentialAction":[{"@type":"ReadAction","target":["https:\/\/www.ghostysky.com\/product\/geosun-gcollector-m302\/"]}]},{"@type":"ImageObject","inLanguage":"es","@id":"https:\/\/www.ghostysky.com\/product\/geosun-gcollector-m302\/#primaryimage","url":"https:\/\/www.ghostysky.com\/wp-content\/uploads\/2026\/05\/GH_Geosun_gCollector-M302.webp","contentUrl":"https:\/\/www.ghostysky.com\/wp-content\/uploads\/2026\/05\/GH_Geosun_gCollector-M302.webp","width":400,"height":400},{"@type":"BreadcrumbList","@id":"https:\/\/www.ghostysky.com\/product\/geosun-gcollector-m302\/#breadcrumb","itemListElement":[{"@type":"ListItem","position":1,"name":"Home","item":"https:\/\/www.ghostysky.com\/"},{"@type":"ListItem","position":2,"name":"Shop","item":"https:\/\/www.ghostysky.com\/shop\/"},{"@type":"ListItem","position":3,"name":"Geosun gCollector-M302"}]},{"@type":"WebSite","@id":"https:\/\/www.ghostysky.com\/#website","url":"https:\/\/www.ghostysky.com\/","name":"Ghostysky","description":"Ofrecemos soluciones profesionales de drones y rob\u00f3tica.","publisher":{"@id":"https:\/\/www.ghostysky.com\/#organization"},"potentialAction":[{"@type":"SearchAction","target":{"@type":"EntryPoint","urlTemplate":"https:\/\/www.ghostysky.com\/?s={search_term_string}"},"query-input":{"@type":"PropertyValueSpecification","valueRequired":true,"valueName":"search_term_string"}}],"inLanguage":"es"},{"@type":"Organization","@id":"https:\/\/www.ghostysky.com\/#organization","name":"Ghostysky","url":"https:\/\/www.ghostysky.com\/","logo":{"@type":"ImageObject","inLanguage":"es","@id":"https:\/\/www.ghostysky.com\/#\/schema\/logo\/image\/","url":"https:\/\/www.ghostysky.com\/wp-content\/uploads\/2020\/06\/cropped-ghostyskylogo_text_white2.png","contentUrl":"https:\/\/www.ghostysky.com\/wp-content\/uploads\/2020\/06\/cropped-ghostyskylogo_text_white2.png","width":169,"height":56,"caption":"Ghostysky"},"image":{"@id":"https:\/\/www.ghostysky.com\/#\/schema\/logo\/image\/"},"sameAs":["https:\/\/www.facebook.com\/people\/Ghostysky\/100057676170234\/","https:\/\/x.com\/Gh0stysky","https:\/\/www.linkedin.com\/company\/34739653","https:\/\/www.instagram.com\/gh0stysky"]}]}},"_links":{"self":[{"href":"https:\/\/www.ghostysky.com\/es\/wp-json\/wp\/v2\/product\/26061","targetHints":{"allow":["GET"]}}],"collection":[{"href":"https:\/\/www.ghostysky.com\/es\/wp-json\/wp\/v2\/product"}],"about":[{"href":"https:\/\/www.ghostysky.com\/es\/wp-json\/wp\/v2\/types\/product"}],"replies":[{"embeddable":true,"href":"https:\/\/www.ghostysky.com\/es\/wp-json\/wp\/v2\/comments?post=26061"}],"version-history":[{"count":2,"href":"https:\/\/www.ghostysky.com\/es\/wp-json\/wp\/v2\/product\/26061\/revisions"}],"predecessor-version":[{"id":26065,"href":"https:\/\/www.ghostysky.com\/es\/wp-json\/wp\/v2\/product\/26061\/revisions\/26065"}],"wp:featuredmedia":[{"embeddable":true,"href":"https:\/\/www.ghostysky.com\/es\/wp-json\/wp\/v2\/media\/26062"}],"wp:attachment":[{"href":"https:\/\/www.ghostysky.com\/es\/wp-json\/wp\/v2\/media?parent=26061"}],"wp:term":[{"taxonomy":"product_brand","embeddable":true,"href":"https:\/\/www.ghostysky.com\/es\/wp-json\/wp\/v2\/product_brand?post=26061"},{"taxonomy":"product_cat","embeddable":true,"href":"https:\/\/www.ghostysky.com\/es\/wp-json\/wp\/v2\/product_cat?post=26061"},{"taxonomy":"product_tag","embeddable":true,"href":"https:\/\/www.ghostysky.com\/es\/wp-json\/wp\/v2\/product_tag?post=26061"}],"curies":[{"name":"wp","href":"https:\/\/api.w.org\/{rel}","templated":true}]}}