{"id":26063,"date":"2026-05-08T17:23:06","date_gmt":"2026-05-08T17:23:06","guid":{"rendered":"https:\/\/www.ghostysky.com\/?post_type=product&#038;p=26063"},"modified":"2026-05-08T17:30:12","modified_gmt":"2026-05-08T17:30:12","slug":"geosun-gcollector-m502","status":"publish","type":"product","link":"https:\/\/www.ghostysky.com\/es\/product\/geosun-gcollector-m502\/","title":{"rendered":"Geosun gCollector-M502"},"content":{"rendered":"<h3 data-path-to-node=\"3\">Capacidades b\u00e1sicas<\/h3>\n<ul data-path-to-node=\"4\">\n<li>\n<p id=\"p-rc_a2ba315b96ab76cb-55\" data-path-to-node=\"4,0,0\"><b data-path-to-node=\"4,0,0\" data-index-in-node=\"0\"><span class=\"citation-61\">Precisi\u00f3n a nivel de cent\u00edmetros:<\/span><\/b><span class=\"citation-61\"> Al combinar GNSS, IMU y sensores de rueda (od\u00f3metros), el sistema mantiene una precisi\u00f3n horizontal de <\/span><b data-path-to-node=\"4,0,0\" data-index-in-node=\"127\"><span class=\"citation-61\">0,02 m<\/span><\/b><span class=\"citation-61\"> y precisi\u00f3n vertical de <\/span><b data-path-to-node=\"4,0,0\" data-index-in-node=\"158\"><span class=\"citation-61\">0,03 m<\/span><\/b><span class=\"citation-61 citation-end-61\">, incluso en los desafiantes \u201cca\u00f1ones\u201d urbanos.\u201d<\/span><\/p>\n<\/li>\n<li>\n<p id=\"p-rc_a2ba315b96ab76cb-56\" data-path-to-node=\"4,1,0\"><b data-path-to-node=\"4,1,0\" data-index-in-node=\"0\">Visi\u00f3n y escaneo de 360\u00b0:<\/b><span class=\"citation-60 citation-end-60\"> Incorpora un sistema de c\u00e1mara panor\u00e1mica de calidad topogr\u00e1fica (normalmente de 7\u00d75 MP) y una unidad LiDAR con un campo de visi\u00f3n horizontal de 360\u00b0, lo que garantiza que no haya puntos ciegos durante la recopilaci\u00f3n de datos.<\/span><\/p>\n<\/li>\n<li>\n<p id=\"p-rc_a2ba315b96ab76cb-57\" data-path-to-node=\"4,2,0\"><b data-path-to-node=\"4,2,0\" data-index-in-node=\"0\">Rendimiento denegado por GNSS:<\/b><span class=\"citation-59\"> Utiliza <\/span><b data-path-to-node=\"4,2,0\" data-index-in-node=\"37\"><span class=\"citation-59\">SLAM (Localizaci\u00f3n y mapeo simult\u00e1neos)<\/span><\/b><span class=\"citation-59 citation-end-59\"> Tecnolog\u00eda y algoritmos inteligentes para continuar recopilando datos precisos en t\u00faneles, garajes subterr\u00e1neos o bajo una densa cubierta arb\u00f3rea.<\/span><\/p>\n<\/li>\n<li>\n<p id=\"p-rc_a2ba315b96ab76cb-58\" data-path-to-node=\"4,3,0\"><b data-path-to-node=\"4,3,0\" data-index-in-node=\"0\">Potencia de procesamiento de alta gama:<\/b><span class=\"citation-58\"> A diferencia de muchas unidades de nivel b\u00e1sico, lleva un sistema integrado. <\/span><b data-path-to-node=\"4,3,0\" data-index-in-node=\"80\"><span class=\"citation-58\">Intel i9 de 13.\u00aa generaci\u00f3n<\/span><\/b><span class=\"citation-58\"> procesador y admite GPU de gama alta (como la <\/span><b data-path-to-node=\"4,3,0\" data-index-in-node=\"145\"><span class=\"citation-58\">RTX 4090<\/span><\/b><span class=\"citation-58 citation-end-58\">) para el manejo de datos en tiempo real.<\/span><\/p>\n<div class=\"source-inline-chip-container ng-star-inserted\"><\/div>\n<p>&nbsp;<\/li>\n<\/ul>\n<h3 data-path-to-node=\"6\">Especificaciones t\u00e9cnicas<\/h3>\n<table class=\"pd-spec-table\">\n<tbody>\n<tr>\n<th>Componente<\/th>\n<th>Especificaci\u00f3n<\/th>\n<\/tr>\n<tr>\n<td><strong>Par\u00e1metros de gCollector<\/strong><\/td>\n<td><\/td>\n<\/tr>\n<tr>\n<td>CPU\/RAM<\/td>\n<td>13.\u00aa generaci\u00f3n Intel i9 \/ 96 GB DDR5<\/td>\n<\/tr>\n<tr>\n<td>Unidad de procesamiento<\/td>\n<td>Soporte m\u00e1ximo para Nvidia RTX 4090<\/td>\n<\/tr>\n<tr>\n<td>Interfaz de la c\u00e1mara<\/td>\n<td>Soporte m\u00e1ximo para 16 * 8MP GMSL<\/td>\n<\/tr>\n<tr>\n<td>Interfaz LiDAR<\/td>\n<td>M\u00e1ximo 10 v\u00edas, 1000 Mbps<\/td>\n<\/tr>\n<tr>\n<td>Puerto serie<\/td>\n<td>RS232\/422\/485 de 2 v\u00edas<\/td>\n<\/tr>\n<tr>\n<td>CAN\/CANfd<\/td>\n<td>8 v\u00edas, 8 Mbps<\/td>\n<\/tr>\n<tr>\n<td>USB<\/td>\n<td>USB 3.2 de 6 v\u00edas<\/td>\n<\/tr>\n<tr>\n<td><strong>Unidad LiDAR<\/strong><\/td>\n<td><\/td>\n<\/tr>\n<tr>\n<td>Rango de medici\u00f3n<\/td>\n<td>Alcance m\u00e1ximo de detecci\u00f3n: 300 m<\/td>\n<\/tr>\n<tr>\n<td>Precisi\u00f3n del rango<\/td>\n<td>1 cm<\/td>\n<\/tr>\n<tr>\n<td>Clase de l\u00e1ser<\/td>\n<td>950 nm Clase 1 (IEC 60825-1:2014)<\/td>\n<\/tr>\n<tr>\n<td>Devolver<\/td>\n<td>3 Ecos<\/td>\n<\/tr>\n<tr>\n<td>Velocidad de datos<\/td>\n<td>1.920.000,00 puntos\/s<\/td>\n<\/tr>\n<tr>\n<td>campo de visi\u00f3n<\/td>\n<td>360\u00b0\/40,3\u00b0<\/td>\n<\/tr>\n<tr>\n<td><strong>Unidad POS<\/strong><\/td>\n<td><\/td>\n<\/tr>\n<tr>\n<td>Frecuencia de actualizaci\u00f3n<\/td>\n<td>200Hz<\/td>\n<\/tr>\n<tr>\n<td>Liderear Punteria<\/td>\n<td>0,008\u00b0<\/td>\n<\/tr>\n<tr>\n<td>Precisi\u00f3n de tono<\/td>\n<td>0,003\u00b0<\/td>\n<\/tr>\n<tr>\n<td>Precisi\u00f3n de rodadura<\/td>\n<td>0,003\u00b0<\/td>\n<\/tr>\n<tr>\n<td>Precisi\u00f3n de posici\u00f3n<\/td>\n<td>Horizontal: 0,02 m, Vertical: 0,03 m<\/td>\n<\/tr>\n<tr>\n<td>Tipo de se\u00f1al GNSS<\/td>\n<td>GPS L1\/L2\/L5, GLONASS L1\/L2, BDS B1\/B2\/B3, GAL E1\/E5a\/E5b<\/td>\n<\/tr>\n<tr>\n<td>Modelo<\/td>\n<td>gSpin 510<\/td>\n<\/tr>\n<tr>\n<td><strong>C\u00e1mara<\/strong><\/td>\n<td><\/td>\n<\/tr>\n<tr>\n<td>P\u00edxel efectivo<\/td>\n<td>7* 5 Megap\u00edxeles<\/td>\n<\/tr>\n<tr>\n<td>Tiempo de exposici\u00f3n<\/td>\n<td>25 \u03bcs ~ 2,5 s<\/td>\n<\/tr>\n<tr>\n<td>Velocidad m\u00e1xima de fotogramas<\/td>\n<td>30 fps<\/td>\n<\/tr>\n<\/tbody>\n<\/table>\n<p>&nbsp;<\/p>\n<p>&nbsp;<\/p>\n<h3 data-path-to-node=\"9\">Aplicaciones t\u00edpicas<\/h3>\n<p data-path-to-node=\"10\">La M502 est\u00e1 dise\u00f1ada para proyectos a escala industrial donde la velocidad y la precisi\u00f3n son imprescindibles:<\/p>\n<ol start=\"1\" data-path-to-node=\"11\">\n<li>\n<p data-path-to-node=\"11,0,0\"><b data-path-to-node=\"11,0,0\" data-index-in-node=\"0\">Modelado 3D urbano:<\/b> Creaci\u00f3n de r\u00e9plicas digitales de alta fidelidad de manzanas enteras de la ciudad.<\/p>\n<\/li>\n<li>\n<p id=\"p-rc_a2ba315b96ab76cb-59\" data-path-to-node=\"11,1,0\"><b data-path-to-node=\"11,1,0\" data-index-in-node=\"0\"><span class=\"citation-57\">Censo de activos viales:<\/span><\/b><span class=\"citation-57 citation-end-57\"> Identificaci\u00f3n y mapeo autom\u00e1ticos de se\u00f1ales de tr\u00e1fico, farolas y tapas de alcantarilla.<\/span><\/p>\n<\/li>\n<li>\n<p id=\"p-rc_a2ba315b96ab76cb-60\" data-path-to-node=\"11,2,0\"><b data-path-to-node=\"11,2,0\" data-index-in-node=\"0\"><span class=\"citation-56\">Inspecci\u00f3n de carreteras y ferrocarriles:<\/span><\/b><span class=\"citation-56 citation-end-56\"> Supervisar el estado de las v\u00edas\/carreteras y detectar deformaciones o necesidades de mantenimiento.<\/span><\/p>\n<\/li>\n<li>\n<p data-path-to-node=\"11,3,0\"><b data-path-to-node=\"11,3,0\" data-index-in-node=\"0\">Evaluaci\u00f3n de infraestructura:<\/b> Inspecciones de alta velocidad de puentes, t\u00faneles y grandes infraestructuras de servicios p\u00fablicos.<\/p>\n<\/li>\n<\/ol>\n<p>&nbsp;<\/p>\n<h3 data-path-to-node=\"12\">Flujo de trabajo del software<\/h3>\n<p data-path-to-node=\"13\">El sistema viene acompa\u00f1ado del paquete de software propietario de Geosun:<\/p>\n<ul data-path-to-node=\"14\">\n<li>\n<p id=\"p-rc_a2ba315b96ab76cb-61\" data-path-to-node=\"14,0,0\"><b data-path-to-node=\"14,0,0\" data-index-in-node=\"0\">Software de punto de venta:<\/b><span class=\"citation-55 citation-end-55\"> Para calcular trayectorias y actitudes precisas.<\/span><\/p>\n<\/li>\n<li>\n<p id=\"p-rc_a2ba315b96ab76cb-62\" data-path-to-node=\"14,1,0\"><b data-path-to-node=\"14,1,0\" data-index-in-node=\"0\">Creador de nubes de puntos:<\/b><span class=\"citation-54\"> Para generar y colorear las nubes de puntos sin procesar (que admiten formatos est\u00e1ndar como <\/span><b data-path-to-node=\"14,1,0\" data-index-in-node=\"104\"><span class=\"citation-54\">.LAS<\/span><\/b><span class=\"citation-54 citation-end-54\">).<\/span><\/p>\n<\/li>\n<\/ul>","protected":false},"excerpt":{"rendered":"<p><span class=\"citation-63\">El <\/span><b data-path-to-node=\"0\" data-index-in-node=\"4\"><span class=\"citation-63\">Geosun gCollector-M502<\/span><\/b><span class=\"citation-63 citation-end-63\"> Es un sistema m\u00f3vil de captura de realidad de calidad profesional, dise\u00f1ado para la cartograf\u00eda urbana y de carreteras de alta precisi\u00f3n.<\/span> <span class=\"citation-62 citation-end-62\">Se trata de un potente sistema &quot;ubicado en la parte superior del veh\u00edculo&quot; que integra LiDAR de alta gama, im\u00e1genes panor\u00e1micas y sensores de posicionamiento avanzados en una \u00fanica unidad montada sobre el veh\u00edculo.<\/span><\/p>","protected":false},"featured_media":26066,"comment_status":"open","ping_status":"closed","template":"","meta":[],"product_brand":[],"product_cat":[650,705],"product_tag":[651,1451,401],"class_list":{"0":"post-26063","1":"product","2":"type-product","3":"status-publish","4":"has-post-thumbnail","6":"product_cat-geosun","7":"product_cat-sensors","8":"product_tag-geosun","9":"product_tag-gs-2000r","10":"product_tag-lidar","12":"first","13":"onbackorder","14":"taxable","15":"shipping-taxable","16":"product-type-simple"},"yoast_head":"<!-- This site is optimized with the Yoast SEO plugin v27.4 - https:\/\/yoast.com\/product\/yoast-seo-wordpress\/ -->\n<title>Geosun gCollector-M502 - Ghostysky<\/title>\n<meta name=\"description\" content=\"The Geosun gCollector-M502 is a professional-grade, mobile reality capture system designed for high-precision road and urban mapping. It is a &quot;top-of-car&quot; powerhouse that integrates high-end LiDAR, panoramic imaging, and advanced positioning sensors into a single, vehicle-mounted unit.\" \/>\n<meta name=\"robots\" content=\"index, follow, max-snippet:-1, max-image-preview:large, max-video-preview:-1\" \/>\n<link rel=\"canonical\" href=\"https:\/\/www.ghostysky.com\/es\/producto-2\/geosun-gcollector-m502\/\" \/>\n<meta property=\"og:locale\" content=\"es_ES\" \/>\n<meta property=\"og:type\" content=\"article\" \/>\n<meta property=\"og:title\" content=\"Geosun gCollector-M502 - Ghostysky\" \/>\n<meta property=\"og:description\" content=\"The Geosun gCollector-M502 is a professional-grade, mobile reality capture system designed for high-precision road and urban mapping. It is a &quot;top-of-car&quot; powerhouse that integrates high-end LiDAR, panoramic imaging, and advanced positioning sensors into a single, vehicle-mounted unit.\" \/>\n<meta property=\"og:url\" content=\"https:\/\/www.ghostysky.com\/es\/producto-2\/geosun-gcollector-m502\/\" \/>\n<meta property=\"og:site_name\" content=\"Ghostysky\" \/>\n<meta property=\"article:publisher\" content=\"https:\/\/www.facebook.com\/people\/Ghostysky\/100057676170234\/\" \/>\n<meta property=\"article:modified_time\" content=\"2026-05-08T17:30:12+00:00\" \/>\n<meta property=\"og:image\" content=\"https:\/\/www.ghostysky.com\/wp-content\/uploads\/2026\/05\/GH_Geosun_gCollector-M502.webp\" \/>\n\t<meta property=\"og:image:width\" content=\"400\" \/>\n\t<meta property=\"og:image:height\" content=\"400\" \/>\n\t<meta property=\"og:image:type\" content=\"image\/webp\" \/>\n<meta name=\"twitter:card\" content=\"summary_large_image\" \/>\n<meta name=\"twitter:site\" content=\"@Gh0stysky\" \/>\n<meta name=\"twitter:label1\" content=\"Tiempo de lectura\" \/>\n\t<meta name=\"twitter:data1\" content=\"2 minutos\" \/>\n<script type=\"application\/ld+json\" class=\"yoast-schema-graph\">{\"@context\":\"https:\\\/\\\/schema.org\",\"@graph\":[{\"@type\":\"WebPage\",\"@id\":\"https:\\\/\\\/www.ghostysky.com\\\/product\\\/geosun-gcollector-m502\\\/\",\"url\":\"https:\\\/\\\/www.ghostysky.com\\\/product\\\/geosun-gcollector-m502\\\/\",\"name\":\"Geosun gCollector-M502 - Ghostysky\",\"isPartOf\":{\"@id\":\"https:\\\/\\\/www.ghostysky.com\\\/#website\"},\"primaryImageOfPage\":{\"@id\":\"https:\\\/\\\/www.ghostysky.com\\\/product\\\/geosun-gcollector-m502\\\/#primaryimage\"},\"image\":{\"@id\":\"https:\\\/\\\/www.ghostysky.com\\\/product\\\/geosun-gcollector-m502\\\/#primaryimage\"},\"thumbnailUrl\":\"https:\\\/\\\/www.ghostysky.com\\\/wp-content\\\/uploads\\\/2026\\\/05\\\/GH_Geosun_gCollector-M502.webp\",\"datePublished\":\"2026-05-08T17:23:06+00:00\",\"dateModified\":\"2026-05-08T17:30:12+00:00\",\"description\":\"The Geosun gCollector-M502 is a professional-grade, mobile reality capture system designed for high-precision road and urban mapping. It is a \\\"top-of-car\\\" powerhouse that integrates high-end LiDAR, panoramic imaging, and advanced positioning sensors into a single, vehicle-mounted unit.\",\"breadcrumb\":{\"@id\":\"https:\\\/\\\/www.ghostysky.com\\\/product\\\/geosun-gcollector-m502\\\/#breadcrumb\"},\"inLanguage\":\"es\",\"potentialAction\":[{\"@type\":\"ReadAction\",\"target\":[\"https:\\\/\\\/www.ghostysky.com\\\/product\\\/geosun-gcollector-m502\\\/\"]}]},{\"@type\":\"ImageObject\",\"inLanguage\":\"es\",\"@id\":\"https:\\\/\\\/www.ghostysky.com\\\/product\\\/geosun-gcollector-m502\\\/#primaryimage\",\"url\":\"https:\\\/\\\/www.ghostysky.com\\\/wp-content\\\/uploads\\\/2026\\\/05\\\/GH_Geosun_gCollector-M502.webp\",\"contentUrl\":\"https:\\\/\\\/www.ghostysky.com\\\/wp-content\\\/uploads\\\/2026\\\/05\\\/GH_Geosun_gCollector-M502.webp\",\"width\":400,\"height\":400},{\"@type\":\"BreadcrumbList\",\"@id\":\"https:\\\/\\\/www.ghostysky.com\\\/product\\\/geosun-gcollector-m502\\\/#breadcrumb\",\"itemListElement\":[{\"@type\":\"ListItem\",\"position\":1,\"name\":\"Home\",\"item\":\"https:\\\/\\\/www.ghostysky.com\\\/\"},{\"@type\":\"ListItem\",\"position\":2,\"name\":\"Shop\",\"item\":\"https:\\\/\\\/www.ghostysky.com\\\/shop\\\/\"},{\"@type\":\"ListItem\",\"position\":3,\"name\":\"Geosun gCollector-M502\"}]},{\"@type\":\"WebSite\",\"@id\":\"https:\\\/\\\/www.ghostysky.com\\\/#website\",\"url\":\"https:\\\/\\\/www.ghostysky.com\\\/\",\"name\":\"Ghostysky\",\"description\":\"Delivering professional drones and robotics solutions\",\"publisher\":{\"@id\":\"https:\\\/\\\/www.ghostysky.com\\\/#organization\"},\"potentialAction\":[{\"@type\":\"SearchAction\",\"target\":{\"@type\":\"EntryPoint\",\"urlTemplate\":\"https:\\\/\\\/www.ghostysky.com\\\/?s={search_term_string}\"},\"query-input\":{\"@type\":\"PropertyValueSpecification\",\"valueRequired\":true,\"valueName\":\"search_term_string\"}}],\"inLanguage\":\"es\"},{\"@type\":\"Organization\",\"@id\":\"https:\\\/\\\/www.ghostysky.com\\\/#organization\",\"name\":\"Ghostysky\",\"url\":\"https:\\\/\\\/www.ghostysky.com\\\/\",\"logo\":{\"@type\":\"ImageObject\",\"inLanguage\":\"es\",\"@id\":\"https:\\\/\\\/www.ghostysky.com\\\/#\\\/schema\\\/logo\\\/image\\\/\",\"url\":\"https:\\\/\\\/www.ghostysky.com\\\/wp-content\\\/uploads\\\/2020\\\/06\\\/cropped-ghostyskylogo_text_white2.png\",\"contentUrl\":\"https:\\\/\\\/www.ghostysky.com\\\/wp-content\\\/uploads\\\/2020\\\/06\\\/cropped-ghostyskylogo_text_white2.png\",\"width\":169,\"height\":56,\"caption\":\"Ghostysky\"},\"image\":{\"@id\":\"https:\\\/\\\/www.ghostysky.com\\\/#\\\/schema\\\/logo\\\/image\\\/\"},\"sameAs\":[\"https:\\\/\\\/www.facebook.com\\\/people\\\/Ghostysky\\\/100057676170234\\\/\",\"https:\\\/\\\/x.com\\\/Gh0stysky\",\"https:\\\/\\\/www.linkedin.com\\\/company\\\/34739653\",\"https:\\\/\\\/www.instagram.com\\\/gh0stysky\"]}]}<\/script>\n<!-- \/ Yoast SEO plugin. -->","yoast_head_json":{"title":"Geosun gCollector-M502 - Ghostysky","description":"El Geosun gCollector-M502 es un sistema m\u00f3vil de captura de realidad de calidad profesional dise\u00f1ado para el mapeo urbano y vial de alta precisi\u00f3n. Se trata de un potente sistema que se instala sobre el veh\u00edculo e integra LiDAR de alta gama, im\u00e1genes panor\u00e1micas y sensores de posicionamiento avanzados en una sola unidad montada en el veh\u00edculo.","robots":{"index":"index","follow":"follow","max-snippet":"max-snippet:-1","max-image-preview":"max-image-preview:large","max-video-preview":"max-video-preview:-1"},"canonical":"https:\/\/www.ghostysky.com\/es\/producto-2\/geosun-gcollector-m502\/","og_locale":"es_ES","og_type":"article","og_title":"Geosun gCollector-M502 - Ghostysky","og_description":"The Geosun gCollector-M502 is a professional-grade, mobile reality capture system designed for high-precision road and urban mapping. It is a \"top-of-car\" powerhouse that integrates high-end LiDAR, panoramic imaging, and advanced positioning sensors into a single, vehicle-mounted unit.","og_url":"https:\/\/www.ghostysky.com\/es\/producto-2\/geosun-gcollector-m502\/","og_site_name":"Ghostysky","article_publisher":"https:\/\/www.facebook.com\/people\/Ghostysky\/100057676170234\/","article_modified_time":"2026-05-08T17:30:12+00:00","og_image":[{"width":400,"height":400,"url":"https:\/\/www.ghostysky.com\/wp-content\/uploads\/2026\/05\/GH_Geosun_gCollector-M502.webp","type":"image\/webp"}],"twitter_card":"summary_large_image","twitter_site":"@Gh0stysky","twitter_misc":{"Tiempo de lectura":"2 minutos"},"schema":{"@context":"https:\/\/schema.org","@graph":[{"@type":"WebPage","@id":"https:\/\/www.ghostysky.com\/product\/geosun-gcollector-m502\/","url":"https:\/\/www.ghostysky.com\/product\/geosun-gcollector-m502\/","name":"Geosun gCollector-M502 - Ghostysky","isPartOf":{"@id":"https:\/\/www.ghostysky.com\/#website"},"primaryImageOfPage":{"@id":"https:\/\/www.ghostysky.com\/product\/geosun-gcollector-m502\/#primaryimage"},"image":{"@id":"https:\/\/www.ghostysky.com\/product\/geosun-gcollector-m502\/#primaryimage"},"thumbnailUrl":"https:\/\/www.ghostysky.com\/wp-content\/uploads\/2026\/05\/GH_Geosun_gCollector-M502.webp","datePublished":"2026-05-08T17:23:06+00:00","dateModified":"2026-05-08T17:30:12+00:00","description":"El Geosun gCollector-M502 es un sistema m\u00f3vil de captura de realidad de calidad profesional dise\u00f1ado para el mapeo urbano y vial de alta precisi\u00f3n. Se trata de un potente sistema que se instala sobre el veh\u00edculo e integra LiDAR de alta gama, im\u00e1genes panor\u00e1micas y sensores de posicionamiento avanzados en una sola unidad montada en el veh\u00edculo.","breadcrumb":{"@id":"https:\/\/www.ghostysky.com\/product\/geosun-gcollector-m502\/#breadcrumb"},"inLanguage":"es","potentialAction":[{"@type":"ReadAction","target":["https:\/\/www.ghostysky.com\/product\/geosun-gcollector-m502\/"]}]},{"@type":"ImageObject","inLanguage":"es","@id":"https:\/\/www.ghostysky.com\/product\/geosun-gcollector-m502\/#primaryimage","url":"https:\/\/www.ghostysky.com\/wp-content\/uploads\/2026\/05\/GH_Geosun_gCollector-M502.webp","contentUrl":"https:\/\/www.ghostysky.com\/wp-content\/uploads\/2026\/05\/GH_Geosun_gCollector-M502.webp","width":400,"height":400},{"@type":"BreadcrumbList","@id":"https:\/\/www.ghostysky.com\/product\/geosun-gcollector-m502\/#breadcrumb","itemListElement":[{"@type":"ListItem","position":1,"name":"Home","item":"https:\/\/www.ghostysky.com\/"},{"@type":"ListItem","position":2,"name":"Shop","item":"https:\/\/www.ghostysky.com\/shop\/"},{"@type":"ListItem","position":3,"name":"Geosun gCollector-M502"}]},{"@type":"WebSite","@id":"https:\/\/www.ghostysky.com\/#website","url":"https:\/\/www.ghostysky.com\/","name":"Ghostysky","description":"Ofrecemos soluciones profesionales de drones y rob\u00f3tica.","publisher":{"@id":"https:\/\/www.ghostysky.com\/#organization"},"potentialAction":[{"@type":"SearchAction","target":{"@type":"EntryPoint","urlTemplate":"https:\/\/www.ghostysky.com\/?s={search_term_string}"},"query-input":{"@type":"PropertyValueSpecification","valueRequired":true,"valueName":"search_term_string"}}],"inLanguage":"es"},{"@type":"Organization","@id":"https:\/\/www.ghostysky.com\/#organization","name":"Ghostysky","url":"https:\/\/www.ghostysky.com\/","logo":{"@type":"ImageObject","inLanguage":"es","@id":"https:\/\/www.ghostysky.com\/#\/schema\/logo\/image\/","url":"https:\/\/www.ghostysky.com\/wp-content\/uploads\/2020\/06\/cropped-ghostyskylogo_text_white2.png","contentUrl":"https:\/\/www.ghostysky.com\/wp-content\/uploads\/2020\/06\/cropped-ghostyskylogo_text_white2.png","width":169,"height":56,"caption":"Ghostysky"},"image":{"@id":"https:\/\/www.ghostysky.com\/#\/schema\/logo\/image\/"},"sameAs":["https:\/\/www.facebook.com\/people\/Ghostysky\/100057676170234\/","https:\/\/x.com\/Gh0stysky","https:\/\/www.linkedin.com\/company\/34739653","https:\/\/www.instagram.com\/gh0stysky"]}]}},"_links":{"self":[{"href":"https:\/\/www.ghostysky.com\/es\/wp-json\/wp\/v2\/product\/26063","targetHints":{"allow":["GET"]}}],"collection":[{"href":"https:\/\/www.ghostysky.com\/es\/wp-json\/wp\/v2\/product"}],"about":[{"href":"https:\/\/www.ghostysky.com\/es\/wp-json\/wp\/v2\/types\/product"}],"replies":[{"embeddable":true,"href":"https:\/\/www.ghostysky.com\/es\/wp-json\/wp\/v2\/comments?post=26063"}],"version-history":[{"count":1,"href":"https:\/\/www.ghostysky.com\/es\/wp-json\/wp\/v2\/product\/26063\/revisions"}],"predecessor-version":[{"id":26067,"href":"https:\/\/www.ghostysky.com\/es\/wp-json\/wp\/v2\/product\/26063\/revisions\/26067"}],"wp:featuredmedia":[{"embeddable":true,"href":"https:\/\/www.ghostysky.com\/es\/wp-json\/wp\/v2\/media\/26066"}],"wp:attachment":[{"href":"https:\/\/www.ghostysky.com\/es\/wp-json\/wp\/v2\/media?parent=26063"}],"wp:term":[{"taxonomy":"product_brand","embeddable":true,"href":"https:\/\/www.ghostysky.com\/es\/wp-json\/wp\/v2\/product_brand?post=26063"},{"taxonomy":"product_cat","embeddable":true,"href":"https:\/\/www.ghostysky.com\/es\/wp-json\/wp\/v2\/product_cat?post=26063"},{"taxonomy":"product_tag","embeddable":true,"href":"https:\/\/www.ghostysky.com\/es\/wp-json\/wp\/v2\/product_tag?post=26063"}],"curies":[{"name":"wp","href":"https:\/\/api.w.org\/{rel}","templated":true}]}}